{"id":47955,"date":"2020-07-28T00:00:27","date_gmt":"2020-07-27T22:00:27","guid":{"rendered":"https:\/\/bibliotecas.unileon.es\/tULEctura\/?page_id=47955"},"modified":"2020-07-28T18:46:43","modified_gmt":"2020-07-28T16:46:43","slug":"iii-congreso-internacional-figuraciones-de-lo-insolito","status":"publish","type":"page","link":"https:\/\/bibliotecas.unileon.es\/tULEctura\/actividades\/lo-insolito\/iii-congreso-internacional-figuraciones-de-lo-insolito\/","title":{"rendered":"III Congreso Internacional Figuraciones de lo Ins\u00f3lito"},"content":{"rendered":"<p>&nbsp;<\/p>\n<h1 class=\"entry-title\" style=\"text-align: center;\"><span style=\"color: #9c0270;\">EL MONSTRUO EN LAS FICCIONES ESPA\u00d1OLA E HISPANOAMERICANA (1980-2020)<\/span><\/h1>\n<p style=\"text-align: center;\"><span style=\"color: #9c0270;\"><strong>12, 13,<\/strong>\u00a0<strong>14, 15 Y 16 DE OCTUBRE DE 2020<br \/>\nUNIVERSIDAD DE LE\u00d3N<\/strong><\/span><\/p>\n<p style=\"text-align: center;\"><span style=\"color: #9c0270;\"><strong><img loading=\"lazy\" decoding=\"async\" class=\"size-full wp-image-47957 aligncenter\" src=\"https:\/\/bibliotecas.unileon.es\/tULEctura\/files\/2020\/07\/siamese-dream.jpg\" alt=\"\" width=\"1024\" height=\"768\" \/><\/strong><\/span><\/p>\n<p>&nbsp;<\/p>\n<p class=\"has-drop-cap has-text-align-justify has-small-font-size\" style=\"text-align: justify;\">Los responsables del Proyecto de Investigaci\u00f3n I+D del programa estatal de Generaci\u00f3n de Conocimiento ESTRATEGIAS Y FIGURACIONES DE LO INS\u00d3LITO. MANIFESTACIONES DEL MONSTRUO EN LA NARRATIVA EN LENGUA ESPA\u00d1OLA (DE 1980 A LA ACTUALIDAD), PGC2018-093648-B-I00, y del Grupo de Investigaci\u00f3n Reconocido de la Universidad de Le\u00f3n Grupo de Estudios literarios y comparados de lo Ins\u00f3lito y perspectivas de G\u00e9nero (GEIG) invitan a todos los interesados \u2014acad\u00e9micos, expertos e investigadores\u2014 a participar en este encuentro. El congreso se enmarca dentro del \u00e1mbito de los estudios te\u00f3rico-cr\u00edticos y comparados en torno a las manifestaciones del monstruo en las diferentes est\u00e9ticas que integran la ficci\u00f3n no mim\u00e9tica (con especial inter\u00e9s en la narrativa pero abierto al teatro, la poes\u00eda, el cine, la televisi\u00f3n, el c\u00f3mic, el videojuego y otras artes).<\/p>\n<p class=\"has-text-align-justify has-small-font-size\" style=\"text-align: justify;\">El congreso pretende abarcar un panorama lo m\u00e1s amplio posible de las expresiones literarias del monstruo en la ficci\u00f3n en espa\u00f1ol ajena al realismo desde 1980 hasta la actualidad, tanto desde el punto de vista de su referencias internas como en un sentido comparado.<\/p>\n<p class=\"has-text-align-justify has-small-font-size\" style=\"text-align: justify;\">Permitir\u00e1 vislumbrar por contraste las caracter\u00edsticas espec\u00edficas de estas modalidades de lo monstruoso en dichas producciones y advertir en \u00faltima instancia que, lejos de la extendida interpretaci\u00f3n como literatura \u00abescapista\u00bb, estamos ante un tipo de creaciones profundamente comprometidas con la realidad y las tensiones propias de su tiempo, tanto en un plano internacional como en su dimensi\u00f3n local. Se pretende, as\u00ed, clasificar las distintas tipolog\u00edas y direcciones que adoptan las manifestaciones de lo monstruoso en la ficci\u00f3n espa\u00f1ola e hispanoamericana en las \u00faltimas d\u00e9cadas y analizar en profundidad algunos de sus resortes y de sus textos m\u00e1s representativos desde vertientes te\u00f3rico-cr\u00edticas, comparadas y transversales.<\/p>\n<p class=\"has-text-align-justify has-small-font-size\" style=\"text-align: justify;\">Se pondr\u00e1 especial \u00e9nfasis en las expresiones de lo monstruoso en categor\u00edas como el fant\u00e1stico posmoderno, la literatura prospectiva, el terror o el llamado g\u00f3tico contempor\u00e1neo, entre otras, todas ellas de gran presencia en la producci\u00f3n literaria de Espa\u00f1a e Hispanoam\u00e9rica, bajo el prisma de un hecho ineludible: nuestros miedos y ansiedades cambian, por lo que el monstruo, expresi\u00f3n simb\u00f3lica de los mismos, tambi\u00e9n experimenta una evoluci\u00f3n y una reescritura o actualizaci\u00f3n de enfoques.<\/p>\n<p style=\"text-align: justify;\"><img loading=\"lazy\" decoding=\"async\" class=\"alignleft wp-image-47959\" src=\"https:\/\/bibliotecas.unileon.es\/tULEctura\/files\/2020\/07\/participacion-y-encuentros-no-presenciales.png\" alt=\"\" width=\"341\" height=\"196\" \/>A partir de septiembre ofreceremos toda la informaci\u00f3n y los detalles relativos al\u00a0 modo de participaci\u00f3n. Pero te anticipamos que el seguimiento del congreso se realizar\u00e1 a\u00a0 trav\u00e9s de la plataforma de<a href=\"https:\/\/ariadna.unileon.es\/login\/index.php\" target=\"_blank\" rel=\"noopener noreferrer\"> Moodle externo de la Universidad de Le\u00f3n <\/a>\u00a0y que las conferencias plenarias y las mesas redondas se celebrar\u00e1n por Meet.\u00a0 Ahora ya puedes, tanto encontrar una informaci\u00f3n m\u00e1s completa en la<span style=\"color: #9c0270;\"><strong> <a style=\"color: #9c0270;\" href=\"https:\/\/congresomonstruoinsolito.wordpress.com\/\" target=\"_blank\" rel=\"noopener noreferrer\">P\u00e1gina del Congreso<\/a><\/strong><\/span>\u00a0 como formalizar tu\u00a0 <span style=\"color: #9c0270;\"><strong><a style=\"color: #9c0270;\" href=\"http:\/\/extensionuniversitaria.unileon.es\/euniversitaria\/curso.aspx?id=1936\" target=\"_blank\" rel=\"noopener noreferrer\">INSCRIPCI\u00d3N<\/a><\/strong><\/span><\/p>\n<p>&nbsp;<\/p>\n<h1 style=\"text-align: center;\"><span style=\"color: #9c0270;\">&#8211; PROGRAMA &#8211;<\/span><\/h1>\n<h3 style=\"text-align: center;\"><span style=\"color: #9c0270;\"><strong>LUNES 12 DE OCTUBRE<\/strong><\/span><\/h3>\n<ul>\n<li style=\"text-align: justify;\">17:30 INAUGURACI\u00d3N OFICIAL<\/li>\n<li style=\"text-align: justify;\">18:00 CONFERENCIA PLENARIA INAUGURAL\n<ul>\n<li style=\"list-style-type: none;\">\n<ul>\n<li>RAFAEL \u00c1NGEL HERRA. ESCRITOR Y FIL\u00d3SOFO, UNIVERSIDAD DE COSTA RICA Y\u00a0ACADEMIA COSTARRICENSE DE LA LENGUA\n<ul>\n<li>\u00abEl sue\u00f1o de la raz\u00f3n o \u00bfes posible definir el monstruo?\u00bb<\/li>\n<\/ul>\n<\/li>\n<\/ul>\n<\/li>\n<\/ul>\n<\/li>\n<li>19:15 MESA DE PONENCIAS\n<ul>\n<li style=\"list-style-type: none;\">\n<ul>\n<li style=\"text-align: justify;\">MIGUEL CARRERA GARRIDO. UNIVERSIDAD DE GRANADA. GRUPOS GEF Y GEIG\n<ul>\n<li>\u00abEntre el ecologismo, el empoderamiento y el terror: la figura de la bruja en \u00ab<em>Paisaje con reptile<\/em>s\u00bb, de Pilar Pedraza\u00bb<\/li>\n<\/ul>\n<\/li>\n<li>JULIO \u00c1NGEL OLIVARES MERINO. UNIVERSIDAD DE JA\u00c9N. GRUPO GEIG\n<ul>\n<li style=\"text-align: justify;\">\u00abLa narraci\u00f3n mortaja en <em>\u201cElvira\u201d<\/em>, de Ana Mart\u00ednez Castillo\u00bb<\/li>\n<\/ul>\n<\/li>\n<\/ul>\n<\/li>\n<\/ul>\n<\/li>\n<\/ul>\n<h3 style=\"text-align: center;\"><span style=\"color: #9c0270;\"><strong>MARTES 13 DE OCTUBRE<\/strong><\/span><\/h3>\n<ul>\n<li style=\"text-align: justify;\">18:00 CONFERENCIA PLENARIA\n<ul>\n<li style=\"list-style-type: none;\">\n<ul>\n<li>C\u00c9SAR GARC\u00cdA \u00c1LVAREZ. UNIVERSIDAD DE LE\u00d3N\n<ul>\n<li>\u00abGenealog\u00eda del monstruo en el arte, la alteridad perpetua\u00bb<\/li>\n<\/ul>\n<\/li>\n<\/ul>\n<\/li>\n<\/ul>\n<\/li>\n<li>19:15 CONFERENCIA PLENARIA\n<ul>\n<li style=\"list-style-type: none;\">\n<ul>\n<li>TERESA L\u00d3PEZ-PELLISA. UNIVERSIDAD DE LAS ISLAS BALEARES. GRUPO GEF\n<ul>\n<li style=\"text-align: justify;\">\u00abEl Paradigma de Hefesto frente a la biotecnolog\u00eda: monstruosidades deseables en la ciencia \u00a0ficci\u00f3n contempor\u00e1nea\u00bb<\/li>\n<\/ul>\n<\/li>\n<\/ul>\n<\/li>\n<\/ul>\n<\/li>\n<\/ul>\n<h3 style=\"text-align: center;\"><span style=\"color: #9c0270;\"><strong>MI\u00c9RCOLES 14 DE OCTUBRE<\/strong><\/span><\/h3>\n<ul>\n<li>18:00 MESA DE PONENCIAS\n<ul>\n<li style=\"list-style-type: none;\">\n<ul>\n<li>PAUL QUINN. UNIVERSIDAD DE ALCAL\u00c1\n<ul>\n<li>\u00abEntre el monstruo ideol\u00f3gico y la ideolog\u00eda monstruosa en el marco\u00a0cinematogr\u00e1fico\u00bb<\/li>\n<\/ul>\n<\/li>\n<li>JOS\u00c9 MANUEL TRABADO CABADO. UNIVERSIDAD DE LE\u00d3N. GRUPO GRECONAGRA\n<ul>\n<li>\u00abMonstruos en la narraci\u00f3n gr\u00e1fica de Josep Mar\u00eda Be\u00e0\u00bb<\/li>\n<\/ul>\n<\/li>\n<\/ul>\n<\/li>\n<\/ul>\n<\/li>\n<li>19:15 CONFERENCIA PLENARIA\n<ul>\n<li style=\"list-style-type: none;\">\n<ul>\n<li>FRANCISCA NOGUEROL. UNIVERSIDAD DE SALAMANCA\n<ul>\n<li>\u00abEl monstruo pol\u00edtico\u00bb<\/li>\n<\/ul>\n<\/li>\n<\/ul>\n<\/li>\n<\/ul>\n<\/li>\n<\/ul>\n<h3 style=\"text-align: center;\"><span style=\"color: #9c0270;\"><strong>JUEVES 15 DE OCTUBRE<\/strong><\/span><\/h3>\n<ul>\n<li>18:00 MESA DE PONENCIAS\n<ul>\n<li style=\"list-style-type: none;\">\n<ul>\n<li style=\"text-align: justify;\">PATRICIA GARC\u00cdA GARC\u00cdA. UNIVERSIDAD DE NOTTINGHAM. GRUPOS GEF Y GEIG\n<ul>\n<li>\u00abMonstruos de ciudad: teratolog\u00eda en el contexto urbano espa\u00f1ol\u00bb<\/li>\n<\/ul>\n<\/li>\n<li style=\"text-align: justify;\">ROSA MAR\u00cdA D\u00cdEZ COBO. UNIVERSIDAD DE BURGOS. GRUPO GEIG\n<ul>\n<li>\u00abHogares monstruosos. Caracterizaciones espaciales de la casa encantada\u00bb<\/li>\n<\/ul>\n<\/li>\n<\/ul>\n<\/li>\n<\/ul>\n<\/li>\n<li>19:15 MESA DE PONENCIAS\n<ul>\n<li style=\"list-style-type: none;\">\n<ul>\n<li style=\"text-align: justify;\">JES\u00daS DIAMANTINO. UNIVERSIDAD ADOLFO IB\u00c1\u00d1EZ, CHILE. GRUPOS GEF Y GEIG\n<ul>\n<li>\u00abRepresentaciones del monstruo fant\u00e1stico en la narrativa chilena reciente\u00bb<\/li>\n<\/ul>\n<\/li>\n<li>DAVID ROAS. UNIVERSIDAD AUT\u00d3NOMA DE BARCELONA. GRUPOS GEF Y GEIG\n<ul>\n<li style=\"text-align: justify;\">\u00abUsos y sentidos del monstruo en las narradoras espa\u00f1olas actuales\u00bb<\/li>\n<\/ul>\n<\/li>\n<\/ul>\n<\/li>\n<\/ul>\n<\/li>\n<\/ul>\n<h3 style=\"text-align: center;\"><span style=\"color: #9c0270;\"><strong>VIERNES 16 DE OCTUBRE<\/strong><\/span><\/h3>\n<ul>\n<li style=\"text-align: justify;\">16:30-17:30 DI\u00c1LOGO CON LOS COMUNICANTES<\/li>\n<li style=\"text-align: justify;\">18:00 MESA DE PONENCIAS\n<ul>\n<li style=\"list-style-type: none;\">\n<ul>\n<li>CARMEN ALEMANY BAY. UNIVERSIDAD DE ALICANTE. GRUPO GEIG\n<ul>\n<li>\u00abLo inusual y lo monstruoso: el caso de <em>\u00abMicrocolapsos\u00bb<\/em> de Cecilia Eudave\u00bb<\/li>\n<\/ul>\n<\/li>\n<li>ANA CALVO REVILLA. UNIVERSIDAD SAN PABLO CEU\n<ul>\n<li>\u00abEl monstruo y el cuestionamiento de lo real en los microrrelatos hipermediales de\u00a0Patricia Esteban Erl\u00e9s\u00bb<\/li>\n<\/ul>\n<\/li>\n<\/ul>\n<\/li>\n<\/ul>\n<\/li>\n<li style=\"text-align: justify;\">19:15 COLOQUIO DE ESCRITORES Y LECTURA FANT\u00c1STICA SOBRE EL MONSTRUO EN LA\u00a0NARRATIVA ACTUAL EN ESPA\u00d1OL. INTERVIENEN\n<ul>\n<li style=\"list-style-type: none;\">\n<ul>\n<li>PATRICIA ESTEBAN ERL\u00c9S<\/li>\n<li>CECILIA EUDAVE<\/li>\n<li>JOS\u00c9 MAR\u00cdA MERINO<\/li>\n<li>DAVID ROAS<\/li>\n<\/ul>\n<\/li>\n<\/ul>\n<\/li>\n<\/ul>\n<p><img loading=\"lazy\" decoding=\"async\" class=\"size-full wp-image-47960 aligncenter\" src=\"https:\/\/bibliotecas.unileon.es\/tULEctura\/files\/2020\/07\/PECES-FIN.jpg\" alt=\"\" width=\"1123\" height=\"193\" \/><\/p>\n","protected":false},"excerpt":{"rendered":"<p>&nbsp; EL MONSTRUO EN LAS FICCIONES ESPA\u00d1OLA E HISPANOAMERICANA (1980-2020) 12, 13,\u00a014, 15 Y 16 DE OCTUBRE DE 2020 UNIVERSIDAD DE LE\u00d3N &nbsp; Los responsables del Proyecto de Investigaci\u00f3n I+D del programa estatal de Generaci\u00f3n de Conocimiento ESTRATEGIAS Y FIGURACIONES DE LO INS\u00d3LITO. MANIFESTACIONES DEL MONSTRUO EN LA NARRATIVA EN LENGUA ESPA\u00d1OLA (DE 1980 A [&hellip;]<\/p>\n","protected":false},"author":73,"featured_media":0,"parent":47137,"menu_order":20,"comment_status":"closed","ping_status":"closed","template":"","meta":{"_bbp_topic_count":0,"_bbp_reply_count":0,"_bbp_total_topic_count":0,"_bbp_total_reply_count":0,"_bbp_voice_count":0,"_bbp_anonymous_reply_count":0,"_bbp_topic_count_hidden":0,"_bbp_reply_count_hidden":0,"_bbp_forum_subforum_count":0,"_monsterinsights_skip_tracking":false,"_monsterinsights_sitenote_active":false,"_monsterinsights_sitenote_note":"","_monsterinsights_sitenote_category":0,"footnotes":""},"class_list":["post-47955","page","type-page","status-publish","hentry"],"yoast_head":"<!-- This site is optimized with the Yoast SEO plugin v25.8 - https:\/\/yoast.com\/wordpress\/plugins\/seo\/ -->\n<title>III Congreso Internacional Figuraciones de lo Ins\u00f3lito - tULEctura<\/title>\n<meta name=\"robots\" content=\"index, follow, max-snippet:-1, max-image-preview:large, max-video-preview:-1\" \/>\n<link rel=\"canonical\" href=\"https:\/\/bibliotecas.unileon.es\/tULEctura\/actividades\/lo-insolito\/iii-congreso-internacional-figuraciones-de-lo-insolito\/\" \/>\n<meta property=\"og:locale\" content=\"es_ES\" \/>\n<meta property=\"og:type\" content=\"article\" \/>\n<meta property=\"og:title\" content=\"III Congreso Internacional Figuraciones de lo Ins\u00f3lito - tULEctura\" \/>\n<meta property=\"og:description\" content=\"&nbsp; EL MONSTRUO EN LAS FICCIONES ESPA\u00d1OLA E HISPANOAMERICANA (1980-2020) 12, 13,\u00a014, 15 Y 16 DE OCTUBRE DE 2020 UNIVERSIDAD DE LE\u00d3N &nbsp; Los responsables del Proyecto de Investigaci\u00f3n I+D del programa estatal de Generaci\u00f3n de Conocimiento ESTRATEGIAS Y FIGURACIONES DE LO INS\u00d3LITO. MANIFESTACIONES DEL MONSTRUO EN LA NARRATIVA EN LENGUA ESPA\u00d1OLA (DE 1980 A [&hellip;]\" \/>\n<meta property=\"og:url\" content=\"https:\/\/bibliotecas.unileon.es\/tULEctura\/actividades\/lo-insolito\/iii-congreso-internacional-figuraciones-de-lo-insolito\/\" \/>\n<meta property=\"og:site_name\" content=\"tULEctura\" \/>\n<meta property=\"article:publisher\" content=\"https:\/\/www.facebook.com\/tulectura.unileon\/\" \/>\n<meta property=\"article:modified_time\" content=\"2020-07-28T16:46:43+00:00\" \/>\n<meta property=\"og:image\" content=\"https:\/\/bibliotecas.unileon.es\/tULEctura\/files\/2020\/07\/siamese-dream.jpg\" \/>\n<meta name=\"twitter:card\" content=\"summary_large_image\" \/>\n<meta name=\"twitter:site\" content=\"@tULEctura_ULE\" \/>\n<meta name=\"twitter:label1\" content=\"Tiempo de lectura\" \/>\n\t<meta name=\"twitter:data1\" content=\"4 minutos\" \/>\n<script type=\"application\/ld+json\" class=\"yoast-schema-graph\">{\"@context\":\"https:\/\/schema.org\",\"@graph\":[{\"@type\":\"WebPage\",\"@id\":\"https:\/\/bibliotecas.unileon.es\/tULEctura\/actividades\/lo-insolito\/iii-congreso-internacional-figuraciones-de-lo-insolito\/\",\"url\":\"https:\/\/bibliotecas.unileon.es\/tULEctura\/actividades\/lo-insolito\/iii-congreso-internacional-figuraciones-de-lo-insolito\/\",\"name\":\"III Congreso Internacional Figuraciones de lo Ins\u00f3lito - tULEctura\",\"isPartOf\":{\"@id\":\"https:\/\/bibliotecas.unileon.es\/tULEctura\/#website\"},\"primaryImageOfPage\":{\"@id\":\"https:\/\/bibliotecas.unileon.es\/tULEctura\/actividades\/lo-insolito\/iii-congreso-internacional-figuraciones-de-lo-insolito\/#primaryimage\"},\"image\":{\"@id\":\"https:\/\/bibliotecas.unileon.es\/tULEctura\/actividades\/lo-insolito\/iii-congreso-internacional-figuraciones-de-lo-insolito\/#primaryimage\"},\"thumbnailUrl\":\"https:\/\/bibliotecas.unileon.es\/tULEctura\/files\/2020\/07\/siamese-dream.jpg\",\"datePublished\":\"2020-07-27T22:00:27+00:00\",\"dateModified\":\"2020-07-28T16:46:43+00:00\",\"breadcrumb\":{\"@id\":\"https:\/\/bibliotecas.unileon.es\/tULEctura\/actividades\/lo-insolito\/iii-congreso-internacional-figuraciones-de-lo-insolito\/#breadcrumb\"},\"inLanguage\":\"es\",\"potentialAction\":[{\"@type\":\"ReadAction\",\"target\":[\"https:\/\/bibliotecas.unileon.es\/tULEctura\/actividades\/lo-insolito\/iii-congreso-internacional-figuraciones-de-lo-insolito\/\"]}]},{\"@type\":\"ImageObject\",\"inLanguage\":\"es\",\"@id\":\"https:\/\/bibliotecas.unileon.es\/tULEctura\/actividades\/lo-insolito\/iii-congreso-internacional-figuraciones-de-lo-insolito\/#primaryimage\",\"url\":\"https:\/\/bibliotecas.unileon.es\/tULEctura\/files\/2020\/07\/siamese-dream.jpg\",\"contentUrl\":\"https:\/\/bibliotecas.unileon.es\/tULEctura\/files\/2020\/07\/siamese-dream.jpg\",\"width\":1024,\"height\":768},{\"@type\":\"BreadcrumbList\",\"@id\":\"https:\/\/bibliotecas.unileon.es\/tULEctura\/actividades\/lo-insolito\/iii-congreso-internacional-figuraciones-de-lo-insolito\/#breadcrumb\",\"itemListElement\":[{\"@type\":\"ListItem\",\"position\":1,\"name\":\"Home\",\"item\":\"https:\/\/bibliotecas.unileon.es\/tULEctura\/\"},{\"@type\":\"ListItem\",\"position\":2,\"name\":\"Eventos\",\"item\":\"https:\/\/bibliotecas.unileon.es\/tULEctura\/actividades\/\"},{\"@type\":\"ListItem\",\"position\":3,\"name\":\"Lo ins\u00f3lito\",\"item\":\"https:\/\/bibliotecas.unileon.es\/tULEctura\/actividades\/lo-insolito\/\"},{\"@type\":\"ListItem\",\"position\":4,\"name\":\"III Congreso Internacional Figuraciones de lo Ins\u00f3lito\"}]},{\"@type\":\"WebSite\",\"@id\":\"https:\/\/bibliotecas.unileon.es\/tULEctura\/#website\",\"url\":\"https:\/\/bibliotecas.unileon.es\/tULEctura\/\",\"name\":\"tULEctura\",\"description\":\"Espacio de la Universidad de Le\u00f3n dedicado a la lectura\",\"publisher\":{\"@id\":\"https:\/\/bibliotecas.unileon.es\/tULEctura\/#organization\"},\"potentialAction\":[{\"@type\":\"SearchAction\",\"target\":{\"@type\":\"EntryPoint\",\"urlTemplate\":\"https:\/\/bibliotecas.unileon.es\/tULEctura\/?s={search_term_string}\"},\"query-input\":{\"@type\":\"PropertyValueSpecification\",\"valueRequired\":true,\"valueName\":\"search_term_string\"}}],\"inLanguage\":\"es\"},{\"@type\":\"Organization\",\"@id\":\"https:\/\/bibliotecas.unileon.es\/tULEctura\/#organization\",\"name\":\"Universidad de Le\u00f3n\",\"url\":\"https:\/\/bibliotecas.unileon.es\/tULEctura\/\",\"logo\":{\"@type\":\"ImageObject\",\"inLanguage\":\"es\",\"@id\":\"https:\/\/bibliotecas.unileon.es\/tULEctura\/#\/schema\/logo\/image\/\",\"url\":\"https:\/\/bibliotecas.unileon.es\/tULEctura\/files\/2018\/08\/TULECTURA_LOGO1.png\",\"contentUrl\":\"https:\/\/bibliotecas.unileon.es\/tULEctura\/files\/2018\/08\/TULECTURA_LOGO1.png\",\"width\":\"960\",\"height\":\"258\",\"caption\":\"Universidad de Le\u00f3n\"},\"image\":{\"@id\":\"https:\/\/bibliotecas.unileon.es\/tULEctura\/#\/schema\/logo\/image\/\"},\"sameAs\":[\"https:\/\/www.facebook.com\/tulectura.unileon\/\",\"https:\/\/x.com\/tULEctura_ULE\",\"https:\/\/www.instagram.com\/tulectura.unileon\/\",\"https:\/\/www.pinterest.es\/tulectura\/\",\"https:\/\/www.youtube.com\/channel\/UCoWaDD39lVlAQcOchwlTPVw\"]}]}<\/script>\n<!-- \/ Yoast SEO plugin. -->","yoast_head_json":{"title":"III Congreso Internacional Figuraciones de lo Ins\u00f3lito - tULEctura","robots":{"index":"index","follow":"follow","max-snippet":"max-snippet:-1","max-image-preview":"max-image-preview:large","max-video-preview":"max-video-preview:-1"},"canonical":"https:\/\/bibliotecas.unileon.es\/tULEctura\/actividades\/lo-insolito\/iii-congreso-internacional-figuraciones-de-lo-insolito\/","og_locale":"es_ES","og_type":"article","og_title":"III Congreso Internacional Figuraciones de lo Ins\u00f3lito - tULEctura","og_description":"&nbsp; EL MONSTRUO EN LAS FICCIONES ESPA\u00d1OLA E HISPANOAMERICANA (1980-2020) 12, 13,\u00a014, 15 Y 16 DE OCTUBRE DE 2020 UNIVERSIDAD DE LE\u00d3N &nbsp; Los responsables del Proyecto de Investigaci\u00f3n I+D del programa estatal de Generaci\u00f3n de Conocimiento ESTRATEGIAS Y FIGURACIONES DE LO INS\u00d3LITO. MANIFESTACIONES DEL MONSTRUO EN LA NARRATIVA EN LENGUA ESPA\u00d1OLA (DE 1980 A [&hellip;]","og_url":"https:\/\/bibliotecas.unileon.es\/tULEctura\/actividades\/lo-insolito\/iii-congreso-internacional-figuraciones-de-lo-insolito\/","og_site_name":"tULEctura","article_publisher":"https:\/\/www.facebook.com\/tulectura.unileon\/","article_modified_time":"2020-07-28T16:46:43+00:00","og_image":[{"url":"https:\/\/bibliotecas.unileon.es\/tULEctura\/files\/2020\/07\/siamese-dream.jpg","type":"","width":"","height":""}],"twitter_card":"summary_large_image","twitter_site":"@tULEctura_ULE","twitter_misc":{"Tiempo de lectura":"4 minutos"},"schema":{"@context":"https:\/\/schema.org","@graph":[{"@type":"WebPage","@id":"https:\/\/bibliotecas.unileon.es\/tULEctura\/actividades\/lo-insolito\/iii-congreso-internacional-figuraciones-de-lo-insolito\/","url":"https:\/\/bibliotecas.unileon.es\/tULEctura\/actividades\/lo-insolito\/iii-congreso-internacional-figuraciones-de-lo-insolito\/","name":"III Congreso Internacional Figuraciones de lo Ins\u00f3lito - tULEctura","isPartOf":{"@id":"https:\/\/bibliotecas.unileon.es\/tULEctura\/#website"},"primaryImageOfPage":{"@id":"https:\/\/bibliotecas.unileon.es\/tULEctura\/actividades\/lo-insolito\/iii-congreso-internacional-figuraciones-de-lo-insolito\/#primaryimage"},"image":{"@id":"https:\/\/bibliotecas.unileon.es\/tULEctura\/actividades\/lo-insolito\/iii-congreso-internacional-figuraciones-de-lo-insolito\/#primaryimage"},"thumbnailUrl":"https:\/\/bibliotecas.unileon.es\/tULEctura\/files\/2020\/07\/siamese-dream.jpg","datePublished":"2020-07-27T22:00:27+00:00","dateModified":"2020-07-28T16:46:43+00:00","breadcrumb":{"@id":"https:\/\/bibliotecas.unileon.es\/tULEctura\/actividades\/lo-insolito\/iii-congreso-internacional-figuraciones-de-lo-insolito\/#breadcrumb"},"inLanguage":"es","potentialAction":[{"@type":"ReadAction","target":["https:\/\/bibliotecas.unileon.es\/tULEctura\/actividades\/lo-insolito\/iii-congreso-internacional-figuraciones-de-lo-insolito\/"]}]},{"@type":"ImageObject","inLanguage":"es","@id":"https:\/\/bibliotecas.unileon.es\/tULEctura\/actividades\/lo-insolito\/iii-congreso-internacional-figuraciones-de-lo-insolito\/#primaryimage","url":"https:\/\/bibliotecas.unileon.es\/tULEctura\/files\/2020\/07\/siamese-dream.jpg","contentUrl":"https:\/\/bibliotecas.unileon.es\/tULEctura\/files\/2020\/07\/siamese-dream.jpg","width":1024,"height":768},{"@type":"BreadcrumbList","@id":"https:\/\/bibliotecas.unileon.es\/tULEctura\/actividades\/lo-insolito\/iii-congreso-internacional-figuraciones-de-lo-insolito\/#breadcrumb","itemListElement":[{"@type":"ListItem","position":1,"name":"Home","item":"https:\/\/bibliotecas.unileon.es\/tULEctura\/"},{"@type":"ListItem","position":2,"name":"Eventos","item":"https:\/\/bibliotecas.unileon.es\/tULEctura\/actividades\/"},{"@type":"ListItem","position":3,"name":"Lo ins\u00f3lito","item":"https:\/\/bibliotecas.unileon.es\/tULEctura\/actividades\/lo-insolito\/"},{"@type":"ListItem","position":4,"name":"III Congreso Internacional Figuraciones de lo Ins\u00f3lito"}]},{"@type":"WebSite","@id":"https:\/\/bibliotecas.unileon.es\/tULEctura\/#website","url":"https:\/\/bibliotecas.unileon.es\/tULEctura\/","name":"tULEctura","description":"Espacio de la Universidad de Le\u00f3n dedicado a la lectura","publisher":{"@id":"https:\/\/bibliotecas.unileon.es\/tULEctura\/#organization"},"potentialAction":[{"@type":"SearchAction","target":{"@type":"EntryPoint","urlTemplate":"https:\/\/bibliotecas.unileon.es\/tULEctura\/?s={search_term_string}"},"query-input":{"@type":"PropertyValueSpecification","valueRequired":true,"valueName":"search_term_string"}}],"inLanguage":"es"},{"@type":"Organization","@id":"https:\/\/bibliotecas.unileon.es\/tULEctura\/#organization","name":"Universidad de Le\u00f3n","url":"https:\/\/bibliotecas.unileon.es\/tULEctura\/","logo":{"@type":"ImageObject","inLanguage":"es","@id":"https:\/\/bibliotecas.unileon.es\/tULEctura\/#\/schema\/logo\/image\/","url":"https:\/\/bibliotecas.unileon.es\/tULEctura\/files\/2018\/08\/TULECTURA_LOGO1.png","contentUrl":"https:\/\/bibliotecas.unileon.es\/tULEctura\/files\/2018\/08\/TULECTURA_LOGO1.png","width":"960","height":"258","caption":"Universidad de Le\u00f3n"},"image":{"@id":"https:\/\/bibliotecas.unileon.es\/tULEctura\/#\/schema\/logo\/image\/"},"sameAs":["https:\/\/www.facebook.com\/tulectura.unileon\/","https:\/\/x.com\/tULEctura_ULE","https:\/\/www.instagram.com\/tulectura.unileon\/","https:\/\/www.pinterest.es\/tulectura\/","https:\/\/www.youtube.com\/channel\/UCoWaDD39lVlAQcOchwlTPVw"]}]}},"_links":{"self":[{"href":"https:\/\/bibliotecas.unileon.es\/tULEctura\/wp-json\/wp\/v2\/pages\/47955","targetHints":{"allow":["GET"]}}],"collection":[{"href":"https:\/\/bibliotecas.unileon.es\/tULEctura\/wp-json\/wp\/v2\/pages"}],"about":[{"href":"https:\/\/bibliotecas.unileon.es\/tULEctura\/wp-json\/wp\/v2\/types\/page"}],"author":[{"embeddable":true,"href":"https:\/\/bibliotecas.unileon.es\/tULEctura\/wp-json\/wp\/v2\/users\/73"}],"replies":[{"embeddable":true,"href":"https:\/\/bibliotecas.unileon.es\/tULEctura\/wp-json\/wp\/v2\/comments?post=47955"}],"version-history":[{"count":1,"href":"https:\/\/bibliotecas.unileon.es\/tULEctura\/wp-json\/wp\/v2\/pages\/47955\/revisions"}],"predecessor-version":[{"id":47958,"href":"https:\/\/bibliotecas.unileon.es\/tULEctura\/wp-json\/wp\/v2\/pages\/47955\/revisions\/47958"}],"up":[{"embeddable":true,"href":"https:\/\/bibliotecas.unileon.es\/tULEctura\/wp-json\/wp\/v2\/pages\/47137"}],"wp:attachment":[{"href":"https:\/\/bibliotecas.unileon.es\/tULEctura\/wp-json\/wp\/v2\/media?parent=47955"}],"curies":[{"name":"wp","href":"https:\/\/api.w.org\/{rel}","templated":true}]}}