{"id":48244,"date":"2021-07-22T10:00:07","date_gmt":"2021-07-22T08:00:07","guid":{"rendered":"https:\/\/bibliotecas.unileon.es\/tULEctura\/?page_id=48244"},"modified":"2021-10-13T21:07:19","modified_gmt":"2021-10-13T19:07:19","slug":"lectura-1-kentukis-de-samanta-schweblin","status":"publish","type":"page","link":"https:\/\/bibliotecas.unileon.es\/tULEctura\/pagina-ejemplo\/curso-2021-2022\/lectura-1-kentukis-de-samanta-schweblin\/","title":{"rendered":"Lectura 1: Kentukis, de Samanta Schweblin"},"content":{"rendered":"<h1 style=\"text-align: center;\"><span style=\"color: #000080;\"><em>\u00abKentukis\u00bb<\/em>, de \u00a0Samantha Schweblin<\/span><\/h1>\n<p>Schweblin, Samanta ( 1978- ) , autor<img loading=\"lazy\" decoding=\"async\" class=\"wp-image-48245 alignright\" src=\"https:\/\/bibliotecas.unileon.es\/tULEctura\/files\/2021\/07\/kentukis-1.jpg\" alt=\"\" width=\"207\" height=\"319\" \/><br \/>\nKentukis \/ Samantha Schweblin<br \/>\nBarcelona : Penguin Random House , 2018<br \/>\n221 p. ; 23 cm<br \/>\n9788439734895<\/p>\n<p><strong><span style=\"color: #000080;\">Calendario<\/span><\/strong><\/p>\n<ul>\n<li>28 de septiembre de 2021: <strong><a href=\"https:\/\/bibliotecas.unileon.es\/tULEctura\/2021\/09\/28\/guia-lectura-kentukis-samanta-schweblin\/\" target=\"_blank\" rel=\"noopener\">Sesi\u00f3n de Gu\u00eda a la lectura<\/a><\/strong> a cargo de <strong><span style=\"color: #000080;\"><a style=\"color: #000080;\" href=\"https:\/\/dialnet.unirioja.es\/servlet\/autor?codigo=2002506\" target=\"_blank\" rel=\"noopener\">Rosa Mar\u00eda D\u00edez Cobo<\/a><\/span><\/strong><\/li>\n<li style=\"text-align: justify;\">6 de octubre de 2021: <strong><a href=\"https:\/\/bibliotecas.unileon.es\/tULEctura\/2021\/10\/07\/coloquio-kentukis-samanta-schweblin\/\" target=\"_blank\" rel=\"noopener\">Sesi\u00f3n de Coloquio de los socios<\/a><\/strong><\/li>\n<li>13 de octubre: Sesi\u00f3n de Encuentro entre los socios y la autora<\/li>\n<\/ul>\n<p><span style=\"color: #000080;\"><strong>Lugar y horario<\/strong><\/span><\/p>\n<p style=\"text-align: justify;\">Aunque la sede del club le lectura sigue estando en la Biblioteca San Isidoro, debido a las recomendaciones sanitarias, las sesiones ser\u00e1n no presenciales, sino en formato online a trav\u00e9s de Google Meet.<\/p>\n<h2><span style=\"color: #000080;\"><strong>La <span style=\"color: #000080;\">autora: <\/span><\/strong><\/span><span style=\"color: #000080;\">Samantha Schweblin<\/span><\/h2>\n<div id=\"attachment_48248\" style=\"width: 810px\" class=\"wp-caption aligncenter\"><img loading=\"lazy\" decoding=\"async\" aria-describedby=\"caption-attachment-48248\" class=\"size-full wp-image-48248\" src=\"https:\/\/bibliotecas.unileon.es\/tULEctura\/files\/2021\/07\/Samanta-Schweblin-Foto-Alejandra-Lopez-.jpg\" alt=\"Samanta Schweblin (Foto: Alejandra Lopez)\" width=\"800\" height=\"600\" \/><p id=\"caption-attachment-48248\" class=\"wp-caption-text\">Samanta Schweblin (Foto: Alejandra Lopez)<\/p><\/div>\n<p style=\"text-align: justify;\">Samantha Schweblin naci\u00f3n en Buenos Aires (Argentina), en 1978. Estudi\u00f3 cine y televisi\u00f3n. Es una de las escritoras argentinas de mayor proyecci\u00f3n internacional y una de las grandes autoras actuales que cultivan lo ins\u00f3lito y lo dist\u00f3pico.<\/p>\n<p style=\"text-align: justify;\">Sus primeros libros de cuentos \u00ab<em>El n\u00facleo del disturbio\u00bb<\/em> (2001) y \u00ab<em>P\u00e1jaros en la boca\u00bb<\/em> (2009) obtuvieron entre otros los premios Fondo Nacional de las Artes y Casa de las Am\u00e9ricas. <em>\u00abDistancia de rescate\u00bb<\/em>, su primera novela, obtuvo el premio Tigre Juan y fue nominada al Man Booker Prize 2017. En 2015 gan\u00f3 el Premio Ribera del Duero con su libro de cuentos <em>\u00abSiete casas vac\u00edas\u00bb<\/em>. En 2018 public\u00f3 su novela <em>\u00abKentukis\u00bb.<\/em> A ello hay que a\u00f1adir que en 2012 gan\u00f3 el Premio Juan Rulfo por el cuento <em>\u00abUn hombre sin suerte\u00bb<\/em>, y en 2014 se le otorg\u00f3 el Premio Konex-Diploma al M\u00e9rito por su trayectoria como cuentista. Varias de sus obras han sido traducidas y publicadas en m\u00e1s de veinticinco idiomas.<\/p>\n<h2><span style=\"color: #000080;\">Ponente y coordinadora de la lectura: <a style=\"color: #000080;\" href=\"https:\/\/dialnet.unirioja.es\/servlet\/autor?codigo=2002506\" target=\"_blank\" rel=\"noopener\">Rosa Mar\u00eda D\u00edez Cobo<\/a><\/span><\/h2>\n<p style=\"text-align: justify;\"><img loading=\"lazy\" decoding=\"async\" class=\"size-full wp-image-48251 alignleft\" src=\"https:\/\/bibliotecas.unileon.es\/tULEctura\/files\/2021\/07\/s200_rosa_mar_a.d_ez_cobo.jpg\" alt=\"\" width=\"200\" height=\"200\" \/>Dra. en Filolog\u00eda Inglesa por la Universidad de Le\u00f3n, con el t\u00edtulo de Menci\u00f3n Especial de Doctorado Europeo. Es tambi\u00e9n Licenciada en Filolog\u00eda Hisp\u00e1nica por la misma universidad.<\/p>\n<p style=\"text-align: justify;\">Ha sido investigadora visitante en diversas instituciones acad\u00e9micas internacionales: Freie Universit\u00e4t (Berl\u00edn, Alemania), Pennsylvania State University (EEUU), y Oxford University (Reino Unido). Fue, durante un curso acad\u00e9mico, lectora AECID y Directora del Departamento de Espa\u00f1ol de la Escuela de Lenguas Modernas en The University of the Witwatersrand (Johannesburgo, Sud\u00e1frica) y, durante dos, en The Addis Ababa University (Etiop\u00eda). Bajo el programa de la Secretar\u00eda de Estado de Universidades e Investigaci\u00f3n del MEC, desarroll\u00f3 dos a\u00f1os de investigaci\u00f3n posdoctoral en el Departamento de Letras de la Universidad Nacional de Mar del Plata (Argentina) y en University of California-Riverside (EEUU).<\/p>\n<p style=\"text-align: justify;\">Ha sido Profesora Adjunta de la Universidad Internacional Isabel I de Castilla (Burgos). Actualmente, es Ayudante Doctor en la Universidad de Burgos y Colaboradora honor\u00edfica del \u00e1rea de Literatura del Departamento de Filolog\u00eda Hisp\u00e1nica y Cl\u00e1sica de la Universidad de Le\u00f3n.<\/p>\n<p style=\"text-align: justify;\">Ha sido durante a\u00f1os, y hasta la actualidad, docente en el M\u00e1ster de Literatura Espa\u00f1ola y Comparada donde ha impartido diversos cursos relacionados con la literatura de lo ins\u00f3lito en Hispanoam\u00e9rica y Norteam\u00e9rica.<\/p>\n<p style=\"text-align: justify;\">Es autora del libro <a href=\"https:\/\/catoute.unileon.es\/permalink\/34BUC_ULE\/1ekdeev\/alma991006920749705772\" target=\"_blank\" rel=\"noopener\"><em>Nueva s\u00e1tira en la ficci\u00f3n postmodernista de las Am\u00e9ricas <\/em><\/a>(2006) y coeditora del volumen <a href=\"https:\/\/catoute.unileon.es\/permalink\/34BUC_ULE\/ar7q83\/alma991004147719705772\" target=\"_blank\" rel=\"noopener\"><em>La (ir)realidad imaginada: Aproximaciones a lo ins\u00f3lito en la literatura hispanoamericana <\/em><\/a>(2015), as\u00ed como de buen n\u00famero de art\u00edculos cr\u00edticos sobre la tem\u00e1tica de lo ins\u00f3lito en publicaciones de impacto.<\/p>\n<p style=\"text-align: justify;\">Asimismo, entre otros, ha sido miembro del Proyecto I+D+I \u00abEstrategias y figuraciones de lo ins\u00f3lito en la narrativa mexicana (del siglo XIX a la actualidad)\u00bb (2012-2014) en el Departamento de Filolog\u00eda Hisp\u00e1nica y Cl\u00e1sica de la Universidad de Le\u00f3n.<\/p>\n<p style=\"text-align: justify;\">Ha participado en numerosas conferencias y eventos relacionados con diversas facetas de la literatura fant\u00e1stica en el \u00e1mbito panamericano.<\/p>\n<p style=\"text-align: justify;\">Su principal \u00e1rea de estudio se enmarca en la narrativa contempor\u00e1nea latinoamericana y norteamericana abordadas desde una perspectiva comparada y, m\u00e1s concretamente, en el campo de lo ins\u00f3lito con especial hincapi\u00e9 en los g\u00e9neros de la distop\u00eda y del realismo m\u00e1gico.<\/p>\n<h2><span style=\"color: #000080;\"><strong>La obra (informaci\u00f3n ofrecida por la editorial )<\/strong><\/span><\/h2>\n<div id=\"product-description-short-37102\" class=\"rte-content product-description-short\">\n<p style=\"text-align: justify;\">La novela <em>\u00abKentakis\u00bb\u00a0<\/em> desvela el lado m\u00e1s inquietante de las nuevas tecnolog\u00edas.<\/p>\n<\/div>\n<div class=\"tabs product-tabs\">\n<div id=\"product-infos-tabs-content\" class=\"tab-content\">\n<div id=\"description\" class=\"tab-pane in active show\">\n<div class=\"product-description\">\n<div class=\"rte-content\">\n<div class=\"p_leer_menos\">\n<p style=\"text-align: justify;\">Casi siempre comienza en los hogares. Ya se registran miles de casos en Vancouver, Hong Kong, Tel Aviv, Barcelona, Oaxaca&#8230; y se est\u00e1 propagando r\u00e1pidamente a todos los rincones del mundo. No son mascotas, ni fantasmas, ni robots. Son ciudadanos reales, y el problema -se dice en las noticias y se comparte en las redes- es que una persona que vive en Berl\u00edn no deber\u00eda poder pasearse libremente por el living de alguien que vive en S\u00eddney, ni una persona que vive en Bangkok desayunar junto a tus hijos en tu departamento de Buenos Aires. En especial cuando esas personas que dejamos entrar a casa son completamente an\u00f3nimas.<\/p>\n<p style=\"text-align: justify;\">Los personajes de esta novela encarnan el costado m\u00e1s real -y a la vez imprevisible- de la compleja relaci\u00f3n que tenemos con la tecnolog\u00eda, renovando la noci\u00f3n del vouyerismo y exponiendo al lector a los l\u00edmites del prejuicio, el cuidado de los otros, la intimidad, el deseo y las buenas intenciones.\u00a0<i>Kentukis<\/i>\u00a0es una novela deslumbrante que potencia su sentido mucho m\u00e1s all\u00e1 de la atracci\u00f3n que genera desde sus p\u00e1ginas. Una idea ins\u00f3lita y oscura, tan sensata en sus reflejos que, una vez que se entra en ella, ya no se puede salir.<\/p>\n<\/div>\n<\/div>\n<\/div>\n<\/div>\n<\/div>\n<\/div>\n<p>&nbsp;<\/p>\n<h2 style=\"text-align: center;\"><span style=\"color: #000080;\">Puedes empezar a leer la obra<\/span><br \/>\n<a href=\"https:\/\/bibliotecas.unileon.es\/tULEctura\/files\/2021\/07\/Kentukis_cap1.pdf\" class=\"mtli_attachment mtli_pdf\" target=\"_blank\" rel=\"noopener\"><span style=\"color: #000080;\"><em>\u00abKentukis\u00bb<\/em>, de\u00a0 Samantha Schweblin<\/span><\/a><\/h2>\n<p><img loading=\"lazy\" decoding=\"async\" class=\"aligncenter size-full wp-image-48270\" src=\"https:\/\/bibliotecas.unileon.es\/tULEctura\/files\/2021\/07\/1.jpg\" alt=\"\" width=\"2000\" height=\"1600\" \/><\/p>\n","protected":false},"excerpt":{"rendered":"<p>\u00abKentukis\u00bb, de \u00a0Samantha Schweblin Schweblin, Samanta ( 1978- ) , autor Kentukis \/ Samantha Schweblin Barcelona : Penguin Random House , 2018 221 p. ; 23 cm 9788439734895 Calendario 28 de septiembre de 2021: Sesi\u00f3n de Gu\u00eda a la lectura a cargo de Rosa Mar\u00eda D\u00edez Cobo 6 de octubre de 2021: Sesi\u00f3n de Coloquio [&hellip;]<\/p>\n","protected":false},"author":73,"featured_media":0,"parent":48249,"menu_order":1,"comment_status":"closed","ping_status":"closed","template":"","meta":{"_bbp_topic_count":0,"_bbp_reply_count":0,"_bbp_total_topic_count":0,"_bbp_total_reply_count":0,"_bbp_voice_count":0,"_bbp_anonymous_reply_count":0,"_bbp_topic_count_hidden":0,"_bbp_reply_count_hidden":0,"_bbp_forum_subforum_count":0,"_monsterinsights_skip_tracking":false,"_monsterinsights_sitenote_active":false,"_monsterinsights_sitenote_note":"","_monsterinsights_sitenote_category":0,"footnotes":""},"class_list":["post-48244","page","type-page","status-publish","hentry"],"yoast_head":"<!-- This site is optimized with the Yoast SEO plugin v25.8 - https:\/\/yoast.com\/wordpress\/plugins\/seo\/ -->\n<title>Lectura 1: Kentukis, de Samanta Schweblin - tULEctura<\/title>\n<meta name=\"robots\" content=\"index, follow, max-snippet:-1, max-image-preview:large, max-video-preview:-1\" \/>\n<link rel=\"canonical\" href=\"https:\/\/bibliotecas.unileon.es\/tULEctura\/pagina-ejemplo\/curso-2021-2022\/lectura-1-kentukis-de-samanta-schweblin\/\" \/>\n<meta property=\"og:locale\" content=\"es_ES\" \/>\n<meta property=\"og:type\" content=\"article\" \/>\n<meta property=\"og:title\" content=\"Lectura 1: Kentukis, de Samanta Schweblin - tULEctura\" \/>\n<meta property=\"og:description\" content=\"\u00abKentukis\u00bb, de \u00a0Samantha Schweblin Schweblin, Samanta ( 1978- ) , autor Kentukis \/ Samantha Schweblin Barcelona : Penguin Random House , 2018 221 p. ; 23 cm 9788439734895 Calendario 28 de septiembre de 2021: Sesi\u00f3n de Gu\u00eda a la lectura a cargo de Rosa Mar\u00eda D\u00edez Cobo 6 de octubre de 2021: Sesi\u00f3n de Coloquio [&hellip;]\" \/>\n<meta property=\"og:url\" content=\"https:\/\/bibliotecas.unileon.es\/tULEctura\/pagina-ejemplo\/curso-2021-2022\/lectura-1-kentukis-de-samanta-schweblin\/\" \/>\n<meta property=\"og:site_name\" content=\"tULEctura\" \/>\n<meta property=\"article:publisher\" content=\"https:\/\/www.facebook.com\/tulectura.unileon\/\" \/>\n<meta property=\"article:modified_time\" content=\"2021-10-13T19:07:19+00:00\" \/>\n<meta property=\"og:image\" content=\"https:\/\/bibliotecas.unileon.es\/tULEctura\/files\/2021\/07\/kentukis-1.jpg\" \/>\n<meta name=\"twitter:card\" content=\"summary_large_image\" \/>\n<meta name=\"twitter:site\" content=\"@tULEctura_ULE\" \/>\n<meta name=\"twitter:label1\" content=\"Tiempo de lectura\" \/>\n\t<meta name=\"twitter:data1\" content=\"5 minutos\" \/>\n<script type=\"application\/ld+json\" class=\"yoast-schema-graph\">{\"@context\":\"https:\/\/schema.org\",\"@graph\":[{\"@type\":\"WebPage\",\"@id\":\"https:\/\/bibliotecas.unileon.es\/tULEctura\/pagina-ejemplo\/curso-2021-2022\/lectura-1-kentukis-de-samanta-schweblin\/\",\"url\":\"https:\/\/bibliotecas.unileon.es\/tULEctura\/pagina-ejemplo\/curso-2021-2022\/lectura-1-kentukis-de-samanta-schweblin\/\",\"name\":\"Lectura 1: Kentukis, de Samanta Schweblin - tULEctura\",\"isPartOf\":{\"@id\":\"https:\/\/bibliotecas.unileon.es\/tULEctura\/#website\"},\"primaryImageOfPage\":{\"@id\":\"https:\/\/bibliotecas.unileon.es\/tULEctura\/pagina-ejemplo\/curso-2021-2022\/lectura-1-kentukis-de-samanta-schweblin\/#primaryimage\"},\"image\":{\"@id\":\"https:\/\/bibliotecas.unileon.es\/tULEctura\/pagina-ejemplo\/curso-2021-2022\/lectura-1-kentukis-de-samanta-schweblin\/#primaryimage\"},\"thumbnailUrl\":\"https:\/\/bibliotecas.unileon.es\/tULEctura\/files\/2021\/07\/kentukis-1.jpg\",\"datePublished\":\"2021-07-22T08:00:07+00:00\",\"dateModified\":\"2021-10-13T19:07:19+00:00\",\"breadcrumb\":{\"@id\":\"https:\/\/bibliotecas.unileon.es\/tULEctura\/pagina-ejemplo\/curso-2021-2022\/lectura-1-kentukis-de-samanta-schweblin\/#breadcrumb\"},\"inLanguage\":\"es\",\"potentialAction\":[{\"@type\":\"ReadAction\",\"target\":[\"https:\/\/bibliotecas.unileon.es\/tULEctura\/pagina-ejemplo\/curso-2021-2022\/lectura-1-kentukis-de-samanta-schweblin\/\"]}]},{\"@type\":\"ImageObject\",\"inLanguage\":\"es\",\"@id\":\"https:\/\/bibliotecas.unileon.es\/tULEctura\/pagina-ejemplo\/curso-2021-2022\/lectura-1-kentukis-de-samanta-schweblin\/#primaryimage\",\"url\":\"https:\/\/bibliotecas.unileon.es\/tULEctura\/files\/2021\/07\/kentukis-1.jpg\",\"contentUrl\":\"https:\/\/bibliotecas.unileon.es\/tULEctura\/files\/2021\/07\/kentukis-1.jpg\",\"width\":381,\"height\":588},{\"@type\":\"BreadcrumbList\",\"@id\":\"https:\/\/bibliotecas.unileon.es\/tULEctura\/pagina-ejemplo\/curso-2021-2022\/lectura-1-kentukis-de-samanta-schweblin\/#breadcrumb\",\"itemListElement\":[{\"@type\":\"ListItem\",\"position\":1,\"name\":\"Home\",\"item\":\"https:\/\/bibliotecas.unileon.es\/tULEctura\/\"},{\"@type\":\"ListItem\",\"position\":2,\"name\":\"Club de Lectura\",\"item\":\"https:\/\/bibliotecas.unileon.es\/tULEctura\/pagina-ejemplo\/\"},{\"@type\":\"ListItem\",\"position\":3,\"name\":\"Curso 2021- 2022\",\"item\":\"https:\/\/bibliotecas.unileon.es\/tULEctura\/pagina-ejemplo\/curso-2021-2022\/\"},{\"@type\":\"ListItem\",\"position\":4,\"name\":\"Lectura 1: Kentukis, de Samanta Schweblin\"}]},{\"@type\":\"WebSite\",\"@id\":\"https:\/\/bibliotecas.unileon.es\/tULEctura\/#website\",\"url\":\"https:\/\/bibliotecas.unileon.es\/tULEctura\/\",\"name\":\"tULEctura\",\"description\":\"Espacio de la Universidad de Le\u00f3n dedicado a la lectura\",\"publisher\":{\"@id\":\"https:\/\/bibliotecas.unileon.es\/tULEctura\/#organization\"},\"potentialAction\":[{\"@type\":\"SearchAction\",\"target\":{\"@type\":\"EntryPoint\",\"urlTemplate\":\"https:\/\/bibliotecas.unileon.es\/tULEctura\/?s={search_term_string}\"},\"query-input\":{\"@type\":\"PropertyValueSpecification\",\"valueRequired\":true,\"valueName\":\"search_term_string\"}}],\"inLanguage\":\"es\"},{\"@type\":\"Organization\",\"@id\":\"https:\/\/bibliotecas.unileon.es\/tULEctura\/#organization\",\"name\":\"Universidad de Le\u00f3n\",\"url\":\"https:\/\/bibliotecas.unileon.es\/tULEctura\/\",\"logo\":{\"@type\":\"ImageObject\",\"inLanguage\":\"es\",\"@id\":\"https:\/\/bibliotecas.unileon.es\/tULEctura\/#\/schema\/logo\/image\/\",\"url\":\"https:\/\/bibliotecas.unileon.es\/tULEctura\/files\/2018\/08\/TULECTURA_LOGO1.png\",\"contentUrl\":\"https:\/\/bibliotecas.unileon.es\/tULEctura\/files\/2018\/08\/TULECTURA_LOGO1.png\",\"width\":\"960\",\"height\":\"258\",\"caption\":\"Universidad de Le\u00f3n\"},\"image\":{\"@id\":\"https:\/\/bibliotecas.unileon.es\/tULEctura\/#\/schema\/logo\/image\/\"},\"sameAs\":[\"https:\/\/www.facebook.com\/tulectura.unileon\/\",\"https:\/\/x.com\/tULEctura_ULE\",\"https:\/\/www.instagram.com\/tulectura.unileon\/\",\"https:\/\/www.pinterest.es\/tulectura\/\",\"https:\/\/www.youtube.com\/channel\/UCoWaDD39lVlAQcOchwlTPVw\"]}]}<\/script>\n<!-- \/ Yoast SEO plugin. -->","yoast_head_json":{"title":"Lectura 1: Kentukis, de Samanta Schweblin - tULEctura","robots":{"index":"index","follow":"follow","max-snippet":"max-snippet:-1","max-image-preview":"max-image-preview:large","max-video-preview":"max-video-preview:-1"},"canonical":"https:\/\/bibliotecas.unileon.es\/tULEctura\/pagina-ejemplo\/curso-2021-2022\/lectura-1-kentukis-de-samanta-schweblin\/","og_locale":"es_ES","og_type":"article","og_title":"Lectura 1: Kentukis, de Samanta Schweblin - tULEctura","og_description":"\u00abKentukis\u00bb, de \u00a0Samantha Schweblin Schweblin, Samanta ( 1978- ) , autor Kentukis \/ Samantha Schweblin Barcelona : Penguin Random House , 2018 221 p. ; 23 cm 9788439734895 Calendario 28 de septiembre de 2021: Sesi\u00f3n de Gu\u00eda a la lectura a cargo de Rosa Mar\u00eda D\u00edez Cobo 6 de octubre de 2021: Sesi\u00f3n de Coloquio [&hellip;]","og_url":"https:\/\/bibliotecas.unileon.es\/tULEctura\/pagina-ejemplo\/curso-2021-2022\/lectura-1-kentukis-de-samanta-schweblin\/","og_site_name":"tULEctura","article_publisher":"https:\/\/www.facebook.com\/tulectura.unileon\/","article_modified_time":"2021-10-13T19:07:19+00:00","og_image":[{"url":"https:\/\/bibliotecas.unileon.es\/tULEctura\/files\/2021\/07\/kentukis-1.jpg","type":"","width":"","height":""}],"twitter_card":"summary_large_image","twitter_site":"@tULEctura_ULE","twitter_misc":{"Tiempo de lectura":"5 minutos"},"schema":{"@context":"https:\/\/schema.org","@graph":[{"@type":"WebPage","@id":"https:\/\/bibliotecas.unileon.es\/tULEctura\/pagina-ejemplo\/curso-2021-2022\/lectura-1-kentukis-de-samanta-schweblin\/","url":"https:\/\/bibliotecas.unileon.es\/tULEctura\/pagina-ejemplo\/curso-2021-2022\/lectura-1-kentukis-de-samanta-schweblin\/","name":"Lectura 1: Kentukis, de Samanta Schweblin - tULEctura","isPartOf":{"@id":"https:\/\/bibliotecas.unileon.es\/tULEctura\/#website"},"primaryImageOfPage":{"@id":"https:\/\/bibliotecas.unileon.es\/tULEctura\/pagina-ejemplo\/curso-2021-2022\/lectura-1-kentukis-de-samanta-schweblin\/#primaryimage"},"image":{"@id":"https:\/\/bibliotecas.unileon.es\/tULEctura\/pagina-ejemplo\/curso-2021-2022\/lectura-1-kentukis-de-samanta-schweblin\/#primaryimage"},"thumbnailUrl":"https:\/\/bibliotecas.unileon.es\/tULEctura\/files\/2021\/07\/kentukis-1.jpg","datePublished":"2021-07-22T08:00:07+00:00","dateModified":"2021-10-13T19:07:19+00:00","breadcrumb":{"@id":"https:\/\/bibliotecas.unileon.es\/tULEctura\/pagina-ejemplo\/curso-2021-2022\/lectura-1-kentukis-de-samanta-schweblin\/#breadcrumb"},"inLanguage":"es","potentialAction":[{"@type":"ReadAction","target":["https:\/\/bibliotecas.unileon.es\/tULEctura\/pagina-ejemplo\/curso-2021-2022\/lectura-1-kentukis-de-samanta-schweblin\/"]}]},{"@type":"ImageObject","inLanguage":"es","@id":"https:\/\/bibliotecas.unileon.es\/tULEctura\/pagina-ejemplo\/curso-2021-2022\/lectura-1-kentukis-de-samanta-schweblin\/#primaryimage","url":"https:\/\/bibliotecas.unileon.es\/tULEctura\/files\/2021\/07\/kentukis-1.jpg","contentUrl":"https:\/\/bibliotecas.unileon.es\/tULEctura\/files\/2021\/07\/kentukis-1.jpg","width":381,"height":588},{"@type":"BreadcrumbList","@id":"https:\/\/bibliotecas.unileon.es\/tULEctura\/pagina-ejemplo\/curso-2021-2022\/lectura-1-kentukis-de-samanta-schweblin\/#breadcrumb","itemListElement":[{"@type":"ListItem","position":1,"name":"Home","item":"https:\/\/bibliotecas.unileon.es\/tULEctura\/"},{"@type":"ListItem","position":2,"name":"Club de Lectura","item":"https:\/\/bibliotecas.unileon.es\/tULEctura\/pagina-ejemplo\/"},{"@type":"ListItem","position":3,"name":"Curso 2021- 2022","item":"https:\/\/bibliotecas.unileon.es\/tULEctura\/pagina-ejemplo\/curso-2021-2022\/"},{"@type":"ListItem","position":4,"name":"Lectura 1: Kentukis, de Samanta Schweblin"}]},{"@type":"WebSite","@id":"https:\/\/bibliotecas.unileon.es\/tULEctura\/#website","url":"https:\/\/bibliotecas.unileon.es\/tULEctura\/","name":"tULEctura","description":"Espacio de la Universidad de Le\u00f3n dedicado a la lectura","publisher":{"@id":"https:\/\/bibliotecas.unileon.es\/tULEctura\/#organization"},"potentialAction":[{"@type":"SearchAction","target":{"@type":"EntryPoint","urlTemplate":"https:\/\/bibliotecas.unileon.es\/tULEctura\/?s={search_term_string}"},"query-input":{"@type":"PropertyValueSpecification","valueRequired":true,"valueName":"search_term_string"}}],"inLanguage":"es"},{"@type":"Organization","@id":"https:\/\/bibliotecas.unileon.es\/tULEctura\/#organization","name":"Universidad de Le\u00f3n","url":"https:\/\/bibliotecas.unileon.es\/tULEctura\/","logo":{"@type":"ImageObject","inLanguage":"es","@id":"https:\/\/bibliotecas.unileon.es\/tULEctura\/#\/schema\/logo\/image\/","url":"https:\/\/bibliotecas.unileon.es\/tULEctura\/files\/2018\/08\/TULECTURA_LOGO1.png","contentUrl":"https:\/\/bibliotecas.unileon.es\/tULEctura\/files\/2018\/08\/TULECTURA_LOGO1.png","width":"960","height":"258","caption":"Universidad de Le\u00f3n"},"image":{"@id":"https:\/\/bibliotecas.unileon.es\/tULEctura\/#\/schema\/logo\/image\/"},"sameAs":["https:\/\/www.facebook.com\/tulectura.unileon\/","https:\/\/x.com\/tULEctura_ULE","https:\/\/www.instagram.com\/tulectura.unileon\/","https:\/\/www.pinterest.es\/tulectura\/","https:\/\/www.youtube.com\/channel\/UCoWaDD39lVlAQcOchwlTPVw"]}]}},"_links":{"self":[{"href":"https:\/\/bibliotecas.unileon.es\/tULEctura\/wp-json\/wp\/v2\/pages\/48244","targetHints":{"allow":["GET"]}}],"collection":[{"href":"https:\/\/bibliotecas.unileon.es\/tULEctura\/wp-json\/wp\/v2\/pages"}],"about":[{"href":"https:\/\/bibliotecas.unileon.es\/tULEctura\/wp-json\/wp\/v2\/types\/page"}],"author":[{"embeddable":true,"href":"https:\/\/bibliotecas.unileon.es\/tULEctura\/wp-json\/wp\/v2\/users\/73"}],"replies":[{"embeddable":true,"href":"https:\/\/bibliotecas.unileon.es\/tULEctura\/wp-json\/wp\/v2\/comments?post=48244"}],"version-history":[{"count":1,"href":"https:\/\/bibliotecas.unileon.es\/tULEctura\/wp-json\/wp\/v2\/pages\/48244\/revisions"}],"predecessor-version":[{"id":48247,"href":"https:\/\/bibliotecas.unileon.es\/tULEctura\/wp-json\/wp\/v2\/pages\/48244\/revisions\/48247"}],"up":[{"embeddable":true,"href":"https:\/\/bibliotecas.unileon.es\/tULEctura\/wp-json\/wp\/v2\/pages\/48249"}],"wp:attachment":[{"href":"https:\/\/bibliotecas.unileon.es\/tULEctura\/wp-json\/wp\/v2\/media?parent=48244"}],"curies":[{"name":"wp","href":"https:\/\/api.w.org\/{rel}","templated":true}]}}