{"id":48257,"date":"2021-07-22T10:00:42","date_gmt":"2021-07-22T08:00:42","guid":{"rendered":"https:\/\/bibliotecas.unileon.es\/tULEctura\/?page_id=48257"},"modified":"2021-11-17T13:44:29","modified_gmt":"2021-11-17T12:44:29","slug":"lectura-3-cuentos-de-carlos-castan","status":"publish","type":"page","link":"https:\/\/bibliotecas.unileon.es\/tULEctura\/pagina-ejemplo\/curso-2021-2022\/lectura-3-cuentos-de-carlos-castan\/","title":{"rendered":"Lectura 3: Cuentos, de Carlos Cast\u00e1n"},"content":{"rendered":"<h1 style=\"text-align: center;\"><span style=\"color: #ad8f15;\"><em>\u00abCuentos\u00bb<\/em>, de Carlos Cast\u00e1n<\/span><\/h1>\n<p><img loading=\"lazy\" decoding=\"async\" class=\"alignright wp-image-48258\" src=\"https:\/\/bibliotecas.unileon.es\/tULEctura\/files\/2021\/07\/cuentos-carlos.jpg\" alt=\"Cuentos, Carlos Cast\u00e1n,\" width=\"250\" height=\"400\" \/>Cast\u00e1n, Carlos ( 1960-)<br \/>\nCuentos \/ Carlos Cast\u00e1n<br \/>\nMadrid : P\u00e1ginas de espuma , 2020<br \/>\n512 p.:\u00a0 22 cm<br \/>\nVoces\/ Literatura ; 303<br \/>\n9788483932865<\/p>\n<p>&nbsp;<\/p>\n<p><span style=\"color: #ad8f15;\"><strong>Calendario<\/strong><\/span><\/p>\n<ul>\n<li>9 de noviembre &#8211; <strong><a href=\"https:\/\/bibliotecas.unileon.es\/tULEctura\/2021\/11\/09\/guia-a-la-lectura-cuentos-de-carlos-castan\/\" target=\"_blank\" rel=\"noopener\">Sesi\u00f3n de Gu\u00eda a la lectura<\/a><\/strong>, a cargo de <strong><span style=\"color: #ad8f15;\"><a style=\"color: #ad8f15;\" href=\"https:\/\/dialnet.unirioja.es\/servlet\/autor?codigo=3554003\" target=\"_blank\" rel=\"noopener\">Ana Abello Verano<\/a><\/span><\/strong><\/li>\n<li>16 de noviembre &#8211; <strong><a href=\"https:\/\/bibliotecas.unileon.es\/tULEctura\/2021\/11\/17\/coloquio-de-los-socios-cuentos-de-carlos-castan\/\" target=\"_blank\" rel=\"noopener\">Sesi\u00f3n de Coloquio de los socios.<\/a>\u00a0<\/strong>Por <a href=\"https:\/\/orcid.org\/0000-0002-5448-3453\" target=\"_blank\" rel=\"noopener\">Carmen Rodr\u00edguez Campo<\/a><\/li>\n<li>23 de noviembre &#8211; Sesi\u00f3n de Encuentro entre socios y autor<\/li>\n<\/ul>\n<p><span style=\"color: #ad8f15;\"><strong style=\"font-size: 1rem;\">Lugar y horario<\/strong><\/span><\/p>\n<p style=\"text-align: justify;\">Aunque la sede del club le lectura sigue estando en la Biblioteca San Isidoro, debido a las recomendaciones sanitarias, las sesiones ser\u00e1n no presenciales, sino en formato online, a trav\u00e9s de Google Meet.<\/p>\n<h2><span style=\"color: #ad8f15;\">El autor: Carlos Cast\u00e1n<\/span><\/h2>\n<div id=\"attachment_48260\" style=\"width: 1258px\" class=\"wp-caption aligncenter\"><img loading=\"lazy\" decoding=\"async\" aria-describedby=\"caption-attachment-48260\" class=\"size-full wp-image-48260\" src=\"https:\/\/bibliotecas.unileon.es\/tULEctura\/files\/2021\/07\/Carlos-Castan.-Foto-Asis-G.-Ayerbe.jpg\" alt=\"Carlos Castan. Foto As\u00eds G. Ayerbe\" width=\"1248\" height=\"770\" \/><p id=\"caption-attachment-48260\" class=\"wp-caption-text\">Carlos Cast\u00e1n. (Foto: As\u00eds G. Ayerbe)<\/p><\/div>\n<p style=\"text-align: justify;\">Barcelona, 1960. Es licenciado en Filosof\u00eda por la Universidad Aut\u00f3noma de Madrid, ciudad en la que ha transcurrido buena parte de su vida y donde actualmente trabaja como profesor de filosof\u00eda en la ense\u00f1anza p\u00fablica. Es autor de los libros de relatos <em>Fr\u00edo de vivir <\/em>(1997), <em>Museo de la soledad <\/em>(2000 y 2007) y <em>Solo de lo perdido <\/em>(2008), as\u00ed como del volumen de art\u00edculos <em>Papeles dispersos <\/em>(2009), del relato <em>Polvo en el ne\u00f3n <\/em>(2012) y de la novela <em>La mala luz <\/em>(2013 y 2020).<\/p>\n<p>De Carlos Cast\u00e1n se ha escrito:<\/p>\n<p style=\"padding-left: 80px; text-align: justify;\">\u00abCast\u00e1n pinta atm\u00f3sferas. Cast\u00e1n dibuja personajes. Leer a Cast\u00e1n merece la pena\u00bb \u00a0(Antonio Fontana, <em>ABC<\/em>)<\/p>\n<p style=\"padding-left: 80px; text-align: justify;\">\u00abCarlos Cast\u00e1n es el mejor narrador que tenemos en Espa\u00f1a\u00bb (Lorenzo Silva, <em>Las Provincias)<\/em><\/p>\n<p style=\"padding-left: 80px; text-align: justify;\">\u00abCarlos Cast\u00e1n es becqueriano en el mejor sentido de la palabra. Un postrom\u00e1ntico excelente\u00bb (Marta Sanz)<\/p>\n<p style=\"padding-left: 80px; text-align: justify;\">\u00abDeber\u00eda ser saboreado como un vino espl\u00e9ndido\u00bb (Juan Bonilla, <em>El Mundo)<\/em><\/p>\n<p style=\"padding-left: 80px; text-align: justify;\">\u00abCast\u00e1n aborda el azar, el dolor, el oficio de vivir, las huellas del pasado que se manifiestan en las casualidades del presente y las diferentes caras de la soledad\u00bb\u00a0 (Rosa Reg\u00e1s, <em>El Correo Digital)<\/em><\/p>\n<p>&nbsp;<\/p>\n<h2><span style=\"color: #ad8f15;\">Ponente y coordinadora de la lectura: <a style=\"color: #ad8f15;\" href=\"https:\/\/dialnet.unirioja.es\/servlet\/autor?codigo=3554003\" target=\"_blank\" rel=\"noopener\">Ana Abella Verano<\/a><\/span><\/h2>\n<p style=\"text-align: justify;\"><img loading=\"lazy\" decoding=\"async\" class=\"alignleft size-full wp-image-48261\" src=\"https:\/\/bibliotecas.unileon.es\/tULEctura\/files\/2021\/07\/ana.abello_verano.jpg\" alt=\"Ana Abello Verano\" width=\"200\" height=\"200\" \/>Profesora de Lengua castellana y Literatura de I.E.S. y colaboradora honor\u00edfica del Departamento de Filolog\u00eda Hisp\u00e1nica de la Universidad de Le\u00f3n. Ha sido becaria FPU y realiza la tesis titulada <em>Resortes<\/em><em> de lo ins\u00f3lito en la \u00faltima narrativa fant\u00e1stica espa\u00f1ola. Fisuras de lo real en la obra de Juan Jacinto Mu\u00f1oz Rengel<\/em>.<\/p>\n<p style=\"text-align: justify;\">Entre sus l\u00edneas de investigaci\u00f3n se encuentran las formas de expresi\u00f3n de lo fant\u00e1stico contempor\u00e1neo, inter\u00e9s acad\u00e9mico \u00a0que \u00a0se \u00a0concreta \u00a0en \u00a0la \u00a0publicaci\u00f3n \u00a0de \u00a0diversos \u00a0art\u00edculos \u00a0y \u00a0cap\u00edtulos \u00a0de \u00a0libro \u00a0sobre \u00a0autores\u00a0consagrados al g\u00e9nero. Forma parte del Grupo de Estudios Literarios y Comparados de lo Ins\u00f3lito y Perspectivas de G\u00e9nero (GEIG), de la Universidad de Le\u00f3n y recientemente ha coordinado, junto con Natalia \u00c1lvarez, el volumen <em><a href=\"https:\/\/catoute.unileon.es\/permalink\/34BUC_ULE\/ar7q83\/alma991008727761405772\" target=\"_blank\" rel=\"noopener\">Realidades fracturadas. Est\u00e9ticas de lo ins\u00f3lito en la narrativa en lengua espa\u00f1ola (1980-2018)<\/a> <\/em>(2019).<\/p>\n<h2><span style=\"color: #ad8f15;\"><strong>La obra (informaci\u00f3n ofrecida por la editorial)<\/strong><\/span><\/h2>\n<p style=\"text-align: justify;\">La reciente edici\u00f3n de sus <em>Cuentos <\/em>en la editorial P\u00e1ginas de Espuma recupera y re\u00fane tres libros de cuentos que \u2013si no lo son ya\u2013 est\u00e1n llamados a ser cl\u00e1sicos de la literatura contempor\u00e1nea. <em>Fr\u00edo de vivir<\/em>, <em>Museo de la Soledad <\/em>y <em>Solo de lo perdido <\/em>(junto a su relato m\u00e1s extenso, <em>Polvo en el ne\u00f3n<\/em>) han sido, a lo largo de m\u00e1s de veinte a\u00f1os, el ejemplo rotundo de una est\u00e9tica personal\u00edsima. No solo en la preocupaci\u00f3n formal y estil\u00edstica, donde Cast\u00e1n ha brillado de manera evidente, sino en lo tem\u00e1tico y en su forma de mirar: una vida dedicada a narrar la soledad, la fragilidad de lo que nos rodea, las heridas del amor, y la lucha incansable contra la memoria, los fantasmas y\u00a0 las culpas. Y la esperanza.<\/p>\n<h2 style=\"text-align: center;\"><span style=\"color: #ad8f15;\">Puedes empezar a leer la <span style=\"color: #ad8f15;\">obra<\/span><\/span><br \/>\n<a href=\"https:\/\/paginasdeespuma.com\/wp-content\/files_mf\/1603700796CASTAN_Cuentos_I_Extracto.pdf\" class=\"mtli_attachment mtli_pdf\" target=\"_blank\" rel=\"noopener\"><span style=\"color: #ad8f15;\"><em>\u00abCuentos\u00bb<\/em>, de Carlos Cast\u00e1n<\/span><\/a><\/h2>\n<p><img loading=\"lazy\" decoding=\"async\" class=\"aligncenter size-full wp-image-48268\" src=\"https:\/\/bibliotecas.unileon.es\/tULEctura\/files\/2021\/07\/3.jpg\" alt=\"\" width=\"2000\" height=\"1600\" \/><\/p>\n<h1><\/h1>\n","protected":false},"excerpt":{"rendered":"<p>\u00abCuentos\u00bb, de Carlos Cast\u00e1n Cast\u00e1n, Carlos ( 1960-) Cuentos \/ Carlos Cast\u00e1n Madrid : P\u00e1ginas de espuma , 2020 512 p.:\u00a0 22 cm Voces\/ Literatura ; 303 9788483932865 &nbsp; Calendario 9 de noviembre &#8211; Sesi\u00f3n de Gu\u00eda a la lectura, a cargo de Ana Abello Verano 16 de noviembre &#8211; Sesi\u00f3n de Coloquio de los [&hellip;]<\/p>\n","protected":false},"author":73,"featured_media":0,"parent":48249,"menu_order":3,"comment_status":"closed","ping_status":"closed","template":"","meta":{"_bbp_topic_count":0,"_bbp_reply_count":0,"_bbp_total_topic_count":0,"_bbp_total_reply_count":0,"_bbp_voice_count":0,"_bbp_anonymous_reply_count":0,"_bbp_topic_count_hidden":0,"_bbp_reply_count_hidden":0,"_bbp_forum_subforum_count":0,"_monsterinsights_skip_tracking":false,"_monsterinsights_sitenote_active":false,"_monsterinsights_sitenote_note":"","_monsterinsights_sitenote_category":0,"footnotes":""},"class_list":["post-48257","page","type-page","status-publish","hentry"],"yoast_head":"<!-- This site is optimized with the Yoast SEO plugin v25.8 - https:\/\/yoast.com\/wordpress\/plugins\/seo\/ -->\n<title>Lectura 3: Cuentos, de Carlos Cast\u00e1n - tULEctura<\/title>\n<meta name=\"robots\" content=\"index, follow, max-snippet:-1, max-image-preview:large, max-video-preview:-1\" \/>\n<link rel=\"canonical\" href=\"https:\/\/bibliotecas.unileon.es\/tULEctura\/pagina-ejemplo\/curso-2021-2022\/lectura-3-cuentos-de-carlos-castan\/\" \/>\n<meta property=\"og:locale\" content=\"es_ES\" \/>\n<meta property=\"og:type\" content=\"article\" \/>\n<meta property=\"og:title\" content=\"Lectura 3: Cuentos, de Carlos Cast\u00e1n - tULEctura\" \/>\n<meta property=\"og:description\" content=\"\u00abCuentos\u00bb, de Carlos Cast\u00e1n Cast\u00e1n, Carlos ( 1960-) Cuentos \/ Carlos Cast\u00e1n Madrid : P\u00e1ginas de espuma , 2020 512 p.:\u00a0 22 cm Voces\/ Literatura ; 303 9788483932865 &nbsp; Calendario 9 de noviembre &#8211; Sesi\u00f3n de Gu\u00eda a la lectura, a cargo de Ana Abello Verano 16 de noviembre &#8211; Sesi\u00f3n de Coloquio de los [&hellip;]\" \/>\n<meta property=\"og:url\" content=\"https:\/\/bibliotecas.unileon.es\/tULEctura\/pagina-ejemplo\/curso-2021-2022\/lectura-3-cuentos-de-carlos-castan\/\" \/>\n<meta property=\"og:site_name\" content=\"tULEctura\" \/>\n<meta property=\"article:publisher\" content=\"https:\/\/www.facebook.com\/tulectura.unileon\/\" \/>\n<meta property=\"article:modified_time\" content=\"2021-11-17T12:44:29+00:00\" \/>\n<meta property=\"og:image\" content=\"https:\/\/bibliotecas.unileon.es\/tULEctura\/files\/2021\/07\/cuentos-carlos.jpg\" \/>\n<meta name=\"twitter:card\" content=\"summary_large_image\" \/>\n<meta name=\"twitter:site\" content=\"@tULEctura_ULE\" \/>\n<meta name=\"twitter:label1\" content=\"Tiempo de lectura\" \/>\n\t<meta name=\"twitter:data1\" content=\"4 minutos\" \/>\n<script type=\"application\/ld+json\" class=\"yoast-schema-graph\">{\"@context\":\"https:\/\/schema.org\",\"@graph\":[{\"@type\":\"WebPage\",\"@id\":\"https:\/\/bibliotecas.unileon.es\/tULEctura\/pagina-ejemplo\/curso-2021-2022\/lectura-3-cuentos-de-carlos-castan\/\",\"url\":\"https:\/\/bibliotecas.unileon.es\/tULEctura\/pagina-ejemplo\/curso-2021-2022\/lectura-3-cuentos-de-carlos-castan\/\",\"name\":\"Lectura 3: Cuentos, de Carlos Cast\u00e1n - tULEctura\",\"isPartOf\":{\"@id\":\"https:\/\/bibliotecas.unileon.es\/tULEctura\/#website\"},\"primaryImageOfPage\":{\"@id\":\"https:\/\/bibliotecas.unileon.es\/tULEctura\/pagina-ejemplo\/curso-2021-2022\/lectura-3-cuentos-de-carlos-castan\/#primaryimage\"},\"image\":{\"@id\":\"https:\/\/bibliotecas.unileon.es\/tULEctura\/pagina-ejemplo\/curso-2021-2022\/lectura-3-cuentos-de-carlos-castan\/#primaryimage\"},\"thumbnailUrl\":\"https:\/\/bibliotecas.unileon.es\/tULEctura\/files\/2021\/07\/cuentos-carlos.jpg\",\"datePublished\":\"2021-07-22T08:00:42+00:00\",\"dateModified\":\"2021-11-17T12:44:29+00:00\",\"breadcrumb\":{\"@id\":\"https:\/\/bibliotecas.unileon.es\/tULEctura\/pagina-ejemplo\/curso-2021-2022\/lectura-3-cuentos-de-carlos-castan\/#breadcrumb\"},\"inLanguage\":\"es\",\"potentialAction\":[{\"@type\":\"ReadAction\",\"target\":[\"https:\/\/bibliotecas.unileon.es\/tULEctura\/pagina-ejemplo\/curso-2021-2022\/lectura-3-cuentos-de-carlos-castan\/\"]}]},{\"@type\":\"ImageObject\",\"inLanguage\":\"es\",\"@id\":\"https:\/\/bibliotecas.unileon.es\/tULEctura\/pagina-ejemplo\/curso-2021-2022\/lectura-3-cuentos-de-carlos-castan\/#primaryimage\",\"url\":\"https:\/\/bibliotecas.unileon.es\/tULEctura\/files\/2021\/07\/cuentos-carlos.jpg\",\"contentUrl\":\"https:\/\/bibliotecas.unileon.es\/tULEctura\/files\/2021\/07\/cuentos-carlos.jpg\",\"width\":1875,\"height\":3000,\"caption\":\"Cuentos, Carlos Cast\u00e1n,\"},{\"@type\":\"BreadcrumbList\",\"@id\":\"https:\/\/bibliotecas.unileon.es\/tULEctura\/pagina-ejemplo\/curso-2021-2022\/lectura-3-cuentos-de-carlos-castan\/#breadcrumb\",\"itemListElement\":[{\"@type\":\"ListItem\",\"position\":1,\"name\":\"Home\",\"item\":\"https:\/\/bibliotecas.unileon.es\/tULEctura\/\"},{\"@type\":\"ListItem\",\"position\":2,\"name\":\"Club de Lectura\",\"item\":\"https:\/\/bibliotecas.unileon.es\/tULEctura\/pagina-ejemplo\/\"},{\"@type\":\"ListItem\",\"position\":3,\"name\":\"Curso 2021- 2022\",\"item\":\"https:\/\/bibliotecas.unileon.es\/tULEctura\/pagina-ejemplo\/curso-2021-2022\/\"},{\"@type\":\"ListItem\",\"position\":4,\"name\":\"Lectura 3: Cuentos, de Carlos Cast\u00e1n\"}]},{\"@type\":\"WebSite\",\"@id\":\"https:\/\/bibliotecas.unileon.es\/tULEctura\/#website\",\"url\":\"https:\/\/bibliotecas.unileon.es\/tULEctura\/\",\"name\":\"tULEctura\",\"description\":\"Espacio de la Universidad de Le\u00f3n dedicado a la lectura\",\"publisher\":{\"@id\":\"https:\/\/bibliotecas.unileon.es\/tULEctura\/#organization\"},\"potentialAction\":[{\"@type\":\"SearchAction\",\"target\":{\"@type\":\"EntryPoint\",\"urlTemplate\":\"https:\/\/bibliotecas.unileon.es\/tULEctura\/?s={search_term_string}\"},\"query-input\":{\"@type\":\"PropertyValueSpecification\",\"valueRequired\":true,\"valueName\":\"search_term_string\"}}],\"inLanguage\":\"es\"},{\"@type\":\"Organization\",\"@id\":\"https:\/\/bibliotecas.unileon.es\/tULEctura\/#organization\",\"name\":\"Universidad de Le\u00f3n\",\"url\":\"https:\/\/bibliotecas.unileon.es\/tULEctura\/\",\"logo\":{\"@type\":\"ImageObject\",\"inLanguage\":\"es\",\"@id\":\"https:\/\/bibliotecas.unileon.es\/tULEctura\/#\/schema\/logo\/image\/\",\"url\":\"https:\/\/bibliotecas.unileon.es\/tULEctura\/files\/2018\/08\/TULECTURA_LOGO1.png\",\"contentUrl\":\"https:\/\/bibliotecas.unileon.es\/tULEctura\/files\/2018\/08\/TULECTURA_LOGO1.png\",\"width\":\"960\",\"height\":\"258\",\"caption\":\"Universidad de Le\u00f3n\"},\"image\":{\"@id\":\"https:\/\/bibliotecas.unileon.es\/tULEctura\/#\/schema\/logo\/image\/\"},\"sameAs\":[\"https:\/\/www.facebook.com\/tulectura.unileon\/\",\"https:\/\/x.com\/tULEctura_ULE\",\"https:\/\/www.instagram.com\/tulectura.unileon\/\",\"https:\/\/www.pinterest.es\/tulectura\/\",\"https:\/\/www.youtube.com\/channel\/UCoWaDD39lVlAQcOchwlTPVw\"]}]}<\/script>\n<!-- \/ Yoast SEO plugin. -->","yoast_head_json":{"title":"Lectura 3: Cuentos, de Carlos Cast\u00e1n - tULEctura","robots":{"index":"index","follow":"follow","max-snippet":"max-snippet:-1","max-image-preview":"max-image-preview:large","max-video-preview":"max-video-preview:-1"},"canonical":"https:\/\/bibliotecas.unileon.es\/tULEctura\/pagina-ejemplo\/curso-2021-2022\/lectura-3-cuentos-de-carlos-castan\/","og_locale":"es_ES","og_type":"article","og_title":"Lectura 3: Cuentos, de Carlos Cast\u00e1n - tULEctura","og_description":"\u00abCuentos\u00bb, de Carlos Cast\u00e1n Cast\u00e1n, Carlos ( 1960-) Cuentos \/ Carlos Cast\u00e1n Madrid : P\u00e1ginas de espuma , 2020 512 p.:\u00a0 22 cm Voces\/ Literatura ; 303 9788483932865 &nbsp; Calendario 9 de noviembre &#8211; Sesi\u00f3n de Gu\u00eda a la lectura, a cargo de Ana Abello Verano 16 de noviembre &#8211; Sesi\u00f3n de Coloquio de los [&hellip;]","og_url":"https:\/\/bibliotecas.unileon.es\/tULEctura\/pagina-ejemplo\/curso-2021-2022\/lectura-3-cuentos-de-carlos-castan\/","og_site_name":"tULEctura","article_publisher":"https:\/\/www.facebook.com\/tulectura.unileon\/","article_modified_time":"2021-11-17T12:44:29+00:00","og_image":[{"url":"https:\/\/bibliotecas.unileon.es\/tULEctura\/files\/2021\/07\/cuentos-carlos.jpg","type":"","width":"","height":""}],"twitter_card":"summary_large_image","twitter_site":"@tULEctura_ULE","twitter_misc":{"Tiempo de lectura":"4 minutos"},"schema":{"@context":"https:\/\/schema.org","@graph":[{"@type":"WebPage","@id":"https:\/\/bibliotecas.unileon.es\/tULEctura\/pagina-ejemplo\/curso-2021-2022\/lectura-3-cuentos-de-carlos-castan\/","url":"https:\/\/bibliotecas.unileon.es\/tULEctura\/pagina-ejemplo\/curso-2021-2022\/lectura-3-cuentos-de-carlos-castan\/","name":"Lectura 3: Cuentos, de Carlos Cast\u00e1n - tULEctura","isPartOf":{"@id":"https:\/\/bibliotecas.unileon.es\/tULEctura\/#website"},"primaryImageOfPage":{"@id":"https:\/\/bibliotecas.unileon.es\/tULEctura\/pagina-ejemplo\/curso-2021-2022\/lectura-3-cuentos-de-carlos-castan\/#primaryimage"},"image":{"@id":"https:\/\/bibliotecas.unileon.es\/tULEctura\/pagina-ejemplo\/curso-2021-2022\/lectura-3-cuentos-de-carlos-castan\/#primaryimage"},"thumbnailUrl":"https:\/\/bibliotecas.unileon.es\/tULEctura\/files\/2021\/07\/cuentos-carlos.jpg","datePublished":"2021-07-22T08:00:42+00:00","dateModified":"2021-11-17T12:44:29+00:00","breadcrumb":{"@id":"https:\/\/bibliotecas.unileon.es\/tULEctura\/pagina-ejemplo\/curso-2021-2022\/lectura-3-cuentos-de-carlos-castan\/#breadcrumb"},"inLanguage":"es","potentialAction":[{"@type":"ReadAction","target":["https:\/\/bibliotecas.unileon.es\/tULEctura\/pagina-ejemplo\/curso-2021-2022\/lectura-3-cuentos-de-carlos-castan\/"]}]},{"@type":"ImageObject","inLanguage":"es","@id":"https:\/\/bibliotecas.unileon.es\/tULEctura\/pagina-ejemplo\/curso-2021-2022\/lectura-3-cuentos-de-carlos-castan\/#primaryimage","url":"https:\/\/bibliotecas.unileon.es\/tULEctura\/files\/2021\/07\/cuentos-carlos.jpg","contentUrl":"https:\/\/bibliotecas.unileon.es\/tULEctura\/files\/2021\/07\/cuentos-carlos.jpg","width":1875,"height":3000,"caption":"Cuentos, Carlos Cast\u00e1n,"},{"@type":"BreadcrumbList","@id":"https:\/\/bibliotecas.unileon.es\/tULEctura\/pagina-ejemplo\/curso-2021-2022\/lectura-3-cuentos-de-carlos-castan\/#breadcrumb","itemListElement":[{"@type":"ListItem","position":1,"name":"Home","item":"https:\/\/bibliotecas.unileon.es\/tULEctura\/"},{"@type":"ListItem","position":2,"name":"Club de Lectura","item":"https:\/\/bibliotecas.unileon.es\/tULEctura\/pagina-ejemplo\/"},{"@type":"ListItem","position":3,"name":"Curso 2021- 2022","item":"https:\/\/bibliotecas.unileon.es\/tULEctura\/pagina-ejemplo\/curso-2021-2022\/"},{"@type":"ListItem","position":4,"name":"Lectura 3: Cuentos, de Carlos Cast\u00e1n"}]},{"@type":"WebSite","@id":"https:\/\/bibliotecas.unileon.es\/tULEctura\/#website","url":"https:\/\/bibliotecas.unileon.es\/tULEctura\/","name":"tULEctura","description":"Espacio de la Universidad de Le\u00f3n dedicado a la lectura","publisher":{"@id":"https:\/\/bibliotecas.unileon.es\/tULEctura\/#organization"},"potentialAction":[{"@type":"SearchAction","target":{"@type":"EntryPoint","urlTemplate":"https:\/\/bibliotecas.unileon.es\/tULEctura\/?s={search_term_string}"},"query-input":{"@type":"PropertyValueSpecification","valueRequired":true,"valueName":"search_term_string"}}],"inLanguage":"es"},{"@type":"Organization","@id":"https:\/\/bibliotecas.unileon.es\/tULEctura\/#organization","name":"Universidad de Le\u00f3n","url":"https:\/\/bibliotecas.unileon.es\/tULEctura\/","logo":{"@type":"ImageObject","inLanguage":"es","@id":"https:\/\/bibliotecas.unileon.es\/tULEctura\/#\/schema\/logo\/image\/","url":"https:\/\/bibliotecas.unileon.es\/tULEctura\/files\/2018\/08\/TULECTURA_LOGO1.png","contentUrl":"https:\/\/bibliotecas.unileon.es\/tULEctura\/files\/2018\/08\/TULECTURA_LOGO1.png","width":"960","height":"258","caption":"Universidad de Le\u00f3n"},"image":{"@id":"https:\/\/bibliotecas.unileon.es\/tULEctura\/#\/schema\/logo\/image\/"},"sameAs":["https:\/\/www.facebook.com\/tulectura.unileon\/","https:\/\/x.com\/tULEctura_ULE","https:\/\/www.instagram.com\/tulectura.unileon\/","https:\/\/www.pinterest.es\/tulectura\/","https:\/\/www.youtube.com\/channel\/UCoWaDD39lVlAQcOchwlTPVw"]}]}},"_links":{"self":[{"href":"https:\/\/bibliotecas.unileon.es\/tULEctura\/wp-json\/wp\/v2\/pages\/48257","targetHints":{"allow":["GET"]}}],"collection":[{"href":"https:\/\/bibliotecas.unileon.es\/tULEctura\/wp-json\/wp\/v2\/pages"}],"about":[{"href":"https:\/\/bibliotecas.unileon.es\/tULEctura\/wp-json\/wp\/v2\/types\/page"}],"author":[{"embeddable":true,"href":"https:\/\/bibliotecas.unileon.es\/tULEctura\/wp-json\/wp\/v2\/users\/73"}],"replies":[{"embeddable":true,"href":"https:\/\/bibliotecas.unileon.es\/tULEctura\/wp-json\/wp\/v2\/comments?post=48257"}],"version-history":[{"count":1,"href":"https:\/\/bibliotecas.unileon.es\/tULEctura\/wp-json\/wp\/v2\/pages\/48257\/revisions"}],"predecessor-version":[{"id":48259,"href":"https:\/\/bibliotecas.unileon.es\/tULEctura\/wp-json\/wp\/v2\/pages\/48257\/revisions\/48259"}],"up":[{"embeddable":true,"href":"https:\/\/bibliotecas.unileon.es\/tULEctura\/wp-json\/wp\/v2\/pages\/48249"}],"wp:attachment":[{"href":"https:\/\/bibliotecas.unileon.es\/tULEctura\/wp-json\/wp\/v2\/media?parent=48257"}],"curies":[{"name":"wp","href":"https:\/\/api.w.org\/{rel}","templated":true}]}}