{"id":48262,"date":"2021-07-22T10:00:36","date_gmt":"2021-07-22T08:00:36","guid":{"rendered":"https:\/\/bibliotecas.unileon.es\/tULEctura\/?page_id=48262"},"modified":"2022-09-15T19:30:55","modified_gmt":"2022-09-15T17:30:55","slug":"lectura-4-centroeuropa-de-vicente-luis-mora","status":"publish","type":"page","link":"https:\/\/bibliotecas.unileon.es\/tULEctura\/pagina-ejemplo\/curso-2021-2022\/lectura-4-centroeuropa-de-vicente-luis-mora\/","title":{"rendered":"Lectura 4: Centroeuropa, de Vicente Luis Mora"},"content":{"rendered":"<h1 style=\"text-align: center;\"><span style=\"color: #76a9db;\"><strong><em>\u00abCentroeuropa\u00bb<\/em>, de Vicente Luis Mora<\/strong><\/span><\/h1>\n<p>&nbsp;<\/p>\n<p>Mora, Vicente Luis ( 1970-)<img loading=\"lazy\" decoding=\"async\" class=\"alignright wp-image-48263\" src=\"https:\/\/bibliotecas.unileon.es\/tULEctura\/files\/2021\/07\/centroeuropa.jpg\" alt=\"Centroeuropa \/ Vicente Luis Mora\" width=\"194\" height=\"321\" \/><br \/>\nCentroeuropa \/ Vicente Luis Mora<br \/>\nBarcelona : Galaxia Gutenberg , 2020<br \/>\n180 p. ; 22 cm<br \/>\nNarrativa<br \/>\n9788418218088<\/p>\n<p><strong><span style=\"color: #76a9db;\">Calendario<\/span><\/strong><\/p>\n<ul>\n<li>30 de noviembre &#8211;<strong><span style=\"color: #76a9db;\"><a style=\"color: #76a9db;\" href=\"https:\/\/bibliotecas.unileon.es\/tULEctura\/2021\/11\/30\/guia-a-la-lectura-centroeuropa-de-vicente-luis-mora\/\" target=\"_blank\" rel=\"noopener\"> Sesi\u00f3n de Gu\u00eda a la lectura<\/a><\/span>,<\/strong> a cargo de <a href=\"https:\/\/dialnet.unirioja.es\/servlet\/autor?codigo=3677048\" target=\"_blank\" rel=\"noopener\">\u00a0<strong><span style=\"color: #76a9db;\">Raquel de la Varga Llamazares<\/span><\/strong><\/a><strong><span style=\"color: #76a9db;\">\u00a0<\/span><\/strong><\/li>\n<li>14 de diciembre &#8211;<span style=\"color: #76a9db;\"><strong> <a style=\"color: #76a9db;\" href=\"https:\/\/bibliotecas.unileon.es\/tULEctura\/2021\/12\/15\/coloquio-de-los-socios-centroeuropa-de-vicente-luis-mora\/\" target=\"_blank\" rel=\"noopener\">Sesi\u00f3n de Coloquio de los socios<\/a><\/strong><\/span><\/li>\n<li>21 de diciembre &#8211; <strong><span style=\"color: #76a9db;\"><a style=\"color: #76a9db;\" href=\"https:\/\/videos.unileon.es\/video\/61dc29ea8f420840248b4569\" target=\"_blank\" rel=\"noopener\">Sesi\u00f3n de Encuentro entre socios y autor<\/a><\/span><\/strong><\/li>\n<\/ul>\n<p><span style=\"color: #76a9db;\"><strong>Lugar y horario<\/strong><\/span><\/p>\n<p style=\"text-align: justify;\">Aunque la sede del club le lectura sigue estando en la Biblioteca San Isidoro, debido a las recomendaciones sanitarias, las sesiones ser\u00e1n no presenciales, sino en formato online, a trav\u00e9s de Google Meet.<\/p>\n<p>&nbsp;<\/p>\n<h2><span style=\"color: #76a9db;\">El autor: <strong>Vicente Luis Mora<\/strong><\/span><\/h2>\n<div id=\"attachment_48265\" style=\"width: 1010px\" class=\"wp-caption aligncenter\"><img loading=\"lazy\" decoding=\"async\" aria-describedby=\"caption-attachment-48265\" class=\"size-full wp-image-48265\" src=\"https:\/\/bibliotecas.unileon.es\/tULEctura\/files\/2021\/07\/Vicente-Luis-Mora-fotoJoseMartinez.jpg\" alt=\"Vicente Luis Mora (Foto: Jos\u00e9 Mart\u00ednez)\" width=\"1000\" height=\"675\" \/><p id=\"caption-attachment-48265\" class=\"wp-caption-text\">Vicente Luis Mora (Foto: Jos\u00e9 Mart\u00ednez)<\/p><\/div>\n<p style=\"text-align: justify;\">Vicente Luis Mora (C\u00f3rdoba, Espa\u00f1a, 1970) es Doctor en Literatura Espa\u00f1ola Contempor\u00e1nea con Premio Extraordinario de Doctorado y Licenciado en Derecho, ha trabajado como gestor cultural y ha sido profesor invitado en las Universidades de Brown (Estados Unidos) y Estocolmo (Suecia).<\/p>\n<p style=\"text-align: justify;\">Como escritor ha publicado las novelas <em>Cabeza de Vaca <\/em>(2017, XVIII Premio Torrente Ballester), <em>Circular <\/em>(2003, 2007) y <em>Alba<\/em><em> Cromm <\/em>(Seix Barral, 2010), el libro de relatos <em>Subterr\u00e1neos <\/em>(DVD, 2006), la colecci\u00f3n de aforismos <em>Nanomoralia <\/em>(La Isla de Siltol\u00e1, 2016), y libros de poemas como <em>Tiempo<\/em> (Pre-Textos, 2009) y <em>Serie <\/em>(Pre-Textos, 2015). Ejerce la cr\u00edtica en su blog <em>Diario de Lecturas <\/em>(I Premio Revista de Letras al Mejor Blog Nacional de Cr\u00edtica Literaria).<\/p>\n<p style=\"text-align: justify;\">Su novela Centroeuropa (Galaxia Gutenbert, 2020) ha recibido el XIII Premio M\u00e1laga de Novela y el reconocimiento de la cr\u00edtica.<\/p>\n<h2><span style=\"color: #76a9db;\">Ponente y coordinadora de la lectura: <a style=\"color: #76a9db;\" href=\"https:\/\/dialnet.unirioja.es\/servlet\/autor?codigo=3677048\" target=\"_blank\" rel=\"noopener\">Raquel de la Varga Llamazares<\/a><\/span><\/h2>\n<p style=\"text-align: justify;\"><img loading=\"lazy\" decoding=\"async\" class=\" wp-image-48255 alignleft\" src=\"https:\/\/bibliotecas.unileon.es\/tULEctura\/files\/2021\/07\/raquel-de-la-varga-llamazares.jpg\" alt=\"Raquel de la Varga Llamazarez\" width=\"264\" height=\"264\" \/>Licenciada en Filolog\u00eda Hisp\u00e1nica por la Universidad de Le\u00f3n (2008-2013) y, posteriormente, titulada en el M\u00e1ster Universitario de Investigaci\u00f3n en Literatura Espa\u00f1ola y Comparada (2013-2014), para el que realiz\u00f3 su TFM sobre la narrativa de Patricia Esteban Erl\u00e9s. Titulada en el M\u00e1ster Universitario en Formaci\u00f3n del Profesorado de Educaci\u00f3n Secundaria Obligatoria y Bachillerato, Formaci\u00f3n Profesional y Ense\u00f1anza \u00a0de Idiomas (2014-2015), tambi\u00e9n en la Universidad de Le\u00f3n.<\/p>\n<p style=\"text-align: justify;\">Ha publicado cap\u00edtulos de libro sobre lo ins\u00f3lito y relacionados con los estudios de g\u00e9nero en Espa\u00f1a. Es miembro del Grupo de Investigaci\u00f3n de la ULE \u00abGrupo de Estudios literarios y comparados de lo Ins\u00f3lito y perspectivas de G\u00e9nero\u00bb (GEIG). Ha sido becaria predoctoral de la Fundaci\u00f3n Antonio Pereira (Universidad de Le\u00f3n), durante el curso 2017\/18, y actualmente redacta su tesis sobre la cuent\u00edstica del citado escritor.<\/p>\n<h2><span style=\"color: #76a9db;\"><strong>La obra (informaci\u00f3n <span style=\"color: #76a9db;\">ofrecida<\/span> por la editorial)<\/strong><\/span><\/h2>\n<p style=\"text-align: justify;\">Prusia, en alg\u00fan lugar junto al Oder, en la frontera con Polonia, un invierno en las primeras d\u00e9cadas del siglo XIX. Un hombre, llegado desde lejos con la intenci\u00f3n de cultivar la dif\u00edcil tierra del lugar, descarga de su carreta el ata\u00fad con el cuerpo de su esposa, muerta durante el viaje. Cuando empieza a cavar la sepultura en la tierra helada, topa sorprendentemente con otro cuerpo: un soldado. Var\u00f3n, prusiano, soldado h\u00fasar y congelado: ese fue el primer cad\u00e1ver. Cuando uno encuentra bajo su tierra, en su propio suelo, un cuerpo enterrado, sospecha que no est\u00e1 solo; de alguna manera, quien halla un cad\u00e1ver teme o imagina que otros cuerpos aguardan inm\u00f3viles a la espera de su turno.<\/p>\n<p style=\"text-align: justify;\">Con el descubrimiento del cuerpo del primer soldado comenz\u00f3 la historia. La de una tierra inh\u00f3spita, batida por las guerras, en el coraz\u00f3n de Centroeuropa. Y en paralelo, la del destino tr\u00e1gico de quien nos narra lo acontecido. Con\u00a0<em>Centroeuropa<\/em>, novela ganadora del Premio M\u00e1laga 2019, Vicente Luis Mora aborda el tema de la identidad, tanto personal como hist\u00f3rica, a trav\u00e9s de un personaje que es m\u00faltiple, como m\u00faltiple es la historia de Europa. Una novela, en palabras del jurado que otorg\u00f3 el premio, \u00abque propone una mirada al coraz\u00f3n de Europa y sus heridas. Una f\u00e1bula sobre las guerras y las revoluciones que desde el siglo XIX han forjado la historia contempor\u00e1nea del continente<\/p>\n<p>&nbsp;<\/p>\n<h2 style=\"text-align: center;\"><span style=\"color: #76a9db;\">Puedes empezar a leer la obra <\/span><br \/>\n<a href=\"http:\/\/www.galaxiagutenberg.com\/wp-content\/uploads\/2020\/09\/1er-cap.-Centroeuropa.pdf\" class=\"mtli_attachment mtli_pdf\" target=\"_blank\" rel=\"noopener\"><span style=\"color: #76a9db;\"><em>\u00abCentroeuropa\u00bb<\/em> de Vicente Luis Mora<\/span><\/a><\/h2>\n<p>&nbsp;<\/p>\n<p><img loading=\"lazy\" decoding=\"async\" class=\"aligncenter size-full wp-image-48291\" src=\"https:\/\/bibliotecas.unileon.es\/tULEctura\/files\/2021\/07\/44.jpg\" alt=\"\" width=\"2000\" height=\"1600\" \/><\/p>\n","protected":false},"excerpt":{"rendered":"<p>\u00abCentroeuropa\u00bb, de Vicente Luis Mora &nbsp; Mora, Vicente Luis ( 1970-) Centroeuropa \/ Vicente Luis Mora Barcelona : Galaxia Gutenberg , 2020 180 p. ; 22 cm Narrativa 9788418218088 Calendario 30 de noviembre &#8211; Sesi\u00f3n de Gu\u00eda a la lectura, a cargo de \u00a0Raquel de la Varga Llamazares\u00a0 14 de diciembre &#8211; Sesi\u00f3n de Coloquio [&hellip;]<\/p>\n","protected":false},"author":73,"featured_media":0,"parent":48249,"menu_order":4,"comment_status":"closed","ping_status":"closed","template":"","meta":{"_bbp_topic_count":0,"_bbp_reply_count":0,"_bbp_total_topic_count":0,"_bbp_total_reply_count":0,"_bbp_voice_count":0,"_bbp_anonymous_reply_count":0,"_bbp_topic_count_hidden":0,"_bbp_reply_count_hidden":0,"_bbp_forum_subforum_count":0,"_monsterinsights_skip_tracking":false,"_monsterinsights_sitenote_active":false,"_monsterinsights_sitenote_note":"","_monsterinsights_sitenote_category":0,"footnotes":""},"class_list":["post-48262","page","type-page","status-publish","hentry"],"yoast_head":"<!-- This site is optimized with the Yoast SEO plugin v25.8 - https:\/\/yoast.com\/wordpress\/plugins\/seo\/ -->\n<title>Lectura 4: Centroeuropa, de Vicente Luis Mora - tULEctura %<\/title>\n<meta name=\"robots\" content=\"index, follow, max-snippet:-1, max-image-preview:large, max-video-preview:-1\" \/>\n<link rel=\"canonical\" href=\"https:\/\/bibliotecas.unileon.es\/tULEctura\/pagina-ejemplo\/curso-2021-2022\/lectura-4-centroeuropa-de-vicente-luis-mora\/\" \/>\n<meta property=\"og:locale\" content=\"es_ES\" \/>\n<meta property=\"og:type\" content=\"article\" \/>\n<meta property=\"og:title\" content=\"Lectura 4: Centroeuropa, de Vicente Luis Mora - tULEctura %\" \/>\n<meta property=\"og:description\" content=\"\u00abCentroeuropa\u00bb, de Vicente Luis Mora &nbsp; Mora, Vicente Luis ( 1970-) Centroeuropa \/ Vicente Luis Mora Barcelona : Galaxia Gutenberg , 2020 180 p. ; 22 cm Narrativa 9788418218088 Calendario 30 de noviembre &#8211; Sesi\u00f3n de Gu\u00eda a la lectura, a cargo de \u00a0Raquel de la Varga Llamazares\u00a0 14 de diciembre &#8211; Sesi\u00f3n de Coloquio [&hellip;]\" \/>\n<meta property=\"og:url\" content=\"https:\/\/bibliotecas.unileon.es\/tULEctura\/pagina-ejemplo\/curso-2021-2022\/lectura-4-centroeuropa-de-vicente-luis-mora\/\" \/>\n<meta property=\"og:site_name\" content=\"tULEctura\" \/>\n<meta property=\"article:publisher\" content=\"https:\/\/www.facebook.com\/tulectura.unileon\/\" \/>\n<meta property=\"article:modified_time\" content=\"2022-09-15T17:30:55+00:00\" \/>\n<meta property=\"og:image\" content=\"https:\/\/bibliotecas.unileon.es\/tULEctura\/files\/2021\/07\/centroeuropa.jpg\" \/>\n<meta name=\"twitter:card\" content=\"summary_large_image\" \/>\n<meta name=\"twitter:site\" content=\"@tULEctura_ULE\" \/>\n<meta name=\"twitter:label1\" content=\"Tiempo de lectura\" \/>\n\t<meta name=\"twitter:data1\" content=\"4 minutos\" \/>\n<script type=\"application\/ld+json\" class=\"yoast-schema-graph\">{\"@context\":\"https:\/\/schema.org\",\"@graph\":[{\"@type\":\"WebPage\",\"@id\":\"https:\/\/bibliotecas.unileon.es\/tULEctura\/pagina-ejemplo\/curso-2021-2022\/lectura-4-centroeuropa-de-vicente-luis-mora\/\",\"url\":\"https:\/\/bibliotecas.unileon.es\/tULEctura\/pagina-ejemplo\/curso-2021-2022\/lectura-4-centroeuropa-de-vicente-luis-mora\/\",\"name\":\"Lectura 4: Centroeuropa, de Vicente Luis Mora - tULEctura %\",\"isPartOf\":{\"@id\":\"https:\/\/bibliotecas.unileon.es\/tULEctura\/#website\"},\"primaryImageOfPage\":{\"@id\":\"https:\/\/bibliotecas.unileon.es\/tULEctura\/pagina-ejemplo\/curso-2021-2022\/lectura-4-centroeuropa-de-vicente-luis-mora\/#primaryimage\"},\"image\":{\"@id\":\"https:\/\/bibliotecas.unileon.es\/tULEctura\/pagina-ejemplo\/curso-2021-2022\/lectura-4-centroeuropa-de-vicente-luis-mora\/#primaryimage\"},\"thumbnailUrl\":\"https:\/\/bibliotecas.unileon.es\/tULEctura\/files\/2021\/07\/centroeuropa.jpg\",\"datePublished\":\"2021-07-22T08:00:36+00:00\",\"dateModified\":\"2022-09-15T17:30:55+00:00\",\"breadcrumb\":{\"@id\":\"https:\/\/bibliotecas.unileon.es\/tULEctura\/pagina-ejemplo\/curso-2021-2022\/lectura-4-centroeuropa-de-vicente-luis-mora\/#breadcrumb\"},\"inLanguage\":\"es\",\"potentialAction\":[{\"@type\":\"ReadAction\",\"target\":[\"https:\/\/bibliotecas.unileon.es\/tULEctura\/pagina-ejemplo\/curso-2021-2022\/lectura-4-centroeuropa-de-vicente-luis-mora\/\"]}]},{\"@type\":\"ImageObject\",\"inLanguage\":\"es\",\"@id\":\"https:\/\/bibliotecas.unileon.es\/tULEctura\/pagina-ejemplo\/curso-2021-2022\/lectura-4-centroeuropa-de-vicente-luis-mora\/#primaryimage\",\"url\":\"https:\/\/bibliotecas.unileon.es\/tULEctura\/files\/2021\/07\/centroeuropa.jpg\",\"contentUrl\":\"https:\/\/bibliotecas.unileon.es\/tULEctura\/files\/2021\/07\/centroeuropa.jpg\",\"width\":552,\"height\":914,\"caption\":\"Centroeuropa \/ Vicente Luis Mora\"},{\"@type\":\"BreadcrumbList\",\"@id\":\"https:\/\/bibliotecas.unileon.es\/tULEctura\/pagina-ejemplo\/curso-2021-2022\/lectura-4-centroeuropa-de-vicente-luis-mora\/#breadcrumb\",\"itemListElement\":[{\"@type\":\"ListItem\",\"position\":1,\"name\":\"Home\",\"item\":\"https:\/\/bibliotecas.unileon.es\/tULEctura\/\"},{\"@type\":\"ListItem\",\"position\":2,\"name\":\"Club de Lectura\",\"item\":\"https:\/\/bibliotecas.unileon.es\/tULEctura\/pagina-ejemplo\/\"},{\"@type\":\"ListItem\",\"position\":3,\"name\":\"Curso 2021- 2022\",\"item\":\"https:\/\/bibliotecas.unileon.es\/tULEctura\/pagina-ejemplo\/curso-2021-2022\/\"},{\"@type\":\"ListItem\",\"position\":4,\"name\":\"Lectura 4: Centroeuropa, de Vicente Luis Mora\"}]},{\"@type\":\"WebSite\",\"@id\":\"https:\/\/bibliotecas.unileon.es\/tULEctura\/#website\",\"url\":\"https:\/\/bibliotecas.unileon.es\/tULEctura\/\",\"name\":\"tULEctura\",\"description\":\"Espacio de la Universidad de Le\u00f3n dedicado a la lectura\",\"publisher\":{\"@id\":\"https:\/\/bibliotecas.unileon.es\/tULEctura\/#organization\"},\"potentialAction\":[{\"@type\":\"SearchAction\",\"target\":{\"@type\":\"EntryPoint\",\"urlTemplate\":\"https:\/\/bibliotecas.unileon.es\/tULEctura\/?s={search_term_string}\"},\"query-input\":{\"@type\":\"PropertyValueSpecification\",\"valueRequired\":true,\"valueName\":\"search_term_string\"}}],\"inLanguage\":\"es\"},{\"@type\":\"Organization\",\"@id\":\"https:\/\/bibliotecas.unileon.es\/tULEctura\/#organization\",\"name\":\"Universidad de Le\u00f3n\",\"url\":\"https:\/\/bibliotecas.unileon.es\/tULEctura\/\",\"logo\":{\"@type\":\"ImageObject\",\"inLanguage\":\"es\",\"@id\":\"https:\/\/bibliotecas.unileon.es\/tULEctura\/#\/schema\/logo\/image\/\",\"url\":\"https:\/\/bibliotecas.unileon.es\/tULEctura\/files\/2018\/08\/TULECTURA_LOGO1.png\",\"contentUrl\":\"https:\/\/bibliotecas.unileon.es\/tULEctura\/files\/2018\/08\/TULECTURA_LOGO1.png\",\"width\":\"960\",\"height\":\"258\",\"caption\":\"Universidad de Le\u00f3n\"},\"image\":{\"@id\":\"https:\/\/bibliotecas.unileon.es\/tULEctura\/#\/schema\/logo\/image\/\"},\"sameAs\":[\"https:\/\/www.facebook.com\/tulectura.unileon\/\",\"https:\/\/x.com\/tULEctura_ULE\",\"https:\/\/www.instagram.com\/tulectura.unileon\/\",\"https:\/\/www.pinterest.es\/tulectura\/\",\"https:\/\/www.youtube.com\/channel\/UCoWaDD39lVlAQcOchwlTPVw\"]}]}<\/script>\n<!-- \/ Yoast SEO plugin. -->","yoast_head_json":{"title":"Lectura 4: Centroeuropa, de Vicente Luis Mora - tULEctura %","robots":{"index":"index","follow":"follow","max-snippet":"max-snippet:-1","max-image-preview":"max-image-preview:large","max-video-preview":"max-video-preview:-1"},"canonical":"https:\/\/bibliotecas.unileon.es\/tULEctura\/pagina-ejemplo\/curso-2021-2022\/lectura-4-centroeuropa-de-vicente-luis-mora\/","og_locale":"es_ES","og_type":"article","og_title":"Lectura 4: Centroeuropa, de Vicente Luis Mora - tULEctura %","og_description":"\u00abCentroeuropa\u00bb, de Vicente Luis Mora &nbsp; Mora, Vicente Luis ( 1970-) Centroeuropa \/ Vicente Luis Mora Barcelona : Galaxia Gutenberg , 2020 180 p. ; 22 cm Narrativa 9788418218088 Calendario 30 de noviembre &#8211; Sesi\u00f3n de Gu\u00eda a la lectura, a cargo de \u00a0Raquel de la Varga Llamazares\u00a0 14 de diciembre &#8211; Sesi\u00f3n de Coloquio [&hellip;]","og_url":"https:\/\/bibliotecas.unileon.es\/tULEctura\/pagina-ejemplo\/curso-2021-2022\/lectura-4-centroeuropa-de-vicente-luis-mora\/","og_site_name":"tULEctura","article_publisher":"https:\/\/www.facebook.com\/tulectura.unileon\/","article_modified_time":"2022-09-15T17:30:55+00:00","og_image":[{"url":"https:\/\/bibliotecas.unileon.es\/tULEctura\/files\/2021\/07\/centroeuropa.jpg","type":"","width":"","height":""}],"twitter_card":"summary_large_image","twitter_site":"@tULEctura_ULE","twitter_misc":{"Tiempo de lectura":"4 minutos"},"schema":{"@context":"https:\/\/schema.org","@graph":[{"@type":"WebPage","@id":"https:\/\/bibliotecas.unileon.es\/tULEctura\/pagina-ejemplo\/curso-2021-2022\/lectura-4-centroeuropa-de-vicente-luis-mora\/","url":"https:\/\/bibliotecas.unileon.es\/tULEctura\/pagina-ejemplo\/curso-2021-2022\/lectura-4-centroeuropa-de-vicente-luis-mora\/","name":"Lectura 4: Centroeuropa, de Vicente Luis Mora - tULEctura %","isPartOf":{"@id":"https:\/\/bibliotecas.unileon.es\/tULEctura\/#website"},"primaryImageOfPage":{"@id":"https:\/\/bibliotecas.unileon.es\/tULEctura\/pagina-ejemplo\/curso-2021-2022\/lectura-4-centroeuropa-de-vicente-luis-mora\/#primaryimage"},"image":{"@id":"https:\/\/bibliotecas.unileon.es\/tULEctura\/pagina-ejemplo\/curso-2021-2022\/lectura-4-centroeuropa-de-vicente-luis-mora\/#primaryimage"},"thumbnailUrl":"https:\/\/bibliotecas.unileon.es\/tULEctura\/files\/2021\/07\/centroeuropa.jpg","datePublished":"2021-07-22T08:00:36+00:00","dateModified":"2022-09-15T17:30:55+00:00","breadcrumb":{"@id":"https:\/\/bibliotecas.unileon.es\/tULEctura\/pagina-ejemplo\/curso-2021-2022\/lectura-4-centroeuropa-de-vicente-luis-mora\/#breadcrumb"},"inLanguage":"es","potentialAction":[{"@type":"ReadAction","target":["https:\/\/bibliotecas.unileon.es\/tULEctura\/pagina-ejemplo\/curso-2021-2022\/lectura-4-centroeuropa-de-vicente-luis-mora\/"]}]},{"@type":"ImageObject","inLanguage":"es","@id":"https:\/\/bibliotecas.unileon.es\/tULEctura\/pagina-ejemplo\/curso-2021-2022\/lectura-4-centroeuropa-de-vicente-luis-mora\/#primaryimage","url":"https:\/\/bibliotecas.unileon.es\/tULEctura\/files\/2021\/07\/centroeuropa.jpg","contentUrl":"https:\/\/bibliotecas.unileon.es\/tULEctura\/files\/2021\/07\/centroeuropa.jpg","width":552,"height":914,"caption":"Centroeuropa \/ Vicente Luis Mora"},{"@type":"BreadcrumbList","@id":"https:\/\/bibliotecas.unileon.es\/tULEctura\/pagina-ejemplo\/curso-2021-2022\/lectura-4-centroeuropa-de-vicente-luis-mora\/#breadcrumb","itemListElement":[{"@type":"ListItem","position":1,"name":"Home","item":"https:\/\/bibliotecas.unileon.es\/tULEctura\/"},{"@type":"ListItem","position":2,"name":"Club de Lectura","item":"https:\/\/bibliotecas.unileon.es\/tULEctura\/pagina-ejemplo\/"},{"@type":"ListItem","position":3,"name":"Curso 2021- 2022","item":"https:\/\/bibliotecas.unileon.es\/tULEctura\/pagina-ejemplo\/curso-2021-2022\/"},{"@type":"ListItem","position":4,"name":"Lectura 4: Centroeuropa, de Vicente Luis Mora"}]},{"@type":"WebSite","@id":"https:\/\/bibliotecas.unileon.es\/tULEctura\/#website","url":"https:\/\/bibliotecas.unileon.es\/tULEctura\/","name":"tULEctura","description":"Espacio de la Universidad de Le\u00f3n dedicado a la lectura","publisher":{"@id":"https:\/\/bibliotecas.unileon.es\/tULEctura\/#organization"},"potentialAction":[{"@type":"SearchAction","target":{"@type":"EntryPoint","urlTemplate":"https:\/\/bibliotecas.unileon.es\/tULEctura\/?s={search_term_string}"},"query-input":{"@type":"PropertyValueSpecification","valueRequired":true,"valueName":"search_term_string"}}],"inLanguage":"es"},{"@type":"Organization","@id":"https:\/\/bibliotecas.unileon.es\/tULEctura\/#organization","name":"Universidad de Le\u00f3n","url":"https:\/\/bibliotecas.unileon.es\/tULEctura\/","logo":{"@type":"ImageObject","inLanguage":"es","@id":"https:\/\/bibliotecas.unileon.es\/tULEctura\/#\/schema\/logo\/image\/","url":"https:\/\/bibliotecas.unileon.es\/tULEctura\/files\/2018\/08\/TULECTURA_LOGO1.png","contentUrl":"https:\/\/bibliotecas.unileon.es\/tULEctura\/files\/2018\/08\/TULECTURA_LOGO1.png","width":"960","height":"258","caption":"Universidad de Le\u00f3n"},"image":{"@id":"https:\/\/bibliotecas.unileon.es\/tULEctura\/#\/schema\/logo\/image\/"},"sameAs":["https:\/\/www.facebook.com\/tulectura.unileon\/","https:\/\/x.com\/tULEctura_ULE","https:\/\/www.instagram.com\/tulectura.unileon\/","https:\/\/www.pinterest.es\/tulectura\/","https:\/\/www.youtube.com\/channel\/UCoWaDD39lVlAQcOchwlTPVw"]}]}},"_links":{"self":[{"href":"https:\/\/bibliotecas.unileon.es\/tULEctura\/wp-json\/wp\/v2\/pages\/48262","targetHints":{"allow":["GET"]}}],"collection":[{"href":"https:\/\/bibliotecas.unileon.es\/tULEctura\/wp-json\/wp\/v2\/pages"}],"about":[{"href":"https:\/\/bibliotecas.unileon.es\/tULEctura\/wp-json\/wp\/v2\/types\/page"}],"author":[{"embeddable":true,"href":"https:\/\/bibliotecas.unileon.es\/tULEctura\/wp-json\/wp\/v2\/users\/73"}],"replies":[{"embeddable":true,"href":"https:\/\/bibliotecas.unileon.es\/tULEctura\/wp-json\/wp\/v2\/comments?post=48262"}],"version-history":[{"count":1,"href":"https:\/\/bibliotecas.unileon.es\/tULEctura\/wp-json\/wp\/v2\/pages\/48262\/revisions"}],"predecessor-version":[{"id":48264,"href":"https:\/\/bibliotecas.unileon.es\/tULEctura\/wp-json\/wp\/v2\/pages\/48262\/revisions\/48264"}],"up":[{"embeddable":true,"href":"https:\/\/bibliotecas.unileon.es\/tULEctura\/wp-json\/wp\/v2\/pages\/48249"}],"wp:attachment":[{"href":"https:\/\/bibliotecas.unileon.es\/tULEctura\/wp-json\/wp\/v2\/media?parent=48262"}],"curies":[{"name":"wp","href":"https:\/\/api.w.org\/{rel}","templated":true}]}}