{"id":48645,"date":"2022-08-23T13:49:08","date_gmt":"2022-08-23T11:49:08","guid":{"rendered":"https:\/\/bibliotecas.unileon.es\/tULEctura\/?page_id=48645"},"modified":"2025-10-01T18:07:30","modified_gmt":"2025-10-01T16:07:30","slug":"curso-2022-2023","status":"publish","type":"page","link":"https:\/\/bibliotecas.unileon.es\/tULEctura\/pagina-ejemplo\/curso-2022-2023\/","title":{"rendered":"Curso 2022-2023"},"content":{"rendered":"<header class=\"entry-header\">\n<h1 class=\"entry-title\"><img decoding=\"async\" class=\"aligncenter\" style=\"font-size: 1rem;\" src=\"https:\/\/bibliotecas.unileon.es\/tULEctura\/files\/2018\/06\/MARCA-DERIVADA_BIBLIOTECA-ULE_MANUAL.jpg\" \/><\/h1>\n<\/header>\n<div class=\"entry-content\">\n<div class=\"entry-content\">\n<div class=\"pf-content\">\n<h1 style=\"text-align: center;\">D\u00e9cima\u00a0 edici\u00f3n del Club de lectura de la ULe<\/h1>\n<h1 style=\"text-align: center;\">Si est\u00e1s interesado en obtener el<br \/>\ndiploma acreditativo<br \/>\npara el reconocimiento de los cr\u00e9ditos LEC y ECTS,\u00a0 debes\u00a0<span style=\"color: #0000ff;\"><a style=\"color: #0000ff;\" href=\"http:\/\/extensionuniversitaria.unileon.es\/euniversitaria\/curso.aspx?id=2585\" target=\"_blank\" rel=\"noopener\">\u00a0matricularte en el\u00a0<strong>Curso \u00a0de Extensi\u00f3n Universitaria CLUB DE LECTURA UNIVERSIDAD DE LE\u00d3N<\/strong><strong>.<\/strong><\/a><\/span><\/h1>\n<p style=\"text-align: justify;\">El Club de lectura \u00a0de la Universidad de Le\u00f3n propone actividades que no s\u00f3lo est\u00e1n dirigidas al p\u00fablico universitario. La participaci\u00f3n est\u00e1 abierta a cualquier persona de la sociedad interesada. Es\u00a0<strong>gratuita<\/strong>. No hay l\u00edmite de edad ni se exige disponer de ning\u00fan certificado de estudios.<\/p>\n<p style=\"text-align: justify;\">Pretendemos reunirnos peri\u00f3dicamente para compartir la experiencia de la lectura y aprovecharla como competencia transversal para completar la formaci\u00f3n acad\u00e9mica y personal. Las sesiones del Club est\u00e1n abiertas tanto a la comunidad universitaria como a la sociedad aunque, en caso de ser necesario, se priorizar\u00e1 a la primera y a continuaci\u00f3n se tendr\u00e1 en cuenta el orden de inscripci\u00f3n.<\/p>\n<p><strong>Calendario<br \/>\n<\/strong>Fecha de inicio: 27\/09\/2022<br \/>\nFecha de finalizaci\u00f3n: 20\/12\/2022<\/p>\n<p><strong>Horario<br \/>\n<\/strong>19:00 a 20:15 horas.<\/p>\n<p style=\"text-align: justify;\"><strong>Lugar de celebraci\u00f3n y formato: presencial \/online<br \/>\n<\/strong><span style=\"font-size: 1rem;\">La sede del club le lectura est\u00e1 en\u00a0 la Biblioteca San Isidoro (Campus de Vegazana, Le\u00f3n), en cuya \u00a0sala de conferencias se celebran todos las sesiones y encuentros de los socios. De forma combinada, ofrecemos el formato <\/span><span style=\"font-size: 1rem;\">\u00a0h\u00edbrido online s\u00edncrono a trav\u00e9s de Meet (<\/span><span style=\"text-align: justify; font-size: 1rem;\">Por si quieres saber m\u00e1s de Meet: <\/span><strong style=\"font-size: 1rem;\"><a class=\"mtli_attachment mtli_pdf mtli_attachment mtli_pdf mtli_attachment mtli_pdf\" href=\"https:\/\/bibliotecas.unileon.es\/tULEctura\/files\/2020\/09\/Google-Meet-pdf.pdf\">Gu\u00eda r\u00e1pida de Google Meet pdf)<\/a><\/strong><\/p>\n<\/div>\n<\/div>\n<div class=\"entry-content\">\n<div class=\"pf-content\">\n<h2><strong>FORMAS DE PARTICIPACI\u00d3N\u00a0(\u00a1importante!)<\/strong><\/h2>\n<ol>\n<li style=\"text-align: justify;\"><span style=\"color: #0000ff;\">Si est\u00e1s interesado en obtener el diploma acreditativo para el reconocimiento de los cr\u00e9ditos LEC y ECTS,\u00a0 debes\u00a0\u00a0<a style=\"color: #0000ff;\" href=\"http:\/\/extensionuniversitaria.unileon.es\/euniversitaria\/curso.aspx?id=2585\" target=\"_blank\" rel=\"noopener\">matricularte en el\u00a0<strong>Curso \u00a0de Extensi\u00f3n Universitaria CLUB DE LECTURA UNIVERSIDAD DE LE\u00d3N<\/strong><strong>.<\/strong><\/a><\/span><br \/>\n<h2>\u00a1\u00a1\u00a1 No todo el mundo tiene que matricularse !!!<\/h2>\n<\/li>\n<li style=\"text-align: justify;\">La Universidad de Le\u00f3n abre su club de lectura a toda la sociedad, de forma abierta y gratuita. No necesitas \u00a0matricularse para poder participar, aunque s\u00ed te pedimos que nos manifiestes tu deseo de hacerlo para tenerte en cuenta, enviarte los avisos y recordatorios e invitarte a nuestras sesiones de GOOGLE MEET\u2026 \u00a0<strong>Env\u00edanos tus datos a nuestro correo\u00a0<a href=\"mailto:tulectura@unileon.es\"><span style=\"color: #0000ff;\">tulectura@unileon.es<\/span><\/a>\u00a0para que sepamos que contamos contigo<\/strong>. Ind\u00edcanos:<br \/>\n\u2013 Nombre y apellidos.<br \/>\n\u2013 Correo electr\u00f3nico (si eres miembro de la ULe, el institucional).<br \/>\n\u2013 Tipo de usuario: Estudiante\/ PDI\/ PAS \/Externo.<br \/>\nPor lo tanto, si solo est\u00e1s interesado en participar en coloquios y encuentros (virtuales) de las lecturas,\u00a0<strong>no\u00a0 es necesario que te matricules ni pagues ninguna cantidad econ\u00f3mica, pero s\u00ed que nos avises por correo y que nos env\u00edes tus datos<\/strong>.<\/li>\n<li style=\"text-align: justify;\">Puedes participar\u00a0 a trav\u00e9s del blog:\u00a0 te ofreceremos informaci\u00f3n de cada una de las sesiones y podr\u00e1s enviarnos tus comentarios. Adem\u00e1s grabaremos las sesiones y las pondremos a tu disposici\u00f3n para que las tengas disponibles siempre que quieras o\u00a0 por si no has podido asistir al encuentro en directo. Para participar de esto modo tampoco existe ning\u00fan requisito.<\/li>\n<\/ol>\n<h2 style=\"text-align: center;\"><strong><a href=\"https:\/\/bibliotecas.unileon.es\/tULEctura\/files\/2022\/09\/Club_lectura-triptico.pdf\" class=\"mtli_attachment mtli_pdf\">PROGRAMA PARA IMPRIMIR<\/a><\/strong><\/h2>\n<\/div>\n<\/div>\n<\/div>\n","protected":false},"excerpt":{"rendered":"<p>D\u00e9cima\u00a0 edici\u00f3n del Club de lectura de la ULe Si est\u00e1s interesado en obtener el diploma acreditativo para el reconocimiento de los cr\u00e9ditos LEC y ECTS,\u00a0 debes\u00a0\u00a0matricularte en el\u00a0Curso \u00a0de Extensi\u00f3n Universitaria CLUB DE LECTURA UNIVERSIDAD DE LE\u00d3N. El Club de lectura \u00a0de la Universidad de Le\u00f3n propone actividades que no s\u00f3lo est\u00e1n dirigidas al [&hellip;]<\/p>\n","protected":false},"author":73,"featured_media":0,"parent":2,"menu_order":11,"comment_status":"closed","ping_status":"closed","template":"","meta":{"_bbp_topic_count":0,"_bbp_reply_count":0,"_bbp_total_topic_count":0,"_bbp_total_reply_count":0,"_bbp_voice_count":0,"_bbp_anonymous_reply_count":0,"_bbp_topic_count_hidden":0,"_bbp_reply_count_hidden":0,"_bbp_forum_subforum_count":0,"_monsterinsights_skip_tracking":false,"_monsterinsights_sitenote_active":false,"_monsterinsights_sitenote_note":"","_monsterinsights_sitenote_category":0,"footnotes":""},"class_list":["post-48645","page","type-page","status-publish","hentry"],"yoast_head":"<!-- This site is optimized with the Yoast SEO plugin v25.8 - https:\/\/yoast.com\/wordpress\/plugins\/seo\/ -->\n<title>Curso 2022-2023 - tULEctura<\/title>\n<meta name=\"robots\" content=\"index, follow, max-snippet:-1, max-image-preview:large, max-video-preview:-1\" \/>\n<link rel=\"canonical\" href=\"https:\/\/bibliotecas.unileon.es\/tULEctura\/pagina-ejemplo\/curso-2022-2023\/\" \/>\n<meta property=\"og:locale\" content=\"es_ES\" \/>\n<meta property=\"og:type\" content=\"article\" \/>\n<meta property=\"og:title\" content=\"Curso 2022-2023 - tULEctura\" \/>\n<meta property=\"og:description\" content=\"D\u00e9cima\u00a0 edici\u00f3n del Club de lectura de la ULe Si est\u00e1s interesado en obtener el diploma acreditativo para el reconocimiento de los cr\u00e9ditos LEC y ECTS,\u00a0 debes\u00a0\u00a0matricularte en el\u00a0Curso \u00a0de Extensi\u00f3n Universitaria CLUB DE LECTURA UNIVERSIDAD DE LE\u00d3N. El Club de lectura \u00a0de la Universidad de Le\u00f3n propone actividades que no s\u00f3lo est\u00e1n dirigidas al [&hellip;]\" \/>\n<meta property=\"og:url\" content=\"https:\/\/bibliotecas.unileon.es\/tULEctura\/pagina-ejemplo\/curso-2022-2023\/\" \/>\n<meta property=\"og:site_name\" content=\"tULEctura\" \/>\n<meta property=\"article:publisher\" content=\"https:\/\/www.facebook.com\/tulectura.unileon\/\" \/>\n<meta property=\"article:modified_time\" content=\"2025-10-01T16:07:30+00:00\" \/>\n<meta property=\"og:image\" content=\"https:\/\/bibliotecas.unileon.es\/tULEctura\/files\/2018\/06\/MARCA-DERIVADA_BIBLIOTECA-ULE_MANUAL.jpg\" \/>\n<meta name=\"twitter:card\" content=\"summary_large_image\" \/>\n<meta name=\"twitter:site\" content=\"@tULEctura_ULE\" \/>\n<meta name=\"twitter:label1\" content=\"Tiempo de lectura\" \/>\n\t<meta name=\"twitter:data1\" content=\"3 minutos\" \/>\n<script type=\"application\/ld+json\" class=\"yoast-schema-graph\">{\"@context\":\"https:\/\/schema.org\",\"@graph\":[{\"@type\":\"WebPage\",\"@id\":\"https:\/\/bibliotecas.unileon.es\/tULEctura\/pagina-ejemplo\/curso-2022-2023\/\",\"url\":\"https:\/\/bibliotecas.unileon.es\/tULEctura\/pagina-ejemplo\/curso-2022-2023\/\",\"name\":\"Curso 2022-2023 - tULEctura\",\"isPartOf\":{\"@id\":\"https:\/\/bibliotecas.unileon.es\/tULEctura\/#website\"},\"primaryImageOfPage\":{\"@id\":\"https:\/\/bibliotecas.unileon.es\/tULEctura\/pagina-ejemplo\/curso-2022-2023\/#primaryimage\"},\"image\":{\"@id\":\"https:\/\/bibliotecas.unileon.es\/tULEctura\/pagina-ejemplo\/curso-2022-2023\/#primaryimage\"},\"thumbnailUrl\":\"https:\/\/bibliotecas.unileon.es\/tULEctura\/files\/2018\/06\/MARCA-DERIVADA_BIBLIOTECA-ULE_MANUAL.jpg\",\"datePublished\":\"2022-08-23T11:49:08+00:00\",\"dateModified\":\"2025-10-01T16:07:30+00:00\",\"breadcrumb\":{\"@id\":\"https:\/\/bibliotecas.unileon.es\/tULEctura\/pagina-ejemplo\/curso-2022-2023\/#breadcrumb\"},\"inLanguage\":\"es\",\"potentialAction\":[{\"@type\":\"ReadAction\",\"target\":[\"https:\/\/bibliotecas.unileon.es\/tULEctura\/pagina-ejemplo\/curso-2022-2023\/\"]}]},{\"@type\":\"ImageObject\",\"inLanguage\":\"es\",\"@id\":\"https:\/\/bibliotecas.unileon.es\/tULEctura\/pagina-ejemplo\/curso-2022-2023\/#primaryimage\",\"url\":\"https:\/\/bibliotecas.unileon.es\/tULEctura\/files\/2018\/06\/MARCA-DERIVADA_BIBLIOTECA-ULE_MANUAL.jpg\",\"contentUrl\":\"https:\/\/bibliotecas.unileon.es\/tULEctura\/files\/2018\/06\/MARCA-DERIVADA_BIBLIOTECA-ULE_MANUAL.jpg\",\"width\":\"846\",\"height\":\"269\"},{\"@type\":\"BreadcrumbList\",\"@id\":\"https:\/\/bibliotecas.unileon.es\/tULEctura\/pagina-ejemplo\/curso-2022-2023\/#breadcrumb\",\"itemListElement\":[{\"@type\":\"ListItem\",\"position\":1,\"name\":\"Home\",\"item\":\"https:\/\/bibliotecas.unileon.es\/tULEctura\/\"},{\"@type\":\"ListItem\",\"position\":2,\"name\":\"Club de Lectura\",\"item\":\"https:\/\/bibliotecas.unileon.es\/tULEctura\/pagina-ejemplo\/\"},{\"@type\":\"ListItem\",\"position\":3,\"name\":\"Curso 2022-2023\"}]},{\"@type\":\"WebSite\",\"@id\":\"https:\/\/bibliotecas.unileon.es\/tULEctura\/#website\",\"url\":\"https:\/\/bibliotecas.unileon.es\/tULEctura\/\",\"name\":\"tULEctura\",\"description\":\"Espacio de la Universidad de Le\u00f3n dedicado a la lectura\",\"publisher\":{\"@id\":\"https:\/\/bibliotecas.unileon.es\/tULEctura\/#organization\"},\"potentialAction\":[{\"@type\":\"SearchAction\",\"target\":{\"@type\":\"EntryPoint\",\"urlTemplate\":\"https:\/\/bibliotecas.unileon.es\/tULEctura\/?s={search_term_string}\"},\"query-input\":{\"@type\":\"PropertyValueSpecification\",\"valueRequired\":true,\"valueName\":\"search_term_string\"}}],\"inLanguage\":\"es\"},{\"@type\":\"Organization\",\"@id\":\"https:\/\/bibliotecas.unileon.es\/tULEctura\/#organization\",\"name\":\"Universidad de Le\u00f3n\",\"url\":\"https:\/\/bibliotecas.unileon.es\/tULEctura\/\",\"logo\":{\"@type\":\"ImageObject\",\"inLanguage\":\"es\",\"@id\":\"https:\/\/bibliotecas.unileon.es\/tULEctura\/#\/schema\/logo\/image\/\",\"url\":\"https:\/\/bibliotecas.unileon.es\/tULEctura\/files\/2018\/08\/TULECTURA_LOGO1.png\",\"contentUrl\":\"https:\/\/bibliotecas.unileon.es\/tULEctura\/files\/2018\/08\/TULECTURA_LOGO1.png\",\"width\":\"960\",\"height\":\"258\",\"caption\":\"Universidad de Le\u00f3n\"},\"image\":{\"@id\":\"https:\/\/bibliotecas.unileon.es\/tULEctura\/#\/schema\/logo\/image\/\"},\"sameAs\":[\"https:\/\/www.facebook.com\/tulectura.unileon\/\",\"https:\/\/x.com\/tULEctura_ULE\",\"https:\/\/www.instagram.com\/tulectura.unileon\/\",\"https:\/\/www.pinterest.es\/tulectura\/\",\"https:\/\/www.youtube.com\/channel\/UCoWaDD39lVlAQcOchwlTPVw\"]}]}<\/script>\n<!-- \/ Yoast SEO plugin. -->","yoast_head_json":{"title":"Curso 2022-2023 - tULEctura","robots":{"index":"index","follow":"follow","max-snippet":"max-snippet:-1","max-image-preview":"max-image-preview:large","max-video-preview":"max-video-preview:-1"},"canonical":"https:\/\/bibliotecas.unileon.es\/tULEctura\/pagina-ejemplo\/curso-2022-2023\/","og_locale":"es_ES","og_type":"article","og_title":"Curso 2022-2023 - tULEctura","og_description":"D\u00e9cima\u00a0 edici\u00f3n del Club de lectura de la ULe Si est\u00e1s interesado en obtener el diploma acreditativo para el reconocimiento de los cr\u00e9ditos LEC y ECTS,\u00a0 debes\u00a0\u00a0matricularte en el\u00a0Curso \u00a0de Extensi\u00f3n Universitaria CLUB DE LECTURA UNIVERSIDAD DE LE\u00d3N. El Club de lectura \u00a0de la Universidad de Le\u00f3n propone actividades que no s\u00f3lo est\u00e1n dirigidas al [&hellip;]","og_url":"https:\/\/bibliotecas.unileon.es\/tULEctura\/pagina-ejemplo\/curso-2022-2023\/","og_site_name":"tULEctura","article_publisher":"https:\/\/www.facebook.com\/tulectura.unileon\/","article_modified_time":"2025-10-01T16:07:30+00:00","og_image":[{"url":"https:\/\/bibliotecas.unileon.es\/tULEctura\/files\/2018\/06\/MARCA-DERIVADA_BIBLIOTECA-ULE_MANUAL.jpg","type":"","width":"","height":""}],"twitter_card":"summary_large_image","twitter_site":"@tULEctura_ULE","twitter_misc":{"Tiempo de lectura":"3 minutos"},"schema":{"@context":"https:\/\/schema.org","@graph":[{"@type":"WebPage","@id":"https:\/\/bibliotecas.unileon.es\/tULEctura\/pagina-ejemplo\/curso-2022-2023\/","url":"https:\/\/bibliotecas.unileon.es\/tULEctura\/pagina-ejemplo\/curso-2022-2023\/","name":"Curso 2022-2023 - tULEctura","isPartOf":{"@id":"https:\/\/bibliotecas.unileon.es\/tULEctura\/#website"},"primaryImageOfPage":{"@id":"https:\/\/bibliotecas.unileon.es\/tULEctura\/pagina-ejemplo\/curso-2022-2023\/#primaryimage"},"image":{"@id":"https:\/\/bibliotecas.unileon.es\/tULEctura\/pagina-ejemplo\/curso-2022-2023\/#primaryimage"},"thumbnailUrl":"https:\/\/bibliotecas.unileon.es\/tULEctura\/files\/2018\/06\/MARCA-DERIVADA_BIBLIOTECA-ULE_MANUAL.jpg","datePublished":"2022-08-23T11:49:08+00:00","dateModified":"2025-10-01T16:07:30+00:00","breadcrumb":{"@id":"https:\/\/bibliotecas.unileon.es\/tULEctura\/pagina-ejemplo\/curso-2022-2023\/#breadcrumb"},"inLanguage":"es","potentialAction":[{"@type":"ReadAction","target":["https:\/\/bibliotecas.unileon.es\/tULEctura\/pagina-ejemplo\/curso-2022-2023\/"]}]},{"@type":"ImageObject","inLanguage":"es","@id":"https:\/\/bibliotecas.unileon.es\/tULEctura\/pagina-ejemplo\/curso-2022-2023\/#primaryimage","url":"https:\/\/bibliotecas.unileon.es\/tULEctura\/files\/2018\/06\/MARCA-DERIVADA_BIBLIOTECA-ULE_MANUAL.jpg","contentUrl":"https:\/\/bibliotecas.unileon.es\/tULEctura\/files\/2018\/06\/MARCA-DERIVADA_BIBLIOTECA-ULE_MANUAL.jpg","width":"846","height":"269"},{"@type":"BreadcrumbList","@id":"https:\/\/bibliotecas.unileon.es\/tULEctura\/pagina-ejemplo\/curso-2022-2023\/#breadcrumb","itemListElement":[{"@type":"ListItem","position":1,"name":"Home","item":"https:\/\/bibliotecas.unileon.es\/tULEctura\/"},{"@type":"ListItem","position":2,"name":"Club de Lectura","item":"https:\/\/bibliotecas.unileon.es\/tULEctura\/pagina-ejemplo\/"},{"@type":"ListItem","position":3,"name":"Curso 2022-2023"}]},{"@type":"WebSite","@id":"https:\/\/bibliotecas.unileon.es\/tULEctura\/#website","url":"https:\/\/bibliotecas.unileon.es\/tULEctura\/","name":"tULEctura","description":"Espacio de la Universidad de Le\u00f3n dedicado a la lectura","publisher":{"@id":"https:\/\/bibliotecas.unileon.es\/tULEctura\/#organization"},"potentialAction":[{"@type":"SearchAction","target":{"@type":"EntryPoint","urlTemplate":"https:\/\/bibliotecas.unileon.es\/tULEctura\/?s={search_term_string}"},"query-input":{"@type":"PropertyValueSpecification","valueRequired":true,"valueName":"search_term_string"}}],"inLanguage":"es"},{"@type":"Organization","@id":"https:\/\/bibliotecas.unileon.es\/tULEctura\/#organization","name":"Universidad de Le\u00f3n","url":"https:\/\/bibliotecas.unileon.es\/tULEctura\/","logo":{"@type":"ImageObject","inLanguage":"es","@id":"https:\/\/bibliotecas.unileon.es\/tULEctura\/#\/schema\/logo\/image\/","url":"https:\/\/bibliotecas.unileon.es\/tULEctura\/files\/2018\/08\/TULECTURA_LOGO1.png","contentUrl":"https:\/\/bibliotecas.unileon.es\/tULEctura\/files\/2018\/08\/TULECTURA_LOGO1.png","width":"960","height":"258","caption":"Universidad de Le\u00f3n"},"image":{"@id":"https:\/\/bibliotecas.unileon.es\/tULEctura\/#\/schema\/logo\/image\/"},"sameAs":["https:\/\/www.facebook.com\/tulectura.unileon\/","https:\/\/x.com\/tULEctura_ULE","https:\/\/www.instagram.com\/tulectura.unileon\/","https:\/\/www.pinterest.es\/tulectura\/","https:\/\/www.youtube.com\/channel\/UCoWaDD39lVlAQcOchwlTPVw"]}]}},"_links":{"self":[{"href":"https:\/\/bibliotecas.unileon.es\/tULEctura\/wp-json\/wp\/v2\/pages\/48645","targetHints":{"allow":["GET"]}}],"collection":[{"href":"https:\/\/bibliotecas.unileon.es\/tULEctura\/wp-json\/wp\/v2\/pages"}],"about":[{"href":"https:\/\/bibliotecas.unileon.es\/tULEctura\/wp-json\/wp\/v2\/types\/page"}],"author":[{"embeddable":true,"href":"https:\/\/bibliotecas.unileon.es\/tULEctura\/wp-json\/wp\/v2\/users\/73"}],"replies":[{"embeddable":true,"href":"https:\/\/bibliotecas.unileon.es\/tULEctura\/wp-json\/wp\/v2\/comments?post=48645"}],"version-history":[{"count":1,"href":"https:\/\/bibliotecas.unileon.es\/tULEctura\/wp-json\/wp\/v2\/pages\/48645\/revisions"}],"predecessor-version":[{"id":48648,"href":"https:\/\/bibliotecas.unileon.es\/tULEctura\/wp-json\/wp\/v2\/pages\/48645\/revisions\/48648"}],"up":[{"embeddable":true,"href":"https:\/\/bibliotecas.unileon.es\/tULEctura\/wp-json\/wp\/v2\/pages\/2"}],"wp:attachment":[{"href":"https:\/\/bibliotecas.unileon.es\/tULEctura\/wp-json\/wp\/v2\/media?parent=48645"}],"curies":[{"name":"wp","href":"https:\/\/api.w.org\/{rel}","templated":true}]}}