{"id":48650,"date":"2022-08-24T09:34:34","date_gmt":"2022-08-24T07:34:34","guid":{"rendered":"https:\/\/bibliotecas.unileon.es\/tULEctura\/?page_id=48650"},"modified":"2023-07-26T11:05:22","modified_gmt":"2023-07-26T09:05:22","slug":"lectura-1-horda-de-ricardo-menendez-salmon","status":"publish","type":"page","link":"https:\/\/bibliotecas.unileon.es\/tULEctura\/pagina-ejemplo\/curso-2022-2023\/lectura-1-horda-de-ricardo-menendez-salmon\/","title":{"rendered":"Lectura 1: Horda, de Ricardo Men\u00e9ndez Salm\u00f3n"},"content":{"rendered":"<p><img loading=\"lazy\" decoding=\"async\" class=\" wp-image-48655 alignright\" src=\"https:\/\/bibliotecas.unileon.es\/tULEctura\/files\/2022\/08\/portada_horda_ricardo-menendez-salmon.jpg\" alt=\"\" width=\"173\" height=\"296\" \/><\/p>\n<p>&nbsp;<\/p>\n<p style=\"padding-left: 80px;\">Men\u00e9ndez Salm\u00f3n, Ricardo ( 1971-)<br \/>\nHorda \/ Ricardo Men\u00e9ndez Salm\u00f3n.<br \/>\nBarcelona : Seix Barral , 2021.<br \/>\n120 p. ; 23 cm<br \/>\n978-84-322-3923-6<\/p>\n<p><span style=\"color: #808000;\"><strong>Calendario<\/strong><\/span><\/p>\n<ul>\n<li style=\"text-align: justify;\">27 de septiembre &#8211; <span style=\"color: #808000;\"><strong><a style=\"color: #808000;\" href=\"https:\/\/bibliotecas.unileon.es\/tULEctura\/2022\/09\/27\/guia-a-la-lectura-horda-de-ricardo-menendez-salmon\/\" target=\"_blank\" rel=\"noopener\">Sesi\u00f3n de <span style=\"color: #808000;\">Gu\u00eda<\/span> a la lectura,<\/a><\/strong><span style=\"color: #333333;\"> a cargo de \u00c1lvaro Acebes Arias.<\/span><\/span><\/li>\n<li style=\"text-align: justify;\">4 de octubre &#8211; <a href=\"https:\/\/bibliotecas.unileon.es\/tULEctura\/2022\/10\/06\/coloquio-de-los-socios-horda-de-ricardo-menendez-salmon\/\" target=\"_blank\" rel=\"noopener\"><strong><span style=\"color: #808000;\">Sesi\u00f3n de Coloquio de los socios<\/span><\/strong>.<\/a><\/li>\n<li style=\"text-align: justify;\">14 de octubre &#8211; <strong><span style=\"color: #808000;\"><a style=\"color: #808000;\" href=\"https:\/\/videos.unileon.es\/video\/634b7fda8f42088f248b458f\" target=\"_blank\" rel=\"noopener\">Sesi\u00f3n de Encuentro entre socios y autor (v\u00eddeo)<\/a><\/span><\/strong><\/li>\n<\/ul>\n<p><span style=\"color: #808000;\"><strong>Lugar y horario<\/strong><\/span><\/p>\n<p style=\"text-align: justify;\">Los encuentros de esta \u00a0lectura tendr\u00e1n lugar\u00a0 a las 19:00 horas en la sala de conferencias de la Biblioteca General San Isidoro, <span style=\"font-size: 1rem;\">sede del club le lectura. <\/span><\/p>\n<p style=\"text-align: justify;\"><span style=\"font-size: 1rem;\">De forma combinada, ofrecemos el formato <\/span><span style=\"font-size: 1rem;\">\u00a0h\u00edbrido online s\u00edncrono a trav\u00e9s de Meet.<\/span><\/p>\n<h2><span style=\"color: #808000;\"><strong>El autor <\/strong><\/span><span style=\"color: #808000;\"><strong>(informaci\u00f3n ofrecida por la editorial)<\/strong><\/span><\/h2>\n<div id=\"attachment_48661\" style=\"width: 586px\" class=\"wp-caption aligncenter\"><img loading=\"lazy\" decoding=\"async\" aria-describedby=\"caption-attachment-48661\" class=\"wp-image-48661 size-full\" src=\"https:\/\/bibliotecas.unileon.es\/tULEctura\/files\/2022\/08\/Menendez-Salmon.jpg\" alt=\"Ricardo Men\u00e9ndez Salm\u00f3n) Foto: Seix Barral\/Tobias Bohm.\" width=\"576\" height=\"366\" \/><p id=\"caption-attachment-48661\" class=\"wp-caption-text\">Ricardo Men\u00e9ndez Salm\u00f3n (Foto \u00a9 Seix Barral\/Tobias Bohm)<\/p><\/div>\n<p style=\"text-align: justify;\"><strong>Ricardo Men\u00e9ndez Salm\u00f3n<\/strong>\u00a0(Gij\u00f3n, 1971) es autor de un singular libro de viajes,\u00a0<em>Asturias para Vera<\/em>\u00a0(2010, Premio Llanes), ha publicado los libros de relatos\u00a0<em>Los caballos azules<\/em>\u00a0(2005, Premios Juan Rulfo y de la Cr\u00edtica de Asturias) y\u00a0<em>Gritar<\/em>\u00a0(2007), y las novelas\u00a0<em>La filosof\u00eda en invierno<\/em>\u00a0(1999),\u00a0<em>Pan\u00f3ptico<\/em>\u00a0(2001),\u00a0<em>Los arrebatados<\/em>\u00a0(2003),\u00a0<em>La noche feroz<\/em>\u00a0(2006, Premio Casino de Mieres), la denominada\u00a0<em>Trilog\u00eda del mal<\/em>\u00a0\u2014que incluye\u00a0<em>La ofensa<\/em>\u00a0(2007, Premios Qwerty de Barcelona Televisi\u00f3n y Sintagma xxi),\u00a0<em>Derrumbe<\/em>\u00a0(2008, Premio de la Cr\u00edtica de Asturias) y\u00a0<em>El corrector<\/em>\u00a0(2009, Premio de la Cr\u00edtica de la Feria del Libro de Bilbao)\u2014,\u00a0<em>La luz es m\u00e1s antigua que el amor<\/em>\u00a0(2010, Premio C\u00e1lamo \u00abOtra mirada\u00bb),\u00a0<em>Medusa<\/em>\u00a0(2012, Premio Quim Mas\u00f3 a su adaptaci\u00f3n teatral por la compa\u00f1\u00eda La Virgueria),\u00a0<em>Ni\u00f1os en el tiempo<\/em>\u00a0(2014, Premio Las Am\u00e9ricas),\u00a0<em>El Sistema<\/em>\u00a0(2016, Premio Biblioteca Breve) y\u00a0<em>No entres d\u00f3cilmente en esa noche quieta<\/em>\u00a0(2020). Su obra ha sido traducida al alem\u00e1n, catal\u00e1n, franc\u00e9s, holand\u00e9s, italiano, portugu\u00e9s y turco.<\/p>\n<h2><span style=\"color: #808000;\"><strong>La obra (informaci\u00f3n ofrecida por la editorial)<\/strong><\/span><\/h2>\n<p style=\"text-align: justify;\">En un mundo donde, a fuerza de pervertirlas, las palabras han perdido su significado, los ni\u00f1os se han hecho con el poder y han instaurado el silencio como norma. Junto a esa imposici\u00f3n han creado una religi\u00f3n de la imagen, cifrada en un monumental dispositivo que emite est\u00edmulos visuales sin descanso, y persiguen cualquier manifestaci\u00f3n verbal o escrita. En esa realidad sorda y muda, alguien llamado \u00c9l (no hay nombres propios en esta f\u00e1bula) intenta hallar un sentido a la existencia amparado por tres compa\u00f1eros singulares: un libro, un mono y la risa.<\/p>\n<p style=\"text-align: justify;\">Ricardo Men\u00e9ndez Salm\u00f3n concentra en esta novela los grandes temas que han marcado su obra a lo largo de los a\u00f1os, como la p\u00e9rdida de sentido del discurso colectivo, la muerte de la palabra, el legado que dejamos a los que nos sobreviven y c\u00f3mo la tecnolog\u00eda nos transforma y nos convierte en otra especie de humanos. Intensa, estimulante e impecablemente escrita, Horda es una par\u00e1bola y, como tal, aspira a contener una lecci\u00f3n moral.<\/p>\n<p style=\"text-align: center;\"><strong><span style=\"color: #808000;\">Puedes empezar a leer la obra <a style=\"color: #808000;\" href=\"https:\/\/bibliotecas.unileon.es\/tULEctura\/files\/2022\/08\/47995_Horda.pdf\" class=\"mtli_attachment mtli_pdf\">Horda<\/a>\u00a0 de\u00a0 Ricardo Men\u00e9ndez Salm\u00f3n<\/span><\/strong><\/p>\n<p>&nbsp;<\/p>\n<p style=\"padding-left: 80px;\">\n","protected":false},"excerpt":{"rendered":"<p>&nbsp; Men\u00e9ndez Salm\u00f3n, Ricardo ( 1971-) Horda \/ Ricardo Men\u00e9ndez Salm\u00f3n. Barcelona : Seix Barral , 2021. 120 p. ; 23 cm 978-84-322-3923-6 Calendario 27 de septiembre &#8211; Sesi\u00f3n de Gu\u00eda a la lectura, a cargo de \u00c1lvaro Acebes Arias. 4 de octubre &#8211; Sesi\u00f3n de Coloquio de los socios. 14 de octubre &#8211; Sesi\u00f3n [&hellip;]<\/p>\n","protected":false},"author":73,"featured_media":0,"parent":48645,"menu_order":11,"comment_status":"closed","ping_status":"closed","template":"","meta":{"_bbp_topic_count":0,"_bbp_reply_count":0,"_bbp_total_topic_count":0,"_bbp_total_reply_count":0,"_bbp_voice_count":0,"_bbp_anonymous_reply_count":0,"_bbp_topic_count_hidden":0,"_bbp_reply_count_hidden":0,"_bbp_forum_subforum_count":0,"_monsterinsights_skip_tracking":false,"_monsterinsights_sitenote_active":false,"_monsterinsights_sitenote_note":"","_monsterinsights_sitenote_category":0,"footnotes":""},"class_list":["post-48650","page","type-page","status-publish","hentry"],"yoast_head":"<!-- This site is optimized with the Yoast SEO plugin v25.8 - https:\/\/yoast.com\/wordpress\/plugins\/seo\/ -->\n<title>Lectura 1: Horda, de Ricardo Men\u00e9ndez Salm\u00f3n - tULEctura<\/title>\n<meta name=\"robots\" content=\"index, follow, max-snippet:-1, max-image-preview:large, max-video-preview:-1\" \/>\n<link rel=\"canonical\" href=\"https:\/\/bibliotecas.unileon.es\/tULEctura\/pagina-ejemplo\/curso-2022-2023\/lectura-1-horda-de-ricardo-menendez-salmon\/\" \/>\n<meta property=\"og:locale\" content=\"es_ES\" \/>\n<meta property=\"og:type\" content=\"article\" \/>\n<meta property=\"og:title\" content=\"Lectura 1: Horda, de Ricardo Men\u00e9ndez Salm\u00f3n - tULEctura\" \/>\n<meta property=\"og:description\" content=\"&nbsp; Men\u00e9ndez Salm\u00f3n, Ricardo ( 1971-) Horda \/ Ricardo Men\u00e9ndez Salm\u00f3n. Barcelona : Seix Barral , 2021. 120 p. ; 23 cm 978-84-322-3923-6 Calendario 27 de septiembre &#8211; Sesi\u00f3n de Gu\u00eda a la lectura, a cargo de \u00c1lvaro Acebes Arias. 4 de octubre &#8211; Sesi\u00f3n de Coloquio de los socios. 14 de octubre &#8211; Sesi\u00f3n [&hellip;]\" \/>\n<meta property=\"og:url\" content=\"https:\/\/bibliotecas.unileon.es\/tULEctura\/pagina-ejemplo\/curso-2022-2023\/lectura-1-horda-de-ricardo-menendez-salmon\/\" \/>\n<meta property=\"og:site_name\" content=\"tULEctura\" \/>\n<meta property=\"article:publisher\" content=\"https:\/\/www.facebook.com\/tulectura.unileon\/\" \/>\n<meta property=\"article:modified_time\" content=\"2023-07-26T09:05:22+00:00\" \/>\n<meta property=\"og:image\" content=\"https:\/\/bibliotecas.unileon.es\/tULEctura\/files\/2022\/08\/portada_horda_ricardo-menendez-salmon.jpg\" \/>\n<meta name=\"twitter:card\" content=\"summary_large_image\" \/>\n<meta name=\"twitter:site\" content=\"@tULEctura_ULE\" \/>\n<meta name=\"twitter:label1\" content=\"Tiempo de lectura\" \/>\n\t<meta name=\"twitter:data1\" content=\"3 minutos\" \/>\n<script type=\"application\/ld+json\" class=\"yoast-schema-graph\">{\"@context\":\"https:\/\/schema.org\",\"@graph\":[{\"@type\":\"WebPage\",\"@id\":\"https:\/\/bibliotecas.unileon.es\/tULEctura\/pagina-ejemplo\/curso-2022-2023\/lectura-1-horda-de-ricardo-menendez-salmon\/\",\"url\":\"https:\/\/bibliotecas.unileon.es\/tULEctura\/pagina-ejemplo\/curso-2022-2023\/lectura-1-horda-de-ricardo-menendez-salmon\/\",\"name\":\"Lectura 1: Horda, de Ricardo Men\u00e9ndez Salm\u00f3n - tULEctura\",\"isPartOf\":{\"@id\":\"https:\/\/bibliotecas.unileon.es\/tULEctura\/#website\"},\"primaryImageOfPage\":{\"@id\":\"https:\/\/bibliotecas.unileon.es\/tULEctura\/pagina-ejemplo\/curso-2022-2023\/lectura-1-horda-de-ricardo-menendez-salmon\/#primaryimage\"},\"image\":{\"@id\":\"https:\/\/bibliotecas.unileon.es\/tULEctura\/pagina-ejemplo\/curso-2022-2023\/lectura-1-horda-de-ricardo-menendez-salmon\/#primaryimage\"},\"thumbnailUrl\":\"https:\/\/bibliotecas.unileon.es\/tULEctura\/files\/2022\/08\/portada_horda_ricardo-menendez-salmon.jpg\",\"datePublished\":\"2022-08-24T07:34:34+00:00\",\"dateModified\":\"2023-07-26T09:05:22+00:00\",\"breadcrumb\":{\"@id\":\"https:\/\/bibliotecas.unileon.es\/tULEctura\/pagina-ejemplo\/curso-2022-2023\/lectura-1-horda-de-ricardo-menendez-salmon\/#breadcrumb\"},\"inLanguage\":\"es\",\"potentialAction\":[{\"@type\":\"ReadAction\",\"target\":[\"https:\/\/bibliotecas.unileon.es\/tULEctura\/pagina-ejemplo\/curso-2022-2023\/lectura-1-horda-de-ricardo-menendez-salmon\/\"]}]},{\"@type\":\"ImageObject\",\"inLanguage\":\"es\",\"@id\":\"https:\/\/bibliotecas.unileon.es\/tULEctura\/pagina-ejemplo\/curso-2022-2023\/lectura-1-horda-de-ricardo-menendez-salmon\/#primaryimage\",\"url\":\"https:\/\/bibliotecas.unileon.es\/tULEctura\/files\/2022\/08\/portada_horda_ricardo-menendez-salmon.jpg\",\"contentUrl\":\"https:\/\/bibliotecas.unileon.es\/tULEctura\/files\/2022\/08\/portada_horda_ricardo-menendez-salmon.jpg\",\"width\":248,\"height\":425},{\"@type\":\"BreadcrumbList\",\"@id\":\"https:\/\/bibliotecas.unileon.es\/tULEctura\/pagina-ejemplo\/curso-2022-2023\/lectura-1-horda-de-ricardo-menendez-salmon\/#breadcrumb\",\"itemListElement\":[{\"@type\":\"ListItem\",\"position\":1,\"name\":\"Home\",\"item\":\"https:\/\/bibliotecas.unileon.es\/tULEctura\/\"},{\"@type\":\"ListItem\",\"position\":2,\"name\":\"Club de Lectura\",\"item\":\"https:\/\/bibliotecas.unileon.es\/tULEctura\/pagina-ejemplo\/\"},{\"@type\":\"ListItem\",\"position\":3,\"name\":\"Curso 2022-2023\",\"item\":\"https:\/\/bibliotecas.unileon.es\/tULEctura\/pagina-ejemplo\/curso-2022-2023\/\"},{\"@type\":\"ListItem\",\"position\":4,\"name\":\"Lectura 1: Horda, de Ricardo Men\u00e9ndez Salm\u00f3n\"}]},{\"@type\":\"WebSite\",\"@id\":\"https:\/\/bibliotecas.unileon.es\/tULEctura\/#website\",\"url\":\"https:\/\/bibliotecas.unileon.es\/tULEctura\/\",\"name\":\"tULEctura\",\"description\":\"Espacio de la Universidad de Le\u00f3n dedicado a la lectura\",\"publisher\":{\"@id\":\"https:\/\/bibliotecas.unileon.es\/tULEctura\/#organization\"},\"potentialAction\":[{\"@type\":\"SearchAction\",\"target\":{\"@type\":\"EntryPoint\",\"urlTemplate\":\"https:\/\/bibliotecas.unileon.es\/tULEctura\/?s={search_term_string}\"},\"query-input\":{\"@type\":\"PropertyValueSpecification\",\"valueRequired\":true,\"valueName\":\"search_term_string\"}}],\"inLanguage\":\"es\"},{\"@type\":\"Organization\",\"@id\":\"https:\/\/bibliotecas.unileon.es\/tULEctura\/#organization\",\"name\":\"Universidad de Le\u00f3n\",\"url\":\"https:\/\/bibliotecas.unileon.es\/tULEctura\/\",\"logo\":{\"@type\":\"ImageObject\",\"inLanguage\":\"es\",\"@id\":\"https:\/\/bibliotecas.unileon.es\/tULEctura\/#\/schema\/logo\/image\/\",\"url\":\"https:\/\/bibliotecas.unileon.es\/tULEctura\/files\/2018\/08\/TULECTURA_LOGO1.png\",\"contentUrl\":\"https:\/\/bibliotecas.unileon.es\/tULEctura\/files\/2018\/08\/TULECTURA_LOGO1.png\",\"width\":\"960\",\"height\":\"258\",\"caption\":\"Universidad de Le\u00f3n\"},\"image\":{\"@id\":\"https:\/\/bibliotecas.unileon.es\/tULEctura\/#\/schema\/logo\/image\/\"},\"sameAs\":[\"https:\/\/www.facebook.com\/tulectura.unileon\/\",\"https:\/\/x.com\/tULEctura_ULE\",\"https:\/\/www.instagram.com\/tulectura.unileon\/\",\"https:\/\/www.pinterest.es\/tulectura\/\",\"https:\/\/www.youtube.com\/channel\/UCoWaDD39lVlAQcOchwlTPVw\"]}]}<\/script>\n<!-- \/ Yoast SEO plugin. -->","yoast_head_json":{"title":"Lectura 1: Horda, de Ricardo Men\u00e9ndez Salm\u00f3n - tULEctura","robots":{"index":"index","follow":"follow","max-snippet":"max-snippet:-1","max-image-preview":"max-image-preview:large","max-video-preview":"max-video-preview:-1"},"canonical":"https:\/\/bibliotecas.unileon.es\/tULEctura\/pagina-ejemplo\/curso-2022-2023\/lectura-1-horda-de-ricardo-menendez-salmon\/","og_locale":"es_ES","og_type":"article","og_title":"Lectura 1: Horda, de Ricardo Men\u00e9ndez Salm\u00f3n - tULEctura","og_description":"&nbsp; Men\u00e9ndez Salm\u00f3n, Ricardo ( 1971-) Horda \/ Ricardo Men\u00e9ndez Salm\u00f3n. Barcelona : Seix Barral , 2021. 120 p. ; 23 cm 978-84-322-3923-6 Calendario 27 de septiembre &#8211; Sesi\u00f3n de Gu\u00eda a la lectura, a cargo de \u00c1lvaro Acebes Arias. 4 de octubre &#8211; Sesi\u00f3n de Coloquio de los socios. 14 de octubre &#8211; Sesi\u00f3n [&hellip;]","og_url":"https:\/\/bibliotecas.unileon.es\/tULEctura\/pagina-ejemplo\/curso-2022-2023\/lectura-1-horda-de-ricardo-menendez-salmon\/","og_site_name":"tULEctura","article_publisher":"https:\/\/www.facebook.com\/tulectura.unileon\/","article_modified_time":"2023-07-26T09:05:22+00:00","og_image":[{"url":"https:\/\/bibliotecas.unileon.es\/tULEctura\/files\/2022\/08\/portada_horda_ricardo-menendez-salmon.jpg","type":"","width":"","height":""}],"twitter_card":"summary_large_image","twitter_site":"@tULEctura_ULE","twitter_misc":{"Tiempo de lectura":"3 minutos"},"schema":{"@context":"https:\/\/schema.org","@graph":[{"@type":"WebPage","@id":"https:\/\/bibliotecas.unileon.es\/tULEctura\/pagina-ejemplo\/curso-2022-2023\/lectura-1-horda-de-ricardo-menendez-salmon\/","url":"https:\/\/bibliotecas.unileon.es\/tULEctura\/pagina-ejemplo\/curso-2022-2023\/lectura-1-horda-de-ricardo-menendez-salmon\/","name":"Lectura 1: Horda, de Ricardo Men\u00e9ndez Salm\u00f3n - tULEctura","isPartOf":{"@id":"https:\/\/bibliotecas.unileon.es\/tULEctura\/#website"},"primaryImageOfPage":{"@id":"https:\/\/bibliotecas.unileon.es\/tULEctura\/pagina-ejemplo\/curso-2022-2023\/lectura-1-horda-de-ricardo-menendez-salmon\/#primaryimage"},"image":{"@id":"https:\/\/bibliotecas.unileon.es\/tULEctura\/pagina-ejemplo\/curso-2022-2023\/lectura-1-horda-de-ricardo-menendez-salmon\/#primaryimage"},"thumbnailUrl":"https:\/\/bibliotecas.unileon.es\/tULEctura\/files\/2022\/08\/portada_horda_ricardo-menendez-salmon.jpg","datePublished":"2022-08-24T07:34:34+00:00","dateModified":"2023-07-26T09:05:22+00:00","breadcrumb":{"@id":"https:\/\/bibliotecas.unileon.es\/tULEctura\/pagina-ejemplo\/curso-2022-2023\/lectura-1-horda-de-ricardo-menendez-salmon\/#breadcrumb"},"inLanguage":"es","potentialAction":[{"@type":"ReadAction","target":["https:\/\/bibliotecas.unileon.es\/tULEctura\/pagina-ejemplo\/curso-2022-2023\/lectura-1-horda-de-ricardo-menendez-salmon\/"]}]},{"@type":"ImageObject","inLanguage":"es","@id":"https:\/\/bibliotecas.unileon.es\/tULEctura\/pagina-ejemplo\/curso-2022-2023\/lectura-1-horda-de-ricardo-menendez-salmon\/#primaryimage","url":"https:\/\/bibliotecas.unileon.es\/tULEctura\/files\/2022\/08\/portada_horda_ricardo-menendez-salmon.jpg","contentUrl":"https:\/\/bibliotecas.unileon.es\/tULEctura\/files\/2022\/08\/portada_horda_ricardo-menendez-salmon.jpg","width":248,"height":425},{"@type":"BreadcrumbList","@id":"https:\/\/bibliotecas.unileon.es\/tULEctura\/pagina-ejemplo\/curso-2022-2023\/lectura-1-horda-de-ricardo-menendez-salmon\/#breadcrumb","itemListElement":[{"@type":"ListItem","position":1,"name":"Home","item":"https:\/\/bibliotecas.unileon.es\/tULEctura\/"},{"@type":"ListItem","position":2,"name":"Club de Lectura","item":"https:\/\/bibliotecas.unileon.es\/tULEctura\/pagina-ejemplo\/"},{"@type":"ListItem","position":3,"name":"Curso 2022-2023","item":"https:\/\/bibliotecas.unileon.es\/tULEctura\/pagina-ejemplo\/curso-2022-2023\/"},{"@type":"ListItem","position":4,"name":"Lectura 1: Horda, de Ricardo Men\u00e9ndez Salm\u00f3n"}]},{"@type":"WebSite","@id":"https:\/\/bibliotecas.unileon.es\/tULEctura\/#website","url":"https:\/\/bibliotecas.unileon.es\/tULEctura\/","name":"tULEctura","description":"Espacio de la Universidad de Le\u00f3n dedicado a la lectura","publisher":{"@id":"https:\/\/bibliotecas.unileon.es\/tULEctura\/#organization"},"potentialAction":[{"@type":"SearchAction","target":{"@type":"EntryPoint","urlTemplate":"https:\/\/bibliotecas.unileon.es\/tULEctura\/?s={search_term_string}"},"query-input":{"@type":"PropertyValueSpecification","valueRequired":true,"valueName":"search_term_string"}}],"inLanguage":"es"},{"@type":"Organization","@id":"https:\/\/bibliotecas.unileon.es\/tULEctura\/#organization","name":"Universidad de Le\u00f3n","url":"https:\/\/bibliotecas.unileon.es\/tULEctura\/","logo":{"@type":"ImageObject","inLanguage":"es","@id":"https:\/\/bibliotecas.unileon.es\/tULEctura\/#\/schema\/logo\/image\/","url":"https:\/\/bibliotecas.unileon.es\/tULEctura\/files\/2018\/08\/TULECTURA_LOGO1.png","contentUrl":"https:\/\/bibliotecas.unileon.es\/tULEctura\/files\/2018\/08\/TULECTURA_LOGO1.png","width":"960","height":"258","caption":"Universidad de Le\u00f3n"},"image":{"@id":"https:\/\/bibliotecas.unileon.es\/tULEctura\/#\/schema\/logo\/image\/"},"sameAs":["https:\/\/www.facebook.com\/tulectura.unileon\/","https:\/\/x.com\/tULEctura_ULE","https:\/\/www.instagram.com\/tulectura.unileon\/","https:\/\/www.pinterest.es\/tulectura\/","https:\/\/www.youtube.com\/channel\/UCoWaDD39lVlAQcOchwlTPVw"]}]}},"_links":{"self":[{"href":"https:\/\/bibliotecas.unileon.es\/tULEctura\/wp-json\/wp\/v2\/pages\/48650","targetHints":{"allow":["GET"]}}],"collection":[{"href":"https:\/\/bibliotecas.unileon.es\/tULEctura\/wp-json\/wp\/v2\/pages"}],"about":[{"href":"https:\/\/bibliotecas.unileon.es\/tULEctura\/wp-json\/wp\/v2\/types\/page"}],"author":[{"embeddable":true,"href":"https:\/\/bibliotecas.unileon.es\/tULEctura\/wp-json\/wp\/v2\/users\/73"}],"replies":[{"embeddable":true,"href":"https:\/\/bibliotecas.unileon.es\/tULEctura\/wp-json\/wp\/v2\/comments?post=48650"}],"version-history":[{"count":1,"href":"https:\/\/bibliotecas.unileon.es\/tULEctura\/wp-json\/wp\/v2\/pages\/48650\/revisions"}],"predecessor-version":[{"id":48656,"href":"https:\/\/bibliotecas.unileon.es\/tULEctura\/wp-json\/wp\/v2\/pages\/48650\/revisions\/48656"}],"up":[{"embeddable":true,"href":"https:\/\/bibliotecas.unileon.es\/tULEctura\/wp-json\/wp\/v2\/pages\/48645"}],"wp:attachment":[{"href":"https:\/\/bibliotecas.unileon.es\/tULEctura\/wp-json\/wp\/v2\/media?parent=48650"}],"curies":[{"name":"wp","href":"https:\/\/api.w.org\/{rel}","templated":true}]}}