{"id":48662,"date":"2022-08-24T11:57:14","date_gmt":"2022-08-24T09:57:14","guid":{"rendered":"https:\/\/bibliotecas.unileon.es\/tULEctura\/?page_id=48662"},"modified":"2022-11-04T12:47:47","modified_gmt":"2022-11-04T11:47:47","slug":"lectura-2-agujero-de-hiroko-oyamada","status":"publish","type":"page","link":"https:\/\/bibliotecas.unileon.es\/tULEctura\/pagina-ejemplo\/curso-2022-2023\/lectura-2-agujero-de-hiroko-oyamada\/","title":{"rendered":"Lectura 2:  Agujero, de Hiroko Oyamada"},"content":{"rendered":"<p><img loading=\"lazy\" decoding=\"async\" class=\"alignright wp-image-48663\" src=\"https:\/\/bibliotecas.unileon.es\/tULEctura\/files\/2022\/08\/agujero.jpg\" alt=\"\" width=\"198\" height=\"330\" \/><\/p>\n<p>&nbsp;<\/p>\n<p style=\"padding-left: 40px;\">Oyamada, Hiroko ( 1983-)<br \/>\nAgujero \/ Hiroko Oyamada ; traducci\u00f3n del japon\u00e9s a cargo de Tana Oshima<br \/>\nMadrid : Impedimenta , 2021<br \/>\n189 p\u00e1ginas ; 20 cm<br \/>\n9788418668050<\/p>\n<p>&nbsp;<\/p>\n<p><span style=\"color: #41b0cc;\"><strong>Calendario<\/strong><\/span><\/p>\n<ul>\n<li>18 de octubre &#8211; <strong><a href=\"https:\/\/bibliotecas.unileon.es\/tULEctura\/2022\/10\/18\/guia-a-la-lectura-agujero-de-hiroko-oyamada\/\" target=\"_blank\" rel=\"noopener\">Sesi\u00f3n de Gu\u00eda a la lectura, a cargo de Rosa Mar\u00eda D\u00edez Cobo<\/a><\/strong>.<\/li>\n<li>25 de octubre &#8211; <strong><a href=\"https:\/\/bibliotecas.unileon.es\/tULEctura\/2022\/10\/26\/coloquio-de-los-socios-agujero-de-hiroko-oyamada\/\" target=\"_blank\" rel=\"noopener\">Sesi\u00f3n de Coloquio de los socios<\/a><\/strong>.<\/li>\n<\/ul>\n<p><span style=\"color: #41b0cc;\"><strong>Lugar y horario<\/strong><\/span><\/p>\n<p style=\"text-align: justify;\">Los encuentros de esta \u00a0lectura tendr\u00e1n lugar\u00a0 a las 19:00 horas en la sala de conferencias de la Biblioteca General San Isidoro, <span style=\"font-size: 1rem;\">sede del club le lectura. <\/span><\/p>\n<p style=\"text-align: justify;\"><span style=\"font-size: 1rem;\">De forma combinada, ofrecemos el formato <\/span><span style=\"font-size: 1rem;\">\u00a0h\u00edbrido online s\u00edncrono a trav\u00e9s de Meet.<\/span><\/p>\n<h2><span style=\"color: #41b0cc;\"><strong>La autora <\/strong><strong>(informaci\u00f3n ofrecida por la editorial)<\/strong><\/span><\/h2>\n<div id=\"attachment_48668\" style=\"width: 510px\" class=\"wp-caption aligncenter\"><img loading=\"lazy\" decoding=\"async\" aria-describedby=\"caption-attachment-48668\" class=\"wp-image-48668 size-full\" src=\"https:\/\/bibliotecas.unileon.es\/tULEctura\/files\/2022\/08\/HIROKO-OYAMADA.jpg\" alt=\"\" width=\"500\" height=\"500\" \/><p id=\"caption-attachment-48668\" class=\"wp-caption-text\">Hiroko Oyamada (Foto \u00a9 Shinchosha)<\/p><\/div>\n<p style=\"text-align: justify;\"><strong>Hiroko Oyamada<\/strong> naci\u00f3 en Hiroshima, en 1983. Tras graduarse en la universidad de la que fue escenario del primer bombardeo at\u00f3mico de la historia, encaden\u00f3 m\u00faltiples oficios precarios y desempe\u00f1os mec\u00e1nicos infructuosos, que coparon su mente durante horas y que quedaron irremediablemente reflejados en sus textos.<\/p>\n<p class=\"has-text-align-justify\" style=\"text-align: justify;\">Tal ser\u00eda el caso de su primera novela,\u00a0<em>La F\u00e1brica\u00a0<\/em>(2019), donde su experiencia en una cadena de montaje de coches le permiti\u00f3 reflexionar sobre la inquietud que le gener\u00f3 aquel trabajo y esbozar su preocupaci\u00f3n literaria principal: la oscuridad que rezuma aferrarse a las percepciones.<\/p>\n<p class=\"has-text-align-justify\" style=\"text-align: justify;\">La andadura de su segunda novela que ahora publicamos en Impedimenta,\u00a0<em>Agujero<\/em>\u00a0(2020), coincidi\u00f3 en el tiempo con su traslado al campo, circunstancia clave que, en palabras de la autora, le obsequi\u00f3 con la imagen final del libro. Oyamada cuenta en su haber con los siguientes galardones: el Schincho Prize for New Writers en 2010 por su primera novela, as\u00ed como con el Akutagawa Prize por la segunda, menci\u00f3n literaria, sin duda, m\u00e1s relevante en Jap\u00f3n. Franz Kafka y Haruki Murakami poseen gran influencia en su escritura. Su valor literario, as\u00ed como el prestigio del que disfruta su obra hacen de ella una de las autoras niponas contempor\u00e1neas m\u00e1s importantes.<\/p>\n<h2><span style=\"color: #41b0cc;\"><strong>La obra (informaci\u00f3n ofrecida por la <span style=\"color: #41b0cc;\">editorial)<\/span><\/strong><\/span><\/h2>\n<p style=\"text-align: justify;\">Al marido de Asa le han ofrecido un nuevo trabajo en una zona remota de Jap\u00f3n, pr\u00f3xima al hogar en que naci\u00f3. Durante un verano excepcionalmente c\u00e1lido, la pareja se instala junto a la casa de los suegros, entre el ensordecedor rugido de las cigarras, que todo lo invaden. Mientras su marido se entrega al trabajo, ella comienza a explorar el entorno por su cuenta. Hasta que un d\u00eda se topa con una extra\u00f1a criatura que no es un perro ni un mapache ni un ser humano. Asa la sigue hasta el terrapl\u00e9n de un r\u00edo, entre altos pastos que le llegan por las rodillas, y cae en un agujero que parece haber sido creado para ella, y en el que, en cierto modo, queda atrapada para siempre. \u00bfEst\u00e1 viendo ni\u00f1os fantasma? \u00bfSe ha convertido lo sobrenatural en parte de su vida?<\/p>\n<p style=\"text-align: center;\"><span style=\"color: #41b0cc;\"><strong>Puedes empezar a leer la obra\u00a0<a style=\"color: #41b0cc;\" href=\"https:\/\/bibliotecas.unileon.es\/tULEctura\/files\/2022\/08\/AGUJERO_OYAMADA.pdf\" class=\"mtli_attachment mtli_pdf\">Agujero,<\/a> de Hiroko Oyamada<\/strong><\/span><\/p>\n","protected":false},"excerpt":{"rendered":"<p>&nbsp; Oyamada, Hiroko ( 1983-) Agujero \/ Hiroko Oyamada ; traducci\u00f3n del japon\u00e9s a cargo de Tana Oshima Madrid : Impedimenta , 2021 189 p\u00e1ginas ; 20 cm 9788418668050 &nbsp; Calendario 18 de octubre &#8211; Sesi\u00f3n de Gu\u00eda a la lectura, a cargo de Rosa Mar\u00eda D\u00edez Cobo. 25 de octubre &#8211; Sesi\u00f3n de Coloquio [&hellip;]<\/p>\n","protected":false},"author":73,"featured_media":0,"parent":48645,"menu_order":2,"comment_status":"closed","ping_status":"closed","template":"","meta":{"_bbp_topic_count":0,"_bbp_reply_count":0,"_bbp_total_topic_count":0,"_bbp_total_reply_count":0,"_bbp_voice_count":0,"_bbp_anonymous_reply_count":0,"_bbp_topic_count_hidden":0,"_bbp_reply_count_hidden":0,"_bbp_forum_subforum_count":0,"_monsterinsights_skip_tracking":false,"_monsterinsights_sitenote_active":false,"_monsterinsights_sitenote_note":"","_monsterinsights_sitenote_category":0,"footnotes":""},"class_list":["post-48662","page","type-page","status-publish","hentry"],"yoast_head":"<!-- This site is optimized with the Yoast SEO plugin v25.8 - https:\/\/yoast.com\/wordpress\/plugins\/seo\/ -->\n<title>Lectura 2: Agujero, de Hiroko Oyamada - tULEctura<\/title>\n<meta name=\"robots\" content=\"index, follow, max-snippet:-1, max-image-preview:large, max-video-preview:-1\" \/>\n<link rel=\"canonical\" href=\"https:\/\/bibliotecas.unileon.es\/tULEctura\/pagina-ejemplo\/curso-2022-2023\/lectura-2-agujero-de-hiroko-oyamada\/\" \/>\n<meta property=\"og:locale\" content=\"es_ES\" \/>\n<meta property=\"og:type\" content=\"article\" \/>\n<meta property=\"og:title\" content=\"Lectura 2: Agujero, de Hiroko Oyamada - tULEctura\" \/>\n<meta property=\"og:description\" content=\"&nbsp; Oyamada, Hiroko ( 1983-) Agujero \/ Hiroko Oyamada ; traducci\u00f3n del japon\u00e9s a cargo de Tana Oshima Madrid : Impedimenta , 2021 189 p\u00e1ginas ; 20 cm 9788418668050 &nbsp; Calendario 18 de octubre &#8211; Sesi\u00f3n de Gu\u00eda a la lectura, a cargo de Rosa Mar\u00eda D\u00edez Cobo. 25 de octubre &#8211; Sesi\u00f3n de Coloquio [&hellip;]\" \/>\n<meta property=\"og:url\" content=\"https:\/\/bibliotecas.unileon.es\/tULEctura\/pagina-ejemplo\/curso-2022-2023\/lectura-2-agujero-de-hiroko-oyamada\/\" \/>\n<meta property=\"og:site_name\" content=\"tULEctura\" \/>\n<meta property=\"article:publisher\" content=\"https:\/\/www.facebook.com\/tulectura.unileon\/\" \/>\n<meta property=\"article:modified_time\" content=\"2022-11-04T11:47:47+00:00\" \/>\n<meta property=\"og:image\" content=\"https:\/\/bibliotecas.unileon.es\/tULEctura\/files\/2022\/08\/agujero.jpg\" \/>\n<meta name=\"twitter:card\" content=\"summary_large_image\" \/>\n<meta name=\"twitter:site\" content=\"@tULEctura_ULE\" \/>\n<meta name=\"twitter:label1\" content=\"Tiempo de lectura\" \/>\n\t<meta name=\"twitter:data1\" content=\"2 minutos\" \/>\n<script type=\"application\/ld+json\" class=\"yoast-schema-graph\">{\"@context\":\"https:\/\/schema.org\",\"@graph\":[{\"@type\":\"WebPage\",\"@id\":\"https:\/\/bibliotecas.unileon.es\/tULEctura\/pagina-ejemplo\/curso-2022-2023\/lectura-2-agujero-de-hiroko-oyamada\/\",\"url\":\"https:\/\/bibliotecas.unileon.es\/tULEctura\/pagina-ejemplo\/curso-2022-2023\/lectura-2-agujero-de-hiroko-oyamada\/\",\"name\":\"Lectura 2: Agujero, de Hiroko Oyamada - tULEctura\",\"isPartOf\":{\"@id\":\"https:\/\/bibliotecas.unileon.es\/tULEctura\/#website\"},\"primaryImageOfPage\":{\"@id\":\"https:\/\/bibliotecas.unileon.es\/tULEctura\/pagina-ejemplo\/curso-2022-2023\/lectura-2-agujero-de-hiroko-oyamada\/#primaryimage\"},\"image\":{\"@id\":\"https:\/\/bibliotecas.unileon.es\/tULEctura\/pagina-ejemplo\/curso-2022-2023\/lectura-2-agujero-de-hiroko-oyamada\/#primaryimage\"},\"thumbnailUrl\":\"https:\/\/bibliotecas.unileon.es\/tULEctura\/files\/2022\/08\/agujero.jpg\",\"datePublished\":\"2022-08-24T09:57:14+00:00\",\"dateModified\":\"2022-11-04T11:47:47+00:00\",\"breadcrumb\":{\"@id\":\"https:\/\/bibliotecas.unileon.es\/tULEctura\/pagina-ejemplo\/curso-2022-2023\/lectura-2-agujero-de-hiroko-oyamada\/#breadcrumb\"},\"inLanguage\":\"es\",\"potentialAction\":[{\"@type\":\"ReadAction\",\"target\":[\"https:\/\/bibliotecas.unileon.es\/tULEctura\/pagina-ejemplo\/curso-2022-2023\/lectura-2-agujero-de-hiroko-oyamada\/\"]}]},{\"@type\":\"ImageObject\",\"inLanguage\":\"es\",\"@id\":\"https:\/\/bibliotecas.unileon.es\/tULEctura\/pagina-ejemplo\/curso-2022-2023\/lectura-2-agujero-de-hiroko-oyamada\/#primaryimage\",\"url\":\"https:\/\/bibliotecas.unileon.es\/tULEctura\/files\/2022\/08\/agujero.jpg\",\"contentUrl\":\"https:\/\/bibliotecas.unileon.es\/tULEctura\/files\/2022\/08\/agujero.jpg\",\"width\":300,\"height\":500},{\"@type\":\"BreadcrumbList\",\"@id\":\"https:\/\/bibliotecas.unileon.es\/tULEctura\/pagina-ejemplo\/curso-2022-2023\/lectura-2-agujero-de-hiroko-oyamada\/#breadcrumb\",\"itemListElement\":[{\"@type\":\"ListItem\",\"position\":1,\"name\":\"Home\",\"item\":\"https:\/\/bibliotecas.unileon.es\/tULEctura\/\"},{\"@type\":\"ListItem\",\"position\":2,\"name\":\"Club de Lectura\",\"item\":\"https:\/\/bibliotecas.unileon.es\/tULEctura\/pagina-ejemplo\/\"},{\"@type\":\"ListItem\",\"position\":3,\"name\":\"Curso 2022-2023\",\"item\":\"https:\/\/bibliotecas.unileon.es\/tULEctura\/pagina-ejemplo\/curso-2022-2023\/\"},{\"@type\":\"ListItem\",\"position\":4,\"name\":\"Lectura 2: Agujero, de Hiroko Oyamada\"}]},{\"@type\":\"WebSite\",\"@id\":\"https:\/\/bibliotecas.unileon.es\/tULEctura\/#website\",\"url\":\"https:\/\/bibliotecas.unileon.es\/tULEctura\/\",\"name\":\"tULEctura\",\"description\":\"Espacio de la Universidad de Le\u00f3n dedicado a la lectura\",\"publisher\":{\"@id\":\"https:\/\/bibliotecas.unileon.es\/tULEctura\/#organization\"},\"potentialAction\":[{\"@type\":\"SearchAction\",\"target\":{\"@type\":\"EntryPoint\",\"urlTemplate\":\"https:\/\/bibliotecas.unileon.es\/tULEctura\/?s={search_term_string}\"},\"query-input\":{\"@type\":\"PropertyValueSpecification\",\"valueRequired\":true,\"valueName\":\"search_term_string\"}}],\"inLanguage\":\"es\"},{\"@type\":\"Organization\",\"@id\":\"https:\/\/bibliotecas.unileon.es\/tULEctura\/#organization\",\"name\":\"Universidad de Le\u00f3n\",\"url\":\"https:\/\/bibliotecas.unileon.es\/tULEctura\/\",\"logo\":{\"@type\":\"ImageObject\",\"inLanguage\":\"es\",\"@id\":\"https:\/\/bibliotecas.unileon.es\/tULEctura\/#\/schema\/logo\/image\/\",\"url\":\"https:\/\/bibliotecas.unileon.es\/tULEctura\/files\/2018\/08\/TULECTURA_LOGO1.png\",\"contentUrl\":\"https:\/\/bibliotecas.unileon.es\/tULEctura\/files\/2018\/08\/TULECTURA_LOGO1.png\",\"width\":\"960\",\"height\":\"258\",\"caption\":\"Universidad de Le\u00f3n\"},\"image\":{\"@id\":\"https:\/\/bibliotecas.unileon.es\/tULEctura\/#\/schema\/logo\/image\/\"},\"sameAs\":[\"https:\/\/www.facebook.com\/tulectura.unileon\/\",\"https:\/\/x.com\/tULEctura_ULE\",\"https:\/\/www.instagram.com\/tulectura.unileon\/\",\"https:\/\/www.pinterest.es\/tulectura\/\",\"https:\/\/www.youtube.com\/channel\/UCoWaDD39lVlAQcOchwlTPVw\"]}]}<\/script>\n<!-- \/ Yoast SEO plugin. -->","yoast_head_json":{"title":"Lectura 2: Agujero, de Hiroko Oyamada - tULEctura","robots":{"index":"index","follow":"follow","max-snippet":"max-snippet:-1","max-image-preview":"max-image-preview:large","max-video-preview":"max-video-preview:-1"},"canonical":"https:\/\/bibliotecas.unileon.es\/tULEctura\/pagina-ejemplo\/curso-2022-2023\/lectura-2-agujero-de-hiroko-oyamada\/","og_locale":"es_ES","og_type":"article","og_title":"Lectura 2: Agujero, de Hiroko Oyamada - tULEctura","og_description":"&nbsp; Oyamada, Hiroko ( 1983-) Agujero \/ Hiroko Oyamada ; traducci\u00f3n del japon\u00e9s a cargo de Tana Oshima Madrid : Impedimenta , 2021 189 p\u00e1ginas ; 20 cm 9788418668050 &nbsp; Calendario 18 de octubre &#8211; Sesi\u00f3n de Gu\u00eda a la lectura, a cargo de Rosa Mar\u00eda D\u00edez Cobo. 25 de octubre &#8211; Sesi\u00f3n de Coloquio [&hellip;]","og_url":"https:\/\/bibliotecas.unileon.es\/tULEctura\/pagina-ejemplo\/curso-2022-2023\/lectura-2-agujero-de-hiroko-oyamada\/","og_site_name":"tULEctura","article_publisher":"https:\/\/www.facebook.com\/tulectura.unileon\/","article_modified_time":"2022-11-04T11:47:47+00:00","og_image":[{"url":"https:\/\/bibliotecas.unileon.es\/tULEctura\/files\/2022\/08\/agujero.jpg","type":"","width":"","height":""}],"twitter_card":"summary_large_image","twitter_site":"@tULEctura_ULE","twitter_misc":{"Tiempo de lectura":"2 minutos"},"schema":{"@context":"https:\/\/schema.org","@graph":[{"@type":"WebPage","@id":"https:\/\/bibliotecas.unileon.es\/tULEctura\/pagina-ejemplo\/curso-2022-2023\/lectura-2-agujero-de-hiroko-oyamada\/","url":"https:\/\/bibliotecas.unileon.es\/tULEctura\/pagina-ejemplo\/curso-2022-2023\/lectura-2-agujero-de-hiroko-oyamada\/","name":"Lectura 2: Agujero, de Hiroko Oyamada - tULEctura","isPartOf":{"@id":"https:\/\/bibliotecas.unileon.es\/tULEctura\/#website"},"primaryImageOfPage":{"@id":"https:\/\/bibliotecas.unileon.es\/tULEctura\/pagina-ejemplo\/curso-2022-2023\/lectura-2-agujero-de-hiroko-oyamada\/#primaryimage"},"image":{"@id":"https:\/\/bibliotecas.unileon.es\/tULEctura\/pagina-ejemplo\/curso-2022-2023\/lectura-2-agujero-de-hiroko-oyamada\/#primaryimage"},"thumbnailUrl":"https:\/\/bibliotecas.unileon.es\/tULEctura\/files\/2022\/08\/agujero.jpg","datePublished":"2022-08-24T09:57:14+00:00","dateModified":"2022-11-04T11:47:47+00:00","breadcrumb":{"@id":"https:\/\/bibliotecas.unileon.es\/tULEctura\/pagina-ejemplo\/curso-2022-2023\/lectura-2-agujero-de-hiroko-oyamada\/#breadcrumb"},"inLanguage":"es","potentialAction":[{"@type":"ReadAction","target":["https:\/\/bibliotecas.unileon.es\/tULEctura\/pagina-ejemplo\/curso-2022-2023\/lectura-2-agujero-de-hiroko-oyamada\/"]}]},{"@type":"ImageObject","inLanguage":"es","@id":"https:\/\/bibliotecas.unileon.es\/tULEctura\/pagina-ejemplo\/curso-2022-2023\/lectura-2-agujero-de-hiroko-oyamada\/#primaryimage","url":"https:\/\/bibliotecas.unileon.es\/tULEctura\/files\/2022\/08\/agujero.jpg","contentUrl":"https:\/\/bibliotecas.unileon.es\/tULEctura\/files\/2022\/08\/agujero.jpg","width":300,"height":500},{"@type":"BreadcrumbList","@id":"https:\/\/bibliotecas.unileon.es\/tULEctura\/pagina-ejemplo\/curso-2022-2023\/lectura-2-agujero-de-hiroko-oyamada\/#breadcrumb","itemListElement":[{"@type":"ListItem","position":1,"name":"Home","item":"https:\/\/bibliotecas.unileon.es\/tULEctura\/"},{"@type":"ListItem","position":2,"name":"Club de Lectura","item":"https:\/\/bibliotecas.unileon.es\/tULEctura\/pagina-ejemplo\/"},{"@type":"ListItem","position":3,"name":"Curso 2022-2023","item":"https:\/\/bibliotecas.unileon.es\/tULEctura\/pagina-ejemplo\/curso-2022-2023\/"},{"@type":"ListItem","position":4,"name":"Lectura 2: Agujero, de Hiroko Oyamada"}]},{"@type":"WebSite","@id":"https:\/\/bibliotecas.unileon.es\/tULEctura\/#website","url":"https:\/\/bibliotecas.unileon.es\/tULEctura\/","name":"tULEctura","description":"Espacio de la Universidad de Le\u00f3n dedicado a la lectura","publisher":{"@id":"https:\/\/bibliotecas.unileon.es\/tULEctura\/#organization"},"potentialAction":[{"@type":"SearchAction","target":{"@type":"EntryPoint","urlTemplate":"https:\/\/bibliotecas.unileon.es\/tULEctura\/?s={search_term_string}"},"query-input":{"@type":"PropertyValueSpecification","valueRequired":true,"valueName":"search_term_string"}}],"inLanguage":"es"},{"@type":"Organization","@id":"https:\/\/bibliotecas.unileon.es\/tULEctura\/#organization","name":"Universidad de Le\u00f3n","url":"https:\/\/bibliotecas.unileon.es\/tULEctura\/","logo":{"@type":"ImageObject","inLanguage":"es","@id":"https:\/\/bibliotecas.unileon.es\/tULEctura\/#\/schema\/logo\/image\/","url":"https:\/\/bibliotecas.unileon.es\/tULEctura\/files\/2018\/08\/TULECTURA_LOGO1.png","contentUrl":"https:\/\/bibliotecas.unileon.es\/tULEctura\/files\/2018\/08\/TULECTURA_LOGO1.png","width":"960","height":"258","caption":"Universidad de Le\u00f3n"},"image":{"@id":"https:\/\/bibliotecas.unileon.es\/tULEctura\/#\/schema\/logo\/image\/"},"sameAs":["https:\/\/www.facebook.com\/tulectura.unileon\/","https:\/\/x.com\/tULEctura_ULE","https:\/\/www.instagram.com\/tulectura.unileon\/","https:\/\/www.pinterest.es\/tulectura\/","https:\/\/www.youtube.com\/channel\/UCoWaDD39lVlAQcOchwlTPVw"]}]}},"_links":{"self":[{"href":"https:\/\/bibliotecas.unileon.es\/tULEctura\/wp-json\/wp\/v2\/pages\/48662","targetHints":{"allow":["GET"]}}],"collection":[{"href":"https:\/\/bibliotecas.unileon.es\/tULEctura\/wp-json\/wp\/v2\/pages"}],"about":[{"href":"https:\/\/bibliotecas.unileon.es\/tULEctura\/wp-json\/wp\/v2\/types\/page"}],"author":[{"embeddable":true,"href":"https:\/\/bibliotecas.unileon.es\/tULEctura\/wp-json\/wp\/v2\/users\/73"}],"replies":[{"embeddable":true,"href":"https:\/\/bibliotecas.unileon.es\/tULEctura\/wp-json\/wp\/v2\/comments?post=48662"}],"version-history":[{"count":1,"href":"https:\/\/bibliotecas.unileon.es\/tULEctura\/wp-json\/wp\/v2\/pages\/48662\/revisions"}],"predecessor-version":[{"id":48666,"href":"https:\/\/bibliotecas.unileon.es\/tULEctura\/wp-json\/wp\/v2\/pages\/48662\/revisions\/48666"}],"up":[{"embeddable":true,"href":"https:\/\/bibliotecas.unileon.es\/tULEctura\/wp-json\/wp\/v2\/pages\/48645"}],"wp:attachment":[{"href":"https:\/\/bibliotecas.unileon.es\/tULEctura\/wp-json\/wp\/v2\/media?parent=48662"}],"curies":[{"name":"wp","href":"https:\/\/api.w.org\/{rel}","templated":true}]}}