{"id":48669,"date":"2022-08-24T12:27:22","date_gmt":"2022-08-24T10:27:22","guid":{"rendered":"https:\/\/bibliotecas.unileon.es\/tULEctura\/?page_id=48669"},"modified":"2022-12-15T07:51:05","modified_gmt":"2022-12-15T06:51:05","slug":"lectura-3-la-oscuridad-es-un-lugar-de-ariadna-castellarnau","status":"publish","type":"page","link":"https:\/\/bibliotecas.unileon.es\/tULEctura\/pagina-ejemplo\/curso-2022-2023\/lectura-3-la-oscuridad-es-un-lugar-de-ariadna-castellarnau\/","title":{"rendered":"Lectura 3: La oscuridad es un lugar, de Ariadna Castellarnau"},"content":{"rendered":"<p><img loading=\"lazy\" decoding=\"async\" class=\"alignright wp-image-48670\" src=\"https:\/\/bibliotecas.unileon.es\/tULEctura\/files\/2022\/08\/la-oscuridad-es-un-lugar_ariadna-castellarnau_202007271439.jpg\" alt=\"\" width=\"195\" height=\"334\" \/><\/p>\n<p>&nbsp;<\/p>\n<p>&nbsp;<\/p>\n<p>Castellarnau, Ariadna<br \/>\nLa oscuridad es un lugar \/ Ariadna Castellarnau<br \/>\nBarcelona : Ediciones Destino, 2020<br \/>\n151 p\u00e1ginas ; 21 cm<br \/>\nColecci\u00f3n \u00c1ncora y delf\u00edn ; volumen 1502<br \/>\n9788423357550<\/p>\n<p>&nbsp;<\/p>\n<p><span style=\"color: #345e5e;\"><strong>Calendario<\/strong><\/span><\/p>\n<ul>\n<li>8 de noviembre &#8211; <span style=\"color: #345e5e;\"><strong><a style=\"color: #345e5e;\" href=\"https:\/\/bibliotecas.unileon.es\/tULEctura\/2022\/11\/08\/48740\/\" target=\"_blank\" rel=\"noopener\">Sesi\u00f3n de Gu\u00eda a la lectura, a cargo de Carmen Rodr\u00edguez Campo.<\/a><\/strong><\/span><\/li>\n<li>14 de noviembre &#8211; <strong><span style=\"color: #345e5e;\"><a style=\"color: #345e5e;\" href=\"https:\/\/bibliotecas.unileon.es\/tULEctura\/2022\/11\/17\/coloquio-oscuridad-es-un-lugar-de-ariadna-castellarnau\/\" target=\"_blank\" rel=\"noopener\">Sesi\u00f3n de Coloquio de los socios.<\/a><\/span><\/strong><\/li>\n<li>22 de noviembre &#8211; <span style=\"color: #345e5e;\"><strong><a style=\"color: #345e5e;\" href=\"https:\/\/videos.unileon.es\/video\/639a00018f4208b4798b45a4\" target=\"_blank\" rel=\"noopener\">Sesi\u00f3n de Encuentro entre socios y autora.<\/a><\/strong><\/span><\/li>\n<\/ul>\n<p><span style=\"color: #345e5e;\"><strong>Lugar y horario<\/strong><\/span><\/p>\n<p style=\"text-align: justify;\">Los encuentros de esta \u00a0lectura tendr\u00e1n lugar\u00a0 a las 19:00 horas en la sala de conferencias de la Biblioteca General San Isidoro, <span style=\"font-size: 1rem;\">sede del club le lectura. <\/span><\/p>\n<p style=\"text-align: justify;\"><span style=\"font-size: 1rem;\">De forma combinada, ofrecemos el formato <\/span><span style=\"font-size: 1rem;\">\u00a0h\u00edbrido online s\u00edncrono a trav\u00e9s de Meet.<\/span><\/p>\n<h2><span style=\"color: #345e5e;\"><strong>La autora <\/strong><strong><span style=\"color: #345e5e;\">(informaci\u00f3n<\/span> ofrecida por la editorial)<\/strong><\/span><\/h2>\n<div id=\"attachment_48674\" style=\"width: 647px\" class=\"wp-caption aligncenter\"><img loading=\"lazy\" decoding=\"async\" aria-describedby=\"caption-attachment-48674\" class=\"wp-image-48674 size-full\" src=\"https:\/\/bibliotecas.unileon.es\/tULEctura\/files\/2022\/08\/Ariadna_castellarnau.jpg\" alt=\"Ariadna Castellarnau\" width=\"637\" height=\"480\" \/><p id=\"caption-attachment-48674\" class=\"wp-caption-text\">Ariadna Castellarnau (Foto: CC by Arnauarnau1979)<\/p><\/div>\n<p style=\"text-align: justify;\"><strong>Ariadna Castellarnau<\/strong>\u00a0(Lleida, 1979) es licenciada en Filolog\u00eda Hisp\u00e1nica y Teor\u00eda de la Literatura y Literatura Comparada por la Universidad de Barcelona. Entre los a\u00f1os 2009 y 2016 vivi\u00f3 en Buenos Aires, donde trabaj\u00f3 como periodista cultural para los principales medios period\u00edsticos del pa\u00eds. Sus art\u00edculos han aparecido en el Suplemento\u00a0<em>P\u00e1gina 12<\/em>, del diario\u00a0<em>Radar<\/em>, y en el suplemento de cultura del diario\u00a0<em>Perfil.\u00a0<\/em>Tambi\u00e9n ha publicado cr\u00f3nicas period\u00edsticas para las revistas\u00a0<em>Anfibia<\/em>\u00a0(Argentina) y<em>\u00a0Etiqueta Negra<\/em>\u00a0(Per\u00fa). Como escritora, sus cuentos forman parte de las antolog\u00edas\u00a0<em>Panorama Interzona<\/em>\u00a0(Interzona) y\u00a0<em>Extrema Ficci\u00f3<\/em><em>n<\/em>\u00a0(Antolog\u00edas Traviesa) y su primera novela,\u00a0<em>Quema,<\/em>\u00a0fue galardonada con el Premio Internacional Las Am\u00e9ricas a la mejor novela hispanoamericana de 2015.<\/p>\n<h2><span style=\"color: #345e5e;\"><strong>La obra (informaci\u00f3n <span style=\"color: #345e5e;\">ofrecida<\/span> por la editorial)<\/strong><\/span><\/h2>\n<div id=\"capsa-sinopsi\" class=\"sinopsi\">\n<p style=\"text-align: justify;\">En estos ocho relatos, Ariadna Castellarnau se adentra en el terreno de la fantas\u00eda oscura para explorar el lado extra\u00f1o y tenebroso de las relaciones humanas. Una ni\u00f1a que se refugia en la selva huyendo de su familia conoce a un adolescente salvaje que trata de ayudarla; dos hermanos, uno de los cuales tiene una deformidad que lo vuelve un ser fascinante, compiten entre ellos por el protagonismo familiar junto a unos padres ausentes en su rol; una pareja en una isla trata de encontrar un sentido a su vida mientras decide qu\u00e9 hacer con un misterioso beb\u00e9 abandonado.<\/p>\n<p style=\"text-align: justify;\">Los protagonistas de estas historias son madres, padres, hermanos, hijos e hijas que se mueven en un territorio incierto, curvil\u00edneo. A la autora le gusta llevar a sus personajes al encuentro de lo extra\u00f1o, no porque pretenda que les ocurra nada maravilloso, sino porque es en ese espejo retorcido donde pueden verse mejor, descubrir qui\u00e9nes son verdaderamente.<\/p>\n<\/div>\n<p style=\"text-align: center;\"><span style=\"color: #345e5e;\"><strong>Puedes empezar a leer la obra <a style=\"color: #345e5e;\" href=\"https:\/\/bibliotecas.unileon.es\/tULEctura\/files\/2022\/08\/La_oscuridad_es_un_lugar.pdf\" class=\"mtli_attachment mtli_pdf\">La_oscuridad_es_un_lugar,<\/a> de Ariadna Castellarnau<\/strong><\/span><\/p>\n","protected":false},"excerpt":{"rendered":"<p>&nbsp; &nbsp; Castellarnau, Ariadna La oscuridad es un lugar \/ Ariadna Castellarnau Barcelona : Ediciones Destino, 2020 151 p\u00e1ginas ; 21 cm Colecci\u00f3n \u00c1ncora y delf\u00edn ; volumen 1502 9788423357550 &nbsp; Calendario 8 de noviembre &#8211; Sesi\u00f3n de Gu\u00eda a la lectura, a cargo de Carmen Rodr\u00edguez Campo. 14 de noviembre &#8211; Sesi\u00f3n de Coloquio [&hellip;]<\/p>\n","protected":false},"author":73,"featured_media":0,"parent":48645,"menu_order":3,"comment_status":"closed","ping_status":"closed","template":"","meta":{"_bbp_topic_count":0,"_bbp_reply_count":0,"_bbp_total_topic_count":0,"_bbp_total_reply_count":0,"_bbp_voice_count":0,"_bbp_anonymous_reply_count":0,"_bbp_topic_count_hidden":0,"_bbp_reply_count_hidden":0,"_bbp_forum_subforum_count":0,"_monsterinsights_skip_tracking":false,"_monsterinsights_sitenote_active":false,"_monsterinsights_sitenote_note":"","_monsterinsights_sitenote_category":0,"footnotes":""},"class_list":["post-48669","page","type-page","status-publish","hentry"],"yoast_head":"<!-- This site is optimized with the Yoast SEO plugin v25.8 - https:\/\/yoast.com\/wordpress\/plugins\/seo\/ -->\n<title>Lectura 3: La oscuridad es un lugar, de Ariadna Castellarnau - tULEctura<\/title>\n<meta name=\"robots\" content=\"index, follow, max-snippet:-1, max-image-preview:large, max-video-preview:-1\" \/>\n<link rel=\"canonical\" href=\"https:\/\/bibliotecas.unileon.es\/tULEctura\/pagina-ejemplo\/curso-2022-2023\/lectura-3-la-oscuridad-es-un-lugar-de-ariadna-castellarnau\/\" \/>\n<meta property=\"og:locale\" content=\"es_ES\" \/>\n<meta property=\"og:type\" content=\"article\" \/>\n<meta property=\"og:title\" content=\"Lectura 3: La oscuridad es un lugar, de Ariadna Castellarnau - tULEctura\" \/>\n<meta property=\"og:description\" content=\"&nbsp; &nbsp; Castellarnau, Ariadna La oscuridad es un lugar \/ Ariadna Castellarnau Barcelona : Ediciones Destino, 2020 151 p\u00e1ginas ; 21 cm Colecci\u00f3n \u00c1ncora y delf\u00edn ; volumen 1502 9788423357550 &nbsp; Calendario 8 de noviembre &#8211; Sesi\u00f3n de Gu\u00eda a la lectura, a cargo de Carmen Rodr\u00edguez Campo. 14 de noviembre &#8211; Sesi\u00f3n de Coloquio [&hellip;]\" \/>\n<meta property=\"og:url\" content=\"https:\/\/bibliotecas.unileon.es\/tULEctura\/pagina-ejemplo\/curso-2022-2023\/lectura-3-la-oscuridad-es-un-lugar-de-ariadna-castellarnau\/\" \/>\n<meta property=\"og:site_name\" content=\"tULEctura\" \/>\n<meta property=\"article:publisher\" content=\"https:\/\/www.facebook.com\/tulectura.unileon\/\" \/>\n<meta property=\"article:modified_time\" content=\"2022-12-15T06:51:05+00:00\" \/>\n<meta property=\"og:image\" content=\"https:\/\/bibliotecas.unileon.es\/tULEctura\/files\/2022\/08\/la-oscuridad-es-un-lugar_ariadna-castellarnau_202007271439.jpg\" \/>\n<meta name=\"twitter:card\" content=\"summary_large_image\" \/>\n<meta name=\"twitter:site\" content=\"@tULEctura_ULE\" \/>\n<meta name=\"twitter:label1\" content=\"Tiempo de lectura\" \/>\n\t<meta name=\"twitter:data1\" content=\"2 minutos\" \/>\n<script type=\"application\/ld+json\" class=\"yoast-schema-graph\">{\"@context\":\"https:\/\/schema.org\",\"@graph\":[{\"@type\":\"WebPage\",\"@id\":\"https:\/\/bibliotecas.unileon.es\/tULEctura\/pagina-ejemplo\/curso-2022-2023\/lectura-3-la-oscuridad-es-un-lugar-de-ariadna-castellarnau\/\",\"url\":\"https:\/\/bibliotecas.unileon.es\/tULEctura\/pagina-ejemplo\/curso-2022-2023\/lectura-3-la-oscuridad-es-un-lugar-de-ariadna-castellarnau\/\",\"name\":\"Lectura 3: La oscuridad es un lugar, de Ariadna Castellarnau - tULEctura\",\"isPartOf\":{\"@id\":\"https:\/\/bibliotecas.unileon.es\/tULEctura\/#website\"},\"primaryImageOfPage\":{\"@id\":\"https:\/\/bibliotecas.unileon.es\/tULEctura\/pagina-ejemplo\/curso-2022-2023\/lectura-3-la-oscuridad-es-un-lugar-de-ariadna-castellarnau\/#primaryimage\"},\"image\":{\"@id\":\"https:\/\/bibliotecas.unileon.es\/tULEctura\/pagina-ejemplo\/curso-2022-2023\/lectura-3-la-oscuridad-es-un-lugar-de-ariadna-castellarnau\/#primaryimage\"},\"thumbnailUrl\":\"https:\/\/bibliotecas.unileon.es\/tULEctura\/files\/2022\/08\/la-oscuridad-es-un-lugar_ariadna-castellarnau_202007271439.jpg\",\"datePublished\":\"2022-08-24T10:27:22+00:00\",\"dateModified\":\"2022-12-15T06:51:05+00:00\",\"breadcrumb\":{\"@id\":\"https:\/\/bibliotecas.unileon.es\/tULEctura\/pagina-ejemplo\/curso-2022-2023\/lectura-3-la-oscuridad-es-un-lugar-de-ariadna-castellarnau\/#breadcrumb\"},\"inLanguage\":\"es\",\"potentialAction\":[{\"@type\":\"ReadAction\",\"target\":[\"https:\/\/bibliotecas.unileon.es\/tULEctura\/pagina-ejemplo\/curso-2022-2023\/lectura-3-la-oscuridad-es-un-lugar-de-ariadna-castellarnau\/\"]}]},{\"@type\":\"ImageObject\",\"inLanguage\":\"es\",\"@id\":\"https:\/\/bibliotecas.unileon.es\/tULEctura\/pagina-ejemplo\/curso-2022-2023\/lectura-3-la-oscuridad-es-un-lugar-de-ariadna-castellarnau\/#primaryimage\",\"url\":\"https:\/\/bibliotecas.unileon.es\/tULEctura\/files\/2022\/08\/la-oscuridad-es-un-lugar_ariadna-castellarnau_202007271439.jpg\",\"contentUrl\":\"https:\/\/bibliotecas.unileon.es\/tULEctura\/files\/2022\/08\/la-oscuridad-es-un-lugar_ariadna-castellarnau_202007271439.jpg\",\"width\":248,\"height\":425},{\"@type\":\"BreadcrumbList\",\"@id\":\"https:\/\/bibliotecas.unileon.es\/tULEctura\/pagina-ejemplo\/curso-2022-2023\/lectura-3-la-oscuridad-es-un-lugar-de-ariadna-castellarnau\/#breadcrumb\",\"itemListElement\":[{\"@type\":\"ListItem\",\"position\":1,\"name\":\"Home\",\"item\":\"https:\/\/bibliotecas.unileon.es\/tULEctura\/\"},{\"@type\":\"ListItem\",\"position\":2,\"name\":\"Club de Lectura\",\"item\":\"https:\/\/bibliotecas.unileon.es\/tULEctura\/pagina-ejemplo\/\"},{\"@type\":\"ListItem\",\"position\":3,\"name\":\"Curso 2022-2023\",\"item\":\"https:\/\/bibliotecas.unileon.es\/tULEctura\/pagina-ejemplo\/curso-2022-2023\/\"},{\"@type\":\"ListItem\",\"position\":4,\"name\":\"Lectura 3: La oscuridad es un lugar, de Ariadna Castellarnau\"}]},{\"@type\":\"WebSite\",\"@id\":\"https:\/\/bibliotecas.unileon.es\/tULEctura\/#website\",\"url\":\"https:\/\/bibliotecas.unileon.es\/tULEctura\/\",\"name\":\"tULEctura\",\"description\":\"Espacio de la Universidad de Le\u00f3n dedicado a la lectura\",\"publisher\":{\"@id\":\"https:\/\/bibliotecas.unileon.es\/tULEctura\/#organization\"},\"potentialAction\":[{\"@type\":\"SearchAction\",\"target\":{\"@type\":\"EntryPoint\",\"urlTemplate\":\"https:\/\/bibliotecas.unileon.es\/tULEctura\/?s={search_term_string}\"},\"query-input\":{\"@type\":\"PropertyValueSpecification\",\"valueRequired\":true,\"valueName\":\"search_term_string\"}}],\"inLanguage\":\"es\"},{\"@type\":\"Organization\",\"@id\":\"https:\/\/bibliotecas.unileon.es\/tULEctura\/#organization\",\"name\":\"Universidad de Le\u00f3n\",\"url\":\"https:\/\/bibliotecas.unileon.es\/tULEctura\/\",\"logo\":{\"@type\":\"ImageObject\",\"inLanguage\":\"es\",\"@id\":\"https:\/\/bibliotecas.unileon.es\/tULEctura\/#\/schema\/logo\/image\/\",\"url\":\"https:\/\/bibliotecas.unileon.es\/tULEctura\/files\/2018\/08\/TULECTURA_LOGO1.png\",\"contentUrl\":\"https:\/\/bibliotecas.unileon.es\/tULEctura\/files\/2018\/08\/TULECTURA_LOGO1.png\",\"width\":\"960\",\"height\":\"258\",\"caption\":\"Universidad de Le\u00f3n\"},\"image\":{\"@id\":\"https:\/\/bibliotecas.unileon.es\/tULEctura\/#\/schema\/logo\/image\/\"},\"sameAs\":[\"https:\/\/www.facebook.com\/tulectura.unileon\/\",\"https:\/\/x.com\/tULEctura_ULE\",\"https:\/\/www.instagram.com\/tulectura.unileon\/\",\"https:\/\/www.pinterest.es\/tulectura\/\",\"https:\/\/www.youtube.com\/channel\/UCoWaDD39lVlAQcOchwlTPVw\"]}]}<\/script>\n<!-- \/ Yoast SEO plugin. -->","yoast_head_json":{"title":"Lectura 3: La oscuridad es un lugar, de Ariadna Castellarnau - tULEctura","robots":{"index":"index","follow":"follow","max-snippet":"max-snippet:-1","max-image-preview":"max-image-preview:large","max-video-preview":"max-video-preview:-1"},"canonical":"https:\/\/bibliotecas.unileon.es\/tULEctura\/pagina-ejemplo\/curso-2022-2023\/lectura-3-la-oscuridad-es-un-lugar-de-ariadna-castellarnau\/","og_locale":"es_ES","og_type":"article","og_title":"Lectura 3: La oscuridad es un lugar, de Ariadna Castellarnau - tULEctura","og_description":"&nbsp; &nbsp; Castellarnau, Ariadna La oscuridad es un lugar \/ Ariadna Castellarnau Barcelona : Ediciones Destino, 2020 151 p\u00e1ginas ; 21 cm Colecci\u00f3n \u00c1ncora y delf\u00edn ; volumen 1502 9788423357550 &nbsp; Calendario 8 de noviembre &#8211; Sesi\u00f3n de Gu\u00eda a la lectura, a cargo de Carmen Rodr\u00edguez Campo. 14 de noviembre &#8211; Sesi\u00f3n de Coloquio [&hellip;]","og_url":"https:\/\/bibliotecas.unileon.es\/tULEctura\/pagina-ejemplo\/curso-2022-2023\/lectura-3-la-oscuridad-es-un-lugar-de-ariadna-castellarnau\/","og_site_name":"tULEctura","article_publisher":"https:\/\/www.facebook.com\/tulectura.unileon\/","article_modified_time":"2022-12-15T06:51:05+00:00","og_image":[{"url":"https:\/\/bibliotecas.unileon.es\/tULEctura\/files\/2022\/08\/la-oscuridad-es-un-lugar_ariadna-castellarnau_202007271439.jpg","type":"","width":"","height":""}],"twitter_card":"summary_large_image","twitter_site":"@tULEctura_ULE","twitter_misc":{"Tiempo de lectura":"2 minutos"},"schema":{"@context":"https:\/\/schema.org","@graph":[{"@type":"WebPage","@id":"https:\/\/bibliotecas.unileon.es\/tULEctura\/pagina-ejemplo\/curso-2022-2023\/lectura-3-la-oscuridad-es-un-lugar-de-ariadna-castellarnau\/","url":"https:\/\/bibliotecas.unileon.es\/tULEctura\/pagina-ejemplo\/curso-2022-2023\/lectura-3-la-oscuridad-es-un-lugar-de-ariadna-castellarnau\/","name":"Lectura 3: La oscuridad es un lugar, de Ariadna Castellarnau - tULEctura","isPartOf":{"@id":"https:\/\/bibliotecas.unileon.es\/tULEctura\/#website"},"primaryImageOfPage":{"@id":"https:\/\/bibliotecas.unileon.es\/tULEctura\/pagina-ejemplo\/curso-2022-2023\/lectura-3-la-oscuridad-es-un-lugar-de-ariadna-castellarnau\/#primaryimage"},"image":{"@id":"https:\/\/bibliotecas.unileon.es\/tULEctura\/pagina-ejemplo\/curso-2022-2023\/lectura-3-la-oscuridad-es-un-lugar-de-ariadna-castellarnau\/#primaryimage"},"thumbnailUrl":"https:\/\/bibliotecas.unileon.es\/tULEctura\/files\/2022\/08\/la-oscuridad-es-un-lugar_ariadna-castellarnau_202007271439.jpg","datePublished":"2022-08-24T10:27:22+00:00","dateModified":"2022-12-15T06:51:05+00:00","breadcrumb":{"@id":"https:\/\/bibliotecas.unileon.es\/tULEctura\/pagina-ejemplo\/curso-2022-2023\/lectura-3-la-oscuridad-es-un-lugar-de-ariadna-castellarnau\/#breadcrumb"},"inLanguage":"es","potentialAction":[{"@type":"ReadAction","target":["https:\/\/bibliotecas.unileon.es\/tULEctura\/pagina-ejemplo\/curso-2022-2023\/lectura-3-la-oscuridad-es-un-lugar-de-ariadna-castellarnau\/"]}]},{"@type":"ImageObject","inLanguage":"es","@id":"https:\/\/bibliotecas.unileon.es\/tULEctura\/pagina-ejemplo\/curso-2022-2023\/lectura-3-la-oscuridad-es-un-lugar-de-ariadna-castellarnau\/#primaryimage","url":"https:\/\/bibliotecas.unileon.es\/tULEctura\/files\/2022\/08\/la-oscuridad-es-un-lugar_ariadna-castellarnau_202007271439.jpg","contentUrl":"https:\/\/bibliotecas.unileon.es\/tULEctura\/files\/2022\/08\/la-oscuridad-es-un-lugar_ariadna-castellarnau_202007271439.jpg","width":248,"height":425},{"@type":"BreadcrumbList","@id":"https:\/\/bibliotecas.unileon.es\/tULEctura\/pagina-ejemplo\/curso-2022-2023\/lectura-3-la-oscuridad-es-un-lugar-de-ariadna-castellarnau\/#breadcrumb","itemListElement":[{"@type":"ListItem","position":1,"name":"Home","item":"https:\/\/bibliotecas.unileon.es\/tULEctura\/"},{"@type":"ListItem","position":2,"name":"Club de Lectura","item":"https:\/\/bibliotecas.unileon.es\/tULEctura\/pagina-ejemplo\/"},{"@type":"ListItem","position":3,"name":"Curso 2022-2023","item":"https:\/\/bibliotecas.unileon.es\/tULEctura\/pagina-ejemplo\/curso-2022-2023\/"},{"@type":"ListItem","position":4,"name":"Lectura 3: La oscuridad es un lugar, de Ariadna Castellarnau"}]},{"@type":"WebSite","@id":"https:\/\/bibliotecas.unileon.es\/tULEctura\/#website","url":"https:\/\/bibliotecas.unileon.es\/tULEctura\/","name":"tULEctura","description":"Espacio de la Universidad de Le\u00f3n dedicado a la lectura","publisher":{"@id":"https:\/\/bibliotecas.unileon.es\/tULEctura\/#organization"},"potentialAction":[{"@type":"SearchAction","target":{"@type":"EntryPoint","urlTemplate":"https:\/\/bibliotecas.unileon.es\/tULEctura\/?s={search_term_string}"},"query-input":{"@type":"PropertyValueSpecification","valueRequired":true,"valueName":"search_term_string"}}],"inLanguage":"es"},{"@type":"Organization","@id":"https:\/\/bibliotecas.unileon.es\/tULEctura\/#organization","name":"Universidad de Le\u00f3n","url":"https:\/\/bibliotecas.unileon.es\/tULEctura\/","logo":{"@type":"ImageObject","inLanguage":"es","@id":"https:\/\/bibliotecas.unileon.es\/tULEctura\/#\/schema\/logo\/image\/","url":"https:\/\/bibliotecas.unileon.es\/tULEctura\/files\/2018\/08\/TULECTURA_LOGO1.png","contentUrl":"https:\/\/bibliotecas.unileon.es\/tULEctura\/files\/2018\/08\/TULECTURA_LOGO1.png","width":"960","height":"258","caption":"Universidad de Le\u00f3n"},"image":{"@id":"https:\/\/bibliotecas.unileon.es\/tULEctura\/#\/schema\/logo\/image\/"},"sameAs":["https:\/\/www.facebook.com\/tulectura.unileon\/","https:\/\/x.com\/tULEctura_ULE","https:\/\/www.instagram.com\/tulectura.unileon\/","https:\/\/www.pinterest.es\/tulectura\/","https:\/\/www.youtube.com\/channel\/UCoWaDD39lVlAQcOchwlTPVw"]}]}},"_links":{"self":[{"href":"https:\/\/bibliotecas.unileon.es\/tULEctura\/wp-json\/wp\/v2\/pages\/48669","targetHints":{"allow":["GET"]}}],"collection":[{"href":"https:\/\/bibliotecas.unileon.es\/tULEctura\/wp-json\/wp\/v2\/pages"}],"about":[{"href":"https:\/\/bibliotecas.unileon.es\/tULEctura\/wp-json\/wp\/v2\/types\/page"}],"author":[{"embeddable":true,"href":"https:\/\/bibliotecas.unileon.es\/tULEctura\/wp-json\/wp\/v2\/users\/73"}],"replies":[{"embeddable":true,"href":"https:\/\/bibliotecas.unileon.es\/tULEctura\/wp-json\/wp\/v2\/comments?post=48669"}],"version-history":[{"count":1,"href":"https:\/\/bibliotecas.unileon.es\/tULEctura\/wp-json\/wp\/v2\/pages\/48669\/revisions"}],"predecessor-version":[{"id":48759,"href":"https:\/\/bibliotecas.unileon.es\/tULEctura\/wp-json\/wp\/v2\/pages\/48669\/revisions\/48759"}],"up":[{"embeddable":true,"href":"https:\/\/bibliotecas.unileon.es\/tULEctura\/wp-json\/wp\/v2\/pages\/48645"}],"wp:attachment":[{"href":"https:\/\/bibliotecas.unileon.es\/tULEctura\/wp-json\/wp\/v2\/media?parent=48669"}],"curies":[{"name":"wp","href":"https:\/\/api.w.org\/{rel}","templated":true}]}}