{"id":48676,"date":"2022-08-24T13:04:12","date_gmt":"2022-08-24T11:04:12","guid":{"rendered":"https:\/\/bibliotecas.unileon.es\/tULEctura\/?page_id=48676"},"modified":"2023-06-02T08:27:29","modified_gmt":"2023-06-02T06:27:29","slug":"lectura-4-nefando-de-monica-ojeda","status":"publish","type":"page","link":"https:\/\/bibliotecas.unileon.es\/tULEctura\/pagina-ejemplo\/curso-2022-2023\/lectura-4-nefando-de-monica-ojeda\/","title":{"rendered":"Lectura 4: Nefando, de M\u00f3nica Ojeda"},"content":{"rendered":"<p style=\"line-height: 1.71429; margin-bottom: 1.71429rem;\"><img loading=\"lazy\" decoding=\"async\" class=\"alignright wp-image-48679\" style=\"margin-top: 0.857143rem; margin-bottom: 0.857143rem; margin-left: 1.71429rem;\" src=\"https:\/\/bibliotecas.unileon.es\/tULEctura\/files\/2022\/08\/portadanefando.jpg\" alt=\"\" width=\"215\" height=\"323\" \/><\/p>\n<p>&nbsp;<\/p>\n<p style=\"padding-left: 80px;\">Ojeda, M\u00f3nica ( 1988-)<br \/>\nNefando \/ M\u00f3nica Ojeda.<br \/>\nBarcelona : Candaya , 2019.<br \/>\n208 p. ; 21 cm<br \/>\n9788415934233<\/p>\n<p><span style=\"color: #008080;\"><strong>Calendario<\/strong><\/span><\/p>\n<ul>\n<li>29 de noviembre &#8211;<strong><a href=\"https:\/\/bibliotecas.unileon.es\/tULEctura\/2022\/11\/29\/guia-a-la-lectura-nefando-de-monica-ojeda\/\" target=\"_blank\" rel=\"noopener\"> Sesi\u00f3n de Gu\u00eda a la lectura, a cargo de Ana Abello Verano<\/a><\/strong><\/li>\n<li>13 de diciembre &#8211; <strong><a href=\"https:\/\/bibliotecas.unileon.es\/tULEctura\/2022\/12\/13\/coloquio-de-los-socios-nefando-de-monica-ojeda\/\" target=\"_blank\" rel=\"noopener\">Sesi\u00f3n de Coloquio de los socios<\/a><\/strong><\/li>\n<li>20 de diciembre &#8211; Sesi\u00f3n de Encuentro entre socios y autora<\/li>\n<\/ul>\n<p><span style=\"color: #008080;\"><strong>Lugar y horario<\/strong><\/span><\/p>\n<p>Los encuentros de esta \u00a0lectura tendr\u00e1n lugar\u00a0 a las 19:00 horas en la sala de conferencias de la Biblioteca General San Isidoro,\u00a0sede del club le lectura.<\/p>\n<p>De forma combinada, ofrecemos el formato\u00a0\u00a0h\u00edbrido online s\u00edncrono a trav\u00e9s de Meet.<\/p>\n<h2><span style=\"color: #008080;\"><strong>La autora\u00a0<\/strong><strong>(informaci\u00f3n\u00a0ofrecida por la editorial)<\/strong><\/span><\/h2>\n<div id=\"attachment_48680\" style=\"width: 608px\" class=\"wp-caption aligncenter\"><img loading=\"lazy\" decoding=\"async\" aria-describedby=\"caption-attachment-48680\" class=\"wp-image-48680 size-full\" src=\"https:\/\/bibliotecas.unileon.es\/tULEctura\/files\/2022\/08\/Ojeda_Monica.jpg\" alt=\"\" width=\"598\" height=\"480\" \/><p id=\"caption-attachment-48680\" class=\"wp-caption-text\">M\u00f3nica Ojeda (Foto CC: Rodrigo Fern\u00e1ndez)<\/p><\/div>\n<p style=\"text-align: justify;\">M\u00f3nica Ojeda (Guayaquil, Ecuador, 1988). Master en Creaci\u00f3n Literaria y en Teor\u00eda y Cr\u00edtica de la Cultura, da clases de Literatura en la Universidad Cat\u00f3lica de Santiago de Guayaquil. Actualmente cursa un Doctorado en Humanidades sobre literatura pornoer\u00f3tica latinoamericana.<\/p>\n<p style=\"text-align: justify;\">Con su primera novela <em>La desfiguraci\u00f3n Silva<\/em> obtuvo el Premio Alba Narrativa 2014 y con su primer libro de poes\u00eda <em>El ciclo de las piedras<\/em>, el Premio Nacional de Poes\u00eda Desembarco 2015. En 2017 public\u00f3 el relato <em>Canino<\/em> y otro de sus cuentos fue antologado en <em>Emergencias. Doce cuentos iberoamericanos<\/em> (Candaya, 2013).<\/p>\n<p style=\"text-align: justify;\">Forma parte de la prestigiosa <a href=\"https:\/\/es.wikipedia.org\/wiki\/Bogot%C3%A139\" target=\"_blank\" rel=\"noopener\">lista de Bogot\u00e1 39-2017<\/a>, que recoge a los 39 escritores latinoamericanos menores de 40 a\u00f1os con m\u00e1s talento y proyecci\u00f3n de la d\u00e9cada.<\/p>\n<p>&nbsp;<\/p>\n<h2><span style=\"color: #008080;\"><strong>La obra <\/strong><strong>(informaci\u00f3n\u00a0ofrecida por la editorial)<\/strong><\/span><\/h2>\n<p style=\"text-align: justify;\">Nefando, Viaje a las entra\u00f1as de una habitaci\u00f3n, fue un videojuego en l\u00ednea poco conocido y pronto eliminado de la red a causa de su pol\u00e9mico contenido sensible. Las experiencias de sus jugadores son, ahora, el centro de los debates gamers en los foros m\u00e1s profundos de la deep web, pero sus usuarios no parecen ponerse de acuerdo: \u00bfera un juego de horror para frikis, una puesta en escena inmoral o un ejercicio po\u00e9tico? \u00bfSon tan hondas y retorcidas como parecen las entra\u00f1as de esa habitaci\u00f3n?<\/p>\n<p style=\"text-align: justify;\">Seis j\u00f3venes comparten un piso en Barcelona y sus habitaciones vibran como colmenas. En cada una de ellas se cuecen actividades tan inquietantes y turbias como la escritura de una novela pornogr\u00e1fica, el deseo frustrado de autocastraci\u00f3n o el desarrollo de dise\u00f1os para la demoscene, subcultura inform\u00e1tica art\u00edstica. Sus espacios privados son arquitecturas blancas donde se explora el territorio de los cuerpos, de la mente y de la infancia. Mirillas hacia lo abyecto y hacia el decir, que los conecta al proceso de creaci\u00f3n de un videojuego de culto.<\/p>\n<p>&nbsp;<\/p>\n<p style=\"text-align: center;\"><span style=\"color: #008080;\"><strong>Puedes empezar a leer la obra <a style=\"color: #008080;\" href=\"https:\/\/bibliotecas.unileon.es\/tULEctura\/files\/2022\/08\/nefandoseleccion.pdf\" class=\"mtli_attachment mtli_pdf\">Nefando,<\/a> de M\u00f3nica Ojeda<\/strong><\/span><\/p>\n","protected":false},"excerpt":{"rendered":"<p>&nbsp; Ojeda, M\u00f3nica ( 1988-) Nefando \/ M\u00f3nica Ojeda. Barcelona : Candaya , 2019. 208 p. ; 21 cm 9788415934233 Calendario 29 de noviembre &#8211; Sesi\u00f3n de Gu\u00eda a la lectura, a cargo de Ana Abello Verano 13 de diciembre &#8211; Sesi\u00f3n de Coloquio de los socios 20 de diciembre &#8211; Sesi\u00f3n de Encuentro entre [&hellip;]<\/p>\n","protected":false},"author":73,"featured_media":0,"parent":48645,"menu_order":4,"comment_status":"closed","ping_status":"closed","template":"","meta":{"_bbp_topic_count":0,"_bbp_reply_count":0,"_bbp_total_topic_count":0,"_bbp_total_reply_count":0,"_bbp_voice_count":0,"_bbp_anonymous_reply_count":0,"_bbp_topic_count_hidden":0,"_bbp_reply_count_hidden":0,"_bbp_forum_subforum_count":0,"_monsterinsights_skip_tracking":false,"_monsterinsights_sitenote_active":false,"_monsterinsights_sitenote_note":"","_monsterinsights_sitenote_category":0,"footnotes":""},"class_list":["post-48676","page","type-page","status-publish","hentry"],"yoast_head":"<!-- This site is optimized with the Yoast SEO plugin v25.8 - https:\/\/yoast.com\/wordpress\/plugins\/seo\/ -->\n<title>Lectura 4: Nefando, de M\u00f3nica Ojeda - tULEctura<\/title>\n<meta name=\"robots\" content=\"index, follow, max-snippet:-1, max-image-preview:large, max-video-preview:-1\" \/>\n<link rel=\"canonical\" href=\"https:\/\/bibliotecas.unileon.es\/tULEctura\/pagina-ejemplo\/curso-2022-2023\/lectura-4-nefando-de-monica-ojeda\/\" \/>\n<meta property=\"og:locale\" content=\"es_ES\" \/>\n<meta property=\"og:type\" content=\"article\" \/>\n<meta property=\"og:title\" content=\"Lectura 4: Nefando, de M\u00f3nica Ojeda - tULEctura\" \/>\n<meta property=\"og:description\" content=\"&nbsp; Ojeda, M\u00f3nica ( 1988-) Nefando \/ M\u00f3nica Ojeda. Barcelona : Candaya , 2019. 208 p. ; 21 cm 9788415934233 Calendario 29 de noviembre &#8211; Sesi\u00f3n de Gu\u00eda a la lectura, a cargo de Ana Abello Verano 13 de diciembre &#8211; Sesi\u00f3n de Coloquio de los socios 20 de diciembre &#8211; Sesi\u00f3n de Encuentro entre [&hellip;]\" \/>\n<meta property=\"og:url\" content=\"https:\/\/bibliotecas.unileon.es\/tULEctura\/pagina-ejemplo\/curso-2022-2023\/lectura-4-nefando-de-monica-ojeda\/\" \/>\n<meta property=\"og:site_name\" content=\"tULEctura\" \/>\n<meta property=\"article:publisher\" content=\"https:\/\/www.facebook.com\/tulectura.unileon\/\" \/>\n<meta property=\"article:modified_time\" content=\"2023-06-02T06:27:29+00:00\" \/>\n<meta property=\"og:image\" content=\"https:\/\/bibliotecas.unileon.es\/tULEctura\/files\/2022\/08\/portadanefando.jpg\" \/>\n<meta name=\"twitter:card\" content=\"summary_large_image\" \/>\n<meta name=\"twitter:site\" content=\"@tULEctura_ULE\" \/>\n<meta name=\"twitter:label1\" content=\"Tiempo de lectura\" \/>\n\t<meta name=\"twitter:data1\" content=\"2 minutos\" \/>\n<script type=\"application\/ld+json\" class=\"yoast-schema-graph\">{\"@context\":\"https:\/\/schema.org\",\"@graph\":[{\"@type\":\"WebPage\",\"@id\":\"https:\/\/bibliotecas.unileon.es\/tULEctura\/pagina-ejemplo\/curso-2022-2023\/lectura-4-nefando-de-monica-ojeda\/\",\"url\":\"https:\/\/bibliotecas.unileon.es\/tULEctura\/pagina-ejemplo\/curso-2022-2023\/lectura-4-nefando-de-monica-ojeda\/\",\"name\":\"Lectura 4: Nefando, de M\u00f3nica Ojeda - tULEctura\",\"isPartOf\":{\"@id\":\"https:\/\/bibliotecas.unileon.es\/tULEctura\/#website\"},\"primaryImageOfPage\":{\"@id\":\"https:\/\/bibliotecas.unileon.es\/tULEctura\/pagina-ejemplo\/curso-2022-2023\/lectura-4-nefando-de-monica-ojeda\/#primaryimage\"},\"image\":{\"@id\":\"https:\/\/bibliotecas.unileon.es\/tULEctura\/pagina-ejemplo\/curso-2022-2023\/lectura-4-nefando-de-monica-ojeda\/#primaryimage\"},\"thumbnailUrl\":\"https:\/\/bibliotecas.unileon.es\/tULEctura\/files\/2022\/08\/portadanefando.jpg\",\"datePublished\":\"2022-08-24T11:04:12+00:00\",\"dateModified\":\"2023-06-02T06:27:29+00:00\",\"breadcrumb\":{\"@id\":\"https:\/\/bibliotecas.unileon.es\/tULEctura\/pagina-ejemplo\/curso-2022-2023\/lectura-4-nefando-de-monica-ojeda\/#breadcrumb\"},\"inLanguage\":\"es\",\"potentialAction\":[{\"@type\":\"ReadAction\",\"target\":[\"https:\/\/bibliotecas.unileon.es\/tULEctura\/pagina-ejemplo\/curso-2022-2023\/lectura-4-nefando-de-monica-ojeda\/\"]}]},{\"@type\":\"ImageObject\",\"inLanguage\":\"es\",\"@id\":\"https:\/\/bibliotecas.unileon.es\/tULEctura\/pagina-ejemplo\/curso-2022-2023\/lectura-4-nefando-de-monica-ojeda\/#primaryimage\",\"url\":\"https:\/\/bibliotecas.unileon.es\/tULEctura\/files\/2022\/08\/portadanefando.jpg\",\"contentUrl\":\"https:\/\/bibliotecas.unileon.es\/tULEctura\/files\/2022\/08\/portadanefando.jpg\",\"width\":256,\"height\":385},{\"@type\":\"BreadcrumbList\",\"@id\":\"https:\/\/bibliotecas.unileon.es\/tULEctura\/pagina-ejemplo\/curso-2022-2023\/lectura-4-nefando-de-monica-ojeda\/#breadcrumb\",\"itemListElement\":[{\"@type\":\"ListItem\",\"position\":1,\"name\":\"Home\",\"item\":\"https:\/\/bibliotecas.unileon.es\/tULEctura\/\"},{\"@type\":\"ListItem\",\"position\":2,\"name\":\"Club de Lectura\",\"item\":\"https:\/\/bibliotecas.unileon.es\/tULEctura\/pagina-ejemplo\/\"},{\"@type\":\"ListItem\",\"position\":3,\"name\":\"Curso 2022-2023\",\"item\":\"https:\/\/bibliotecas.unileon.es\/tULEctura\/pagina-ejemplo\/curso-2022-2023\/\"},{\"@type\":\"ListItem\",\"position\":4,\"name\":\"Lectura 4: Nefando, de M\u00f3nica Ojeda\"}]},{\"@type\":\"WebSite\",\"@id\":\"https:\/\/bibliotecas.unileon.es\/tULEctura\/#website\",\"url\":\"https:\/\/bibliotecas.unileon.es\/tULEctura\/\",\"name\":\"tULEctura\",\"description\":\"Espacio de la Universidad de Le\u00f3n dedicado a la lectura\",\"publisher\":{\"@id\":\"https:\/\/bibliotecas.unileon.es\/tULEctura\/#organization\"},\"potentialAction\":[{\"@type\":\"SearchAction\",\"target\":{\"@type\":\"EntryPoint\",\"urlTemplate\":\"https:\/\/bibliotecas.unileon.es\/tULEctura\/?s={search_term_string}\"},\"query-input\":{\"@type\":\"PropertyValueSpecification\",\"valueRequired\":true,\"valueName\":\"search_term_string\"}}],\"inLanguage\":\"es\"},{\"@type\":\"Organization\",\"@id\":\"https:\/\/bibliotecas.unileon.es\/tULEctura\/#organization\",\"name\":\"Universidad de Le\u00f3n\",\"url\":\"https:\/\/bibliotecas.unileon.es\/tULEctura\/\",\"logo\":{\"@type\":\"ImageObject\",\"inLanguage\":\"es\",\"@id\":\"https:\/\/bibliotecas.unileon.es\/tULEctura\/#\/schema\/logo\/image\/\",\"url\":\"https:\/\/bibliotecas.unileon.es\/tULEctura\/files\/2018\/08\/TULECTURA_LOGO1.png\",\"contentUrl\":\"https:\/\/bibliotecas.unileon.es\/tULEctura\/files\/2018\/08\/TULECTURA_LOGO1.png\",\"width\":\"960\",\"height\":\"258\",\"caption\":\"Universidad de Le\u00f3n\"},\"image\":{\"@id\":\"https:\/\/bibliotecas.unileon.es\/tULEctura\/#\/schema\/logo\/image\/\"},\"sameAs\":[\"https:\/\/www.facebook.com\/tulectura.unileon\/\",\"https:\/\/x.com\/tULEctura_ULE\",\"https:\/\/www.instagram.com\/tulectura.unileon\/\",\"https:\/\/www.pinterest.es\/tulectura\/\",\"https:\/\/www.youtube.com\/channel\/UCoWaDD39lVlAQcOchwlTPVw\"]}]}<\/script>\n<!-- \/ Yoast SEO plugin. -->","yoast_head_json":{"title":"Lectura 4: Nefando, de M\u00f3nica Ojeda - tULEctura","robots":{"index":"index","follow":"follow","max-snippet":"max-snippet:-1","max-image-preview":"max-image-preview:large","max-video-preview":"max-video-preview:-1"},"canonical":"https:\/\/bibliotecas.unileon.es\/tULEctura\/pagina-ejemplo\/curso-2022-2023\/lectura-4-nefando-de-monica-ojeda\/","og_locale":"es_ES","og_type":"article","og_title":"Lectura 4: Nefando, de M\u00f3nica Ojeda - tULEctura","og_description":"&nbsp; Ojeda, M\u00f3nica ( 1988-) Nefando \/ M\u00f3nica Ojeda. Barcelona : Candaya , 2019. 208 p. ; 21 cm 9788415934233 Calendario 29 de noviembre &#8211; Sesi\u00f3n de Gu\u00eda a la lectura, a cargo de Ana Abello Verano 13 de diciembre &#8211; Sesi\u00f3n de Coloquio de los socios 20 de diciembre &#8211; Sesi\u00f3n de Encuentro entre [&hellip;]","og_url":"https:\/\/bibliotecas.unileon.es\/tULEctura\/pagina-ejemplo\/curso-2022-2023\/lectura-4-nefando-de-monica-ojeda\/","og_site_name":"tULEctura","article_publisher":"https:\/\/www.facebook.com\/tulectura.unileon\/","article_modified_time":"2023-06-02T06:27:29+00:00","og_image":[{"url":"https:\/\/bibliotecas.unileon.es\/tULEctura\/files\/2022\/08\/portadanefando.jpg","type":"","width":"","height":""}],"twitter_card":"summary_large_image","twitter_site":"@tULEctura_ULE","twitter_misc":{"Tiempo de lectura":"2 minutos"},"schema":{"@context":"https:\/\/schema.org","@graph":[{"@type":"WebPage","@id":"https:\/\/bibliotecas.unileon.es\/tULEctura\/pagina-ejemplo\/curso-2022-2023\/lectura-4-nefando-de-monica-ojeda\/","url":"https:\/\/bibliotecas.unileon.es\/tULEctura\/pagina-ejemplo\/curso-2022-2023\/lectura-4-nefando-de-monica-ojeda\/","name":"Lectura 4: Nefando, de M\u00f3nica Ojeda - tULEctura","isPartOf":{"@id":"https:\/\/bibliotecas.unileon.es\/tULEctura\/#website"},"primaryImageOfPage":{"@id":"https:\/\/bibliotecas.unileon.es\/tULEctura\/pagina-ejemplo\/curso-2022-2023\/lectura-4-nefando-de-monica-ojeda\/#primaryimage"},"image":{"@id":"https:\/\/bibliotecas.unileon.es\/tULEctura\/pagina-ejemplo\/curso-2022-2023\/lectura-4-nefando-de-monica-ojeda\/#primaryimage"},"thumbnailUrl":"https:\/\/bibliotecas.unileon.es\/tULEctura\/files\/2022\/08\/portadanefando.jpg","datePublished":"2022-08-24T11:04:12+00:00","dateModified":"2023-06-02T06:27:29+00:00","breadcrumb":{"@id":"https:\/\/bibliotecas.unileon.es\/tULEctura\/pagina-ejemplo\/curso-2022-2023\/lectura-4-nefando-de-monica-ojeda\/#breadcrumb"},"inLanguage":"es","potentialAction":[{"@type":"ReadAction","target":["https:\/\/bibliotecas.unileon.es\/tULEctura\/pagina-ejemplo\/curso-2022-2023\/lectura-4-nefando-de-monica-ojeda\/"]}]},{"@type":"ImageObject","inLanguage":"es","@id":"https:\/\/bibliotecas.unileon.es\/tULEctura\/pagina-ejemplo\/curso-2022-2023\/lectura-4-nefando-de-monica-ojeda\/#primaryimage","url":"https:\/\/bibliotecas.unileon.es\/tULEctura\/files\/2022\/08\/portadanefando.jpg","contentUrl":"https:\/\/bibliotecas.unileon.es\/tULEctura\/files\/2022\/08\/portadanefando.jpg","width":256,"height":385},{"@type":"BreadcrumbList","@id":"https:\/\/bibliotecas.unileon.es\/tULEctura\/pagina-ejemplo\/curso-2022-2023\/lectura-4-nefando-de-monica-ojeda\/#breadcrumb","itemListElement":[{"@type":"ListItem","position":1,"name":"Home","item":"https:\/\/bibliotecas.unileon.es\/tULEctura\/"},{"@type":"ListItem","position":2,"name":"Club de Lectura","item":"https:\/\/bibliotecas.unileon.es\/tULEctura\/pagina-ejemplo\/"},{"@type":"ListItem","position":3,"name":"Curso 2022-2023","item":"https:\/\/bibliotecas.unileon.es\/tULEctura\/pagina-ejemplo\/curso-2022-2023\/"},{"@type":"ListItem","position":4,"name":"Lectura 4: Nefando, de M\u00f3nica Ojeda"}]},{"@type":"WebSite","@id":"https:\/\/bibliotecas.unileon.es\/tULEctura\/#website","url":"https:\/\/bibliotecas.unileon.es\/tULEctura\/","name":"tULEctura","description":"Espacio de la Universidad de Le\u00f3n dedicado a la lectura","publisher":{"@id":"https:\/\/bibliotecas.unileon.es\/tULEctura\/#organization"},"potentialAction":[{"@type":"SearchAction","target":{"@type":"EntryPoint","urlTemplate":"https:\/\/bibliotecas.unileon.es\/tULEctura\/?s={search_term_string}"},"query-input":{"@type":"PropertyValueSpecification","valueRequired":true,"valueName":"search_term_string"}}],"inLanguage":"es"},{"@type":"Organization","@id":"https:\/\/bibliotecas.unileon.es\/tULEctura\/#organization","name":"Universidad de Le\u00f3n","url":"https:\/\/bibliotecas.unileon.es\/tULEctura\/","logo":{"@type":"ImageObject","inLanguage":"es","@id":"https:\/\/bibliotecas.unileon.es\/tULEctura\/#\/schema\/logo\/image\/","url":"https:\/\/bibliotecas.unileon.es\/tULEctura\/files\/2018\/08\/TULECTURA_LOGO1.png","contentUrl":"https:\/\/bibliotecas.unileon.es\/tULEctura\/files\/2018\/08\/TULECTURA_LOGO1.png","width":"960","height":"258","caption":"Universidad de Le\u00f3n"},"image":{"@id":"https:\/\/bibliotecas.unileon.es\/tULEctura\/#\/schema\/logo\/image\/"},"sameAs":["https:\/\/www.facebook.com\/tulectura.unileon\/","https:\/\/x.com\/tULEctura_ULE","https:\/\/www.instagram.com\/tulectura.unileon\/","https:\/\/www.pinterest.es\/tulectura\/","https:\/\/www.youtube.com\/channel\/UCoWaDD39lVlAQcOchwlTPVw"]}]}},"_links":{"self":[{"href":"https:\/\/bibliotecas.unileon.es\/tULEctura\/wp-json\/wp\/v2\/pages\/48676","targetHints":{"allow":["GET"]}}],"collection":[{"href":"https:\/\/bibliotecas.unileon.es\/tULEctura\/wp-json\/wp\/v2\/pages"}],"about":[{"href":"https:\/\/bibliotecas.unileon.es\/tULEctura\/wp-json\/wp\/v2\/types\/page"}],"author":[{"embeddable":true,"href":"https:\/\/bibliotecas.unileon.es\/tULEctura\/wp-json\/wp\/v2\/users\/73"}],"replies":[{"embeddable":true,"href":"https:\/\/bibliotecas.unileon.es\/tULEctura\/wp-json\/wp\/v2\/comments?post=48676"}],"version-history":[{"count":1,"href":"https:\/\/bibliotecas.unileon.es\/tULEctura\/wp-json\/wp\/v2\/pages\/48676\/revisions"}],"predecessor-version":[{"id":48682,"href":"https:\/\/bibliotecas.unileon.es\/tULEctura\/wp-json\/wp\/v2\/pages\/48676\/revisions\/48682"}],"up":[{"embeddable":true,"href":"https:\/\/bibliotecas.unileon.es\/tULEctura\/wp-json\/wp\/v2\/pages\/48645"}],"wp:attachment":[{"href":"https:\/\/bibliotecas.unileon.es\/tULEctura\/wp-json\/wp\/v2\/media?parent=48676"}],"curies":[{"name":"wp","href":"https:\/\/api.w.org\/{rel}","templated":true}]}}