{"id":49027,"date":"2023-07-24T12:54:48","date_gmt":"2023-07-24T10:54:48","guid":{"rendered":"https:\/\/bibliotecas.unileon.es\/tULEctura\/?page_id=49027"},"modified":"2023-10-16T13:22:18","modified_gmt":"2023-10-16T11:22:18","slug":"lectura-1-cuentos-escogidos-de-shirley-jackson","status":"publish","type":"page","link":"https:\/\/bibliotecas.unileon.es\/tULEctura\/pagina-ejemplo\/curso-2023-2024\/lectura-1-cuentos-escogidos-de-shirley-jackson\/","title":{"rendered":"Lectura 1:  Cuentos escogidos, de Shirley Jackson"},"content":{"rendered":"<p><img loading=\"lazy\" decoding=\"async\" class=\"alignright wp-image-49028\" src=\"https:\/\/bibliotecas.unileon.es\/tULEctura\/files\/2023\/07\/cuentos-escogidos.jpg\" alt=\"\" width=\"222\" height=\"333\" \/><\/p>\n<p>&nbsp;<\/p>\n<p>&nbsp;<\/p>\n<p style=\"padding-left: 40px;\">T\u00edtulo: Cuentos escogidos<br \/>\nAutor: Jackson, Shirley 1916-1965<br \/>\nPublicaci\u00f3n: Barcelona, Min\u00fascula, 2015<br \/>\nEdici\u00f3n: 2\u00aa ed.<br \/>\nDescripci\u00f3n f\u00edsica: 163 p. 21 cm<br \/>\nColecci\u00f3n: Tour de force, 11<br \/>\nISBN : 978-84-943539-7-0<\/p>\n<p>&nbsp;<\/p>\n<p><span style=\"color: #c94045;\"><a style=\"color: #c94045;\" href=\"https:\/\/catoute.unileon.es\/permalink\/34BUC_ULE\/ar7q83\/alma991009084449205772\" target=\"_blank\" rel=\"noopener\">Solicita la obra en las bibliotecas de la Universidad de Le\u00f3n<\/a><\/span><\/p>\n<p>&nbsp;<\/p>\n<h2><span style=\"color: #c94045;\"><strong>Calendario<\/strong><\/span><\/h2>\n<ul>\n<li>Martes 3 de octubre &#8211;\n<ul>\n<li><span style=\"color: #0000ff;\"><a style=\"color: #0000ff;\" href=\"https:\/\/bibliotecas.unileon.es\/tULEctura\/2023\/10\/03\/guia-lectura-cuentos-shirley-jackson\/\" target=\"_blank\" rel=\"noopener\"> Sesi\u00f3n de Gu\u00eda a la lectura<\/a><\/span>, a cargo de Rosa Mar\u00eda D\u00edez Cobo<\/li>\n<li><span style=\"color: #0000ff;\"><a style=\"color: #0000ff;\" href=\"https:\/\/videos.unileon.es\/video\/6526ca0a8f420814098b457d\" target=\"_blank\" rel=\"noopener\">V\u00eddeo de la sesi\u00f3n de Gu\u00eda a la lectura\u00a0<\/a><\/span><\/li>\n<\/ul>\n<\/li>\n<li>Martes 10 de octubre &#8211; <span style=\"color: #0000ff;\"><a style=\"color: #0000ff;\" href=\"https:\/\/bibliotecas.unileon.es\/tULEctura\/2023\/10\/11\/coloquio-cuentos-de-shirley-jackson\/\" target=\"_blank\" rel=\"noopener\">Sesi\u00f3n de Coloquio de los socios<\/a><\/span><\/li>\n<\/ul>\n<h2><span style=\"color: #c94045;\">Lugar y horario<\/span><\/h2>\n<p>Los encuentros de esta \u00a0lectura tendr\u00e1n lugar\u00a0 a las 19:00 horas en la sala de conferencias de la Biblioteca General San Isidoro,\u00a0sede del club le lectura.<\/p>\n<p>De forma combinada, ofrecemos el formato\u00a0\u00a0h\u00edbrido online s\u00edncrono a trav\u00e9s de Meet.<\/p>\n<h2><span style=\"color: #c94045;\"><strong>La autora <\/strong><strong><span style=\"color: #c94045;\">(informaci\u00f3n ofrecida<\/span> por la editorial)<\/strong><\/span><\/h2>\n<p style=\"text-align: justify;\"><strong>Shirley Jackson<\/strong>\u00a0(San Francisco 1916 \u2015 Bennington 1965) estudi\u00f3 en la Universidad de Syracuse. En 1948 public\u00f3 su primera novela,\u00a0<em>The Road Through the Wall<\/em>, y el cuento \u00abLa loter\u00eda\u00bb (incluido en el volumen\u00a0<em>Cuentos escogidos<\/em>), un cl\u00e1sico del siglo xx. Su obra \u2015que tambi\u00e9n incluye las novelas\u00a0<em>Hangsaman<\/em>\u00a0(1951),\u00a0<em>The Bird\u2019s Nest<\/em>\u00a0(1954),\u00a0<em>The Sundial<\/em>\u00a0(1958) y\u00a0<em>La maldici\u00f3n de Hill House<\/em>\u00a0(1959), as\u00ed como los ensayos autobiogr\u00e1ficos\u00a0<em>Life Among the Savages<\/em>\u00a0(1953) y\u00a0<em>Raising Demons<\/em>\u00a0(1956)\u2015 ha ejercido una gran influencia en A. M. Homes, Stephen King, Jonathan Lethem, Richard Matheson y Donna Tartt, entre otros escritores. En 1962 public\u00f3\u00a0<em>Siempre hemos vivido en el castillo<\/em>, que fue considerada por la revista\u00a0<em>Time<\/em> como una de las diez mejores novelas del a\u00f1o.<\/p>\n<h2><span style=\"color: #c94045;\">Adem\u00e1s:<\/span><\/h2>\n<p><iframe loading=\"lazy\" style=\"border-radius: 12px;\" src=\"https:\/\/open.spotify.com\/embed\/episode\/6sPPD8tuExKQKYQyRmgrkj?utm_source=generator&amp;t=0\" width=\"100%\" height=\"352\" frameborder=\"0\" allowfullscreen=\"allowfullscreen\"><\/iframe><\/p>\n<p style=\"text-align: justify;\"><strong><span style=\"color: #c94045;\">\u00a1Atenci\u00f3n! Este enlace solo ofrece unos minutos del p\u00f3dcast. El cap\u00edtulo completo, de aproximadamente 43 minutos, se puede escuchar en la plataforma de Spotify pinchando en el t\u00edtulo m\u00f3vil).\u00a0<\/span><\/strong><\/p>\n<p style=\"text-align: justify;\"><strong>\u00abGRANDES INFELICES. Luces y sombras de grandes novelistas\u00bb<\/strong> es un p\u00f3dcast literario de <span style=\"color: #0000ff;\"><a style=\"color: #0000ff;\" href=\"https:\/\/blackiebooks.org\/\" target=\"_blank\" rel=\"noopener\">Blackie Books<\/a><\/span> presentado y dirigido por el escritor <span style=\"color: #0000ff;\"><a style=\"color: #0000ff;\" href=\"https:\/\/blackiebooks.org\/artista\/javier-pena\/\" target=\"_blank\" rel=\"noopener\">Javier Pe\u00f1a<\/a><\/span>, que repasa cap\u00edtulo a cap\u00edtulo la vida y obra de destacados escritores y escritoras, que a veces tuvieron vida de novela, pero no siempre de las felices.<\/p>\n<p style=\"text-align: justify;\">El cap\u00edtulo 9 de la serie est\u00e1 dedicado a\u00a0 Shirley Jackson, como una de las escritoras de terror m\u00e1s influyentes de la historia. Se centra en la novela m\u00e1s famosa de Jackson, <em>La maldici\u00f3n de Hill House<\/em>, una de las obras literarias m\u00e1s ic\u00f3nica sobre una mansi\u00f3n encantada. Partiendo de este texto, Javier Pe\u00f1a nos muestra\u00a0 c\u00f3mo las casas fueron un elemento clave en la vida y la creaci\u00f3n de Jackson. Y tambi\u00e9n en su infelicidad. Los grandes problemas de la vida de Shirley sucedieron de puertas adentro. No solo eso: una casa termin\u00f3 por engullirla en sus \u00faltimos a\u00f1os de vida. Hoy, m\u00e1s de\u00a0 sesenta a\u00f1os despu\u00e9s, una autora minusvalorada en su d\u00eda por ser mujer y escritora de g\u00e9nero por fin es reconocida como una de las grandes del siglo XX.<\/p>\n<p>&nbsp;<\/p>\n<h2><span style=\"color: #c94045;\"><strong>La obra <span style=\"color: #c94045;\">(informaci\u00f3n<\/span> ofrecida por la editorial)<\/strong><\/span><\/h2>\n<p style=\"text-align: justify;\">Una mujer pasa el d\u00eda de su boda buscando fren\u00e9ticamente a su futuro marido, otra hace un extra\u00f1o viaje nocturno en autob\u00fas, un librero satisface la, en apariencia, inofensiva solicitud de un cliente. Y, en el cuento m\u00e1s celebrado de Shirley Jackson, los pobladores de una aldea se re\u00fanen para oficiar un inquietante ritual. \u00abLa loter\u00eda\u00bb, uno de los relatos m\u00e1s turbadores que se hayan escrito nunca y un \u00edcono en la historia de la literatura norteamericana, encendi\u00f3 la pol\u00e9mica cuando se public\u00f3 por primera vez, en la revista\u00a0<em>The New Yorker<\/em>. Este volumen presenta una selecci\u00f3n de los cuentos de Shirley Jackson e incluye tres conferencias de la autora, una de las cuales dedicada, precisamente, al esc\u00e1ndalo que supuso la publicaci\u00f3n de su texto m\u00e1s conocido.<\/p>\n<p><span style=\"color: #c94045;\"><strong>Puedes <a style=\"color: #c94045;\" href=\"https:\/\/ciudadseva.com\/autor\/shirley-jackson\/cuentos\/\" target=\"_blank\" rel=\"noopener\">empezar a leer algunos cuentos de Shirley Jackson<\/a> en la p\u00e1gina de Ciudad Seva.<\/strong><\/span><\/p>\n","protected":false},"excerpt":{"rendered":"<p>&nbsp; &nbsp; T\u00edtulo: Cuentos escogidos Autor: Jackson, Shirley 1916-1965 Publicaci\u00f3n: Barcelona, Min\u00fascula, 2015 Edici\u00f3n: 2\u00aa ed. Descripci\u00f3n f\u00edsica: 163 p. 21 cm Colecci\u00f3n: Tour de force, 11 ISBN : 978-84-943539-7-0 &nbsp; Solicita la obra en las bibliotecas de la Universidad de Le\u00f3n &nbsp; Calendario Martes 3 de octubre &#8211; Sesi\u00f3n de Gu\u00eda a la lectura, [&hellip;]<\/p>\n","protected":false},"author":73,"featured_media":0,"parent":49022,"menu_order":1,"comment_status":"closed","ping_status":"closed","template":"","meta":{"_bbp_topic_count":0,"_bbp_reply_count":0,"_bbp_total_topic_count":0,"_bbp_total_reply_count":0,"_bbp_voice_count":0,"_bbp_anonymous_reply_count":0,"_bbp_topic_count_hidden":0,"_bbp_reply_count_hidden":0,"_bbp_forum_subforum_count":0,"_monsterinsights_skip_tracking":false,"_monsterinsights_sitenote_active":false,"_monsterinsights_sitenote_note":"","_monsterinsights_sitenote_category":0,"footnotes":""},"class_list":["post-49027","page","type-page","status-publish","hentry"],"yoast_head":"<!-- This site is optimized with the Yoast SEO plugin v25.8 - https:\/\/yoast.com\/wordpress\/plugins\/seo\/ -->\n<title>Lectura 1: Cuentos escogidos, de Shirley Jackson - tULEctura<\/title>\n<meta name=\"robots\" content=\"index, follow, max-snippet:-1, max-image-preview:large, max-video-preview:-1\" \/>\n<link rel=\"canonical\" href=\"https:\/\/bibliotecas.unileon.es\/tULEctura\/pagina-ejemplo\/curso-2023-2024\/lectura-1-cuentos-escogidos-de-shirley-jackson\/\" \/>\n<meta property=\"og:locale\" content=\"es_ES\" \/>\n<meta property=\"og:type\" content=\"article\" \/>\n<meta property=\"og:title\" content=\"Lectura 1: Cuentos escogidos, de Shirley Jackson - tULEctura\" \/>\n<meta property=\"og:description\" content=\"&nbsp; &nbsp; T\u00edtulo: Cuentos escogidos Autor: Jackson, Shirley 1916-1965 Publicaci\u00f3n: Barcelona, Min\u00fascula, 2015 Edici\u00f3n: 2\u00aa ed. Descripci\u00f3n f\u00edsica: 163 p. 21 cm Colecci\u00f3n: Tour de force, 11 ISBN : 978-84-943539-7-0 &nbsp; Solicita la obra en las bibliotecas de la Universidad de Le\u00f3n &nbsp; Calendario Martes 3 de octubre &#8211; Sesi\u00f3n de Gu\u00eda a la lectura, [&hellip;]\" \/>\n<meta property=\"og:url\" content=\"https:\/\/bibliotecas.unileon.es\/tULEctura\/pagina-ejemplo\/curso-2023-2024\/lectura-1-cuentos-escogidos-de-shirley-jackson\/\" \/>\n<meta property=\"og:site_name\" content=\"tULEctura\" \/>\n<meta property=\"article:publisher\" content=\"https:\/\/www.facebook.com\/tulectura.unileon\/\" \/>\n<meta property=\"article:modified_time\" content=\"2023-10-16T11:22:18+00:00\" \/>\n<meta property=\"og:image\" content=\"https:\/\/bibliotecas.unileon.es\/tULEctura\/files\/2023\/07\/cuentos-escogidos.jpg\" \/>\n<meta name=\"twitter:card\" content=\"summary_large_image\" \/>\n<meta name=\"twitter:site\" content=\"@tULEctura_ULE\" \/>\n<meta name=\"twitter:label1\" content=\"Tiempo de lectura\" \/>\n\t<meta name=\"twitter:data1\" content=\"3 minutos\" \/>\n<script type=\"application\/ld+json\" class=\"yoast-schema-graph\">{\"@context\":\"https:\/\/schema.org\",\"@graph\":[{\"@type\":\"WebPage\",\"@id\":\"https:\/\/bibliotecas.unileon.es\/tULEctura\/pagina-ejemplo\/curso-2023-2024\/lectura-1-cuentos-escogidos-de-shirley-jackson\/\",\"url\":\"https:\/\/bibliotecas.unileon.es\/tULEctura\/pagina-ejemplo\/curso-2023-2024\/lectura-1-cuentos-escogidos-de-shirley-jackson\/\",\"name\":\"Lectura 1: Cuentos escogidos, de Shirley Jackson - tULEctura\",\"isPartOf\":{\"@id\":\"https:\/\/bibliotecas.unileon.es\/tULEctura\/#website\"},\"primaryImageOfPage\":{\"@id\":\"https:\/\/bibliotecas.unileon.es\/tULEctura\/pagina-ejemplo\/curso-2023-2024\/lectura-1-cuentos-escogidos-de-shirley-jackson\/#primaryimage\"},\"image\":{\"@id\":\"https:\/\/bibliotecas.unileon.es\/tULEctura\/pagina-ejemplo\/curso-2023-2024\/lectura-1-cuentos-escogidos-de-shirley-jackson\/#primaryimage\"},\"thumbnailUrl\":\"https:\/\/bibliotecas.unileon.es\/tULEctura\/files\/2023\/07\/cuentos-escogidos.jpg\",\"datePublished\":\"2023-07-24T10:54:48+00:00\",\"dateModified\":\"2023-10-16T11:22:18+00:00\",\"breadcrumb\":{\"@id\":\"https:\/\/bibliotecas.unileon.es\/tULEctura\/pagina-ejemplo\/curso-2023-2024\/lectura-1-cuentos-escogidos-de-shirley-jackson\/#breadcrumb\"},\"inLanguage\":\"es\",\"potentialAction\":[{\"@type\":\"ReadAction\",\"target\":[\"https:\/\/bibliotecas.unileon.es\/tULEctura\/pagina-ejemplo\/curso-2023-2024\/lectura-1-cuentos-escogidos-de-shirley-jackson\/\"]}]},{\"@type\":\"ImageObject\",\"inLanguage\":\"es\",\"@id\":\"https:\/\/bibliotecas.unileon.es\/tULEctura\/pagina-ejemplo\/curso-2023-2024\/lectura-1-cuentos-escogidos-de-shirley-jackson\/#primaryimage\",\"url\":\"https:\/\/bibliotecas.unileon.es\/tULEctura\/files\/2023\/07\/cuentos-escogidos.jpg\",\"contentUrl\":\"https:\/\/bibliotecas.unileon.es\/tULEctura\/files\/2023\/07\/cuentos-escogidos.jpg\",\"width\":552,\"height\":828,\"caption\":\"Cuentos escogidos, de Shirley Jackson (Barcelona, Min\u00fascula, 2015)\"},{\"@type\":\"BreadcrumbList\",\"@id\":\"https:\/\/bibliotecas.unileon.es\/tULEctura\/pagina-ejemplo\/curso-2023-2024\/lectura-1-cuentos-escogidos-de-shirley-jackson\/#breadcrumb\",\"itemListElement\":[{\"@type\":\"ListItem\",\"position\":1,\"name\":\"Home\",\"item\":\"https:\/\/bibliotecas.unileon.es\/tULEctura\/\"},{\"@type\":\"ListItem\",\"position\":2,\"name\":\"Club de Lectura\",\"item\":\"https:\/\/bibliotecas.unileon.es\/tULEctura\/pagina-ejemplo\/\"},{\"@type\":\"ListItem\",\"position\":3,\"name\":\"Curso 2023-2024\",\"item\":\"https:\/\/bibliotecas.unileon.es\/tULEctura\/pagina-ejemplo\/curso-2023-2024\/\"},{\"@type\":\"ListItem\",\"position\":4,\"name\":\"Lectura 1: Cuentos escogidos, de Shirley Jackson\"}]},{\"@type\":\"WebSite\",\"@id\":\"https:\/\/bibliotecas.unileon.es\/tULEctura\/#website\",\"url\":\"https:\/\/bibliotecas.unileon.es\/tULEctura\/\",\"name\":\"tULEctura\",\"description\":\"Espacio de la Universidad de Le\u00f3n dedicado a la lectura\",\"publisher\":{\"@id\":\"https:\/\/bibliotecas.unileon.es\/tULEctura\/#organization\"},\"potentialAction\":[{\"@type\":\"SearchAction\",\"target\":{\"@type\":\"EntryPoint\",\"urlTemplate\":\"https:\/\/bibliotecas.unileon.es\/tULEctura\/?s={search_term_string}\"},\"query-input\":{\"@type\":\"PropertyValueSpecification\",\"valueRequired\":true,\"valueName\":\"search_term_string\"}}],\"inLanguage\":\"es\"},{\"@type\":\"Organization\",\"@id\":\"https:\/\/bibliotecas.unileon.es\/tULEctura\/#organization\",\"name\":\"Universidad de Le\u00f3n\",\"url\":\"https:\/\/bibliotecas.unileon.es\/tULEctura\/\",\"logo\":{\"@type\":\"ImageObject\",\"inLanguage\":\"es\",\"@id\":\"https:\/\/bibliotecas.unileon.es\/tULEctura\/#\/schema\/logo\/image\/\",\"url\":\"https:\/\/bibliotecas.unileon.es\/tULEctura\/files\/2018\/08\/TULECTURA_LOGO1.png\",\"contentUrl\":\"https:\/\/bibliotecas.unileon.es\/tULEctura\/files\/2018\/08\/TULECTURA_LOGO1.png\",\"width\":\"960\",\"height\":\"258\",\"caption\":\"Universidad de Le\u00f3n\"},\"image\":{\"@id\":\"https:\/\/bibliotecas.unileon.es\/tULEctura\/#\/schema\/logo\/image\/\"},\"sameAs\":[\"https:\/\/www.facebook.com\/tulectura.unileon\/\",\"https:\/\/x.com\/tULEctura_ULE\",\"https:\/\/www.instagram.com\/tulectura.unileon\/\",\"https:\/\/www.pinterest.es\/tulectura\/\",\"https:\/\/www.youtube.com\/channel\/UCoWaDD39lVlAQcOchwlTPVw\"]}]}<\/script>\n<!-- \/ Yoast SEO plugin. -->","yoast_head_json":{"title":"Lectura 1: Cuentos escogidos, de Shirley Jackson - tULEctura","robots":{"index":"index","follow":"follow","max-snippet":"max-snippet:-1","max-image-preview":"max-image-preview:large","max-video-preview":"max-video-preview:-1"},"canonical":"https:\/\/bibliotecas.unileon.es\/tULEctura\/pagina-ejemplo\/curso-2023-2024\/lectura-1-cuentos-escogidos-de-shirley-jackson\/","og_locale":"es_ES","og_type":"article","og_title":"Lectura 1: Cuentos escogidos, de Shirley Jackson - tULEctura","og_description":"&nbsp; &nbsp; T\u00edtulo: Cuentos escogidos Autor: Jackson, Shirley 1916-1965 Publicaci\u00f3n: Barcelona, Min\u00fascula, 2015 Edici\u00f3n: 2\u00aa ed. Descripci\u00f3n f\u00edsica: 163 p. 21 cm Colecci\u00f3n: Tour de force, 11 ISBN : 978-84-943539-7-0 &nbsp; Solicita la obra en las bibliotecas de la Universidad de Le\u00f3n &nbsp; Calendario Martes 3 de octubre &#8211; Sesi\u00f3n de Gu\u00eda a la lectura, [&hellip;]","og_url":"https:\/\/bibliotecas.unileon.es\/tULEctura\/pagina-ejemplo\/curso-2023-2024\/lectura-1-cuentos-escogidos-de-shirley-jackson\/","og_site_name":"tULEctura","article_publisher":"https:\/\/www.facebook.com\/tulectura.unileon\/","article_modified_time":"2023-10-16T11:22:18+00:00","og_image":[{"url":"https:\/\/bibliotecas.unileon.es\/tULEctura\/files\/2023\/07\/cuentos-escogidos.jpg","type":"","width":"","height":""}],"twitter_card":"summary_large_image","twitter_site":"@tULEctura_ULE","twitter_misc":{"Tiempo de lectura":"3 minutos"},"schema":{"@context":"https:\/\/schema.org","@graph":[{"@type":"WebPage","@id":"https:\/\/bibliotecas.unileon.es\/tULEctura\/pagina-ejemplo\/curso-2023-2024\/lectura-1-cuentos-escogidos-de-shirley-jackson\/","url":"https:\/\/bibliotecas.unileon.es\/tULEctura\/pagina-ejemplo\/curso-2023-2024\/lectura-1-cuentos-escogidos-de-shirley-jackson\/","name":"Lectura 1: Cuentos escogidos, de Shirley Jackson - tULEctura","isPartOf":{"@id":"https:\/\/bibliotecas.unileon.es\/tULEctura\/#website"},"primaryImageOfPage":{"@id":"https:\/\/bibliotecas.unileon.es\/tULEctura\/pagina-ejemplo\/curso-2023-2024\/lectura-1-cuentos-escogidos-de-shirley-jackson\/#primaryimage"},"image":{"@id":"https:\/\/bibliotecas.unileon.es\/tULEctura\/pagina-ejemplo\/curso-2023-2024\/lectura-1-cuentos-escogidos-de-shirley-jackson\/#primaryimage"},"thumbnailUrl":"https:\/\/bibliotecas.unileon.es\/tULEctura\/files\/2023\/07\/cuentos-escogidos.jpg","datePublished":"2023-07-24T10:54:48+00:00","dateModified":"2023-10-16T11:22:18+00:00","breadcrumb":{"@id":"https:\/\/bibliotecas.unileon.es\/tULEctura\/pagina-ejemplo\/curso-2023-2024\/lectura-1-cuentos-escogidos-de-shirley-jackson\/#breadcrumb"},"inLanguage":"es","potentialAction":[{"@type":"ReadAction","target":["https:\/\/bibliotecas.unileon.es\/tULEctura\/pagina-ejemplo\/curso-2023-2024\/lectura-1-cuentos-escogidos-de-shirley-jackson\/"]}]},{"@type":"ImageObject","inLanguage":"es","@id":"https:\/\/bibliotecas.unileon.es\/tULEctura\/pagina-ejemplo\/curso-2023-2024\/lectura-1-cuentos-escogidos-de-shirley-jackson\/#primaryimage","url":"https:\/\/bibliotecas.unileon.es\/tULEctura\/files\/2023\/07\/cuentos-escogidos.jpg","contentUrl":"https:\/\/bibliotecas.unileon.es\/tULEctura\/files\/2023\/07\/cuentos-escogidos.jpg","width":552,"height":828,"caption":"Cuentos escogidos, de Shirley Jackson (Barcelona, Min\u00fascula, 2015)"},{"@type":"BreadcrumbList","@id":"https:\/\/bibliotecas.unileon.es\/tULEctura\/pagina-ejemplo\/curso-2023-2024\/lectura-1-cuentos-escogidos-de-shirley-jackson\/#breadcrumb","itemListElement":[{"@type":"ListItem","position":1,"name":"Home","item":"https:\/\/bibliotecas.unileon.es\/tULEctura\/"},{"@type":"ListItem","position":2,"name":"Club de Lectura","item":"https:\/\/bibliotecas.unileon.es\/tULEctura\/pagina-ejemplo\/"},{"@type":"ListItem","position":3,"name":"Curso 2023-2024","item":"https:\/\/bibliotecas.unileon.es\/tULEctura\/pagina-ejemplo\/curso-2023-2024\/"},{"@type":"ListItem","position":4,"name":"Lectura 1: Cuentos escogidos, de Shirley Jackson"}]},{"@type":"WebSite","@id":"https:\/\/bibliotecas.unileon.es\/tULEctura\/#website","url":"https:\/\/bibliotecas.unileon.es\/tULEctura\/","name":"tULEctura","description":"Espacio de la Universidad de Le\u00f3n dedicado a la lectura","publisher":{"@id":"https:\/\/bibliotecas.unileon.es\/tULEctura\/#organization"},"potentialAction":[{"@type":"SearchAction","target":{"@type":"EntryPoint","urlTemplate":"https:\/\/bibliotecas.unileon.es\/tULEctura\/?s={search_term_string}"},"query-input":{"@type":"PropertyValueSpecification","valueRequired":true,"valueName":"search_term_string"}}],"inLanguage":"es"},{"@type":"Organization","@id":"https:\/\/bibliotecas.unileon.es\/tULEctura\/#organization","name":"Universidad de Le\u00f3n","url":"https:\/\/bibliotecas.unileon.es\/tULEctura\/","logo":{"@type":"ImageObject","inLanguage":"es","@id":"https:\/\/bibliotecas.unileon.es\/tULEctura\/#\/schema\/logo\/image\/","url":"https:\/\/bibliotecas.unileon.es\/tULEctura\/files\/2018\/08\/TULECTURA_LOGO1.png","contentUrl":"https:\/\/bibliotecas.unileon.es\/tULEctura\/files\/2018\/08\/TULECTURA_LOGO1.png","width":"960","height":"258","caption":"Universidad de Le\u00f3n"},"image":{"@id":"https:\/\/bibliotecas.unileon.es\/tULEctura\/#\/schema\/logo\/image\/"},"sameAs":["https:\/\/www.facebook.com\/tulectura.unileon\/","https:\/\/x.com\/tULEctura_ULE","https:\/\/www.instagram.com\/tulectura.unileon\/","https:\/\/www.pinterest.es\/tulectura\/","https:\/\/www.youtube.com\/channel\/UCoWaDD39lVlAQcOchwlTPVw"]}]}},"_links":{"self":[{"href":"https:\/\/bibliotecas.unileon.es\/tULEctura\/wp-json\/wp\/v2\/pages\/49027","targetHints":{"allow":["GET"]}}],"collection":[{"href":"https:\/\/bibliotecas.unileon.es\/tULEctura\/wp-json\/wp\/v2\/pages"}],"about":[{"href":"https:\/\/bibliotecas.unileon.es\/tULEctura\/wp-json\/wp\/v2\/types\/page"}],"author":[{"embeddable":true,"href":"https:\/\/bibliotecas.unileon.es\/tULEctura\/wp-json\/wp\/v2\/users\/73"}],"replies":[{"embeddable":true,"href":"https:\/\/bibliotecas.unileon.es\/tULEctura\/wp-json\/wp\/v2\/comments?post=49027"}],"version-history":[{"count":1,"href":"https:\/\/bibliotecas.unileon.es\/tULEctura\/wp-json\/wp\/v2\/pages\/49027\/revisions"}],"predecessor-version":[{"id":49032,"href":"https:\/\/bibliotecas.unileon.es\/tULEctura\/wp-json\/wp\/v2\/pages\/49027\/revisions\/49032"}],"up":[{"embeddable":true,"href":"https:\/\/bibliotecas.unileon.es\/tULEctura\/wp-json\/wp\/v2\/pages\/49022"}],"wp:attachment":[{"href":"https:\/\/bibliotecas.unileon.es\/tULEctura\/wp-json\/wp\/v2\/media?parent=49027"}],"curies":[{"name":"wp","href":"https:\/\/api.w.org\/{rel}","templated":true}]}}