{"id":49034,"date":"2023-07-24T13:11:28","date_gmt":"2023-07-24T11:11:28","guid":{"rendered":"https:\/\/bibliotecas.unileon.es\/tULEctura\/?page_id=49034"},"modified":"2024-12-21T13:12:24","modified_gmt":"2024-12-21T12:12:24","slug":"lectura-2-de-bestias-y-aves-de-pilar-adon","status":"publish","type":"page","link":"https:\/\/bibliotecas.unileon.es\/tULEctura\/pagina-ejemplo\/curso-2023-2024\/lectura-2-de-bestias-y-aves-de-pilar-adon\/","title":{"rendered":"Lectura 2:  De bestias y aves, de Pilar Ad\u00f3n"},"content":{"rendered":"<p><img loading=\"lazy\" decoding=\"async\" class=\"alignright wp-image-49029\" src=\"https:\/\/bibliotecas.unileon.es\/tULEctura\/files\/2023\/07\/De-bestias-y-aves.jpg\" alt=\"\" width=\"222\" height=\"367\" \/><\/p>\n<p>&nbsp;<\/p>\n<p>&nbsp;<\/p>\n<p style=\"padding-left: 40px;\">T\u00edtulo: De bestias y aves<br \/>\nAutora: Ad\u00f3n, Pilar, 1971-<br \/>\nPublicaci\u00f3n: Barcelona : Galaxia Gutenberg, 2022<br \/>\nEdici\u00f3n: 1\u00aa ed.<br \/>\nDescripci\u00f3n f\u00edsica: 208 p. ; 22 cm<br \/>\nColecci\u00f3n: Narrativa (Editorial Galaxia) ; 295<br \/>\nISBN : 978-84-19075-45-1<\/p>\n<div class=\"flex-gt-xs-25 flex-gt-sm-20 flex\"><\/div>\n<div><\/div>\n<div><\/div>\n<p>&nbsp;<\/p>\n<div><\/div>\n<div><\/div>\n<div><\/div>\n<div><span style=\"color: #339966;\"><a style=\"color: #339966;\" href=\"https:\/\/catoute.unileon.es\/permalink\/34BUC_ULE\/ar7q83\/alma991009028555005772\" target=\"_blank\" rel=\"noopener\">Solicita la obra en las bibliotecas de la Universidad de Le\u00f3n<\/a><\/span><\/div>\n<div><\/div>\n<div><\/div>\n<div><\/div>\n<div>\n<h2><span style=\"color: #339966;\">Calendario<\/span><\/h2>\n<ul>\n<li>Martes 17 de octubre &#8211;\n<ul>\n<li><span style=\"color: #0000ff;\"><a style=\"color: #0000ff;\" href=\"https:\/\/bibliotecas.unileon.es\/tULEctura\/2023\/10\/18\/guia-lectura-bestias-aves-pilar-adon\/\" target=\"_blank\" rel=\"noopener\">Sesi\u00f3n de Gu\u00eda a la lectura,<\/a><span style=\"color: #000000;\"> a cargo de Natalia \u00c1lvarez M\u00e9ndez<\/span><\/span><\/li>\n<\/ul>\n<\/li>\n<li>Martes 24 de octubre &#8211; Sesi\u00f3n de Coloquio de los socios<\/li>\n<li>Lunes 30 de octubre \u2013 Sesi\u00f3n de Encuentro entre socios y autora<\/li>\n<\/ul>\n<h2><span style=\"color: #339966;\">Lugar y horario<\/span><\/h2>\n<p style=\"text-align: justify;\">Los encuentros de esta \u00a0lectura tendr\u00e1n lugar\u00a0 a las 19:00 horas en la sala de conferencias de la Biblioteca General San Isidoro,\u00a0sede del club le lectura.<\/p>\n<p>De forma combinada, ofrecemos el formato\u00a0\u00a0h\u00edbrido online s\u00edncrono a trav\u00e9s de Meet.<\/p>\n<h2><span style=\"color: #339966;\"><strong>La autora\u00a0<\/strong><strong>(informaci\u00f3n ofrecida por la editorial) <img loading=\"lazy\" decoding=\"async\" class=\"alignright size-full wp-image-49040\" src=\"https:\/\/bibliotecas.unileon.es\/tULEctura\/files\/2023\/07\/Pilar-Adon-en-tulectura-Unileon.jpg\" alt=\"\" width=\"1280\" height=\"720\" \/> <\/strong><\/span><\/h2>\n<\/div>\n<p style=\"text-align: justify;\">Naci\u00f3 en Madrid en 1971. En 2015 Galaxia Gutenberg public\u00f3 su novela\u00a0<em>Las ef\u00edmeras<\/em>\u00a0(\u00abUna escritora universal desde su particularidad y en la plenitud de su talento\u00bb, Carlos Pardo, Babelia; \u00abA sus libros les ocurre que, sin forzarlos, hablan de literatura solos\u00bb, Pilar Castro, El Cultural), y en 2017 su libro de relatos\u00a0<em>La vida sumergida<\/em> (\u00abLa autora ha logrado un aut\u00e9ntico prodigio, pues sin apenas notarlo quedamos instalados en esos mundos tan singulares\u00bb, Ana Rodr\u00edguez Fischer, Babelia; \u00abResulta genial su manejo de lo supuesto, de lo que no est\u00e1, de lo que se siente como amenaza latente\u00bb, Jos\u00e9 Mar\u00eda Pozuelo Yvancos, ABC Cultural).<\/p>\n<p style=\"text-align: justify;\">Su novela\u00a0<em>Las hijas de Sara<\/em>\u00a0(Alianza, 2003) fue considerada por la cr\u00edtica una de las diez mejores de ese a\u00f1o. Su libro de relatos<em>\u00a0Viajes inocentes<\/em>\u00a0(P\u00e1ginas de Espuma, 2005) la hizo merecedora del premio Ojo Cr\u00edtico de Narrativa (\u00abUnos relatos que la autora sabe dotar de una complejidad que va m\u00e1s all\u00e1 de lo descrito\u00bb, Juan \u00c1ngel Juristo, ABC). En 2010 public\u00f3 el volumen de relatos\u00a0<em>El mes m\u00e1s cruel<\/em>\u00a0(Impedimenta), por el que fue nombrada Nuevo Talento Fnac y qued\u00f3 finalista de los premios Setenil y Tigre Juan.<\/p>\n<p style=\"text-align: justify;\">Es autora del relato ilustrado\u00a0<em>Eterno amor<\/em>\u00a0(P\u00e1ginas de Espuma, 2021), y de los poemarios\u00a0<em>Da dolor, Las \u00f3rdenes<\/em>\u00a0(Premio Libro del A\u00f1o 2018 del Gremio de Libreros de Madrid), Mente animal y\u00a0<em>La hija del cazador<\/em>\u00a0(La Bella Varsovia, 2020, 2017, 2014 y 2011).<\/p>\n<p style=\"text-align: justify;\">Ha traducido obras de autores como John Fowles, Penelope Fitzgerald y Edith Wharton.<\/p>\n<p style=\"text-align: justify;\">En 2022 publica en Galaxia Gutenberg la novela\u00a0<em>De bestias y aves<\/em>. (Premio Francisco Umbral al Libro del A\u00f1o 2022;\u00a0Premio C\u00e1lamo \u201cOtra Mirada 2022\u201d ;\u00a0Premio de la Critica en lengua castellana 2023)<\/p>\n<h2><span style=\"color: #339966;\"><strong>La obra\u00a0(informaci\u00f3n\u00a0ofrecida por la editorial)<\/strong><\/span><\/h2>\n<p style=\"text-align: justify;\">Termina el verano, cambia la estaci\u00f3n, y una mujer conduce durante horas en plena noche sin saber que se aproxima a Betania, una casa aislada, casi un territorio fuera del mundo. Un lugar desconocido y habitado exclusivamente por unas mujeres que, sin embargo, s\u00ed parecen conocerla a ella. Lleva a sus espaldas a una hermana ahogada, y no le ha dicho a nadie que se marcha ni ad\u00f3nde porque ni siquiera ella sabe que su viaje va a ser tan largo. Que est\u00e1 a punto de entrar en una casa en la que las mujeres se visten de la misma manera, como adeptas de un culto ancestral, y llevan a cabo extra\u00f1os ritos y celebraciones. Un espacio en el que las cabras dominan todo lo que no est\u00e9 vigilado por los innumerables perros que viven all\u00ed, y en el que una roca inmensa oculta la luz del sol y domina el paisaje. En el que, al fondo, un lago delimita las fronteras del terreno, sobrevolado de manera perpetua por las aves. Y en el que tambi\u00e9n viven una mujer ciega a la que todas adoran y una ni\u00f1a que corretea de un lado a otro sin haber salido jam\u00e1s de ese sitio. Un rinc\u00f3n de tierra, agua y \u00e1rboles donde la reci\u00e9n llegada no quiere estar a pesar de que tal vez sea, como le dicen sin que llegue a cre\u00e9rselo, el lugar en el que descubra por fin lo que significa formar parte de algo.<\/p>\n<p><strong><span style=\"color: #339966;\">Puedes empezar a leer <a style=\"color: #339966;\" href=\"https:\/\/bibliotecas.unileon.es\/tULEctura\/files\/2023\/07\/De-bestias-y-aves_web.pdf\" class=\"mtli_attachment mtli_pdf\">De bestias y aves<\/a>, de Pilar Ad\u00f3n.<\/span><\/strong><\/p>\n","protected":false},"excerpt":{"rendered":"<p>&nbsp; &nbsp; T\u00edtulo: De bestias y aves Autora: Ad\u00f3n, Pilar, 1971- Publicaci\u00f3n: Barcelona : Galaxia Gutenberg, 2022 Edici\u00f3n: 1\u00aa ed. Descripci\u00f3n f\u00edsica: 208 p. ; 22 cm Colecci\u00f3n: Narrativa (Editorial Galaxia) ; 295 ISBN : 978-84-19075-45-1 &nbsp; Solicita la obra en las bibliotecas de la Universidad de Le\u00f3n Calendario Martes 17 de octubre &#8211; Sesi\u00f3n [&hellip;]<\/p>\n","protected":false},"author":73,"featured_media":0,"parent":49022,"menu_order":2,"comment_status":"closed","ping_status":"closed","template":"","meta":{"_bbp_topic_count":0,"_bbp_reply_count":0,"_bbp_total_topic_count":0,"_bbp_total_reply_count":0,"_bbp_voice_count":0,"_bbp_anonymous_reply_count":0,"_bbp_topic_count_hidden":0,"_bbp_reply_count_hidden":0,"_bbp_forum_subforum_count":0,"_monsterinsights_skip_tracking":false,"_monsterinsights_sitenote_active":false,"_monsterinsights_sitenote_note":"","_monsterinsights_sitenote_category":0,"footnotes":""},"class_list":["post-49034","page","type-page","status-publish","hentry"],"yoast_head":"<!-- This site is optimized with the Yoast SEO plugin v25.8 - https:\/\/yoast.com\/wordpress\/plugins\/seo\/ -->\n<title>Lectura 2: De bestias y aves, de Pilar Ad\u00f3n - tULEctura<\/title>\n<meta name=\"robots\" content=\"index, follow, max-snippet:-1, max-image-preview:large, max-video-preview:-1\" \/>\n<link rel=\"canonical\" href=\"https:\/\/bibliotecas.unileon.es\/tULEctura\/pagina-ejemplo\/curso-2023-2024\/lectura-2-de-bestias-y-aves-de-pilar-adon\/\" \/>\n<meta property=\"og:locale\" content=\"es_ES\" \/>\n<meta property=\"og:type\" content=\"article\" \/>\n<meta property=\"og:title\" content=\"Lectura 2: De bestias y aves, de Pilar Ad\u00f3n - tULEctura\" \/>\n<meta property=\"og:description\" content=\"&nbsp; &nbsp; T\u00edtulo: De bestias y aves Autora: Ad\u00f3n, Pilar, 1971- Publicaci\u00f3n: Barcelona : Galaxia Gutenberg, 2022 Edici\u00f3n: 1\u00aa ed. Descripci\u00f3n f\u00edsica: 208 p. ; 22 cm Colecci\u00f3n: Narrativa (Editorial Galaxia) ; 295 ISBN : 978-84-19075-45-1 &nbsp; Solicita la obra en las bibliotecas de la Universidad de Le\u00f3n Calendario Martes 17 de octubre &#8211; Sesi\u00f3n [&hellip;]\" \/>\n<meta property=\"og:url\" content=\"https:\/\/bibliotecas.unileon.es\/tULEctura\/pagina-ejemplo\/curso-2023-2024\/lectura-2-de-bestias-y-aves-de-pilar-adon\/\" \/>\n<meta property=\"og:site_name\" content=\"tULEctura\" \/>\n<meta property=\"article:publisher\" content=\"https:\/\/www.facebook.com\/tulectura.unileon\/\" \/>\n<meta property=\"article:modified_time\" content=\"2024-12-21T12:12:24+00:00\" \/>\n<meta property=\"og:image\" content=\"https:\/\/bibliotecas.unileon.es\/tULEctura\/files\/2023\/07\/De-bestias-y-aves.jpg\" \/>\n<meta name=\"twitter:card\" content=\"summary_large_image\" \/>\n<meta name=\"twitter:site\" content=\"@tULEctura_ULE\" \/>\n<meta name=\"twitter:label1\" content=\"Tiempo de lectura\" \/>\n\t<meta name=\"twitter:data1\" content=\"4 minutos\" \/>\n<script type=\"application\/ld+json\" class=\"yoast-schema-graph\">{\"@context\":\"https:\/\/schema.org\",\"@graph\":[{\"@type\":\"WebPage\",\"@id\":\"https:\/\/bibliotecas.unileon.es\/tULEctura\/pagina-ejemplo\/curso-2023-2024\/lectura-2-de-bestias-y-aves-de-pilar-adon\/\",\"url\":\"https:\/\/bibliotecas.unileon.es\/tULEctura\/pagina-ejemplo\/curso-2023-2024\/lectura-2-de-bestias-y-aves-de-pilar-adon\/\",\"name\":\"Lectura 2: De bestias y aves, de Pilar Ad\u00f3n - tULEctura\",\"isPartOf\":{\"@id\":\"https:\/\/bibliotecas.unileon.es\/tULEctura\/#website\"},\"primaryImageOfPage\":{\"@id\":\"https:\/\/bibliotecas.unileon.es\/tULEctura\/pagina-ejemplo\/curso-2023-2024\/lectura-2-de-bestias-y-aves-de-pilar-adon\/#primaryimage\"},\"image\":{\"@id\":\"https:\/\/bibliotecas.unileon.es\/tULEctura\/pagina-ejemplo\/curso-2023-2024\/lectura-2-de-bestias-y-aves-de-pilar-adon\/#primaryimage\"},\"thumbnailUrl\":\"https:\/\/bibliotecas.unileon.es\/tULEctura\/files\/2023\/07\/De-bestias-y-aves.jpg\",\"datePublished\":\"2023-07-24T11:11:28+00:00\",\"dateModified\":\"2024-12-21T12:12:24+00:00\",\"breadcrumb\":{\"@id\":\"https:\/\/bibliotecas.unileon.es\/tULEctura\/pagina-ejemplo\/curso-2023-2024\/lectura-2-de-bestias-y-aves-de-pilar-adon\/#breadcrumb\"},\"inLanguage\":\"es\",\"potentialAction\":[{\"@type\":\"ReadAction\",\"target\":[\"https:\/\/bibliotecas.unileon.es\/tULEctura\/pagina-ejemplo\/curso-2023-2024\/lectura-2-de-bestias-y-aves-de-pilar-adon\/\"]}]},{\"@type\":\"ImageObject\",\"inLanguage\":\"es\",\"@id\":\"https:\/\/bibliotecas.unileon.es\/tULEctura\/pagina-ejemplo\/curso-2023-2024\/lectura-2-de-bestias-y-aves-de-pilar-adon\/#primaryimage\",\"url\":\"https:\/\/bibliotecas.unileon.es\/tULEctura\/files\/2023\/07\/De-bestias-y-aves.jpg\",\"contentUrl\":\"https:\/\/bibliotecas.unileon.es\/tULEctura\/files\/2023\/07\/De-bestias-y-aves.jpg\",\"width\":416,\"height\":688},{\"@type\":\"BreadcrumbList\",\"@id\":\"https:\/\/bibliotecas.unileon.es\/tULEctura\/pagina-ejemplo\/curso-2023-2024\/lectura-2-de-bestias-y-aves-de-pilar-adon\/#breadcrumb\",\"itemListElement\":[{\"@type\":\"ListItem\",\"position\":1,\"name\":\"Home\",\"item\":\"https:\/\/bibliotecas.unileon.es\/tULEctura\/\"},{\"@type\":\"ListItem\",\"position\":2,\"name\":\"Club de Lectura\",\"item\":\"https:\/\/bibliotecas.unileon.es\/tULEctura\/pagina-ejemplo\/\"},{\"@type\":\"ListItem\",\"position\":3,\"name\":\"Curso 2023-2024\",\"item\":\"https:\/\/bibliotecas.unileon.es\/tULEctura\/pagina-ejemplo\/curso-2023-2024\/\"},{\"@type\":\"ListItem\",\"position\":4,\"name\":\"Lectura 2: De bestias y aves, de Pilar Ad\u00f3n\"}]},{\"@type\":\"WebSite\",\"@id\":\"https:\/\/bibliotecas.unileon.es\/tULEctura\/#website\",\"url\":\"https:\/\/bibliotecas.unileon.es\/tULEctura\/\",\"name\":\"tULEctura\",\"description\":\"Espacio de la Universidad de Le\u00f3n dedicado a la lectura\",\"publisher\":{\"@id\":\"https:\/\/bibliotecas.unileon.es\/tULEctura\/#organization\"},\"potentialAction\":[{\"@type\":\"SearchAction\",\"target\":{\"@type\":\"EntryPoint\",\"urlTemplate\":\"https:\/\/bibliotecas.unileon.es\/tULEctura\/?s={search_term_string}\"},\"query-input\":{\"@type\":\"PropertyValueSpecification\",\"valueRequired\":true,\"valueName\":\"search_term_string\"}}],\"inLanguage\":\"es\"},{\"@type\":\"Organization\",\"@id\":\"https:\/\/bibliotecas.unileon.es\/tULEctura\/#organization\",\"name\":\"Universidad de Le\u00f3n\",\"url\":\"https:\/\/bibliotecas.unileon.es\/tULEctura\/\",\"logo\":{\"@type\":\"ImageObject\",\"inLanguage\":\"es\",\"@id\":\"https:\/\/bibliotecas.unileon.es\/tULEctura\/#\/schema\/logo\/image\/\",\"url\":\"https:\/\/bibliotecas.unileon.es\/tULEctura\/files\/2018\/08\/TULECTURA_LOGO1.png\",\"contentUrl\":\"https:\/\/bibliotecas.unileon.es\/tULEctura\/files\/2018\/08\/TULECTURA_LOGO1.png\",\"width\":\"960\",\"height\":\"258\",\"caption\":\"Universidad de Le\u00f3n\"},\"image\":{\"@id\":\"https:\/\/bibliotecas.unileon.es\/tULEctura\/#\/schema\/logo\/image\/\"},\"sameAs\":[\"https:\/\/www.facebook.com\/tulectura.unileon\/\",\"https:\/\/x.com\/tULEctura_ULE\",\"https:\/\/www.instagram.com\/tulectura.unileon\/\",\"https:\/\/www.pinterest.es\/tulectura\/\",\"https:\/\/www.youtube.com\/channel\/UCoWaDD39lVlAQcOchwlTPVw\"]}]}<\/script>\n<!-- \/ Yoast SEO plugin. -->","yoast_head_json":{"title":"Lectura 2: De bestias y aves, de Pilar Ad\u00f3n - tULEctura","robots":{"index":"index","follow":"follow","max-snippet":"max-snippet:-1","max-image-preview":"max-image-preview:large","max-video-preview":"max-video-preview:-1"},"canonical":"https:\/\/bibliotecas.unileon.es\/tULEctura\/pagina-ejemplo\/curso-2023-2024\/lectura-2-de-bestias-y-aves-de-pilar-adon\/","og_locale":"es_ES","og_type":"article","og_title":"Lectura 2: De bestias y aves, de Pilar Ad\u00f3n - tULEctura","og_description":"&nbsp; &nbsp; T\u00edtulo: De bestias y aves Autora: Ad\u00f3n, Pilar, 1971- Publicaci\u00f3n: Barcelona : Galaxia Gutenberg, 2022 Edici\u00f3n: 1\u00aa ed. Descripci\u00f3n f\u00edsica: 208 p. ; 22 cm Colecci\u00f3n: Narrativa (Editorial Galaxia) ; 295 ISBN : 978-84-19075-45-1 &nbsp; Solicita la obra en las bibliotecas de la Universidad de Le\u00f3n Calendario Martes 17 de octubre &#8211; Sesi\u00f3n [&hellip;]","og_url":"https:\/\/bibliotecas.unileon.es\/tULEctura\/pagina-ejemplo\/curso-2023-2024\/lectura-2-de-bestias-y-aves-de-pilar-adon\/","og_site_name":"tULEctura","article_publisher":"https:\/\/www.facebook.com\/tulectura.unileon\/","article_modified_time":"2024-12-21T12:12:24+00:00","og_image":[{"url":"https:\/\/bibliotecas.unileon.es\/tULEctura\/files\/2023\/07\/De-bestias-y-aves.jpg","type":"","width":"","height":""}],"twitter_card":"summary_large_image","twitter_site":"@tULEctura_ULE","twitter_misc":{"Tiempo de lectura":"4 minutos"},"schema":{"@context":"https:\/\/schema.org","@graph":[{"@type":"WebPage","@id":"https:\/\/bibliotecas.unileon.es\/tULEctura\/pagina-ejemplo\/curso-2023-2024\/lectura-2-de-bestias-y-aves-de-pilar-adon\/","url":"https:\/\/bibliotecas.unileon.es\/tULEctura\/pagina-ejemplo\/curso-2023-2024\/lectura-2-de-bestias-y-aves-de-pilar-adon\/","name":"Lectura 2: De bestias y aves, de Pilar Ad\u00f3n - tULEctura","isPartOf":{"@id":"https:\/\/bibliotecas.unileon.es\/tULEctura\/#website"},"primaryImageOfPage":{"@id":"https:\/\/bibliotecas.unileon.es\/tULEctura\/pagina-ejemplo\/curso-2023-2024\/lectura-2-de-bestias-y-aves-de-pilar-adon\/#primaryimage"},"image":{"@id":"https:\/\/bibliotecas.unileon.es\/tULEctura\/pagina-ejemplo\/curso-2023-2024\/lectura-2-de-bestias-y-aves-de-pilar-adon\/#primaryimage"},"thumbnailUrl":"https:\/\/bibliotecas.unileon.es\/tULEctura\/files\/2023\/07\/De-bestias-y-aves.jpg","datePublished":"2023-07-24T11:11:28+00:00","dateModified":"2024-12-21T12:12:24+00:00","breadcrumb":{"@id":"https:\/\/bibliotecas.unileon.es\/tULEctura\/pagina-ejemplo\/curso-2023-2024\/lectura-2-de-bestias-y-aves-de-pilar-adon\/#breadcrumb"},"inLanguage":"es","potentialAction":[{"@type":"ReadAction","target":["https:\/\/bibliotecas.unileon.es\/tULEctura\/pagina-ejemplo\/curso-2023-2024\/lectura-2-de-bestias-y-aves-de-pilar-adon\/"]}]},{"@type":"ImageObject","inLanguage":"es","@id":"https:\/\/bibliotecas.unileon.es\/tULEctura\/pagina-ejemplo\/curso-2023-2024\/lectura-2-de-bestias-y-aves-de-pilar-adon\/#primaryimage","url":"https:\/\/bibliotecas.unileon.es\/tULEctura\/files\/2023\/07\/De-bestias-y-aves.jpg","contentUrl":"https:\/\/bibliotecas.unileon.es\/tULEctura\/files\/2023\/07\/De-bestias-y-aves.jpg","width":416,"height":688},{"@type":"BreadcrumbList","@id":"https:\/\/bibliotecas.unileon.es\/tULEctura\/pagina-ejemplo\/curso-2023-2024\/lectura-2-de-bestias-y-aves-de-pilar-adon\/#breadcrumb","itemListElement":[{"@type":"ListItem","position":1,"name":"Home","item":"https:\/\/bibliotecas.unileon.es\/tULEctura\/"},{"@type":"ListItem","position":2,"name":"Club de Lectura","item":"https:\/\/bibliotecas.unileon.es\/tULEctura\/pagina-ejemplo\/"},{"@type":"ListItem","position":3,"name":"Curso 2023-2024","item":"https:\/\/bibliotecas.unileon.es\/tULEctura\/pagina-ejemplo\/curso-2023-2024\/"},{"@type":"ListItem","position":4,"name":"Lectura 2: De bestias y aves, de Pilar Ad\u00f3n"}]},{"@type":"WebSite","@id":"https:\/\/bibliotecas.unileon.es\/tULEctura\/#website","url":"https:\/\/bibliotecas.unileon.es\/tULEctura\/","name":"tULEctura","description":"Espacio de la Universidad de Le\u00f3n dedicado a la lectura","publisher":{"@id":"https:\/\/bibliotecas.unileon.es\/tULEctura\/#organization"},"potentialAction":[{"@type":"SearchAction","target":{"@type":"EntryPoint","urlTemplate":"https:\/\/bibliotecas.unileon.es\/tULEctura\/?s={search_term_string}"},"query-input":{"@type":"PropertyValueSpecification","valueRequired":true,"valueName":"search_term_string"}}],"inLanguage":"es"},{"@type":"Organization","@id":"https:\/\/bibliotecas.unileon.es\/tULEctura\/#organization","name":"Universidad de Le\u00f3n","url":"https:\/\/bibliotecas.unileon.es\/tULEctura\/","logo":{"@type":"ImageObject","inLanguage":"es","@id":"https:\/\/bibliotecas.unileon.es\/tULEctura\/#\/schema\/logo\/image\/","url":"https:\/\/bibliotecas.unileon.es\/tULEctura\/files\/2018\/08\/TULECTURA_LOGO1.png","contentUrl":"https:\/\/bibliotecas.unileon.es\/tULEctura\/files\/2018\/08\/TULECTURA_LOGO1.png","width":"960","height":"258","caption":"Universidad de Le\u00f3n"},"image":{"@id":"https:\/\/bibliotecas.unileon.es\/tULEctura\/#\/schema\/logo\/image\/"},"sameAs":["https:\/\/www.facebook.com\/tulectura.unileon\/","https:\/\/x.com\/tULEctura_ULE","https:\/\/www.instagram.com\/tulectura.unileon\/","https:\/\/www.pinterest.es\/tulectura\/","https:\/\/www.youtube.com\/channel\/UCoWaDD39lVlAQcOchwlTPVw"]}]}},"_links":{"self":[{"href":"https:\/\/bibliotecas.unileon.es\/tULEctura\/wp-json\/wp\/v2\/pages\/49034","targetHints":{"allow":["GET"]}}],"collection":[{"href":"https:\/\/bibliotecas.unileon.es\/tULEctura\/wp-json\/wp\/v2\/pages"}],"about":[{"href":"https:\/\/bibliotecas.unileon.es\/tULEctura\/wp-json\/wp\/v2\/types\/page"}],"author":[{"embeddable":true,"href":"https:\/\/bibliotecas.unileon.es\/tULEctura\/wp-json\/wp\/v2\/users\/73"}],"replies":[{"embeddable":true,"href":"https:\/\/bibliotecas.unileon.es\/tULEctura\/wp-json\/wp\/v2\/comments?post=49034"}],"version-history":[{"count":1,"href":"https:\/\/bibliotecas.unileon.es\/tULEctura\/wp-json\/wp\/v2\/pages\/49034\/revisions"}],"predecessor-version":[{"id":49036,"href":"https:\/\/bibliotecas.unileon.es\/tULEctura\/wp-json\/wp\/v2\/pages\/49034\/revisions\/49036"}],"up":[{"embeddable":true,"href":"https:\/\/bibliotecas.unileon.es\/tULEctura\/wp-json\/wp\/v2\/pages\/49022"}],"wp:attachment":[{"href":"https:\/\/bibliotecas.unileon.es\/tULEctura\/wp-json\/wp\/v2\/media?parent=49034"}],"curies":[{"name":"wp","href":"https:\/\/api.w.org\/{rel}","templated":true}]}}