{"id":49047,"date":"2023-07-24T14:04:18","date_gmt":"2023-07-24T12:04:18","guid":{"rendered":"https:\/\/bibliotecas.unileon.es\/tULEctura\/?page_id=49047"},"modified":"2023-07-26T11:24:32","modified_gmt":"2023-07-26T09:24:32","slug":"lectura-4-la-familia-de-sara-mesa","status":"publish","type":"page","link":"https:\/\/bibliotecas.unileon.es\/tULEctura\/pagina-ejemplo\/curso-2023-2024\/lectura-4-la-familia-de-sara-mesa\/","title":{"rendered":"Lectura 4  La familia, de Sara Mesa"},"content":{"rendered":"<p style=\"line-height: 1.71429; margin-bottom: 1.71429rem;\"><img loading=\"lazy\" decoding=\"async\" class=\"alignright wp-image-49030\" style=\"margin-top: 0.857143rem; margin-bottom: 0.857143rem; margin-left: 1.71429rem;\" src=\"https:\/\/bibliotecas.unileon.es\/tULEctura\/files\/2023\/07\/la-familia.jpg\" alt=\"\" width=\"222\" height=\"350\" \/><\/p>\n<p>&nbsp;<\/p>\n<p>&nbsp;<\/p>\n<p style=\"padding-left: 40px;\">T\u00edtulo: La familia<br \/>\nAutor: Mesa, Sara 1976- autor<br \/>\nPublicaci\u00f3n: Barcelona: Anagrama, 2022<br \/>\nEdici\u00f3n: 1\u00aa edici\u00f3n<br \/>\nDescripci\u00f3n f\u00edsica: 224 p\u00e1ginas, 22 cm<br \/>\nColecci\u00f3n: Narrativas hisp\u00e1nicas, 700<br \/>\nISBN : 978-84-339-9954-2<\/p>\n<p>&nbsp;<\/p>\n<p>&nbsp;<\/p>\n<p><span style=\"color: #593726;\"><a style=\"color: #593726;\" href=\"https:\/\/catoute.unileon.es\/permalink\/34BUC_ULE\/ar7q83\/alma991009084449005772\" target=\"_blank\" rel=\"noopener\">Solicita la obra en las bibliotecas de la Universidad de Le\u00f3n<\/a><\/span><\/p>\n<h2><span style=\"color: #593726;\">Calendario<\/span><\/h2>\n<ul>\n<li>Martes 28 de noviembre &#8211; Sesi\u00f3n de Gu\u00eda a la lectura, a cargo de Ana Abello Verano<\/li>\n<li>Martes 12 de diciembre &#8211; Sesi\u00f3n de Coloquio de los socios<\/li>\n<li>Martes 19 de diciembre &#8211; Sesi\u00f3n de Encuentro entre socios y autora<\/li>\n<\/ul>\n<h2><span style=\"color: #593726;\">Lugar y horario<\/span><\/h2>\n<p style=\"text-align: justify;\">Los encuentros de esta \u00a0lectura tendr\u00e1n lugar\u00a0 a las 19:00 horas en la sala de conferencias de la Biblioteca General San Isidoro,\u00a0sede del club le lectura.<\/p>\n<p>De forma combinada, ofrecemos el formato\u00a0\u00a0h\u00edbrido online s\u00edncrono a trav\u00e9s de Meet.<\/p>\n<h2><span style=\"color: #593726;\"><strong>La autora <\/strong><strong>(informaci\u00f3n <span style=\"color: #593726;\">ofrecida<\/span> por la editorial)<\/strong><\/span><\/h2>\n<p><img loading=\"lazy\" decoding=\"async\" class=\"alignright size-full wp-image-49041\" src=\"https:\/\/bibliotecas.unileon.es\/tULEctura\/files\/2023\/07\/Sara-Mesa-en-tulectura-Unileon.jpg\" alt=\"\" width=\"1280\" height=\"720\" \/><\/p>\n<p style=\"text-align: justify;\"><strong>Sara Mesa<\/strong>\u00a0(Madrid, 1976) desde ni\u00f1a reside en Sevilla. En Anagrama se han publicado desde 2012 las novelas\u00a0<strong><em>Cuatro por cuatro<\/em><\/strong>\u00a0(finalista del Premio Herralde de Novela): \u00abUna escritura desnuda y fr\u00eda, repleta de im\u00e1genes poderosas que desasosiegan en la misma medida que magnetizan\u00bb (Marta Sanz,\u00a0<em>El Confidencial)<\/em>;\u00a0<strong><em>Cicatriz<\/em><\/strong>\u00a0(Premio El Ojo Cr\u00edtico de Narrativa): \u00abUna verdadera revelaci\u00f3n\u00bb (J. M. Guelbenzu,\u00a0<em>El Pa\u00eds)<\/em>; \u00abSara Mesa levanta una literatura de alto voltaje trabajada con precisi\u00f3n de orfebre\u00bb (Rafael Chirbes); la recuperada\u00a0<strong><em>Un incendio invisible<\/em><\/strong>: \u00abDemuestra ser una creadora muy exigente. Una novela que funciona como los buenos cuentos pues contiene mucho m\u00e1s de lo que dice\u00bb (J. M. Pozuelo Yvancos,\u00a0<em>ABC)<\/em>; Cara de pan: \u00abUna peque\u00f1a obra maestra de la narrativa\u00bb (J. Ernesto Ayala-Dip<em>, Qu\u00e9 Leer)<\/em>;<em><strong>\u00a0Un amor<\/strong>:<\/em>\u00a0\u00abSus aristas se presentan bajo una prosa de limpieza desconcertante, escueta, \u00e1gil: se lee con la velocidad que asociamos al disfrute, pero al cerrarlo nos encontramos desamparados. Una novela magn\u00edfica\u00bb (Nadal Suau,\u00a0<em>El Cultural)\u00a0<\/em>y\u00a0<strong><em>La familia<\/em><\/strong>: \u00abHa escrito algunas de las historias m\u00e1s turbias de la literatura actual. Ahora arremete contra los falsos sue\u00f1os de bienestar en\u00a0<em>La familia\u2026<\/em>\u00a0En su nuevo libro, el humor matiza el desasosiego que recorre toda su obra\u2026 Existe una constante en su obra desde sus inicios que, adem\u00e1s de con los abusos de poder, tiene que ver con la doble vida de los personajes.\u00bb\u00a0(Laura Fern\u00e1ndez,<em>\u00a0El Pa\u00eds &#8211; Babelia)<\/em>\u00a0el muy celebrado volumen de relatos\u00a0<strong><em>Mala letra<\/em><\/strong>: \u00ab<em>Cuatro por cuatro<\/em>,\u00a0<em>Cicatriz<\/em>\u00a0y\u00a0<em>Mala letra<\/em>\u00a0de Sara Mesa protagonizan desde hace meses la escena literaria espa\u00f1ola\u00bb (Christopher Dom\u00ednguez Michael,\u00a0<em>Letras Libres<\/em>); y el breve<strong>\u00a0\u00a0<\/strong>ensayo<strong><em>\u00a0Silencio administrativo<\/em><\/strong>: \u00abUna reflexi\u00f3n sobre el impacto brutal de la pobreza en los individuos que la sufren y sobre las actitudes imperantes frente a ellos en nuestra sociedad. Especialmente indicado para quienes piensan que ellos no tienen prejuicios\u00bb (Edurne Portela,\u00a0<em>El Pa\u00eds).<\/em><\/p>\n<h2><span style=\"color: #593726;\"><strong>La obra\u00a0(informaci\u00f3n\u00a0ofrecida por la editorial)<\/strong><\/span><\/h2>\n<p style=\"text-align: justify;\"><strong>La contundente radiograf\u00eda de una familia, de sus heridas latentes, fragilidades, contradicciones y flaquezas.\u00a0<\/strong><\/p>\n<p style=\"text-align: justify;\">\u00ab\u00a1En esta familia no hay secretos!\u00bb, proclama al inicio de este libro Dami\u00e1n, el padre, un hombre de ideas e ideales fijos obsesionado con la rectitud y la pedagog\u00eda. Pero esa casa sin secretos est\u00e1 en realidad llena de grietas, y la opresi\u00f3n que se respira entre sus paredes terminar\u00e1 creando v\u00edas\u00a0de escape, c\u00f3digos clandestinos, ocultaciones, fingimientos y mentiras. Formada por dos ni\u00f1as, dos ni\u00f1os, una madre y un padre, esta familia en apariencia normal, de clase trabajadora y llena de buenas intenciones,\u00a0es la protagonista de una novela coral que abarca varias d\u00e9cadas y en cuyas historias laten el deseo de libertad y la cr\u00edtica a los pilares que tradicionalmente han sostenido, y todav\u00eda sostienen en gran medida, la instituci\u00f3n familiar: autoritarismo y obediencia, verg\u00fcenza y silencio.<\/p>\n<p style=\"text-align: justify;\">Sara Mesa vuelve a demostrar que posee un ojo cl\u00ednico para desnudar comportamientos humanos, detectar heridas latentes y retratar en toda su complejidad la fragilidad, las contradicciones y las flaquezas que nos conforman. Este libro es una nueva vuelta de tuerca a la construcci\u00f3n\u00a0de uno de los universos literarios m\u00e1s potentes de las letras espa\u00f1olas actuales y la confirmaci\u00f3n de un talento que no deja de crecer.<\/p>\n<p><strong><span style=\"color: #593726;\">Puedes empezar a leer <a style=\"color: #593726;\" href=\"https:\/\/www.anagrama-ed.es\/noticias\/empieza-a-leer\/empieza-a-leer-la-familia-de-sara-mesa-776\" target=\"_blank\" rel=\"noopener\">La familia,<\/a> de Sara Mesa.<\/span><\/strong><\/p>\n","protected":false},"excerpt":{"rendered":"<p>&nbsp; &nbsp; T\u00edtulo: La familia Autor: Mesa, Sara 1976- autor Publicaci\u00f3n: Barcelona: Anagrama, 2022 Edici\u00f3n: 1\u00aa edici\u00f3n Descripci\u00f3n f\u00edsica: 224 p\u00e1ginas, 22 cm Colecci\u00f3n: Narrativas hisp\u00e1nicas, 700 ISBN : 978-84-339-9954-2 &nbsp; &nbsp; Solicita la obra en las bibliotecas de la Universidad de Le\u00f3n Calendario Martes 28 de noviembre &#8211; Sesi\u00f3n de Gu\u00eda a la lectura, [&hellip;]<\/p>\n","protected":false},"author":73,"featured_media":0,"parent":49022,"menu_order":4,"comment_status":"closed","ping_status":"closed","template":"","meta":{"_bbp_topic_count":0,"_bbp_reply_count":0,"_bbp_total_topic_count":0,"_bbp_total_reply_count":0,"_bbp_voice_count":0,"_bbp_anonymous_reply_count":0,"_bbp_topic_count_hidden":0,"_bbp_reply_count_hidden":0,"_bbp_forum_subforum_count":0,"_monsterinsights_skip_tracking":false,"_monsterinsights_sitenote_active":false,"_monsterinsights_sitenote_note":"","_monsterinsights_sitenote_category":0,"footnotes":""},"class_list":["post-49047","page","type-page","status-publish","hentry"],"yoast_head":"<!-- This site is optimized with the Yoast SEO plugin v25.8 - https:\/\/yoast.com\/wordpress\/plugins\/seo\/ -->\n<title>Lectura 4 La familia, de Sara Mesa - tULEctura<\/title>\n<meta name=\"robots\" content=\"index, follow, max-snippet:-1, max-image-preview:large, max-video-preview:-1\" \/>\n<link rel=\"canonical\" href=\"https:\/\/bibliotecas.unileon.es\/tULEctura\/pagina-ejemplo\/curso-2023-2024\/lectura-4-la-familia-de-sara-mesa\/\" \/>\n<meta property=\"og:locale\" content=\"es_ES\" \/>\n<meta property=\"og:type\" content=\"article\" \/>\n<meta property=\"og:title\" content=\"Lectura 4 La familia, de Sara Mesa - tULEctura\" \/>\n<meta property=\"og:description\" content=\"&nbsp; &nbsp; T\u00edtulo: La familia Autor: Mesa, Sara 1976- autor Publicaci\u00f3n: Barcelona: Anagrama, 2022 Edici\u00f3n: 1\u00aa edici\u00f3n Descripci\u00f3n f\u00edsica: 224 p\u00e1ginas, 22 cm Colecci\u00f3n: Narrativas hisp\u00e1nicas, 700 ISBN : 978-84-339-9954-2 &nbsp; &nbsp; Solicita la obra en las bibliotecas de la Universidad de Le\u00f3n Calendario Martes 28 de noviembre &#8211; Sesi\u00f3n de Gu\u00eda a la lectura, [&hellip;]\" \/>\n<meta property=\"og:url\" content=\"https:\/\/bibliotecas.unileon.es\/tULEctura\/pagina-ejemplo\/curso-2023-2024\/lectura-4-la-familia-de-sara-mesa\/\" \/>\n<meta property=\"og:site_name\" content=\"tULEctura\" \/>\n<meta property=\"article:publisher\" content=\"https:\/\/www.facebook.com\/tulectura.unileon\/\" \/>\n<meta property=\"article:modified_time\" content=\"2023-07-26T09:24:32+00:00\" \/>\n<meta property=\"og:image\" content=\"https:\/\/bibliotecas.unileon.es\/tULEctura\/files\/2023\/07\/la-familia.jpg\" \/>\n<meta name=\"twitter:card\" content=\"summary_large_image\" \/>\n<meta name=\"twitter:site\" content=\"@tULEctura_ULE\" \/>\n<meta name=\"twitter:label1\" content=\"Tiempo de lectura\" \/>\n\t<meta name=\"twitter:data1\" content=\"4 minutos\" \/>\n<script type=\"application\/ld+json\" class=\"yoast-schema-graph\">{\"@context\":\"https:\/\/schema.org\",\"@graph\":[{\"@type\":\"WebPage\",\"@id\":\"https:\/\/bibliotecas.unileon.es\/tULEctura\/pagina-ejemplo\/curso-2023-2024\/lectura-4-la-familia-de-sara-mesa\/\",\"url\":\"https:\/\/bibliotecas.unileon.es\/tULEctura\/pagina-ejemplo\/curso-2023-2024\/lectura-4-la-familia-de-sara-mesa\/\",\"name\":\"Lectura 4 La familia, de Sara Mesa - tULEctura\",\"isPartOf\":{\"@id\":\"https:\/\/bibliotecas.unileon.es\/tULEctura\/#website\"},\"primaryImageOfPage\":{\"@id\":\"https:\/\/bibliotecas.unileon.es\/tULEctura\/pagina-ejemplo\/curso-2023-2024\/lectura-4-la-familia-de-sara-mesa\/#primaryimage\"},\"image\":{\"@id\":\"https:\/\/bibliotecas.unileon.es\/tULEctura\/pagina-ejemplo\/curso-2023-2024\/lectura-4-la-familia-de-sara-mesa\/#primaryimage\"},\"thumbnailUrl\":\"https:\/\/bibliotecas.unileon.es\/tULEctura\/files\/2023\/07\/la-familia.jpg\",\"datePublished\":\"2023-07-24T12:04:18+00:00\",\"dateModified\":\"2023-07-26T09:24:32+00:00\",\"breadcrumb\":{\"@id\":\"https:\/\/bibliotecas.unileon.es\/tULEctura\/pagina-ejemplo\/curso-2023-2024\/lectura-4-la-familia-de-sara-mesa\/#breadcrumb\"},\"inLanguage\":\"es\",\"potentialAction\":[{\"@type\":\"ReadAction\",\"target\":[\"https:\/\/bibliotecas.unileon.es\/tULEctura\/pagina-ejemplo\/curso-2023-2024\/lectura-4-la-familia-de-sara-mesa\/\"]}]},{\"@type\":\"ImageObject\",\"inLanguage\":\"es\",\"@id\":\"https:\/\/bibliotecas.unileon.es\/tULEctura\/pagina-ejemplo\/curso-2023-2024\/lectura-4-la-familia-de-sara-mesa\/#primaryimage\",\"url\":\"https:\/\/bibliotecas.unileon.es\/tULEctura\/files\/2023\/07\/la-familia.jpg\",\"contentUrl\":\"https:\/\/bibliotecas.unileon.es\/tULEctura\/files\/2023\/07\/la-familia.jpg\",\"width\":552,\"height\":870},{\"@type\":\"BreadcrumbList\",\"@id\":\"https:\/\/bibliotecas.unileon.es\/tULEctura\/pagina-ejemplo\/curso-2023-2024\/lectura-4-la-familia-de-sara-mesa\/#breadcrumb\",\"itemListElement\":[{\"@type\":\"ListItem\",\"position\":1,\"name\":\"Home\",\"item\":\"https:\/\/bibliotecas.unileon.es\/tULEctura\/\"},{\"@type\":\"ListItem\",\"position\":2,\"name\":\"Club de Lectura\",\"item\":\"https:\/\/bibliotecas.unileon.es\/tULEctura\/pagina-ejemplo\/\"},{\"@type\":\"ListItem\",\"position\":3,\"name\":\"Curso 2023-2024\",\"item\":\"https:\/\/bibliotecas.unileon.es\/tULEctura\/pagina-ejemplo\/curso-2023-2024\/\"},{\"@type\":\"ListItem\",\"position\":4,\"name\":\"Lectura 4 La familia, de Sara Mesa\"}]},{\"@type\":\"WebSite\",\"@id\":\"https:\/\/bibliotecas.unileon.es\/tULEctura\/#website\",\"url\":\"https:\/\/bibliotecas.unileon.es\/tULEctura\/\",\"name\":\"tULEctura\",\"description\":\"Espacio de la Universidad de Le\u00f3n dedicado a la lectura\",\"publisher\":{\"@id\":\"https:\/\/bibliotecas.unileon.es\/tULEctura\/#organization\"},\"potentialAction\":[{\"@type\":\"SearchAction\",\"target\":{\"@type\":\"EntryPoint\",\"urlTemplate\":\"https:\/\/bibliotecas.unileon.es\/tULEctura\/?s={search_term_string}\"},\"query-input\":{\"@type\":\"PropertyValueSpecification\",\"valueRequired\":true,\"valueName\":\"search_term_string\"}}],\"inLanguage\":\"es\"},{\"@type\":\"Organization\",\"@id\":\"https:\/\/bibliotecas.unileon.es\/tULEctura\/#organization\",\"name\":\"Universidad de Le\u00f3n\",\"url\":\"https:\/\/bibliotecas.unileon.es\/tULEctura\/\",\"logo\":{\"@type\":\"ImageObject\",\"inLanguage\":\"es\",\"@id\":\"https:\/\/bibliotecas.unileon.es\/tULEctura\/#\/schema\/logo\/image\/\",\"url\":\"https:\/\/bibliotecas.unileon.es\/tULEctura\/files\/2018\/08\/TULECTURA_LOGO1.png\",\"contentUrl\":\"https:\/\/bibliotecas.unileon.es\/tULEctura\/files\/2018\/08\/TULECTURA_LOGO1.png\",\"width\":\"960\",\"height\":\"258\",\"caption\":\"Universidad de Le\u00f3n\"},\"image\":{\"@id\":\"https:\/\/bibliotecas.unileon.es\/tULEctura\/#\/schema\/logo\/image\/\"},\"sameAs\":[\"https:\/\/www.facebook.com\/tulectura.unileon\/\",\"https:\/\/x.com\/tULEctura_ULE\",\"https:\/\/www.instagram.com\/tulectura.unileon\/\",\"https:\/\/www.pinterest.es\/tulectura\/\",\"https:\/\/www.youtube.com\/channel\/UCoWaDD39lVlAQcOchwlTPVw\"]}]}<\/script>\n<!-- \/ Yoast SEO plugin. -->","yoast_head_json":{"title":"Lectura 4 La familia, de Sara Mesa - tULEctura","robots":{"index":"index","follow":"follow","max-snippet":"max-snippet:-1","max-image-preview":"max-image-preview:large","max-video-preview":"max-video-preview:-1"},"canonical":"https:\/\/bibliotecas.unileon.es\/tULEctura\/pagina-ejemplo\/curso-2023-2024\/lectura-4-la-familia-de-sara-mesa\/","og_locale":"es_ES","og_type":"article","og_title":"Lectura 4 La familia, de Sara Mesa - tULEctura","og_description":"&nbsp; &nbsp; T\u00edtulo: La familia Autor: Mesa, Sara 1976- autor Publicaci\u00f3n: Barcelona: Anagrama, 2022 Edici\u00f3n: 1\u00aa edici\u00f3n Descripci\u00f3n f\u00edsica: 224 p\u00e1ginas, 22 cm Colecci\u00f3n: Narrativas hisp\u00e1nicas, 700 ISBN : 978-84-339-9954-2 &nbsp; &nbsp; Solicita la obra en las bibliotecas de la Universidad de Le\u00f3n Calendario Martes 28 de noviembre &#8211; Sesi\u00f3n de Gu\u00eda a la lectura, [&hellip;]","og_url":"https:\/\/bibliotecas.unileon.es\/tULEctura\/pagina-ejemplo\/curso-2023-2024\/lectura-4-la-familia-de-sara-mesa\/","og_site_name":"tULEctura","article_publisher":"https:\/\/www.facebook.com\/tulectura.unileon\/","article_modified_time":"2023-07-26T09:24:32+00:00","og_image":[{"url":"https:\/\/bibliotecas.unileon.es\/tULEctura\/files\/2023\/07\/la-familia.jpg","type":"","width":"","height":""}],"twitter_card":"summary_large_image","twitter_site":"@tULEctura_ULE","twitter_misc":{"Tiempo de lectura":"4 minutos"},"schema":{"@context":"https:\/\/schema.org","@graph":[{"@type":"WebPage","@id":"https:\/\/bibliotecas.unileon.es\/tULEctura\/pagina-ejemplo\/curso-2023-2024\/lectura-4-la-familia-de-sara-mesa\/","url":"https:\/\/bibliotecas.unileon.es\/tULEctura\/pagina-ejemplo\/curso-2023-2024\/lectura-4-la-familia-de-sara-mesa\/","name":"Lectura 4 La familia, de Sara Mesa - tULEctura","isPartOf":{"@id":"https:\/\/bibliotecas.unileon.es\/tULEctura\/#website"},"primaryImageOfPage":{"@id":"https:\/\/bibliotecas.unileon.es\/tULEctura\/pagina-ejemplo\/curso-2023-2024\/lectura-4-la-familia-de-sara-mesa\/#primaryimage"},"image":{"@id":"https:\/\/bibliotecas.unileon.es\/tULEctura\/pagina-ejemplo\/curso-2023-2024\/lectura-4-la-familia-de-sara-mesa\/#primaryimage"},"thumbnailUrl":"https:\/\/bibliotecas.unileon.es\/tULEctura\/files\/2023\/07\/la-familia.jpg","datePublished":"2023-07-24T12:04:18+00:00","dateModified":"2023-07-26T09:24:32+00:00","breadcrumb":{"@id":"https:\/\/bibliotecas.unileon.es\/tULEctura\/pagina-ejemplo\/curso-2023-2024\/lectura-4-la-familia-de-sara-mesa\/#breadcrumb"},"inLanguage":"es","potentialAction":[{"@type":"ReadAction","target":["https:\/\/bibliotecas.unileon.es\/tULEctura\/pagina-ejemplo\/curso-2023-2024\/lectura-4-la-familia-de-sara-mesa\/"]}]},{"@type":"ImageObject","inLanguage":"es","@id":"https:\/\/bibliotecas.unileon.es\/tULEctura\/pagina-ejemplo\/curso-2023-2024\/lectura-4-la-familia-de-sara-mesa\/#primaryimage","url":"https:\/\/bibliotecas.unileon.es\/tULEctura\/files\/2023\/07\/la-familia.jpg","contentUrl":"https:\/\/bibliotecas.unileon.es\/tULEctura\/files\/2023\/07\/la-familia.jpg","width":552,"height":870},{"@type":"BreadcrumbList","@id":"https:\/\/bibliotecas.unileon.es\/tULEctura\/pagina-ejemplo\/curso-2023-2024\/lectura-4-la-familia-de-sara-mesa\/#breadcrumb","itemListElement":[{"@type":"ListItem","position":1,"name":"Home","item":"https:\/\/bibliotecas.unileon.es\/tULEctura\/"},{"@type":"ListItem","position":2,"name":"Club de Lectura","item":"https:\/\/bibliotecas.unileon.es\/tULEctura\/pagina-ejemplo\/"},{"@type":"ListItem","position":3,"name":"Curso 2023-2024","item":"https:\/\/bibliotecas.unileon.es\/tULEctura\/pagina-ejemplo\/curso-2023-2024\/"},{"@type":"ListItem","position":4,"name":"Lectura 4 La familia, de Sara Mesa"}]},{"@type":"WebSite","@id":"https:\/\/bibliotecas.unileon.es\/tULEctura\/#website","url":"https:\/\/bibliotecas.unileon.es\/tULEctura\/","name":"tULEctura","description":"Espacio de la Universidad de Le\u00f3n dedicado a la lectura","publisher":{"@id":"https:\/\/bibliotecas.unileon.es\/tULEctura\/#organization"},"potentialAction":[{"@type":"SearchAction","target":{"@type":"EntryPoint","urlTemplate":"https:\/\/bibliotecas.unileon.es\/tULEctura\/?s={search_term_string}"},"query-input":{"@type":"PropertyValueSpecification","valueRequired":true,"valueName":"search_term_string"}}],"inLanguage":"es"},{"@type":"Organization","@id":"https:\/\/bibliotecas.unileon.es\/tULEctura\/#organization","name":"Universidad de Le\u00f3n","url":"https:\/\/bibliotecas.unileon.es\/tULEctura\/","logo":{"@type":"ImageObject","inLanguage":"es","@id":"https:\/\/bibliotecas.unileon.es\/tULEctura\/#\/schema\/logo\/image\/","url":"https:\/\/bibliotecas.unileon.es\/tULEctura\/files\/2018\/08\/TULECTURA_LOGO1.png","contentUrl":"https:\/\/bibliotecas.unileon.es\/tULEctura\/files\/2018\/08\/TULECTURA_LOGO1.png","width":"960","height":"258","caption":"Universidad de Le\u00f3n"},"image":{"@id":"https:\/\/bibliotecas.unileon.es\/tULEctura\/#\/schema\/logo\/image\/"},"sameAs":["https:\/\/www.facebook.com\/tulectura.unileon\/","https:\/\/x.com\/tULEctura_ULE","https:\/\/www.instagram.com\/tulectura.unileon\/","https:\/\/www.pinterest.es\/tulectura\/","https:\/\/www.youtube.com\/channel\/UCoWaDD39lVlAQcOchwlTPVw"]}]}},"_links":{"self":[{"href":"https:\/\/bibliotecas.unileon.es\/tULEctura\/wp-json\/wp\/v2\/pages\/49047","targetHints":{"allow":["GET"]}}],"collection":[{"href":"https:\/\/bibliotecas.unileon.es\/tULEctura\/wp-json\/wp\/v2\/pages"}],"about":[{"href":"https:\/\/bibliotecas.unileon.es\/tULEctura\/wp-json\/wp\/v2\/types\/page"}],"author":[{"embeddable":true,"href":"https:\/\/bibliotecas.unileon.es\/tULEctura\/wp-json\/wp\/v2\/users\/73"}],"replies":[{"embeddable":true,"href":"https:\/\/bibliotecas.unileon.es\/tULEctura\/wp-json\/wp\/v2\/comments?post=49047"}],"version-history":[{"count":1,"href":"https:\/\/bibliotecas.unileon.es\/tULEctura\/wp-json\/wp\/v2\/pages\/49047\/revisions"}],"predecessor-version":[{"id":49048,"href":"https:\/\/bibliotecas.unileon.es\/tULEctura\/wp-json\/wp\/v2\/pages\/49047\/revisions\/49048"}],"up":[{"embeddable":true,"href":"https:\/\/bibliotecas.unileon.es\/tULEctura\/wp-json\/wp\/v2\/pages\/49022"}],"wp:attachment":[{"href":"https:\/\/bibliotecas.unileon.es\/tULEctura\/wp-json\/wp\/v2\/media?parent=49047"}],"curies":[{"name":"wp","href":"https:\/\/api.w.org\/{rel}","templated":true}]}}