{"id":49067,"date":"2021-04-30T12:36:12","date_gmt":"2021-04-30T10:36:12","guid":{"rendered":"https:\/\/bibliotecas.unileon.es\/tULEctura\/?page_id=49067"},"modified":"2023-08-30T13:09:54","modified_gmt":"2023-08-30T11:09:54","slug":"vii-jornadas-de-la-riul-sobre-la-literatura-actual","status":"publish","type":"page","link":"https:\/\/bibliotecas.unileon.es\/tULEctura\/actividades\/riul-jornadas\/vii-jornadas-de-la-riul-sobre-la-literatura-actual\/","title":{"rendered":"VII Jornadas de la RIUL sobre la Literatura Actual"},"content":{"rendered":"<p><img loading=\"lazy\" decoding=\"async\" class=\"alignleft size-full wp-image-49068\" src=\"https:\/\/bibliotecas.unileon.es\/tULEctura\/files\/2023\/08\/CARTEL-VII-JORNADAS-RIUL-1.jpg\" alt=\"\" width=\"1654\" height=\"2339\" \/><\/p>\n<p>&nbsp;<\/p>\n<p>&nbsp;<\/p>\n<p style=\"text-align: center;\"><strong><a href=\"https:\/\/videos.unileon.es\/series\/60bdee668f420840308b4580\" target=\"_blank\" rel=\"noopener\">Puedes ver\u00a0 los\u00a0 v\u00eddeos de\u00a0 las ponencias e intervenciones de las \u00a0VII JORNADAS DE LA RED INTERNACIONAL DE UNIVERSIDADES LECTORAS SOBRE LITERATURA ACTUAL<\/a><\/strong><\/p>\n<div class=\"col-xs-12\">\n<div class=\"media mmobj_serie\">\n<div class=\"media-body\">\n<div class=\"persons\">\n<div class=\"col-xs-12\">\n<div class=\"media mmobj_serie\">\n<div class=\"media-left media-middle\">\n<div class=\"thumbnailwrapper\">\n<div class=\"thumbnail bodyMm\">\n<p><a href=\"https:\/\/videos.unileon.es\/video\/60bdefc08f420859318b4568\"><img decoding=\"async\" class=\"serial img-responsive thumbnailimg\" src=\"https:\/\/videos.unileon.es\/uploads\/pic\/series\/60bdee668f420840308b4580\/video\/60bdefc08f420859318b4568\/210607121252.jpg\" alt=\"thumbnail\" \/><\/a><\/p>\n<div class=\"thumbnailholder\"><strong><span style=\"font-size: 1rem;\">\u00abInauguraci\u00f3n de las VII Jornadas RIUL\u00bb <\/span><span style=\"font-size: 1rem;\">\u00a0<\/span><a style=\"font-size: 1rem;\" href=\"https:\/\/videos.unileon.es\/video\/60bdefc08f420859318b4568?track_id=60bdf2548f4208be318b4567\">V\u00eddeo<\/a><span style=\"font-size: 1rem;\">\u00a0\u00a0|\u00a0\u00a0<\/span><span class=\"language\" style=\"font-size: 1rem;\">Espa\u00f1ol<\/span><span style=\"font-size: 1rem;\"> \u00a0(13&#8242; 52\u00bb) \u00a0|<\/span><\/strong><\/div>\n<\/div>\n<\/div>\n<\/div>\n<div class=\"media-body\">\n<div class=\"material\"><\/div>\n<div class=\"persons\">\n<div>\n<ul>\n<li class=\"person\" style=\"text-align: justify;\">M\u00aa Dolores Alonso-Cort\u00e9s Fradejas :\u00a0Vicerrectora de Relaciones Institucionales y con la Sociedad, Universidad de Le\u00f3n<\/li>\n<\/ul>\n<\/div>\n<div style=\"text-align: justify;\">\n<ul>\n<li class=\"person\">Natalia \u00c1lvarez M\u00e9ndez :\u00a0Profesora Titular de Teor\u00eda de la Literatura y Literatura Comparada, Universidad de Le\u00f3n<\/li>\n<\/ul>\n<\/div>\n<div>\n<ul>\n<li class=\"person\" style=\"text-align: justify;\">H\u00e9ctor Escobar :\u00a0Presidente Asociaci\u00f3n de Libreros de Le\u00f3n<\/li>\n<\/ul>\n<\/div>\n<\/div>\n<\/div>\n<\/div>\n<\/div>\n<div class=\"col-xs-12\">\n<p><a name=\"60bdf0688f42089d308b4579\"><\/a><\/p>\n<div class=\"media mmobj_serie\">\n<div class=\"media-left media-middle\">\n<div class=\"thumbnailwrapper\">\n<div class=\"thumbnail bodyMm\">\n<p><a href=\"https:\/\/videos.unileon.es\/video\/60bdf0688f42089d308b4579\"><img decoding=\"async\" class=\"serial img-responsive thumbnailimg\" src=\"https:\/\/videos.unileon.es\/uploads\/pic\/series\/60bdee668f420840308b4580\/video\/60bdf0688f42089d308b4579\/210607122132.jpg\" alt=\"thumbnail\" \/><\/a><\/p>\n<\/div>\n<\/div>\n<\/div>\n<div class=\"media-body\">\n<h4 class=\"media-heading\">\u00abAna Merino. El mapa de los afectos\u00bb\u00a0\u00a0<a href=\"https:\/\/videos.unileon.es\/video\/60bdf0688f42089d308b4579?track_id=60bdf6038f4208ef318b4567\">V\u00eddeo<\/a>\u00a0\u00a0|\u00a0\u00a0<span class=\"language\">Espa\u00f1ol<\/span> \u00a0(34&#8242; 11\u00bb)<\/h4>\n<ul>\n<li class=\"material\">\u00a0<span style=\"font-size: 1rem;\">Ana Merino Norverto, Catedr\u00e1tica de la Universidad de Iowa<\/span><\/li>\n<\/ul>\n<\/div>\n<\/div>\n<\/div>\n<div class=\"col-xs-12\">\n<p><a name=\"60bdf1f28f42089e308b457b\"><\/a><\/p>\n<div class=\"media mmobj_serie\">\n<div class=\"media-left media-middle\">\n<div class=\"thumbnailwrapper\">\n<div class=\"thumbnail bodyMm\">\n<p><a href=\"https:\/\/videos.unileon.es\/video\/60bdf1f28f42089e308b457b\"><img decoding=\"async\" class=\"serial img-responsive thumbnailimg\" src=\"https:\/\/videos.unileon.es\/uploads\/pic\/series\/60bdee668f420840308b4580\/video\/60bdf1f28f42089e308b457b\/210607123740.jpg\" alt=\"thumbnail\" \/><\/a><\/p>\n<\/div>\n<\/div>\n<\/div>\n<div class=\"media-body\">\n<h4 class=\"media-heading\">\u00abJuan Bonilla. El mejor escritor de su generaci\u00f3n\u00bb \u00a0<a href=\"https:\/\/videos.unileon.es\/video\/60bdf1f28f42089e308b457b?track_id=60bf0d028f420873448b4567\">V\u00eddeo<\/a>\u00a0\u00a0|\u00a0\u00a0<span class=\"language\">Espa\u00f1ol<\/span> \u00a0(44&#8242; 17\u00bb) \u00a0|<\/h4>\n<ul>\n<li class=\"material\">\u00a0Juan Bonilla Gago, escritor<\/li>\n<\/ul>\n<\/div>\n<\/div>\n<\/div>\n<div class=\"col-xs-12\">\n<p><a name=\"60bdf1ec8f420859318b456e\"><\/a><\/p>\n<div class=\"row\">\n<h3>30 mayo 2021<\/h3>\n<\/div>\n<div class=\"media mmobj_serie\">\n<div class=\"media-left media-middle\">\n<div class=\"thumbnailwrapper\">\n<div class=\"thumbnail bodyMm\">\n<p><a href=\"https:\/\/videos.unileon.es\/video\/60bdf1ec8f420859318b456e\"><img decoding=\"async\" class=\"serial img-responsive thumbnailimg\" src=\"https:\/\/videos.unileon.es\/uploads\/pic\/series\/60bdee668f420840308b4580\/video\/60bdf1ec8f420859318b456e\/210607122727.jpg\" alt=\"thumbnail\" \/><\/a><\/p>\n<\/div>\n<\/div>\n<\/div>\n<div class=\"media-body\">\n<h4 class=\"media-heading\">\u00abJon Bilbao. Basilisco\u00bb\u00a0\u00a0<a href=\"https:\/\/videos.unileon.es\/video\/60bdf1ec8f420859318b456e?track_id=60bdf7d58f420808328b4567\">V\u00eddeo<\/a>\u00a0\u00a0|\u00a0\u00a0<span class=\"language\">Espa\u00f1ol<\/span> \u00a0(41&#8242; 40\u00bb)<\/h4>\n<div class=\"persons\">\n<div>\n<ul>\n<li class=\"person\">Jon Bilbao, escritor<\/li>\n<\/ul>\n<\/div>\n<\/div>\n<\/div>\n<\/div>\n<\/div>\n<div class=\"col-xs-12\">\n<p><a name=\"60bdf1f68f42089d308b4581\"><\/a><\/p>\n<div class=\"row\">\n<h3>03 junio 2021<\/h3>\n<\/div>\n<div class=\"media mmobj_serie\">\n<div class=\"media-left media-middle\">\n<div class=\"thumbnailwrapper\">\n<div class=\"thumbnail bodyMm\">\n<p><a href=\"https:\/\/videos.unileon.es\/video\/60bdf1f68f42089d308b4581\"><img decoding=\"async\" class=\"serial img-responsive thumbnailimg\" src=\"https:\/\/videos.unileon.es\/uploads\/pic\/series\/60bdee668f420840308b4580\/video\/60bdf1f68f42089d308b4581\/210607124723.jpg\" alt=\"thumbnail\" \/><\/a><\/p>\n<\/div>\n<\/div>\n<\/div>\n<div class=\"media-body\">\n<h4 class=\"media-heading\">\u00abLorenzo Silva\u00bb\u00a0\u00a0<a href=\"https:\/\/videos.unileon.es\/video\/60bdf1f68f42089d308b4581?track_id=60bdff898f4208aa328b4567\">V\u00eddeo<\/a>\u00a0\u00a0|\u00a0\u00a0<span class=\"language\">Espa\u00f1ol<\/span> \u00a0(62&#8242; 28\u00bb)<\/h4>\n<div class=\"persons\">\n<div>\n<ul>\n<li class=\"person\">Lorenzo Silva Amadro, escritor<\/li>\n<\/ul>\n<\/div>\n<\/div>\n<\/div>\n<\/div>\n<\/div>\n<div class=\"col-xs-12\">\n<p><a name=\"60bdf1fa8f42089e308b457e\"><\/a><\/p>\n<div class=\"row\">\n<h3>04 junio 2021<\/h3>\n<\/div>\n<div class=\"media mmobj_serie\">\n<div class=\"media-left media-middle\">\n<div class=\"thumbnailwrapper\">\n<div class=\"thumbnail bodyMm\">\n<p><a href=\"https:\/\/videos.unileon.es\/video\/60bdf1fa8f42089e308b457e\"><img decoding=\"async\" class=\"serial img-responsive thumbnailimg\" src=\"https:\/\/videos.unileon.es\/uploads\/pic\/series\/60bdee668f420840308b4580\/video\/60bdf1fa8f42089e308b457e\/210607130210.jpg\" alt=\"thumbnail\" \/><\/a><\/p>\n<\/div>\n<\/div>\n<\/div>\n<div class=\"media-body\">\n<h4 class=\"media-heading\">\u00abOlvido Garc\u00eda Vald\u00e9s. Conf\u00eda en la gracia y Dentro del animal la voz. Antolog\u00eda (1982-2012)\u00bb\u00a0\u00a0<a href=\"https:\/\/videos.unileon.es\/video\/60bdf1fa8f42089e308b457e?track_id=60bdff248f4208b8328b4567\">V\u00eddeo<\/a>\u00a0\u00a0|\u00a0\u00a0<span class=\"language\">Espa\u00f1ol<\/span> \u00a0(38&#8242; 59\u00bb)<\/h4>\n<div class=\"persons\">\n<div>\n<ul>\n<li class=\"person\">Olvido Garc\u00eda Vald\u00e9s, escritora<\/li>\n<\/ul>\n<\/div>\n<\/div>\n<\/div>\n<\/div>\n<\/div>\n<div class=\"col-xs-12\">\n<p><a name=\"60bdf1ff8f42089e308b4582\"><\/a><\/p>\n<div class=\"row\">\n<h3>05 junio 2021<\/h3>\n<\/div>\n<div class=\"media mmobj_serie\">\n<div class=\"media-left media-middle\">\n<div class=\"thumbnailwrapper\">\n<div class=\"thumbnail bodyMm\">\n<p><a href=\"https:\/\/videos.unileon.es\/video\/60bdf1ff8f42089e308b4582\"><img decoding=\"async\" class=\"serial img-responsive thumbnailimg\" src=\"https:\/\/videos.unileon.es\/uploads\/pic\/series\/60bdee668f420840308b4580\/video\/60bdf1ff8f42089e308b4582\/210607131315.jpg\" alt=\"thumbnail\" \/><\/a><\/p>\n<\/div>\n<\/div>\n<\/div>\n<div class=\"media-body\">\n<h4 class=\"media-heading\">\u00abConstantino B\u00e9rtolo. \u00bfQui\u00e9nes somos? 55 libros de la literatura espa\u00f1ola del siglo XX\u00bb\u00a0\u00a0<a href=\"https:\/\/videos.unileon.es\/video\/60bdf1ff8f42089e308b4582?track_id=60be0baf8f4208c9338b4567\">V\u00eddeo<\/a>\u00a0\u00a0|\u00a0\u00a0<span class=\"language\">Espa\u00f1ol<\/span> \u00a0(60&#8242; 36\u00bb)<\/h4>\n<div class=\"persons\">\n<div>\n<ul>\n<li class=\"person\">Constantino B\u00e9rtolo Cadenas, escritor<\/li>\n<\/ul>\n<\/div>\n<\/div>\n<\/div>\n<\/div>\n<\/div>\n<div class=\"col-xs-12\">\n<p><a name=\"60bdf2028f42089e308b4585\"><\/a><\/p>\n<div class=\"row\">\n<h3>06 junio 2021<\/h3>\n<\/div>\n<div class=\"media mmobj_serie\">\n<div class=\"media-left media-middle\">\n<div class=\"thumbnailwrapper\">\n<div class=\"thumbnail bodyMm\">\n<p><a href=\"https:\/\/videos.unileon.es\/video\/60bdf2028f42089e308b4585\"><img decoding=\"async\" class=\"serial img-responsive thumbnailimg\" src=\"https:\/\/videos.unileon.es\/uploads\/pic\/series\/60bdee668f420840308b4580\/video\/60bdf2028f42089e308b4585\/210607132410.jpg\" alt=\"thumbnail\" \/>\u00a0<\/a><\/p>\n<\/div>\n<\/div>\n<\/div>\n<div class=\"media-body\">\n<h4 class=\"media-heading\">\u00abCristina S\u00e1nchez-Andrade. El ni\u00f1o que com\u00eda lana\u00bb\u00a0\u00a0<a href=\"https:\/\/videos.unileon.es\/video\/60bdf2028f42089e308b4585?track_id=60be0cc18f4208cd338b4567\">V\u00eddeo<\/a>\u00a0\u00a0|\u00a0\u00a0<span class=\"language\">Espa\u00f1ol<\/span> \u00a0(48&#8242; 26\u00bb) \u00a0|<\/h4>\n<div class=\"persons\">\n<div>\n<ul>\n<li class=\"person\">Cristina S\u00e1nchez-Andrade, escritora<\/li>\n<\/ul>\n<\/div>\n<\/div>\n<\/div>\n<\/div>\n<\/div>\n<div class=\"col-xs-12\">\n<p><a name=\"60bdff218f42086e328b4580\"><\/a><\/p>\n<div class=\"media mmobj_serie\">\n<div class=\"media-left media-middle\">\n<div class=\"thumbnailwrapper\">\n<div class=\"thumbnail bodyMm\">\n<p><a href=\"https:\/\/videos.unileon.es\/video\/60bdff218f42086e328b4580\"><img decoding=\"async\" class=\"serial img-responsive thumbnailimg\" src=\"https:\/\/videos.unileon.es\/uploads\/pic\/series\/60bdee668f420840308b4580\/video\/60bdff218f42086e328b4580\/210607132533.jpg\" alt=\"thumbnail\" \/><\/a><\/p>\n<\/div>\n<\/div>\n<\/div>\n<div class=\"media-body\">\n<h4 class=\"media-heading\">\u00abClausura de las VII Jornadas RIUL\u00bb\u00a0\u00a0<a href=\"https:\/\/videos.unileon.es\/video\/60bdff218f42086e328b4580?track_id=60be02c38f42085e338b4567\">V\u00eddeo<\/a>\u00a0\u00a0|\u00a0\u00a0<span class=\"language\">Espa\u00f1ol<\/span>\u00a0\u00a0(5&#8242; 38\u00bb)<\/h4>\n<div class=\"persons\">\n<div>\n<ul>\n<li>Natalia \u00c1lvarez M\u00e9ndez,\u00a0Profesora Titular de Teor\u00eda de la Literatura y Literatura Comparada, Universidad de Le\u00f3n<\/li>\n<\/ul>\n<\/div>\n<div>\n<ul>\n<li class=\"person\">Cristina S\u00e1nchez-Andrade, escritora<\/li>\n<\/ul>\n<\/div>\n<\/div>\n<\/div>\n<\/div>\n<\/div>\n<\/div>\n<\/div>\n<\/div>\n<\/div>\n","protected":false},"excerpt":{"rendered":"<p>&nbsp; &nbsp; Puedes ver\u00a0 los\u00a0 v\u00eddeos de\u00a0 las ponencias e intervenciones de las \u00a0VII JORNADAS DE LA RED INTERNACIONAL DE UNIVERSIDADES LECTORAS SOBRE LITERATURA ACTUAL \u00abInauguraci\u00f3n de las VII Jornadas RIUL\u00bb \u00a0V\u00eddeo\u00a0\u00a0|\u00a0\u00a0Espa\u00f1ol \u00a0(13&#8242; 52\u00bb) \u00a0| M\u00aa Dolores Alonso-Cort\u00e9s Fradejas :\u00a0Vicerrectora de Relaciones Institucionales y con la Sociedad, Universidad de Le\u00f3n Natalia \u00c1lvarez M\u00e9ndez :\u00a0Profesora Titular [&hellip;]<\/p>\n","protected":false},"author":73,"featured_media":0,"parent":47134,"menu_order":13,"comment_status":"closed","ping_status":"closed","template":"","meta":{"_bbp_topic_count":0,"_bbp_reply_count":0,"_bbp_total_topic_count":0,"_bbp_total_reply_count":0,"_bbp_voice_count":0,"_bbp_anonymous_reply_count":0,"_bbp_topic_count_hidden":0,"_bbp_reply_count_hidden":0,"_bbp_forum_subforum_count":0,"_monsterinsights_skip_tracking":false,"_monsterinsights_sitenote_active":false,"_monsterinsights_sitenote_note":"","_monsterinsights_sitenote_category":0,"footnotes":""},"class_list":["post-49067","page","type-page","status-publish","hentry"],"yoast_head":"<!-- This site is optimized with the Yoast SEO plugin v25.8 - https:\/\/yoast.com\/wordpress\/plugins\/seo\/ -->\n<title>VII Jornadas de la RIUL sobre la Literatura Actual - tULEctura<\/title>\n<meta name=\"robots\" content=\"index, follow, max-snippet:-1, max-image-preview:large, max-video-preview:-1\" \/>\n<link rel=\"canonical\" href=\"https:\/\/bibliotecas.unileon.es\/tULEctura\/actividades\/riul-jornadas\/vii-jornadas-de-la-riul-sobre-la-literatura-actual\/\" \/>\n<meta property=\"og:locale\" content=\"es_ES\" \/>\n<meta property=\"og:type\" content=\"article\" \/>\n<meta property=\"og:title\" content=\"VII Jornadas de la RIUL sobre la Literatura Actual - tULEctura\" \/>\n<meta property=\"og:description\" content=\"&nbsp; &nbsp; Puedes ver\u00a0 los\u00a0 v\u00eddeos de\u00a0 las ponencias e intervenciones de las \u00a0VII JORNADAS DE LA RED INTERNACIONAL DE UNIVERSIDADES LECTORAS SOBRE LITERATURA ACTUAL \u00abInauguraci\u00f3n de las VII Jornadas RIUL\u00bb \u00a0V\u00eddeo\u00a0\u00a0|\u00a0\u00a0Espa\u00f1ol \u00a0(13&#8242; 52\u00bb) \u00a0| M\u00aa Dolores Alonso-Cort\u00e9s Fradejas :\u00a0Vicerrectora de Relaciones Institucionales y con la Sociedad, Universidad de Le\u00f3n Natalia \u00c1lvarez M\u00e9ndez :\u00a0Profesora Titular [&hellip;]\" \/>\n<meta property=\"og:url\" content=\"https:\/\/bibliotecas.unileon.es\/tULEctura\/actividades\/riul-jornadas\/vii-jornadas-de-la-riul-sobre-la-literatura-actual\/\" \/>\n<meta property=\"og:site_name\" content=\"tULEctura\" \/>\n<meta property=\"article:publisher\" content=\"https:\/\/www.facebook.com\/tulectura.unileon\/\" \/>\n<meta property=\"article:modified_time\" content=\"2023-08-30T11:09:54+00:00\" \/>\n<meta property=\"og:image\" content=\"https:\/\/bibliotecas.unileon.es\/tULEctura\/files\/2023\/08\/CARTEL-VII-JORNADAS-RIUL-1.jpg\" \/>\n<meta name=\"twitter:card\" content=\"summary_large_image\" \/>\n<meta name=\"twitter:site\" content=\"@tULEctura_ULE\" \/>\n<meta name=\"twitter:label1\" content=\"Tiempo de lectura\" \/>\n\t<meta name=\"twitter:data1\" content=\"1 minuto\" \/>\n<script type=\"application\/ld+json\" class=\"yoast-schema-graph\">{\"@context\":\"https:\/\/schema.org\",\"@graph\":[{\"@type\":\"WebPage\",\"@id\":\"https:\/\/bibliotecas.unileon.es\/tULEctura\/actividades\/riul-jornadas\/vii-jornadas-de-la-riul-sobre-la-literatura-actual\/\",\"url\":\"https:\/\/bibliotecas.unileon.es\/tULEctura\/actividades\/riul-jornadas\/vii-jornadas-de-la-riul-sobre-la-literatura-actual\/\",\"name\":\"VII Jornadas de la RIUL sobre la Literatura Actual - tULEctura\",\"isPartOf\":{\"@id\":\"https:\/\/bibliotecas.unileon.es\/tULEctura\/#website\"},\"primaryImageOfPage\":{\"@id\":\"https:\/\/bibliotecas.unileon.es\/tULEctura\/actividades\/riul-jornadas\/vii-jornadas-de-la-riul-sobre-la-literatura-actual\/#primaryimage\"},\"image\":{\"@id\":\"https:\/\/bibliotecas.unileon.es\/tULEctura\/actividades\/riul-jornadas\/vii-jornadas-de-la-riul-sobre-la-literatura-actual\/#primaryimage\"},\"thumbnailUrl\":\"https:\/\/bibliotecas.unileon.es\/tULEctura\/files\/2023\/08\/CARTEL-VII-JORNADAS-RIUL-1.jpg\",\"datePublished\":\"2021-04-30T10:36:12+00:00\",\"dateModified\":\"2023-08-30T11:09:54+00:00\",\"breadcrumb\":{\"@id\":\"https:\/\/bibliotecas.unileon.es\/tULEctura\/actividades\/riul-jornadas\/vii-jornadas-de-la-riul-sobre-la-literatura-actual\/#breadcrumb\"},\"inLanguage\":\"es\",\"potentialAction\":[{\"@type\":\"ReadAction\",\"target\":[\"https:\/\/bibliotecas.unileon.es\/tULEctura\/actividades\/riul-jornadas\/vii-jornadas-de-la-riul-sobre-la-literatura-actual\/\"]}]},{\"@type\":\"ImageObject\",\"inLanguage\":\"es\",\"@id\":\"https:\/\/bibliotecas.unileon.es\/tULEctura\/actividades\/riul-jornadas\/vii-jornadas-de-la-riul-sobre-la-literatura-actual\/#primaryimage\",\"url\":\"https:\/\/bibliotecas.unileon.es\/tULEctura\/files\/2023\/08\/CARTEL-VII-JORNADAS-RIUL-1.jpg\",\"contentUrl\":\"https:\/\/bibliotecas.unileon.es\/tULEctura\/files\/2023\/08\/CARTEL-VII-JORNADAS-RIUL-1.jpg\",\"width\":1654,\"height\":2339},{\"@type\":\"BreadcrumbList\",\"@id\":\"https:\/\/bibliotecas.unileon.es\/tULEctura\/actividades\/riul-jornadas\/vii-jornadas-de-la-riul-sobre-la-literatura-actual\/#breadcrumb\",\"itemListElement\":[{\"@type\":\"ListItem\",\"position\":1,\"name\":\"Home\",\"item\":\"https:\/\/bibliotecas.unileon.es\/tULEctura\/\"},{\"@type\":\"ListItem\",\"position\":2,\"name\":\"Eventos\",\"item\":\"https:\/\/bibliotecas.unileon.es\/tULEctura\/actividades\/\"},{\"@type\":\"ListItem\",\"position\":3,\"name\":\"RIUL (Jornadas)\",\"item\":\"https:\/\/bibliotecas.unileon.es\/tULEctura\/actividades\/riul-jornadas\/\"},{\"@type\":\"ListItem\",\"position\":4,\"name\":\"VII Jornadas de la RIUL sobre la Literatura Actual\"}]},{\"@type\":\"WebSite\",\"@id\":\"https:\/\/bibliotecas.unileon.es\/tULEctura\/#website\",\"url\":\"https:\/\/bibliotecas.unileon.es\/tULEctura\/\",\"name\":\"tULEctura\",\"description\":\"Espacio de la Universidad de Le\u00f3n dedicado a la lectura\",\"publisher\":{\"@id\":\"https:\/\/bibliotecas.unileon.es\/tULEctura\/#organization\"},\"potentialAction\":[{\"@type\":\"SearchAction\",\"target\":{\"@type\":\"EntryPoint\",\"urlTemplate\":\"https:\/\/bibliotecas.unileon.es\/tULEctura\/?s={search_term_string}\"},\"query-input\":{\"@type\":\"PropertyValueSpecification\",\"valueRequired\":true,\"valueName\":\"search_term_string\"}}],\"inLanguage\":\"es\"},{\"@type\":\"Organization\",\"@id\":\"https:\/\/bibliotecas.unileon.es\/tULEctura\/#organization\",\"name\":\"Universidad de Le\u00f3n\",\"url\":\"https:\/\/bibliotecas.unileon.es\/tULEctura\/\",\"logo\":{\"@type\":\"ImageObject\",\"inLanguage\":\"es\",\"@id\":\"https:\/\/bibliotecas.unileon.es\/tULEctura\/#\/schema\/logo\/image\/\",\"url\":\"https:\/\/bibliotecas.unileon.es\/tULEctura\/files\/2018\/08\/TULECTURA_LOGO1.png\",\"contentUrl\":\"https:\/\/bibliotecas.unileon.es\/tULEctura\/files\/2018\/08\/TULECTURA_LOGO1.png\",\"width\":\"960\",\"height\":\"258\",\"caption\":\"Universidad de Le\u00f3n\"},\"image\":{\"@id\":\"https:\/\/bibliotecas.unileon.es\/tULEctura\/#\/schema\/logo\/image\/\"},\"sameAs\":[\"https:\/\/www.facebook.com\/tulectura.unileon\/\",\"https:\/\/x.com\/tULEctura_ULE\",\"https:\/\/www.instagram.com\/tulectura.unileon\/\",\"https:\/\/www.pinterest.es\/tulectura\/\",\"https:\/\/www.youtube.com\/channel\/UCoWaDD39lVlAQcOchwlTPVw\"]}]}<\/script>\n<!-- \/ Yoast SEO plugin. -->","yoast_head_json":{"title":"VII Jornadas de la RIUL sobre la Literatura Actual - tULEctura","robots":{"index":"index","follow":"follow","max-snippet":"max-snippet:-1","max-image-preview":"max-image-preview:large","max-video-preview":"max-video-preview:-1"},"canonical":"https:\/\/bibliotecas.unileon.es\/tULEctura\/actividades\/riul-jornadas\/vii-jornadas-de-la-riul-sobre-la-literatura-actual\/","og_locale":"es_ES","og_type":"article","og_title":"VII Jornadas de la RIUL sobre la Literatura Actual - tULEctura","og_description":"&nbsp; &nbsp; Puedes ver\u00a0 los\u00a0 v\u00eddeos de\u00a0 las ponencias e intervenciones de las \u00a0VII JORNADAS DE LA RED INTERNACIONAL DE UNIVERSIDADES LECTORAS SOBRE LITERATURA ACTUAL \u00abInauguraci\u00f3n de las VII Jornadas RIUL\u00bb \u00a0V\u00eddeo\u00a0\u00a0|\u00a0\u00a0Espa\u00f1ol \u00a0(13&#8242; 52\u00bb) \u00a0| M\u00aa Dolores Alonso-Cort\u00e9s Fradejas :\u00a0Vicerrectora de Relaciones Institucionales y con la Sociedad, Universidad de Le\u00f3n Natalia \u00c1lvarez M\u00e9ndez :\u00a0Profesora Titular [&hellip;]","og_url":"https:\/\/bibliotecas.unileon.es\/tULEctura\/actividades\/riul-jornadas\/vii-jornadas-de-la-riul-sobre-la-literatura-actual\/","og_site_name":"tULEctura","article_publisher":"https:\/\/www.facebook.com\/tulectura.unileon\/","article_modified_time":"2023-08-30T11:09:54+00:00","og_image":[{"url":"https:\/\/bibliotecas.unileon.es\/tULEctura\/files\/2023\/08\/CARTEL-VII-JORNADAS-RIUL-1.jpg","type":"","width":"","height":""}],"twitter_card":"summary_large_image","twitter_site":"@tULEctura_ULE","twitter_misc":{"Tiempo de lectura":"1 minuto"},"schema":{"@context":"https:\/\/schema.org","@graph":[{"@type":"WebPage","@id":"https:\/\/bibliotecas.unileon.es\/tULEctura\/actividades\/riul-jornadas\/vii-jornadas-de-la-riul-sobre-la-literatura-actual\/","url":"https:\/\/bibliotecas.unileon.es\/tULEctura\/actividades\/riul-jornadas\/vii-jornadas-de-la-riul-sobre-la-literatura-actual\/","name":"VII Jornadas de la RIUL sobre la Literatura Actual - tULEctura","isPartOf":{"@id":"https:\/\/bibliotecas.unileon.es\/tULEctura\/#website"},"primaryImageOfPage":{"@id":"https:\/\/bibliotecas.unileon.es\/tULEctura\/actividades\/riul-jornadas\/vii-jornadas-de-la-riul-sobre-la-literatura-actual\/#primaryimage"},"image":{"@id":"https:\/\/bibliotecas.unileon.es\/tULEctura\/actividades\/riul-jornadas\/vii-jornadas-de-la-riul-sobre-la-literatura-actual\/#primaryimage"},"thumbnailUrl":"https:\/\/bibliotecas.unileon.es\/tULEctura\/files\/2023\/08\/CARTEL-VII-JORNADAS-RIUL-1.jpg","datePublished":"2021-04-30T10:36:12+00:00","dateModified":"2023-08-30T11:09:54+00:00","breadcrumb":{"@id":"https:\/\/bibliotecas.unileon.es\/tULEctura\/actividades\/riul-jornadas\/vii-jornadas-de-la-riul-sobre-la-literatura-actual\/#breadcrumb"},"inLanguage":"es","potentialAction":[{"@type":"ReadAction","target":["https:\/\/bibliotecas.unileon.es\/tULEctura\/actividades\/riul-jornadas\/vii-jornadas-de-la-riul-sobre-la-literatura-actual\/"]}]},{"@type":"ImageObject","inLanguage":"es","@id":"https:\/\/bibliotecas.unileon.es\/tULEctura\/actividades\/riul-jornadas\/vii-jornadas-de-la-riul-sobre-la-literatura-actual\/#primaryimage","url":"https:\/\/bibliotecas.unileon.es\/tULEctura\/files\/2023\/08\/CARTEL-VII-JORNADAS-RIUL-1.jpg","contentUrl":"https:\/\/bibliotecas.unileon.es\/tULEctura\/files\/2023\/08\/CARTEL-VII-JORNADAS-RIUL-1.jpg","width":1654,"height":2339},{"@type":"BreadcrumbList","@id":"https:\/\/bibliotecas.unileon.es\/tULEctura\/actividades\/riul-jornadas\/vii-jornadas-de-la-riul-sobre-la-literatura-actual\/#breadcrumb","itemListElement":[{"@type":"ListItem","position":1,"name":"Home","item":"https:\/\/bibliotecas.unileon.es\/tULEctura\/"},{"@type":"ListItem","position":2,"name":"Eventos","item":"https:\/\/bibliotecas.unileon.es\/tULEctura\/actividades\/"},{"@type":"ListItem","position":3,"name":"RIUL (Jornadas)","item":"https:\/\/bibliotecas.unileon.es\/tULEctura\/actividades\/riul-jornadas\/"},{"@type":"ListItem","position":4,"name":"VII Jornadas de la RIUL sobre la Literatura Actual"}]},{"@type":"WebSite","@id":"https:\/\/bibliotecas.unileon.es\/tULEctura\/#website","url":"https:\/\/bibliotecas.unileon.es\/tULEctura\/","name":"tULEctura","description":"Espacio de la Universidad de Le\u00f3n dedicado a la lectura","publisher":{"@id":"https:\/\/bibliotecas.unileon.es\/tULEctura\/#organization"},"potentialAction":[{"@type":"SearchAction","target":{"@type":"EntryPoint","urlTemplate":"https:\/\/bibliotecas.unileon.es\/tULEctura\/?s={search_term_string}"},"query-input":{"@type":"PropertyValueSpecification","valueRequired":true,"valueName":"search_term_string"}}],"inLanguage":"es"},{"@type":"Organization","@id":"https:\/\/bibliotecas.unileon.es\/tULEctura\/#organization","name":"Universidad de Le\u00f3n","url":"https:\/\/bibliotecas.unileon.es\/tULEctura\/","logo":{"@type":"ImageObject","inLanguage":"es","@id":"https:\/\/bibliotecas.unileon.es\/tULEctura\/#\/schema\/logo\/image\/","url":"https:\/\/bibliotecas.unileon.es\/tULEctura\/files\/2018\/08\/TULECTURA_LOGO1.png","contentUrl":"https:\/\/bibliotecas.unileon.es\/tULEctura\/files\/2018\/08\/TULECTURA_LOGO1.png","width":"960","height":"258","caption":"Universidad de Le\u00f3n"},"image":{"@id":"https:\/\/bibliotecas.unileon.es\/tULEctura\/#\/schema\/logo\/image\/"},"sameAs":["https:\/\/www.facebook.com\/tulectura.unileon\/","https:\/\/x.com\/tULEctura_ULE","https:\/\/www.instagram.com\/tulectura.unileon\/","https:\/\/www.pinterest.es\/tulectura\/","https:\/\/www.youtube.com\/channel\/UCoWaDD39lVlAQcOchwlTPVw"]}]}},"_links":{"self":[{"href":"https:\/\/bibliotecas.unileon.es\/tULEctura\/wp-json\/wp\/v2\/pages\/49067","targetHints":{"allow":["GET"]}}],"collection":[{"href":"https:\/\/bibliotecas.unileon.es\/tULEctura\/wp-json\/wp\/v2\/pages"}],"about":[{"href":"https:\/\/bibliotecas.unileon.es\/tULEctura\/wp-json\/wp\/v2\/types\/page"}],"author":[{"embeddable":true,"href":"https:\/\/bibliotecas.unileon.es\/tULEctura\/wp-json\/wp\/v2\/users\/73"}],"replies":[{"embeddable":true,"href":"https:\/\/bibliotecas.unileon.es\/tULEctura\/wp-json\/wp\/v2\/comments?post=49067"}],"version-history":[{"count":1,"href":"https:\/\/bibliotecas.unileon.es\/tULEctura\/wp-json\/wp\/v2\/pages\/49067\/revisions"}],"predecessor-version":[{"id":49069,"href":"https:\/\/bibliotecas.unileon.es\/tULEctura\/wp-json\/wp\/v2\/pages\/49067\/revisions\/49069"}],"up":[{"embeddable":true,"href":"https:\/\/bibliotecas.unileon.es\/tULEctura\/wp-json\/wp\/v2\/pages\/47134"}],"wp:attachment":[{"href":"https:\/\/bibliotecas.unileon.es\/tULEctura\/wp-json\/wp\/v2\/media?parent=49067"}],"curies":[{"name":"wp","href":"https:\/\/api.w.org\/{rel}","templated":true}]}}