{"id":49075,"date":"2023-08-30T13:40:18","date_gmt":"2023-08-30T11:40:18","guid":{"rendered":"https:\/\/bibliotecas.unileon.es\/tULEctura\/?page_id=49075"},"modified":"2023-08-30T20:26:53","modified_gmt":"2023-08-30T18:26:53","slug":"ix-jornadas-de-la-riul-sobre-la-literatura-actual","status":"publish","type":"page","link":"https:\/\/bibliotecas.unileon.es\/tULEctura\/actividades\/riul-jornadas\/ix-jornadas-de-la-riul-sobre-la-literatura-actual\/","title":{"rendered":"IX Jornadas de la RIUL sobre la Literatura Actual"},"content":{"rendered":"<div class=\"xdj266r x11i5rnm xat24cr x1mh8g0r x1vvkbs x126k92a\"><\/div>\n<div dir=\"auto\"><\/div>\n<div dir=\"auto\">\n<p style=\"text-align: justify;\">Las <strong>IX Jornadas de la Red Internacional de Universidades Lectoras Sobre Literatura Actual<\/strong> se celebrar\u00e1n incluidas en el \u00a0entorno del <strong><a href=\"https:\/\/www.facebook.com\/FestivalInternacionalPalabra?__cft__%5b0%5d=AZViK-ToQbZvbftCIqkmOudAzEiEPQAQSm_mLQfQ4Zzjjj6TrTkJVU4r7sX0CBDwmm9VJIeYnMkw5zQqTPZGatYaC3dLdebMn2SQvBU7fmf_kxn1yW4V6QVd05TrZk43PLj9avegoitS5NecUPfUZgO2u56H9PIWeNvdNlj1DhHCpv5M37EyxvqeYcDFCG8a0NQ&amp;__tn__=-%5dK-R\" target=\"_blank\" rel=\"noopener\">Festival Palabra -Festival Internacional de las Letras y las Artes<\/a> <\/strong>que tendr\u00e1 lugar\u00a0 en la ciudad de Le\u00f3n (Espa\u00f1a) del 7 al 27 de septiembre.<\/p>\n<p>Este es el programa de las conferencias y encuentros:<\/p>\n<\/div>\n<p><img loading=\"lazy\" decoding=\"async\" class=\"alignleft size-large wp-image-49076\" src=\"https:\/\/bibliotecas.unileon.es\/tULEctura\/files\/2023\/08\/371529526_10229983327269305_5150177513631698105_n.jpg\" alt=\"\" width=\"625\" height=\"884\" \/><\/p>\n<p class=\"text-align-justify\" style=\"text-align: center;\"><span style=\"color: #3366ff;\"><strong>La asistencia ser\u00e1 abierta, libre y gratuita<br \/>\npara todos aquellos que no precisen los cr\u00e9ditos de libre configuraci\u00f3n curricular, <\/strong><\/span><\/p>\n<p class=\"text-align-justify\" style=\"text-align: justify;\"><strong>Las personas interesadas en obtener cr\u00e9ditos de libre configuraci\u00f3n curricular (1\u20195 ECTS) deber\u00e1n matricularse, asistir al menos al 80% de las jornadas, y superar una prueba final sobre los contenidos tratados. <\/strong>La inscripci\u00f3n a las jornadas para aquellas personas interesadas en convalidar los cr\u00e9ditos ECTS, es de 20\u20ac, tasa que se reduce a 10\u20ac para alumnado de la ULE y desempleados. <strong><span style=\"color: #3366ff;\">\u00a0<a style=\"color: #3366ff;\" href=\"http:\/\/extensionuniversitaria.unileon.es\/euniversitaria\/curso.aspx?id=2807\" target=\"_blank\" rel=\"noopener\">Aqu\u00ed puedes\u00a0 formalizar la matr\u00edcula en este Curso de Extensi\u00f3n Universitaria<\/a><\/span><\/strong><\/p>\n<p>&nbsp;<\/p>\n<p class=\"text-align-justify\" style=\"text-align: justify;\">El Sal\u00f3n de Actos del Ayuntamiento de Le\u00f3n y el Aula de Grados de la Facultad de Filosof\u00eda y Letras acoger\u00e1n del\u00a0<strong>8 al 16 de septiembre<\/strong>, la IX edici\u00f3n de las \u2018Jornadas de la Red Internacional de Universidades Lectoras sobre Literatura Actual\u2019, destinadas a especialistas en la tem\u00e1tica abordada, as\u00ed como estudiantes universitarios y cualquier otra persona que est\u00e9 interesada por ampliar sus conocimientos sobre la literatura actual. El programa est\u00e1 codirigido por Natalia \u00c1lvarez M\u00e9ndez, profesora de Teor\u00eda de la Literatura y Literatura Comparada de la ULE, Paula Fern\u00e1ndez y Carmen Rodr\u00edguez, investigadoras en formaci\u00f3n en la Facultad de Filosof\u00eda y Letras de la ULE, y contar\u00e1 con la asistencia de una decena de escritores e investigadores.<\/p>\n<p class=\"text-align-justify\" style=\"text-align: justify;\">Las jornadas constan de un total de 30 horas (10 de ellas presenciales), y su objetivo es el de ofrecer una ense\u00f1anza complementaria y directa al alumnado de la Universidad de Le\u00f3n (ULE), que permita realizar una aproximaci\u00f3n a la evoluci\u00f3n y estado de la cuesti\u00f3n de la literatura actual en sus diversas manifestaciones y su significaci\u00f3n sociocultural, al tiempo que se desea realzar la importancia de la lectura y la escritura en el \u00e1mbito universitario y en la sociedad.<\/p>\n<p class=\"text-align-justify\" style=\"text-align: justify;\">La novena edici\u00f3n de estas Jornadas de la Red Internacional de Universidades Lectoras (RIUL) ha sido posible gracias a la colaboraci\u00f3n de distintas entidades como el Ayuntamiento de Le\u00f3n, el Vicerrectorado de Relaciones Institucionales y con la Sociedad, la Biblioteca Universitaria, el Departamento de Filolog\u00eda Hisp\u00e1nica y Cl\u00e1sica, la Red Internacional de Universidades Lectoras (RIUL), el Instituto de Humanismo y Tradici\u00f3n Cl\u00e1sica y el Grupo de Estudios Literarios y Comparados de lo Ins\u00f3lito y Perspectivas de G\u00e9nero (GEIG).<\/p>\n<p class=\"text-align-justify\" style=\"text-align: justify;\">Las conferencias y encuentros se han estructurado en torno a un tema para cada jornada. La escritora y traductora madrile\u00f1a Pilar Ad\u00f3n y la autora ecuatoriana M\u00f3nica Ojeda abrir\u00e1n el viernes 8 de septiembre a las 18:00 horas las jornadas y cuya sesi\u00f3n girar\u00e1 en torno a \u2018La palabra perturbadora\u2019.<\/p>\n<div class=\"embedded-entity\" style=\"text-align: justify;\" data-embed-button=\"media\" data-entity-embed-display=\"view_mode:media.ancho_100\" data-entity-type=\"media\" data-entity-uuid=\"02b7e04b-92e0-472f-9a8a-a036bc64fe88\" data-langcode=\"es\">\n<div class=\"field field--name-field-image field--type-image field--label-hidden field--item\"><span style=\"font-size: 1rem;\">El 9 de septiembre, el escritor hispano-argentino Andr\u00e9s Neuman abordar\u00e1 en Le\u00f3n la cuesti\u00f3n de \u2018La palabra circular y umbilical\u2019 junto al escritor Vicente Luis Mora. Esta cita comenzar\u00e1 en el Sal\u00f3n de Actos del Ayuntamiento de Le\u00f3n a las 18:30 horas.<\/span><\/div>\n<\/div>\n<p class=\"text-align-justify\" style=\"text-align: justify;\">\u2018La palabra indagadora y comprometida\u2019 ser\u00e1 analizada, a las 18:00 horas, el 12 de septiembre por los escritores Miguel Barrero e Ignacio Mart\u00ednez de Pis\u00f3n. Y el viernes 15, las jornadas comenzar\u00e1n por la ma\u00f1ana en el Sal\u00f3n de Grados de Filosof\u00eda y Letras con el profesor Carlos Alberto Merch\u00e1n quien hablar\u00e1 (10:00 horas) sobre \u2018Inteligencia Artificial y nuevas formas de lo humano. Literatura y tecnolog\u00eda\u2019. Ya por la tarde, en el Sal\u00f3n de Actos los escritores Isabel Gonz\u00e1lez y Jorge Volpi se centrar\u00e1n en \u2018La palabra carnavalesca y enrabiada\u2019. El ciclo ser\u00e1 clausurado el d\u00eda 16 de septiembre, bajo el ep\u00edgrafe \u2018Palabra y creaci\u00f3n\u2019, por las autoras Patricia Esteban Erl\u00e9s y Mar\u00eda Zaragoza.<\/p>\n<p>&nbsp;<\/p>\n","protected":false},"excerpt":{"rendered":"<p>Las IX Jornadas de la Red Internacional de Universidades Lectoras Sobre Literatura Actual se celebrar\u00e1n incluidas en el \u00a0entorno del Festival Palabra -Festival Internacional de las Letras y las Artes que tendr\u00e1 lugar\u00a0 en la ciudad de Le\u00f3n (Espa\u00f1a) del 7 al 27 de septiembre. Este es el programa de las conferencias y encuentros: La [&hellip;]<\/p>\n","protected":false},"author":73,"featured_media":0,"parent":47134,"menu_order":11,"comment_status":"closed","ping_status":"closed","template":"","meta":{"_bbp_topic_count":0,"_bbp_reply_count":0,"_bbp_total_topic_count":0,"_bbp_total_reply_count":0,"_bbp_voice_count":0,"_bbp_anonymous_reply_count":0,"_bbp_topic_count_hidden":0,"_bbp_reply_count_hidden":0,"_bbp_forum_subforum_count":0,"_monsterinsights_skip_tracking":false,"_monsterinsights_sitenote_active":false,"_monsterinsights_sitenote_note":"","_monsterinsights_sitenote_category":0,"footnotes":""},"class_list":["post-49075","page","type-page","status-publish","hentry"],"yoast_head":"<!-- This site is optimized with the Yoast SEO plugin v25.8 - https:\/\/yoast.com\/wordpress\/plugins\/seo\/ -->\n<title>IX Jornadas de la RIUL sobre la Literatura Actual - tULEctura<\/title>\n<meta name=\"robots\" content=\"index, follow, max-snippet:-1, max-image-preview:large, max-video-preview:-1\" \/>\n<link rel=\"canonical\" href=\"https:\/\/bibliotecas.unileon.es\/tULEctura\/actividades\/riul-jornadas\/ix-jornadas-de-la-riul-sobre-la-literatura-actual\/\" \/>\n<meta property=\"og:locale\" content=\"es_ES\" \/>\n<meta property=\"og:type\" content=\"article\" \/>\n<meta property=\"og:title\" content=\"IX Jornadas de la RIUL sobre la Literatura Actual - tULEctura\" \/>\n<meta property=\"og:description\" content=\"Las IX Jornadas de la Red Internacional de Universidades Lectoras Sobre Literatura Actual se celebrar\u00e1n incluidas en el \u00a0entorno del Festival Palabra -Festival Internacional de las Letras y las Artes que tendr\u00e1 lugar\u00a0 en la ciudad de Le\u00f3n (Espa\u00f1a) del 7 al 27 de septiembre. Este es el programa de las conferencias y encuentros: La [&hellip;]\" \/>\n<meta property=\"og:url\" content=\"https:\/\/bibliotecas.unileon.es\/tULEctura\/actividades\/riul-jornadas\/ix-jornadas-de-la-riul-sobre-la-literatura-actual\/\" \/>\n<meta property=\"og:site_name\" content=\"tULEctura\" \/>\n<meta property=\"article:publisher\" content=\"https:\/\/www.facebook.com\/tulectura.unileon\/\" \/>\n<meta property=\"article:modified_time\" content=\"2023-08-30T18:26:53+00:00\" \/>\n<meta property=\"og:image\" content=\"https:\/\/bibliotecas.unileon.es\/tULEctura\/files\/2023\/08\/371529526_10229983327269305_5150177513631698105_n.jpg\" \/>\n<meta name=\"twitter:card\" content=\"summary_large_image\" \/>\n<meta name=\"twitter:site\" content=\"@tULEctura_ULE\" \/>\n<meta name=\"twitter:label1\" content=\"Tiempo de lectura\" \/>\n\t<meta name=\"twitter:data1\" content=\"3 minutos\" \/>\n<script type=\"application\/ld+json\" class=\"yoast-schema-graph\">{\"@context\":\"https:\/\/schema.org\",\"@graph\":[{\"@type\":\"WebPage\",\"@id\":\"https:\/\/bibliotecas.unileon.es\/tULEctura\/actividades\/riul-jornadas\/ix-jornadas-de-la-riul-sobre-la-literatura-actual\/\",\"url\":\"https:\/\/bibliotecas.unileon.es\/tULEctura\/actividades\/riul-jornadas\/ix-jornadas-de-la-riul-sobre-la-literatura-actual\/\",\"name\":\"IX Jornadas de la RIUL sobre la Literatura Actual - tULEctura\",\"isPartOf\":{\"@id\":\"https:\/\/bibliotecas.unileon.es\/tULEctura\/#website\"},\"primaryImageOfPage\":{\"@id\":\"https:\/\/bibliotecas.unileon.es\/tULEctura\/actividades\/riul-jornadas\/ix-jornadas-de-la-riul-sobre-la-literatura-actual\/#primaryimage\"},\"image\":{\"@id\":\"https:\/\/bibliotecas.unileon.es\/tULEctura\/actividades\/riul-jornadas\/ix-jornadas-de-la-riul-sobre-la-literatura-actual\/#primaryimage\"},\"thumbnailUrl\":\"https:\/\/bibliotecas.unileon.es\/tULEctura\/files\/2023\/08\/371529526_10229983327269305_5150177513631698105_n.jpg\",\"datePublished\":\"2023-08-30T11:40:18+00:00\",\"dateModified\":\"2023-08-30T18:26:53+00:00\",\"breadcrumb\":{\"@id\":\"https:\/\/bibliotecas.unileon.es\/tULEctura\/actividades\/riul-jornadas\/ix-jornadas-de-la-riul-sobre-la-literatura-actual\/#breadcrumb\"},\"inLanguage\":\"es\",\"potentialAction\":[{\"@type\":\"ReadAction\",\"target\":[\"https:\/\/bibliotecas.unileon.es\/tULEctura\/actividades\/riul-jornadas\/ix-jornadas-de-la-riul-sobre-la-literatura-actual\/\"]}]},{\"@type\":\"ImageObject\",\"inLanguage\":\"es\",\"@id\":\"https:\/\/bibliotecas.unileon.es\/tULEctura\/actividades\/riul-jornadas\/ix-jornadas-de-la-riul-sobre-la-literatura-actual\/#primaryimage\",\"url\":\"https:\/\/bibliotecas.unileon.es\/tULEctura\/files\/2023\/08\/371529526_10229983327269305_5150177513631698105_n.jpg\",\"contentUrl\":\"https:\/\/bibliotecas.unileon.es\/tULEctura\/files\/2023\/08\/371529526_10229983327269305_5150177513631698105_n.jpg\",\"width\":1448,\"height\":2048},{\"@type\":\"BreadcrumbList\",\"@id\":\"https:\/\/bibliotecas.unileon.es\/tULEctura\/actividades\/riul-jornadas\/ix-jornadas-de-la-riul-sobre-la-literatura-actual\/#breadcrumb\",\"itemListElement\":[{\"@type\":\"ListItem\",\"position\":1,\"name\":\"Home\",\"item\":\"https:\/\/bibliotecas.unileon.es\/tULEctura\/\"},{\"@type\":\"ListItem\",\"position\":2,\"name\":\"Eventos\",\"item\":\"https:\/\/bibliotecas.unileon.es\/tULEctura\/actividades\/\"},{\"@type\":\"ListItem\",\"position\":3,\"name\":\"RIUL (Jornadas)\",\"item\":\"https:\/\/bibliotecas.unileon.es\/tULEctura\/actividades\/riul-jornadas\/\"},{\"@type\":\"ListItem\",\"position\":4,\"name\":\"IX Jornadas de la RIUL sobre la Literatura Actual\"}]},{\"@type\":\"WebSite\",\"@id\":\"https:\/\/bibliotecas.unileon.es\/tULEctura\/#website\",\"url\":\"https:\/\/bibliotecas.unileon.es\/tULEctura\/\",\"name\":\"tULEctura\",\"description\":\"Espacio de la Universidad de Le\u00f3n dedicado a la lectura\",\"publisher\":{\"@id\":\"https:\/\/bibliotecas.unileon.es\/tULEctura\/#organization\"},\"potentialAction\":[{\"@type\":\"SearchAction\",\"target\":{\"@type\":\"EntryPoint\",\"urlTemplate\":\"https:\/\/bibliotecas.unileon.es\/tULEctura\/?s={search_term_string}\"},\"query-input\":{\"@type\":\"PropertyValueSpecification\",\"valueRequired\":true,\"valueName\":\"search_term_string\"}}],\"inLanguage\":\"es\"},{\"@type\":\"Organization\",\"@id\":\"https:\/\/bibliotecas.unileon.es\/tULEctura\/#organization\",\"name\":\"Universidad de Le\u00f3n\",\"url\":\"https:\/\/bibliotecas.unileon.es\/tULEctura\/\",\"logo\":{\"@type\":\"ImageObject\",\"inLanguage\":\"es\",\"@id\":\"https:\/\/bibliotecas.unileon.es\/tULEctura\/#\/schema\/logo\/image\/\",\"url\":\"https:\/\/bibliotecas.unileon.es\/tULEctura\/files\/2018\/08\/TULECTURA_LOGO1.png\",\"contentUrl\":\"https:\/\/bibliotecas.unileon.es\/tULEctura\/files\/2018\/08\/TULECTURA_LOGO1.png\",\"width\":\"960\",\"height\":\"258\",\"caption\":\"Universidad de Le\u00f3n\"},\"image\":{\"@id\":\"https:\/\/bibliotecas.unileon.es\/tULEctura\/#\/schema\/logo\/image\/\"},\"sameAs\":[\"https:\/\/www.facebook.com\/tulectura.unileon\/\",\"https:\/\/x.com\/tULEctura_ULE\",\"https:\/\/www.instagram.com\/tulectura.unileon\/\",\"https:\/\/www.pinterest.es\/tulectura\/\",\"https:\/\/www.youtube.com\/channel\/UCoWaDD39lVlAQcOchwlTPVw\"]}]}<\/script>\n<!-- \/ Yoast SEO plugin. -->","yoast_head_json":{"title":"IX Jornadas de la RIUL sobre la Literatura Actual - tULEctura","robots":{"index":"index","follow":"follow","max-snippet":"max-snippet:-1","max-image-preview":"max-image-preview:large","max-video-preview":"max-video-preview:-1"},"canonical":"https:\/\/bibliotecas.unileon.es\/tULEctura\/actividades\/riul-jornadas\/ix-jornadas-de-la-riul-sobre-la-literatura-actual\/","og_locale":"es_ES","og_type":"article","og_title":"IX Jornadas de la RIUL sobre la Literatura Actual - tULEctura","og_description":"Las IX Jornadas de la Red Internacional de Universidades Lectoras Sobre Literatura Actual se celebrar\u00e1n incluidas en el \u00a0entorno del Festival Palabra -Festival Internacional de las Letras y las Artes que tendr\u00e1 lugar\u00a0 en la ciudad de Le\u00f3n (Espa\u00f1a) del 7 al 27 de septiembre. Este es el programa de las conferencias y encuentros: La [&hellip;]","og_url":"https:\/\/bibliotecas.unileon.es\/tULEctura\/actividades\/riul-jornadas\/ix-jornadas-de-la-riul-sobre-la-literatura-actual\/","og_site_name":"tULEctura","article_publisher":"https:\/\/www.facebook.com\/tulectura.unileon\/","article_modified_time":"2023-08-30T18:26:53+00:00","og_image":[{"url":"https:\/\/bibliotecas.unileon.es\/tULEctura\/files\/2023\/08\/371529526_10229983327269305_5150177513631698105_n.jpg","type":"","width":"","height":""}],"twitter_card":"summary_large_image","twitter_site":"@tULEctura_ULE","twitter_misc":{"Tiempo de lectura":"3 minutos"},"schema":{"@context":"https:\/\/schema.org","@graph":[{"@type":"WebPage","@id":"https:\/\/bibliotecas.unileon.es\/tULEctura\/actividades\/riul-jornadas\/ix-jornadas-de-la-riul-sobre-la-literatura-actual\/","url":"https:\/\/bibliotecas.unileon.es\/tULEctura\/actividades\/riul-jornadas\/ix-jornadas-de-la-riul-sobre-la-literatura-actual\/","name":"IX Jornadas de la RIUL sobre la Literatura Actual - tULEctura","isPartOf":{"@id":"https:\/\/bibliotecas.unileon.es\/tULEctura\/#website"},"primaryImageOfPage":{"@id":"https:\/\/bibliotecas.unileon.es\/tULEctura\/actividades\/riul-jornadas\/ix-jornadas-de-la-riul-sobre-la-literatura-actual\/#primaryimage"},"image":{"@id":"https:\/\/bibliotecas.unileon.es\/tULEctura\/actividades\/riul-jornadas\/ix-jornadas-de-la-riul-sobre-la-literatura-actual\/#primaryimage"},"thumbnailUrl":"https:\/\/bibliotecas.unileon.es\/tULEctura\/files\/2023\/08\/371529526_10229983327269305_5150177513631698105_n.jpg","datePublished":"2023-08-30T11:40:18+00:00","dateModified":"2023-08-30T18:26:53+00:00","breadcrumb":{"@id":"https:\/\/bibliotecas.unileon.es\/tULEctura\/actividades\/riul-jornadas\/ix-jornadas-de-la-riul-sobre-la-literatura-actual\/#breadcrumb"},"inLanguage":"es","potentialAction":[{"@type":"ReadAction","target":["https:\/\/bibliotecas.unileon.es\/tULEctura\/actividades\/riul-jornadas\/ix-jornadas-de-la-riul-sobre-la-literatura-actual\/"]}]},{"@type":"ImageObject","inLanguage":"es","@id":"https:\/\/bibliotecas.unileon.es\/tULEctura\/actividades\/riul-jornadas\/ix-jornadas-de-la-riul-sobre-la-literatura-actual\/#primaryimage","url":"https:\/\/bibliotecas.unileon.es\/tULEctura\/files\/2023\/08\/371529526_10229983327269305_5150177513631698105_n.jpg","contentUrl":"https:\/\/bibliotecas.unileon.es\/tULEctura\/files\/2023\/08\/371529526_10229983327269305_5150177513631698105_n.jpg","width":1448,"height":2048},{"@type":"BreadcrumbList","@id":"https:\/\/bibliotecas.unileon.es\/tULEctura\/actividades\/riul-jornadas\/ix-jornadas-de-la-riul-sobre-la-literatura-actual\/#breadcrumb","itemListElement":[{"@type":"ListItem","position":1,"name":"Home","item":"https:\/\/bibliotecas.unileon.es\/tULEctura\/"},{"@type":"ListItem","position":2,"name":"Eventos","item":"https:\/\/bibliotecas.unileon.es\/tULEctura\/actividades\/"},{"@type":"ListItem","position":3,"name":"RIUL (Jornadas)","item":"https:\/\/bibliotecas.unileon.es\/tULEctura\/actividades\/riul-jornadas\/"},{"@type":"ListItem","position":4,"name":"IX Jornadas de la RIUL sobre la Literatura Actual"}]},{"@type":"WebSite","@id":"https:\/\/bibliotecas.unileon.es\/tULEctura\/#website","url":"https:\/\/bibliotecas.unileon.es\/tULEctura\/","name":"tULEctura","description":"Espacio de la Universidad de Le\u00f3n dedicado a la lectura","publisher":{"@id":"https:\/\/bibliotecas.unileon.es\/tULEctura\/#organization"},"potentialAction":[{"@type":"SearchAction","target":{"@type":"EntryPoint","urlTemplate":"https:\/\/bibliotecas.unileon.es\/tULEctura\/?s={search_term_string}"},"query-input":{"@type":"PropertyValueSpecification","valueRequired":true,"valueName":"search_term_string"}}],"inLanguage":"es"},{"@type":"Organization","@id":"https:\/\/bibliotecas.unileon.es\/tULEctura\/#organization","name":"Universidad de Le\u00f3n","url":"https:\/\/bibliotecas.unileon.es\/tULEctura\/","logo":{"@type":"ImageObject","inLanguage":"es","@id":"https:\/\/bibliotecas.unileon.es\/tULEctura\/#\/schema\/logo\/image\/","url":"https:\/\/bibliotecas.unileon.es\/tULEctura\/files\/2018\/08\/TULECTURA_LOGO1.png","contentUrl":"https:\/\/bibliotecas.unileon.es\/tULEctura\/files\/2018\/08\/TULECTURA_LOGO1.png","width":"960","height":"258","caption":"Universidad de Le\u00f3n"},"image":{"@id":"https:\/\/bibliotecas.unileon.es\/tULEctura\/#\/schema\/logo\/image\/"},"sameAs":["https:\/\/www.facebook.com\/tulectura.unileon\/","https:\/\/x.com\/tULEctura_ULE","https:\/\/www.instagram.com\/tulectura.unileon\/","https:\/\/www.pinterest.es\/tulectura\/","https:\/\/www.youtube.com\/channel\/UCoWaDD39lVlAQcOchwlTPVw"]}]}},"_links":{"self":[{"href":"https:\/\/bibliotecas.unileon.es\/tULEctura\/wp-json\/wp\/v2\/pages\/49075","targetHints":{"allow":["GET"]}}],"collection":[{"href":"https:\/\/bibliotecas.unileon.es\/tULEctura\/wp-json\/wp\/v2\/pages"}],"about":[{"href":"https:\/\/bibliotecas.unileon.es\/tULEctura\/wp-json\/wp\/v2\/types\/page"}],"author":[{"embeddable":true,"href":"https:\/\/bibliotecas.unileon.es\/tULEctura\/wp-json\/wp\/v2\/users\/73"}],"replies":[{"embeddable":true,"href":"https:\/\/bibliotecas.unileon.es\/tULEctura\/wp-json\/wp\/v2\/comments?post=49075"}],"version-history":[{"count":1,"href":"https:\/\/bibliotecas.unileon.es\/tULEctura\/wp-json\/wp\/v2\/pages\/49075\/revisions"}],"predecessor-version":[{"id":49080,"href":"https:\/\/bibliotecas.unileon.es\/tULEctura\/wp-json\/wp\/v2\/pages\/49075\/revisions\/49080"}],"up":[{"embeddable":true,"href":"https:\/\/bibliotecas.unileon.es\/tULEctura\/wp-json\/wp\/v2\/pages\/47134"}],"wp:attachment":[{"href":"https:\/\/bibliotecas.unileon.es\/tULEctura\/wp-json\/wp\/v2\/media?parent=49075"}],"curies":[{"name":"wp","href":"https:\/\/api.w.org\/{rel}","templated":true}]}}