{"id":49245,"date":"2024-10-03T07:01:21","date_gmt":"2024-10-03T05:01:21","guid":{"rendered":"https:\/\/bibliotecas.unileon.es\/tULEctura\/?page_id=49245"},"modified":"2024-10-17T19:17:06","modified_gmt":"2024-10-17T17:17:06","slug":"lectura-2-tierra-fresca-de-su-tumba-de-giovanna-rivero","status":"publish","type":"page","link":"https:\/\/bibliotecas.unileon.es\/tULEctura\/pagina-ejemplo\/club-de-lectura-2024-2025\/lectura-2-tierra-fresca-de-su-tumba-de-giovanna-rivero\/","title":{"rendered":"Lectura 2: Tierra fresca de su tumba, de Giovanna Rivero"},"content":{"rendered":"<p><img loading=\"lazy\" decoding=\"async\" class=\"alignright size-large wp-image-49248\" src=\"https:\/\/bibliotecas.unileon.es\/tULEctura\/files\/2024\/10\/tierrafresca-690x1024.jpg\" alt=\"\" width=\"625\" height=\"928\" srcset=\"https:\/\/bibliotecas.unileon.es\/tULEctura\/files\/2024\/10\/tierrafresca-690x1024.jpg 690w, https:\/\/bibliotecas.unileon.es\/tULEctura\/files\/2024\/10\/tierrafresca-202x300.jpg 202w, https:\/\/bibliotecas.unileon.es\/tULEctura\/files\/2024\/10\/tierrafresca-768x1139.jpg 768w, https:\/\/bibliotecas.unileon.es\/tULEctura\/files\/2024\/10\/tierrafresca-1036x1536.jpg 1036w, https:\/\/bibliotecas.unileon.es\/tULEctura\/files\/2024\/10\/tierrafresca-624x926.jpg 624w, https:\/\/bibliotecas.unileon.es\/tULEctura\/files\/2024\/10\/tierrafresca.jpg 1080w\" sizes=\"auto, (max-width: 625px) 100vw, 625px\" \/><\/p>\n<p>T\u00edtulo: <em>Tierra fresca de su tumba<\/em><br \/>\nAutora: Rivero, Giovanna<\/p>\n<p>Publicaci\u00f3n: Editorial Candaya, 2021<br \/>\nDescripci\u00f3n f\u00edsica: 176 p. 21 x 14 cm<br \/>\nColecci\u00f3n: Candaya Narrativa, 72<br \/>\nISBN: 978-84-18504-24-2<\/p>\n<p><strong>Calendario<\/strong><\/p>\n<ul>\n<li>Martes 8 de octubre \u2013 Sesi\u00f3n de Gu\u00eda a la lectura, a cargo de Carlos Andr\u00e9s L\u00f3pez Duque\u00a0<span style=\"color: #0000ff;\"><strong><a style=\"color: #0000ff;\" href=\"https:\/\/bibliotecas.unileon.es\/tULEctura\/2024\/10\/05\/guia-a-la-lectura-tierra-fresca-de-su-tumba-de-giovanna-rivero\/\">https:\/\/bibliotecas.unileon.es\/tULEctura\/2024\/10\/05\/guia-a-la-lectura-tierra-fresca-de-su-tumba-de-giovanna-rivero\/<\/a><\/strong><\/span><\/li>\n<li>Martes 15 de octubre \u2013 Sesi\u00f3n de Coloquio de los socios\u00a0<span style=\"color: #0000ff;\"><strong><a style=\"color: #0000ff;\" href=\"https:\/\/bibliotecas.unileon.es\/tULEctura\/2024\/10\/17\/coloquio-de-los-socios-tierra-fresca-de-su-tumba-de-giovanna-rivero\/\">https:\/\/bibliotecas.unileon.es\/tULEctura\/2024\/10\/17\/coloquio-de-los-socios-tierra-fresca-de-su-tumba-de-giovanna-rivero\/<\/a><\/strong><\/span><\/li>\n<li>Jueves 24 de octubre \u2013 Sesi\u00f3n de Encuentro entre socios y autora<\/li>\n<\/ul>\n<p><strong>Lugar y horario<\/strong><\/p>\n<p style=\"text-align: justify;\">Los dos primeros encuentros de esta lectura tendr\u00e1n lugar a las 19:00 horas en la sala de conferencias de la Biblioteca General San Isidoro, sede del club le lectura. El tercer encuentro, el jueves 24 de octubre, a las 19:30 horas, tendr\u00e1 lugar en el Palacio del Conde Luna.<\/p>\n<p style=\"text-align: justify;\">De forma combinada, ofrecemos el formato\u00a0h\u00edbrido online s\u00edncrono a trav\u00e9s de Meet.<\/p>\n<p><strong>La autora (informaci\u00f3n ofrecida por la editorial)<\/strong><\/p>\n<p style=\"text-align: justify;\">Giovanna Rivero\u00a0naci\u00f3 en Montero, Bolivia, en 1972 y vive en Lake Mary, EEUU. Es escritora y doctora en literatura hispanoamericana.<\/p>\n<p style=\"text-align: justify;\">Es autora de los libros de cuentos\u00a0<em>Las bestias<\/em>\u00a0(1997, Premio Municipal Santa Cruz),\u00a0<em>Contraluna<\/em>\u00a0(2005),\u00a0<em>Sangre dulce<\/em>\u00a0(2006),\u00a0<em>Ni\u00f1as y detectives<\/em>\u00a0(2009) y\u00a0<em>Para comerte mejor<\/em>\u00a0(2015, Premio Dante Alighieri 2018).<\/p>\n<p style=\"text-align: justify;\">Ha publicado cuatro novelas\u00a0<em>Las camaleonas<\/em>\u00a0(2001),\u00a0<em>Tukzon\u00a0<\/em>(2008),<em>\u00a0Helena 2022<\/em>\u00a0(2011)\u00a0<em>y 98 segundos sin sombra<\/em>\u00a0(2014, Premio Audiobook Narration y llevada al cine por el director boliviano Juan Pablo Richter). Entre sus libros juveniles destacan\u00a0<em>La due\u00f1a de nuestros sue\u00f1os\u00a0<\/em>(2005) y \u00a0<em>Lo m\u00e1s oscuro del bosque<\/em>\u00a0(2015, Libro recomendado del a\u00f1o por La Academia Boliviana de Literatura Infantil y Juvenil).<\/p>\n<p style=\"text-align: justify;\">En 2004 particip\u00f3 del Iowa Writing Program y en 2007 recibi\u00f3 la beca Fulbright. En 2011 fue seleccionada por la Feria Internacional del Libro de Guadalajara como uno de \u201cLos 25 Secretos Literarios Mejor Guardados de Am\u00e9rica Latina\u201d y en 2015 le otorgaron el Premio Internacional de Cuento \u201cCosecha E\u00f1e\u201d.<\/p>\n<p style=\"text-align: justify;\"><strong>La obra (informaci\u00f3n ofrecida por la editorial)<\/strong><\/p>\n<p style=\"text-align: justify;\">En los cuentos de\u00a0<em>Tierra fresca de su tumba\u00a0<\/em>aparecen pescadores que atraviesan los mares de la muerte, ni\u00f1as abandonadas en las estepas que encuentran en el g\u00f3spel un puente hacia la belleza, mujeres cuya demencia no es otra cosa que un coraz\u00f3n despedazado, ancianas japonesas que cavan en un jard\u00edn para encontrar lo mejor y lo peor de s\u00ed mismas, muchachos de una tribu del Canad\u00e1 que se visten con pieles de animales para poder rugir de nuevo. Personajes, en definitiva, que rasgan la delgada membrana de la vida ordinaria, intentan tocar, con las manos extendidas de la infancia, la dimensi\u00f3n sensual del m\u00e1s all\u00e1 y se asoman peligrosamente a un abismo interior que acabara por devorarlos.<\/p>\n<p style=\"text-align: justify;\">Seis historias de oscuridad luminosa que nos atraviesan como una herida, y que al final nos hacen comprender las posibilidades del amor, la justicia y la esperanza, pero tambi\u00e9n, como en \u00abUn descenso al Maelstrom\u00bb de Edgar Allan Poe, la altura y la profundidad del abismo.<\/p>\n","protected":false},"excerpt":{"rendered":"<p>T\u00edtulo: Tierra fresca de su tumba Autora: Rivero, Giovanna Publicaci\u00f3n: Editorial Candaya, 2021 Descripci\u00f3n f\u00edsica: 176 p. 21 x 14 cm Colecci\u00f3n: Candaya Narrativa, 72 ISBN: 978-84-18504-24-2 Calendario Martes 8 de octubre \u2013 Sesi\u00f3n de Gu\u00eda a la lectura, a cargo de Carlos Andr\u00e9s L\u00f3pez Duque\u00a0https:\/\/bibliotecas.unileon.es\/tULEctura\/2024\/10\/05\/guia-a-la-lectura-tierra-fresca-de-su-tumba-de-giovanna-rivero\/ Martes 15 de octubre \u2013 Sesi\u00f3n de Coloquio de [&hellip;]<\/p>\n","protected":false},"author":73,"featured_media":0,"parent":49197,"menu_order":2,"comment_status":"closed","ping_status":"closed","template":"","meta":{"_bbp_topic_count":0,"_bbp_reply_count":0,"_bbp_total_topic_count":0,"_bbp_total_reply_count":0,"_bbp_voice_count":0,"_bbp_anonymous_reply_count":0,"_bbp_topic_count_hidden":0,"_bbp_reply_count_hidden":0,"_bbp_forum_subforum_count":0,"_monsterinsights_skip_tracking":false,"_monsterinsights_sitenote_active":false,"_monsterinsights_sitenote_note":"","_monsterinsights_sitenote_category":0,"footnotes":""},"class_list":["post-49245","page","type-page","status-publish","hentry"],"yoast_head":"<!-- This site is optimized with the Yoast SEO plugin v25.8 - https:\/\/yoast.com\/wordpress\/plugins\/seo\/ -->\n<title>Lectura 2: Tierra fresca de su tumba, de Giovanna Rivero - tULEctura<\/title>\n<meta name=\"robots\" content=\"index, follow, max-snippet:-1, max-image-preview:large, max-video-preview:-1\" \/>\n<link rel=\"canonical\" href=\"https:\/\/bibliotecas.unileon.es\/tULEctura\/pagina-ejemplo\/club-de-lectura-2024-2025\/lectura-2-tierra-fresca-de-su-tumba-de-giovanna-rivero\/\" \/>\n<meta property=\"og:locale\" content=\"es_ES\" \/>\n<meta property=\"og:type\" content=\"article\" \/>\n<meta property=\"og:title\" content=\"Lectura 2: Tierra fresca de su tumba, de Giovanna Rivero - tULEctura\" \/>\n<meta property=\"og:description\" content=\"T\u00edtulo: Tierra fresca de su tumba Autora: Rivero, Giovanna Publicaci\u00f3n: Editorial Candaya, 2021 Descripci\u00f3n f\u00edsica: 176 p. 21 x 14 cm Colecci\u00f3n: Candaya Narrativa, 72 ISBN: 978-84-18504-24-2 Calendario Martes 8 de octubre \u2013 Sesi\u00f3n de Gu\u00eda a la lectura, a cargo de Carlos Andr\u00e9s L\u00f3pez Duque\u00a0https:\/\/bibliotecas.unileon.es\/tULEctura\/2024\/10\/05\/guia-a-la-lectura-tierra-fresca-de-su-tumba-de-giovanna-rivero\/ Martes 15 de octubre \u2013 Sesi\u00f3n de Coloquio de [&hellip;]\" \/>\n<meta property=\"og:url\" content=\"https:\/\/bibliotecas.unileon.es\/tULEctura\/pagina-ejemplo\/club-de-lectura-2024-2025\/lectura-2-tierra-fresca-de-su-tumba-de-giovanna-rivero\/\" \/>\n<meta property=\"og:site_name\" content=\"tULEctura\" \/>\n<meta property=\"article:publisher\" content=\"https:\/\/www.facebook.com\/tulectura.unileon\/\" \/>\n<meta property=\"article:modified_time\" content=\"2024-10-17T17:17:06+00:00\" \/>\n<meta property=\"og:image\" content=\"https:\/\/bibliotecas.unileon.es\/tULEctura\/files\/2024\/10\/tierrafresca-690x1024.jpg\" \/>\n<meta name=\"twitter:card\" content=\"summary_large_image\" \/>\n<meta name=\"twitter:site\" content=\"@tULEctura_ULE\" \/>\n<meta name=\"twitter:label1\" content=\"Tiempo de lectura\" \/>\n\t<meta name=\"twitter:data1\" content=\"3 minutos\" \/>\n<script type=\"application\/ld+json\" class=\"yoast-schema-graph\">{\"@context\":\"https:\/\/schema.org\",\"@graph\":[{\"@type\":\"WebPage\",\"@id\":\"https:\/\/bibliotecas.unileon.es\/tULEctura\/pagina-ejemplo\/club-de-lectura-2024-2025\/lectura-2-tierra-fresca-de-su-tumba-de-giovanna-rivero\/\",\"url\":\"https:\/\/bibliotecas.unileon.es\/tULEctura\/pagina-ejemplo\/club-de-lectura-2024-2025\/lectura-2-tierra-fresca-de-su-tumba-de-giovanna-rivero\/\",\"name\":\"Lectura 2: Tierra fresca de su tumba, de Giovanna Rivero - tULEctura\",\"isPartOf\":{\"@id\":\"https:\/\/bibliotecas.unileon.es\/tULEctura\/#website\"},\"primaryImageOfPage\":{\"@id\":\"https:\/\/bibliotecas.unileon.es\/tULEctura\/pagina-ejemplo\/club-de-lectura-2024-2025\/lectura-2-tierra-fresca-de-su-tumba-de-giovanna-rivero\/#primaryimage\"},\"image\":{\"@id\":\"https:\/\/bibliotecas.unileon.es\/tULEctura\/pagina-ejemplo\/club-de-lectura-2024-2025\/lectura-2-tierra-fresca-de-su-tumba-de-giovanna-rivero\/#primaryimage\"},\"thumbnailUrl\":\"https:\/\/bibliotecas.unileon.es\/tULEctura\/files\/2024\/10\/tierrafresca-690x1024.jpg\",\"datePublished\":\"2024-10-03T05:01:21+00:00\",\"dateModified\":\"2024-10-17T17:17:06+00:00\",\"breadcrumb\":{\"@id\":\"https:\/\/bibliotecas.unileon.es\/tULEctura\/pagina-ejemplo\/club-de-lectura-2024-2025\/lectura-2-tierra-fresca-de-su-tumba-de-giovanna-rivero\/#breadcrumb\"},\"inLanguage\":\"es\",\"potentialAction\":[{\"@type\":\"ReadAction\",\"target\":[\"https:\/\/bibliotecas.unileon.es\/tULEctura\/pagina-ejemplo\/club-de-lectura-2024-2025\/lectura-2-tierra-fresca-de-su-tumba-de-giovanna-rivero\/\"]}]},{\"@type\":\"ImageObject\",\"inLanguage\":\"es\",\"@id\":\"https:\/\/bibliotecas.unileon.es\/tULEctura\/pagina-ejemplo\/club-de-lectura-2024-2025\/lectura-2-tierra-fresca-de-su-tumba-de-giovanna-rivero\/#primaryimage\",\"url\":\"https:\/\/bibliotecas.unileon.es\/tULEctura\/files\/2024\/10\/tierrafresca.jpg\",\"contentUrl\":\"https:\/\/bibliotecas.unileon.es\/tULEctura\/files\/2024\/10\/tierrafresca.jpg\",\"width\":1080,\"height\":1602},{\"@type\":\"BreadcrumbList\",\"@id\":\"https:\/\/bibliotecas.unileon.es\/tULEctura\/pagina-ejemplo\/club-de-lectura-2024-2025\/lectura-2-tierra-fresca-de-su-tumba-de-giovanna-rivero\/#breadcrumb\",\"itemListElement\":[{\"@type\":\"ListItem\",\"position\":1,\"name\":\"Home\",\"item\":\"https:\/\/bibliotecas.unileon.es\/tULEctura\/\"},{\"@type\":\"ListItem\",\"position\":2,\"name\":\"Club de Lectura\",\"item\":\"https:\/\/bibliotecas.unileon.es\/tULEctura\/pagina-ejemplo\/\"},{\"@type\":\"ListItem\",\"position\":3,\"name\":\"Curso 2024-2025\",\"item\":\"https:\/\/bibliotecas.unileon.es\/tULEctura\/pagina-ejemplo\/club-de-lectura-2024-2025\/\"},{\"@type\":\"ListItem\",\"position\":4,\"name\":\"Lectura 2: Tierra fresca de su tumba, de Giovanna Rivero\"}]},{\"@type\":\"WebSite\",\"@id\":\"https:\/\/bibliotecas.unileon.es\/tULEctura\/#website\",\"url\":\"https:\/\/bibliotecas.unileon.es\/tULEctura\/\",\"name\":\"tULEctura\",\"description\":\"Espacio de la Universidad de Le\u00f3n dedicado a la lectura\",\"publisher\":{\"@id\":\"https:\/\/bibliotecas.unileon.es\/tULEctura\/#organization\"},\"potentialAction\":[{\"@type\":\"SearchAction\",\"target\":{\"@type\":\"EntryPoint\",\"urlTemplate\":\"https:\/\/bibliotecas.unileon.es\/tULEctura\/?s={search_term_string}\"},\"query-input\":{\"@type\":\"PropertyValueSpecification\",\"valueRequired\":true,\"valueName\":\"search_term_string\"}}],\"inLanguage\":\"es\"},{\"@type\":\"Organization\",\"@id\":\"https:\/\/bibliotecas.unileon.es\/tULEctura\/#organization\",\"name\":\"Universidad de Le\u00f3n\",\"url\":\"https:\/\/bibliotecas.unileon.es\/tULEctura\/\",\"logo\":{\"@type\":\"ImageObject\",\"inLanguage\":\"es\",\"@id\":\"https:\/\/bibliotecas.unileon.es\/tULEctura\/#\/schema\/logo\/image\/\",\"url\":\"https:\/\/bibliotecas.unileon.es\/tULEctura\/files\/2018\/08\/TULECTURA_LOGO1.png\",\"contentUrl\":\"https:\/\/bibliotecas.unileon.es\/tULEctura\/files\/2018\/08\/TULECTURA_LOGO1.png\",\"width\":\"960\",\"height\":\"258\",\"caption\":\"Universidad de Le\u00f3n\"},\"image\":{\"@id\":\"https:\/\/bibliotecas.unileon.es\/tULEctura\/#\/schema\/logo\/image\/\"},\"sameAs\":[\"https:\/\/www.facebook.com\/tulectura.unileon\/\",\"https:\/\/x.com\/tULEctura_ULE\",\"https:\/\/www.instagram.com\/tulectura.unileon\/\",\"https:\/\/www.pinterest.es\/tulectura\/\",\"https:\/\/www.youtube.com\/channel\/UCoWaDD39lVlAQcOchwlTPVw\"]}]}<\/script>\n<!-- \/ Yoast SEO plugin. -->","yoast_head_json":{"title":"Lectura 2: Tierra fresca de su tumba, de Giovanna Rivero - tULEctura","robots":{"index":"index","follow":"follow","max-snippet":"max-snippet:-1","max-image-preview":"max-image-preview:large","max-video-preview":"max-video-preview:-1"},"canonical":"https:\/\/bibliotecas.unileon.es\/tULEctura\/pagina-ejemplo\/club-de-lectura-2024-2025\/lectura-2-tierra-fresca-de-su-tumba-de-giovanna-rivero\/","og_locale":"es_ES","og_type":"article","og_title":"Lectura 2: Tierra fresca de su tumba, de Giovanna Rivero - tULEctura","og_description":"T\u00edtulo: Tierra fresca de su tumba Autora: Rivero, Giovanna Publicaci\u00f3n: Editorial Candaya, 2021 Descripci\u00f3n f\u00edsica: 176 p. 21 x 14 cm Colecci\u00f3n: Candaya Narrativa, 72 ISBN: 978-84-18504-24-2 Calendario Martes 8 de octubre \u2013 Sesi\u00f3n de Gu\u00eda a la lectura, a cargo de Carlos Andr\u00e9s L\u00f3pez Duque\u00a0https:\/\/bibliotecas.unileon.es\/tULEctura\/2024\/10\/05\/guia-a-la-lectura-tierra-fresca-de-su-tumba-de-giovanna-rivero\/ Martes 15 de octubre \u2013 Sesi\u00f3n de Coloquio de [&hellip;]","og_url":"https:\/\/bibliotecas.unileon.es\/tULEctura\/pagina-ejemplo\/club-de-lectura-2024-2025\/lectura-2-tierra-fresca-de-su-tumba-de-giovanna-rivero\/","og_site_name":"tULEctura","article_publisher":"https:\/\/www.facebook.com\/tulectura.unileon\/","article_modified_time":"2024-10-17T17:17:06+00:00","og_image":[{"url":"https:\/\/bibliotecas.unileon.es\/tULEctura\/files\/2024\/10\/tierrafresca-690x1024.jpg","type":"","width":"","height":""}],"twitter_card":"summary_large_image","twitter_site":"@tULEctura_ULE","twitter_misc":{"Tiempo de lectura":"3 minutos"},"schema":{"@context":"https:\/\/schema.org","@graph":[{"@type":"WebPage","@id":"https:\/\/bibliotecas.unileon.es\/tULEctura\/pagina-ejemplo\/club-de-lectura-2024-2025\/lectura-2-tierra-fresca-de-su-tumba-de-giovanna-rivero\/","url":"https:\/\/bibliotecas.unileon.es\/tULEctura\/pagina-ejemplo\/club-de-lectura-2024-2025\/lectura-2-tierra-fresca-de-su-tumba-de-giovanna-rivero\/","name":"Lectura 2: Tierra fresca de su tumba, de Giovanna Rivero - tULEctura","isPartOf":{"@id":"https:\/\/bibliotecas.unileon.es\/tULEctura\/#website"},"primaryImageOfPage":{"@id":"https:\/\/bibliotecas.unileon.es\/tULEctura\/pagina-ejemplo\/club-de-lectura-2024-2025\/lectura-2-tierra-fresca-de-su-tumba-de-giovanna-rivero\/#primaryimage"},"image":{"@id":"https:\/\/bibliotecas.unileon.es\/tULEctura\/pagina-ejemplo\/club-de-lectura-2024-2025\/lectura-2-tierra-fresca-de-su-tumba-de-giovanna-rivero\/#primaryimage"},"thumbnailUrl":"https:\/\/bibliotecas.unileon.es\/tULEctura\/files\/2024\/10\/tierrafresca-690x1024.jpg","datePublished":"2024-10-03T05:01:21+00:00","dateModified":"2024-10-17T17:17:06+00:00","breadcrumb":{"@id":"https:\/\/bibliotecas.unileon.es\/tULEctura\/pagina-ejemplo\/club-de-lectura-2024-2025\/lectura-2-tierra-fresca-de-su-tumba-de-giovanna-rivero\/#breadcrumb"},"inLanguage":"es","potentialAction":[{"@type":"ReadAction","target":["https:\/\/bibliotecas.unileon.es\/tULEctura\/pagina-ejemplo\/club-de-lectura-2024-2025\/lectura-2-tierra-fresca-de-su-tumba-de-giovanna-rivero\/"]}]},{"@type":"ImageObject","inLanguage":"es","@id":"https:\/\/bibliotecas.unileon.es\/tULEctura\/pagina-ejemplo\/club-de-lectura-2024-2025\/lectura-2-tierra-fresca-de-su-tumba-de-giovanna-rivero\/#primaryimage","url":"https:\/\/bibliotecas.unileon.es\/tULEctura\/files\/2024\/10\/tierrafresca.jpg","contentUrl":"https:\/\/bibliotecas.unileon.es\/tULEctura\/files\/2024\/10\/tierrafresca.jpg","width":1080,"height":1602},{"@type":"BreadcrumbList","@id":"https:\/\/bibliotecas.unileon.es\/tULEctura\/pagina-ejemplo\/club-de-lectura-2024-2025\/lectura-2-tierra-fresca-de-su-tumba-de-giovanna-rivero\/#breadcrumb","itemListElement":[{"@type":"ListItem","position":1,"name":"Home","item":"https:\/\/bibliotecas.unileon.es\/tULEctura\/"},{"@type":"ListItem","position":2,"name":"Club de Lectura","item":"https:\/\/bibliotecas.unileon.es\/tULEctura\/pagina-ejemplo\/"},{"@type":"ListItem","position":3,"name":"Curso 2024-2025","item":"https:\/\/bibliotecas.unileon.es\/tULEctura\/pagina-ejemplo\/club-de-lectura-2024-2025\/"},{"@type":"ListItem","position":4,"name":"Lectura 2: Tierra fresca de su tumba, de Giovanna Rivero"}]},{"@type":"WebSite","@id":"https:\/\/bibliotecas.unileon.es\/tULEctura\/#website","url":"https:\/\/bibliotecas.unileon.es\/tULEctura\/","name":"tULEctura","description":"Espacio de la Universidad de Le\u00f3n dedicado a la lectura","publisher":{"@id":"https:\/\/bibliotecas.unileon.es\/tULEctura\/#organization"},"potentialAction":[{"@type":"SearchAction","target":{"@type":"EntryPoint","urlTemplate":"https:\/\/bibliotecas.unileon.es\/tULEctura\/?s={search_term_string}"},"query-input":{"@type":"PropertyValueSpecification","valueRequired":true,"valueName":"search_term_string"}}],"inLanguage":"es"},{"@type":"Organization","@id":"https:\/\/bibliotecas.unileon.es\/tULEctura\/#organization","name":"Universidad de Le\u00f3n","url":"https:\/\/bibliotecas.unileon.es\/tULEctura\/","logo":{"@type":"ImageObject","inLanguage":"es","@id":"https:\/\/bibliotecas.unileon.es\/tULEctura\/#\/schema\/logo\/image\/","url":"https:\/\/bibliotecas.unileon.es\/tULEctura\/files\/2018\/08\/TULECTURA_LOGO1.png","contentUrl":"https:\/\/bibliotecas.unileon.es\/tULEctura\/files\/2018\/08\/TULECTURA_LOGO1.png","width":"960","height":"258","caption":"Universidad de Le\u00f3n"},"image":{"@id":"https:\/\/bibliotecas.unileon.es\/tULEctura\/#\/schema\/logo\/image\/"},"sameAs":["https:\/\/www.facebook.com\/tulectura.unileon\/","https:\/\/x.com\/tULEctura_ULE","https:\/\/www.instagram.com\/tulectura.unileon\/","https:\/\/www.pinterest.es\/tulectura\/","https:\/\/www.youtube.com\/channel\/UCoWaDD39lVlAQcOchwlTPVw"]}]}},"_links":{"self":[{"href":"https:\/\/bibliotecas.unileon.es\/tULEctura\/wp-json\/wp\/v2\/pages\/49245","targetHints":{"allow":["GET"]}}],"collection":[{"href":"https:\/\/bibliotecas.unileon.es\/tULEctura\/wp-json\/wp\/v2\/pages"}],"about":[{"href":"https:\/\/bibliotecas.unileon.es\/tULEctura\/wp-json\/wp\/v2\/types\/page"}],"author":[{"embeddable":true,"href":"https:\/\/bibliotecas.unileon.es\/tULEctura\/wp-json\/wp\/v2\/users\/73"}],"replies":[{"embeddable":true,"href":"https:\/\/bibliotecas.unileon.es\/tULEctura\/wp-json\/wp\/v2\/comments?post=49245"}],"version-history":[{"count":1,"href":"https:\/\/bibliotecas.unileon.es\/tULEctura\/wp-json\/wp\/v2\/pages\/49245\/revisions"}],"predecessor-version":[{"id":49247,"href":"https:\/\/bibliotecas.unileon.es\/tULEctura\/wp-json\/wp\/v2\/pages\/49245\/revisions\/49247"}],"up":[{"embeddable":true,"href":"https:\/\/bibliotecas.unileon.es\/tULEctura\/wp-json\/wp\/v2\/pages\/49197"}],"wp:attachment":[{"href":"https:\/\/bibliotecas.unileon.es\/tULEctura\/wp-json\/wp\/v2\/media?parent=49245"}],"curies":[{"name":"wp","href":"https:\/\/api.w.org\/{rel}","templated":true}]}}