{"id":49263,"date":"2024-11-04T17:07:45","date_gmt":"2024-11-04T16:07:45","guid":{"rendered":"https:\/\/bibliotecas.unileon.es\/tULEctura\/?page_id=49263"},"modified":"2024-11-24T04:07:32","modified_gmt":"2024-11-24T03:07:32","slug":"lectura-3-amores-patologicos-de-nuria-barrios","status":"publish","type":"page","link":"https:\/\/bibliotecas.unileon.es\/tULEctura\/pagina-ejemplo\/club-de-lectura-2024-2025\/lectura-3-amores-patologicos-de-nuria-barrios\/","title":{"rendered":"Lectura 3: Amores patol\u00f3gicos, de Nuria Barrios"},"content":{"rendered":"<p>&nbsp;<\/p>\n<p><img loading=\"lazy\" decoding=\"async\" class=\"alignright size-large wp-image-49264\" src=\"https:\/\/bibliotecas.unileon.es\/tULEctura\/files\/2024\/11\/AMORES-PATOLOGICOS-640x1024.jpg\" alt=\"\" width=\"625\" height=\"1000\" srcset=\"https:\/\/bibliotecas.unileon.es\/tULEctura\/files\/2024\/11\/AMORES-PATOLOGICOS-640x1024.jpg 640w, https:\/\/bibliotecas.unileon.es\/tULEctura\/files\/2024\/11\/AMORES-PATOLOGICOS-188x300.jpg 188w, https:\/\/bibliotecas.unileon.es\/tULEctura\/files\/2024\/11\/AMORES-PATOLOGICOS-768x1229.jpg 768w, https:\/\/bibliotecas.unileon.es\/tULEctura\/files\/2024\/11\/AMORES-PATOLOGICOS-960x1536.jpg 960w, https:\/\/bibliotecas.unileon.es\/tULEctura\/files\/2024\/11\/AMORES-PATOLOGICOS-1280x2048.jpg 1280w, https:\/\/bibliotecas.unileon.es\/tULEctura\/files\/2024\/11\/AMORES-PATOLOGICOS-624x998.jpg 624w, https:\/\/bibliotecas.unileon.es\/tULEctura\/files\/2024\/11\/AMORES-PATOLOGICOS-scaled.jpg 1600w\" sizes=\"auto, (max-width: 625px) 100vw, 625px\" \/><\/p>\n<p>T\u00edtulo: <em>Amores patol\u00f3gicos<\/em><br \/>\nAutora: Nuria Barrios<\/p>\n<p>Publicaci\u00f3n: Editorial P\u00e1ginas de Espuma, 2023<br \/>\nDescripci\u00f3n f\u00edsica: <span style=\"color: #333333;\">160 p. 24 x 15 cm<\/span><br \/>\nColecci\u00f3n: Voces \/ Literatura, 349<br \/>\nISBN: 978-84-8393-340-4<\/p>\n<p><strong>Calendario<\/strong><\/p>\n<ul>\n<li>Martes 5 de noviembre \u2013 Sesi\u00f3n de Gu\u00eda a la lectura, a cargo de Natalia \u00c1lvarez M\u00e9ndez <span style=\"color: #0000ff;\"><strong><a style=\"color: #0000ff;\" href=\"https:\/\/bibliotecas.unileon.es\/tULEctura\/2024\/11\/05\/guia-a-la-lectura-amores-patologicos-de-nuria-barrios\/\">https:\/\/bibliotecas.unileon.es\/tULEctura\/2024\/11\/05\/guia-a-la-lectura-amores-patologicos-de-nuria-barrios\/<\/a><\/strong><\/span><\/li>\n<li>Martes 12 de noviembre \u2013 Sesi\u00f3n de Coloquio de los socios<strong><span style=\"color: #0000ff;\">\u00a0<a style=\"color: #0000ff;\" href=\"https:\/\/bibliotecas.unileon.es\/tULEctura\/2024\/11\/24\/coloquio-sobre-amores-patologicos-de-nuria-barrios\/\">https:\/\/bibliotecas.unileon.es\/tULEctura\/2024\/11\/24\/coloquio-sobre-amores-patologicos-de-nuria-barrios\/<\/a><\/span><\/strong><\/li>\n<li>Mi\u00e9rcoles 20 de noviembre \u2013 Sesi\u00f3n de Encuentro entre socios y autora<\/li>\n<\/ul>\n<p><strong>Lugar y horario<\/strong><\/p>\n<p style=\"text-align: justify;\">Los encuentros tendr\u00e1n lugar a las 19:00 horas en la sala de conferencias de la Biblioteca General San Isidoro, sede del club le lectura.<\/p>\n<p style=\"text-align: justify;\">De forma combinada, ofrecemos el formato\u00a0h\u00edbrido online s\u00edncrono a trav\u00e9s de <em>Meet<\/em>.<\/p>\n<p><strong>La autora (informaci\u00f3n ofrecida por la editorial)<\/strong><\/p>\n<p style=\"text-align: justify;\">Nuria Barrios\u00a0es escritora, traductora y doctora en Filosof\u00eda. Es autora de las novelas\u00a0<em>Todo arde<\/em>\u00a0y\u00a0<em>El alfabeto de los p\u00e1jaros<\/em>; de los libros de relatos\u00a0<em>Ocho cent\u00edmetros\u00a0<\/em>(P\u00e1ginas de Espuma, 2015),\u00a0<em>Amores patol\u00f3gicos<\/em>,\u00a0<em>El zoo sentimental<\/em>\u00a0y\u00a0<em>Balearia<\/em>, y de los libros de poemas\u00a0<em>La luz de la dinamo<\/em>, ganador del Premio Iberoamericano de Poes\u00eda Hermanos Machado,\u00a0<em>Nostalgia de Odiseo<\/em>\u00a0y\u00a0<em>El hilo de agua<\/em>, ganador del Premio Ateneo de Sevilla. Su ensayo\u00a0<em>La impostora. Cuaderno de traducci\u00f3n de una escritora<\/em>\u00a0(P\u00e1ginas de Espuma, 2022) ha ganado el Premio M\u00e1laga de Ensayo. Como cuentista est\u00e1 presente en numerosas antolog\u00edas, la m\u00e1s reciente:\u00a0<em>Tsunami, miradas feministas<\/em>. Imparte clases en el m\u00e1ster de Escritura Creativa de la universidad internacional de Valencia (VIU). Es la traductora al espa\u00f1ol del novelista irland\u00e9s John Banville\/Benjamin Black, y sus \u00faltimas traducciones son\u00a0<em>Los muertos<\/em>, de James Joyce y\u00a0<em>Mi nombre es nosotros<\/em>, de Amanda Gorman.<\/p>\n<p style=\"text-align: justify;\"><strong>La obra (informaci\u00f3n ofrecida por la editorial)<\/strong><\/p>\n<p style=\"text-align: justify;\"><em>Amores patol\u00f3gicos\u00a0<\/em>fue el primer libro de Nuria Barrios, que ahora ha vuelto a intervenir en \u00e9l para celebrar los veinticinco a\u00f1os de su publicaci\u00f3n. Su escritura suscit\u00f3 en su momento tantos elogios como reacciones escandalizadas ante aquel mundo apasionado y excesivo, atento a la exploraci\u00f3n del cuerpo como lenguaje del eros. Es asombroso comprobar c\u00f3mo el poder perturbador de las voces de las mujeres cuando hablan de su deseo sigue hoy intacto.<\/p>\n<p style=\"text-align: justify;\">Decididos a que no se apague la pasi\u00f3n, ese estado arrebatado que es el m\u00e1s hermoso de una relaci\u00f3n, los personajes de\u00a0<em>Amores patol\u00f3gicos\u00a0<\/em>terminan desarrollando patolog\u00edas amorosas tan grotescas como tiernas. Un mismo fuego er\u00f3tico alimenta la nueva edici\u00f3n de esta obra h\u00edbrida que narra historias de fetichismo y soledad, de celos y entrega, de juegos y abismos.<\/p>\n","protected":false},"excerpt":{"rendered":"<p>&nbsp; T\u00edtulo: Amores patol\u00f3gicos Autora: Nuria Barrios Publicaci\u00f3n: Editorial P\u00e1ginas de Espuma, 2023 Descripci\u00f3n f\u00edsica: 160 p. 24 x 15 cm Colecci\u00f3n: Voces \/ Literatura, 349 ISBN: 978-84-8393-340-4 Calendario Martes 5 de noviembre \u2013 Sesi\u00f3n de Gu\u00eda a la lectura, a cargo de Natalia \u00c1lvarez M\u00e9ndez https:\/\/bibliotecas.unileon.es\/tULEctura\/2024\/11\/05\/guia-a-la-lectura-amores-patologicos-de-nuria-barrios\/ Martes 12 de noviembre \u2013 Sesi\u00f3n de Coloquio [&hellip;]<\/p>\n","protected":false},"author":73,"featured_media":0,"parent":49197,"menu_order":3,"comment_status":"closed","ping_status":"closed","template":"","meta":{"_bbp_topic_count":0,"_bbp_reply_count":0,"_bbp_total_topic_count":0,"_bbp_total_reply_count":0,"_bbp_voice_count":0,"_bbp_anonymous_reply_count":0,"_bbp_topic_count_hidden":0,"_bbp_reply_count_hidden":0,"_bbp_forum_subforum_count":0,"_monsterinsights_skip_tracking":false,"_monsterinsights_sitenote_active":false,"_monsterinsights_sitenote_note":"","_monsterinsights_sitenote_category":0,"footnotes":""},"class_list":["post-49263","page","type-page","status-publish","hentry"],"yoast_head":"<!-- This site is optimized with the Yoast SEO plugin v25.8 - https:\/\/yoast.com\/wordpress\/plugins\/seo\/ -->\n<title>Lectura 3: Amores patol\u00f3gicos, de Nuria Barrios - tULEctura<\/title>\n<meta name=\"robots\" content=\"index, follow, max-snippet:-1, max-image-preview:large, max-video-preview:-1\" \/>\n<link rel=\"canonical\" href=\"https:\/\/bibliotecas.unileon.es\/tULEctura\/pagina-ejemplo\/club-de-lectura-2024-2025\/lectura-3-amores-patologicos-de-nuria-barrios\/\" \/>\n<meta property=\"og:locale\" content=\"es_ES\" \/>\n<meta property=\"og:type\" content=\"article\" \/>\n<meta property=\"og:title\" content=\"Lectura 3: Amores patol\u00f3gicos, de Nuria Barrios - tULEctura\" \/>\n<meta property=\"og:description\" content=\"&nbsp; T\u00edtulo: Amores patol\u00f3gicos Autora: Nuria Barrios Publicaci\u00f3n: Editorial P\u00e1ginas de Espuma, 2023 Descripci\u00f3n f\u00edsica: 160 p. 24 x 15 cm Colecci\u00f3n: Voces \/ Literatura, 349 ISBN: 978-84-8393-340-4 Calendario Martes 5 de noviembre \u2013 Sesi\u00f3n de Gu\u00eda a la lectura, a cargo de Natalia \u00c1lvarez M\u00e9ndez https:\/\/bibliotecas.unileon.es\/tULEctura\/2024\/11\/05\/guia-a-la-lectura-amores-patologicos-de-nuria-barrios\/ Martes 12 de noviembre \u2013 Sesi\u00f3n de Coloquio [&hellip;]\" \/>\n<meta property=\"og:url\" content=\"https:\/\/bibliotecas.unileon.es\/tULEctura\/pagina-ejemplo\/club-de-lectura-2024-2025\/lectura-3-amores-patologicos-de-nuria-barrios\/\" \/>\n<meta property=\"og:site_name\" content=\"tULEctura\" \/>\n<meta property=\"article:publisher\" content=\"https:\/\/www.facebook.com\/tulectura.unileon\/\" \/>\n<meta property=\"article:modified_time\" content=\"2024-11-24T03:07:32+00:00\" \/>\n<meta property=\"og:image\" content=\"https:\/\/bibliotecas.unileon.es\/tULEctura\/files\/2024\/11\/AMORES-PATOLOGICOS-640x1024.jpg\" \/>\n<meta name=\"twitter:card\" content=\"summary_large_image\" \/>\n<meta name=\"twitter:site\" content=\"@tULEctura_ULE\" \/>\n<meta name=\"twitter:label1\" content=\"Tiempo de lectura\" \/>\n\t<meta name=\"twitter:data1\" content=\"3 minutos\" \/>\n<script type=\"application\/ld+json\" class=\"yoast-schema-graph\">{\"@context\":\"https:\/\/schema.org\",\"@graph\":[{\"@type\":\"WebPage\",\"@id\":\"https:\/\/bibliotecas.unileon.es\/tULEctura\/pagina-ejemplo\/club-de-lectura-2024-2025\/lectura-3-amores-patologicos-de-nuria-barrios\/\",\"url\":\"https:\/\/bibliotecas.unileon.es\/tULEctura\/pagina-ejemplo\/club-de-lectura-2024-2025\/lectura-3-amores-patologicos-de-nuria-barrios\/\",\"name\":\"Lectura 3: Amores patol\u00f3gicos, de Nuria Barrios - tULEctura\",\"isPartOf\":{\"@id\":\"https:\/\/bibliotecas.unileon.es\/tULEctura\/#website\"},\"primaryImageOfPage\":{\"@id\":\"https:\/\/bibliotecas.unileon.es\/tULEctura\/pagina-ejemplo\/club-de-lectura-2024-2025\/lectura-3-amores-patologicos-de-nuria-barrios\/#primaryimage\"},\"image\":{\"@id\":\"https:\/\/bibliotecas.unileon.es\/tULEctura\/pagina-ejemplo\/club-de-lectura-2024-2025\/lectura-3-amores-patologicos-de-nuria-barrios\/#primaryimage\"},\"thumbnailUrl\":\"https:\/\/bibliotecas.unileon.es\/tULEctura\/files\/2024\/11\/AMORES-PATOLOGICOS-640x1024.jpg\",\"datePublished\":\"2024-11-04T16:07:45+00:00\",\"dateModified\":\"2024-11-24T03:07:32+00:00\",\"breadcrumb\":{\"@id\":\"https:\/\/bibliotecas.unileon.es\/tULEctura\/pagina-ejemplo\/club-de-lectura-2024-2025\/lectura-3-amores-patologicos-de-nuria-barrios\/#breadcrumb\"},\"inLanguage\":\"es\",\"potentialAction\":[{\"@type\":\"ReadAction\",\"target\":[\"https:\/\/bibliotecas.unileon.es\/tULEctura\/pagina-ejemplo\/club-de-lectura-2024-2025\/lectura-3-amores-patologicos-de-nuria-barrios\/\"]}]},{\"@type\":\"ImageObject\",\"inLanguage\":\"es\",\"@id\":\"https:\/\/bibliotecas.unileon.es\/tULEctura\/pagina-ejemplo\/club-de-lectura-2024-2025\/lectura-3-amores-patologicos-de-nuria-barrios\/#primaryimage\",\"url\":\"https:\/\/bibliotecas.unileon.es\/tULEctura\/files\/2024\/11\/AMORES-PATOLOGICOS-scaled.jpg\",\"contentUrl\":\"https:\/\/bibliotecas.unileon.es\/tULEctura\/files\/2024\/11\/AMORES-PATOLOGICOS-scaled.jpg\",\"width\":1600,\"height\":2560},{\"@type\":\"BreadcrumbList\",\"@id\":\"https:\/\/bibliotecas.unileon.es\/tULEctura\/pagina-ejemplo\/club-de-lectura-2024-2025\/lectura-3-amores-patologicos-de-nuria-barrios\/#breadcrumb\",\"itemListElement\":[{\"@type\":\"ListItem\",\"position\":1,\"name\":\"Home\",\"item\":\"https:\/\/bibliotecas.unileon.es\/tULEctura\/\"},{\"@type\":\"ListItem\",\"position\":2,\"name\":\"Club de Lectura\",\"item\":\"https:\/\/bibliotecas.unileon.es\/tULEctura\/pagina-ejemplo\/\"},{\"@type\":\"ListItem\",\"position\":3,\"name\":\"Curso 2024-2025\",\"item\":\"https:\/\/bibliotecas.unileon.es\/tULEctura\/pagina-ejemplo\/club-de-lectura-2024-2025\/\"},{\"@type\":\"ListItem\",\"position\":4,\"name\":\"Lectura 3: Amores patol\u00f3gicos, de Nuria Barrios\"}]},{\"@type\":\"WebSite\",\"@id\":\"https:\/\/bibliotecas.unileon.es\/tULEctura\/#website\",\"url\":\"https:\/\/bibliotecas.unileon.es\/tULEctura\/\",\"name\":\"tULEctura\",\"description\":\"Espacio de la Universidad de Le\u00f3n dedicado a la lectura\",\"publisher\":{\"@id\":\"https:\/\/bibliotecas.unileon.es\/tULEctura\/#organization\"},\"potentialAction\":[{\"@type\":\"SearchAction\",\"target\":{\"@type\":\"EntryPoint\",\"urlTemplate\":\"https:\/\/bibliotecas.unileon.es\/tULEctura\/?s={search_term_string}\"},\"query-input\":{\"@type\":\"PropertyValueSpecification\",\"valueRequired\":true,\"valueName\":\"search_term_string\"}}],\"inLanguage\":\"es\"},{\"@type\":\"Organization\",\"@id\":\"https:\/\/bibliotecas.unileon.es\/tULEctura\/#organization\",\"name\":\"Universidad de Le\u00f3n\",\"url\":\"https:\/\/bibliotecas.unileon.es\/tULEctura\/\",\"logo\":{\"@type\":\"ImageObject\",\"inLanguage\":\"es\",\"@id\":\"https:\/\/bibliotecas.unileon.es\/tULEctura\/#\/schema\/logo\/image\/\",\"url\":\"https:\/\/bibliotecas.unileon.es\/tULEctura\/files\/2018\/08\/TULECTURA_LOGO1.png\",\"contentUrl\":\"https:\/\/bibliotecas.unileon.es\/tULEctura\/files\/2018\/08\/TULECTURA_LOGO1.png\",\"width\":\"960\",\"height\":\"258\",\"caption\":\"Universidad de Le\u00f3n\"},\"image\":{\"@id\":\"https:\/\/bibliotecas.unileon.es\/tULEctura\/#\/schema\/logo\/image\/\"},\"sameAs\":[\"https:\/\/www.facebook.com\/tulectura.unileon\/\",\"https:\/\/x.com\/tULEctura_ULE\",\"https:\/\/www.instagram.com\/tulectura.unileon\/\",\"https:\/\/www.pinterest.es\/tulectura\/\",\"https:\/\/www.youtube.com\/channel\/UCoWaDD39lVlAQcOchwlTPVw\"]}]}<\/script>\n<!-- \/ Yoast SEO plugin. -->","yoast_head_json":{"title":"Lectura 3: Amores patol\u00f3gicos, de Nuria Barrios - tULEctura","robots":{"index":"index","follow":"follow","max-snippet":"max-snippet:-1","max-image-preview":"max-image-preview:large","max-video-preview":"max-video-preview:-1"},"canonical":"https:\/\/bibliotecas.unileon.es\/tULEctura\/pagina-ejemplo\/club-de-lectura-2024-2025\/lectura-3-amores-patologicos-de-nuria-barrios\/","og_locale":"es_ES","og_type":"article","og_title":"Lectura 3: Amores patol\u00f3gicos, de Nuria Barrios - tULEctura","og_description":"&nbsp; T\u00edtulo: Amores patol\u00f3gicos Autora: Nuria Barrios Publicaci\u00f3n: Editorial P\u00e1ginas de Espuma, 2023 Descripci\u00f3n f\u00edsica: 160 p. 24 x 15 cm Colecci\u00f3n: Voces \/ Literatura, 349 ISBN: 978-84-8393-340-4 Calendario Martes 5 de noviembre \u2013 Sesi\u00f3n de Gu\u00eda a la lectura, a cargo de Natalia \u00c1lvarez M\u00e9ndez https:\/\/bibliotecas.unileon.es\/tULEctura\/2024\/11\/05\/guia-a-la-lectura-amores-patologicos-de-nuria-barrios\/ Martes 12 de noviembre \u2013 Sesi\u00f3n de Coloquio [&hellip;]","og_url":"https:\/\/bibliotecas.unileon.es\/tULEctura\/pagina-ejemplo\/club-de-lectura-2024-2025\/lectura-3-amores-patologicos-de-nuria-barrios\/","og_site_name":"tULEctura","article_publisher":"https:\/\/www.facebook.com\/tulectura.unileon\/","article_modified_time":"2024-11-24T03:07:32+00:00","og_image":[{"url":"https:\/\/bibliotecas.unileon.es\/tULEctura\/files\/2024\/11\/AMORES-PATOLOGICOS-640x1024.jpg","type":"","width":"","height":""}],"twitter_card":"summary_large_image","twitter_site":"@tULEctura_ULE","twitter_misc":{"Tiempo de lectura":"3 minutos"},"schema":{"@context":"https:\/\/schema.org","@graph":[{"@type":"WebPage","@id":"https:\/\/bibliotecas.unileon.es\/tULEctura\/pagina-ejemplo\/club-de-lectura-2024-2025\/lectura-3-amores-patologicos-de-nuria-barrios\/","url":"https:\/\/bibliotecas.unileon.es\/tULEctura\/pagina-ejemplo\/club-de-lectura-2024-2025\/lectura-3-amores-patologicos-de-nuria-barrios\/","name":"Lectura 3: Amores patol\u00f3gicos, de Nuria Barrios - tULEctura","isPartOf":{"@id":"https:\/\/bibliotecas.unileon.es\/tULEctura\/#website"},"primaryImageOfPage":{"@id":"https:\/\/bibliotecas.unileon.es\/tULEctura\/pagina-ejemplo\/club-de-lectura-2024-2025\/lectura-3-amores-patologicos-de-nuria-barrios\/#primaryimage"},"image":{"@id":"https:\/\/bibliotecas.unileon.es\/tULEctura\/pagina-ejemplo\/club-de-lectura-2024-2025\/lectura-3-amores-patologicos-de-nuria-barrios\/#primaryimage"},"thumbnailUrl":"https:\/\/bibliotecas.unileon.es\/tULEctura\/files\/2024\/11\/AMORES-PATOLOGICOS-640x1024.jpg","datePublished":"2024-11-04T16:07:45+00:00","dateModified":"2024-11-24T03:07:32+00:00","breadcrumb":{"@id":"https:\/\/bibliotecas.unileon.es\/tULEctura\/pagina-ejemplo\/club-de-lectura-2024-2025\/lectura-3-amores-patologicos-de-nuria-barrios\/#breadcrumb"},"inLanguage":"es","potentialAction":[{"@type":"ReadAction","target":["https:\/\/bibliotecas.unileon.es\/tULEctura\/pagina-ejemplo\/club-de-lectura-2024-2025\/lectura-3-amores-patologicos-de-nuria-barrios\/"]}]},{"@type":"ImageObject","inLanguage":"es","@id":"https:\/\/bibliotecas.unileon.es\/tULEctura\/pagina-ejemplo\/club-de-lectura-2024-2025\/lectura-3-amores-patologicos-de-nuria-barrios\/#primaryimage","url":"https:\/\/bibliotecas.unileon.es\/tULEctura\/files\/2024\/11\/AMORES-PATOLOGICOS-scaled.jpg","contentUrl":"https:\/\/bibliotecas.unileon.es\/tULEctura\/files\/2024\/11\/AMORES-PATOLOGICOS-scaled.jpg","width":1600,"height":2560},{"@type":"BreadcrumbList","@id":"https:\/\/bibliotecas.unileon.es\/tULEctura\/pagina-ejemplo\/club-de-lectura-2024-2025\/lectura-3-amores-patologicos-de-nuria-barrios\/#breadcrumb","itemListElement":[{"@type":"ListItem","position":1,"name":"Home","item":"https:\/\/bibliotecas.unileon.es\/tULEctura\/"},{"@type":"ListItem","position":2,"name":"Club de Lectura","item":"https:\/\/bibliotecas.unileon.es\/tULEctura\/pagina-ejemplo\/"},{"@type":"ListItem","position":3,"name":"Curso 2024-2025","item":"https:\/\/bibliotecas.unileon.es\/tULEctura\/pagina-ejemplo\/club-de-lectura-2024-2025\/"},{"@type":"ListItem","position":4,"name":"Lectura 3: Amores patol\u00f3gicos, de Nuria Barrios"}]},{"@type":"WebSite","@id":"https:\/\/bibliotecas.unileon.es\/tULEctura\/#website","url":"https:\/\/bibliotecas.unileon.es\/tULEctura\/","name":"tULEctura","description":"Espacio de la Universidad de Le\u00f3n dedicado a la lectura","publisher":{"@id":"https:\/\/bibliotecas.unileon.es\/tULEctura\/#organization"},"potentialAction":[{"@type":"SearchAction","target":{"@type":"EntryPoint","urlTemplate":"https:\/\/bibliotecas.unileon.es\/tULEctura\/?s={search_term_string}"},"query-input":{"@type":"PropertyValueSpecification","valueRequired":true,"valueName":"search_term_string"}}],"inLanguage":"es"},{"@type":"Organization","@id":"https:\/\/bibliotecas.unileon.es\/tULEctura\/#organization","name":"Universidad de Le\u00f3n","url":"https:\/\/bibliotecas.unileon.es\/tULEctura\/","logo":{"@type":"ImageObject","inLanguage":"es","@id":"https:\/\/bibliotecas.unileon.es\/tULEctura\/#\/schema\/logo\/image\/","url":"https:\/\/bibliotecas.unileon.es\/tULEctura\/files\/2018\/08\/TULECTURA_LOGO1.png","contentUrl":"https:\/\/bibliotecas.unileon.es\/tULEctura\/files\/2018\/08\/TULECTURA_LOGO1.png","width":"960","height":"258","caption":"Universidad de Le\u00f3n"},"image":{"@id":"https:\/\/bibliotecas.unileon.es\/tULEctura\/#\/schema\/logo\/image\/"},"sameAs":["https:\/\/www.facebook.com\/tulectura.unileon\/","https:\/\/x.com\/tULEctura_ULE","https:\/\/www.instagram.com\/tulectura.unileon\/","https:\/\/www.pinterest.es\/tulectura\/","https:\/\/www.youtube.com\/channel\/UCoWaDD39lVlAQcOchwlTPVw"]}]}},"_links":{"self":[{"href":"https:\/\/bibliotecas.unileon.es\/tULEctura\/wp-json\/wp\/v2\/pages\/49263","targetHints":{"allow":["GET"]}}],"collection":[{"href":"https:\/\/bibliotecas.unileon.es\/tULEctura\/wp-json\/wp\/v2\/pages"}],"about":[{"href":"https:\/\/bibliotecas.unileon.es\/tULEctura\/wp-json\/wp\/v2\/types\/page"}],"author":[{"embeddable":true,"href":"https:\/\/bibliotecas.unileon.es\/tULEctura\/wp-json\/wp\/v2\/users\/73"}],"replies":[{"embeddable":true,"href":"https:\/\/bibliotecas.unileon.es\/tULEctura\/wp-json\/wp\/v2\/comments?post=49263"}],"version-history":[{"count":1,"href":"https:\/\/bibliotecas.unileon.es\/tULEctura\/wp-json\/wp\/v2\/pages\/49263\/revisions"}],"predecessor-version":[{"id":49266,"href":"https:\/\/bibliotecas.unileon.es\/tULEctura\/wp-json\/wp\/v2\/pages\/49263\/revisions\/49266"}],"up":[{"embeddable":true,"href":"https:\/\/bibliotecas.unileon.es\/tULEctura\/wp-json\/wp\/v2\/pages\/49197"}],"wp:attachment":[{"href":"https:\/\/bibliotecas.unileon.es\/tULEctura\/wp-json\/wp\/v2\/media?parent=49263"}],"curies":[{"name":"wp","href":"https:\/\/api.w.org\/{rel}","templated":true}]}}