{"id":49276,"date":"2024-11-24T03:21:59","date_gmt":"2024-11-24T02:21:59","guid":{"rendered":"https:\/\/bibliotecas.unileon.es\/tULEctura\/?page_id=49276"},"modified":"2024-12-21T12:47:47","modified_gmt":"2024-12-21T11:47:47","slug":"lectura-4-plegaria-para-piromanos-de-eloy-tizon","status":"publish","type":"page","link":"https:\/\/bibliotecas.unileon.es\/tULEctura\/pagina-ejemplo\/club-de-lectura-2024-2025\/lectura-4-plegaria-para-piromanos-de-eloy-tizon\/","title":{"rendered":"Lectura 4: Plegaria para pir\u00f3manos, de Eloy Tiz\u00f3n"},"content":{"rendered":"<p><img loading=\"lazy\" decoding=\"async\" class=\"alignright size-large wp-image-49277\" src=\"https:\/\/bibliotecas.unileon.es\/tULEctura\/files\/2024\/11\/PLEGARIA-PARA-PIROMANOS-640x1024.jpg\" alt=\"\" width=\"625\" height=\"1000\" srcset=\"https:\/\/bibliotecas.unileon.es\/tULEctura\/files\/2024\/11\/PLEGARIA-PARA-PIROMANOS-640x1024.jpg 640w, https:\/\/bibliotecas.unileon.es\/tULEctura\/files\/2024\/11\/PLEGARIA-PARA-PIROMANOS-188x300.jpg 188w, https:\/\/bibliotecas.unileon.es\/tULEctura\/files\/2024\/11\/PLEGARIA-PARA-PIROMANOS-768x1229.jpg 768w, https:\/\/bibliotecas.unileon.es\/tULEctura\/files\/2024\/11\/PLEGARIA-PARA-PIROMANOS-960x1536.jpg 960w, https:\/\/bibliotecas.unileon.es\/tULEctura\/files\/2024\/11\/PLEGARIA-PARA-PIROMANOS-1280x2048.jpg 1280w, https:\/\/bibliotecas.unileon.es\/tULEctura\/files\/2024\/11\/PLEGARIA-PARA-PIROMANOS-624x998.jpg 624w, https:\/\/bibliotecas.unileon.es\/tULEctura\/files\/2024\/11\/PLEGARIA-PARA-PIROMANOS-scaled.jpg 1600w\" sizes=\"auto, (max-width: 625px) 100vw, 625px\" \/><\/p>\n<p>&nbsp;<\/p>\n<p>&nbsp;<\/p>\n<p>T\u00edtulo: <em>Plegaria par pir\u00f3manos<\/em><br \/>\nAutora: Eloy Tiz\u00f3n<\/p>\n<p>Publicaci\u00f3n: Editorial P\u00e1ginas de Espuma, 2023<br \/>\nDescripci\u00f3n f\u00edsica: <span style=\"color: #333333;\">192 p. 24 x 15 cm<\/span><br \/>\nColecci\u00f3n: Voces \/ Literatura, 345<br \/>\nISBN: 978-84-8393-336-7<\/p>\n<p><strong>Calendario<\/strong><\/p>\n<ul>\n<li>Martes 26 de noviembre \u2013 Sesi\u00f3n de Gu\u00eda a la lectura, a cargo de Ana Abello Verano\u00a0 <span style=\"color: #0000ff;\"><strong><a style=\"color: #0000ff;\" href=\"https:\/\/bibliotecas.unileon.es\/tULEctura\/2024\/11\/28\/guia-a-la-lectura-plegaria-para-piromanos-de-eloy-tizon\/\">https:\/\/bibliotecas.unileon.es\/tULEctura\/2024\/11\/28\/guia-a-la-lectura-plegaria-para-piromanos-de-eloy-tizon\/<\/a><\/strong><\/span><\/li>\n<li>Martes 3 de diciembre \u2013 Sesi\u00f3n de Coloquio de los socios\u00a0<strong><span style=\"color: #0000ff;\"><a style=\"color: #0000ff;\" href=\"https:\/\/bibliotecas.unileon.es\/tULEctura\/2024\/12\/11\/coloquio-sobre-plegaria-para-piromanos-de-eloy-tizon\/\">https:\/\/bibliotecas.unileon.es\/tULEctura\/2024\/12\/11\/coloquio-sobre-plegaria-para-piromanos-de-eloy-tizon\/<\/a><\/span><\/strong><\/li>\n<li>Martes 17 de diciembre \u2013 Sesi\u00f3n de Encuentro entre socios y autor\u00a0<span style=\"color: #0000ff;\"><strong><a style=\"color: #0000ff;\" href=\"https:\/\/videos.unileon.es\/video\/67654eef8f4208bc3e8b458d\">https:\/\/videos.unileon.es\/video\/67654eef8f4208bc3e8b458d<\/a><\/strong><\/span><\/li>\n<\/ul>\n<p><strong>Lugar y horario<\/strong><\/p>\n<p style=\"text-align: justify;\">Los encuentros tendr\u00e1n lugar a las 19:00 horas en la sala de conferencias de la Biblioteca General San Isidoro, sede del club le lectura.<\/p>\n<p style=\"text-align: justify;\">De forma combinada, ofrecemos el formato\u00a0h\u00edbrido online s\u00edncrono a trav\u00e9s de <em>Meet<\/em>.<\/p>\n<p><strong>El autor (informaci\u00f3n ofrecida por la editorial)<\/strong><\/p>\n<p style=\"text-align: justify;\">Eloy Tiz\u00f3n\u00a0(Madrid, 1964) es autor de tres libros de cuentos:\u00a0<em>T\u00e9cnicas de iluminaci\u00f3n<\/em>\u00a0(2013),\u00a0<em>Parpadeos<\/em>\u00a0(2006) y\u00a0<em>Velocidad de los jardines<\/em>\u00a0(1992 y 2017); de tres novelas:\u00a0<em>La voz cantante<\/em>\u00a0(2004),\u00a0<em>Labia<\/em>\u00a0(2001) y\u00a0<em>Seda salvaje<\/em>\u00a0(1995); y del ensayo literario\u00a0<em>Herido leve. Treinta a\u00f1os de memoria lectora<\/em>\u00a0(2019).<\/p>\n<p style=\"text-align: justify;\">Ha sido incluido entre los mejores narradores europeos en la antolog\u00eda\u00a0<em>Best European Fiction 2013<\/em>, prologada por John Banville. Sus obras forman parte de numerosas antolog\u00edas y han sido traducidas a diversos idiomas.<\/p>\n<p style=\"text-align: justify;\">Colaborador asiduo en medios de comunicaci\u00f3n desde joven, durante cuatro a\u00f1os mantuvo en<em>\u00a0El Cultural\u00a0<\/em>la columna\u00a0<em>V\u00e9rtigos<\/em>.<\/p>\n<p style=\"text-align: justify;\">Ha impartido talleres de narrativa breve en Hotel Kafka y en la universidad de Almer\u00eda (UAL). Ha dirigido el I Festival del cuento literario en Espa\u00f1a, celebrado en la localidad toledana de Torrijos y bautizado como\u00a0<em>TorrijosCuenta<\/em>.<\/p>\n<p style=\"text-align: justify;\"><strong>La obra (informaci\u00f3n ofrecida por la editorial)<\/strong><\/p>\n<p style=\"text-align: justify;\">Leer a\u00a0Eloy Tiz\u00f3n\u00a0es adentrarse en el mejor cuento espa\u00f1ol contempor\u00e1neo por la puerta grande. Con esta premisa,\u00a0<em>Plegaria para pir\u00f3manos<\/em>\u00a0conjuga como ning\u00fan otro libro del autor el hallazgo y la epifan\u00eda de su estilo \u00fanico e inconfundible con la ruptura de lo establecido en el g\u00e9nero y la indagaci\u00f3n de otros principios. Nueve cuentos entrelazados por los destellos breves, por las ausencias perennes, por el af\u00e1n cotidiano, por la b\u00fasqueda creativa, por la evidencia de la vida misma de unos personajes que esperan, de una posible memoria y biograf\u00eda propias y reconocibles en una escritura que es s\u00faplica e incendio, en una literatura que nos quema. La vida entre las manos de\u00a0Eloy Tiz\u00f3n.<\/p>\n","protected":false},"excerpt":{"rendered":"<p>&nbsp; &nbsp; T\u00edtulo: Plegaria par pir\u00f3manos Autora: Eloy Tiz\u00f3n Publicaci\u00f3n: Editorial P\u00e1ginas de Espuma, 2023 Descripci\u00f3n f\u00edsica: 192 p. 24 x 15 cm Colecci\u00f3n: Voces \/ Literatura, 345 ISBN: 978-84-8393-336-7 Calendario Martes 26 de noviembre \u2013 Sesi\u00f3n de Gu\u00eda a la lectura, a cargo de Ana Abello Verano\u00a0 https:\/\/bibliotecas.unileon.es\/tULEctura\/2024\/11\/28\/guia-a-la-lectura-plegaria-para-piromanos-de-eloy-tizon\/ Martes 3 de diciembre \u2013 Sesi\u00f3n [&hellip;]<\/p>\n","protected":false},"author":73,"featured_media":0,"parent":49197,"menu_order":4,"comment_status":"closed","ping_status":"closed","template":"","meta":{"_bbp_topic_count":0,"_bbp_reply_count":0,"_bbp_total_topic_count":0,"_bbp_total_reply_count":0,"_bbp_voice_count":0,"_bbp_anonymous_reply_count":0,"_bbp_topic_count_hidden":0,"_bbp_reply_count_hidden":0,"_bbp_forum_subforum_count":0,"_monsterinsights_skip_tracking":false,"_monsterinsights_sitenote_active":false,"_monsterinsights_sitenote_note":"","_monsterinsights_sitenote_category":0,"footnotes":""},"class_list":["post-49276","page","type-page","status-publish","hentry"],"yoast_head":"<!-- This site is optimized with the Yoast SEO plugin v25.8 - https:\/\/yoast.com\/wordpress\/plugins\/seo\/ -->\n<title>Lectura 4: Plegaria para pir\u00f3manos, de Eloy Tiz\u00f3n - tULEctura<\/title>\n<meta name=\"robots\" content=\"index, follow, max-snippet:-1, max-image-preview:large, max-video-preview:-1\" \/>\n<link rel=\"canonical\" href=\"https:\/\/bibliotecas.unileon.es\/tULEctura\/pagina-ejemplo\/club-de-lectura-2024-2025\/lectura-4-plegaria-para-piromanos-de-eloy-tizon\/\" \/>\n<meta property=\"og:locale\" content=\"es_ES\" \/>\n<meta property=\"og:type\" content=\"article\" \/>\n<meta property=\"og:title\" content=\"Lectura 4: Plegaria para pir\u00f3manos, de Eloy Tiz\u00f3n - tULEctura\" \/>\n<meta property=\"og:description\" content=\"&nbsp; &nbsp; T\u00edtulo: Plegaria par pir\u00f3manos Autora: Eloy Tiz\u00f3n Publicaci\u00f3n: Editorial P\u00e1ginas de Espuma, 2023 Descripci\u00f3n f\u00edsica: 192 p. 24 x 15 cm Colecci\u00f3n: Voces \/ Literatura, 345 ISBN: 978-84-8393-336-7 Calendario Martes 26 de noviembre \u2013 Sesi\u00f3n de Gu\u00eda a la lectura, a cargo de Ana Abello Verano\u00a0 https:\/\/bibliotecas.unileon.es\/tULEctura\/2024\/11\/28\/guia-a-la-lectura-plegaria-para-piromanos-de-eloy-tizon\/ Martes 3 de diciembre \u2013 Sesi\u00f3n [&hellip;]\" \/>\n<meta property=\"og:url\" content=\"https:\/\/bibliotecas.unileon.es\/tULEctura\/pagina-ejemplo\/club-de-lectura-2024-2025\/lectura-4-plegaria-para-piromanos-de-eloy-tizon\/\" \/>\n<meta property=\"og:site_name\" content=\"tULEctura\" \/>\n<meta property=\"article:publisher\" content=\"https:\/\/www.facebook.com\/tulectura.unileon\/\" \/>\n<meta property=\"article:modified_time\" content=\"2024-12-21T11:47:47+00:00\" \/>\n<meta property=\"og:image\" content=\"https:\/\/bibliotecas.unileon.es\/tULEctura\/files\/2024\/11\/PLEGARIA-PARA-PIROMANOS-640x1024.jpg\" \/>\n<meta name=\"twitter:card\" content=\"summary_large_image\" \/>\n<meta name=\"twitter:site\" content=\"@tULEctura_ULE\" \/>\n<meta name=\"twitter:label1\" content=\"Tiempo de lectura\" \/>\n\t<meta name=\"twitter:data1\" content=\"2 minutos\" \/>\n<script type=\"application\/ld+json\" class=\"yoast-schema-graph\">{\"@context\":\"https:\/\/schema.org\",\"@graph\":[{\"@type\":\"WebPage\",\"@id\":\"https:\/\/bibliotecas.unileon.es\/tULEctura\/pagina-ejemplo\/club-de-lectura-2024-2025\/lectura-4-plegaria-para-piromanos-de-eloy-tizon\/\",\"url\":\"https:\/\/bibliotecas.unileon.es\/tULEctura\/pagina-ejemplo\/club-de-lectura-2024-2025\/lectura-4-plegaria-para-piromanos-de-eloy-tizon\/\",\"name\":\"Lectura 4: Plegaria para pir\u00f3manos, de Eloy Tiz\u00f3n - tULEctura\",\"isPartOf\":{\"@id\":\"https:\/\/bibliotecas.unileon.es\/tULEctura\/#website\"},\"primaryImageOfPage\":{\"@id\":\"https:\/\/bibliotecas.unileon.es\/tULEctura\/pagina-ejemplo\/club-de-lectura-2024-2025\/lectura-4-plegaria-para-piromanos-de-eloy-tizon\/#primaryimage\"},\"image\":{\"@id\":\"https:\/\/bibliotecas.unileon.es\/tULEctura\/pagina-ejemplo\/club-de-lectura-2024-2025\/lectura-4-plegaria-para-piromanos-de-eloy-tizon\/#primaryimage\"},\"thumbnailUrl\":\"https:\/\/bibliotecas.unileon.es\/tULEctura\/files\/2024\/11\/PLEGARIA-PARA-PIROMANOS-640x1024.jpg\",\"datePublished\":\"2024-11-24T02:21:59+00:00\",\"dateModified\":\"2024-12-21T11:47:47+00:00\",\"breadcrumb\":{\"@id\":\"https:\/\/bibliotecas.unileon.es\/tULEctura\/pagina-ejemplo\/club-de-lectura-2024-2025\/lectura-4-plegaria-para-piromanos-de-eloy-tizon\/#breadcrumb\"},\"inLanguage\":\"es\",\"potentialAction\":[{\"@type\":\"ReadAction\",\"target\":[\"https:\/\/bibliotecas.unileon.es\/tULEctura\/pagina-ejemplo\/club-de-lectura-2024-2025\/lectura-4-plegaria-para-piromanos-de-eloy-tizon\/\"]}]},{\"@type\":\"ImageObject\",\"inLanguage\":\"es\",\"@id\":\"https:\/\/bibliotecas.unileon.es\/tULEctura\/pagina-ejemplo\/club-de-lectura-2024-2025\/lectura-4-plegaria-para-piromanos-de-eloy-tizon\/#primaryimage\",\"url\":\"https:\/\/bibliotecas.unileon.es\/tULEctura\/files\/2024\/11\/PLEGARIA-PARA-PIROMANOS-scaled.jpg\",\"contentUrl\":\"https:\/\/bibliotecas.unileon.es\/tULEctura\/files\/2024\/11\/PLEGARIA-PARA-PIROMANOS-scaled.jpg\",\"width\":1600,\"height\":2560},{\"@type\":\"BreadcrumbList\",\"@id\":\"https:\/\/bibliotecas.unileon.es\/tULEctura\/pagina-ejemplo\/club-de-lectura-2024-2025\/lectura-4-plegaria-para-piromanos-de-eloy-tizon\/#breadcrumb\",\"itemListElement\":[{\"@type\":\"ListItem\",\"position\":1,\"name\":\"Home\",\"item\":\"https:\/\/bibliotecas.unileon.es\/tULEctura\/\"},{\"@type\":\"ListItem\",\"position\":2,\"name\":\"Club de Lectura\",\"item\":\"https:\/\/bibliotecas.unileon.es\/tULEctura\/pagina-ejemplo\/\"},{\"@type\":\"ListItem\",\"position\":3,\"name\":\"Curso 2024-2025\",\"item\":\"https:\/\/bibliotecas.unileon.es\/tULEctura\/pagina-ejemplo\/club-de-lectura-2024-2025\/\"},{\"@type\":\"ListItem\",\"position\":4,\"name\":\"Lectura 4: Plegaria para pir\u00f3manos, de Eloy Tiz\u00f3n\"}]},{\"@type\":\"WebSite\",\"@id\":\"https:\/\/bibliotecas.unileon.es\/tULEctura\/#website\",\"url\":\"https:\/\/bibliotecas.unileon.es\/tULEctura\/\",\"name\":\"tULEctura\",\"description\":\"Espacio de la Universidad de Le\u00f3n dedicado a la lectura\",\"publisher\":{\"@id\":\"https:\/\/bibliotecas.unileon.es\/tULEctura\/#organization\"},\"potentialAction\":[{\"@type\":\"SearchAction\",\"target\":{\"@type\":\"EntryPoint\",\"urlTemplate\":\"https:\/\/bibliotecas.unileon.es\/tULEctura\/?s={search_term_string}\"},\"query-input\":{\"@type\":\"PropertyValueSpecification\",\"valueRequired\":true,\"valueName\":\"search_term_string\"}}],\"inLanguage\":\"es\"},{\"@type\":\"Organization\",\"@id\":\"https:\/\/bibliotecas.unileon.es\/tULEctura\/#organization\",\"name\":\"Universidad de Le\u00f3n\",\"url\":\"https:\/\/bibliotecas.unileon.es\/tULEctura\/\",\"logo\":{\"@type\":\"ImageObject\",\"inLanguage\":\"es\",\"@id\":\"https:\/\/bibliotecas.unileon.es\/tULEctura\/#\/schema\/logo\/image\/\",\"url\":\"https:\/\/bibliotecas.unileon.es\/tULEctura\/files\/2018\/08\/TULECTURA_LOGO1.png\",\"contentUrl\":\"https:\/\/bibliotecas.unileon.es\/tULEctura\/files\/2018\/08\/TULECTURA_LOGO1.png\",\"width\":\"960\",\"height\":\"258\",\"caption\":\"Universidad de Le\u00f3n\"},\"image\":{\"@id\":\"https:\/\/bibliotecas.unileon.es\/tULEctura\/#\/schema\/logo\/image\/\"},\"sameAs\":[\"https:\/\/www.facebook.com\/tulectura.unileon\/\",\"https:\/\/x.com\/tULEctura_ULE\",\"https:\/\/www.instagram.com\/tulectura.unileon\/\",\"https:\/\/www.pinterest.es\/tulectura\/\",\"https:\/\/www.youtube.com\/channel\/UCoWaDD39lVlAQcOchwlTPVw\"]}]}<\/script>\n<!-- \/ Yoast SEO plugin. -->","yoast_head_json":{"title":"Lectura 4: Plegaria para pir\u00f3manos, de Eloy Tiz\u00f3n - tULEctura","robots":{"index":"index","follow":"follow","max-snippet":"max-snippet:-1","max-image-preview":"max-image-preview:large","max-video-preview":"max-video-preview:-1"},"canonical":"https:\/\/bibliotecas.unileon.es\/tULEctura\/pagina-ejemplo\/club-de-lectura-2024-2025\/lectura-4-plegaria-para-piromanos-de-eloy-tizon\/","og_locale":"es_ES","og_type":"article","og_title":"Lectura 4: Plegaria para pir\u00f3manos, de Eloy Tiz\u00f3n - tULEctura","og_description":"&nbsp; &nbsp; T\u00edtulo: Plegaria par pir\u00f3manos Autora: Eloy Tiz\u00f3n Publicaci\u00f3n: Editorial P\u00e1ginas de Espuma, 2023 Descripci\u00f3n f\u00edsica: 192 p. 24 x 15 cm Colecci\u00f3n: Voces \/ Literatura, 345 ISBN: 978-84-8393-336-7 Calendario Martes 26 de noviembre \u2013 Sesi\u00f3n de Gu\u00eda a la lectura, a cargo de Ana Abello Verano\u00a0 https:\/\/bibliotecas.unileon.es\/tULEctura\/2024\/11\/28\/guia-a-la-lectura-plegaria-para-piromanos-de-eloy-tizon\/ Martes 3 de diciembre \u2013 Sesi\u00f3n [&hellip;]","og_url":"https:\/\/bibliotecas.unileon.es\/tULEctura\/pagina-ejemplo\/club-de-lectura-2024-2025\/lectura-4-plegaria-para-piromanos-de-eloy-tizon\/","og_site_name":"tULEctura","article_publisher":"https:\/\/www.facebook.com\/tulectura.unileon\/","article_modified_time":"2024-12-21T11:47:47+00:00","og_image":[{"url":"https:\/\/bibliotecas.unileon.es\/tULEctura\/files\/2024\/11\/PLEGARIA-PARA-PIROMANOS-640x1024.jpg","type":"","width":"","height":""}],"twitter_card":"summary_large_image","twitter_site":"@tULEctura_ULE","twitter_misc":{"Tiempo de lectura":"2 minutos"},"schema":{"@context":"https:\/\/schema.org","@graph":[{"@type":"WebPage","@id":"https:\/\/bibliotecas.unileon.es\/tULEctura\/pagina-ejemplo\/club-de-lectura-2024-2025\/lectura-4-plegaria-para-piromanos-de-eloy-tizon\/","url":"https:\/\/bibliotecas.unileon.es\/tULEctura\/pagina-ejemplo\/club-de-lectura-2024-2025\/lectura-4-plegaria-para-piromanos-de-eloy-tizon\/","name":"Lectura 4: Plegaria para pir\u00f3manos, de Eloy Tiz\u00f3n - tULEctura","isPartOf":{"@id":"https:\/\/bibliotecas.unileon.es\/tULEctura\/#website"},"primaryImageOfPage":{"@id":"https:\/\/bibliotecas.unileon.es\/tULEctura\/pagina-ejemplo\/club-de-lectura-2024-2025\/lectura-4-plegaria-para-piromanos-de-eloy-tizon\/#primaryimage"},"image":{"@id":"https:\/\/bibliotecas.unileon.es\/tULEctura\/pagina-ejemplo\/club-de-lectura-2024-2025\/lectura-4-plegaria-para-piromanos-de-eloy-tizon\/#primaryimage"},"thumbnailUrl":"https:\/\/bibliotecas.unileon.es\/tULEctura\/files\/2024\/11\/PLEGARIA-PARA-PIROMANOS-640x1024.jpg","datePublished":"2024-11-24T02:21:59+00:00","dateModified":"2024-12-21T11:47:47+00:00","breadcrumb":{"@id":"https:\/\/bibliotecas.unileon.es\/tULEctura\/pagina-ejemplo\/club-de-lectura-2024-2025\/lectura-4-plegaria-para-piromanos-de-eloy-tizon\/#breadcrumb"},"inLanguage":"es","potentialAction":[{"@type":"ReadAction","target":["https:\/\/bibliotecas.unileon.es\/tULEctura\/pagina-ejemplo\/club-de-lectura-2024-2025\/lectura-4-plegaria-para-piromanos-de-eloy-tizon\/"]}]},{"@type":"ImageObject","inLanguage":"es","@id":"https:\/\/bibliotecas.unileon.es\/tULEctura\/pagina-ejemplo\/club-de-lectura-2024-2025\/lectura-4-plegaria-para-piromanos-de-eloy-tizon\/#primaryimage","url":"https:\/\/bibliotecas.unileon.es\/tULEctura\/files\/2024\/11\/PLEGARIA-PARA-PIROMANOS-scaled.jpg","contentUrl":"https:\/\/bibliotecas.unileon.es\/tULEctura\/files\/2024\/11\/PLEGARIA-PARA-PIROMANOS-scaled.jpg","width":1600,"height":2560},{"@type":"BreadcrumbList","@id":"https:\/\/bibliotecas.unileon.es\/tULEctura\/pagina-ejemplo\/club-de-lectura-2024-2025\/lectura-4-plegaria-para-piromanos-de-eloy-tizon\/#breadcrumb","itemListElement":[{"@type":"ListItem","position":1,"name":"Home","item":"https:\/\/bibliotecas.unileon.es\/tULEctura\/"},{"@type":"ListItem","position":2,"name":"Club de Lectura","item":"https:\/\/bibliotecas.unileon.es\/tULEctura\/pagina-ejemplo\/"},{"@type":"ListItem","position":3,"name":"Curso 2024-2025","item":"https:\/\/bibliotecas.unileon.es\/tULEctura\/pagina-ejemplo\/club-de-lectura-2024-2025\/"},{"@type":"ListItem","position":4,"name":"Lectura 4: Plegaria para pir\u00f3manos, de Eloy Tiz\u00f3n"}]},{"@type":"WebSite","@id":"https:\/\/bibliotecas.unileon.es\/tULEctura\/#website","url":"https:\/\/bibliotecas.unileon.es\/tULEctura\/","name":"tULEctura","description":"Espacio de la Universidad de Le\u00f3n dedicado a la lectura","publisher":{"@id":"https:\/\/bibliotecas.unileon.es\/tULEctura\/#organization"},"potentialAction":[{"@type":"SearchAction","target":{"@type":"EntryPoint","urlTemplate":"https:\/\/bibliotecas.unileon.es\/tULEctura\/?s={search_term_string}"},"query-input":{"@type":"PropertyValueSpecification","valueRequired":true,"valueName":"search_term_string"}}],"inLanguage":"es"},{"@type":"Organization","@id":"https:\/\/bibliotecas.unileon.es\/tULEctura\/#organization","name":"Universidad de Le\u00f3n","url":"https:\/\/bibliotecas.unileon.es\/tULEctura\/","logo":{"@type":"ImageObject","inLanguage":"es","@id":"https:\/\/bibliotecas.unileon.es\/tULEctura\/#\/schema\/logo\/image\/","url":"https:\/\/bibliotecas.unileon.es\/tULEctura\/files\/2018\/08\/TULECTURA_LOGO1.png","contentUrl":"https:\/\/bibliotecas.unileon.es\/tULEctura\/files\/2018\/08\/TULECTURA_LOGO1.png","width":"960","height":"258","caption":"Universidad de Le\u00f3n"},"image":{"@id":"https:\/\/bibliotecas.unileon.es\/tULEctura\/#\/schema\/logo\/image\/"},"sameAs":["https:\/\/www.facebook.com\/tulectura.unileon\/","https:\/\/x.com\/tULEctura_ULE","https:\/\/www.instagram.com\/tulectura.unileon\/","https:\/\/www.pinterest.es\/tulectura\/","https:\/\/www.youtube.com\/channel\/UCoWaDD39lVlAQcOchwlTPVw"]}]}},"_links":{"self":[{"href":"https:\/\/bibliotecas.unileon.es\/tULEctura\/wp-json\/wp\/v2\/pages\/49276","targetHints":{"allow":["GET"]}}],"collection":[{"href":"https:\/\/bibliotecas.unileon.es\/tULEctura\/wp-json\/wp\/v2\/pages"}],"about":[{"href":"https:\/\/bibliotecas.unileon.es\/tULEctura\/wp-json\/wp\/v2\/types\/page"}],"author":[{"embeddable":true,"href":"https:\/\/bibliotecas.unileon.es\/tULEctura\/wp-json\/wp\/v2\/users\/73"}],"replies":[{"embeddable":true,"href":"https:\/\/bibliotecas.unileon.es\/tULEctura\/wp-json\/wp\/v2\/comments?post=49276"}],"version-history":[{"count":0,"href":"https:\/\/bibliotecas.unileon.es\/tULEctura\/wp-json\/wp\/v2\/pages\/49276\/revisions"}],"up":[{"embeddable":true,"href":"https:\/\/bibliotecas.unileon.es\/tULEctura\/wp-json\/wp\/v2\/pages\/49197"}],"wp:attachment":[{"href":"https:\/\/bibliotecas.unileon.es\/tULEctura\/wp-json\/wp\/v2\/media?parent=49276"}],"curies":[{"name":"wp","href":"https:\/\/api.w.org\/{rel}","templated":true}]}}