{"id":49394,"date":"2025-10-01T18:17:20","date_gmt":"2025-10-01T16:17:20","guid":{"rendered":"https:\/\/bibliotecas.unileon.es\/tULEctura\/?page_id=49394"},"modified":"2025-10-01T18:17:20","modified_gmt":"2025-10-01T16:17:20","slug":"curso-2025-2026","status":"publish","type":"page","link":"https:\/\/bibliotecas.unileon.es\/tULEctura\/pagina-ejemplo\/curso-2025-2026\/","title":{"rendered":"Curso 2025-2026"},"content":{"rendered":"<h1><\/h1>\n<h1><\/h1>\n<h1><\/h1>\n<h1><\/h1>\n<h1><\/h1>\n<h1><\/h1>\n<h1><img loading=\"lazy\" decoding=\"async\" class=\"alignright size-full wp-image-49017\" src=\"https:\/\/bibliotecas.unileon.es\/tULEctura\/files\/2023\/07\/club-de-lectura-e1756207624931.jpg\" alt=\"\" width=\"574\" height=\"584\" \/><\/h1>\n<h1 style=\"text-align: center;\">III edici\u00f3n del CLUB DE LECTURA UNIVERSIDAD DE LE\u00d3N<\/h1>\n<p><img loading=\"lazy\" decoding=\"async\" class=\"alignright size-large wp-image-49304\" src=\"https:\/\/bibliotecas.unileon.es\/tULEctura\/files\/2025\/08\/PROGRAMA-ClubLectura-2025-724x1024.png\" alt=\"\" width=\"625\" height=\"884\" srcset=\"https:\/\/bibliotecas.unileon.es\/tULEctura\/files\/2025\/08\/PROGRAMA-ClubLectura-2025-724x1024.png 724w, https:\/\/bibliotecas.unileon.es\/tULEctura\/files\/2025\/08\/PROGRAMA-ClubLectura-2025-212x300.png 212w, https:\/\/bibliotecas.unileon.es\/tULEctura\/files\/2025\/08\/PROGRAMA-ClubLectura-2025-768x1086.png 768w, https:\/\/bibliotecas.unileon.es\/tULEctura\/files\/2025\/08\/PROGRAMA-ClubLectura-2025-1086x1536.png 1086w, https:\/\/bibliotecas.unileon.es\/tULEctura\/files\/2025\/08\/PROGRAMA-ClubLectura-2025-1448x2048.png 1448w, https:\/\/bibliotecas.unileon.es\/tULEctura\/files\/2025\/08\/PROGRAMA-ClubLectura-2025-624x882.png 624w, https:\/\/bibliotecas.unileon.es\/tULEctura\/files\/2025\/08\/PROGRAMA-ClubLectura-2025.png 1654w\" sizes=\"auto, (max-width: 625px) 100vw, 625px\" \/><\/p>\n<p>&nbsp;<\/p>\n<h1 style=\"text-align: center;\">Si te interesa obtener el<br \/>\ndiploma acreditativo con reconocimiento de cr\u00e9ditos ECTS, debes matricularte en Extensi\u00f3n Universitaria, en las\u00a0 \u00a0 \u00a0 \u00a0 \u00a0XIII Jornadas del Club de Lectura Universidad de Le\u00f3n<\/h1>\n<p style=\"text-align: justify;\">El Club de lectura \u00a0de la Universidad de Le\u00f3n propone actividades que no solo est\u00e1n dirigidas al p\u00fablico universitario. La participaci\u00f3n abierta a cualquier persona de la sociedad interesada es <strong>gratuita<\/strong>. No hay l\u00edmite de edad ni se exige disponer de ning\u00fan certificado de estudios.<\/p>\n<p style=\"text-align: justify;\">Pretendemos reunirnos peri\u00f3dicamente para compartir la experiencia de la lectura y aprovecharla como competencia transversal para completar la formaci\u00f3n acad\u00e9mica y personal. Las sesiones del Club est\u00e1n abiertas tanto a la comunidad universitaria como a la sociedad.<\/p>\n<p style=\"text-align: justify;\"><strong>Calendario<br \/>\n<\/strong>Fecha de inicio: 30\/09\/2025<br \/>\nFecha de finalizaci\u00f3n: 16\/12\/2025<\/p>\n<p style=\"text-align: justify;\"><strong>Horario<br \/>\n<\/strong>19:00 horas.<\/p>\n<p style=\"text-align: justify;\"><strong>Lugar de celebraci\u00f3n y formato: presencial \/online<br \/>\n<\/strong>La sede del club le lectura se ubicar\u00e1 en dos espacios en esta edici\u00f3n:<\/p>\n<ul style=\"text-align: justify;\">\n<li>Facultad de Filosof\u00eda y Letras- Sal\u00f3n de Grados:\n<ul style=\"list-style-type: circle;\">\n<li>Sesiones de lectura 1: 30 de septiembre, 7 y 16 de octubre<\/li>\n<li>Sesi\u00f3n \u00faltima de lectura 2: 16 de diciembre<\/li>\n<\/ul>\n<\/li>\n<li>Biblioteca General San Isidoro- Sala de Conferencias:\n<ul style=\"list-style-type: circle;\">\n<li>Sesiones de lectura 2: 21 y 28 de octubre<\/li>\n<li>Sesiones de lectura 3: 4, 18 y 25 de noviembre<\/li>\n<li>Sesiones de lectura 4: 2, 9 y 12 de diciembre<\/li>\n<\/ul>\n<\/li>\n<\/ul>\n<p style=\"text-align: justify;\">De forma combinada, ofrecemos el formato\u00a0\u00a0h\u00edbrido online s\u00edncrono a trav\u00e9s de Meet (Por si quieres saber m\u00e1s de Meet:\u00a0<strong><a class=\"mtli_attachment mtli_pdf mtli_attachment mtli_pdf mtli_attachment mtli_pdf mtli_attachment mtli_pdf\" href=\"https:\/\/bibliotecas.unileon.es\/tULEctura\/files\/2020\/09\/Google-Meet-pdf.pdf\">Gu\u00eda r\u00e1pida de Google Meet pdf)<\/a><\/strong><\/p>\n<h2 style=\"text-align: justify;\"><strong>FORMAS DE PARTICIPACI\u00d3N\u00a0(\u00a1importante!)<\/strong><\/h2>\n<ol>\n<li style=\"text-align: justify;\">Si est\u00e1s interesado en obtener el diploma acreditativo para el reconocimiento de los cr\u00e9ditos ECTS,\u00a0 debes matricularte en Extensi\u00f3n Universitaria de la ULE. M\u00e1s informaci\u00f3n sobre esta modalidad en nalvm@unileon.es<br \/>\n<h2>\u00a1\u00a1\u00a1 No todo el mundo tiene que matricularse !!!<\/h2>\n<\/li>\n<li style=\"text-align: justify;\">La Universidad de Le\u00f3n abre su club de lectura a toda la sociedad, de forma abierta y gratuita. No necesitas \u00a0matricularse para poder participar, aunque s\u00ed te pedimos que nos manifiestes tu deseo de hacerlo para tenerte en cuenta, enviarte los avisos y recordatorios e invitarte a nuestras sesiones de GOOGLE MEET\u2026 \u00a0<strong>Env\u00edanos tus datos al correo\u00a0<a href=\"mailto:nalvm@unileon.es\">nalvm@unileon.es<\/a>\u00a0para que sepamos que contamos contigo<\/strong>. Ind\u00edcanos:<br \/>\n\u2013 Nombre y apellidos.<br \/>\n\u2013 Correo electr\u00f3nico (si eres miembro de la ULe, el institucional).<br \/>\n\u2013 Tipo de usuario: Estudiante\/ PDI\/ PAS \/Externo.<br \/>\nPor lo tanto, si solo est\u00e1s interesado en participar en coloquios y encuentros (virtuales) de las lecturas,\u00a0<strong>no\u00a0 es necesario que te matricules ni pagues ninguna cantidad econ\u00f3mica, pero s\u00ed que nos avises por correo y que nos env\u00edes tus datos<\/strong>.<\/li>\n<li style=\"text-align: justify;\">Puedes participar\u00a0 a trav\u00e9s del blog:\u00a0 te ofreceremos informaci\u00f3n de cada una de las sesiones y podr\u00e1s enviarnos tus comentarios. Adem\u00e1s grabaremos las sesiones y las pondremos a tu disposici\u00f3n para que las tengas disponibles siempre que quieras o\u00a0 por si no has podido asistir al encuentro en directo. Para participar de esto modo tampoco existe ning\u00fan requisito.<\/li>\n<\/ol>\n","protected":false},"excerpt":{"rendered":"<p>III edici\u00f3n del CLUB DE LECTURA UNIVERSIDAD DE LE\u00d3N &nbsp; Si te interesa obtener el diploma acreditativo con reconocimiento de cr\u00e9ditos ECTS, debes matricularte en Extensi\u00f3n Universitaria, en las\u00a0 \u00a0 \u00a0 \u00a0 \u00a0XIII Jornadas del Club de Lectura Universidad de Le\u00f3n El Club de lectura \u00a0de la Universidad de Le\u00f3n propone actividades que no solo [&hellip;]<\/p>\n","protected":false},"author":73,"featured_media":0,"parent":2,"menu_order":0,"comment_status":"closed","ping_status":"closed","template":"","meta":{"_bbp_topic_count":0,"_bbp_reply_count":0,"_bbp_total_topic_count":0,"_bbp_total_reply_count":0,"_bbp_voice_count":0,"_bbp_anonymous_reply_count":0,"_bbp_topic_count_hidden":0,"_bbp_reply_count_hidden":0,"_bbp_forum_subforum_count":0,"_monsterinsights_skip_tracking":false,"_monsterinsights_sitenote_active":false,"_monsterinsights_sitenote_note":"","_monsterinsights_sitenote_category":0,"footnotes":""},"class_list":["post-49394","page","type-page","status-publish","hentry"],"yoast_head":"<!-- This site is optimized with the Yoast SEO plugin v25.8 - https:\/\/yoast.com\/wordpress\/plugins\/seo\/ -->\n<title>Curso 2025-2026 - tULEctura<\/title>\n<meta name=\"robots\" content=\"index, follow, max-snippet:-1, max-image-preview:large, max-video-preview:-1\" \/>\n<link rel=\"canonical\" href=\"https:\/\/bibliotecas.unileon.es\/tULEctura\/pagina-ejemplo\/curso-2025-2026\/\" \/>\n<meta property=\"og:locale\" content=\"es_ES\" \/>\n<meta property=\"og:type\" content=\"article\" \/>\n<meta property=\"og:title\" content=\"Curso 2025-2026 - tULEctura\" \/>\n<meta property=\"og:description\" content=\"III edici\u00f3n del CLUB DE LECTURA UNIVERSIDAD DE LE\u00d3N &nbsp; Si te interesa obtener el diploma acreditativo con reconocimiento de cr\u00e9ditos ECTS, debes matricularte en Extensi\u00f3n Universitaria, en las\u00a0 \u00a0 \u00a0 \u00a0 \u00a0XIII Jornadas del Club de Lectura Universidad de Le\u00f3n El Club de lectura \u00a0de la Universidad de Le\u00f3n propone actividades que no solo [&hellip;]\" \/>\n<meta property=\"og:url\" content=\"https:\/\/bibliotecas.unileon.es\/tULEctura\/pagina-ejemplo\/curso-2025-2026\/\" \/>\n<meta property=\"og:site_name\" content=\"tULEctura\" \/>\n<meta property=\"article:publisher\" content=\"https:\/\/www.facebook.com\/tulectura.unileon\/\" \/>\n<meta property=\"og:image\" content=\"https:\/\/bibliotecas.unileon.es\/tULEctura\/files\/2023\/07\/club-de-lectura-e1756207624931.jpg\" \/>\n\t<meta property=\"og:image:width\" content=\"574\" \/>\n\t<meta property=\"og:image:height\" content=\"584\" \/>\n\t<meta property=\"og:image:type\" content=\"image\/jpeg\" \/>\n<meta name=\"twitter:card\" content=\"summary_large_image\" \/>\n<meta name=\"twitter:site\" content=\"@tULEctura_ULE\" \/>\n<meta name=\"twitter:label1\" content=\"Tiempo de lectura\" \/>\n\t<meta name=\"twitter:data1\" content=\"3 minutos\" \/>\n<script type=\"application\/ld+json\" class=\"yoast-schema-graph\">{\"@context\":\"https:\/\/schema.org\",\"@graph\":[{\"@type\":\"WebPage\",\"@id\":\"https:\/\/bibliotecas.unileon.es\/tULEctura\/pagina-ejemplo\/curso-2025-2026\/\",\"url\":\"https:\/\/bibliotecas.unileon.es\/tULEctura\/pagina-ejemplo\/curso-2025-2026\/\",\"name\":\"Curso 2025-2026 - tULEctura\",\"isPartOf\":{\"@id\":\"https:\/\/bibliotecas.unileon.es\/tULEctura\/#website\"},\"primaryImageOfPage\":{\"@id\":\"https:\/\/bibliotecas.unileon.es\/tULEctura\/pagina-ejemplo\/curso-2025-2026\/#primaryimage\"},\"image\":{\"@id\":\"https:\/\/bibliotecas.unileon.es\/tULEctura\/pagina-ejemplo\/curso-2025-2026\/#primaryimage\"},\"thumbnailUrl\":\"https:\/\/bibliotecas.unileon.es\/tULEctura\/files\/2023\/07\/club-de-lectura-e1756207624931.jpg\",\"datePublished\":\"2025-10-01T16:17:20+00:00\",\"breadcrumb\":{\"@id\":\"https:\/\/bibliotecas.unileon.es\/tULEctura\/pagina-ejemplo\/curso-2025-2026\/#breadcrumb\"},\"inLanguage\":\"es\",\"potentialAction\":[{\"@type\":\"ReadAction\",\"target\":[\"https:\/\/bibliotecas.unileon.es\/tULEctura\/pagina-ejemplo\/curso-2025-2026\/\"]}]},{\"@type\":\"ImageObject\",\"inLanguage\":\"es\",\"@id\":\"https:\/\/bibliotecas.unileon.es\/tULEctura\/pagina-ejemplo\/curso-2025-2026\/#primaryimage\",\"url\":\"https:\/\/bibliotecas.unileon.es\/tULEctura\/files\/2023\/07\/club-de-lectura-e1756207624931.jpg\",\"contentUrl\":\"https:\/\/bibliotecas.unileon.es\/tULEctura\/files\/2023\/07\/club-de-lectura-e1756207624931.jpg\",\"width\":574,\"height\":584},{\"@type\":\"BreadcrumbList\",\"@id\":\"https:\/\/bibliotecas.unileon.es\/tULEctura\/pagina-ejemplo\/curso-2025-2026\/#breadcrumb\",\"itemListElement\":[{\"@type\":\"ListItem\",\"position\":1,\"name\":\"Home\",\"item\":\"https:\/\/bibliotecas.unileon.es\/tULEctura\/\"},{\"@type\":\"ListItem\",\"position\":2,\"name\":\"Club de Lectura\",\"item\":\"https:\/\/bibliotecas.unileon.es\/tULEctura\/pagina-ejemplo\/\"},{\"@type\":\"ListItem\",\"position\":3,\"name\":\"Curso 2025-2026\"}]},{\"@type\":\"WebSite\",\"@id\":\"https:\/\/bibliotecas.unileon.es\/tULEctura\/#website\",\"url\":\"https:\/\/bibliotecas.unileon.es\/tULEctura\/\",\"name\":\"tULEctura\",\"description\":\"Espacio de la Universidad de Le\u00f3n dedicado a la lectura\",\"publisher\":{\"@id\":\"https:\/\/bibliotecas.unileon.es\/tULEctura\/#organization\"},\"potentialAction\":[{\"@type\":\"SearchAction\",\"target\":{\"@type\":\"EntryPoint\",\"urlTemplate\":\"https:\/\/bibliotecas.unileon.es\/tULEctura\/?s={search_term_string}\"},\"query-input\":{\"@type\":\"PropertyValueSpecification\",\"valueRequired\":true,\"valueName\":\"search_term_string\"}}],\"inLanguage\":\"es\"},{\"@type\":\"Organization\",\"@id\":\"https:\/\/bibliotecas.unileon.es\/tULEctura\/#organization\",\"name\":\"Universidad de Le\u00f3n\",\"url\":\"https:\/\/bibliotecas.unileon.es\/tULEctura\/\",\"logo\":{\"@type\":\"ImageObject\",\"inLanguage\":\"es\",\"@id\":\"https:\/\/bibliotecas.unileon.es\/tULEctura\/#\/schema\/logo\/image\/\",\"url\":\"https:\/\/bibliotecas.unileon.es\/tULEctura\/files\/2018\/08\/TULECTURA_LOGO1.png\",\"contentUrl\":\"https:\/\/bibliotecas.unileon.es\/tULEctura\/files\/2018\/08\/TULECTURA_LOGO1.png\",\"width\":\"960\",\"height\":\"258\",\"caption\":\"Universidad de Le\u00f3n\"},\"image\":{\"@id\":\"https:\/\/bibliotecas.unileon.es\/tULEctura\/#\/schema\/logo\/image\/\"},\"sameAs\":[\"https:\/\/www.facebook.com\/tulectura.unileon\/\",\"https:\/\/x.com\/tULEctura_ULE\",\"https:\/\/www.instagram.com\/tulectura.unileon\/\",\"https:\/\/www.pinterest.es\/tulectura\/\",\"https:\/\/www.youtube.com\/channel\/UCoWaDD39lVlAQcOchwlTPVw\"]}]}<\/script>\n<!-- \/ Yoast SEO plugin. -->","yoast_head_json":{"title":"Curso 2025-2026 - tULEctura","robots":{"index":"index","follow":"follow","max-snippet":"max-snippet:-1","max-image-preview":"max-image-preview:large","max-video-preview":"max-video-preview:-1"},"canonical":"https:\/\/bibliotecas.unileon.es\/tULEctura\/pagina-ejemplo\/curso-2025-2026\/","og_locale":"es_ES","og_type":"article","og_title":"Curso 2025-2026 - tULEctura","og_description":"III edici\u00f3n del CLUB DE LECTURA UNIVERSIDAD DE LE\u00d3N &nbsp; Si te interesa obtener el diploma acreditativo con reconocimiento de cr\u00e9ditos ECTS, debes matricularte en Extensi\u00f3n Universitaria, en las\u00a0 \u00a0 \u00a0 \u00a0 \u00a0XIII Jornadas del Club de Lectura Universidad de Le\u00f3n El Club de lectura \u00a0de la Universidad de Le\u00f3n propone actividades que no solo [&hellip;]","og_url":"https:\/\/bibliotecas.unileon.es\/tULEctura\/pagina-ejemplo\/curso-2025-2026\/","og_site_name":"tULEctura","article_publisher":"https:\/\/www.facebook.com\/tulectura.unileon\/","og_image":[{"width":574,"height":584,"url":"https:\/\/bibliotecas.unileon.es\/tULEctura\/files\/2023\/07\/club-de-lectura-e1756207624931.jpg","type":"image\/jpeg"}],"twitter_card":"summary_large_image","twitter_site":"@tULEctura_ULE","twitter_misc":{"Tiempo de lectura":"3 minutos"},"schema":{"@context":"https:\/\/schema.org","@graph":[{"@type":"WebPage","@id":"https:\/\/bibliotecas.unileon.es\/tULEctura\/pagina-ejemplo\/curso-2025-2026\/","url":"https:\/\/bibliotecas.unileon.es\/tULEctura\/pagina-ejemplo\/curso-2025-2026\/","name":"Curso 2025-2026 - tULEctura","isPartOf":{"@id":"https:\/\/bibliotecas.unileon.es\/tULEctura\/#website"},"primaryImageOfPage":{"@id":"https:\/\/bibliotecas.unileon.es\/tULEctura\/pagina-ejemplo\/curso-2025-2026\/#primaryimage"},"image":{"@id":"https:\/\/bibliotecas.unileon.es\/tULEctura\/pagina-ejemplo\/curso-2025-2026\/#primaryimage"},"thumbnailUrl":"https:\/\/bibliotecas.unileon.es\/tULEctura\/files\/2023\/07\/club-de-lectura-e1756207624931.jpg","datePublished":"2025-10-01T16:17:20+00:00","breadcrumb":{"@id":"https:\/\/bibliotecas.unileon.es\/tULEctura\/pagina-ejemplo\/curso-2025-2026\/#breadcrumb"},"inLanguage":"es","potentialAction":[{"@type":"ReadAction","target":["https:\/\/bibliotecas.unileon.es\/tULEctura\/pagina-ejemplo\/curso-2025-2026\/"]}]},{"@type":"ImageObject","inLanguage":"es","@id":"https:\/\/bibliotecas.unileon.es\/tULEctura\/pagina-ejemplo\/curso-2025-2026\/#primaryimage","url":"https:\/\/bibliotecas.unileon.es\/tULEctura\/files\/2023\/07\/club-de-lectura-e1756207624931.jpg","contentUrl":"https:\/\/bibliotecas.unileon.es\/tULEctura\/files\/2023\/07\/club-de-lectura-e1756207624931.jpg","width":574,"height":584},{"@type":"BreadcrumbList","@id":"https:\/\/bibliotecas.unileon.es\/tULEctura\/pagina-ejemplo\/curso-2025-2026\/#breadcrumb","itemListElement":[{"@type":"ListItem","position":1,"name":"Home","item":"https:\/\/bibliotecas.unileon.es\/tULEctura\/"},{"@type":"ListItem","position":2,"name":"Club de Lectura","item":"https:\/\/bibliotecas.unileon.es\/tULEctura\/pagina-ejemplo\/"},{"@type":"ListItem","position":3,"name":"Curso 2025-2026"}]},{"@type":"WebSite","@id":"https:\/\/bibliotecas.unileon.es\/tULEctura\/#website","url":"https:\/\/bibliotecas.unileon.es\/tULEctura\/","name":"tULEctura","description":"Espacio de la Universidad de Le\u00f3n dedicado a la lectura","publisher":{"@id":"https:\/\/bibliotecas.unileon.es\/tULEctura\/#organization"},"potentialAction":[{"@type":"SearchAction","target":{"@type":"EntryPoint","urlTemplate":"https:\/\/bibliotecas.unileon.es\/tULEctura\/?s={search_term_string}"},"query-input":{"@type":"PropertyValueSpecification","valueRequired":true,"valueName":"search_term_string"}}],"inLanguage":"es"},{"@type":"Organization","@id":"https:\/\/bibliotecas.unileon.es\/tULEctura\/#organization","name":"Universidad de Le\u00f3n","url":"https:\/\/bibliotecas.unileon.es\/tULEctura\/","logo":{"@type":"ImageObject","inLanguage":"es","@id":"https:\/\/bibliotecas.unileon.es\/tULEctura\/#\/schema\/logo\/image\/","url":"https:\/\/bibliotecas.unileon.es\/tULEctura\/files\/2018\/08\/TULECTURA_LOGO1.png","contentUrl":"https:\/\/bibliotecas.unileon.es\/tULEctura\/files\/2018\/08\/TULECTURA_LOGO1.png","width":"960","height":"258","caption":"Universidad de Le\u00f3n"},"image":{"@id":"https:\/\/bibliotecas.unileon.es\/tULEctura\/#\/schema\/logo\/image\/"},"sameAs":["https:\/\/www.facebook.com\/tulectura.unileon\/","https:\/\/x.com\/tULEctura_ULE","https:\/\/www.instagram.com\/tulectura.unileon\/","https:\/\/www.pinterest.es\/tulectura\/","https:\/\/www.youtube.com\/channel\/UCoWaDD39lVlAQcOchwlTPVw"]}]}},"_links":{"self":[{"href":"https:\/\/bibliotecas.unileon.es\/tULEctura\/wp-json\/wp\/v2\/pages\/49394","targetHints":{"allow":["GET"]}}],"collection":[{"href":"https:\/\/bibliotecas.unileon.es\/tULEctura\/wp-json\/wp\/v2\/pages"}],"about":[{"href":"https:\/\/bibliotecas.unileon.es\/tULEctura\/wp-json\/wp\/v2\/types\/page"}],"author":[{"embeddable":true,"href":"https:\/\/bibliotecas.unileon.es\/tULEctura\/wp-json\/wp\/v2\/users\/73"}],"replies":[{"embeddable":true,"href":"https:\/\/bibliotecas.unileon.es\/tULEctura\/wp-json\/wp\/v2\/comments?post=49394"}],"version-history":[{"count":0,"href":"https:\/\/bibliotecas.unileon.es\/tULEctura\/wp-json\/wp\/v2\/pages\/49394\/revisions"}],"up":[{"embeddable":true,"href":"https:\/\/bibliotecas.unileon.es\/tULEctura\/wp-json\/wp\/v2\/pages\/2"}],"wp:attachment":[{"href":"https:\/\/bibliotecas.unileon.es\/tULEctura\/wp-json\/wp\/v2\/media?parent=49394"}],"curies":[{"name":"wp","href":"https:\/\/api.w.org\/{rel}","templated":true}]}}