{"id":49397,"date":"2025-10-01T13:04:45","date_gmt":"2025-10-01T11:04:45","guid":{"rendered":"https:\/\/bibliotecas.unileon.es\/tULEctura\/?page_id=49397"},"modified":"2025-10-13T13:17:45","modified_gmt":"2025-10-13T11:17:45","slug":"lectura-1-sacrificios-humanos-de-maria-fernanda-ampuero","status":"publish","type":"page","link":"https:\/\/bibliotecas.unileon.es\/tULEctura\/pagina-ejemplo\/curso-2025-2026\/lectura-1-sacrificios-humanos-de-maria-fernanda-ampuero\/","title":{"rendered":"Lectura 1: Sacrificios humanos, de Mar\u00eda Fernanda Ampuero"},"content":{"rendered":"<p>&nbsp;<\/p>\n<p><img decoding=\"async\" src=\"https:\/\/paginasdeespuma.com\/imagenes\/16129706959788483932896_04_h-scaled.jpg\" \/><\/p>\n<p style=\"text-align: justify;\">T\u00edtulo: <i>Sacrificios humanos<\/i><br \/>\nAutor: Ampuero, Mar\u00eda Fernanda<\/p>\n<p style=\"text-align: justify;\">Publicaci\u00f3n: Editorial P\u00e1ginas de Espuma, 2021<br \/>\nDescripci\u00f3n f\u00edsica: 144 p. 16 x 25 cm<br \/>\nColecci\u00f3n: Voces\/ Literatura, 307<br \/>\nISBN: 978-84-8393-289-6<\/p>\n<p style=\"text-align: justify;\"><strong>Calendario<\/strong><\/p>\n<ul style=\"text-align: justify;\">\n<li>Martes 30 de septiembre\u2013 Sesi\u00f3n de Gu\u00eda a la lectura, a cargo de Carlos Andr\u00e9s L\u00f3pez Duque <a href=\"https:\/\/bibliotecas.unileon.es\/tULEctura\/2025\/10\/01\/guia-a-la-lectura-sacrificios-humanos-de-maria-fernanda-ampuero\/\">https:\/\/bibliotecas.unileon.es\/tULEctura\/2025\/10\/01\/guia-a-la-lectura-sacrificios-humanos-de-maria-fernanda-ampuero\/\u00a0<\/a><\/li>\n<li>Martes 7 de octubre\u2013 Sesi\u00f3n de Coloquio de los socios <a href=\"https:\/\/bibliotecas.unileon.es\/tULEctura\/2025\/10\/13\/coloquio-sobre-sacrificios-humanos-de-maria-fernanda-ampuero\/\">https:\/\/bibliotecas.unileon.es\/tULEctura\/2025\/10\/13\/coloquio-sobre-sacrificios-humanos-de-maria-fernanda-ampuero\/<\/a><\/li>\n<li>Jueves 16 de octubre\u2013 Sesi\u00f3n de Encuentro entre socios y autora<\/li>\n<\/ul>\n<p style=\"text-align: justify;\"><strong>Lugar y horario<\/strong><\/p>\n<p style=\"text-align: justify;\">Los encuentros tendr\u00e1n lugar a las 19:00 horas en el sal\u00f3n de Grados de la Facultad de Filosof\u00eda y Letras.<\/p>\n<p style=\"text-align: justify;\">De forma combinada, ofrecemos el formato\u00a0h\u00edbrido online s\u00edncrono a trav\u00e9s de\u00a0<em>Meet<\/em>.<\/p>\n<p style=\"text-align: justify;\"><strong>La autora (informaci\u00f3n ofrecida por la editorial)<\/strong><\/p>\n<p style=\"text-align: justify;\">Mar\u00eda Fernanda Ampuero\u00a0naci\u00f3 en Guayaquil, Ecuador, en 1976 y estudi\u00f3 literatura. Colabora con numerosos medios internacionales y hasta la fecha ha publicado dos libros de cr\u00f3nicas,<em>\u00a0Lo que aprend\u00ed en la peluquer\u00eda<\/em>\u00a0y\u00a0<em>Permiso de residencia<\/em>. En 2016 gan\u00f3 el premio Cosecha E\u00f1e de relato. En esta editorial ha publicado dos libros de cuentos,\u00a0<em>Pelea de Gallos<\/em>\u00a0(2018) y\u00a0<em>Sacrificios humanos<\/em>\u00a0(2021), y\u00a0<em>Visceral<\/em>(2024), una colecci\u00f3n de ensayos entre la autobiograf\u00eda, la memoria y la autoficci\u00f3n. Los tres han sido traducidos a varios idiomas, situ\u00e1ndola como una de las voces m\u00e1s importantes de la literatura latinoamericana actual.<\/p>\n<p style=\"text-align: justify;\"><strong>La obra (informaci\u00f3n ofrecida por la editorial)<\/strong><\/p>\n<p style=\"text-align: justify;\">Todos podemos ser el demonio del otro. Todos podemos ser el sacrificio humano de ese otro.\u00a0Mar\u00eda Fernanda Ampuero, una de las voces imprescindibles de la literatura latinoamericana actual, nos empuja magistralmente a un universo h\u00famedo, podrido y hostil donde la violencia marca la narrativa de nuestras vidas. En ese mundo se yergue una bestia de muchas cabezas que aterroriza y muerde a los d\u00e9biles, a los marginales, a los sacrificables en aras del silencio, de la desigualdad, del odio, del abuso, de la muerte.<\/p>\n<p style=\"text-align: justify;\">As\u00ed, cada historia es un grito que contempla a las v\u00edctimas de estos sacrificios humanos que permanecen cada d\u00eda en los altares de aquellos que los celebran, los ocultan o miran hacia otro lado.<\/p>\n","protected":false},"excerpt":{"rendered":"<p>&nbsp; T\u00edtulo: Sacrificios humanos Autor: Ampuero, Mar\u00eda Fernanda Publicaci\u00f3n: Editorial P\u00e1ginas de Espuma, 2021 Descripci\u00f3n f\u00edsica: 144 p. 16 x 25 cm Colecci\u00f3n: Voces\/ Literatura, 307 ISBN: 978-84-8393-289-6 Calendario Martes 30 de septiembre\u2013 Sesi\u00f3n de Gu\u00eda a la lectura, a cargo de Carlos Andr\u00e9s L\u00f3pez Duque https:\/\/bibliotecas.unileon.es\/tULEctura\/2025\/10\/01\/guia-a-la-lectura-sacrificios-humanos-de-maria-fernanda-ampuero\/\u00a0 Martes 7 de octubre\u2013 Sesi\u00f3n de Coloquio de [&hellip;]<\/p>\n","protected":false},"author":73,"featured_media":0,"parent":49394,"menu_order":0,"comment_status":"closed","ping_status":"closed","template":"","meta":{"_bbp_topic_count":0,"_bbp_reply_count":0,"_bbp_total_topic_count":0,"_bbp_total_reply_count":0,"_bbp_voice_count":0,"_bbp_anonymous_reply_count":0,"_bbp_topic_count_hidden":0,"_bbp_reply_count_hidden":0,"_bbp_forum_subforum_count":0,"_monsterinsights_skip_tracking":false,"_monsterinsights_sitenote_active":false,"_monsterinsights_sitenote_note":"","_monsterinsights_sitenote_category":0,"footnotes":""},"class_list":["post-49397","page","type-page","status-publish","hentry"],"yoast_head":"<!-- This site is optimized with the Yoast SEO plugin v25.8 - https:\/\/yoast.com\/wordpress\/plugins\/seo\/ -->\n<title>Lectura 1: Sacrificios humanos, de Mar\u00eda Fernanda Ampuero - tULEctura<\/title>\n<meta name=\"robots\" content=\"index, follow, max-snippet:-1, max-image-preview:large, max-video-preview:-1\" \/>\n<link rel=\"canonical\" href=\"https:\/\/bibliotecas.unileon.es\/tULEctura\/pagina-ejemplo\/curso-2025-2026\/lectura-1-sacrificios-humanos-de-maria-fernanda-ampuero\/\" \/>\n<meta property=\"og:locale\" content=\"es_ES\" \/>\n<meta property=\"og:type\" content=\"article\" \/>\n<meta property=\"og:title\" content=\"Lectura 1: Sacrificios humanos, de Mar\u00eda Fernanda Ampuero - tULEctura\" \/>\n<meta property=\"og:description\" content=\"&nbsp; T\u00edtulo: Sacrificios humanos Autor: Ampuero, Mar\u00eda Fernanda Publicaci\u00f3n: Editorial P\u00e1ginas de Espuma, 2021 Descripci\u00f3n f\u00edsica: 144 p. 16 x 25 cm Colecci\u00f3n: Voces\/ Literatura, 307 ISBN: 978-84-8393-289-6 Calendario Martes 30 de septiembre\u2013 Sesi\u00f3n de Gu\u00eda a la lectura, a cargo de Carlos Andr\u00e9s L\u00f3pez Duque https:\/\/bibliotecas.unileon.es\/tULEctura\/2025\/10\/01\/guia-a-la-lectura-sacrificios-humanos-de-maria-fernanda-ampuero\/\u00a0 Martes 7 de octubre\u2013 Sesi\u00f3n de Coloquio de [&hellip;]\" \/>\n<meta property=\"og:url\" content=\"https:\/\/bibliotecas.unileon.es\/tULEctura\/pagina-ejemplo\/curso-2025-2026\/lectura-1-sacrificios-humanos-de-maria-fernanda-ampuero\/\" \/>\n<meta property=\"og:site_name\" content=\"tULEctura\" \/>\n<meta property=\"article:publisher\" content=\"https:\/\/www.facebook.com\/tulectura.unileon\/\" \/>\n<meta property=\"article:modified_time\" content=\"2025-10-13T11:17:45+00:00\" \/>\n<meta property=\"og:image\" content=\"https:\/\/paginasdeespuma.com\/imagenes\/16129706959788483932896_04_h-scaled.jpg\" \/>\n<meta name=\"twitter:card\" content=\"summary_large_image\" \/>\n<meta name=\"twitter:site\" content=\"@tULEctura_ULE\" \/>\n<meta name=\"twitter:label1\" content=\"Tiempo de lectura\" \/>\n\t<meta name=\"twitter:data1\" content=\"2 minutos\" \/>\n<script type=\"application\/ld+json\" class=\"yoast-schema-graph\">{\"@context\":\"https:\/\/schema.org\",\"@graph\":[{\"@type\":\"WebPage\",\"@id\":\"https:\/\/bibliotecas.unileon.es\/tULEctura\/pagina-ejemplo\/curso-2025-2026\/lectura-1-sacrificios-humanos-de-maria-fernanda-ampuero\/\",\"url\":\"https:\/\/bibliotecas.unileon.es\/tULEctura\/pagina-ejemplo\/curso-2025-2026\/lectura-1-sacrificios-humanos-de-maria-fernanda-ampuero\/\",\"name\":\"Lectura 1: Sacrificios humanos, de Mar\u00eda Fernanda Ampuero - tULEctura\",\"isPartOf\":{\"@id\":\"https:\/\/bibliotecas.unileon.es\/tULEctura\/#website\"},\"primaryImageOfPage\":{\"@id\":\"https:\/\/bibliotecas.unileon.es\/tULEctura\/pagina-ejemplo\/curso-2025-2026\/lectura-1-sacrificios-humanos-de-maria-fernanda-ampuero\/#primaryimage\"},\"image\":{\"@id\":\"https:\/\/bibliotecas.unileon.es\/tULEctura\/pagina-ejemplo\/curso-2025-2026\/lectura-1-sacrificios-humanos-de-maria-fernanda-ampuero\/#primaryimage\"},\"thumbnailUrl\":\"https:\/\/paginasdeespuma.com\/imagenes\/16129706959788483932896_04_h-scaled.jpg\",\"datePublished\":\"2025-10-01T11:04:45+00:00\",\"dateModified\":\"2025-10-13T11:17:45+00:00\",\"breadcrumb\":{\"@id\":\"https:\/\/bibliotecas.unileon.es\/tULEctura\/pagina-ejemplo\/curso-2025-2026\/lectura-1-sacrificios-humanos-de-maria-fernanda-ampuero\/#breadcrumb\"},\"inLanguage\":\"es\",\"potentialAction\":[{\"@type\":\"ReadAction\",\"target\":[\"https:\/\/bibliotecas.unileon.es\/tULEctura\/pagina-ejemplo\/curso-2025-2026\/lectura-1-sacrificios-humanos-de-maria-fernanda-ampuero\/\"]}]},{\"@type\":\"ImageObject\",\"inLanguage\":\"es\",\"@id\":\"https:\/\/bibliotecas.unileon.es\/tULEctura\/pagina-ejemplo\/curso-2025-2026\/lectura-1-sacrificios-humanos-de-maria-fernanda-ampuero\/#primaryimage\",\"url\":\"https:\/\/paginasdeespuma.com\/imagenes\/16129706959788483932896_04_h-scaled.jpg\",\"contentUrl\":\"https:\/\/paginasdeespuma.com\/imagenes\/16129706959788483932896_04_h-scaled.jpg\"},{\"@type\":\"BreadcrumbList\",\"@id\":\"https:\/\/bibliotecas.unileon.es\/tULEctura\/pagina-ejemplo\/curso-2025-2026\/lectura-1-sacrificios-humanos-de-maria-fernanda-ampuero\/#breadcrumb\",\"itemListElement\":[{\"@type\":\"ListItem\",\"position\":1,\"name\":\"Home\",\"item\":\"https:\/\/bibliotecas.unileon.es\/tULEctura\/\"},{\"@type\":\"ListItem\",\"position\":2,\"name\":\"Club de Lectura\",\"item\":\"https:\/\/bibliotecas.unileon.es\/tULEctura\/pagina-ejemplo\/\"},{\"@type\":\"ListItem\",\"position\":3,\"name\":\"Curso 2025-2026\",\"item\":\"https:\/\/bibliotecas.unileon.es\/tULEctura\/pagina-ejemplo\/curso-2025-2026\/\"},{\"@type\":\"ListItem\",\"position\":4,\"name\":\"Lectura 1: Sacrificios humanos, de Mar\u00eda Fernanda Ampuero\"}]},{\"@type\":\"WebSite\",\"@id\":\"https:\/\/bibliotecas.unileon.es\/tULEctura\/#website\",\"url\":\"https:\/\/bibliotecas.unileon.es\/tULEctura\/\",\"name\":\"tULEctura\",\"description\":\"Espacio de la Universidad de Le\u00f3n dedicado a la lectura\",\"publisher\":{\"@id\":\"https:\/\/bibliotecas.unileon.es\/tULEctura\/#organization\"},\"potentialAction\":[{\"@type\":\"SearchAction\",\"target\":{\"@type\":\"EntryPoint\",\"urlTemplate\":\"https:\/\/bibliotecas.unileon.es\/tULEctura\/?s={search_term_string}\"},\"query-input\":{\"@type\":\"PropertyValueSpecification\",\"valueRequired\":true,\"valueName\":\"search_term_string\"}}],\"inLanguage\":\"es\"},{\"@type\":\"Organization\",\"@id\":\"https:\/\/bibliotecas.unileon.es\/tULEctura\/#organization\",\"name\":\"Universidad de Le\u00f3n\",\"url\":\"https:\/\/bibliotecas.unileon.es\/tULEctura\/\",\"logo\":{\"@type\":\"ImageObject\",\"inLanguage\":\"es\",\"@id\":\"https:\/\/bibliotecas.unileon.es\/tULEctura\/#\/schema\/logo\/image\/\",\"url\":\"https:\/\/bibliotecas.unileon.es\/tULEctura\/files\/2018\/08\/TULECTURA_LOGO1.png\",\"contentUrl\":\"https:\/\/bibliotecas.unileon.es\/tULEctura\/files\/2018\/08\/TULECTURA_LOGO1.png\",\"width\":\"960\",\"height\":\"258\",\"caption\":\"Universidad de Le\u00f3n\"},\"image\":{\"@id\":\"https:\/\/bibliotecas.unileon.es\/tULEctura\/#\/schema\/logo\/image\/\"},\"sameAs\":[\"https:\/\/www.facebook.com\/tulectura.unileon\/\",\"https:\/\/x.com\/tULEctura_ULE\",\"https:\/\/www.instagram.com\/tulectura.unileon\/\",\"https:\/\/www.pinterest.es\/tulectura\/\",\"https:\/\/www.youtube.com\/channel\/UCoWaDD39lVlAQcOchwlTPVw\"]}]}<\/script>\n<!-- \/ Yoast SEO plugin. -->","yoast_head_json":{"title":"Lectura 1: Sacrificios humanos, de Mar\u00eda Fernanda Ampuero - tULEctura","robots":{"index":"index","follow":"follow","max-snippet":"max-snippet:-1","max-image-preview":"max-image-preview:large","max-video-preview":"max-video-preview:-1"},"canonical":"https:\/\/bibliotecas.unileon.es\/tULEctura\/pagina-ejemplo\/curso-2025-2026\/lectura-1-sacrificios-humanos-de-maria-fernanda-ampuero\/","og_locale":"es_ES","og_type":"article","og_title":"Lectura 1: Sacrificios humanos, de Mar\u00eda Fernanda Ampuero - tULEctura","og_description":"&nbsp; T\u00edtulo: Sacrificios humanos Autor: Ampuero, Mar\u00eda Fernanda Publicaci\u00f3n: Editorial P\u00e1ginas de Espuma, 2021 Descripci\u00f3n f\u00edsica: 144 p. 16 x 25 cm Colecci\u00f3n: Voces\/ Literatura, 307 ISBN: 978-84-8393-289-6 Calendario Martes 30 de septiembre\u2013 Sesi\u00f3n de Gu\u00eda a la lectura, a cargo de Carlos Andr\u00e9s L\u00f3pez Duque https:\/\/bibliotecas.unileon.es\/tULEctura\/2025\/10\/01\/guia-a-la-lectura-sacrificios-humanos-de-maria-fernanda-ampuero\/\u00a0 Martes 7 de octubre\u2013 Sesi\u00f3n de Coloquio de [&hellip;]","og_url":"https:\/\/bibliotecas.unileon.es\/tULEctura\/pagina-ejemplo\/curso-2025-2026\/lectura-1-sacrificios-humanos-de-maria-fernanda-ampuero\/","og_site_name":"tULEctura","article_publisher":"https:\/\/www.facebook.com\/tulectura.unileon\/","article_modified_time":"2025-10-13T11:17:45+00:00","og_image":[{"url":"https:\/\/paginasdeespuma.com\/imagenes\/16129706959788483932896_04_h-scaled.jpg","type":"","width":"","height":""}],"twitter_card":"summary_large_image","twitter_site":"@tULEctura_ULE","twitter_misc":{"Tiempo de lectura":"2 minutos"},"schema":{"@context":"https:\/\/schema.org","@graph":[{"@type":"WebPage","@id":"https:\/\/bibliotecas.unileon.es\/tULEctura\/pagina-ejemplo\/curso-2025-2026\/lectura-1-sacrificios-humanos-de-maria-fernanda-ampuero\/","url":"https:\/\/bibliotecas.unileon.es\/tULEctura\/pagina-ejemplo\/curso-2025-2026\/lectura-1-sacrificios-humanos-de-maria-fernanda-ampuero\/","name":"Lectura 1: Sacrificios humanos, de Mar\u00eda Fernanda Ampuero - tULEctura","isPartOf":{"@id":"https:\/\/bibliotecas.unileon.es\/tULEctura\/#website"},"primaryImageOfPage":{"@id":"https:\/\/bibliotecas.unileon.es\/tULEctura\/pagina-ejemplo\/curso-2025-2026\/lectura-1-sacrificios-humanos-de-maria-fernanda-ampuero\/#primaryimage"},"image":{"@id":"https:\/\/bibliotecas.unileon.es\/tULEctura\/pagina-ejemplo\/curso-2025-2026\/lectura-1-sacrificios-humanos-de-maria-fernanda-ampuero\/#primaryimage"},"thumbnailUrl":"https:\/\/paginasdeespuma.com\/imagenes\/16129706959788483932896_04_h-scaled.jpg","datePublished":"2025-10-01T11:04:45+00:00","dateModified":"2025-10-13T11:17:45+00:00","breadcrumb":{"@id":"https:\/\/bibliotecas.unileon.es\/tULEctura\/pagina-ejemplo\/curso-2025-2026\/lectura-1-sacrificios-humanos-de-maria-fernanda-ampuero\/#breadcrumb"},"inLanguage":"es","potentialAction":[{"@type":"ReadAction","target":["https:\/\/bibliotecas.unileon.es\/tULEctura\/pagina-ejemplo\/curso-2025-2026\/lectura-1-sacrificios-humanos-de-maria-fernanda-ampuero\/"]}]},{"@type":"ImageObject","inLanguage":"es","@id":"https:\/\/bibliotecas.unileon.es\/tULEctura\/pagina-ejemplo\/curso-2025-2026\/lectura-1-sacrificios-humanos-de-maria-fernanda-ampuero\/#primaryimage","url":"https:\/\/paginasdeespuma.com\/imagenes\/16129706959788483932896_04_h-scaled.jpg","contentUrl":"https:\/\/paginasdeespuma.com\/imagenes\/16129706959788483932896_04_h-scaled.jpg"},{"@type":"BreadcrumbList","@id":"https:\/\/bibliotecas.unileon.es\/tULEctura\/pagina-ejemplo\/curso-2025-2026\/lectura-1-sacrificios-humanos-de-maria-fernanda-ampuero\/#breadcrumb","itemListElement":[{"@type":"ListItem","position":1,"name":"Home","item":"https:\/\/bibliotecas.unileon.es\/tULEctura\/"},{"@type":"ListItem","position":2,"name":"Club de Lectura","item":"https:\/\/bibliotecas.unileon.es\/tULEctura\/pagina-ejemplo\/"},{"@type":"ListItem","position":3,"name":"Curso 2025-2026","item":"https:\/\/bibliotecas.unileon.es\/tULEctura\/pagina-ejemplo\/curso-2025-2026\/"},{"@type":"ListItem","position":4,"name":"Lectura 1: Sacrificios humanos, de Mar\u00eda Fernanda Ampuero"}]},{"@type":"WebSite","@id":"https:\/\/bibliotecas.unileon.es\/tULEctura\/#website","url":"https:\/\/bibliotecas.unileon.es\/tULEctura\/","name":"tULEctura","description":"Espacio de la Universidad de Le\u00f3n dedicado a la lectura","publisher":{"@id":"https:\/\/bibliotecas.unileon.es\/tULEctura\/#organization"},"potentialAction":[{"@type":"SearchAction","target":{"@type":"EntryPoint","urlTemplate":"https:\/\/bibliotecas.unileon.es\/tULEctura\/?s={search_term_string}"},"query-input":{"@type":"PropertyValueSpecification","valueRequired":true,"valueName":"search_term_string"}}],"inLanguage":"es"},{"@type":"Organization","@id":"https:\/\/bibliotecas.unileon.es\/tULEctura\/#organization","name":"Universidad de Le\u00f3n","url":"https:\/\/bibliotecas.unileon.es\/tULEctura\/","logo":{"@type":"ImageObject","inLanguage":"es","@id":"https:\/\/bibliotecas.unileon.es\/tULEctura\/#\/schema\/logo\/image\/","url":"https:\/\/bibliotecas.unileon.es\/tULEctura\/files\/2018\/08\/TULECTURA_LOGO1.png","contentUrl":"https:\/\/bibliotecas.unileon.es\/tULEctura\/files\/2018\/08\/TULECTURA_LOGO1.png","width":"960","height":"258","caption":"Universidad de Le\u00f3n"},"image":{"@id":"https:\/\/bibliotecas.unileon.es\/tULEctura\/#\/schema\/logo\/image\/"},"sameAs":["https:\/\/www.facebook.com\/tulectura.unileon\/","https:\/\/x.com\/tULEctura_ULE","https:\/\/www.instagram.com\/tulectura.unileon\/","https:\/\/www.pinterest.es\/tulectura\/","https:\/\/www.youtube.com\/channel\/UCoWaDD39lVlAQcOchwlTPVw"]}]}},"_links":{"self":[{"href":"https:\/\/bibliotecas.unileon.es\/tULEctura\/wp-json\/wp\/v2\/pages\/49397","targetHints":{"allow":["GET"]}}],"collection":[{"href":"https:\/\/bibliotecas.unileon.es\/tULEctura\/wp-json\/wp\/v2\/pages"}],"about":[{"href":"https:\/\/bibliotecas.unileon.es\/tULEctura\/wp-json\/wp\/v2\/types\/page"}],"author":[{"embeddable":true,"href":"https:\/\/bibliotecas.unileon.es\/tULEctura\/wp-json\/wp\/v2\/users\/73"}],"replies":[{"embeddable":true,"href":"https:\/\/bibliotecas.unileon.es\/tULEctura\/wp-json\/wp\/v2\/comments?post=49397"}],"version-history":[{"count":1,"href":"https:\/\/bibliotecas.unileon.es\/tULEctura\/wp-json\/wp\/v2\/pages\/49397\/revisions"}],"predecessor-version":[{"id":49427,"href":"https:\/\/bibliotecas.unileon.es\/tULEctura\/wp-json\/wp\/v2\/pages\/49397\/revisions\/49427"}],"up":[{"embeddable":true,"href":"https:\/\/bibliotecas.unileon.es\/tULEctura\/wp-json\/wp\/v2\/pages\/49394"}],"wp:attachment":[{"href":"https:\/\/bibliotecas.unileon.es\/tULEctura\/wp-json\/wp\/v2\/media?parent=49397"}],"curies":[{"name":"wp","href":"https:\/\/api.w.org\/{rel}","templated":true}]}}