{"id":49398,"date":"2025-10-01T18:21:31","date_gmt":"2025-10-01T16:21:31","guid":{"rendered":"https:\/\/bibliotecas.unileon.es\/tULEctura\/?page_id=49398"},"modified":"2025-10-22T10:49:46","modified_gmt":"2025-10-22T08:49:46","slug":"lectura-2-la-nostalgia-de-la-mujer-anfibio-de-cristina-sanchez-andrade","status":"publish","type":"page","link":"https:\/\/bibliotecas.unileon.es\/tULEctura\/pagina-ejemplo\/curso-2025-2026\/lectura-2-la-nostalgia-de-la-mujer-anfibio-de-cristina-sanchez-andrade\/","title":{"rendered":"Lectura 2: La nostalgia de la Mujer Anfibio, de Cristina S\u00e1nchez-Andrade"},"content":{"rendered":"<p><img decoding=\"async\" src=\"https:\/\/cms.anagrama-ed.es\/uploads\/media\/portadas\/0001\/26\/thumb_25797_portadas_big.jpeg\" alt=\"La nostalgia de la Mujer Anfibio\" \/><\/p>\n<p style=\"text-align: justify;\">T\u00edtulo:\u00a0<em>La nostalgia de la Mujer Anfibio<\/em><br \/>\nAutora: Cristina S\u00e1nchez-Andrade<\/p>\n<p style=\"text-align: justify;\">Publicaci\u00f3n: Editorial Anagrama S.A.U., 2022<br \/>\nDescripci\u00f3n f\u00edsica: 272 p. 22 x 14 cm<br \/>\nColecci\u00f3n: Narrativas hisp\u00e1nicas<br \/>\nISBN: 978-84-339-9939-9<\/p>\n<p style=\"text-align: justify;\"><strong>Calendario<\/strong><\/p>\n<ul style=\"text-align: justify;\">\n<li style=\"text-align: justify;\">Martes 21 de octubre \u2013 Sesi\u00f3n de Gu\u00eda a la lectura, a cargo de Rosa M.\u00aa D\u00edez Cobo <a href=\"https:\/\/bibliotecas.unileon.es\/tULEctura\/2025\/10\/21\/guia-a-la-lectura-la-nostalgia-de-la-mujer-anfibio-de-cristina-sanchez-andrade\/\">https:\/\/bibliotecas.unileon.es\/tULEctura\/2025\/10\/21\/guia-a-la-lectura-la-nostalgia-de-la-mujer-anfibio-de-cristina-sanchez-andrade\/\u00a0\u00a0<\/a><\/li>\n<li>Martes 28 de octubre \u2013 Sesi\u00f3n de Coloquio de los socios<\/li>\n<li>Martes 16 de diciembre \u2013 Sesi\u00f3n de Encuentro entre socios y autora<\/li>\n<\/ul>\n<p style=\"text-align: justify;\"><strong>Lugar y horario<\/strong><\/p>\n<p style=\"text-align: justify;\">Los encuentros tendr\u00e1n lugar a las 19:00 horas en dos localizaciones. Por un lado, la sala de conferencias de la Biblioteca General San Isidoro, sede del club le lectura (sesiones del 21 y 28 de octubre). Por otro lado, el Sal\u00f3n de Grados de la Facultad de Filosof\u00eda y Letras (16 de diciembre).<\/p>\n<p style=\"text-align: justify;\">De forma combinada, ofrecemos el formato\u00a0h\u00edbrido online s\u00edncrono a trav\u00e9s de\u00a0<em>Meet<\/em>.<\/p>\n<p style=\"text-align: justify;\"><strong>La autora (informaci\u00f3n ofrecida por la editorial)<\/strong><\/p>\n<p style=\"text-align: justify;\">Cristina S\u00e1nchez-Andrade\u00a0es escritora, cr\u00edtica literaria y\u00a0traductora. Licenciada en Ciencias de la Informaci\u00f3n\u00a0y en Derecho, es natural de Santiago de Compostela.\u00a0Actualmente vive en Madrid, donde compagina su labor\u00a0como novelista con la docencia universitaria y con\u00a0colaboraciones en distintos medios, entre ellos\u00a0<em>La Voz\u00a0de Galicia<\/em>\u00a0y\u00a0<em>El Pa\u00eds<\/em>. En Anagrama ha publicado las novelas\u00a0<em>Ya no pisa la tierra tu rey<\/em>\u00a0(Premio Sor Juana In\u00e9s de\u00a0la Cruz 2004);\u00a0<em>Las Inviernas<\/em>: \u00abEl libro m\u00e1s bonito que he\u00a0le\u00eddo jam\u00e1s\u00bb (Javier Puebla,\u00a0<em>Cambio 16<\/em>);\u00a0<em>Alguien bajo\u00a0los p\u00e1rpados<\/em>: \u00abFascinante&#8230; Las magn\u00edficas dotes inventivas\u00a0de S\u00e1nchez-Andrade deparan una f\u00e1bula carnavalesca\u00a0tan loca y divertida como enga\u00f1osa, porque cuenta\u00a0una tragedia\u00bb (Santos Sanz Villanueva,\u00a0<em>El Cultural<\/em>),\u00a0\u00a0<em>La nostalgia de la Mujer Anfibio<\/em>: \u00abLos lectores quedar\u00e1n\u00a0prendados\u2026 Una fiesta de la inventiva\u00bb (Ernesto Ayala-Dip,\u00a0<em>Babelia<\/em>) y\u00a0<em>Habitada:\u00a0<\/em>\u00abEsquiva el realismo com\u00fan y da rienda suelta a una creatividad absoluta\u00bb (Santos Sanz Villanueva,\u00a0<em>El Cultural<\/em>); el libro de cuentos\u00a0<em>El ni\u00f1o que com\u00eda lana<\/em>,\u00a0galardonado con el XVII Premio Setenil al mejor libro de\u00a0relatos: \u00abDespliega originalidad, mala leche, destilados\u00a0surrealistas y una mirada c\u00e1ustica\u00bb (\u00cd\u00f1igo Urrutia,\u00a0<em>El Diario\u00a0Vasco<\/em>); el breve ensayo\u00a0<em>F\u00e1mulas\u00a0<\/em>y el libro de poes\u00eda\u00a0<em>Llenos los ni\u00f1os de \u00e1rboles<\/em>. Su obra ha sido traducida al\u00a0ingl\u00e9s, portugu\u00e9s, italiano, polaco y ruso.<\/p>\n<p style=\"text-align: justify;\"><strong>La obra (informaci\u00f3n ofrecida por la editorial)<\/strong><\/p>\n<p style=\"text-align: justify;\">La anciana Lucha est\u00e1 a punto de morir asesinada por su marido ante la mirada at\u00f3nita de su nieta. El origen del rencor acumulado durante d\u00e9cadas se remonta a la madrugada del 2 de enero de 1921. La joven Lucha vivi\u00f3 el naufragio del vapor\u00a0<em>Santa Isabel<\/em>\u00a0en la bocana de la r\u00eda de Arousa, frente a la isla de S\u00e1lvora. Mientras los hombres celebraban la llegada del a\u00f1o nuevo, las mujeres se enfrentaban solas al rescate de los n\u00e1ufragos lanz\u00e1ndose al mar con sus dornas. Fueron consideradas hero\u00ednas, pero tambi\u00e9n se escucharon rumores acerca de comportamientos no tan \u00e9picos, en los que conviv\u00edan la codicia y el pillaje. Aquella noche Lucha acudi\u00f3 a la playa vestida de novia: arrastraba su larga cabellera, y dej\u00f3 que la confusi\u00f3n la condujese frente un n\u00e1ufrago desnudo pero tocado con un sombrero de copa. \u00bfQui\u00e9n era? \u00bfUn m\u00fasico ingl\u00e9s o la encarnaci\u00f3n del diablo? \u00bfPor qu\u00e9 Lucha acab\u00f3 desnuda como \u00e9l? Lo que sucedi\u00f3 aquel d\u00eda marcar\u00e1 su vida, la de su hija y tambi\u00e9n la de su nieta.<\/p>\n<p style=\"text-align: justify;\">La combinaci\u00f3n de un hecho hist\u00f3rico de enorme repercusi\u00f3n en su d\u00eda, con la ficci\u00f3n permite a Cristina S\u00e1nchez-Andrade hacer un singular recorrido por tres generaciones de mujeres de una peque\u00f1a comunidad pesquera llena de personajes memorables (como el enigm\u00e1tico hippie Stardust, o la mojigata Jesusa). Una vez m\u00e1s, la autora mezcla con pericia el realismo m\u00e1s crudo con el delirio surreal, convocando certeros aromas del tremendismo de Cela, el realismo m\u00e1gico de Cunqueiro y el esperpento de Valle-Incl\u00e1n. El resultado es una novela fascinante: una reflexi\u00f3n sobre la memoria en la que intervienen secretos y celos, la culpa colectiva y el deseo femenino; un desaf\u00edo al lector, escrito con una destreza t\u00e9cnica y una prosa excepcional, capaz de crear un juego hipn\u00f3tico que no concluye hasta la \u00faltima p\u00e1gina.<\/p>\n","protected":false},"excerpt":{"rendered":"<p>T\u00edtulo:\u00a0La nostalgia de la Mujer Anfibio Autora: Cristina S\u00e1nchez-Andrade Publicaci\u00f3n: Editorial Anagrama S.A.U., 2022 Descripci\u00f3n f\u00edsica: 272 p. 22 x 14 cm Colecci\u00f3n: Narrativas hisp\u00e1nicas ISBN: 978-84-339-9939-9 Calendario Martes 21 de octubre \u2013 Sesi\u00f3n de Gu\u00eda a la lectura, a cargo de Rosa M.\u00aa D\u00edez Cobo https:\/\/bibliotecas.unileon.es\/tULEctura\/2025\/10\/21\/guia-a-la-lectura-la-nostalgia-de-la-mujer-anfibio-de-cristina-sanchez-andrade\/\u00a0\u00a0 Martes 28 de octubre \u2013 Sesi\u00f3n de Coloquio [&hellip;]<\/p>\n","protected":false},"author":73,"featured_media":0,"parent":49394,"menu_order":0,"comment_status":"closed","ping_status":"closed","template":"","meta":{"_bbp_topic_count":0,"_bbp_reply_count":0,"_bbp_total_topic_count":0,"_bbp_total_reply_count":0,"_bbp_voice_count":0,"_bbp_anonymous_reply_count":0,"_bbp_topic_count_hidden":0,"_bbp_reply_count_hidden":0,"_bbp_forum_subforum_count":0,"_monsterinsights_skip_tracking":false,"_monsterinsights_sitenote_active":false,"_monsterinsights_sitenote_note":"","_monsterinsights_sitenote_category":0,"footnotes":""},"class_list":["post-49398","page","type-page","status-publish","hentry"],"yoast_head":"<!-- This site is optimized with the Yoast SEO plugin v25.8 - https:\/\/yoast.com\/wordpress\/plugins\/seo\/ -->\n<title>Lectura 2: La nostalgia de la Mujer Anfibio, de Cristina S\u00e1nchez-Andrade - tULEctura<\/title>\n<meta name=\"robots\" content=\"index, follow, max-snippet:-1, max-image-preview:large, max-video-preview:-1\" \/>\n<link rel=\"canonical\" href=\"https:\/\/bibliotecas.unileon.es\/tULEctura\/pagina-ejemplo\/curso-2025-2026\/lectura-2-la-nostalgia-de-la-mujer-anfibio-de-cristina-sanchez-andrade\/\" \/>\n<meta property=\"og:locale\" content=\"es_ES\" \/>\n<meta property=\"og:type\" content=\"article\" \/>\n<meta property=\"og:title\" content=\"Lectura 2: La nostalgia de la Mujer Anfibio, de Cristina S\u00e1nchez-Andrade - tULEctura\" \/>\n<meta property=\"og:description\" content=\"T\u00edtulo:\u00a0La nostalgia de la Mujer Anfibio Autora: Cristina S\u00e1nchez-Andrade Publicaci\u00f3n: Editorial Anagrama S.A.U., 2022 Descripci\u00f3n f\u00edsica: 272 p. 22 x 14 cm Colecci\u00f3n: Narrativas hisp\u00e1nicas ISBN: 978-84-339-9939-9 Calendario Martes 21 de octubre \u2013 Sesi\u00f3n de Gu\u00eda a la lectura, a cargo de Rosa M.\u00aa D\u00edez Cobo https:\/\/bibliotecas.unileon.es\/tULEctura\/2025\/10\/21\/guia-a-la-lectura-la-nostalgia-de-la-mujer-anfibio-de-cristina-sanchez-andrade\/\u00a0\u00a0 Martes 28 de octubre \u2013 Sesi\u00f3n de Coloquio [&hellip;]\" \/>\n<meta property=\"og:url\" content=\"https:\/\/bibliotecas.unileon.es\/tULEctura\/pagina-ejemplo\/curso-2025-2026\/lectura-2-la-nostalgia-de-la-mujer-anfibio-de-cristina-sanchez-andrade\/\" \/>\n<meta property=\"og:site_name\" content=\"tULEctura\" \/>\n<meta property=\"article:publisher\" content=\"https:\/\/www.facebook.com\/tulectura.unileon\/\" \/>\n<meta property=\"article:modified_time\" content=\"2025-10-22T08:49:46+00:00\" \/>\n<meta property=\"og:image\" content=\"https:\/\/cms.anagrama-ed.es\/uploads\/media\/portadas\/0001\/26\/thumb_25797_portadas_big.jpeg\" \/>\n<meta name=\"twitter:card\" content=\"summary_large_image\" \/>\n<meta name=\"twitter:site\" content=\"@tULEctura_ULE\" \/>\n<meta name=\"twitter:label1\" content=\"Tiempo de lectura\" \/>\n\t<meta name=\"twitter:data1\" content=\"4 minutos\" \/>\n<script type=\"application\/ld+json\" class=\"yoast-schema-graph\">{\"@context\":\"https:\/\/schema.org\",\"@graph\":[{\"@type\":\"WebPage\",\"@id\":\"https:\/\/bibliotecas.unileon.es\/tULEctura\/pagina-ejemplo\/curso-2025-2026\/lectura-2-la-nostalgia-de-la-mujer-anfibio-de-cristina-sanchez-andrade\/\",\"url\":\"https:\/\/bibliotecas.unileon.es\/tULEctura\/pagina-ejemplo\/curso-2025-2026\/lectura-2-la-nostalgia-de-la-mujer-anfibio-de-cristina-sanchez-andrade\/\",\"name\":\"Lectura 2: La nostalgia de la Mujer Anfibio, de Cristina S\u00e1nchez-Andrade - tULEctura\",\"isPartOf\":{\"@id\":\"https:\/\/bibliotecas.unileon.es\/tULEctura\/#website\"},\"primaryImageOfPage\":{\"@id\":\"https:\/\/bibliotecas.unileon.es\/tULEctura\/pagina-ejemplo\/curso-2025-2026\/lectura-2-la-nostalgia-de-la-mujer-anfibio-de-cristina-sanchez-andrade\/#primaryimage\"},\"image\":{\"@id\":\"https:\/\/bibliotecas.unileon.es\/tULEctura\/pagina-ejemplo\/curso-2025-2026\/lectura-2-la-nostalgia-de-la-mujer-anfibio-de-cristina-sanchez-andrade\/#primaryimage\"},\"thumbnailUrl\":\"https:\/\/cms.anagrama-ed.es\/uploads\/media\/portadas\/0001\/26\/thumb_25797_portadas_big.jpeg\",\"datePublished\":\"2025-10-01T16:21:31+00:00\",\"dateModified\":\"2025-10-22T08:49:46+00:00\",\"breadcrumb\":{\"@id\":\"https:\/\/bibliotecas.unileon.es\/tULEctura\/pagina-ejemplo\/curso-2025-2026\/lectura-2-la-nostalgia-de-la-mujer-anfibio-de-cristina-sanchez-andrade\/#breadcrumb\"},\"inLanguage\":\"es\",\"potentialAction\":[{\"@type\":\"ReadAction\",\"target\":[\"https:\/\/bibliotecas.unileon.es\/tULEctura\/pagina-ejemplo\/curso-2025-2026\/lectura-2-la-nostalgia-de-la-mujer-anfibio-de-cristina-sanchez-andrade\/\"]}]},{\"@type\":\"ImageObject\",\"inLanguage\":\"es\",\"@id\":\"https:\/\/bibliotecas.unileon.es\/tULEctura\/pagina-ejemplo\/curso-2025-2026\/lectura-2-la-nostalgia-de-la-mujer-anfibio-de-cristina-sanchez-andrade\/#primaryimage\",\"url\":\"https:\/\/cms.anagrama-ed.es\/uploads\/media\/portadas\/0001\/26\/thumb_25797_portadas_big.jpeg\",\"contentUrl\":\"https:\/\/cms.anagrama-ed.es\/uploads\/media\/portadas\/0001\/26\/thumb_25797_portadas_big.jpeg\"},{\"@type\":\"BreadcrumbList\",\"@id\":\"https:\/\/bibliotecas.unileon.es\/tULEctura\/pagina-ejemplo\/curso-2025-2026\/lectura-2-la-nostalgia-de-la-mujer-anfibio-de-cristina-sanchez-andrade\/#breadcrumb\",\"itemListElement\":[{\"@type\":\"ListItem\",\"position\":1,\"name\":\"Home\",\"item\":\"https:\/\/bibliotecas.unileon.es\/tULEctura\/\"},{\"@type\":\"ListItem\",\"position\":2,\"name\":\"Club de Lectura\",\"item\":\"https:\/\/bibliotecas.unileon.es\/tULEctura\/pagina-ejemplo\/\"},{\"@type\":\"ListItem\",\"position\":3,\"name\":\"Curso 2025-2026\",\"item\":\"https:\/\/bibliotecas.unileon.es\/tULEctura\/pagina-ejemplo\/curso-2025-2026\/\"},{\"@type\":\"ListItem\",\"position\":4,\"name\":\"Lectura 2: La nostalgia de la Mujer Anfibio, de Cristina S\u00e1nchez-Andrade\"}]},{\"@type\":\"WebSite\",\"@id\":\"https:\/\/bibliotecas.unileon.es\/tULEctura\/#website\",\"url\":\"https:\/\/bibliotecas.unileon.es\/tULEctura\/\",\"name\":\"tULEctura\",\"description\":\"Espacio de la Universidad de Le\u00f3n dedicado a la lectura\",\"publisher\":{\"@id\":\"https:\/\/bibliotecas.unileon.es\/tULEctura\/#organization\"},\"potentialAction\":[{\"@type\":\"SearchAction\",\"target\":{\"@type\":\"EntryPoint\",\"urlTemplate\":\"https:\/\/bibliotecas.unileon.es\/tULEctura\/?s={search_term_string}\"},\"query-input\":{\"@type\":\"PropertyValueSpecification\",\"valueRequired\":true,\"valueName\":\"search_term_string\"}}],\"inLanguage\":\"es\"},{\"@type\":\"Organization\",\"@id\":\"https:\/\/bibliotecas.unileon.es\/tULEctura\/#organization\",\"name\":\"Universidad de Le\u00f3n\",\"url\":\"https:\/\/bibliotecas.unileon.es\/tULEctura\/\",\"logo\":{\"@type\":\"ImageObject\",\"inLanguage\":\"es\",\"@id\":\"https:\/\/bibliotecas.unileon.es\/tULEctura\/#\/schema\/logo\/image\/\",\"url\":\"https:\/\/bibliotecas.unileon.es\/tULEctura\/files\/2018\/08\/TULECTURA_LOGO1.png\",\"contentUrl\":\"https:\/\/bibliotecas.unileon.es\/tULEctura\/files\/2018\/08\/TULECTURA_LOGO1.png\",\"width\":\"960\",\"height\":\"258\",\"caption\":\"Universidad de Le\u00f3n\"},\"image\":{\"@id\":\"https:\/\/bibliotecas.unileon.es\/tULEctura\/#\/schema\/logo\/image\/\"},\"sameAs\":[\"https:\/\/www.facebook.com\/tulectura.unileon\/\",\"https:\/\/x.com\/tULEctura_ULE\",\"https:\/\/www.instagram.com\/tulectura.unileon\/\",\"https:\/\/www.pinterest.es\/tulectura\/\",\"https:\/\/www.youtube.com\/channel\/UCoWaDD39lVlAQcOchwlTPVw\"]}]}<\/script>\n<!-- \/ Yoast SEO plugin. -->","yoast_head_json":{"title":"Lectura 2: La nostalgia de la Mujer Anfibio, de Cristina S\u00e1nchez-Andrade - tULEctura","robots":{"index":"index","follow":"follow","max-snippet":"max-snippet:-1","max-image-preview":"max-image-preview:large","max-video-preview":"max-video-preview:-1"},"canonical":"https:\/\/bibliotecas.unileon.es\/tULEctura\/pagina-ejemplo\/curso-2025-2026\/lectura-2-la-nostalgia-de-la-mujer-anfibio-de-cristina-sanchez-andrade\/","og_locale":"es_ES","og_type":"article","og_title":"Lectura 2: La nostalgia de la Mujer Anfibio, de Cristina S\u00e1nchez-Andrade - tULEctura","og_description":"T\u00edtulo:\u00a0La nostalgia de la Mujer Anfibio Autora: Cristina S\u00e1nchez-Andrade Publicaci\u00f3n: Editorial Anagrama S.A.U., 2022 Descripci\u00f3n f\u00edsica: 272 p. 22 x 14 cm Colecci\u00f3n: Narrativas hisp\u00e1nicas ISBN: 978-84-339-9939-9 Calendario Martes 21 de octubre \u2013 Sesi\u00f3n de Gu\u00eda a la lectura, a cargo de Rosa M.\u00aa D\u00edez Cobo https:\/\/bibliotecas.unileon.es\/tULEctura\/2025\/10\/21\/guia-a-la-lectura-la-nostalgia-de-la-mujer-anfibio-de-cristina-sanchez-andrade\/\u00a0\u00a0 Martes 28 de octubre \u2013 Sesi\u00f3n de Coloquio [&hellip;]","og_url":"https:\/\/bibliotecas.unileon.es\/tULEctura\/pagina-ejemplo\/curso-2025-2026\/lectura-2-la-nostalgia-de-la-mujer-anfibio-de-cristina-sanchez-andrade\/","og_site_name":"tULEctura","article_publisher":"https:\/\/www.facebook.com\/tulectura.unileon\/","article_modified_time":"2025-10-22T08:49:46+00:00","og_image":[{"url":"https:\/\/cms.anagrama-ed.es\/uploads\/media\/portadas\/0001\/26\/thumb_25797_portadas_big.jpeg","type":"","width":"","height":""}],"twitter_card":"summary_large_image","twitter_site":"@tULEctura_ULE","twitter_misc":{"Tiempo de lectura":"4 minutos"},"schema":{"@context":"https:\/\/schema.org","@graph":[{"@type":"WebPage","@id":"https:\/\/bibliotecas.unileon.es\/tULEctura\/pagina-ejemplo\/curso-2025-2026\/lectura-2-la-nostalgia-de-la-mujer-anfibio-de-cristina-sanchez-andrade\/","url":"https:\/\/bibliotecas.unileon.es\/tULEctura\/pagina-ejemplo\/curso-2025-2026\/lectura-2-la-nostalgia-de-la-mujer-anfibio-de-cristina-sanchez-andrade\/","name":"Lectura 2: La nostalgia de la Mujer Anfibio, de Cristina S\u00e1nchez-Andrade - tULEctura","isPartOf":{"@id":"https:\/\/bibliotecas.unileon.es\/tULEctura\/#website"},"primaryImageOfPage":{"@id":"https:\/\/bibliotecas.unileon.es\/tULEctura\/pagina-ejemplo\/curso-2025-2026\/lectura-2-la-nostalgia-de-la-mujer-anfibio-de-cristina-sanchez-andrade\/#primaryimage"},"image":{"@id":"https:\/\/bibliotecas.unileon.es\/tULEctura\/pagina-ejemplo\/curso-2025-2026\/lectura-2-la-nostalgia-de-la-mujer-anfibio-de-cristina-sanchez-andrade\/#primaryimage"},"thumbnailUrl":"https:\/\/cms.anagrama-ed.es\/uploads\/media\/portadas\/0001\/26\/thumb_25797_portadas_big.jpeg","datePublished":"2025-10-01T16:21:31+00:00","dateModified":"2025-10-22T08:49:46+00:00","breadcrumb":{"@id":"https:\/\/bibliotecas.unileon.es\/tULEctura\/pagina-ejemplo\/curso-2025-2026\/lectura-2-la-nostalgia-de-la-mujer-anfibio-de-cristina-sanchez-andrade\/#breadcrumb"},"inLanguage":"es","potentialAction":[{"@type":"ReadAction","target":["https:\/\/bibliotecas.unileon.es\/tULEctura\/pagina-ejemplo\/curso-2025-2026\/lectura-2-la-nostalgia-de-la-mujer-anfibio-de-cristina-sanchez-andrade\/"]}]},{"@type":"ImageObject","inLanguage":"es","@id":"https:\/\/bibliotecas.unileon.es\/tULEctura\/pagina-ejemplo\/curso-2025-2026\/lectura-2-la-nostalgia-de-la-mujer-anfibio-de-cristina-sanchez-andrade\/#primaryimage","url":"https:\/\/cms.anagrama-ed.es\/uploads\/media\/portadas\/0001\/26\/thumb_25797_portadas_big.jpeg","contentUrl":"https:\/\/cms.anagrama-ed.es\/uploads\/media\/portadas\/0001\/26\/thumb_25797_portadas_big.jpeg"},{"@type":"BreadcrumbList","@id":"https:\/\/bibliotecas.unileon.es\/tULEctura\/pagina-ejemplo\/curso-2025-2026\/lectura-2-la-nostalgia-de-la-mujer-anfibio-de-cristina-sanchez-andrade\/#breadcrumb","itemListElement":[{"@type":"ListItem","position":1,"name":"Home","item":"https:\/\/bibliotecas.unileon.es\/tULEctura\/"},{"@type":"ListItem","position":2,"name":"Club de Lectura","item":"https:\/\/bibliotecas.unileon.es\/tULEctura\/pagina-ejemplo\/"},{"@type":"ListItem","position":3,"name":"Curso 2025-2026","item":"https:\/\/bibliotecas.unileon.es\/tULEctura\/pagina-ejemplo\/curso-2025-2026\/"},{"@type":"ListItem","position":4,"name":"Lectura 2: La nostalgia de la Mujer Anfibio, de Cristina S\u00e1nchez-Andrade"}]},{"@type":"WebSite","@id":"https:\/\/bibliotecas.unileon.es\/tULEctura\/#website","url":"https:\/\/bibliotecas.unileon.es\/tULEctura\/","name":"tULEctura","description":"Espacio de la Universidad de Le\u00f3n dedicado a la lectura","publisher":{"@id":"https:\/\/bibliotecas.unileon.es\/tULEctura\/#organization"},"potentialAction":[{"@type":"SearchAction","target":{"@type":"EntryPoint","urlTemplate":"https:\/\/bibliotecas.unileon.es\/tULEctura\/?s={search_term_string}"},"query-input":{"@type":"PropertyValueSpecification","valueRequired":true,"valueName":"search_term_string"}}],"inLanguage":"es"},{"@type":"Organization","@id":"https:\/\/bibliotecas.unileon.es\/tULEctura\/#organization","name":"Universidad de Le\u00f3n","url":"https:\/\/bibliotecas.unileon.es\/tULEctura\/","logo":{"@type":"ImageObject","inLanguage":"es","@id":"https:\/\/bibliotecas.unileon.es\/tULEctura\/#\/schema\/logo\/image\/","url":"https:\/\/bibliotecas.unileon.es\/tULEctura\/files\/2018\/08\/TULECTURA_LOGO1.png","contentUrl":"https:\/\/bibliotecas.unileon.es\/tULEctura\/files\/2018\/08\/TULECTURA_LOGO1.png","width":"960","height":"258","caption":"Universidad de Le\u00f3n"},"image":{"@id":"https:\/\/bibliotecas.unileon.es\/tULEctura\/#\/schema\/logo\/image\/"},"sameAs":["https:\/\/www.facebook.com\/tulectura.unileon\/","https:\/\/x.com\/tULEctura_ULE","https:\/\/www.instagram.com\/tulectura.unileon\/","https:\/\/www.pinterest.es\/tulectura\/","https:\/\/www.youtube.com\/channel\/UCoWaDD39lVlAQcOchwlTPVw"]}]}},"_links":{"self":[{"href":"https:\/\/bibliotecas.unileon.es\/tULEctura\/wp-json\/wp\/v2\/pages\/49398","targetHints":{"allow":["GET"]}}],"collection":[{"href":"https:\/\/bibliotecas.unileon.es\/tULEctura\/wp-json\/wp\/v2\/pages"}],"about":[{"href":"https:\/\/bibliotecas.unileon.es\/tULEctura\/wp-json\/wp\/v2\/types\/page"}],"author":[{"embeddable":true,"href":"https:\/\/bibliotecas.unileon.es\/tULEctura\/wp-json\/wp\/v2\/users\/73"}],"replies":[{"embeddable":true,"href":"https:\/\/bibliotecas.unileon.es\/tULEctura\/wp-json\/wp\/v2\/comments?post=49398"}],"version-history":[{"count":0,"href":"https:\/\/bibliotecas.unileon.es\/tULEctura\/wp-json\/wp\/v2\/pages\/49398\/revisions"}],"up":[{"embeddable":true,"href":"https:\/\/bibliotecas.unileon.es\/tULEctura\/wp-json\/wp\/v2\/pages\/49394"}],"wp:attachment":[{"href":"https:\/\/bibliotecas.unileon.es\/tULEctura\/wp-json\/wp\/v2\/media?parent=49398"}],"curies":[{"name":"wp","href":"https:\/\/api.w.org\/{rel}","templated":true}]}}