{"id":49399,"date":"2025-10-01T18:22:58","date_gmt":"2025-10-01T16:22:58","guid":{"rendered":"https:\/\/bibliotecas.unileon.es\/tULEctura\/?page_id=49399"},"modified":"2025-10-01T18:22:58","modified_gmt":"2025-10-01T16:22:58","slug":"lectura-3-ropa-de-casa-de-ignacio-martinez-de-pison","status":"publish","type":"page","link":"https:\/\/bibliotecas.unileon.es\/tULEctura\/pagina-ejemplo\/curso-2025-2026\/lectura-3-ropa-de-casa-de-ignacio-martinez-de-pison\/","title":{"rendered":"Lectura 3: Ropa de casa, de Ignacio Mart\u00ednez de Pis\u00f3n"},"content":{"rendered":"<p><img decoding=\"async\" src=\"https:\/\/proassetspdlcom.cdnstatics2.com\/usuaris\/libros\/thumbs\/ce76ced7-ef4a-4862-ba1b-d7e600f9b505\/d_295_510\/portada_ropa-de-casa_ignacio-martinez-de-pison_202407171803.webp\" alt=\"Portada Ropa de casa\" \/><\/p>\n<p style=\"text-align: justify;\">T\u00edtulo:\u00a0<em>Ropa de casa<\/em><br \/>\nAutora: Ignacio Mart\u00ednez de Pis\u00f3n<\/p>\n<p style=\"text-align: justify;\">Publicaci\u00f3n: Editorial Seix Barral, 2024<br \/>\nDescripci\u00f3n f\u00edsica: 304 p. 13.3 x 23 cm<br \/>\nColecci\u00f3n: Biblioteca Breve, 349<br \/>\nISBN: 978-84-322-4383-7<\/p>\n<p style=\"text-align: justify;\"><strong>Calendario<\/strong><\/p>\n<ul style=\"text-align: justify;\">\n<li>Martes 4 de noviembre \u2013 Sesi\u00f3n de Gu\u00eda a la lectura, a cargo de \u00c1lvaro Acebes Arias<\/li>\n<li>Martes 18 de noviembre \u2013 Sesi\u00f3n de Coloquio de los socios<\/li>\n<li>Martes 25 de noviembre \u2013 Sesi\u00f3n de Encuentro entre socios y autor<\/li>\n<\/ul>\n<p style=\"text-align: justify;\"><strong>Lugar y horario<\/strong><\/p>\n<p style=\"text-align: justify;\">Los encuentros tendr\u00e1n lugar a las 19:00 horas en la sala de conferencias de la Biblioteca General San Isidoro, sede del club le lectura.<\/p>\n<p style=\"text-align: justify;\">De forma combinada, ofrecemos el formato\u00a0h\u00edbrido online s\u00edncrono a trav\u00e9s de\u00a0<em>Meet<\/em>.<\/p>\n<p style=\"text-align: justify;\"><strong>El autor (informaci\u00f3n ofrecida por la editorial)<\/strong><\/p>\n<p style=\"text-align: justify;\">Ignacio Mart\u00ednez de Pis\u00f3n naci\u00f3 en Zaragoza en 1960 y reside en Barcelona desde 1982. Es autor de m\u00e1s de quince libros, entre los que destacan las novelas\u00a0<em>La ternura del drag\u00f3n\u00a0<\/em>(1984);\u00a0<em>Carreteras secundarias\u00a0<\/em>(1996);\u00a0<em>El tiempo de las mujeres\u00a0<\/em>(2003);\u00a0<em>Dientes de leche\u00a0<\/em>(2008), galardonada con el Premio San Clemente y el Premio Giuseppe Acerbi;\u00a0<em>El d\u00eda de ma\u00f1ana\u00a0<\/em>(2011), por la que recibi\u00f3 el Premio de la Cr\u00edtica, el Premio Ciutat de Barcelona y el Premio de las Letras Aragonesas;\u00a0<em>La buena reputaci\u00f3n\u00a0<\/em>(2014), Premio Nacional de Narrativa y Premio C\u00e1lamo al Libro del A\u00f1o;\u00a0<em>Derecho natural\u00a0<\/em>(2017);\u00a0<em>Fin de temporada\u00a0<\/em>(2020) y\u00a0<em>Castillos de fuego\u00a0<\/em>(2023). Tambi\u00e9n ha publicado los ensayos\u00a0<em>Enterrar a los muertos\u00a0<\/em>(2005), que obtuvo los premios Rodolfo Walsh y Dulce Chac\u00f3n y fue un\u00e1nimemente elogiado por la cr\u00edtica en varios pa\u00edses europeos, y\u00a0<em>Filek. El estafador que enga\u00f1\u00f3 a Franco\u00a0<\/em>(2018); el libro de relatos\u00a0<em>Aeropuerto de Funchal\u00a0<\/em>(2009) y sus memorias bajo el t\u00edtulo\u00a0<em>Ropa de casa<\/em>\u00a0(2024). Su obra est\u00e1 traducida a una docena de idiomas.<\/p>\n<p style=\"text-align: justify;\"><strong>La obra (informaci\u00f3n ofrecida por la editorial)<\/strong><\/p>\n<p style=\"text-align: justify;\">El retrato de formaci\u00f3n de uno de los escritores m\u00e1s s\u00f3lidos de la narrativa espa\u00f1ola.<\/p>\n<p style=\"text-align: justify;\">Ignacio Mart\u00ednez de Pis\u00f3n fue ni\u00f1o en el Logro\u00f1o de los sesenta, muchacho en la Zaragoza de los setenta y aprendiz de novelista en la Barcelona de los ochenta. La primera parte de su vida es la de un chico cualquiera, nacido en el seno de una familia feliz hasta la temprana muerte de su padre; a\u00f1os cruciales de los que se nutre su mundo literario.<\/p>\n<p style=\"text-align: justify;\">Este es el apasionante retrato de formaci\u00f3n de uno de los autores m\u00e1s s\u00f3lidos de nuestra narrativa, unas memorias literarias que reflejan los profundos cambios vividos por la sociedad espa\u00f1ola, que en muy poco tiempo pasa de una rancia dictadura a una democracia consolidada que se integra en Europa.<\/p>\n<p style=\"text-align: justify;\">\u00abEl lector de\u00a0<em>Ropa de casa\u00a0<\/em>se encontrar\u00e1 con el retrato de un joven m\u00e1s bien corriente, ni alto ni bajo, ni guapo ni feo, ni bueno ni malo, pero dotado, eso s\u00ed, del don de saber contar historias. Mi idea precisamente era aprovechar ese don para contarme. Para contarme y, sobre todo, para contar una \u00e9poca\u00bb, Ignacio Mart\u00ednez de Pis\u00f3n<\/p>\n","protected":false},"excerpt":{"rendered":"<p>T\u00edtulo:\u00a0Ropa de casa Autora: Ignacio Mart\u00ednez de Pis\u00f3n Publicaci\u00f3n: Editorial Seix Barral, 2024 Descripci\u00f3n f\u00edsica: 304 p. 13.3 x 23 cm Colecci\u00f3n: Biblioteca Breve, 349 ISBN: 978-84-322-4383-7 Calendario Martes 4 de noviembre \u2013 Sesi\u00f3n de Gu\u00eda a la lectura, a cargo de \u00c1lvaro Acebes Arias Martes 18 de noviembre \u2013 Sesi\u00f3n de Coloquio de los [&hellip;]<\/p>\n","protected":false},"author":73,"featured_media":0,"parent":49394,"menu_order":0,"comment_status":"closed","ping_status":"closed","template":"","meta":{"_bbp_topic_count":0,"_bbp_reply_count":0,"_bbp_total_topic_count":0,"_bbp_total_reply_count":0,"_bbp_voice_count":0,"_bbp_anonymous_reply_count":0,"_bbp_topic_count_hidden":0,"_bbp_reply_count_hidden":0,"_bbp_forum_subforum_count":0,"_monsterinsights_skip_tracking":false,"_monsterinsights_sitenote_active":false,"_monsterinsights_sitenote_note":"","_monsterinsights_sitenote_category":0,"footnotes":""},"class_list":["post-49399","page","type-page","status-publish","hentry"],"yoast_head":"<!-- This site is optimized with the Yoast SEO plugin v25.8 - https:\/\/yoast.com\/wordpress\/plugins\/seo\/ -->\n<title>Lectura 3: Ropa de casa, de Ignacio Mart\u00ednez de Pis\u00f3n - tULEctura<\/title>\n<meta name=\"robots\" content=\"index, follow, max-snippet:-1, max-image-preview:large, max-video-preview:-1\" \/>\n<link rel=\"canonical\" href=\"https:\/\/bibliotecas.unileon.es\/tULEctura\/pagina-ejemplo\/curso-2025-2026\/lectura-3-ropa-de-casa-de-ignacio-martinez-de-pison\/\" \/>\n<meta property=\"og:locale\" content=\"es_ES\" \/>\n<meta property=\"og:type\" content=\"article\" \/>\n<meta property=\"og:title\" content=\"Lectura 3: Ropa de casa, de Ignacio Mart\u00ednez de Pis\u00f3n - tULEctura\" \/>\n<meta property=\"og:description\" content=\"T\u00edtulo:\u00a0Ropa de casa Autora: Ignacio Mart\u00ednez de Pis\u00f3n Publicaci\u00f3n: Editorial Seix Barral, 2024 Descripci\u00f3n f\u00edsica: 304 p. 13.3 x 23 cm Colecci\u00f3n: Biblioteca Breve, 349 ISBN: 978-84-322-4383-7 Calendario Martes 4 de noviembre \u2013 Sesi\u00f3n de Gu\u00eda a la lectura, a cargo de \u00c1lvaro Acebes Arias Martes 18 de noviembre \u2013 Sesi\u00f3n de Coloquio de los [&hellip;]\" \/>\n<meta property=\"og:url\" content=\"https:\/\/bibliotecas.unileon.es\/tULEctura\/pagina-ejemplo\/curso-2025-2026\/lectura-3-ropa-de-casa-de-ignacio-martinez-de-pison\/\" \/>\n<meta property=\"og:site_name\" content=\"tULEctura\" \/>\n<meta property=\"article:publisher\" content=\"https:\/\/www.facebook.com\/tulectura.unileon\/\" \/>\n<meta property=\"og:image\" content=\"https:\/\/proassetspdlcom.cdnstatics2.com\/usuaris\/libros\/thumbs\/ce76ced7-ef4a-4862-ba1b-d7e600f9b505\/d_295_510\/portada_ropa-de-casa_ignacio-martinez-de-pison_202407171803.webp\" \/>\n<meta name=\"twitter:card\" content=\"summary_large_image\" \/>\n<meta name=\"twitter:site\" content=\"@tULEctura_ULE\" \/>\n<meta name=\"twitter:label1\" content=\"Tiempo de lectura\" \/>\n\t<meta name=\"twitter:data1\" content=\"3 minutos\" \/>\n<script type=\"application\/ld+json\" class=\"yoast-schema-graph\">{\"@context\":\"https:\/\/schema.org\",\"@graph\":[{\"@type\":\"WebPage\",\"@id\":\"https:\/\/bibliotecas.unileon.es\/tULEctura\/pagina-ejemplo\/curso-2025-2026\/lectura-3-ropa-de-casa-de-ignacio-martinez-de-pison\/\",\"url\":\"https:\/\/bibliotecas.unileon.es\/tULEctura\/pagina-ejemplo\/curso-2025-2026\/lectura-3-ropa-de-casa-de-ignacio-martinez-de-pison\/\",\"name\":\"Lectura 3: Ropa de casa, de Ignacio Mart\u00ednez de Pis\u00f3n - tULEctura\",\"isPartOf\":{\"@id\":\"https:\/\/bibliotecas.unileon.es\/tULEctura\/#website\"},\"primaryImageOfPage\":{\"@id\":\"https:\/\/bibliotecas.unileon.es\/tULEctura\/pagina-ejemplo\/curso-2025-2026\/lectura-3-ropa-de-casa-de-ignacio-martinez-de-pison\/#primaryimage\"},\"image\":{\"@id\":\"https:\/\/bibliotecas.unileon.es\/tULEctura\/pagina-ejemplo\/curso-2025-2026\/lectura-3-ropa-de-casa-de-ignacio-martinez-de-pison\/#primaryimage\"},\"thumbnailUrl\":\"https:\/\/proassetspdlcom.cdnstatics2.com\/usuaris\/libros\/thumbs\/ce76ced7-ef4a-4862-ba1b-d7e600f9b505\/d_295_510\/portada_ropa-de-casa_ignacio-martinez-de-pison_202407171803.webp\",\"datePublished\":\"2025-10-01T16:22:58+00:00\",\"breadcrumb\":{\"@id\":\"https:\/\/bibliotecas.unileon.es\/tULEctura\/pagina-ejemplo\/curso-2025-2026\/lectura-3-ropa-de-casa-de-ignacio-martinez-de-pison\/#breadcrumb\"},\"inLanguage\":\"es\",\"potentialAction\":[{\"@type\":\"ReadAction\",\"target\":[\"https:\/\/bibliotecas.unileon.es\/tULEctura\/pagina-ejemplo\/curso-2025-2026\/lectura-3-ropa-de-casa-de-ignacio-martinez-de-pison\/\"]}]},{\"@type\":\"ImageObject\",\"inLanguage\":\"es\",\"@id\":\"https:\/\/bibliotecas.unileon.es\/tULEctura\/pagina-ejemplo\/curso-2025-2026\/lectura-3-ropa-de-casa-de-ignacio-martinez-de-pison\/#primaryimage\",\"url\":\"https:\/\/proassetspdlcom.cdnstatics2.com\/usuaris\/libros\/thumbs\/ce76ced7-ef4a-4862-ba1b-d7e600f9b505\/d_295_510\/portada_ropa-de-casa_ignacio-martinez-de-pison_202407171803.webp\",\"contentUrl\":\"https:\/\/proassetspdlcom.cdnstatics2.com\/usuaris\/libros\/thumbs\/ce76ced7-ef4a-4862-ba1b-d7e600f9b505\/d_295_510\/portada_ropa-de-casa_ignacio-martinez-de-pison_202407171803.webp\"},{\"@type\":\"BreadcrumbList\",\"@id\":\"https:\/\/bibliotecas.unileon.es\/tULEctura\/pagina-ejemplo\/curso-2025-2026\/lectura-3-ropa-de-casa-de-ignacio-martinez-de-pison\/#breadcrumb\",\"itemListElement\":[{\"@type\":\"ListItem\",\"position\":1,\"name\":\"Home\",\"item\":\"https:\/\/bibliotecas.unileon.es\/tULEctura\/\"},{\"@type\":\"ListItem\",\"position\":2,\"name\":\"Club de Lectura\",\"item\":\"https:\/\/bibliotecas.unileon.es\/tULEctura\/pagina-ejemplo\/\"},{\"@type\":\"ListItem\",\"position\":3,\"name\":\"Curso 2025-2026\",\"item\":\"https:\/\/bibliotecas.unileon.es\/tULEctura\/pagina-ejemplo\/curso-2025-2026\/\"},{\"@type\":\"ListItem\",\"position\":4,\"name\":\"Lectura 3: Ropa de casa, de Ignacio Mart\u00ednez de Pis\u00f3n\"}]},{\"@type\":\"WebSite\",\"@id\":\"https:\/\/bibliotecas.unileon.es\/tULEctura\/#website\",\"url\":\"https:\/\/bibliotecas.unileon.es\/tULEctura\/\",\"name\":\"tULEctura\",\"description\":\"Espacio de la Universidad de Le\u00f3n dedicado a la lectura\",\"publisher\":{\"@id\":\"https:\/\/bibliotecas.unileon.es\/tULEctura\/#organization\"},\"potentialAction\":[{\"@type\":\"SearchAction\",\"target\":{\"@type\":\"EntryPoint\",\"urlTemplate\":\"https:\/\/bibliotecas.unileon.es\/tULEctura\/?s={search_term_string}\"},\"query-input\":{\"@type\":\"PropertyValueSpecification\",\"valueRequired\":true,\"valueName\":\"search_term_string\"}}],\"inLanguage\":\"es\"},{\"@type\":\"Organization\",\"@id\":\"https:\/\/bibliotecas.unileon.es\/tULEctura\/#organization\",\"name\":\"Universidad de Le\u00f3n\",\"url\":\"https:\/\/bibliotecas.unileon.es\/tULEctura\/\",\"logo\":{\"@type\":\"ImageObject\",\"inLanguage\":\"es\",\"@id\":\"https:\/\/bibliotecas.unileon.es\/tULEctura\/#\/schema\/logo\/image\/\",\"url\":\"https:\/\/bibliotecas.unileon.es\/tULEctura\/files\/2018\/08\/TULECTURA_LOGO1.png\",\"contentUrl\":\"https:\/\/bibliotecas.unileon.es\/tULEctura\/files\/2018\/08\/TULECTURA_LOGO1.png\",\"width\":\"960\",\"height\":\"258\",\"caption\":\"Universidad de Le\u00f3n\"},\"image\":{\"@id\":\"https:\/\/bibliotecas.unileon.es\/tULEctura\/#\/schema\/logo\/image\/\"},\"sameAs\":[\"https:\/\/www.facebook.com\/tulectura.unileon\/\",\"https:\/\/x.com\/tULEctura_ULE\",\"https:\/\/www.instagram.com\/tulectura.unileon\/\",\"https:\/\/www.pinterest.es\/tulectura\/\",\"https:\/\/www.youtube.com\/channel\/UCoWaDD39lVlAQcOchwlTPVw\"]}]}<\/script>\n<!-- \/ Yoast SEO plugin. -->","yoast_head_json":{"title":"Lectura 3: Ropa de casa, de Ignacio Mart\u00ednez de Pis\u00f3n - tULEctura","robots":{"index":"index","follow":"follow","max-snippet":"max-snippet:-1","max-image-preview":"max-image-preview:large","max-video-preview":"max-video-preview:-1"},"canonical":"https:\/\/bibliotecas.unileon.es\/tULEctura\/pagina-ejemplo\/curso-2025-2026\/lectura-3-ropa-de-casa-de-ignacio-martinez-de-pison\/","og_locale":"es_ES","og_type":"article","og_title":"Lectura 3: Ropa de casa, de Ignacio Mart\u00ednez de Pis\u00f3n - tULEctura","og_description":"T\u00edtulo:\u00a0Ropa de casa Autora: Ignacio Mart\u00ednez de Pis\u00f3n Publicaci\u00f3n: Editorial Seix Barral, 2024 Descripci\u00f3n f\u00edsica: 304 p. 13.3 x 23 cm Colecci\u00f3n: Biblioteca Breve, 349 ISBN: 978-84-322-4383-7 Calendario Martes 4 de noviembre \u2013 Sesi\u00f3n de Gu\u00eda a la lectura, a cargo de \u00c1lvaro Acebes Arias Martes 18 de noviembre \u2013 Sesi\u00f3n de Coloquio de los [&hellip;]","og_url":"https:\/\/bibliotecas.unileon.es\/tULEctura\/pagina-ejemplo\/curso-2025-2026\/lectura-3-ropa-de-casa-de-ignacio-martinez-de-pison\/","og_site_name":"tULEctura","article_publisher":"https:\/\/www.facebook.com\/tulectura.unileon\/","og_image":[{"url":"https:\/\/proassetspdlcom.cdnstatics2.com\/usuaris\/libros\/thumbs\/ce76ced7-ef4a-4862-ba1b-d7e600f9b505\/d_295_510\/portada_ropa-de-casa_ignacio-martinez-de-pison_202407171803.webp","type":"","width":"","height":""}],"twitter_card":"summary_large_image","twitter_site":"@tULEctura_ULE","twitter_misc":{"Tiempo de lectura":"3 minutos"},"schema":{"@context":"https:\/\/schema.org","@graph":[{"@type":"WebPage","@id":"https:\/\/bibliotecas.unileon.es\/tULEctura\/pagina-ejemplo\/curso-2025-2026\/lectura-3-ropa-de-casa-de-ignacio-martinez-de-pison\/","url":"https:\/\/bibliotecas.unileon.es\/tULEctura\/pagina-ejemplo\/curso-2025-2026\/lectura-3-ropa-de-casa-de-ignacio-martinez-de-pison\/","name":"Lectura 3: Ropa de casa, de Ignacio Mart\u00ednez de Pis\u00f3n - tULEctura","isPartOf":{"@id":"https:\/\/bibliotecas.unileon.es\/tULEctura\/#website"},"primaryImageOfPage":{"@id":"https:\/\/bibliotecas.unileon.es\/tULEctura\/pagina-ejemplo\/curso-2025-2026\/lectura-3-ropa-de-casa-de-ignacio-martinez-de-pison\/#primaryimage"},"image":{"@id":"https:\/\/bibliotecas.unileon.es\/tULEctura\/pagina-ejemplo\/curso-2025-2026\/lectura-3-ropa-de-casa-de-ignacio-martinez-de-pison\/#primaryimage"},"thumbnailUrl":"https:\/\/proassetspdlcom.cdnstatics2.com\/usuaris\/libros\/thumbs\/ce76ced7-ef4a-4862-ba1b-d7e600f9b505\/d_295_510\/portada_ropa-de-casa_ignacio-martinez-de-pison_202407171803.webp","datePublished":"2025-10-01T16:22:58+00:00","breadcrumb":{"@id":"https:\/\/bibliotecas.unileon.es\/tULEctura\/pagina-ejemplo\/curso-2025-2026\/lectura-3-ropa-de-casa-de-ignacio-martinez-de-pison\/#breadcrumb"},"inLanguage":"es","potentialAction":[{"@type":"ReadAction","target":["https:\/\/bibliotecas.unileon.es\/tULEctura\/pagina-ejemplo\/curso-2025-2026\/lectura-3-ropa-de-casa-de-ignacio-martinez-de-pison\/"]}]},{"@type":"ImageObject","inLanguage":"es","@id":"https:\/\/bibliotecas.unileon.es\/tULEctura\/pagina-ejemplo\/curso-2025-2026\/lectura-3-ropa-de-casa-de-ignacio-martinez-de-pison\/#primaryimage","url":"https:\/\/proassetspdlcom.cdnstatics2.com\/usuaris\/libros\/thumbs\/ce76ced7-ef4a-4862-ba1b-d7e600f9b505\/d_295_510\/portada_ropa-de-casa_ignacio-martinez-de-pison_202407171803.webp","contentUrl":"https:\/\/proassetspdlcom.cdnstatics2.com\/usuaris\/libros\/thumbs\/ce76ced7-ef4a-4862-ba1b-d7e600f9b505\/d_295_510\/portada_ropa-de-casa_ignacio-martinez-de-pison_202407171803.webp"},{"@type":"BreadcrumbList","@id":"https:\/\/bibliotecas.unileon.es\/tULEctura\/pagina-ejemplo\/curso-2025-2026\/lectura-3-ropa-de-casa-de-ignacio-martinez-de-pison\/#breadcrumb","itemListElement":[{"@type":"ListItem","position":1,"name":"Home","item":"https:\/\/bibliotecas.unileon.es\/tULEctura\/"},{"@type":"ListItem","position":2,"name":"Club de Lectura","item":"https:\/\/bibliotecas.unileon.es\/tULEctura\/pagina-ejemplo\/"},{"@type":"ListItem","position":3,"name":"Curso 2025-2026","item":"https:\/\/bibliotecas.unileon.es\/tULEctura\/pagina-ejemplo\/curso-2025-2026\/"},{"@type":"ListItem","position":4,"name":"Lectura 3: Ropa de casa, de Ignacio Mart\u00ednez de Pis\u00f3n"}]},{"@type":"WebSite","@id":"https:\/\/bibliotecas.unileon.es\/tULEctura\/#website","url":"https:\/\/bibliotecas.unileon.es\/tULEctura\/","name":"tULEctura","description":"Espacio de la Universidad de Le\u00f3n dedicado a la lectura","publisher":{"@id":"https:\/\/bibliotecas.unileon.es\/tULEctura\/#organization"},"potentialAction":[{"@type":"SearchAction","target":{"@type":"EntryPoint","urlTemplate":"https:\/\/bibliotecas.unileon.es\/tULEctura\/?s={search_term_string}"},"query-input":{"@type":"PropertyValueSpecification","valueRequired":true,"valueName":"search_term_string"}}],"inLanguage":"es"},{"@type":"Organization","@id":"https:\/\/bibliotecas.unileon.es\/tULEctura\/#organization","name":"Universidad de Le\u00f3n","url":"https:\/\/bibliotecas.unileon.es\/tULEctura\/","logo":{"@type":"ImageObject","inLanguage":"es","@id":"https:\/\/bibliotecas.unileon.es\/tULEctura\/#\/schema\/logo\/image\/","url":"https:\/\/bibliotecas.unileon.es\/tULEctura\/files\/2018\/08\/TULECTURA_LOGO1.png","contentUrl":"https:\/\/bibliotecas.unileon.es\/tULEctura\/files\/2018\/08\/TULECTURA_LOGO1.png","width":"960","height":"258","caption":"Universidad de Le\u00f3n"},"image":{"@id":"https:\/\/bibliotecas.unileon.es\/tULEctura\/#\/schema\/logo\/image\/"},"sameAs":["https:\/\/www.facebook.com\/tulectura.unileon\/","https:\/\/x.com\/tULEctura_ULE","https:\/\/www.instagram.com\/tulectura.unileon\/","https:\/\/www.pinterest.es\/tulectura\/","https:\/\/www.youtube.com\/channel\/UCoWaDD39lVlAQcOchwlTPVw"]}]}},"_links":{"self":[{"href":"https:\/\/bibliotecas.unileon.es\/tULEctura\/wp-json\/wp\/v2\/pages\/49399","targetHints":{"allow":["GET"]}}],"collection":[{"href":"https:\/\/bibliotecas.unileon.es\/tULEctura\/wp-json\/wp\/v2\/pages"}],"about":[{"href":"https:\/\/bibliotecas.unileon.es\/tULEctura\/wp-json\/wp\/v2\/types\/page"}],"author":[{"embeddable":true,"href":"https:\/\/bibliotecas.unileon.es\/tULEctura\/wp-json\/wp\/v2\/users\/73"}],"replies":[{"embeddable":true,"href":"https:\/\/bibliotecas.unileon.es\/tULEctura\/wp-json\/wp\/v2\/comments?post=49399"}],"version-history":[{"count":0,"href":"https:\/\/bibliotecas.unileon.es\/tULEctura\/wp-json\/wp\/v2\/pages\/49399\/revisions"}],"up":[{"embeddable":true,"href":"https:\/\/bibliotecas.unileon.es\/tULEctura\/wp-json\/wp\/v2\/pages\/49394"}],"wp:attachment":[{"href":"https:\/\/bibliotecas.unileon.es\/tULEctura\/wp-json\/wp\/v2\/media?parent=49399"}],"curies":[{"name":"wp","href":"https:\/\/api.w.org\/{rel}","templated":true}]}}