{"id":49400,"date":"2025-10-01T18:24:10","date_gmt":"2025-10-01T16:24:10","guid":{"rendered":"https:\/\/bibliotecas.unileon.es\/tULEctura\/?page_id=49400"},"modified":"2025-10-01T18:24:10","modified_gmt":"2025-10-01T16:24:10","slug":"lectura-4-tres-maneras-de-decir-adios-de-clara-obligado","status":"publish","type":"page","link":"https:\/\/bibliotecas.unileon.es\/tULEctura\/pagina-ejemplo\/curso-2025-2026\/lectura-4-tres-maneras-de-decir-adios-de-clara-obligado\/","title":{"rendered":"Lectura 4: Tres maneras de decir adi\u00f3s, de Clara Obligado"},"content":{"rendered":"<p><img decoding=\"async\" src=\"https:\/\/paginasdeespuma.com\/imagenes\/17078988439788483933466_04_h-scaled.jpg\" \/><\/p>\n<p style=\"text-align: justify;\">T\u00edtulo:\u00a0<em>Tres maneras de decir adi\u00f3s<\/em><br \/>\nAutora: Clara Obligado<\/p>\n<p style=\"text-align: justify;\">Publicaci\u00f3n: Editorial P\u00e1ginas de Espuma, 2024<br \/>\nDescripci\u00f3n f\u00edsica: 136 p. 15 x 24 cm<br \/>\nColecci\u00f3n: Voces \/ Literatura, 356<br \/>\nISBN: 978-84-8393-346-6<\/p>\n<p style=\"text-align: justify;\"><strong>Calendario<\/strong><\/p>\n<ul style=\"text-align: justify;\">\n<li>Martes 2 de diciembre\u2013 Sesi\u00f3n de Gu\u00eda a la lectura, a cargo de Ana Abello Verano<\/li>\n<li>Martes 9 de diciembre\u2013 Sesi\u00f3n de Coloquio de los socios<\/li>\n<li>Viernes 12 de diciembre\u2013 Sesi\u00f3n de Encuentro entre socios y autora<\/li>\n<\/ul>\n<p style=\"text-align: justify;\"><strong>Lugar y horario<\/strong><\/p>\n<p style=\"text-align: justify;\">Los encuentros tendr\u00e1n lugar a las 19:00 horas en la sala de conferencias de la Biblioteca General San Isidoro, sede del club le lectura.<\/p>\n<p style=\"text-align: justify;\">De forma combinada, ofrecemos el formato\u00a0h\u00edbrido online s\u00edncrono a trav\u00e9s de\u00a0<em>Meet<\/em>.<\/p>\n<p style=\"text-align: justify;\"><strong>La autora (informaci\u00f3n ofrecida por la editorial)<\/strong><\/p>\n<p style=\"text-align: justify;\">Clara Obligado\u00a0naci\u00f3 en Buenos Aires. Exiliada pol\u00edtica de la dictadura militar, desde 1976 vive en Espa\u00f1a. Es licenciada en Literatura, y ha dirigido los primeros talleres de Escritura Creativa que se organizaron en este pa\u00eds, actividad que ha llevado a cabo para numerosas universidades y diversas instituciones y que realiza de forma independiente.<\/p>\n<p style=\"text-align: justify;\">En 1996 recibi\u00f3 el premio Femenino Lumen por su novela\u00a0<em>La hija de Marx<\/em>\u00a0y en 2015 el premio de novela breve Juan March Cencillo por\u00a0<em>Petrarca para viajeros<\/em>. Ha publicado con P\u00e1ginas de Espuma las antolog\u00edas\u00a0<em>Por favor, sea breve 1\u00a0<\/em>y<em>\u00a02<\/em>, se\u00f1eras en la implantaci\u00f3n del microrrelato en Espa\u00f1a, y los vol\u00famenes de cuentos\u00a0<em>Las otras vidas<\/em>,\u00a0<em>El libro de los viajes equivocados<\/em>\u00a0(que mereci\u00f3 el ix Premio Setenil al mejor libro de cuentos de 2012),\u00a0<em>La muerte juega a los dados<\/em>\u00a0y\u00a0<em>La biblioteca de agua<\/em>. Tiene numerosos libros de ensayo, entre otros,\u00a0<em>Una casa lejos de casa. La escritura extranjera<\/em>\u00a0y, el m\u00e1s reciente,\u00a0<em>Todo lo que crece. Naturaleza y escritura<\/em>, publicado en esta misma editorial. Es colaboradora en medios period\u00edsticos y su obra ha sido traducida a diferentes idiomas.<\/p>\n<p style=\"text-align: justify;\"><strong>La obra (informaci\u00f3n ofrecida por la editorial)<\/strong><\/p>\n<p style=\"text-align: justify;\">Hay muchas maneras de decir adi\u00f3s, hay instantes \u00fanicos en los que la ficci\u00f3n y la memoria se hibridan y enra\u00edzan en una misma p\u00e1gina para exhibir la red de una despedida. De este umbral doloroso germinan las historias encadenadas con las que\u00a0Clara Obligado\u00a0nos acerca a tres mujeres y sus profundas p\u00e9rdidas, a los diversos espacios y tiempos en que les toc\u00f3 vivir.<\/p>\n<p style=\"text-align: justify;\">Una obra que encierra una honda reflexi\u00f3n sobre escribir y escribirse, que milita contra posibles ucron\u00edas pesimistas y dibuja, con destreza, un tr\u00edptico apasionante y conmovedor. Desde su mirada inteligente, los libros de\u00a0Clara Obligado\u00a0se convierten, una y otra vez, en una bienvenida afortunada.<\/p>\n","protected":false},"excerpt":{"rendered":"<p>T\u00edtulo:\u00a0Tres maneras de decir adi\u00f3s Autora: Clara Obligado Publicaci\u00f3n: Editorial P\u00e1ginas de Espuma, 2024 Descripci\u00f3n f\u00edsica: 136 p. 15 x 24 cm Colecci\u00f3n: Voces \/ Literatura, 356 ISBN: 978-84-8393-346-6 Calendario Martes 2 de diciembre\u2013 Sesi\u00f3n de Gu\u00eda a la lectura, a cargo de Ana Abello Verano Martes 9 de diciembre\u2013 Sesi\u00f3n de Coloquio de los [&hellip;]<\/p>\n","protected":false},"author":73,"featured_media":0,"parent":49394,"menu_order":0,"comment_status":"closed","ping_status":"closed","template":"","meta":{"_bbp_topic_count":0,"_bbp_reply_count":0,"_bbp_total_topic_count":0,"_bbp_total_reply_count":0,"_bbp_voice_count":0,"_bbp_anonymous_reply_count":0,"_bbp_topic_count_hidden":0,"_bbp_reply_count_hidden":0,"_bbp_forum_subforum_count":0,"_monsterinsights_skip_tracking":false,"_monsterinsights_sitenote_active":false,"_monsterinsights_sitenote_note":"","_monsterinsights_sitenote_category":0,"footnotes":""},"class_list":["post-49400","page","type-page","status-publish","hentry"],"yoast_head":"<!-- This site is optimized with the Yoast SEO plugin v25.8 - https:\/\/yoast.com\/wordpress\/plugins\/seo\/ -->\n<title>Lectura 4: Tres maneras de decir adi\u00f3s, de Clara Obligado - tULEctura<\/title>\n<meta name=\"robots\" content=\"index, follow, max-snippet:-1, max-image-preview:large, max-video-preview:-1\" \/>\n<link rel=\"canonical\" href=\"https:\/\/bibliotecas.unileon.es\/tULEctura\/pagina-ejemplo\/curso-2025-2026\/lectura-4-tres-maneras-de-decir-adios-de-clara-obligado\/\" \/>\n<meta property=\"og:locale\" content=\"es_ES\" \/>\n<meta property=\"og:type\" content=\"article\" \/>\n<meta property=\"og:title\" content=\"Lectura 4: Tres maneras de decir adi\u00f3s, de Clara Obligado - tULEctura\" \/>\n<meta property=\"og:description\" content=\"T\u00edtulo:\u00a0Tres maneras de decir adi\u00f3s Autora: Clara Obligado Publicaci\u00f3n: Editorial P\u00e1ginas de Espuma, 2024 Descripci\u00f3n f\u00edsica: 136 p. 15 x 24 cm Colecci\u00f3n: Voces \/ Literatura, 356 ISBN: 978-84-8393-346-6 Calendario Martes 2 de diciembre\u2013 Sesi\u00f3n de Gu\u00eda a la lectura, a cargo de Ana Abello Verano Martes 9 de diciembre\u2013 Sesi\u00f3n de Coloquio de los [&hellip;]\" \/>\n<meta property=\"og:url\" content=\"https:\/\/bibliotecas.unileon.es\/tULEctura\/pagina-ejemplo\/curso-2025-2026\/lectura-4-tres-maneras-de-decir-adios-de-clara-obligado\/\" \/>\n<meta property=\"og:site_name\" content=\"tULEctura\" \/>\n<meta property=\"article:publisher\" content=\"https:\/\/www.facebook.com\/tulectura.unileon\/\" \/>\n<meta property=\"og:image\" content=\"https:\/\/paginasdeespuma.com\/imagenes\/17078988439788483933466_04_h-scaled.jpg\" \/>\n<meta name=\"twitter:card\" content=\"summary_large_image\" \/>\n<meta name=\"twitter:site\" content=\"@tULEctura_ULE\" \/>\n<meta name=\"twitter:label1\" content=\"Tiempo de lectura\" \/>\n\t<meta name=\"twitter:data1\" content=\"3 minutos\" \/>\n<script type=\"application\/ld+json\" class=\"yoast-schema-graph\">{\"@context\":\"https:\/\/schema.org\",\"@graph\":[{\"@type\":\"WebPage\",\"@id\":\"https:\/\/bibliotecas.unileon.es\/tULEctura\/pagina-ejemplo\/curso-2025-2026\/lectura-4-tres-maneras-de-decir-adios-de-clara-obligado\/\",\"url\":\"https:\/\/bibliotecas.unileon.es\/tULEctura\/pagina-ejemplo\/curso-2025-2026\/lectura-4-tres-maneras-de-decir-adios-de-clara-obligado\/\",\"name\":\"Lectura 4: Tres maneras de decir adi\u00f3s, de Clara Obligado - tULEctura\",\"isPartOf\":{\"@id\":\"https:\/\/bibliotecas.unileon.es\/tULEctura\/#website\"},\"primaryImageOfPage\":{\"@id\":\"https:\/\/bibliotecas.unileon.es\/tULEctura\/pagina-ejemplo\/curso-2025-2026\/lectura-4-tres-maneras-de-decir-adios-de-clara-obligado\/#primaryimage\"},\"image\":{\"@id\":\"https:\/\/bibliotecas.unileon.es\/tULEctura\/pagina-ejemplo\/curso-2025-2026\/lectura-4-tres-maneras-de-decir-adios-de-clara-obligado\/#primaryimage\"},\"thumbnailUrl\":\"https:\/\/paginasdeespuma.com\/imagenes\/17078988439788483933466_04_h-scaled.jpg\",\"datePublished\":\"2025-10-01T16:24:10+00:00\",\"breadcrumb\":{\"@id\":\"https:\/\/bibliotecas.unileon.es\/tULEctura\/pagina-ejemplo\/curso-2025-2026\/lectura-4-tres-maneras-de-decir-adios-de-clara-obligado\/#breadcrumb\"},\"inLanguage\":\"es\",\"potentialAction\":[{\"@type\":\"ReadAction\",\"target\":[\"https:\/\/bibliotecas.unileon.es\/tULEctura\/pagina-ejemplo\/curso-2025-2026\/lectura-4-tres-maneras-de-decir-adios-de-clara-obligado\/\"]}]},{\"@type\":\"ImageObject\",\"inLanguage\":\"es\",\"@id\":\"https:\/\/bibliotecas.unileon.es\/tULEctura\/pagina-ejemplo\/curso-2025-2026\/lectura-4-tres-maneras-de-decir-adios-de-clara-obligado\/#primaryimage\",\"url\":\"https:\/\/paginasdeespuma.com\/imagenes\/17078988439788483933466_04_h-scaled.jpg\",\"contentUrl\":\"https:\/\/paginasdeespuma.com\/imagenes\/17078988439788483933466_04_h-scaled.jpg\"},{\"@type\":\"BreadcrumbList\",\"@id\":\"https:\/\/bibliotecas.unileon.es\/tULEctura\/pagina-ejemplo\/curso-2025-2026\/lectura-4-tres-maneras-de-decir-adios-de-clara-obligado\/#breadcrumb\",\"itemListElement\":[{\"@type\":\"ListItem\",\"position\":1,\"name\":\"Home\",\"item\":\"https:\/\/bibliotecas.unileon.es\/tULEctura\/\"},{\"@type\":\"ListItem\",\"position\":2,\"name\":\"Club de Lectura\",\"item\":\"https:\/\/bibliotecas.unileon.es\/tULEctura\/pagina-ejemplo\/\"},{\"@type\":\"ListItem\",\"position\":3,\"name\":\"Curso 2025-2026\",\"item\":\"https:\/\/bibliotecas.unileon.es\/tULEctura\/pagina-ejemplo\/curso-2025-2026\/\"},{\"@type\":\"ListItem\",\"position\":4,\"name\":\"Lectura 4: Tres maneras de decir adi\u00f3s, de Clara Obligado\"}]},{\"@type\":\"WebSite\",\"@id\":\"https:\/\/bibliotecas.unileon.es\/tULEctura\/#website\",\"url\":\"https:\/\/bibliotecas.unileon.es\/tULEctura\/\",\"name\":\"tULEctura\",\"description\":\"Espacio de la Universidad de Le\u00f3n dedicado a la lectura\",\"publisher\":{\"@id\":\"https:\/\/bibliotecas.unileon.es\/tULEctura\/#organization\"},\"potentialAction\":[{\"@type\":\"SearchAction\",\"target\":{\"@type\":\"EntryPoint\",\"urlTemplate\":\"https:\/\/bibliotecas.unileon.es\/tULEctura\/?s={search_term_string}\"},\"query-input\":{\"@type\":\"PropertyValueSpecification\",\"valueRequired\":true,\"valueName\":\"search_term_string\"}}],\"inLanguage\":\"es\"},{\"@type\":\"Organization\",\"@id\":\"https:\/\/bibliotecas.unileon.es\/tULEctura\/#organization\",\"name\":\"Universidad de Le\u00f3n\",\"url\":\"https:\/\/bibliotecas.unileon.es\/tULEctura\/\",\"logo\":{\"@type\":\"ImageObject\",\"inLanguage\":\"es\",\"@id\":\"https:\/\/bibliotecas.unileon.es\/tULEctura\/#\/schema\/logo\/image\/\",\"url\":\"https:\/\/bibliotecas.unileon.es\/tULEctura\/files\/2018\/08\/TULECTURA_LOGO1.png\",\"contentUrl\":\"https:\/\/bibliotecas.unileon.es\/tULEctura\/files\/2018\/08\/TULECTURA_LOGO1.png\",\"width\":\"960\",\"height\":\"258\",\"caption\":\"Universidad de Le\u00f3n\"},\"image\":{\"@id\":\"https:\/\/bibliotecas.unileon.es\/tULEctura\/#\/schema\/logo\/image\/\"},\"sameAs\":[\"https:\/\/www.facebook.com\/tulectura.unileon\/\",\"https:\/\/x.com\/tULEctura_ULE\",\"https:\/\/www.instagram.com\/tulectura.unileon\/\",\"https:\/\/www.pinterest.es\/tulectura\/\",\"https:\/\/www.youtube.com\/channel\/UCoWaDD39lVlAQcOchwlTPVw\"]}]}<\/script>\n<!-- \/ Yoast SEO plugin. -->","yoast_head_json":{"title":"Lectura 4: Tres maneras de decir adi\u00f3s, de Clara Obligado - tULEctura","robots":{"index":"index","follow":"follow","max-snippet":"max-snippet:-1","max-image-preview":"max-image-preview:large","max-video-preview":"max-video-preview:-1"},"canonical":"https:\/\/bibliotecas.unileon.es\/tULEctura\/pagina-ejemplo\/curso-2025-2026\/lectura-4-tres-maneras-de-decir-adios-de-clara-obligado\/","og_locale":"es_ES","og_type":"article","og_title":"Lectura 4: Tres maneras de decir adi\u00f3s, de Clara Obligado - tULEctura","og_description":"T\u00edtulo:\u00a0Tres maneras de decir adi\u00f3s Autora: Clara Obligado Publicaci\u00f3n: Editorial P\u00e1ginas de Espuma, 2024 Descripci\u00f3n f\u00edsica: 136 p. 15 x 24 cm Colecci\u00f3n: Voces \/ Literatura, 356 ISBN: 978-84-8393-346-6 Calendario Martes 2 de diciembre\u2013 Sesi\u00f3n de Gu\u00eda a la lectura, a cargo de Ana Abello Verano Martes 9 de diciembre\u2013 Sesi\u00f3n de Coloquio de los [&hellip;]","og_url":"https:\/\/bibliotecas.unileon.es\/tULEctura\/pagina-ejemplo\/curso-2025-2026\/lectura-4-tres-maneras-de-decir-adios-de-clara-obligado\/","og_site_name":"tULEctura","article_publisher":"https:\/\/www.facebook.com\/tulectura.unileon\/","og_image":[{"url":"https:\/\/paginasdeespuma.com\/imagenes\/17078988439788483933466_04_h-scaled.jpg","type":"","width":"","height":""}],"twitter_card":"summary_large_image","twitter_site":"@tULEctura_ULE","twitter_misc":{"Tiempo de lectura":"3 minutos"},"schema":{"@context":"https:\/\/schema.org","@graph":[{"@type":"WebPage","@id":"https:\/\/bibliotecas.unileon.es\/tULEctura\/pagina-ejemplo\/curso-2025-2026\/lectura-4-tres-maneras-de-decir-adios-de-clara-obligado\/","url":"https:\/\/bibliotecas.unileon.es\/tULEctura\/pagina-ejemplo\/curso-2025-2026\/lectura-4-tres-maneras-de-decir-adios-de-clara-obligado\/","name":"Lectura 4: Tres maneras de decir adi\u00f3s, de Clara Obligado - tULEctura","isPartOf":{"@id":"https:\/\/bibliotecas.unileon.es\/tULEctura\/#website"},"primaryImageOfPage":{"@id":"https:\/\/bibliotecas.unileon.es\/tULEctura\/pagina-ejemplo\/curso-2025-2026\/lectura-4-tres-maneras-de-decir-adios-de-clara-obligado\/#primaryimage"},"image":{"@id":"https:\/\/bibliotecas.unileon.es\/tULEctura\/pagina-ejemplo\/curso-2025-2026\/lectura-4-tres-maneras-de-decir-adios-de-clara-obligado\/#primaryimage"},"thumbnailUrl":"https:\/\/paginasdeespuma.com\/imagenes\/17078988439788483933466_04_h-scaled.jpg","datePublished":"2025-10-01T16:24:10+00:00","breadcrumb":{"@id":"https:\/\/bibliotecas.unileon.es\/tULEctura\/pagina-ejemplo\/curso-2025-2026\/lectura-4-tres-maneras-de-decir-adios-de-clara-obligado\/#breadcrumb"},"inLanguage":"es","potentialAction":[{"@type":"ReadAction","target":["https:\/\/bibliotecas.unileon.es\/tULEctura\/pagina-ejemplo\/curso-2025-2026\/lectura-4-tres-maneras-de-decir-adios-de-clara-obligado\/"]}]},{"@type":"ImageObject","inLanguage":"es","@id":"https:\/\/bibliotecas.unileon.es\/tULEctura\/pagina-ejemplo\/curso-2025-2026\/lectura-4-tres-maneras-de-decir-adios-de-clara-obligado\/#primaryimage","url":"https:\/\/paginasdeespuma.com\/imagenes\/17078988439788483933466_04_h-scaled.jpg","contentUrl":"https:\/\/paginasdeespuma.com\/imagenes\/17078988439788483933466_04_h-scaled.jpg"},{"@type":"BreadcrumbList","@id":"https:\/\/bibliotecas.unileon.es\/tULEctura\/pagina-ejemplo\/curso-2025-2026\/lectura-4-tres-maneras-de-decir-adios-de-clara-obligado\/#breadcrumb","itemListElement":[{"@type":"ListItem","position":1,"name":"Home","item":"https:\/\/bibliotecas.unileon.es\/tULEctura\/"},{"@type":"ListItem","position":2,"name":"Club de Lectura","item":"https:\/\/bibliotecas.unileon.es\/tULEctura\/pagina-ejemplo\/"},{"@type":"ListItem","position":3,"name":"Curso 2025-2026","item":"https:\/\/bibliotecas.unileon.es\/tULEctura\/pagina-ejemplo\/curso-2025-2026\/"},{"@type":"ListItem","position":4,"name":"Lectura 4: Tres maneras de decir adi\u00f3s, de Clara Obligado"}]},{"@type":"WebSite","@id":"https:\/\/bibliotecas.unileon.es\/tULEctura\/#website","url":"https:\/\/bibliotecas.unileon.es\/tULEctura\/","name":"tULEctura","description":"Espacio de la Universidad de Le\u00f3n dedicado a la lectura","publisher":{"@id":"https:\/\/bibliotecas.unileon.es\/tULEctura\/#organization"},"potentialAction":[{"@type":"SearchAction","target":{"@type":"EntryPoint","urlTemplate":"https:\/\/bibliotecas.unileon.es\/tULEctura\/?s={search_term_string}"},"query-input":{"@type":"PropertyValueSpecification","valueRequired":true,"valueName":"search_term_string"}}],"inLanguage":"es"},{"@type":"Organization","@id":"https:\/\/bibliotecas.unileon.es\/tULEctura\/#organization","name":"Universidad de Le\u00f3n","url":"https:\/\/bibliotecas.unileon.es\/tULEctura\/","logo":{"@type":"ImageObject","inLanguage":"es","@id":"https:\/\/bibliotecas.unileon.es\/tULEctura\/#\/schema\/logo\/image\/","url":"https:\/\/bibliotecas.unileon.es\/tULEctura\/files\/2018\/08\/TULECTURA_LOGO1.png","contentUrl":"https:\/\/bibliotecas.unileon.es\/tULEctura\/files\/2018\/08\/TULECTURA_LOGO1.png","width":"960","height":"258","caption":"Universidad de Le\u00f3n"},"image":{"@id":"https:\/\/bibliotecas.unileon.es\/tULEctura\/#\/schema\/logo\/image\/"},"sameAs":["https:\/\/www.facebook.com\/tulectura.unileon\/","https:\/\/x.com\/tULEctura_ULE","https:\/\/www.instagram.com\/tulectura.unileon\/","https:\/\/www.pinterest.es\/tulectura\/","https:\/\/www.youtube.com\/channel\/UCoWaDD39lVlAQcOchwlTPVw"]}]}},"_links":{"self":[{"href":"https:\/\/bibliotecas.unileon.es\/tULEctura\/wp-json\/wp\/v2\/pages\/49400","targetHints":{"allow":["GET"]}}],"collection":[{"href":"https:\/\/bibliotecas.unileon.es\/tULEctura\/wp-json\/wp\/v2\/pages"}],"about":[{"href":"https:\/\/bibliotecas.unileon.es\/tULEctura\/wp-json\/wp\/v2\/types\/page"}],"author":[{"embeddable":true,"href":"https:\/\/bibliotecas.unileon.es\/tULEctura\/wp-json\/wp\/v2\/users\/73"}],"replies":[{"embeddable":true,"href":"https:\/\/bibliotecas.unileon.es\/tULEctura\/wp-json\/wp\/v2\/comments?post=49400"}],"version-history":[{"count":0,"href":"https:\/\/bibliotecas.unileon.es\/tULEctura\/wp-json\/wp\/v2\/pages\/49400\/revisions"}],"up":[{"embeddable":true,"href":"https:\/\/bibliotecas.unileon.es\/tULEctura\/wp-json\/wp\/v2\/pages\/49394"}],"wp:attachment":[{"href":"https:\/\/bibliotecas.unileon.es\/tULEctura\/wp-json\/wp\/v2\/media?parent=49400"}],"curies":[{"name":"wp","href":"https:\/\/api.w.org\/{rel}","templated":true}]}}