{"id":5189,"date":"2017-02-27T08:56:30","date_gmt":"2017-02-27T07:56:30","guid":{"rendered":"http:\/\/bibliotecas.unileon.es\/tULEctura\/?page_id=5189"},"modified":"2019-04-25T13:36:02","modified_gmt":"2019-04-25T11:36:02","slug":"iv-jornadas-de-la-riul-sobre-la-literatura-actual","status":"publish","type":"page","link":"https:\/\/bibliotecas.unileon.es\/tULEctura\/actividades\/riul-jornadas\/iv-jornadas-de-la-riul-sobre-la-literatura-actual\/","title":{"rendered":"IV Jornadas de la RIUL sobre la Literatura Actual"},"content":{"rendered":"<p style=\"text-align: center;\">\n<h3 style=\"text-align: center;\"><span style=\"color: #339966;\">IV JORNADAS DE LA RED INTERNACIONAL\u00a0DE UNIVERSIDADES LECTORAS\u00a0<\/span><br \/>\n<span style=\"color: #339966;\">SOBRE LITERATURA ACTUAL<\/span><br \/>\n<span style=\"color: #339966;\">15 Y 16 de marzo de 2017<\/span><\/h3>\n<ul>\n<li style=\"text-align: justify;\"><span style=\"color: #339966;\">DURACI\u00d3N:\u00a010 horas presenciales. 32 horas totales.<\/span><\/li>\n<li style=\"text-align: justify;\"><span style=\"color: #339966;\">DESTINATARIOS: Estudiantes de la universidad, especialistas e interesados en el \u00e1mbito de estudio de la literatura actual y <strong>p\u00fablico en general<\/strong> atra\u00eddo por la tem\u00e1tica abordada.<\/span><\/li>\n<li style=\"text-align: justify;\"><span style=\"color: #339966;\">1 Cr\u00e9dito de Libre Configuraci\u00f3n o 1\u20195 ECTS.\u00a0<strong>Asistencia libre de tasas para quien\u00a0no quiera certificado de cr\u00e9ditos.<\/strong><\/span><\/li>\n<li style=\"text-align: justify;\"><span style=\"color: #339966;\">MODALIDAD: presencial o en l\u00ednea.<b> Te interesa<\/b>: La organizaci\u00f3n ofrece la posibilidad, a los matriculados on line y al p\u00fablico en general, de seguir las sesiones en directo a trav\u00e9s de v\u00eddeo streaming. Para ello tan solo es necesario pinchar en el icono a\u00a0\u00a0la \u00a0hora fijada para cada sesi\u00f3n.<\/span><br \/>\n<span style=\"color: #339966;\"><a style=\"color: #339966;\" href=\"https:\/\/videos.unileon.es\/es\/directo\/8.html\"><img loading=\"lazy\" decoding=\"async\" class=\"aligncenter wp-image-2660\" src=\"http:\/\/bibliotecas.unileon.es\/tULEctura\/files\/2015\/10\/videostreaming.jpg\" sizes=\"auto, (max-width: 109px) 100vw, 109px\" srcset=\"http:\/\/bibliotecas.unileon.es\/tULEctura\/files\/2015\/10\/videostreaming-300x93.jpg 300w, http:\/\/bibliotecas.unileon.es\/tULEctura\/files\/2015\/10\/videostreaming-624x194.jpg 624w, http:\/\/bibliotecas.unileon.es\/tULEctura\/files\/2015\/10\/videostreaming.jpg 846w\" alt=\"videostreaming\" width=\"109\" height=\"34\" data-pin-nopin=\"true\" \/><\/a><\/span><span style=\"color: #339966;\">Despu\u00e9s, nos encargaremos de editar esas grabaciones para que est\u00e9n accesibles a trav\u00e9s de nuestro <a style=\"color: #339966;\" href=\"https:\/\/videos.unileon.es\/\" target=\"_blank\" rel=\"noopener noreferrer\">canal de v\u00eddeo de la Universidad de Le\u00f3n<\/a>.<\/span><\/li>\n<\/ul>\n<h3 style=\"text-align: justify;\"><span style=\"color: #339966;\"><img loading=\"lazy\" decoding=\"async\" class=\"aligncenter wp-image-5186 size-large\" src=\"http:\/\/bibliotecas.unileon.es\/tULEctura\/files\/2017\/02\/CARTEL-IV-JORNADAS-RIUL-2017-1-724x1024.jpg\" width=\"625\" height=\"884\" srcset=\"https:\/\/bibliotecas.unileon.es\/tULEctura\/files\/2017\/02\/CARTEL-IV-JORNADAS-RIUL-2017-1-724x1024.jpg 724w, https:\/\/bibliotecas.unileon.es\/tULEctura\/files\/2017\/02\/CARTEL-IV-JORNADAS-RIUL-2017-1-212x300.jpg 212w, https:\/\/bibliotecas.unileon.es\/tULEctura\/files\/2017\/02\/CARTEL-IV-JORNADAS-RIUL-2017-1-768x1086.jpg 768w, https:\/\/bibliotecas.unileon.es\/tULEctura\/files\/2017\/02\/CARTEL-IV-JORNADAS-RIUL-2017-1-624x882.jpg 624w, https:\/\/bibliotecas.unileon.es\/tULEctura\/files\/2017\/02\/CARTEL-IV-JORNADAS-RIUL-2017-1.jpg 1654w\" sizes=\"auto, (max-width: 625px) 100vw, 625px\" \/><\/span><\/h3>\n<p style=\"text-align: center;\">\u00bf<strong><span style=\"color: #339966;\">Deseas m\u00e1s informaci\u00f3n sobre la organizaci\u00f3n y matr\u00edcula?<\/span><\/strong><br \/>\n<strong><span style=\"color: #339966;\">Consulta el <a style=\"color: #339966;\" href=\"http:\/\/bibliotecas.unileon.es\/tULEctura\/files\/2017\/02\/TR%C3%8DPTICO-IV-JORNADAS-RIUL-MARZO-2017-2.pdf\" class=\"mtli_attachment mtli_pdf\" target=\"_blank\" rel=\"noopener noreferrer\">Tr\u00edptico de las Jornadas<\/a><\/span><\/strong><\/p>\n","protected":false},"excerpt":{"rendered":"<p>IV JORNADAS DE LA RED INTERNACIONAL\u00a0DE UNIVERSIDADES LECTORAS\u00a0 SOBRE LITERATURA ACTUAL 15 Y 16 de marzo de 2017 DURACI\u00d3N:\u00a010 horas presenciales. 32 horas totales. DESTINATARIOS: Estudiantes de la universidad, especialistas e interesados en el \u00e1mbito de estudio de la literatura actual y p\u00fablico en general atra\u00eddo por la tem\u00e1tica abordada. 1 Cr\u00e9dito de Libre Configuraci\u00f3n [&hellip;]<\/p>\n","protected":false},"author":73,"featured_media":0,"parent":47134,"menu_order":17,"comment_status":"closed","ping_status":"closed","template":"","meta":{"_bbp_topic_count":0,"_bbp_reply_count":0,"_bbp_total_topic_count":0,"_bbp_total_reply_count":0,"_bbp_voice_count":0,"_bbp_anonymous_reply_count":0,"_bbp_topic_count_hidden":0,"_bbp_reply_count_hidden":0,"_bbp_forum_subforum_count":0,"_monsterinsights_skip_tracking":false,"_monsterinsights_sitenote_active":false,"_monsterinsights_sitenote_note":"","_monsterinsights_sitenote_category":0,"footnotes":""},"class_list":["post-5189","page","type-page","status-publish","hentry"],"yoast_head":"<!-- This site is optimized with the Yoast SEO plugin v25.8 - https:\/\/yoast.com\/wordpress\/plugins\/seo\/ -->\n<title>IV Jornadas de la RIUL sobre la Literatura Actual - tULEctura<\/title>\n<meta name=\"robots\" content=\"index, follow, max-snippet:-1, max-image-preview:large, max-video-preview:-1\" \/>\n<link rel=\"canonical\" href=\"https:\/\/bibliotecas.unileon.es\/tULEctura\/actividades\/riul-jornadas\/iv-jornadas-de-la-riul-sobre-la-literatura-actual\/\" \/>\n<meta property=\"og:locale\" content=\"es_ES\" \/>\n<meta property=\"og:type\" content=\"article\" \/>\n<meta property=\"og:title\" content=\"IV Jornadas de la RIUL sobre la Literatura Actual - tULEctura\" \/>\n<meta property=\"og:description\" content=\"IV JORNADAS DE LA RED INTERNACIONAL\u00a0DE UNIVERSIDADES LECTORAS\u00a0 SOBRE LITERATURA ACTUAL 15 Y 16 de marzo de 2017 DURACI\u00d3N:\u00a010 horas presenciales. 32 horas totales. DESTINATARIOS: Estudiantes de la universidad, especialistas e interesados en el \u00e1mbito de estudio de la literatura actual y p\u00fablico en general atra\u00eddo por la tem\u00e1tica abordada. 1 Cr\u00e9dito de Libre Configuraci\u00f3n [&hellip;]\" \/>\n<meta property=\"og:url\" content=\"https:\/\/bibliotecas.unileon.es\/tULEctura\/actividades\/riul-jornadas\/iv-jornadas-de-la-riul-sobre-la-literatura-actual\/\" \/>\n<meta property=\"og:site_name\" content=\"tULEctura\" \/>\n<meta property=\"article:publisher\" content=\"https:\/\/www.facebook.com\/tulectura.unileon\/\" \/>\n<meta property=\"article:modified_time\" content=\"2019-04-25T11:36:02+00:00\" \/>\n<meta property=\"og:image\" content=\"https:\/\/bibliotecas.unileon.es\/tULEctura\/files\/2015\/10\/videostreaming.jpg\" \/>\n\t<meta property=\"og:image:width\" content=\"846\" \/>\n\t<meta property=\"og:image:height\" content=\"264\" \/>\n\t<meta property=\"og:image:type\" content=\"image\/jpeg\" \/>\n<meta name=\"twitter:card\" content=\"summary_large_image\" \/>\n<meta name=\"twitter:site\" content=\"@tULEctura_ULE\" \/>\n<meta name=\"twitter:label1\" content=\"Tiempo de lectura\" \/>\n\t<meta name=\"twitter:data1\" content=\"1 minuto\" \/>\n<script type=\"application\/ld+json\" class=\"yoast-schema-graph\">{\"@context\":\"https:\/\/schema.org\",\"@graph\":[{\"@type\":\"WebPage\",\"@id\":\"https:\/\/bibliotecas.unileon.es\/tULEctura\/actividades\/riul-jornadas\/iv-jornadas-de-la-riul-sobre-la-literatura-actual\/\",\"url\":\"https:\/\/bibliotecas.unileon.es\/tULEctura\/actividades\/riul-jornadas\/iv-jornadas-de-la-riul-sobre-la-literatura-actual\/\",\"name\":\"IV Jornadas de la RIUL sobre la Literatura Actual - tULEctura\",\"isPartOf\":{\"@id\":\"https:\/\/bibliotecas.unileon.es\/tULEctura\/#website\"},\"primaryImageOfPage\":{\"@id\":\"https:\/\/bibliotecas.unileon.es\/tULEctura\/actividades\/riul-jornadas\/iv-jornadas-de-la-riul-sobre-la-literatura-actual\/#primaryimage\"},\"image\":{\"@id\":\"https:\/\/bibliotecas.unileon.es\/tULEctura\/actividades\/riul-jornadas\/iv-jornadas-de-la-riul-sobre-la-literatura-actual\/#primaryimage\"},\"thumbnailUrl\":\"http:\/\/bibliotecas.unileon.es\/tULEctura\/files\/2015\/10\/videostreaming.jpg\",\"datePublished\":\"2017-02-27T07:56:30+00:00\",\"dateModified\":\"2019-04-25T11:36:02+00:00\",\"breadcrumb\":{\"@id\":\"https:\/\/bibliotecas.unileon.es\/tULEctura\/actividades\/riul-jornadas\/iv-jornadas-de-la-riul-sobre-la-literatura-actual\/#breadcrumb\"},\"inLanguage\":\"es\",\"potentialAction\":[{\"@type\":\"ReadAction\",\"target\":[\"https:\/\/bibliotecas.unileon.es\/tULEctura\/actividades\/riul-jornadas\/iv-jornadas-de-la-riul-sobre-la-literatura-actual\/\"]}]},{\"@type\":\"ImageObject\",\"inLanguage\":\"es\",\"@id\":\"https:\/\/bibliotecas.unileon.es\/tULEctura\/actividades\/riul-jornadas\/iv-jornadas-de-la-riul-sobre-la-literatura-actual\/#primaryimage\",\"url\":\"https:\/\/bibliotecas.unileon.es\/tULEctura\/files\/2015\/10\/videostreaming.jpg\",\"contentUrl\":\"https:\/\/bibliotecas.unileon.es\/tULEctura\/files\/2015\/10\/videostreaming.jpg\",\"width\":846,\"height\":264},{\"@type\":\"BreadcrumbList\",\"@id\":\"https:\/\/bibliotecas.unileon.es\/tULEctura\/actividades\/riul-jornadas\/iv-jornadas-de-la-riul-sobre-la-literatura-actual\/#breadcrumb\",\"itemListElement\":[{\"@type\":\"ListItem\",\"position\":1,\"name\":\"Home\",\"item\":\"https:\/\/bibliotecas.unileon.es\/tULEctura\/\"},{\"@type\":\"ListItem\",\"position\":2,\"name\":\"Eventos\",\"item\":\"https:\/\/bibliotecas.unileon.es\/tULEctura\/actividades\/\"},{\"@type\":\"ListItem\",\"position\":3,\"name\":\"RIUL (Jornadas)\",\"item\":\"https:\/\/bibliotecas.unileon.es\/tULEctura\/actividades\/riul-jornadas\/\"},{\"@type\":\"ListItem\",\"position\":4,\"name\":\"IV Jornadas de la RIUL sobre la Literatura Actual\"}]},{\"@type\":\"WebSite\",\"@id\":\"https:\/\/bibliotecas.unileon.es\/tULEctura\/#website\",\"url\":\"https:\/\/bibliotecas.unileon.es\/tULEctura\/\",\"name\":\"tULEctura\",\"description\":\"Espacio de la Universidad de Le\u00f3n dedicado a la lectura\",\"publisher\":{\"@id\":\"https:\/\/bibliotecas.unileon.es\/tULEctura\/#organization\"},\"potentialAction\":[{\"@type\":\"SearchAction\",\"target\":{\"@type\":\"EntryPoint\",\"urlTemplate\":\"https:\/\/bibliotecas.unileon.es\/tULEctura\/?s={search_term_string}\"},\"query-input\":{\"@type\":\"PropertyValueSpecification\",\"valueRequired\":true,\"valueName\":\"search_term_string\"}}],\"inLanguage\":\"es\"},{\"@type\":\"Organization\",\"@id\":\"https:\/\/bibliotecas.unileon.es\/tULEctura\/#organization\",\"name\":\"Universidad de Le\u00f3n\",\"url\":\"https:\/\/bibliotecas.unileon.es\/tULEctura\/\",\"logo\":{\"@type\":\"ImageObject\",\"inLanguage\":\"es\",\"@id\":\"https:\/\/bibliotecas.unileon.es\/tULEctura\/#\/schema\/logo\/image\/\",\"url\":\"https:\/\/bibliotecas.unileon.es\/tULEctura\/files\/2018\/08\/TULECTURA_LOGO1.png\",\"contentUrl\":\"https:\/\/bibliotecas.unileon.es\/tULEctura\/files\/2018\/08\/TULECTURA_LOGO1.png\",\"width\":\"960\",\"height\":\"258\",\"caption\":\"Universidad de Le\u00f3n\"},\"image\":{\"@id\":\"https:\/\/bibliotecas.unileon.es\/tULEctura\/#\/schema\/logo\/image\/\"},\"sameAs\":[\"https:\/\/www.facebook.com\/tulectura.unileon\/\",\"https:\/\/x.com\/tULEctura_ULE\",\"https:\/\/www.instagram.com\/tulectura.unileon\/\",\"https:\/\/www.pinterest.es\/tulectura\/\",\"https:\/\/www.youtube.com\/channel\/UCoWaDD39lVlAQcOchwlTPVw\"]}]}<\/script>\n<!-- \/ Yoast SEO plugin. -->","yoast_head_json":{"title":"IV Jornadas de la RIUL sobre la Literatura Actual - tULEctura","robots":{"index":"index","follow":"follow","max-snippet":"max-snippet:-1","max-image-preview":"max-image-preview:large","max-video-preview":"max-video-preview:-1"},"canonical":"https:\/\/bibliotecas.unileon.es\/tULEctura\/actividades\/riul-jornadas\/iv-jornadas-de-la-riul-sobre-la-literatura-actual\/","og_locale":"es_ES","og_type":"article","og_title":"IV Jornadas de la RIUL sobre la Literatura Actual - tULEctura","og_description":"IV JORNADAS DE LA RED INTERNACIONAL\u00a0DE UNIVERSIDADES LECTORAS\u00a0 SOBRE LITERATURA ACTUAL 15 Y 16 de marzo de 2017 DURACI\u00d3N:\u00a010 horas presenciales. 32 horas totales. DESTINATARIOS: Estudiantes de la universidad, especialistas e interesados en el \u00e1mbito de estudio de la literatura actual y p\u00fablico en general atra\u00eddo por la tem\u00e1tica abordada. 1 Cr\u00e9dito de Libre Configuraci\u00f3n [&hellip;]","og_url":"https:\/\/bibliotecas.unileon.es\/tULEctura\/actividades\/riul-jornadas\/iv-jornadas-de-la-riul-sobre-la-literatura-actual\/","og_site_name":"tULEctura","article_publisher":"https:\/\/www.facebook.com\/tulectura.unileon\/","article_modified_time":"2019-04-25T11:36:02+00:00","og_image":[{"width":846,"height":264,"url":"https:\/\/bibliotecas.unileon.es\/tULEctura\/files\/2015\/10\/videostreaming.jpg","type":"image\/jpeg"}],"twitter_card":"summary_large_image","twitter_site":"@tULEctura_ULE","twitter_misc":{"Tiempo de lectura":"1 minuto"},"schema":{"@context":"https:\/\/schema.org","@graph":[{"@type":"WebPage","@id":"https:\/\/bibliotecas.unileon.es\/tULEctura\/actividades\/riul-jornadas\/iv-jornadas-de-la-riul-sobre-la-literatura-actual\/","url":"https:\/\/bibliotecas.unileon.es\/tULEctura\/actividades\/riul-jornadas\/iv-jornadas-de-la-riul-sobre-la-literatura-actual\/","name":"IV Jornadas de la RIUL sobre la Literatura Actual - tULEctura","isPartOf":{"@id":"https:\/\/bibliotecas.unileon.es\/tULEctura\/#website"},"primaryImageOfPage":{"@id":"https:\/\/bibliotecas.unileon.es\/tULEctura\/actividades\/riul-jornadas\/iv-jornadas-de-la-riul-sobre-la-literatura-actual\/#primaryimage"},"image":{"@id":"https:\/\/bibliotecas.unileon.es\/tULEctura\/actividades\/riul-jornadas\/iv-jornadas-de-la-riul-sobre-la-literatura-actual\/#primaryimage"},"thumbnailUrl":"http:\/\/bibliotecas.unileon.es\/tULEctura\/files\/2015\/10\/videostreaming.jpg","datePublished":"2017-02-27T07:56:30+00:00","dateModified":"2019-04-25T11:36:02+00:00","breadcrumb":{"@id":"https:\/\/bibliotecas.unileon.es\/tULEctura\/actividades\/riul-jornadas\/iv-jornadas-de-la-riul-sobre-la-literatura-actual\/#breadcrumb"},"inLanguage":"es","potentialAction":[{"@type":"ReadAction","target":["https:\/\/bibliotecas.unileon.es\/tULEctura\/actividades\/riul-jornadas\/iv-jornadas-de-la-riul-sobre-la-literatura-actual\/"]}]},{"@type":"ImageObject","inLanguage":"es","@id":"https:\/\/bibliotecas.unileon.es\/tULEctura\/actividades\/riul-jornadas\/iv-jornadas-de-la-riul-sobre-la-literatura-actual\/#primaryimage","url":"https:\/\/bibliotecas.unileon.es\/tULEctura\/files\/2015\/10\/videostreaming.jpg","contentUrl":"https:\/\/bibliotecas.unileon.es\/tULEctura\/files\/2015\/10\/videostreaming.jpg","width":846,"height":264},{"@type":"BreadcrumbList","@id":"https:\/\/bibliotecas.unileon.es\/tULEctura\/actividades\/riul-jornadas\/iv-jornadas-de-la-riul-sobre-la-literatura-actual\/#breadcrumb","itemListElement":[{"@type":"ListItem","position":1,"name":"Home","item":"https:\/\/bibliotecas.unileon.es\/tULEctura\/"},{"@type":"ListItem","position":2,"name":"Eventos","item":"https:\/\/bibliotecas.unileon.es\/tULEctura\/actividades\/"},{"@type":"ListItem","position":3,"name":"RIUL (Jornadas)","item":"https:\/\/bibliotecas.unileon.es\/tULEctura\/actividades\/riul-jornadas\/"},{"@type":"ListItem","position":4,"name":"IV Jornadas de la RIUL sobre la Literatura Actual"}]},{"@type":"WebSite","@id":"https:\/\/bibliotecas.unileon.es\/tULEctura\/#website","url":"https:\/\/bibliotecas.unileon.es\/tULEctura\/","name":"tULEctura","description":"Espacio de la Universidad de Le\u00f3n dedicado a la lectura","publisher":{"@id":"https:\/\/bibliotecas.unileon.es\/tULEctura\/#organization"},"potentialAction":[{"@type":"SearchAction","target":{"@type":"EntryPoint","urlTemplate":"https:\/\/bibliotecas.unileon.es\/tULEctura\/?s={search_term_string}"},"query-input":{"@type":"PropertyValueSpecification","valueRequired":true,"valueName":"search_term_string"}}],"inLanguage":"es"},{"@type":"Organization","@id":"https:\/\/bibliotecas.unileon.es\/tULEctura\/#organization","name":"Universidad de Le\u00f3n","url":"https:\/\/bibliotecas.unileon.es\/tULEctura\/","logo":{"@type":"ImageObject","inLanguage":"es","@id":"https:\/\/bibliotecas.unileon.es\/tULEctura\/#\/schema\/logo\/image\/","url":"https:\/\/bibliotecas.unileon.es\/tULEctura\/files\/2018\/08\/TULECTURA_LOGO1.png","contentUrl":"https:\/\/bibliotecas.unileon.es\/tULEctura\/files\/2018\/08\/TULECTURA_LOGO1.png","width":"960","height":"258","caption":"Universidad de Le\u00f3n"},"image":{"@id":"https:\/\/bibliotecas.unileon.es\/tULEctura\/#\/schema\/logo\/image\/"},"sameAs":["https:\/\/www.facebook.com\/tulectura.unileon\/","https:\/\/x.com\/tULEctura_ULE","https:\/\/www.instagram.com\/tulectura.unileon\/","https:\/\/www.pinterest.es\/tulectura\/","https:\/\/www.youtube.com\/channel\/UCoWaDD39lVlAQcOchwlTPVw"]}]}},"_links":{"self":[{"href":"https:\/\/bibliotecas.unileon.es\/tULEctura\/wp-json\/wp\/v2\/pages\/5189","targetHints":{"allow":["GET"]}}],"collection":[{"href":"https:\/\/bibliotecas.unileon.es\/tULEctura\/wp-json\/wp\/v2\/pages"}],"about":[{"href":"https:\/\/bibliotecas.unileon.es\/tULEctura\/wp-json\/wp\/v2\/types\/page"}],"author":[{"embeddable":true,"href":"https:\/\/bibliotecas.unileon.es\/tULEctura\/wp-json\/wp\/v2\/users\/73"}],"replies":[{"embeddable":true,"href":"https:\/\/bibliotecas.unileon.es\/tULEctura\/wp-json\/wp\/v2\/comments?post=5189"}],"version-history":[{"count":0,"href":"https:\/\/bibliotecas.unileon.es\/tULEctura\/wp-json\/wp\/v2\/pages\/5189\/revisions"}],"up":[{"embeddable":true,"href":"https:\/\/bibliotecas.unileon.es\/tULEctura\/wp-json\/wp\/v2\/pages\/47134"}],"wp:attachment":[{"href":"https:\/\/bibliotecas.unileon.es\/tULEctura\/wp-json\/wp\/v2\/media?parent=5189"}],"curies":[{"name":"wp","href":"https:\/\/api.w.org\/{rel}","templated":true}]}}