{"id":54,"date":"2013-10-11T16:34:32","date_gmt":"2013-10-11T14:34:32","guid":{"rendered":"http:\/\/bibliotecas.unileon.es\/tULElectura\/?page_id=54"},"modified":"2025-10-01T18:08:57","modified_gmt":"2025-10-01T16:08:57","slug":"como-participar","status":"publish","type":"page","link":"https:\/\/bibliotecas.unileon.es\/tULEctura\/como-participar\/","title":{"rendered":"Contacto"},"content":{"rendered":"<h1 style=\"text-align: center;\">\u00bfC\u00f3mo participar?<\/h1>\n<h2 style=\"text-align: center;\">Todas nuestras actividades son gratuitas<br \/>\ny est\u00e1n abiertas a todo el p\u00fablico,<br \/>\nsea o no miembro de la Universidad de Le\u00f3n.<\/h2>\n<p style=\"text-align: justify;\">Tenemos previstas actividades tanto presenciales como para ser llevadas a cabo a trav\u00e9s de la web (podr\u00e1s seguirnos en directo a trav\u00e9s de v\u00eddeo\u00a0streaming, participar en los juegos y concursos que te propondremos, comentar nuestras entradas)<\/p>\n<p style=\"text-align: justify;\">Incluiremos en nuestra p\u00e1gina la informaci\u00f3n que necesitas conocer \u00a0para poder participar en las actividades presenciales: formularios de inscripci\u00f3n, lugar y hora del evento\u2026 Te gustar\u00e1 acudir a las charlas, lecturas, encuentros \u00a0y filandones que organizamos.<\/p>\n<p style=\"text-align: justify;\">Tal vez, dependiendo de tu horario o la poblaci\u00f3n en la que vivas, te resulte m\u00e1s f\u00e1cil participar en las opciones que te ofrecemos a trav\u00e9s de este blog. Puedes elegir el modo que sea m\u00e1s adecuado para ti.<\/p>\n<p style=\"text-align: justify;\">Siempre podr\u00e1s ponerte en contacto con nosotros y aportar tus opiniones, comentarios o sugerencias \u00a0a trav\u00e9s de nuestro <span style=\"color: #0000ff;\"><strong>correo <a style=\"color: #0000ff;\" href=\"mailto:tulectura@unileon.es\">tulectura@unileon.es<\/a><\/strong><\/span>,\u00a0de <strong><span style=\"color: #0000ff;\"><a style=\"color: #0000ff;\" href=\"https:\/\/www.facebook.com\/tulectura.unileon\" target=\"_blank\" rel=\"noopener noreferrer\">facebook<\/a><\/span><\/strong>, de <span style=\"color: #0000ff;\"><strong><a style=\"color: #0000ff;\" href=\"https:\/\/twitter.com\/intent\/tweet?screen_name=tULEctura_ULE\" target=\"_blank\" rel=\"noopener noreferrer\">twitter<\/a><\/strong><\/span>, o visit\u00e1ndonos en la Biblioteca General San Isidoro de la Universidad de Le\u00f3n.<\/p>\n<h2 style=\"text-align: center;\"><a href=\"https:\/\/bibliotecas.unileon.es\/tULEctura\/files\/2019\/11\/programa-tulectura-2019-2020.pdf\" class=\"mtli_attachment mtli_pdf\" target=\"_blank\" rel=\"noopener noreferrer\"><span style=\"color: #3366ff;\"><strong>Programaci\u00f3n tULEctura para el curso 2019-2020<\/strong><\/span><\/a><\/h2>\n<p>&nbsp;<\/p>\n<p><strong>(Programas anteriores)<\/strong><\/p>\n<ul>\n<li>\n<p style=\"text-align: justify;\"><span style=\"color: #3366ff;\"><a style=\"color: #3366ff;\" href=\"http:\/\/bibliotecas.unileon.es\/tULEctura\/files\/2018\/10\/Programaci%C3%B3n-tULEctura-2018-2019.-2-hojas-con-enlaces.pdf\" class=\"mtli_attachment mtli_pdf\" target=\"_blank\" rel=\"noopener noreferrer\"><strong>Programaci\u00f3n tULEctura para el curso 2018-2019<\/strong><\/a><\/span><\/p>\n<\/li>\n<li style=\"text-align: justify;\"><strong><a href=\"http:\/\/bibliotecas.unileon.es\/tULEctura\/files\/2013\/10\/Programaci%C3%B3n-tULEctura-2017-2018.pdf\" class=\"mtli_attachment mtli_pdf\" target=\"_blank\" rel=\"noopener noreferrer\">\u00a0Programaci\u00f3n tULEctura para el curso 2017-2018<\/a><\/strong><\/li>\n<\/ul>\n<ul>\n<li><span style=\"color: #3366ff;\"><a style=\"color: #3366ff;\" href=\"http:\/\/bibliotecas.unileon.es\/tULEctura\/files\/2013\/10\/programaci\u00f3n-tULEctura-2016-2017-1.pdf\" class=\"mtli_attachment mtli_pdf\" target=\"_blank\" rel=\"noopener noreferrer\"><strong>Programaci\u00f3n tULEctura para el curso 2016-2017<\/strong><\/a><\/span><\/li>\n<li style=\"text-align: justify;\">\n<h4><strong><a href=\"http:\/\/bibliotecas.unileon.es\/tULEctura\/files\/2013\/10\/programaci\u00f3n-tULEctura-2015-2016.pdf\" class=\"mtli_attachment mtli_pdf\">Programaci\u00f3n tULEctura para el curso 2015-2016<\/a><\/strong><\/h4>\n<\/li>\n<\/ul>\n","protected":false},"excerpt":{"rendered":"<p>\u00bfC\u00f3mo participar? Todas nuestras actividades son gratuitas y est\u00e1n abiertas a todo el p\u00fablico, sea o no miembro de la Universidad de Le\u00f3n. Tenemos previstas actividades tanto presenciales como para ser llevadas a cabo a trav\u00e9s de la web (podr\u00e1s seguirnos en directo a trav\u00e9s de v\u00eddeo\u00a0streaming, participar en los juegos y concursos que te [&hellip;]<\/p>\n","protected":false},"author":73,"featured_media":0,"parent":0,"menu_order":0,"comment_status":"closed","ping_status":"closed","template":"","meta":{"_bbp_topic_count":0,"_bbp_reply_count":0,"_bbp_total_topic_count":0,"_bbp_total_reply_count":0,"_bbp_voice_count":0,"_bbp_anonymous_reply_count":0,"_bbp_topic_count_hidden":0,"_bbp_reply_count_hidden":0,"_bbp_forum_subforum_count":0,"_monsterinsights_skip_tracking":false,"_monsterinsights_sitenote_active":false,"_monsterinsights_sitenote_note":"","_monsterinsights_sitenote_category":0,"footnotes":""},"class_list":["post-54","page","type-page","status-publish","hentry"],"yoast_head":"<!-- This site is optimized with the Yoast SEO plugin v25.8 - https:\/\/yoast.com\/wordpress\/plugins\/seo\/ -->\n<title>Contacto - tULEctura<\/title>\n<meta name=\"robots\" content=\"index, follow, max-snippet:-1, max-image-preview:large, max-video-preview:-1\" \/>\n<link rel=\"canonical\" href=\"https:\/\/bibliotecas.unileon.es\/tULEctura\/como-participar\/\" \/>\n<meta property=\"og:locale\" content=\"es_ES\" \/>\n<meta property=\"og:type\" content=\"article\" \/>\n<meta property=\"og:title\" content=\"Contacto - tULEctura\" \/>\n<meta property=\"og:description\" content=\"\u00bfC\u00f3mo participar? Todas nuestras actividades son gratuitas y est\u00e1n abiertas a todo el p\u00fablico, sea o no miembro de la Universidad de Le\u00f3n. Tenemos previstas actividades tanto presenciales como para ser llevadas a cabo a trav\u00e9s de la web (podr\u00e1s seguirnos en directo a trav\u00e9s de v\u00eddeo\u00a0streaming, participar en los juegos y concursos que te [&hellip;]\" \/>\n<meta property=\"og:url\" content=\"https:\/\/bibliotecas.unileon.es\/tULEctura\/como-participar\/\" \/>\n<meta property=\"og:site_name\" content=\"tULEctura\" \/>\n<meta property=\"article:publisher\" content=\"https:\/\/www.facebook.com\/tulectura.unileon\/\" \/>\n<meta property=\"article:modified_time\" content=\"2025-10-01T16:08:57+00:00\" \/>\n<meta name=\"twitter:card\" content=\"summary_large_image\" \/>\n<meta name=\"twitter:site\" content=\"@tULEctura_ULE\" \/>\n<meta name=\"twitter:label1\" content=\"Tiempo de lectura\" \/>\n\t<meta name=\"twitter:data1\" content=\"1 minuto\" \/>\n<script type=\"application\/ld+json\" class=\"yoast-schema-graph\">{\"@context\":\"https:\/\/schema.org\",\"@graph\":[{\"@type\":\"WebPage\",\"@id\":\"https:\/\/bibliotecas.unileon.es\/tULEctura\/como-participar\/\",\"url\":\"https:\/\/bibliotecas.unileon.es\/tULEctura\/como-participar\/\",\"name\":\"Contacto - tULEctura\",\"isPartOf\":{\"@id\":\"https:\/\/bibliotecas.unileon.es\/tULEctura\/#website\"},\"datePublished\":\"2013-10-11T14:34:32+00:00\",\"dateModified\":\"2025-10-01T16:08:57+00:00\",\"breadcrumb\":{\"@id\":\"https:\/\/bibliotecas.unileon.es\/tULEctura\/como-participar\/#breadcrumb\"},\"inLanguage\":\"es\",\"potentialAction\":[{\"@type\":\"ReadAction\",\"target\":[\"https:\/\/bibliotecas.unileon.es\/tULEctura\/como-participar\/\"]}]},{\"@type\":\"BreadcrumbList\",\"@id\":\"https:\/\/bibliotecas.unileon.es\/tULEctura\/como-participar\/#breadcrumb\",\"itemListElement\":[{\"@type\":\"ListItem\",\"position\":1,\"name\":\"Home\",\"item\":\"https:\/\/bibliotecas.unileon.es\/tULEctura\/\"},{\"@type\":\"ListItem\",\"position\":2,\"name\":\"Contacto\"}]},{\"@type\":\"WebSite\",\"@id\":\"https:\/\/bibliotecas.unileon.es\/tULEctura\/#website\",\"url\":\"https:\/\/bibliotecas.unileon.es\/tULEctura\/\",\"name\":\"tULEctura\",\"description\":\"Espacio de la Universidad de Le\u00f3n dedicado a la lectura\",\"publisher\":{\"@id\":\"https:\/\/bibliotecas.unileon.es\/tULEctura\/#organization\"},\"potentialAction\":[{\"@type\":\"SearchAction\",\"target\":{\"@type\":\"EntryPoint\",\"urlTemplate\":\"https:\/\/bibliotecas.unileon.es\/tULEctura\/?s={search_term_string}\"},\"query-input\":{\"@type\":\"PropertyValueSpecification\",\"valueRequired\":true,\"valueName\":\"search_term_string\"}}],\"inLanguage\":\"es\"},{\"@type\":\"Organization\",\"@id\":\"https:\/\/bibliotecas.unileon.es\/tULEctura\/#organization\",\"name\":\"Universidad de Le\u00f3n\",\"url\":\"https:\/\/bibliotecas.unileon.es\/tULEctura\/\",\"logo\":{\"@type\":\"ImageObject\",\"inLanguage\":\"es\",\"@id\":\"https:\/\/bibliotecas.unileon.es\/tULEctura\/#\/schema\/logo\/image\/\",\"url\":\"https:\/\/bibliotecas.unileon.es\/tULEctura\/files\/2018\/08\/TULECTURA_LOGO1.png\",\"contentUrl\":\"https:\/\/bibliotecas.unileon.es\/tULEctura\/files\/2018\/08\/TULECTURA_LOGO1.png\",\"width\":\"960\",\"height\":\"258\",\"caption\":\"Universidad de Le\u00f3n\"},\"image\":{\"@id\":\"https:\/\/bibliotecas.unileon.es\/tULEctura\/#\/schema\/logo\/image\/\"},\"sameAs\":[\"https:\/\/www.facebook.com\/tulectura.unileon\/\",\"https:\/\/x.com\/tULEctura_ULE\",\"https:\/\/www.instagram.com\/tulectura.unileon\/\",\"https:\/\/www.pinterest.es\/tulectura\/\",\"https:\/\/www.youtube.com\/channel\/UCoWaDD39lVlAQcOchwlTPVw\"]}]}<\/script>\n<!-- \/ Yoast SEO plugin. -->","yoast_head_json":{"title":"Contacto - tULEctura","robots":{"index":"index","follow":"follow","max-snippet":"max-snippet:-1","max-image-preview":"max-image-preview:large","max-video-preview":"max-video-preview:-1"},"canonical":"https:\/\/bibliotecas.unileon.es\/tULEctura\/como-participar\/","og_locale":"es_ES","og_type":"article","og_title":"Contacto - tULEctura","og_description":"\u00bfC\u00f3mo participar? Todas nuestras actividades son gratuitas y est\u00e1n abiertas a todo el p\u00fablico, sea o no miembro de la Universidad de Le\u00f3n. Tenemos previstas actividades tanto presenciales como para ser llevadas a cabo a trav\u00e9s de la web (podr\u00e1s seguirnos en directo a trav\u00e9s de v\u00eddeo\u00a0streaming, participar en los juegos y concursos que te [&hellip;]","og_url":"https:\/\/bibliotecas.unileon.es\/tULEctura\/como-participar\/","og_site_name":"tULEctura","article_publisher":"https:\/\/www.facebook.com\/tulectura.unileon\/","article_modified_time":"2025-10-01T16:08:57+00:00","twitter_card":"summary_large_image","twitter_site":"@tULEctura_ULE","twitter_misc":{"Tiempo de lectura":"1 minuto"},"schema":{"@context":"https:\/\/schema.org","@graph":[{"@type":"WebPage","@id":"https:\/\/bibliotecas.unileon.es\/tULEctura\/como-participar\/","url":"https:\/\/bibliotecas.unileon.es\/tULEctura\/como-participar\/","name":"Contacto - tULEctura","isPartOf":{"@id":"https:\/\/bibliotecas.unileon.es\/tULEctura\/#website"},"datePublished":"2013-10-11T14:34:32+00:00","dateModified":"2025-10-01T16:08:57+00:00","breadcrumb":{"@id":"https:\/\/bibliotecas.unileon.es\/tULEctura\/como-participar\/#breadcrumb"},"inLanguage":"es","potentialAction":[{"@type":"ReadAction","target":["https:\/\/bibliotecas.unileon.es\/tULEctura\/como-participar\/"]}]},{"@type":"BreadcrumbList","@id":"https:\/\/bibliotecas.unileon.es\/tULEctura\/como-participar\/#breadcrumb","itemListElement":[{"@type":"ListItem","position":1,"name":"Home","item":"https:\/\/bibliotecas.unileon.es\/tULEctura\/"},{"@type":"ListItem","position":2,"name":"Contacto"}]},{"@type":"WebSite","@id":"https:\/\/bibliotecas.unileon.es\/tULEctura\/#website","url":"https:\/\/bibliotecas.unileon.es\/tULEctura\/","name":"tULEctura","description":"Espacio de la Universidad de Le\u00f3n dedicado a la lectura","publisher":{"@id":"https:\/\/bibliotecas.unileon.es\/tULEctura\/#organization"},"potentialAction":[{"@type":"SearchAction","target":{"@type":"EntryPoint","urlTemplate":"https:\/\/bibliotecas.unileon.es\/tULEctura\/?s={search_term_string}"},"query-input":{"@type":"PropertyValueSpecification","valueRequired":true,"valueName":"search_term_string"}}],"inLanguage":"es"},{"@type":"Organization","@id":"https:\/\/bibliotecas.unileon.es\/tULEctura\/#organization","name":"Universidad de Le\u00f3n","url":"https:\/\/bibliotecas.unileon.es\/tULEctura\/","logo":{"@type":"ImageObject","inLanguage":"es","@id":"https:\/\/bibliotecas.unileon.es\/tULEctura\/#\/schema\/logo\/image\/","url":"https:\/\/bibliotecas.unileon.es\/tULEctura\/files\/2018\/08\/TULECTURA_LOGO1.png","contentUrl":"https:\/\/bibliotecas.unileon.es\/tULEctura\/files\/2018\/08\/TULECTURA_LOGO1.png","width":"960","height":"258","caption":"Universidad de Le\u00f3n"},"image":{"@id":"https:\/\/bibliotecas.unileon.es\/tULEctura\/#\/schema\/logo\/image\/"},"sameAs":["https:\/\/www.facebook.com\/tulectura.unileon\/","https:\/\/x.com\/tULEctura_ULE","https:\/\/www.instagram.com\/tulectura.unileon\/","https:\/\/www.pinterest.es\/tulectura\/","https:\/\/www.youtube.com\/channel\/UCoWaDD39lVlAQcOchwlTPVw"]}]}},"_links":{"self":[{"href":"https:\/\/bibliotecas.unileon.es\/tULEctura\/wp-json\/wp\/v2\/pages\/54","targetHints":{"allow":["GET"]}}],"collection":[{"href":"https:\/\/bibliotecas.unileon.es\/tULEctura\/wp-json\/wp\/v2\/pages"}],"about":[{"href":"https:\/\/bibliotecas.unileon.es\/tULEctura\/wp-json\/wp\/v2\/types\/page"}],"author":[{"embeddable":true,"href":"https:\/\/bibliotecas.unileon.es\/tULEctura\/wp-json\/wp\/v2\/users\/73"}],"replies":[{"embeddable":true,"href":"https:\/\/bibliotecas.unileon.es\/tULEctura\/wp-json\/wp\/v2\/comments?post=54"}],"version-history":[{"count":1,"href":"https:\/\/bibliotecas.unileon.es\/tULEctura\/wp-json\/wp\/v2\/pages\/54\/revisions"}],"predecessor-version":[{"id":2531,"href":"https:\/\/bibliotecas.unileon.es\/tULEctura\/wp-json\/wp\/v2\/pages\/54\/revisions\/2531"}],"wp:attachment":[{"href":"https:\/\/bibliotecas.unileon.es\/tULEctura\/wp-json\/wp\/v2\/media?parent=54"}],"curies":[{"name":"wp","href":"https:\/\/api.w.org\/{rel}","templated":true}]}}