{"id":6614,"date":"2017-07-24T07:00:11","date_gmt":"2017-07-24T05:00:11","guid":{"rendered":"http:\/\/bibliotecas.unileon.es\/tULEctura\/?page_id=6614"},"modified":"2017-11-28T17:08:07","modified_gmt":"2017-11-28T16:08:07","slug":"lectura-3-el-cuento-de-la-criada","status":"publish","type":"page","link":"https:\/\/bibliotecas.unileon.es\/tULEctura\/pagina-ejemplo\/curso-2017-2018\/lectura-3-el-cuento-de-la-criada\/","title":{"rendered":"Lectura 3: El cuento de la criada"},"content":{"rendered":"<h1><em>El cuento de la criada<\/em>, de Margaret Atwood<\/h1>\n<p><img loading=\"lazy\" decoding=\"async\" class=\"alignright wp-image-6616\" src=\"http:\/\/bibliotecas.unileon.es\/tULEctura\/files\/2017\/07\/cuento_de_la_criada.jpg\" alt=\"\" width=\"279\" height=\"449\" srcset=\"https:\/\/bibliotecas.unileon.es\/tULEctura\/files\/2017\/07\/cuento_de_la_criada.jpg 300w, https:\/\/bibliotecas.unileon.es\/tULEctura\/files\/2017\/07\/cuento_de_la_criada-186x300.jpg 186w\" sizes=\"auto, (max-width: 279px) 100vw, 279px\" \/><\/p>\n<div class=\"field\">\n<pre class=\"field\"><span class=\"text\">Atwood, Margaret ( 1939-)<\/span>\r\n\r\n<span class=\"text\">El cuento de la criada \/ Margaret Atwood ; traducci\u00f3n de Elsa Mateo Blanco<\/span>\r\n\r\n<span class=\"text\">Barcelona : Salamandra , 2017<\/span>\r\n\r\n<span class=\"text\">412 p. ; 22 cm<\/span>\r\n\r\n<span class=\"text\">9788498388015<\/span><\/pre>\n<\/div>\n<div><\/div>\n<div><strong>Calendario<\/strong><\/div>\n<div><\/div>\n<div>\n<ul>\n<li style=\"text-align: justify;\">16 de noviembre de 2017: <strong><a href=\"http:\/\/bibliotecas.unileon.es\/tULEctura\/2017\/11\/16\/cuento-criada-margaret-atwood-guia-lectura\/\" target=\"_blank\" rel=\"noopener\">Coloquio participativo de gu\u00eda a la lectura.\u00a0<\/a>\u00a0\u00a0 <\/strong>Adem\u00e1s: <strong><a href=\"http:\/\/bibliotecas.unileon.es\/tULEctura\/2017\/11\/23\/escanciar-en-copas-hueras\/\" target=\"_blank\" rel=\"noopener\">Escanciar en copas hueras. El simbolismo del recipiente en \u201cEl cuento de la criada\u00bb<\/a><\/strong><\/li>\n<li style=\"text-align: justify;\">23 de noviembre de 2017: <strong><a href=\"http:\/\/bibliotecas.unileon.es\/tULEctura\/2017\/11\/24\/cuento-criada-coloquio\/\" target=\"_blank\" rel=\"noopener\">Coloquio participativo de los socios.<\/a><\/strong><\/li>\n<\/ul>\n<p><strong>Lugar \u00a0y horario<\/strong><\/p>\n<p style=\"text-align: justify;\">Los encuentros de esta \u00a0lectura tendr\u00e1n lugar en la sala de conferencias de la Biblioteca General San Isidoro a las 19:00 horas.\u00a0<strong>Se ruega puntualidad<\/strong>.<\/p>\n<\/div>\n<p><strong>Puedes empezar a leer\u00a0<a href=\"http:\/\/bibliotecas.unileon.es\/tULEctura\/files\/2017\/07\/cuento_de_la_criada-1os_capitulos.pdf\" class=\"mtli_attachment mtli_pdf\" target=\"_blank\" rel=\"noopener\"><em>El cuento de la criada<\/em><\/a>, de Margaret Atwood<\/strong><\/p>\n<p>&nbsp;<\/p>\n<p><strong>Sinopsis:\u00a0<a href=\"http:\/\/salamandra.info\/libro\/cuento-criada\" target=\"_blank\" rel=\"noopener\">(Informaci\u00f3n de Editorial Salamandra)<\/a><\/strong><\/p>\n<p style=\"text-align: justify;\">Ampar\u00e1ndose en la coartada del terrorismo isl\u00e1mico, unos pol\u00edticos te\u00f3cratas se hacen con el poder y, como primera medida, suprimen la libertad de prensa y los derechos de las mujeres. Esta trama, inquietante y oscura, que bien podr\u00eda encontrarse en cualquier obra actual, pertenece en realidad a esta novela escrita por Margaret Atwood a principios de los ochenta, en la que la afamada autora canadiense anticip\u00f3 con llamativa premonici\u00f3n una amenaza latente en el mundo de hoy.<\/p>\n<p style=\"text-align: justify;\">En la Rep\u00fablica de Gilead, el cuerpo de Defred s\u00f3lo sirve para procrear, tal como imponen las f\u00e9rreas normas establecidas por la dictadura puritana que domina el pa\u00eds. Si Defred se rebela \u2014o si, aceptando colaborar a rega\u00f1adientes, no es capaz de concebir\u2014 le espera la muerte en ejecuci\u00f3n p\u00fablica o el destierro a unas Colonias en las que sucumbir\u00e1 a la poluci\u00f3n de los residuos t\u00f3xicos. As\u00ed, el r\u00e9gimen controla con mano de hierro hasta los m\u00e1s \u00ednfimos detalles de la vida de las mujeres: su alimentaci\u00f3n, su indumentaria, incluso su actividad sexual. Pero nadie, ni siquiera un gobierno desp\u00f3tico parapetado tras el supuesto mandato de un dios todopoderoso, puede gobernar el pensamiento de una persona. Y mucho menos su deseo.<\/p>\n<p style=\"text-align: justify;\">Los peligros inherentes a mezclar religi\u00f3n y pol\u00edtica; el empe\u00f1o de todo poder absoluto en someter a las mujeres como paso conducente a sojuzgar a toda la poblaci\u00f3n; la fuerza incontenible del deseo como elemento transgresor: son tan s\u00f3lo una muestra de los temas que aborda este relato desgarrador, aderezado con el sutil sarcasmo que constituye la se\u00f1a de identidad de Margaret Atwood. Una escritora universal que, con el paso del tiempo, no deja de asombrarnos con la lucidez de sus ideas y la potencia de su prosa.<\/p>\n<p>&nbsp;<\/p>\n<p><strong>La autora:<\/strong> \u00a0<strong><a href=\"http:\/\/salamandra.info\/autor\/atwood\" target=\"_blank\" rel=\"noopener\">(Informaci\u00f3n de Editorial Salamandra)<\/a><\/strong><\/p>\n<p style=\"text-align: justify;\"><strong><img loading=\"lazy\" decoding=\"async\" class=\" wp-image-6630 alignright\" src=\"http:\/\/bibliotecas.unileon.es\/tULEctura\/files\/2017\/07\/margaret-atwood.jpg\" alt=\"\" width=\"303\" height=\"395\" srcset=\"https:\/\/bibliotecas.unileon.es\/tULEctura\/files\/2017\/07\/margaret-atwood.jpg 460w, https:\/\/bibliotecas.unileon.es\/tULEctura\/files\/2017\/07\/margaret-atwood-230x300.jpg 230w\" sizes=\"auto, (max-width: 303px) 100vw, 303px\" \/><\/strong>Margaret Atwood\u00a0(Ottawa, 1939) es una de las escritoras canadienses de mayor renombre internacional. Autora prol\u00edfica, ha cultivado diversos g\u00e9neros literarios y su obra ha sido traducida a m\u00e1s de cuarenta idiomas. Entre sus novelas destacan, adem\u00e1s de\u00a0<em>El cuento de la criada<\/em>, que ahora presentamos con una nueva introducci\u00f3n de la autora,\u00a0<em>Ojo de gato<\/em>,\u00a0<em>Alias Grace<\/em>\u00a0y\u00a0<em>Oryx y Crake<\/em>, que fueron finalistas del premio Booker, un galard\u00f3n que obtuvo con su d\u00e9cima novela,\u00a0<em>El asesino ciego<\/em>. Ha recibido tambi\u00e9n el Governor General\u2019s Award, el Premio Montale, el Premio Pr\u00edncipe de Asturias de la Letras, el Premio Crystal, el Premio Nelly Sachs, el Premio Giller y el National Arts Club Literary Award. La serie televisiva de\u00a0<em>El cuento de la criada<\/em>\u00a0se ha estrenado en abril de 2017.<\/p>\n<p>&nbsp;<\/p>\n<p><strong>M\u00e1s:<\/strong><\/p>\n<ul>\n<li style=\"text-align: justify;\"><a href=\"http:\/\/catoute.unileon.es\/search~S1*spi?\/aatwood%2C+m\/aatwood+m\/1%2C2%2C52%2CB\/exact&amp;FF=aatwood+margaret+1939&amp;1%2C51%2C\" target=\"_blank\" rel=\"noopener\">Obras de Margaret Atwood en la Universidad de Le\u00f3n<\/a>.<\/li>\n<li>Gulick, Angela Michelle,<a href=\"http:\/\/lib.dr.iastate.edu\/cgi\/viewcontent.cgi?article=1063&amp;context=rtd\" target=\"_blank\" rel=\"noopener\"> \u00abThe Handmaid&#8217;s Tale by Margaret Atwood: examining its utopian, dystopian, feminist and postmodernist traditions\u00bb\u00a0<\/a>\u00a0(1991). Retrospective Theses and Dissertations. Paper 57.<\/li>\n<li>Serie\u00a0MGM Television \/ Hulu (2017):<\/li>\n<\/ul>\n<p><iframe loading=\"lazy\" src=\"https:\/\/www.youtube.com\/embed\/8pyst8CGO-M\" width=\"560\" height=\"315\" frameborder=\"0\" allowfullscreen=\"allowfullscreen\"><\/iframe><\/p>\n","protected":false},"excerpt":{"rendered":"<p>El cuento de la criada, de Margaret Atwood Atwood, Margaret ( 1939-) El cuento de la criada \/ Margaret Atwood ; traducci\u00f3n de Elsa Mateo Blanco Barcelona : Salamandra , 2017 412 p. ; 22 cm 9788498388015 Calendario 16 de noviembre de 2017: Coloquio participativo de gu\u00eda a la lectura.\u00a0\u00a0\u00a0 Adem\u00e1s: Escanciar en copas hueras. [&hellip;]<\/p>\n","protected":false},"author":73,"featured_media":0,"parent":6590,"menu_order":3,"comment_status":"closed","ping_status":"closed","template":"","meta":{"_bbp_topic_count":0,"_bbp_reply_count":0,"_bbp_total_topic_count":0,"_bbp_total_reply_count":0,"_bbp_voice_count":0,"_bbp_anonymous_reply_count":0,"_bbp_topic_count_hidden":0,"_bbp_reply_count_hidden":0,"_bbp_forum_subforum_count":0,"_monsterinsights_skip_tracking":false,"_monsterinsights_sitenote_active":false,"_monsterinsights_sitenote_note":"","_monsterinsights_sitenote_category":0,"footnotes":""},"class_list":["post-6614","page","type-page","status-publish","hentry"],"yoast_head":"<!-- This site is optimized with the Yoast SEO plugin v25.8 - https:\/\/yoast.com\/wordpress\/plugins\/seo\/ -->\n<title>Lectura 3: El cuento de la criada - tULEctura<\/title>\n<meta name=\"robots\" content=\"index, follow, max-snippet:-1, max-image-preview:large, max-video-preview:-1\" \/>\n<link rel=\"canonical\" href=\"https:\/\/bibliotecas.unileon.es\/tULEctura\/pagina-ejemplo\/curso-2017-2018\/lectura-3-el-cuento-de-la-criada\/\" \/>\n<meta property=\"og:locale\" content=\"es_ES\" \/>\n<meta property=\"og:type\" content=\"article\" \/>\n<meta property=\"og:title\" content=\"Lectura 3: El cuento de la criada - tULEctura\" \/>\n<meta property=\"og:description\" content=\"El cuento de la criada, de Margaret Atwood Atwood, Margaret ( 1939-) El cuento de la criada \/ Margaret Atwood ; traducci\u00f3n de Elsa Mateo Blanco Barcelona : Salamandra , 2017 412 p. ; 22 cm 9788498388015 Calendario 16 de noviembre de 2017: Coloquio participativo de gu\u00eda a la lectura.\u00a0\u00a0\u00a0 Adem\u00e1s: Escanciar en copas hueras. [&hellip;]\" \/>\n<meta property=\"og:url\" content=\"https:\/\/bibliotecas.unileon.es\/tULEctura\/pagina-ejemplo\/curso-2017-2018\/lectura-3-el-cuento-de-la-criada\/\" \/>\n<meta property=\"og:site_name\" content=\"tULEctura\" \/>\n<meta property=\"article:publisher\" content=\"https:\/\/www.facebook.com\/tulectura.unileon\/\" \/>\n<meta property=\"article:modified_time\" content=\"2017-11-28T16:08:07+00:00\" \/>\n<meta property=\"og:image\" content=\"https:\/\/bibliotecas.unileon.es\/tULEctura\/files\/2017\/07\/cuento_de_la_criada.jpg\" \/>\n\t<meta property=\"og:image:width\" content=\"300\" \/>\n\t<meta property=\"og:image:height\" content=\"483\" \/>\n\t<meta property=\"og:image:type\" content=\"image\/jpeg\" \/>\n<meta name=\"twitter:card\" content=\"summary_large_image\" \/>\n<meta name=\"twitter:site\" content=\"@tULEctura_ULE\" \/>\n<meta name=\"twitter:label1\" content=\"Tiempo de lectura\" \/>\n\t<meta name=\"twitter:data1\" content=\"3 minutos\" \/>\n<script type=\"application\/ld+json\" class=\"yoast-schema-graph\">{\"@context\":\"https:\/\/schema.org\",\"@graph\":[{\"@type\":\"WebPage\",\"@id\":\"https:\/\/bibliotecas.unileon.es\/tULEctura\/pagina-ejemplo\/curso-2017-2018\/lectura-3-el-cuento-de-la-criada\/\",\"url\":\"https:\/\/bibliotecas.unileon.es\/tULEctura\/pagina-ejemplo\/curso-2017-2018\/lectura-3-el-cuento-de-la-criada\/\",\"name\":\"Lectura 3: El cuento de la criada - tULEctura\",\"isPartOf\":{\"@id\":\"https:\/\/bibliotecas.unileon.es\/tULEctura\/#website\"},\"primaryImageOfPage\":{\"@id\":\"https:\/\/bibliotecas.unileon.es\/tULEctura\/pagina-ejemplo\/curso-2017-2018\/lectura-3-el-cuento-de-la-criada\/#primaryimage\"},\"image\":{\"@id\":\"https:\/\/bibliotecas.unileon.es\/tULEctura\/pagina-ejemplo\/curso-2017-2018\/lectura-3-el-cuento-de-la-criada\/#primaryimage\"},\"thumbnailUrl\":\"http:\/\/bibliotecas.unileon.es\/tULEctura\/files\/2017\/07\/cuento_de_la_criada.jpg\",\"datePublished\":\"2017-07-24T05:00:11+00:00\",\"dateModified\":\"2017-11-28T16:08:07+00:00\",\"breadcrumb\":{\"@id\":\"https:\/\/bibliotecas.unileon.es\/tULEctura\/pagina-ejemplo\/curso-2017-2018\/lectura-3-el-cuento-de-la-criada\/#breadcrumb\"},\"inLanguage\":\"es\",\"potentialAction\":[{\"@type\":\"ReadAction\",\"target\":[\"https:\/\/bibliotecas.unileon.es\/tULEctura\/pagina-ejemplo\/curso-2017-2018\/lectura-3-el-cuento-de-la-criada\/\"]}]},{\"@type\":\"ImageObject\",\"inLanguage\":\"es\",\"@id\":\"https:\/\/bibliotecas.unileon.es\/tULEctura\/pagina-ejemplo\/curso-2017-2018\/lectura-3-el-cuento-de-la-criada\/#primaryimage\",\"url\":\"https:\/\/bibliotecas.unileon.es\/tULEctura\/files\/2017\/07\/cuento_de_la_criada.jpg\",\"contentUrl\":\"https:\/\/bibliotecas.unileon.es\/tULEctura\/files\/2017\/07\/cuento_de_la_criada.jpg\",\"width\":300,\"height\":483},{\"@type\":\"BreadcrumbList\",\"@id\":\"https:\/\/bibliotecas.unileon.es\/tULEctura\/pagina-ejemplo\/curso-2017-2018\/lectura-3-el-cuento-de-la-criada\/#breadcrumb\",\"itemListElement\":[{\"@type\":\"ListItem\",\"position\":1,\"name\":\"Home\",\"item\":\"https:\/\/bibliotecas.unileon.es\/tULEctura\/\"},{\"@type\":\"ListItem\",\"position\":2,\"name\":\"Club de Lectura\",\"item\":\"https:\/\/bibliotecas.unileon.es\/tULEctura\/pagina-ejemplo\/\"},{\"@type\":\"ListItem\",\"position\":3,\"name\":\"Curso 2017-2018\",\"item\":\"https:\/\/bibliotecas.unileon.es\/tULEctura\/pagina-ejemplo\/curso-2017-2018\/\"},{\"@type\":\"ListItem\",\"position\":4,\"name\":\"Lectura 3: El cuento de la criada\"}]},{\"@type\":\"WebSite\",\"@id\":\"https:\/\/bibliotecas.unileon.es\/tULEctura\/#website\",\"url\":\"https:\/\/bibliotecas.unileon.es\/tULEctura\/\",\"name\":\"tULEctura\",\"description\":\"Espacio de la Universidad de Le\u00f3n dedicado a la lectura\",\"publisher\":{\"@id\":\"https:\/\/bibliotecas.unileon.es\/tULEctura\/#organization\"},\"potentialAction\":[{\"@type\":\"SearchAction\",\"target\":{\"@type\":\"EntryPoint\",\"urlTemplate\":\"https:\/\/bibliotecas.unileon.es\/tULEctura\/?s={search_term_string}\"},\"query-input\":{\"@type\":\"PropertyValueSpecification\",\"valueRequired\":true,\"valueName\":\"search_term_string\"}}],\"inLanguage\":\"es\"},{\"@type\":\"Organization\",\"@id\":\"https:\/\/bibliotecas.unileon.es\/tULEctura\/#organization\",\"name\":\"Universidad de Le\u00f3n\",\"url\":\"https:\/\/bibliotecas.unileon.es\/tULEctura\/\",\"logo\":{\"@type\":\"ImageObject\",\"inLanguage\":\"es\",\"@id\":\"https:\/\/bibliotecas.unileon.es\/tULEctura\/#\/schema\/logo\/image\/\",\"url\":\"https:\/\/bibliotecas.unileon.es\/tULEctura\/files\/2018\/08\/TULECTURA_LOGO1.png\",\"contentUrl\":\"https:\/\/bibliotecas.unileon.es\/tULEctura\/files\/2018\/08\/TULECTURA_LOGO1.png\",\"width\":\"960\",\"height\":\"258\",\"caption\":\"Universidad de Le\u00f3n\"},\"image\":{\"@id\":\"https:\/\/bibliotecas.unileon.es\/tULEctura\/#\/schema\/logo\/image\/\"},\"sameAs\":[\"https:\/\/www.facebook.com\/tulectura.unileon\/\",\"https:\/\/x.com\/tULEctura_ULE\",\"https:\/\/www.instagram.com\/tulectura.unileon\/\",\"https:\/\/www.pinterest.es\/tulectura\/\",\"https:\/\/www.youtube.com\/channel\/UCoWaDD39lVlAQcOchwlTPVw\"]}]}<\/script>\n<!-- \/ Yoast SEO plugin. -->","yoast_head_json":{"title":"Lectura 3: El cuento de la criada - tULEctura","robots":{"index":"index","follow":"follow","max-snippet":"max-snippet:-1","max-image-preview":"max-image-preview:large","max-video-preview":"max-video-preview:-1"},"canonical":"https:\/\/bibliotecas.unileon.es\/tULEctura\/pagina-ejemplo\/curso-2017-2018\/lectura-3-el-cuento-de-la-criada\/","og_locale":"es_ES","og_type":"article","og_title":"Lectura 3: El cuento de la criada - tULEctura","og_description":"El cuento de la criada, de Margaret Atwood Atwood, Margaret ( 1939-) El cuento de la criada \/ Margaret Atwood ; traducci\u00f3n de Elsa Mateo Blanco Barcelona : Salamandra , 2017 412 p. ; 22 cm 9788498388015 Calendario 16 de noviembre de 2017: Coloquio participativo de gu\u00eda a la lectura.\u00a0\u00a0\u00a0 Adem\u00e1s: Escanciar en copas hueras. [&hellip;]","og_url":"https:\/\/bibliotecas.unileon.es\/tULEctura\/pagina-ejemplo\/curso-2017-2018\/lectura-3-el-cuento-de-la-criada\/","og_site_name":"tULEctura","article_publisher":"https:\/\/www.facebook.com\/tulectura.unileon\/","article_modified_time":"2017-11-28T16:08:07+00:00","og_image":[{"width":300,"height":483,"url":"https:\/\/bibliotecas.unileon.es\/tULEctura\/files\/2017\/07\/cuento_de_la_criada.jpg","type":"image\/jpeg"}],"twitter_card":"summary_large_image","twitter_site":"@tULEctura_ULE","twitter_misc":{"Tiempo de lectura":"3 minutos"},"schema":{"@context":"https:\/\/schema.org","@graph":[{"@type":"WebPage","@id":"https:\/\/bibliotecas.unileon.es\/tULEctura\/pagina-ejemplo\/curso-2017-2018\/lectura-3-el-cuento-de-la-criada\/","url":"https:\/\/bibliotecas.unileon.es\/tULEctura\/pagina-ejemplo\/curso-2017-2018\/lectura-3-el-cuento-de-la-criada\/","name":"Lectura 3: El cuento de la criada - tULEctura","isPartOf":{"@id":"https:\/\/bibliotecas.unileon.es\/tULEctura\/#website"},"primaryImageOfPage":{"@id":"https:\/\/bibliotecas.unileon.es\/tULEctura\/pagina-ejemplo\/curso-2017-2018\/lectura-3-el-cuento-de-la-criada\/#primaryimage"},"image":{"@id":"https:\/\/bibliotecas.unileon.es\/tULEctura\/pagina-ejemplo\/curso-2017-2018\/lectura-3-el-cuento-de-la-criada\/#primaryimage"},"thumbnailUrl":"http:\/\/bibliotecas.unileon.es\/tULEctura\/files\/2017\/07\/cuento_de_la_criada.jpg","datePublished":"2017-07-24T05:00:11+00:00","dateModified":"2017-11-28T16:08:07+00:00","breadcrumb":{"@id":"https:\/\/bibliotecas.unileon.es\/tULEctura\/pagina-ejemplo\/curso-2017-2018\/lectura-3-el-cuento-de-la-criada\/#breadcrumb"},"inLanguage":"es","potentialAction":[{"@type":"ReadAction","target":["https:\/\/bibliotecas.unileon.es\/tULEctura\/pagina-ejemplo\/curso-2017-2018\/lectura-3-el-cuento-de-la-criada\/"]}]},{"@type":"ImageObject","inLanguage":"es","@id":"https:\/\/bibliotecas.unileon.es\/tULEctura\/pagina-ejemplo\/curso-2017-2018\/lectura-3-el-cuento-de-la-criada\/#primaryimage","url":"https:\/\/bibliotecas.unileon.es\/tULEctura\/files\/2017\/07\/cuento_de_la_criada.jpg","contentUrl":"https:\/\/bibliotecas.unileon.es\/tULEctura\/files\/2017\/07\/cuento_de_la_criada.jpg","width":300,"height":483},{"@type":"BreadcrumbList","@id":"https:\/\/bibliotecas.unileon.es\/tULEctura\/pagina-ejemplo\/curso-2017-2018\/lectura-3-el-cuento-de-la-criada\/#breadcrumb","itemListElement":[{"@type":"ListItem","position":1,"name":"Home","item":"https:\/\/bibliotecas.unileon.es\/tULEctura\/"},{"@type":"ListItem","position":2,"name":"Club de Lectura","item":"https:\/\/bibliotecas.unileon.es\/tULEctura\/pagina-ejemplo\/"},{"@type":"ListItem","position":3,"name":"Curso 2017-2018","item":"https:\/\/bibliotecas.unileon.es\/tULEctura\/pagina-ejemplo\/curso-2017-2018\/"},{"@type":"ListItem","position":4,"name":"Lectura 3: El cuento de la criada"}]},{"@type":"WebSite","@id":"https:\/\/bibliotecas.unileon.es\/tULEctura\/#website","url":"https:\/\/bibliotecas.unileon.es\/tULEctura\/","name":"tULEctura","description":"Espacio de la Universidad de Le\u00f3n dedicado a la lectura","publisher":{"@id":"https:\/\/bibliotecas.unileon.es\/tULEctura\/#organization"},"potentialAction":[{"@type":"SearchAction","target":{"@type":"EntryPoint","urlTemplate":"https:\/\/bibliotecas.unileon.es\/tULEctura\/?s={search_term_string}"},"query-input":{"@type":"PropertyValueSpecification","valueRequired":true,"valueName":"search_term_string"}}],"inLanguage":"es"},{"@type":"Organization","@id":"https:\/\/bibliotecas.unileon.es\/tULEctura\/#organization","name":"Universidad de Le\u00f3n","url":"https:\/\/bibliotecas.unileon.es\/tULEctura\/","logo":{"@type":"ImageObject","inLanguage":"es","@id":"https:\/\/bibliotecas.unileon.es\/tULEctura\/#\/schema\/logo\/image\/","url":"https:\/\/bibliotecas.unileon.es\/tULEctura\/files\/2018\/08\/TULECTURA_LOGO1.png","contentUrl":"https:\/\/bibliotecas.unileon.es\/tULEctura\/files\/2018\/08\/TULECTURA_LOGO1.png","width":"960","height":"258","caption":"Universidad de Le\u00f3n"},"image":{"@id":"https:\/\/bibliotecas.unileon.es\/tULEctura\/#\/schema\/logo\/image\/"},"sameAs":["https:\/\/www.facebook.com\/tulectura.unileon\/","https:\/\/x.com\/tULEctura_ULE","https:\/\/www.instagram.com\/tulectura.unileon\/","https:\/\/www.pinterest.es\/tulectura\/","https:\/\/www.youtube.com\/channel\/UCoWaDD39lVlAQcOchwlTPVw"]}]}},"_links":{"self":[{"href":"https:\/\/bibliotecas.unileon.es\/tULEctura\/wp-json\/wp\/v2\/pages\/6614","targetHints":{"allow":["GET"]}}],"collection":[{"href":"https:\/\/bibliotecas.unileon.es\/tULEctura\/wp-json\/wp\/v2\/pages"}],"about":[{"href":"https:\/\/bibliotecas.unileon.es\/tULEctura\/wp-json\/wp\/v2\/types\/page"}],"author":[{"embeddable":true,"href":"https:\/\/bibliotecas.unileon.es\/tULEctura\/wp-json\/wp\/v2\/users\/73"}],"replies":[{"embeddable":true,"href":"https:\/\/bibliotecas.unileon.es\/tULEctura\/wp-json\/wp\/v2\/comments?post=6614"}],"version-history":[{"count":1,"href":"https:\/\/bibliotecas.unileon.es\/tULEctura\/wp-json\/wp\/v2\/pages\/6614\/revisions"}],"predecessor-version":[{"id":6615,"href":"https:\/\/bibliotecas.unileon.es\/tULEctura\/wp-json\/wp\/v2\/pages\/6614\/revisions\/6615"}],"up":[{"embeddable":true,"href":"https:\/\/bibliotecas.unileon.es\/tULEctura\/wp-json\/wp\/v2\/pages\/6590"}],"wp:attachment":[{"href":"https:\/\/bibliotecas.unileon.es\/tULEctura\/wp-json\/wp\/v2\/media?parent=6614"}],"curies":[{"name":"wp","href":"https:\/\/api.w.org\/{rel}","templated":true}]}}