{"id":6617,"date":"2017-07-24T07:00:37","date_gmt":"2017-07-24T05:00:37","guid":{"rendered":"http:\/\/bibliotecas.unileon.es\/tULEctura\/?page_id=6617"},"modified":"2017-12-22T14:32:25","modified_gmt":"2017-12-22T13:32:25","slug":"lectura-4-la-mujer-habitada","status":"publish","type":"page","link":"https:\/\/bibliotecas.unileon.es\/tULEctura\/pagina-ejemplo\/curso-2017-2018\/lectura-4-la-mujer-habitada\/","title":{"rendered":"Lectura 4: La mujer habitada"},"content":{"rendered":"<h1>La mujer habitada, de Gioconda Belli<\/h1>\n<p>&nbsp;<\/p>\n<p><img loading=\"lazy\" decoding=\"async\" class=\"alignright wp-image-6618\" src=\"http:\/\/bibliotecas.unileon.es\/tULEctura\/files\/2017\/07\/9788432212888-601x1024.jpg\" alt=\"\" width=\"239\" height=\"407\" srcset=\"https:\/\/bibliotecas.unileon.es\/tULEctura\/files\/2017\/07\/9788432212888-601x1024.jpg 601w, https:\/\/bibliotecas.unileon.es\/tULEctura\/files\/2017\/07\/9788432212888-176x300.jpg 176w, https:\/\/bibliotecas.unileon.es\/tULEctura\/files\/2017\/07\/9788432212888-624x1063.jpg 624w, https:\/\/bibliotecas.unileon.es\/tULEctura\/files\/2017\/07\/9788432212888.jpg 693w\" sizes=\"auto, (max-width: 239px) 100vw, 239px\" \/><\/p>\n<div>\n<pre class=\"field\"><span class=\"text\">Belli, Gioconda ( 1948-)<\/span>\r\n\r\n<span class=\"text\">La mujer habitada \/ Gioconda Belli.<\/span>\r\n\r\n<span class=\"text\">Barcelona : Seix Barral , 2010.<\/span>\r\n\r\n<span class=\"text\">397 p. ; 23 cm.<\/span>\r\n\r\n<span class=\"text\">978-84-322-1288-8<\/span><\/pre>\n<\/div>\n<div class=\"field\"><\/div>\n<p>&nbsp;<\/p>\n<p><strong>Calendario<\/strong><\/p>\n<ul>\n<li style=\"text-align: justify;\">30 de Noviembre de 2017: <strong><a href=\"http:\/\/bibliotecas.unileon.es\/tULEctura\/2017\/11\/30\/la-mujer-habitada-guia-a-la-lectura\/\" target=\"_blank\" rel=\"noopener\">Coloquio participativo de gu\u00eda a la lectura.<\/a><\/strong><\/li>\n<li style=\"text-align: justify;\">14 de Diciembre de 2017: <strong><a href=\"http:\/\/bibliotecas.unileon.es\/tULEctura\/2017\/12\/15\/mujer-habitada-gioconda-belli\/\" target=\"_blank\" rel=\"noopener\">Coloquio participativo de los socios.<\/a><\/strong><\/li>\n<\/ul>\n<div>\n<p><strong>Lugar \u00a0y horario<\/strong><\/p>\n<p>Los encuentros de esta \u00a0lectura tendr\u00e1n lugar en la sala de conferencias de la Biblioteca General San Isidoro a las 19:00 horas.\u00a0<strong>Se ruega puntualidad<\/strong>.<\/p>\n<\/div>\n<p><strong>Puedes empezar a leer\u00a0<a href=\"https:\/\/books.google.es\/books?id=5WdeIwz-gFcC&amp;lpg=PP1&amp;dq=mujer%20habitada&amp;hl=es&amp;pg=PP1#v=onepage&amp;q&amp;f=false\" target=\"_blank\" rel=\"noopener\"><em>La mujer habitada<\/em><\/a>, de Gioconda Belli<\/strong><\/p>\n<p>&nbsp;<\/p>\n<p><strong>Sinopsis: \u00a0<a href=\"https:\/\/www.planetadelibros.com\/libro-la-mujer-habitada\/39788#soporte\/39788\" target=\"_blank\" rel=\"noopener\">(Informaci\u00f3n de Planeta de Libros)<\/a><\/strong><\/p>\n<p style=\"text-align: justify;\">Tras terminar sus estudios de arquitectura en Europa, Lavinia regresa a Latinoam\u00e9rica para emprender su camino como mujer independiente. Pero sus planes cambian cuando conoce a Felipe, con quien establece una profunda relaci\u00f3n sentimental. A su lado le llega la oportunidad de implicarse en las luchas populares y los movimientos de liberaci\u00f3n de la dictadura de su pa\u00eds, conectando de ese modo con Itz\u00e1, una ind\u00edgena que luch\u00f3 contra los invasores espa\u00f1oles y que ahora despierta reencarnada en un naranjo para acompa\u00f1ar, apoyar e inspirar a Lavinia.<\/p>\n<p>Gioconda Belli narra con poes\u00eda e inteligencia una historia tan antigua y apasionante como el mundo: el amor entre un hombre y una mujer, y la lucha de un pueblo por la libertad.<\/p>\n<p>&nbsp;<\/p>\n<p><strong>La autora <a href=\"https:\/\/www.planetadelibros.com\/autor\/gioconda-belli\/000001564\" target=\"_blank\" rel=\"noopener\">(Informaci\u00f3n de Planeta de Libros)<\/a><\/strong><\/p>\n<p style=\"text-align: justify;\"><img loading=\"lazy\" decoding=\"async\" class=\"size-full wp-image-6633 alignright\" src=\"http:\/\/bibliotecas.unileon.es\/tULEctura\/files\/2017\/07\/belli.jpg\" alt=\"\" width=\"200\" height=\"267\" \/>Naci\u00f3 en Managua, Nicaragua. Es autora de una obra po\u00e9tica de reconocido prestigio internacional, por la que ha recibido el Premio Mariano Fiallos Gil, el Premio Casa de las Am\u00e9ricas, el Premio Internacional Generaci\u00f3n del 27 y el Premio Internacional Ciudad de Melilla. Su primera novela,\u00a0<em>La mujer habitada<\/em>\u00a0(1988), ha sido traducida a once idiomas con enorme \u00e9xito, especialmente en Italia o Alemania, donde ha superado el mill\u00f3n de lectores en veinticinco ediciones y ha obtenido el Premio de los Bibliotecarios, Editores y Libreros a la Novela Pol\u00edtica de 1989 y el Premio Anna Seghers de la Academia de las Artes. Tambi\u00e9n es autora de las novelas\u00a0<em>Sof\u00eda de los presagios<\/em>\u00a0(1990),\u00a0<em>Waslala<\/em>\u00a0(1996; Seix Barral, 2006) y\u00a0<em>El pergamino de la seducci\u00f3n<\/em>\u00a0(Seix Barral, 2005), y de\u00a0<em>El pa\u00eds bajo mi piel<\/em>\u00a0(2001), sus memorias durante el periodo sandinista.<\/p>\n<p><strong>M\u00e1s:<\/strong><\/p>\n<ul>\n<li style=\"text-align: justify;\"><a href=\"http:\/\/catoute.unileon.es\/search*spi~S1\/a?searchtype=a&amp;searcharg=belli%2C+gioconda&amp;SORT=D&amp;searchscope=1&amp;search.x=0&amp;search.y=0\" target=\"_blank\" rel=\"noopener\">Obras de Gioconda Belli en la Universidad de Le\u00f3n.<\/a><\/li>\n<li style=\"text-align: justify;\">El Frenne, Kenneth, y Diana Castilleja. <a href=\"http:\/\/lib.ugent.be\/nl\/catalog\/rug01:001414374?i=2&amp;q=gioconda+belli\" target=\"_blank\" rel=\"noopener\">\u00ab<\/a><i>El juego de paralelismos y contrastes en &#8216;La mujer habitada&#8217; de Gioconda Belli\u00bb \u00a0<\/i>Disertaci\u00f3n de Maestr\u00eda en Ling\u00fc\u00edstica y Literatura: Franc\u00e9s &#8211; Espa\u00f1ol. (<a href=\"http:\/\/lib.ugent.be\/nl\/catalog\/rug01:001414374?i=2&amp;q=gioconda+belli\" target=\"_blank\" rel=\"noopener\">Lectura en l\u00ednea desde el repositorio de la biblioteca de la Universidad de Gante<\/a>)<\/li>\n<li>Avance de la pel\u00edcula \u00abLa mujer habitada\u00bb<\/li>\n<\/ul>\n<p><iframe loading=\"lazy\" src=\"https:\/\/www.youtube.com\/embed\/7n10keuLV9g?rel=0\" width=\"853\" height=\"480\" frameborder=\"0\" allowfullscreen=\"allowfullscreen\"><\/iframe><\/p>\n<p><strong>Mucho m\u00e1s: <\/strong><\/p>\n<p style=\"text-align: justify;\">Esta lectura ha sido seleccionada conjuntamente con responsables del proyecto de investigaci\u00f3n <a href=\"http:\/\/ecohumanidades.webs.upv.es\/\" target=\"_blank\" rel=\"noopener\"><em><strong>Humanidades ambientales. Estrategias para la empat\u00eda ecol\u00f3gica y la transici\u00f3n hacia sociedades sostenibles,<\/strong><\/em><\/a> que reflexiona acerca de las sinergias entre artes visuales, literatura y \u00e9tica\u00a0en relaci\u00f3n al\u00a0desarrollo de la conciencia ecol\u00f3gica, a trav\u00e9s del subproyecto <em><a href=\"http:\/\/ecohumanidades.webs.upv.es\/relatos-para-el-cambio\/\">Relatos para el cambio<\/a><\/em>,\u00a0 y m\u00e1s concretamente en el \u00e1rea de investigaci\u00f3n de ecocr\u00edtica y literatura.<\/p>\n<blockquote>\n<p style=\"text-align: justify;\"><strong>Las dos sesiones del club de lectura de la ULe tendr\u00e1n continuidad en \u00a0las actividades organizadas por el Museo de Arte Contempor\u00e1neo de Castilla y Le\u00f3n, programadas para los d\u00edas 15 y 16 de diciembre de 2017.<\/strong><\/p>\n<\/blockquote>\n<p><img loading=\"lazy\" decoding=\"async\" class=\"wp-image-7164 aligncenter\" src=\"http:\/\/bibliotecas.unileon.es\/tULEctura\/files\/2017\/07\/musac.png\" alt=\"\" width=\"431\" height=\"87\" srcset=\"https:\/\/bibliotecas.unileon.es\/tULEctura\/files\/2017\/07\/musac.png 476w, https:\/\/bibliotecas.unileon.es\/tULEctura\/files\/2017\/07\/musac-300x61.png 300w\" sizes=\"auto, (max-width: 431px) 100vw, 431px\" \/><\/p>\n<p style=\"text-align: justify;\">Al hilo de la\u00a0exposici\u00f3n del MUSAC\u00a0<span style=\"font-size: 1rem;\"><strong><a href=\"http:\/\/musac.es\/#exposiciones\/expo\/?id=6301&amp;from=futuras\" target=\"_blank\" rel=\"noopener\">Hybris. Una posible aproximaci\u00f3n ecoest\u00e9tica<\/a><\/strong>\u00a0(<\/span><a style=\"font-size: 1rem;\" href=\"http:\/\/musac.es\/#museo\/noticia\/?id=45\" target=\"_blank\" rel=\"noopener\">17-06-17 <img loading=\"lazy\" decoding=\"async\" class=\"alignleft wp-image-7170\" src=\"http:\/\/bibliotecas.unileon.es\/tULEctura\/files\/2017\/07\/hybis.jpg\" alt=\"\" width=\"318\" height=\"348\" srcset=\"https:\/\/bibliotecas.unileon.es\/tULEctura\/files\/2017\/07\/hybis.jpg 393w, https:\/\/bibliotecas.unileon.es\/tULEctura\/files\/2017\/07\/hybis-274x300.jpg 274w\" sizes=\"auto, (max-width: 318px) 100vw, 318px\" \/>al 07-01-18, coordinaci\u00f3n de Carlos Ord\u00e1s<\/a><span style=\"font-size: 1rem;\">), tendr\u00e1 lugar un\u00a0<\/span><span style=\"font-size: 1rem;\">encuentro los d\u00edas 15 y 16 de diciembre bajo el t\u00edtulo <strong><em>Crear el cambio: pr\u00e1cticas art\u00edsticas y sociedades en transici\u00f3n<\/em><\/strong>. Este encuentro, coordinado por Jos\u00e9 Parre\u00f1o y enmarcado en el proyecto ya citado,\u00a0<\/span><span style=\"font-size: 1rem;\">incluye tres \u00e1reas transversales de investigaci\u00f3n en\u00a0<\/span><span style=\"font-size: 1rem;\">\u00c9tica ecol\u00f3gica, Arte y ecolog\u00eda, y Ecocr\u00edtica y literatura. Como representantes de estas \u00e1reas, participar\u00e1n en el encuentro Nuria S\u00e1nchez, Jos\u00e9 Albelda e Imelda Mart\u00edn Junquera, as\u00ed como representantes de la Red de Transici\u00f3n y el propio coordinador del evento.<\/span><\/p>\n<p>&nbsp;<\/p>\n<p style=\"text-align: justify;\">La novela de Giocconda Belli, <em>La mujer habitada<\/em>, se presenta como una obra especialmente apropiada para ilustrar la cuesti\u00f3n propuesta, pues aborda, entre otros temas, la transformaci\u00f3n urbana en Nicaragua desde el punto de vista de un despacho de arquitectos involucrados en un movimiento que aboga por derrocar a un dictador que ha arrebatado sus tierras a las poblaciones que tradicionalmente las habitaban para construir centros comerciales y espacios de ocio para las clases favorecidas y extranjeros adinerados con potencial inversor en el pa\u00eds. Esta transformaci\u00f3n del terreno y la lucha por la justicia ambiental ser\u00e1n los motores que impulsen a los protagonistas a combinar su trabajo como arquitectos con la guerrilla clandestina.<\/p>\n","protected":false},"excerpt":{"rendered":"<p>La mujer habitada, de Gioconda Belli &nbsp; Belli, Gioconda ( 1948-) La mujer habitada \/ Gioconda Belli. Barcelona : Seix Barral , 2010. 397 p. ; 23 cm. 978-84-322-1288-8 &nbsp; Calendario 30 de Noviembre de 2017: Coloquio participativo de gu\u00eda a la lectura. 14 de Diciembre de 2017: Coloquio participativo de los socios. Lugar \u00a0y [&hellip;]<\/p>\n","protected":false},"author":73,"featured_media":0,"parent":6590,"menu_order":4,"comment_status":"closed","ping_status":"closed","template":"","meta":{"_bbp_topic_count":0,"_bbp_reply_count":0,"_bbp_total_topic_count":0,"_bbp_total_reply_count":0,"_bbp_voice_count":0,"_bbp_anonymous_reply_count":0,"_bbp_topic_count_hidden":0,"_bbp_reply_count_hidden":0,"_bbp_forum_subforum_count":0,"_monsterinsights_skip_tracking":false,"_monsterinsights_sitenote_active":false,"_monsterinsights_sitenote_note":"","_monsterinsights_sitenote_category":0,"footnotes":""},"class_list":["post-6617","page","type-page","status-publish","hentry"],"yoast_head":"<!-- This site is optimized with the Yoast SEO plugin v25.8 - https:\/\/yoast.com\/wordpress\/plugins\/seo\/ -->\n<title>Lectura 4: La mujer habitada - tULEctura<\/title>\n<meta name=\"robots\" content=\"index, follow, max-snippet:-1, max-image-preview:large, max-video-preview:-1\" \/>\n<link rel=\"canonical\" href=\"https:\/\/bibliotecas.unileon.es\/tULEctura\/pagina-ejemplo\/curso-2017-2018\/lectura-4-la-mujer-habitada\/\" \/>\n<meta property=\"og:locale\" content=\"es_ES\" \/>\n<meta property=\"og:type\" content=\"article\" \/>\n<meta property=\"og:title\" content=\"Lectura 4: La mujer habitada - tULEctura\" \/>\n<meta property=\"og:description\" content=\"La mujer habitada, de Gioconda Belli &nbsp; Belli, Gioconda ( 1948-) La mujer habitada \/ Gioconda Belli. Barcelona : Seix Barral , 2010. 397 p. ; 23 cm. 978-84-322-1288-8 &nbsp; Calendario 30 de Noviembre de 2017: Coloquio participativo de gu\u00eda a la lectura. 14 de Diciembre de 2017: Coloquio participativo de los socios. Lugar \u00a0y [&hellip;]\" \/>\n<meta property=\"og:url\" content=\"https:\/\/bibliotecas.unileon.es\/tULEctura\/pagina-ejemplo\/curso-2017-2018\/lectura-4-la-mujer-habitada\/\" \/>\n<meta property=\"og:site_name\" content=\"tULEctura\" \/>\n<meta property=\"article:publisher\" content=\"https:\/\/www.facebook.com\/tulectura.unileon\/\" \/>\n<meta property=\"article:modified_time\" content=\"2017-12-22T13:32:25+00:00\" \/>\n<meta property=\"og:image\" content=\"https:\/\/bibliotecas.unileon.es\/tULEctura\/files\/2017\/07\/9788432212888.jpg\" \/>\n\t<meta property=\"og:image:width\" content=\"693\" \/>\n\t<meta property=\"og:image:height\" content=\"1181\" \/>\n\t<meta property=\"og:image:type\" content=\"image\/jpeg\" \/>\n<meta name=\"twitter:card\" content=\"summary_large_image\" \/>\n<meta name=\"twitter:site\" content=\"@tULEctura_ULE\" \/>\n<meta name=\"twitter:label1\" content=\"Tiempo de lectura\" \/>\n\t<meta name=\"twitter:data1\" content=\"4 minutos\" \/>\n<script type=\"application\/ld+json\" class=\"yoast-schema-graph\">{\"@context\":\"https:\/\/schema.org\",\"@graph\":[{\"@type\":\"WebPage\",\"@id\":\"https:\/\/bibliotecas.unileon.es\/tULEctura\/pagina-ejemplo\/curso-2017-2018\/lectura-4-la-mujer-habitada\/\",\"url\":\"https:\/\/bibliotecas.unileon.es\/tULEctura\/pagina-ejemplo\/curso-2017-2018\/lectura-4-la-mujer-habitada\/\",\"name\":\"Lectura 4: La mujer habitada - tULEctura\",\"isPartOf\":{\"@id\":\"https:\/\/bibliotecas.unileon.es\/tULEctura\/#website\"},\"primaryImageOfPage\":{\"@id\":\"https:\/\/bibliotecas.unileon.es\/tULEctura\/pagina-ejemplo\/curso-2017-2018\/lectura-4-la-mujer-habitada\/#primaryimage\"},\"image\":{\"@id\":\"https:\/\/bibliotecas.unileon.es\/tULEctura\/pagina-ejemplo\/curso-2017-2018\/lectura-4-la-mujer-habitada\/#primaryimage\"},\"thumbnailUrl\":\"http:\/\/bibliotecas.unileon.es\/tULEctura\/files\/2017\/07\/9788432212888-601x1024.jpg\",\"datePublished\":\"2017-07-24T05:00:37+00:00\",\"dateModified\":\"2017-12-22T13:32:25+00:00\",\"breadcrumb\":{\"@id\":\"https:\/\/bibliotecas.unileon.es\/tULEctura\/pagina-ejemplo\/curso-2017-2018\/lectura-4-la-mujer-habitada\/#breadcrumb\"},\"inLanguage\":\"es\",\"potentialAction\":[{\"@type\":\"ReadAction\",\"target\":[\"https:\/\/bibliotecas.unileon.es\/tULEctura\/pagina-ejemplo\/curso-2017-2018\/lectura-4-la-mujer-habitada\/\"]}]},{\"@type\":\"ImageObject\",\"inLanguage\":\"es\",\"@id\":\"https:\/\/bibliotecas.unileon.es\/tULEctura\/pagina-ejemplo\/curso-2017-2018\/lectura-4-la-mujer-habitada\/#primaryimage\",\"url\":\"https:\/\/bibliotecas.unileon.es\/tULEctura\/files\/2017\/07\/9788432212888.jpg\",\"contentUrl\":\"https:\/\/bibliotecas.unileon.es\/tULEctura\/files\/2017\/07\/9788432212888.jpg\",\"width\":693,\"height\":1181},{\"@type\":\"BreadcrumbList\",\"@id\":\"https:\/\/bibliotecas.unileon.es\/tULEctura\/pagina-ejemplo\/curso-2017-2018\/lectura-4-la-mujer-habitada\/#breadcrumb\",\"itemListElement\":[{\"@type\":\"ListItem\",\"position\":1,\"name\":\"Home\",\"item\":\"https:\/\/bibliotecas.unileon.es\/tULEctura\/\"},{\"@type\":\"ListItem\",\"position\":2,\"name\":\"Club de Lectura\",\"item\":\"https:\/\/bibliotecas.unileon.es\/tULEctura\/pagina-ejemplo\/\"},{\"@type\":\"ListItem\",\"position\":3,\"name\":\"Curso 2017-2018\",\"item\":\"https:\/\/bibliotecas.unileon.es\/tULEctura\/pagina-ejemplo\/curso-2017-2018\/\"},{\"@type\":\"ListItem\",\"position\":4,\"name\":\"Lectura 4: La mujer habitada\"}]},{\"@type\":\"WebSite\",\"@id\":\"https:\/\/bibliotecas.unileon.es\/tULEctura\/#website\",\"url\":\"https:\/\/bibliotecas.unileon.es\/tULEctura\/\",\"name\":\"tULEctura\",\"description\":\"Espacio de la Universidad de Le\u00f3n dedicado a la lectura\",\"publisher\":{\"@id\":\"https:\/\/bibliotecas.unileon.es\/tULEctura\/#organization\"},\"potentialAction\":[{\"@type\":\"SearchAction\",\"target\":{\"@type\":\"EntryPoint\",\"urlTemplate\":\"https:\/\/bibliotecas.unileon.es\/tULEctura\/?s={search_term_string}\"},\"query-input\":{\"@type\":\"PropertyValueSpecification\",\"valueRequired\":true,\"valueName\":\"search_term_string\"}}],\"inLanguage\":\"es\"},{\"@type\":\"Organization\",\"@id\":\"https:\/\/bibliotecas.unileon.es\/tULEctura\/#organization\",\"name\":\"Universidad de Le\u00f3n\",\"url\":\"https:\/\/bibliotecas.unileon.es\/tULEctura\/\",\"logo\":{\"@type\":\"ImageObject\",\"inLanguage\":\"es\",\"@id\":\"https:\/\/bibliotecas.unileon.es\/tULEctura\/#\/schema\/logo\/image\/\",\"url\":\"https:\/\/bibliotecas.unileon.es\/tULEctura\/files\/2018\/08\/TULECTURA_LOGO1.png\",\"contentUrl\":\"https:\/\/bibliotecas.unileon.es\/tULEctura\/files\/2018\/08\/TULECTURA_LOGO1.png\",\"width\":\"960\",\"height\":\"258\",\"caption\":\"Universidad de Le\u00f3n\"},\"image\":{\"@id\":\"https:\/\/bibliotecas.unileon.es\/tULEctura\/#\/schema\/logo\/image\/\"},\"sameAs\":[\"https:\/\/www.facebook.com\/tulectura.unileon\/\",\"https:\/\/x.com\/tULEctura_ULE\",\"https:\/\/www.instagram.com\/tulectura.unileon\/\",\"https:\/\/www.pinterest.es\/tulectura\/\",\"https:\/\/www.youtube.com\/channel\/UCoWaDD39lVlAQcOchwlTPVw\"]}]}<\/script>\n<!-- \/ Yoast SEO plugin. -->","yoast_head_json":{"title":"Lectura 4: La mujer habitada - tULEctura","robots":{"index":"index","follow":"follow","max-snippet":"max-snippet:-1","max-image-preview":"max-image-preview:large","max-video-preview":"max-video-preview:-1"},"canonical":"https:\/\/bibliotecas.unileon.es\/tULEctura\/pagina-ejemplo\/curso-2017-2018\/lectura-4-la-mujer-habitada\/","og_locale":"es_ES","og_type":"article","og_title":"Lectura 4: La mujer habitada - tULEctura","og_description":"La mujer habitada, de Gioconda Belli &nbsp; Belli, Gioconda ( 1948-) La mujer habitada \/ Gioconda Belli. Barcelona : Seix Barral , 2010. 397 p. ; 23 cm. 978-84-322-1288-8 &nbsp; Calendario 30 de Noviembre de 2017: Coloquio participativo de gu\u00eda a la lectura. 14 de Diciembre de 2017: Coloquio participativo de los socios. Lugar \u00a0y [&hellip;]","og_url":"https:\/\/bibliotecas.unileon.es\/tULEctura\/pagina-ejemplo\/curso-2017-2018\/lectura-4-la-mujer-habitada\/","og_site_name":"tULEctura","article_publisher":"https:\/\/www.facebook.com\/tulectura.unileon\/","article_modified_time":"2017-12-22T13:32:25+00:00","og_image":[{"width":693,"height":1181,"url":"https:\/\/bibliotecas.unileon.es\/tULEctura\/files\/2017\/07\/9788432212888.jpg","type":"image\/jpeg"}],"twitter_card":"summary_large_image","twitter_site":"@tULEctura_ULE","twitter_misc":{"Tiempo de lectura":"4 minutos"},"schema":{"@context":"https:\/\/schema.org","@graph":[{"@type":"WebPage","@id":"https:\/\/bibliotecas.unileon.es\/tULEctura\/pagina-ejemplo\/curso-2017-2018\/lectura-4-la-mujer-habitada\/","url":"https:\/\/bibliotecas.unileon.es\/tULEctura\/pagina-ejemplo\/curso-2017-2018\/lectura-4-la-mujer-habitada\/","name":"Lectura 4: La mujer habitada - tULEctura","isPartOf":{"@id":"https:\/\/bibliotecas.unileon.es\/tULEctura\/#website"},"primaryImageOfPage":{"@id":"https:\/\/bibliotecas.unileon.es\/tULEctura\/pagina-ejemplo\/curso-2017-2018\/lectura-4-la-mujer-habitada\/#primaryimage"},"image":{"@id":"https:\/\/bibliotecas.unileon.es\/tULEctura\/pagina-ejemplo\/curso-2017-2018\/lectura-4-la-mujer-habitada\/#primaryimage"},"thumbnailUrl":"http:\/\/bibliotecas.unileon.es\/tULEctura\/files\/2017\/07\/9788432212888-601x1024.jpg","datePublished":"2017-07-24T05:00:37+00:00","dateModified":"2017-12-22T13:32:25+00:00","breadcrumb":{"@id":"https:\/\/bibliotecas.unileon.es\/tULEctura\/pagina-ejemplo\/curso-2017-2018\/lectura-4-la-mujer-habitada\/#breadcrumb"},"inLanguage":"es","potentialAction":[{"@type":"ReadAction","target":["https:\/\/bibliotecas.unileon.es\/tULEctura\/pagina-ejemplo\/curso-2017-2018\/lectura-4-la-mujer-habitada\/"]}]},{"@type":"ImageObject","inLanguage":"es","@id":"https:\/\/bibliotecas.unileon.es\/tULEctura\/pagina-ejemplo\/curso-2017-2018\/lectura-4-la-mujer-habitada\/#primaryimage","url":"https:\/\/bibliotecas.unileon.es\/tULEctura\/files\/2017\/07\/9788432212888.jpg","contentUrl":"https:\/\/bibliotecas.unileon.es\/tULEctura\/files\/2017\/07\/9788432212888.jpg","width":693,"height":1181},{"@type":"BreadcrumbList","@id":"https:\/\/bibliotecas.unileon.es\/tULEctura\/pagina-ejemplo\/curso-2017-2018\/lectura-4-la-mujer-habitada\/#breadcrumb","itemListElement":[{"@type":"ListItem","position":1,"name":"Home","item":"https:\/\/bibliotecas.unileon.es\/tULEctura\/"},{"@type":"ListItem","position":2,"name":"Club de Lectura","item":"https:\/\/bibliotecas.unileon.es\/tULEctura\/pagina-ejemplo\/"},{"@type":"ListItem","position":3,"name":"Curso 2017-2018","item":"https:\/\/bibliotecas.unileon.es\/tULEctura\/pagina-ejemplo\/curso-2017-2018\/"},{"@type":"ListItem","position":4,"name":"Lectura 4: La mujer habitada"}]},{"@type":"WebSite","@id":"https:\/\/bibliotecas.unileon.es\/tULEctura\/#website","url":"https:\/\/bibliotecas.unileon.es\/tULEctura\/","name":"tULEctura","description":"Espacio de la Universidad de Le\u00f3n dedicado a la lectura","publisher":{"@id":"https:\/\/bibliotecas.unileon.es\/tULEctura\/#organization"},"potentialAction":[{"@type":"SearchAction","target":{"@type":"EntryPoint","urlTemplate":"https:\/\/bibliotecas.unileon.es\/tULEctura\/?s={search_term_string}"},"query-input":{"@type":"PropertyValueSpecification","valueRequired":true,"valueName":"search_term_string"}}],"inLanguage":"es"},{"@type":"Organization","@id":"https:\/\/bibliotecas.unileon.es\/tULEctura\/#organization","name":"Universidad de Le\u00f3n","url":"https:\/\/bibliotecas.unileon.es\/tULEctura\/","logo":{"@type":"ImageObject","inLanguage":"es","@id":"https:\/\/bibliotecas.unileon.es\/tULEctura\/#\/schema\/logo\/image\/","url":"https:\/\/bibliotecas.unileon.es\/tULEctura\/files\/2018\/08\/TULECTURA_LOGO1.png","contentUrl":"https:\/\/bibliotecas.unileon.es\/tULEctura\/files\/2018\/08\/TULECTURA_LOGO1.png","width":"960","height":"258","caption":"Universidad de Le\u00f3n"},"image":{"@id":"https:\/\/bibliotecas.unileon.es\/tULEctura\/#\/schema\/logo\/image\/"},"sameAs":["https:\/\/www.facebook.com\/tulectura.unileon\/","https:\/\/x.com\/tULEctura_ULE","https:\/\/www.instagram.com\/tulectura.unileon\/","https:\/\/www.pinterest.es\/tulectura\/","https:\/\/www.youtube.com\/channel\/UCoWaDD39lVlAQcOchwlTPVw"]}]}},"_links":{"self":[{"href":"https:\/\/bibliotecas.unileon.es\/tULEctura\/wp-json\/wp\/v2\/pages\/6617","targetHints":{"allow":["GET"]}}],"collection":[{"href":"https:\/\/bibliotecas.unileon.es\/tULEctura\/wp-json\/wp\/v2\/pages"}],"about":[{"href":"https:\/\/bibliotecas.unileon.es\/tULEctura\/wp-json\/wp\/v2\/types\/page"}],"author":[{"embeddable":true,"href":"https:\/\/bibliotecas.unileon.es\/tULEctura\/wp-json\/wp\/v2\/users\/73"}],"replies":[{"embeddable":true,"href":"https:\/\/bibliotecas.unileon.es\/tULEctura\/wp-json\/wp\/v2\/comments?post=6617"}],"version-history":[{"count":1,"href":"https:\/\/bibliotecas.unileon.es\/tULEctura\/wp-json\/wp\/v2\/pages\/6617\/revisions"}],"predecessor-version":[{"id":6631,"href":"https:\/\/bibliotecas.unileon.es\/tULEctura\/wp-json\/wp\/v2\/pages\/6617\/revisions\/6631"}],"up":[{"embeddable":true,"href":"https:\/\/bibliotecas.unileon.es\/tULEctura\/wp-json\/wp\/v2\/pages\/6590"}],"wp:attachment":[{"href":"https:\/\/bibliotecas.unileon.es\/tULEctura\/wp-json\/wp\/v2\/media?parent=6617"}],"curies":[{"name":"wp","href":"https:\/\/api.w.org\/{rel}","templated":true}]}}