{"id":808,"date":"2013-12-10T14:18:03","date_gmt":"2013-12-10T13:18:03","guid":{"rendered":"http:\/\/bibliotecas.unileon.es\/tULEctura\/?page_id=808"},"modified":"2015-09-22T20:07:43","modified_gmt":"2015-09-22T18:07:43","slug":"experiencia","status":"publish","type":"page","link":"https:\/\/bibliotecas.unileon.es\/tULEctura\/lectura\/experiencia\/","title":{"rendered":"Experiencia cuento"},"content":{"rendered":"<p style=\"text-align: center;\"><strong>\u00a0 \u00a0 \u00a0 \u00a0 \u00a0 \u00a0 \u00a0 \u00a0 \u00a0 \u00a0 \u00a0 \u00a0 \u00a0 \u00a0 \u00a0 \u00a0 \u00a0\u00abSomos cuentos de cuentos cont\u00e1ndonos cuentos\u00bb. \u00a0 \u00a0 \u00a0 \u00a0 \u00a0 \u00a0 \u00a0 \u00a0 \u00a0 \u00a0 \u00a0 \u00a0 \u00a0 \u00a0 \u00a0 \u00a0 \u00a0 \u00a0 \u00a0 \u00a0 \u00a0 \u00a0 \u00a0 \u00a0 \u00a0 \u00a0 \u00a0 \u00a0 \u00a0 \u00a0 \u00a0 \u00a0 \u00a0 \u00a0 \u00a0 \u00a0 \u00a0 \u00a0 \u00a0 \u00a0 \u00a0<\/strong><span style=\"font-size: x-small;\">Jos\u00e9 Saramago, junio de 1995, \u00a0charla \u00a0en el Club de Prensa de La Nueva Espa\u00f1a (Oviedo)<\/span><\/p>\n<p style=\"text-align: center;\"><strong><a href=\"http:\/\/bibliotecas.unileon.es\/tULEctura\/files\/2013\/12\/sherezade.jpg\"><img loading=\"lazy\" decoding=\"async\" class=\"aligncenter size-full wp-image-811\" src=\"http:\/\/bibliotecas.unileon.es\/tULEctura\/files\/2013\/12\/sherezade.jpg\" alt=\"sherezade\" width=\"500\" height=\"490\" srcset=\"https:\/\/bibliotecas.unileon.es\/tULEctura\/files\/2013\/12\/sherezade.jpg 500w, https:\/\/bibliotecas.unileon.es\/tULEctura\/files\/2013\/12\/sherezade-300x294.jpg 300w\" sizes=\"auto, (max-width: 500px) 100vw, 500px\" \/><\/a>El gusto por contar historias<\/strong><\/p>\n<p style=\"text-align: justify;\">Estamos hablando de la necesidad que tiene el ser humano de\u00a0contar y de que le cuenten cosas y de c\u00f3mo encauzar esta urgencia, de la\u00a0mejor manera, en nuestra actividad \u00a0diaria. El ser humano es\u00a0sobre todo un animal narrativo. Lo que creemos que somos es tan s\u00f3lo una\u00a0manera entre otras posibles de contarnos lo que nos ocurre. La narraci\u00f3n es\u00a0una de las formas de construcci\u00f3n de la identidad. Lo que llamamos el yo\u00a0es una narraci\u00f3n, lo que llamamos naci\u00f3n es una narraci\u00f3n. El pasado es\u00a0una narraci\u00f3n y el futuro es una propuesta narrativa a\u00fan no publicada. Y la \u00a0narrativa, en cuanto g\u00e9nero literario, es un conjunto de narraciones que se\u00a0inserta en esa narraci\u00f3n global que es la historia.<\/p>\n<p style=\"text-align: justify;\">Nuestro conocimiento de la realidad comienza con los cuentos. Somos el\u00a0<em>homo sapiens<\/em> porque somos el <em>homo narrans<\/em>. Nuestra naturaleza es la\u00a0narraci\u00f3n. Las narraciones, ll\u00e1mense cosmolog\u00edas, mitos, leyendas, f\u00e1bulas,\u00a0nos han permitido leer la realidad externa e interior para poder asumirla.\u00a0Las narraciones nos ayudan a descifrar el fluir tumultuoso y desordenado\u00a0de los hechos, o al menos a comprenderlo mejor, y con ello a\u00a0comprendernos y descifrarnos m\u00e1s certeramente a nosotros mismos. Por\u00a0medio de las ficciones que inventamos rescatamos a la realidad de su feroz\u00a0y ciega falta de sentido. Ofrecemos cuentos. En el nuestro se insertan los de\u00a0los dem\u00e1s. Unos amigos te llevan a otros, unos cuentos a otros, todo se\u00a0engancha y enreda. Es literalmente el cuento de nunca acabar. No hace\u00a0falta ir al cine para divertirse, los cuentos andan sueltos por la calle. Se\u00a0trata simplemente de recogerlos o no.<\/p>\n<p style=\"text-align: justify;\">La ficci\u00f3n es una mentira que encubre una profunda verdad; ella es la\u00a0vida que no fue, la que los hombres y mujeres de una \u00e9poca dada quisieron\u00a0tener y no tuvieron y por eso debieron inventarla. Ella no es el retrato de la Historia, m\u00e1s bien su contracar\u00e1tula o reverso, aquello que no sucedi\u00f3, y precisamente por ello debi\u00f3 ser creado por la imaginaci\u00f3n y las palabras\u00a0para aplacar las ambiciones que la vida verdadera era incapaz de satisfacer,\u00a0para llenar los vac\u00edos que mujeres y hombres descubr\u00edan a su alrededor y\u00a0trataban de poblar con los fantasmas que ellos mismos fabricaban.<\/p>\n<p style=\"text-align: justify;\">No sabemos el porqu\u00e9, pero nos produce un gran placer narrar, recrear\u00a0con palabras nuestras experiencias vitales. Recrear, es decir, que nunca\u00a0contamos fielmente los hechos, sino que siempre inventamos o\u00a0modificamos algo: a la experiencia real le a\u00f1adimos la salpimienta de lo\u00a0imaginario (lo que pudo haber acontecido), y eso es sobremanera lo que nos produce gran placer. De este particular modo, vivimos dos veces el\u00a0mismo hecho: cuando sucedi\u00f3 en la realidad y luego, m\u00e1s tarde, cuando lo\u00a0contamos y nos arrogamos el papel protagonista que a lo mejor entonces no\u00a0tuvimos. Lo dec\u00eda Luis Landero: todos somos como Simbad el marino, ese\u00a0mercader que vive pac\u00edficamente en Bagdad y que un d\u00eda se embarca para\u00a0ir a negociar a lejanas tierras, sufre un naufragio y corre aventuras \u00a0magn\u00edficas. Y esto le sucedi\u00f3 siete veces. Luego, con los a\u00f1os, regresa\u00a0definitivamente a Bagdad, retoma su vida ociosa y se dedica con fruici\u00f3n a\u00a0relatar sus andanzas a un breve auditorio de amigos logrando as\u00ed\u00a0convertirse en un protagonista esencial como fabulador. O somos tambi\u00e9n\u00a0como Sherezade, la de los cuentos que se recogen en Las mil y una noches.\u00a0Sherezade consigue la clemencia y a\u00fan el amor del rey a trav\u00e9s de su don\u00a0narrativo, de su capacidad de relatar, de atraer y suspender la atenci\u00f3n del\u00a0soberano con sus historias, lo que le hace valedera de la gracia de la vida.\u00a0Adem\u00e1s encuentra en su interlocutor al ejemplo del m\u00e1s perfecto receptor:\u00a0el que se entrega por completo, con sus cinco sentidos. Queda preso en la\u00a0magia de los relatos y acude puntualmente a la cita nocturna con la\u00a0fantas\u00eda. Pide su dosis de irrealidad, de fabulaci\u00f3n, de mentira convenida.<\/p>\n<p style=\"text-align: justify;\">Pues eso es los que m\u00e1s o menos hacemos y necesitamos todos cada d\u00eda, somos Simbad, Sherezade y hasta Proust, pero tambi\u00e9n somos como esa\u00a0se\u00f1ora o aquel se\u00f1or que vuelven del mercado y les cuentan a sus vecinos\u00a0lo que acaba de ocurrir en la fruter\u00eda.<\/p>\n<p style=\"text-align: right;\"><a href=\"http:\/\/www.smra.eu\/node\/1177\" target=\"_blank\">\u00a0Benigno Delmiro Coto<\/a>: <a href=\"http:\/\/catoute.unileon.es\/search*spi~S1\/a?searchtype=t&amp;searcharg=escritura+creativa+en+las+aulas&amp;SORT=D&amp;searchscope=1&amp;search.x=0&amp;search.y=0\" target=\"_blank\">La escritura creativa en las aulas<\/a><\/p>\n","protected":false},"excerpt":{"rendered":"<p>\u00a0 \u00a0 \u00a0 \u00a0 \u00a0 \u00a0 \u00a0 \u00a0 \u00a0 \u00a0 \u00a0 \u00a0 \u00a0 \u00a0 \u00a0 \u00a0 \u00a0\u00abSomos cuentos de cuentos cont\u00e1ndonos cuentos\u00bb. \u00a0 \u00a0 \u00a0 \u00a0 \u00a0 \u00a0 \u00a0 \u00a0 \u00a0 \u00a0 \u00a0 \u00a0 \u00a0 \u00a0 \u00a0 \u00a0 \u00a0 \u00a0 \u00a0 \u00a0 \u00a0 \u00a0 \u00a0 \u00a0 \u00a0 \u00a0 \u00a0 \u00a0 \u00a0 \u00a0 \u00a0 \u00a0 \u00a0 [&hellip;]<\/p>\n","protected":false},"author":73,"featured_media":0,"parent":2526,"menu_order":10,"comment_status":"open","ping_status":"closed","template":"","meta":{"_bbp_topic_count":0,"_bbp_reply_count":0,"_bbp_total_topic_count":0,"_bbp_total_reply_count":0,"_bbp_voice_count":0,"_bbp_anonymous_reply_count":0,"_bbp_topic_count_hidden":0,"_bbp_reply_count_hidden":0,"_bbp_forum_subforum_count":0,"_monsterinsights_skip_tracking":false,"_monsterinsights_sitenote_active":false,"_monsterinsights_sitenote_note":"","_monsterinsights_sitenote_category":0,"footnotes":""},"class_list":["post-808","page","type-page","status-publish","hentry"],"yoast_head":"<!-- This site is optimized with the Yoast SEO plugin v25.8 - https:\/\/yoast.com\/wordpress\/plugins\/seo\/ -->\n<title>Experiencia cuento - tULEctura<\/title>\n<meta name=\"robots\" content=\"index, follow, max-snippet:-1, max-image-preview:large, max-video-preview:-1\" \/>\n<link rel=\"canonical\" href=\"https:\/\/bibliotecas.unileon.es\/tULEctura\/lectura\/experiencia\/\" \/>\n<meta property=\"og:locale\" content=\"es_ES\" \/>\n<meta property=\"og:type\" content=\"article\" \/>\n<meta property=\"og:title\" content=\"Experiencia cuento - tULEctura\" \/>\n<meta property=\"og:description\" content=\"\u00a0 \u00a0 \u00a0 \u00a0 \u00a0 \u00a0 \u00a0 \u00a0 \u00a0 \u00a0 \u00a0 \u00a0 \u00a0 \u00a0 \u00a0 \u00a0 \u00a0\u00abSomos cuentos de cuentos cont\u00e1ndonos cuentos\u00bb. \u00a0 \u00a0 \u00a0 \u00a0 \u00a0 \u00a0 \u00a0 \u00a0 \u00a0 \u00a0 \u00a0 \u00a0 \u00a0 \u00a0 \u00a0 \u00a0 \u00a0 \u00a0 \u00a0 \u00a0 \u00a0 \u00a0 \u00a0 \u00a0 \u00a0 \u00a0 \u00a0 \u00a0 \u00a0 \u00a0 \u00a0 \u00a0 \u00a0 [&hellip;]\" \/>\n<meta property=\"og:url\" content=\"https:\/\/bibliotecas.unileon.es\/tULEctura\/lectura\/experiencia\/\" \/>\n<meta property=\"og:site_name\" content=\"tULEctura\" \/>\n<meta property=\"article:publisher\" content=\"https:\/\/www.facebook.com\/tulectura.unileon\/\" \/>\n<meta property=\"article:modified_time\" content=\"2015-09-22T18:07:43+00:00\" \/>\n<meta property=\"og:image\" content=\"https:\/\/bibliotecas.unileon.es\/tULEctura\/files\/2013\/12\/sherezade.jpg\" \/>\n\t<meta property=\"og:image:width\" content=\"500\" \/>\n\t<meta property=\"og:image:height\" content=\"490\" \/>\n\t<meta property=\"og:image:type\" content=\"image\/jpeg\" \/>\n<meta name=\"twitter:card\" content=\"summary_large_image\" \/>\n<meta name=\"twitter:site\" content=\"@tULEctura_ULE\" \/>\n<meta name=\"twitter:label1\" content=\"Tiempo de lectura\" \/>\n\t<meta name=\"twitter:data1\" content=\"4 minutos\" \/>\n<script type=\"application\/ld+json\" class=\"yoast-schema-graph\">{\"@context\":\"https:\/\/schema.org\",\"@graph\":[{\"@type\":\"WebPage\",\"@id\":\"https:\/\/bibliotecas.unileon.es\/tULEctura\/lectura\/experiencia\/\",\"url\":\"https:\/\/bibliotecas.unileon.es\/tULEctura\/lectura\/experiencia\/\",\"name\":\"Experiencia cuento - tULEctura\",\"isPartOf\":{\"@id\":\"https:\/\/bibliotecas.unileon.es\/tULEctura\/#website\"},\"primaryImageOfPage\":{\"@id\":\"https:\/\/bibliotecas.unileon.es\/tULEctura\/lectura\/experiencia\/#primaryimage\"},\"image\":{\"@id\":\"https:\/\/bibliotecas.unileon.es\/tULEctura\/lectura\/experiencia\/#primaryimage\"},\"thumbnailUrl\":\"http:\/\/bibliotecas.unileon.es\/tULEctura\/files\/2013\/12\/sherezade.jpg\",\"datePublished\":\"2013-12-10T13:18:03+00:00\",\"dateModified\":\"2015-09-22T18:07:43+00:00\",\"breadcrumb\":{\"@id\":\"https:\/\/bibliotecas.unileon.es\/tULEctura\/lectura\/experiencia\/#breadcrumb\"},\"inLanguage\":\"es\",\"potentialAction\":[{\"@type\":\"ReadAction\",\"target\":[\"https:\/\/bibliotecas.unileon.es\/tULEctura\/lectura\/experiencia\/\"]}]},{\"@type\":\"ImageObject\",\"inLanguage\":\"es\",\"@id\":\"https:\/\/bibliotecas.unileon.es\/tULEctura\/lectura\/experiencia\/#primaryimage\",\"url\":\"http:\/\/bibliotecas.unileon.es\/tULEctura\/files\/2013\/12\/sherezade.jpg\",\"contentUrl\":\"http:\/\/bibliotecas.unileon.es\/tULEctura\/files\/2013\/12\/sherezade.jpg\"},{\"@type\":\"BreadcrumbList\",\"@id\":\"https:\/\/bibliotecas.unileon.es\/tULEctura\/lectura\/experiencia\/#breadcrumb\",\"itemListElement\":[{\"@type\":\"ListItem\",\"position\":1,\"name\":\"Home\",\"item\":\"https:\/\/bibliotecas.unileon.es\/tULEctura\/\"},{\"@type\":\"ListItem\",\"position\":2,\"name\":\"+ LECTURA\",\"item\":\"https:\/\/bibliotecas.unileon.es\/tULEctura\/lectura\/\"},{\"@type\":\"ListItem\",\"position\":3,\"name\":\"Experiencia cuento\"}]},{\"@type\":\"WebSite\",\"@id\":\"https:\/\/bibliotecas.unileon.es\/tULEctura\/#website\",\"url\":\"https:\/\/bibliotecas.unileon.es\/tULEctura\/\",\"name\":\"tULEctura\",\"description\":\"Espacio de la Universidad de Le\u00f3n dedicado a la lectura\",\"publisher\":{\"@id\":\"https:\/\/bibliotecas.unileon.es\/tULEctura\/#organization\"},\"potentialAction\":[{\"@type\":\"SearchAction\",\"target\":{\"@type\":\"EntryPoint\",\"urlTemplate\":\"https:\/\/bibliotecas.unileon.es\/tULEctura\/?s={search_term_string}\"},\"query-input\":{\"@type\":\"PropertyValueSpecification\",\"valueRequired\":true,\"valueName\":\"search_term_string\"}}],\"inLanguage\":\"es\"},{\"@type\":\"Organization\",\"@id\":\"https:\/\/bibliotecas.unileon.es\/tULEctura\/#organization\",\"name\":\"Universidad de Le\u00f3n\",\"url\":\"https:\/\/bibliotecas.unileon.es\/tULEctura\/\",\"logo\":{\"@type\":\"ImageObject\",\"inLanguage\":\"es\",\"@id\":\"https:\/\/bibliotecas.unileon.es\/tULEctura\/#\/schema\/logo\/image\/\",\"url\":\"https:\/\/bibliotecas.unileon.es\/tULEctura\/files\/2018\/08\/TULECTURA_LOGO1.png\",\"contentUrl\":\"https:\/\/bibliotecas.unileon.es\/tULEctura\/files\/2018\/08\/TULECTURA_LOGO1.png\",\"width\":\"960\",\"height\":\"258\",\"caption\":\"Universidad de Le\u00f3n\"},\"image\":{\"@id\":\"https:\/\/bibliotecas.unileon.es\/tULEctura\/#\/schema\/logo\/image\/\"},\"sameAs\":[\"https:\/\/www.facebook.com\/tulectura.unileon\/\",\"https:\/\/x.com\/tULEctura_ULE\",\"https:\/\/www.instagram.com\/tulectura.unileon\/\",\"https:\/\/www.pinterest.es\/tulectura\/\",\"https:\/\/www.youtube.com\/channel\/UCoWaDD39lVlAQcOchwlTPVw\"]}]}<\/script>\n<!-- \/ Yoast SEO plugin. -->","yoast_head_json":{"title":"Experiencia cuento - tULEctura","robots":{"index":"index","follow":"follow","max-snippet":"max-snippet:-1","max-image-preview":"max-image-preview:large","max-video-preview":"max-video-preview:-1"},"canonical":"https:\/\/bibliotecas.unileon.es\/tULEctura\/lectura\/experiencia\/","og_locale":"es_ES","og_type":"article","og_title":"Experiencia cuento - tULEctura","og_description":"\u00a0 \u00a0 \u00a0 \u00a0 \u00a0 \u00a0 \u00a0 \u00a0 \u00a0 \u00a0 \u00a0 \u00a0 \u00a0 \u00a0 \u00a0 \u00a0 \u00a0\u00abSomos cuentos de cuentos cont\u00e1ndonos cuentos\u00bb. \u00a0 \u00a0 \u00a0 \u00a0 \u00a0 \u00a0 \u00a0 \u00a0 \u00a0 \u00a0 \u00a0 \u00a0 \u00a0 \u00a0 \u00a0 \u00a0 \u00a0 \u00a0 \u00a0 \u00a0 \u00a0 \u00a0 \u00a0 \u00a0 \u00a0 \u00a0 \u00a0 \u00a0 \u00a0 \u00a0 \u00a0 \u00a0 \u00a0 [&hellip;]","og_url":"https:\/\/bibliotecas.unileon.es\/tULEctura\/lectura\/experiencia\/","og_site_name":"tULEctura","article_publisher":"https:\/\/www.facebook.com\/tulectura.unileon\/","article_modified_time":"2015-09-22T18:07:43+00:00","og_image":[{"width":500,"height":490,"url":"https:\/\/bibliotecas.unileon.es\/tULEctura\/files\/2013\/12\/sherezade.jpg","type":"image\/jpeg"}],"twitter_card":"summary_large_image","twitter_site":"@tULEctura_ULE","twitter_misc":{"Tiempo de lectura":"4 minutos"},"schema":{"@context":"https:\/\/schema.org","@graph":[{"@type":"WebPage","@id":"https:\/\/bibliotecas.unileon.es\/tULEctura\/lectura\/experiencia\/","url":"https:\/\/bibliotecas.unileon.es\/tULEctura\/lectura\/experiencia\/","name":"Experiencia cuento - tULEctura","isPartOf":{"@id":"https:\/\/bibliotecas.unileon.es\/tULEctura\/#website"},"primaryImageOfPage":{"@id":"https:\/\/bibliotecas.unileon.es\/tULEctura\/lectura\/experiencia\/#primaryimage"},"image":{"@id":"https:\/\/bibliotecas.unileon.es\/tULEctura\/lectura\/experiencia\/#primaryimage"},"thumbnailUrl":"http:\/\/bibliotecas.unileon.es\/tULEctura\/files\/2013\/12\/sherezade.jpg","datePublished":"2013-12-10T13:18:03+00:00","dateModified":"2015-09-22T18:07:43+00:00","breadcrumb":{"@id":"https:\/\/bibliotecas.unileon.es\/tULEctura\/lectura\/experiencia\/#breadcrumb"},"inLanguage":"es","potentialAction":[{"@type":"ReadAction","target":["https:\/\/bibliotecas.unileon.es\/tULEctura\/lectura\/experiencia\/"]}]},{"@type":"ImageObject","inLanguage":"es","@id":"https:\/\/bibliotecas.unileon.es\/tULEctura\/lectura\/experiencia\/#primaryimage","url":"http:\/\/bibliotecas.unileon.es\/tULEctura\/files\/2013\/12\/sherezade.jpg","contentUrl":"http:\/\/bibliotecas.unileon.es\/tULEctura\/files\/2013\/12\/sherezade.jpg"},{"@type":"BreadcrumbList","@id":"https:\/\/bibliotecas.unileon.es\/tULEctura\/lectura\/experiencia\/#breadcrumb","itemListElement":[{"@type":"ListItem","position":1,"name":"Home","item":"https:\/\/bibliotecas.unileon.es\/tULEctura\/"},{"@type":"ListItem","position":2,"name":"+ LECTURA","item":"https:\/\/bibliotecas.unileon.es\/tULEctura\/lectura\/"},{"@type":"ListItem","position":3,"name":"Experiencia cuento"}]},{"@type":"WebSite","@id":"https:\/\/bibliotecas.unileon.es\/tULEctura\/#website","url":"https:\/\/bibliotecas.unileon.es\/tULEctura\/","name":"tULEctura","description":"Espacio de la Universidad de Le\u00f3n dedicado a la lectura","publisher":{"@id":"https:\/\/bibliotecas.unileon.es\/tULEctura\/#organization"},"potentialAction":[{"@type":"SearchAction","target":{"@type":"EntryPoint","urlTemplate":"https:\/\/bibliotecas.unileon.es\/tULEctura\/?s={search_term_string}"},"query-input":{"@type":"PropertyValueSpecification","valueRequired":true,"valueName":"search_term_string"}}],"inLanguage":"es"},{"@type":"Organization","@id":"https:\/\/bibliotecas.unileon.es\/tULEctura\/#organization","name":"Universidad de Le\u00f3n","url":"https:\/\/bibliotecas.unileon.es\/tULEctura\/","logo":{"@type":"ImageObject","inLanguage":"es","@id":"https:\/\/bibliotecas.unileon.es\/tULEctura\/#\/schema\/logo\/image\/","url":"https:\/\/bibliotecas.unileon.es\/tULEctura\/files\/2018\/08\/TULECTURA_LOGO1.png","contentUrl":"https:\/\/bibliotecas.unileon.es\/tULEctura\/files\/2018\/08\/TULECTURA_LOGO1.png","width":"960","height":"258","caption":"Universidad de Le\u00f3n"},"image":{"@id":"https:\/\/bibliotecas.unileon.es\/tULEctura\/#\/schema\/logo\/image\/"},"sameAs":["https:\/\/www.facebook.com\/tulectura.unileon\/","https:\/\/x.com\/tULEctura_ULE","https:\/\/www.instagram.com\/tulectura.unileon\/","https:\/\/www.pinterest.es\/tulectura\/","https:\/\/www.youtube.com\/channel\/UCoWaDD39lVlAQcOchwlTPVw"]}]}},"_links":{"self":[{"href":"https:\/\/bibliotecas.unileon.es\/tULEctura\/wp-json\/wp\/v2\/pages\/808","targetHints":{"allow":["GET"]}}],"collection":[{"href":"https:\/\/bibliotecas.unileon.es\/tULEctura\/wp-json\/wp\/v2\/pages"}],"about":[{"href":"https:\/\/bibliotecas.unileon.es\/tULEctura\/wp-json\/wp\/v2\/types\/page"}],"author":[{"embeddable":true,"href":"https:\/\/bibliotecas.unileon.es\/tULEctura\/wp-json\/wp\/v2\/users\/73"}],"replies":[{"embeddable":true,"href":"https:\/\/bibliotecas.unileon.es\/tULEctura\/wp-json\/wp\/v2\/comments?post=808"}],"version-history":[{"count":1,"href":"https:\/\/bibliotecas.unileon.es\/tULEctura\/wp-json\/wp\/v2\/pages\/808\/revisions"}],"predecessor-version":[{"id":2589,"href":"https:\/\/bibliotecas.unileon.es\/tULEctura\/wp-json\/wp\/v2\/pages\/808\/revisions\/2589"}],"up":[{"embeddable":true,"href":"https:\/\/bibliotecas.unileon.es\/tULEctura\/wp-json\/wp\/v2\/pages\/2526"}],"wp:attachment":[{"href":"https:\/\/bibliotecas.unileon.es\/tULEctura\/wp-json\/wp\/v2\/media?parent=808"}],"curies":[{"name":"wp","href":"https:\/\/api.w.org\/{rel}","templated":true}]}}