{"id":810,"date":"2013-12-11T11:11:36","date_gmt":"2013-12-11T10:11:36","guid":{"rendered":"http:\/\/bibliotecas.unileon.es\/tULEctura\/?page_id=810"},"modified":"2020-02-14T10:51:03","modified_gmt":"2020-02-14T09:51:03","slug":"la-flor-mas-grande-del-mundo-jose-saramago","status":"publish","type":"page","link":"https:\/\/bibliotecas.unileon.es\/tULEctura\/lectura\/experiencia\/la-flor-mas-grande-del-mundo-jose-saramago\/","title":{"rendered":"1. La flor m\u00e1s grande del mundo. Jos\u00e9 Saramago"},"content":{"rendered":"<header>\n<h1 style=\"text-align: center;\"><a style=\"font-size: 1rem; line-height: 1;\" title=\"Comentarios en La flor m\u00e1s grande del mundo. Jos\u00e9 Saramago (cuento)\" href=\"http:\/\/bibliotecas.unileon.es\/tULEctura\/2013\/12\/03\/755\/#respond\"><br \/>\nDeja una respuesta<\/a><\/h1>\n<div>\n<p><strong><span style=\"text-decoration: underline;\">Lugar \u00a0y horario<\/span><\/strong><\/p>\n<p style=\"text-align: justify;\">El coloquio de esta lectura tendr\u00e1 lugar el d\u00eda <strong>21 de enero de 2014<\/strong> en la sala de conferencias de la Biblioteca General San Isidoro a las \u00a0<strong>17:00 horas<\/strong>. Por favor, para que contemos contigo, \u00a0env\u00eda un mensaje \u00a0con tu nombre a\u00a0<strong>\u00a0<a href=\"mailto:tulectura@unileon.es\">tulectura@unileon.es<\/a>.<br \/>\n<\/strong><\/p>\n<p>&nbsp;<\/p>\n<\/div>\n<\/header>\n<div>\n<p style=\"text-align: center;\"><strong>\u00bfY si las historias para ni\u00f1os fueran de lectura obligatoria para los adultos?\u00a0\u00bfSer\u00edamos realmente capaces de aprender lo que, desde hace tanto tiempo venimos ense\u00f1ando?<\/strong><\/p>\n<p style=\"text-align: right;\"><strong>Jos\u00e9 Saramago<\/strong><\/p>\n<p>&nbsp;<\/p>\n<p><iframe loading=\"lazy\" src=\"https:\/\/player.vimeo.com\/video\/62732096\" width=\"640\" height=\"360\" frameborder=\"0\" allowfullscreen=\"allowfullscreen\"><\/iframe><\/p>\n<p><a href=\"https:\/\/vimeo.com\/62732096\">La flor m\u00e1s grande del mundo.<\/a><\/p>\n<p>&nbsp;<\/p>\n<p style=\"text-align: justify;\"><em>Las historias para ni\u00f1os deben escribirse con palabras muy sencillas, porque los ni\u00f1os, al ser peque\u00f1os, saben pocas palabras y no las quieren muy complicadas. Me gustar\u00eda saber escribir esas historias, pero nunca he sido capaz de aprender, y eso me da mucha pena. Porque, adem\u00e1s de saber elegir las palabras, es necesario tener habilidad para contar de una manera muy clara y muy explicada, y una paciencia muy grande. A m\u00ed me falta por lo menos la paciencia, por lo que pido perd\u00f3n.<\/em><\/p>\n<p style=\"text-align: justify;\"><em>Si yo tuviera esas cualidades, podr\u00eda contar con todo detalle una historia preciosa que un d\u00eda me invent\u00e9, y que, as\u00ed como vais a leerla, no es m\u00e1s que un resumen que se dice en dos palabras\u2026 Se me tendr\u00e1 que perdonar la vanidad de haber pensado que mi historia era la m\u00e1s bonita de todas las que se han escrito desde los tiempos de los cuentos de hadas y princesas encantadas\u2026<\/em><\/p>\n<p style=\"text-align: justify;\"><em>\u00a1Hace ya tanto tiempo de eso!<\/em><\/p>\n<p style=\"text-align: justify;\"><em>En el cuento que quise escribir, pero que no escrib\u00ed, hay una aldea. (Ahora comienzan a aparecer algunas palabras dif\u00edciles, pero quien no las sepa, que consulte en un diccionario o que le pregunte al profesor.)<\/em><\/p>\n<p style=\"text-align: justify;\"><em>Que no se preocupen los que no conciben historias fuera de las ciudades, ni siquiera las infantiles: a mi ni\u00f1o h\u00e9roe sus aventuras le esperan fuera del tranquilo lugar donde viven los padres, supongo que tambi\u00e9n una hermana, tal vez alg\u00fan abuelo, y una parentela confusa de la que no hay noticia.<\/em><\/p>\n<p style=\"text-align: justify;\"><em>Nada m\u00e1s empezar la primera p\u00e1gina, sale el ni\u00f1o por el fondo del huerto y, de \u00e1rbol en \u00e1rbol, como un jilguero, baja hasta el r\u00edo y luego sigue su curso, entretenido en aquel perezoso juego que el tiempo alto, ancho y profundo de la infancia a todos nos ha permitido\u2026<\/em><\/p>\n<p style=\"text-align: justify;\"><em>Hasta que de pronto lleg\u00f3 al l\u00edmite del campo que se atrev\u00eda a recorrer solo. Desde all\u00ed en adelante comenzaba el planeta Marte, efecto literario del que el ni\u00f1o no tiene responsabilidad, pero que la libertad del autor considera conveniente para redondear la frase. Desde all\u00ed en adelante, para nuestro ni\u00f1o, hay s\u00f3lo una pregunta sin literatura: \u201c\u00bfVoy o no voy?\u201d Y fue.<\/em><\/p>\n<p style=\"text-align: justify;\"><em>El r\u00edo se desviaba mucho, se apartaba, y del r\u00edo ya estaba un poco harto porque desde que naci\u00f3 siempre lo estaba viendo. Decidi\u00f3 entonces cortar campo a trav\u00e9s, entre extensos olivares, unas veces caminando junto a misteriosos setos vivos cubiertos de campanillas blancas, y otras adentr\u00e1ndose en bosques de altos fresnos donde hab\u00eda claros tranquilos sin rastro de personas o animales, y alrededor un silencio que zumbaba, y tambi\u00e9n un calor vegetal, un olor de tallo fresco sangrado como una vena blanca y verde.<\/em><\/p>\n<p style=\"text-align: justify;\"><em>\u00a1Oh, qu\u00e9 feliz iba el ni\u00f1o! Anduvo, anduvo, hasta que los \u00e1rboles empezaron a escasear y era ya un erial, una tierra de rastrojos bajos y secos, y en medio una inh\u00f3spita colina redonda como una taza boca abajo.<\/em><\/p>\n<p style=\"text-align: justify;\"><em>Se tom\u00f3 el ni\u00f1o el trabajo de subir la ladera, y cuando lleg\u00f3 a la cima, \u00bfqu\u00e9 vio? Ni la suerte ni la muerte, ni las tablas del destino\u2026 Era s\u00f3lo una flor. Pero tan deca\u00edda, tan marchita, que el ni\u00f1o se le acerc\u00f3, pese al cansancio.<\/em><\/p>\n<p style=\"text-align: justify;\"><em>Y como este ni\u00f1o es especial, como es un ni\u00f1o de cuento, pens\u00f3 que ten\u00eda que salvar la flor. Pero \u00bfqu\u00e9 hacemos con el agua? All\u00ed, en lo alto, ni una gota. Abajo, s\u00f3lo en el r\u00edo, y \u00a1estaba tan lejos!\u2026<\/em><\/p>\n<p style=\"text-align: justify;\"><em>No importa.<\/em><\/p>\n<p style=\"text-align: center;\"><em>Baja el ni\u00f1o la monta\u00f1a,<br \/>\nAtraviesa el mundo todo,<br \/>\nLlega al gran r\u00edo Nilo,<br \/>\nEn el hueco de las manos recoge<br \/>\nCuanta agua le cab\u00eda.<br \/>\nVuelve a atravesar el mundo<br \/>\nPor la pendiente se arrastra,<br \/>\nTres gotas que llegaron,<br \/>\nSe las bebi\u00f3 la flor sedienta.<br \/>\nVeinte veces de aqu\u00ed all\u00ed,<br \/>\nCien mil viajes a la Luna,<br \/>\nLa sangre en los pies descalzos,<br \/>\nPero la flor erguida<br \/>\nYa daba perfume al aire,<br \/>\nY como si fuese un roble<br \/>\nPon\u00eda sombra en el suelo.<\/em><\/p>\n<p style=\"text-align: justify;\"><em>El ni\u00f1o se durmi\u00f3 debajo de la flor. Pasaron horas, y los padres, como suele suceder en estos casos, comenzaron a sentirse muy angustiados. Sali\u00f3 toda la familia y los vecinos a la b\u00fasqueda del ni\u00f1o perdido. Y no lo encontraron.<\/em><\/p>\n<p style=\"text-align: justify;\"><em>Lo recorrieron todo, desatados en l\u00e1grimas, y era casi la puesta de sol cuando levantaron los ojos y vieron a lo lejos una flor enorme que nadie recordaba que estuviera all\u00ed.<\/em><\/p>\n<p style=\"text-align: justify;\"><em>Fueron todos corriendo, subieron la colina y se encontraron con el ni\u00f1o que dorm\u00eda. Sobre \u00e9l, resguard\u00e1ndolo del fresco de la tarde, se extend\u00eda un gran p\u00e9talo perfumado, con todos los colores del arco iris.<\/em><\/p>\n<p style=\"text-align: justify;\"><em>A este ni\u00f1o lo llevaron a casa, rodeado de todo el respeto, como obra de milagro. Cuando luego pasaba por las calles, las personas dec\u00edan que hab\u00eda salido de casa para hacer una cosa que era mucho mayor que su tama\u00f1o y que todos los tama\u00f1os.<\/em><\/p>\n<p style=\"text-align: justify;\"><em>Y \u00e9sa es la moraleja de la historia.<\/em><\/p>\n<p style=\"text-align: justify;\"><em>\u00c9ste era el cuento que yo quer\u00eda contar. Me da mucha pena no saber narrar historias para ni\u00f1os. Pero por lo menos ya conoc\u00e9is c\u00f3mo ser\u00eda la historia, y podr\u00e9is explicarla de otra manera, con palabras m\u00e1s sencillas que las m\u00edas, y tal vez m\u00e1s adelante acab\u00e9is sabiendo escribir historias para los ni\u00f1os\u2026<\/em><\/p>\n<p style=\"text-align: justify;\"><em>\u00bfQui\u00e9n me dice que un d\u00eda no leer\u00e9 otra vez esta historia, escrita por ti que me lees, pero mucho m\u00e1s bonita?\u2026<\/em><\/p>\n<p style=\"text-align: justify;\"><a href=\"http:\/\/bibliotecas.unileon.es\/tULEctura\/files\/2013\/12\/saramago-la-flor-libro.jpg\"><img loading=\"lazy\" decoding=\"async\" class=\"aligncenter size-full wp-image-814\" src=\"http:\/\/bibliotecas.unileon.es\/tULEctura\/files\/2013\/12\/saramago-la-flor-libro.jpg\" alt=\"saramago la flor libro\" width=\"240\" height=\"348\" srcset=\"https:\/\/bibliotecas.unileon.es\/tULEctura\/files\/2013\/12\/saramago-la-flor-libro.jpg 240w, https:\/\/bibliotecas.unileon.es\/tULEctura\/files\/2013\/12\/saramago-la-flor-libro-206x300.jpg 206w\" sizes=\"auto, (max-width: 240px) 100vw, 240px\" \/><\/a><\/p>\n<ul>\n<li>El autor:<a href=\"http:\/\/www.elpais.com\/especial\/jose-saramago\/\" target=\"_blank\" rel=\"noopener noreferrer\"> Jos\u00e9 Saramago<\/a><\/li>\n<li>El t\u00edtulo: <a href=\"http:\/\/copepodo.wordpress.com\/2013\/11\/20\/parecidos-de-familia-en-la-flor-mas-grande-del-mundo\/\" target=\"_blank\" rel=\"noopener noreferrer\">La flor m\u00e1s grande del mundo es esta.<\/a>\u00a0\u00bfSe refiere a ella el relato?<\/li>\n<li>Distintos niveles de lectura: es una historia premeditadamente sencilla, pero llena de met\u00e1foras y simbolismos.<\/li>\n<li>Al principio y al final del cuento habla el autor \u00bfde qu\u00e9?<\/li>\n<li>Tiempo y lugar.<\/li>\n<li>Personajes<\/li>\n<li>Temas principales<\/li>\n<li>\u00bfQu\u00e9 valores contiene este cuento?<\/li>\n<li>Prosa y verso<\/li>\n<li>El viaje y el h\u00e9roe.<\/li>\n<li>\u00bfEs un cuento optimista? \u00bfY si el resultado fuera otro?<\/li>\n<li>Hay una moraleja. \u00bfQu\u00e9 es lo que <em>tendr\u00edamos que ser\u00a0\u00a0capaces de aprender, que desde hace tanto tiempo venimos ense\u00f1ando<\/em>?<\/li>\n<li>Invitaci\u00f3n final: la historia contin\u00faa&#8230;<\/li>\n<\/ul>\n<p style=\"text-align: justify;\"><strong>Puedes participar dejando tu opini\u00f3n y tus comentarios en esta p\u00e1gina, \u00a0en cada uno de los cuentos y, adem\u00e1s, siempre podr\u00e1s ponerte\u00a0en contacto con nosotros a trav\u00e9s\u00a0de nuestro correo\u00a0<a href=\"mailto:tulectura@unileon.es\">tulectura@unileon.es<\/a>.\u00a0Tambi\u00e9n puedes asistir libre y gratuitamente a los encuentros que iremos anunciando.\u00a0<\/strong><\/p>\n<\/div>\n","protected":false},"excerpt":{"rendered":"<p>Deja una respuesta Lugar \u00a0y horario El coloquio de esta lectura tendr\u00e1 lugar el d\u00eda 21 de enero de 2014 en la sala de conferencias de la Biblioteca General San Isidoro a las \u00a017:00 horas. Por favor, para que contemos contigo, \u00a0env\u00eda un mensaje \u00a0con tu nombre a\u00a0\u00a0tulectura@unileon.es. &nbsp; \u00bfY si las historias para ni\u00f1os [&hellip;]<\/p>\n","protected":false},"author":73,"featured_media":0,"parent":808,"menu_order":1,"comment_status":"open","ping_status":"open","template":"","meta":{"_bbp_topic_count":0,"_bbp_reply_count":0,"_bbp_total_topic_count":0,"_bbp_total_reply_count":0,"_bbp_voice_count":0,"_bbp_anonymous_reply_count":0,"_bbp_topic_count_hidden":0,"_bbp_reply_count_hidden":0,"_bbp_forum_subforum_count":0,"_monsterinsights_skip_tracking":false,"_monsterinsights_sitenote_active":false,"_monsterinsights_sitenote_note":"","_monsterinsights_sitenote_category":0,"footnotes":""},"class_list":["post-810","page","type-page","status-publish","hentry"],"yoast_head":"<!-- This site is optimized with the Yoast SEO plugin v25.8 - https:\/\/yoast.com\/wordpress\/plugins\/seo\/ -->\n<title>1. La flor m\u00e1s grande del mundo. Jos\u00e9 Saramago - tULEctura<\/title>\n<meta name=\"robots\" content=\"index, follow, max-snippet:-1, max-image-preview:large, max-video-preview:-1\" \/>\n<link rel=\"canonical\" href=\"https:\/\/bibliotecas.unileon.es\/tULEctura\/lectura\/experiencia\/la-flor-mas-grande-del-mundo-jose-saramago\/\" \/>\n<meta property=\"og:locale\" content=\"es_ES\" \/>\n<meta property=\"og:type\" content=\"article\" \/>\n<meta property=\"og:title\" content=\"1. La flor m\u00e1s grande del mundo. Jos\u00e9 Saramago - tULEctura\" \/>\n<meta property=\"og:description\" content=\"Deja una respuesta Lugar \u00a0y horario El coloquio de esta lectura tendr\u00e1 lugar el d\u00eda 21 de enero de 2014 en la sala de conferencias de la Biblioteca General San Isidoro a las \u00a017:00 horas. Por favor, para que contemos contigo, \u00a0env\u00eda un mensaje \u00a0con tu nombre a\u00a0\u00a0tulectura@unileon.es. &nbsp; \u00bfY si las historias para ni\u00f1os [&hellip;]\" \/>\n<meta property=\"og:url\" content=\"https:\/\/bibliotecas.unileon.es\/tULEctura\/lectura\/experiencia\/la-flor-mas-grande-del-mundo-jose-saramago\/\" \/>\n<meta property=\"og:site_name\" content=\"tULEctura\" \/>\n<meta property=\"article:publisher\" content=\"https:\/\/www.facebook.com\/tulectura.unileon\/\" \/>\n<meta property=\"article:modified_time\" content=\"2020-02-14T09:51:03+00:00\" \/>\n<meta property=\"og:image\" content=\"https:\/\/bibliotecas.unileon.es\/tULEctura\/files\/2013\/12\/saramago-la-flor-libro.jpg\" \/>\n\t<meta property=\"og:image:width\" content=\"240\" \/>\n\t<meta property=\"og:image:height\" content=\"348\" \/>\n\t<meta property=\"og:image:type\" content=\"image\/jpeg\" \/>\n<meta name=\"twitter:card\" content=\"summary_large_image\" \/>\n<meta name=\"twitter:site\" content=\"@tULEctura_ULE\" \/>\n<meta name=\"twitter:label1\" content=\"Tiempo de lectura\" \/>\n\t<meta name=\"twitter:data1\" content=\"6 minutos\" \/>\n<script type=\"application\/ld+json\" class=\"yoast-schema-graph\">{\"@context\":\"https:\/\/schema.org\",\"@graph\":[{\"@type\":\"WebPage\",\"@id\":\"https:\/\/bibliotecas.unileon.es\/tULEctura\/lectura\/experiencia\/la-flor-mas-grande-del-mundo-jose-saramago\/\",\"url\":\"https:\/\/bibliotecas.unileon.es\/tULEctura\/lectura\/experiencia\/la-flor-mas-grande-del-mundo-jose-saramago\/\",\"name\":\"1. La flor m\u00e1s grande del mundo. Jos\u00e9 Saramago - tULEctura\",\"isPartOf\":{\"@id\":\"https:\/\/bibliotecas.unileon.es\/tULEctura\/#website\"},\"primaryImageOfPage\":{\"@id\":\"https:\/\/bibliotecas.unileon.es\/tULEctura\/lectura\/experiencia\/la-flor-mas-grande-del-mundo-jose-saramago\/#primaryimage\"},\"image\":{\"@id\":\"https:\/\/bibliotecas.unileon.es\/tULEctura\/lectura\/experiencia\/la-flor-mas-grande-del-mundo-jose-saramago\/#primaryimage\"},\"thumbnailUrl\":\"http:\/\/bibliotecas.unileon.es\/tULEctura\/files\/2013\/12\/saramago-la-flor-libro.jpg\",\"datePublished\":\"2013-12-11T10:11:36+00:00\",\"dateModified\":\"2020-02-14T09:51:03+00:00\",\"breadcrumb\":{\"@id\":\"https:\/\/bibliotecas.unileon.es\/tULEctura\/lectura\/experiencia\/la-flor-mas-grande-del-mundo-jose-saramago\/#breadcrumb\"},\"inLanguage\":\"es\",\"potentialAction\":[{\"@type\":\"ReadAction\",\"target\":[\"https:\/\/bibliotecas.unileon.es\/tULEctura\/lectura\/experiencia\/la-flor-mas-grande-del-mundo-jose-saramago\/\"]}]},{\"@type\":\"ImageObject\",\"inLanguage\":\"es\",\"@id\":\"https:\/\/bibliotecas.unileon.es\/tULEctura\/lectura\/experiencia\/la-flor-mas-grande-del-mundo-jose-saramago\/#primaryimage\",\"url\":\"http:\/\/bibliotecas.unileon.es\/tULEctura\/files\/2013\/12\/saramago-la-flor-libro.jpg\",\"contentUrl\":\"http:\/\/bibliotecas.unileon.es\/tULEctura\/files\/2013\/12\/saramago-la-flor-libro.jpg\"},{\"@type\":\"BreadcrumbList\",\"@id\":\"https:\/\/bibliotecas.unileon.es\/tULEctura\/lectura\/experiencia\/la-flor-mas-grande-del-mundo-jose-saramago\/#breadcrumb\",\"itemListElement\":[{\"@type\":\"ListItem\",\"position\":1,\"name\":\"Home\",\"item\":\"https:\/\/bibliotecas.unileon.es\/tULEctura\/\"},{\"@type\":\"ListItem\",\"position\":2,\"name\":\"+ LECTURA\",\"item\":\"https:\/\/bibliotecas.unileon.es\/tULEctura\/lectura\/\"},{\"@type\":\"ListItem\",\"position\":3,\"name\":\"Experiencia cuento\",\"item\":\"https:\/\/bibliotecas.unileon.es\/tULEctura\/lectura\/experiencia\/\"},{\"@type\":\"ListItem\",\"position\":4,\"name\":\"1. La flor m\u00e1s grande del mundo. Jos\u00e9 Saramago\"}]},{\"@type\":\"WebSite\",\"@id\":\"https:\/\/bibliotecas.unileon.es\/tULEctura\/#website\",\"url\":\"https:\/\/bibliotecas.unileon.es\/tULEctura\/\",\"name\":\"tULEctura\",\"description\":\"Espacio de la Universidad de Le\u00f3n dedicado a la lectura\",\"publisher\":{\"@id\":\"https:\/\/bibliotecas.unileon.es\/tULEctura\/#organization\"},\"potentialAction\":[{\"@type\":\"SearchAction\",\"target\":{\"@type\":\"EntryPoint\",\"urlTemplate\":\"https:\/\/bibliotecas.unileon.es\/tULEctura\/?s={search_term_string}\"},\"query-input\":{\"@type\":\"PropertyValueSpecification\",\"valueRequired\":true,\"valueName\":\"search_term_string\"}}],\"inLanguage\":\"es\"},{\"@type\":\"Organization\",\"@id\":\"https:\/\/bibliotecas.unileon.es\/tULEctura\/#organization\",\"name\":\"Universidad de Le\u00f3n\",\"url\":\"https:\/\/bibliotecas.unileon.es\/tULEctura\/\",\"logo\":{\"@type\":\"ImageObject\",\"inLanguage\":\"es\",\"@id\":\"https:\/\/bibliotecas.unileon.es\/tULEctura\/#\/schema\/logo\/image\/\",\"url\":\"https:\/\/bibliotecas.unileon.es\/tULEctura\/files\/2018\/08\/TULECTURA_LOGO1.png\",\"contentUrl\":\"https:\/\/bibliotecas.unileon.es\/tULEctura\/files\/2018\/08\/TULECTURA_LOGO1.png\",\"width\":\"960\",\"height\":\"258\",\"caption\":\"Universidad de Le\u00f3n\"},\"image\":{\"@id\":\"https:\/\/bibliotecas.unileon.es\/tULEctura\/#\/schema\/logo\/image\/\"},\"sameAs\":[\"https:\/\/www.facebook.com\/tulectura.unileon\/\",\"https:\/\/x.com\/tULEctura_ULE\",\"https:\/\/www.instagram.com\/tulectura.unileon\/\",\"https:\/\/www.pinterest.es\/tulectura\/\",\"https:\/\/www.youtube.com\/channel\/UCoWaDD39lVlAQcOchwlTPVw\"]}]}<\/script>\n<!-- \/ Yoast SEO plugin. -->","yoast_head_json":{"title":"1. La flor m\u00e1s grande del mundo. Jos\u00e9 Saramago - tULEctura","robots":{"index":"index","follow":"follow","max-snippet":"max-snippet:-1","max-image-preview":"max-image-preview:large","max-video-preview":"max-video-preview:-1"},"canonical":"https:\/\/bibliotecas.unileon.es\/tULEctura\/lectura\/experiencia\/la-flor-mas-grande-del-mundo-jose-saramago\/","og_locale":"es_ES","og_type":"article","og_title":"1. La flor m\u00e1s grande del mundo. Jos\u00e9 Saramago - tULEctura","og_description":"Deja una respuesta Lugar \u00a0y horario El coloquio de esta lectura tendr\u00e1 lugar el d\u00eda 21 de enero de 2014 en la sala de conferencias de la Biblioteca General San Isidoro a las \u00a017:00 horas. Por favor, para que contemos contigo, \u00a0env\u00eda un mensaje \u00a0con tu nombre a\u00a0\u00a0tulectura@unileon.es. &nbsp; \u00bfY si las historias para ni\u00f1os [&hellip;]","og_url":"https:\/\/bibliotecas.unileon.es\/tULEctura\/lectura\/experiencia\/la-flor-mas-grande-del-mundo-jose-saramago\/","og_site_name":"tULEctura","article_publisher":"https:\/\/www.facebook.com\/tulectura.unileon\/","article_modified_time":"2020-02-14T09:51:03+00:00","og_image":[{"width":240,"height":348,"url":"https:\/\/bibliotecas.unileon.es\/tULEctura\/files\/2013\/12\/saramago-la-flor-libro.jpg","type":"image\/jpeg"}],"twitter_card":"summary_large_image","twitter_site":"@tULEctura_ULE","twitter_misc":{"Tiempo de lectura":"6 minutos"},"schema":{"@context":"https:\/\/schema.org","@graph":[{"@type":"WebPage","@id":"https:\/\/bibliotecas.unileon.es\/tULEctura\/lectura\/experiencia\/la-flor-mas-grande-del-mundo-jose-saramago\/","url":"https:\/\/bibliotecas.unileon.es\/tULEctura\/lectura\/experiencia\/la-flor-mas-grande-del-mundo-jose-saramago\/","name":"1. La flor m\u00e1s grande del mundo. Jos\u00e9 Saramago - tULEctura","isPartOf":{"@id":"https:\/\/bibliotecas.unileon.es\/tULEctura\/#website"},"primaryImageOfPage":{"@id":"https:\/\/bibliotecas.unileon.es\/tULEctura\/lectura\/experiencia\/la-flor-mas-grande-del-mundo-jose-saramago\/#primaryimage"},"image":{"@id":"https:\/\/bibliotecas.unileon.es\/tULEctura\/lectura\/experiencia\/la-flor-mas-grande-del-mundo-jose-saramago\/#primaryimage"},"thumbnailUrl":"http:\/\/bibliotecas.unileon.es\/tULEctura\/files\/2013\/12\/saramago-la-flor-libro.jpg","datePublished":"2013-12-11T10:11:36+00:00","dateModified":"2020-02-14T09:51:03+00:00","breadcrumb":{"@id":"https:\/\/bibliotecas.unileon.es\/tULEctura\/lectura\/experiencia\/la-flor-mas-grande-del-mundo-jose-saramago\/#breadcrumb"},"inLanguage":"es","potentialAction":[{"@type":"ReadAction","target":["https:\/\/bibliotecas.unileon.es\/tULEctura\/lectura\/experiencia\/la-flor-mas-grande-del-mundo-jose-saramago\/"]}]},{"@type":"ImageObject","inLanguage":"es","@id":"https:\/\/bibliotecas.unileon.es\/tULEctura\/lectura\/experiencia\/la-flor-mas-grande-del-mundo-jose-saramago\/#primaryimage","url":"http:\/\/bibliotecas.unileon.es\/tULEctura\/files\/2013\/12\/saramago-la-flor-libro.jpg","contentUrl":"http:\/\/bibliotecas.unileon.es\/tULEctura\/files\/2013\/12\/saramago-la-flor-libro.jpg"},{"@type":"BreadcrumbList","@id":"https:\/\/bibliotecas.unileon.es\/tULEctura\/lectura\/experiencia\/la-flor-mas-grande-del-mundo-jose-saramago\/#breadcrumb","itemListElement":[{"@type":"ListItem","position":1,"name":"Home","item":"https:\/\/bibliotecas.unileon.es\/tULEctura\/"},{"@type":"ListItem","position":2,"name":"+ LECTURA","item":"https:\/\/bibliotecas.unileon.es\/tULEctura\/lectura\/"},{"@type":"ListItem","position":3,"name":"Experiencia cuento","item":"https:\/\/bibliotecas.unileon.es\/tULEctura\/lectura\/experiencia\/"},{"@type":"ListItem","position":4,"name":"1. La flor m\u00e1s grande del mundo. Jos\u00e9 Saramago"}]},{"@type":"WebSite","@id":"https:\/\/bibliotecas.unileon.es\/tULEctura\/#website","url":"https:\/\/bibliotecas.unileon.es\/tULEctura\/","name":"tULEctura","description":"Espacio de la Universidad de Le\u00f3n dedicado a la lectura","publisher":{"@id":"https:\/\/bibliotecas.unileon.es\/tULEctura\/#organization"},"potentialAction":[{"@type":"SearchAction","target":{"@type":"EntryPoint","urlTemplate":"https:\/\/bibliotecas.unileon.es\/tULEctura\/?s={search_term_string}"},"query-input":{"@type":"PropertyValueSpecification","valueRequired":true,"valueName":"search_term_string"}}],"inLanguage":"es"},{"@type":"Organization","@id":"https:\/\/bibliotecas.unileon.es\/tULEctura\/#organization","name":"Universidad de Le\u00f3n","url":"https:\/\/bibliotecas.unileon.es\/tULEctura\/","logo":{"@type":"ImageObject","inLanguage":"es","@id":"https:\/\/bibliotecas.unileon.es\/tULEctura\/#\/schema\/logo\/image\/","url":"https:\/\/bibliotecas.unileon.es\/tULEctura\/files\/2018\/08\/TULECTURA_LOGO1.png","contentUrl":"https:\/\/bibliotecas.unileon.es\/tULEctura\/files\/2018\/08\/TULECTURA_LOGO1.png","width":"960","height":"258","caption":"Universidad de Le\u00f3n"},"image":{"@id":"https:\/\/bibliotecas.unileon.es\/tULEctura\/#\/schema\/logo\/image\/"},"sameAs":["https:\/\/www.facebook.com\/tulectura.unileon\/","https:\/\/x.com\/tULEctura_ULE","https:\/\/www.instagram.com\/tulectura.unileon\/","https:\/\/www.pinterest.es\/tulectura\/","https:\/\/www.youtube.com\/channel\/UCoWaDD39lVlAQcOchwlTPVw"]}]}},"_links":{"self":[{"href":"https:\/\/bibliotecas.unileon.es\/tULEctura\/wp-json\/wp\/v2\/pages\/810","targetHints":{"allow":["GET"]}}],"collection":[{"href":"https:\/\/bibliotecas.unileon.es\/tULEctura\/wp-json\/wp\/v2\/pages"}],"about":[{"href":"https:\/\/bibliotecas.unileon.es\/tULEctura\/wp-json\/wp\/v2\/types\/page"}],"author":[{"embeddable":true,"href":"https:\/\/bibliotecas.unileon.es\/tULEctura\/wp-json\/wp\/v2\/users\/73"}],"replies":[{"embeddable":true,"href":"https:\/\/bibliotecas.unileon.es\/tULEctura\/wp-json\/wp\/v2\/comments?post=810"}],"version-history":[{"count":1,"href":"https:\/\/bibliotecas.unileon.es\/tULEctura\/wp-json\/wp\/v2\/pages\/810\/revisions"}],"predecessor-version":[{"id":47724,"href":"https:\/\/bibliotecas.unileon.es\/tULEctura\/wp-json\/wp\/v2\/pages\/810\/revisions\/47724"}],"up":[{"embeddable":true,"href":"https:\/\/bibliotecas.unileon.es\/tULEctura\/wp-json\/wp\/v2\/pages\/808"}],"wp:attachment":[{"href":"https:\/\/bibliotecas.unileon.es\/tULEctura\/wp-json\/wp\/v2\/media?parent=810"}],"curies":[{"name":"wp","href":"https:\/\/api.w.org\/{rel}","templated":true}]}}