{"id":93,"date":"2013-10-13T21:15:33","date_gmt":"2013-10-13T19:15:33","guid":{"rendered":"http:\/\/bibliotecas.unileon.es\/tULElectura\/?page_id=93"},"modified":"2014-07-21T10:23:29","modified_gmt":"2014-07-21T08:23:29","slug":"lectura-1-medusa","status":"publish","type":"page","link":"https:\/\/bibliotecas.unileon.es\/tULEctura\/pagina-ejemplo\/curso-2013-2014\/lectura-1-medusa\/","title":{"rendered":"Lectura 1: Medusa"},"content":{"rendered":"<p><a href=\"http:\/\/bibliotecas.unileon.es\/tULEctura\/files\/2013\/11\/medusa.jpg\"><img loading=\"lazy\" decoding=\"async\" class=\"alignright size-full wp-image-266\" src=\"http:\/\/bibliotecas.unileon.es\/tULEctura\/files\/2013\/11\/medusa.jpg\" alt=\"medusa\" width=\"221\" height=\"228\" \/><\/a><\/p>\n<p><strong><em>Medusa, de <a href=\"http:\/\/es.wikipedia.org\/wiki\/Ricardo_Men%C3%A9ndez_Salm%C3%B3n\" target=\"_blank\">Ricardo Men\u00e9ndez Salm\u00f3n<\/a><\/em><\/strong><\/p>\n<p style=\"text-align: justify;\"><span style=\"line-height: 1.714285714; font-size: 1rem;\">Una novela que tiene como principal objetivo plantearnos cu\u00e1l es nuestro sitio en la historia y qu\u00e9 responsabilidad tenemos para con ella. Una muestra del poder del arte en las grandes hecatombes de la historia. Una visi\u00f3n \u00fanica del car\u00e1cter ambiguo y del poder evocador de los sentidos.<\/span><\/p>\n<p style=\"text-align: justify;\"><span style=\"line-height: 1.714285714; font-size: 1rem;\"><span style=\"text-decoration: underline;\">Calendario<\/span>\u00a0<\/span><\/p>\n<ul style=\"text-align: justify;\">\n<li><a href=\"http:\/\/bibliotecas.unileon.es\/tULEctura\/2013\/11\/06\/262\/\" target=\"_blank\">7 de noviembre de 2013: Coloquio participativo de gu\u00eda a la lectura.<\/a><\/li>\n<li><a href=\"http:\/\/bibliotecas.unileon.es\/tULEctura\/2013\/11\/21\/medusa-coloquio-participativo-de-los-socios\/\" target=\"_blank\">21 de noviembre de 2013: Coloquio participativo de los socios.<\/a><\/li>\n<li><a href=\"http:\/\/bibliotecas.unileon.es\/tULEctura\/2013\/11\/27\/coloquio-con-ricardo-menendez-salmon\/\" target=\"_blank\">26 de noviembre de 2013: Encuentro de los socios con Ricardo Men\u00e9ndez Salm\u00f3n.<\/a><\/li>\n<\/ul>\n<p style=\"text-align: justify;\"><span style=\"text-decoration: underline;\">Lugar \u00a0y horario<\/span><\/p>\n<p style=\"text-align: justify;\">Los encuentros de esta primera lectura tendr\u00e1n lugar en el Aula Magna de la Facultad de Filosof\u00eda y Letras, de 19:00 a 20:00 horas. <strong>Se ruega puntualidad<\/strong>.<\/p>\n<p style=\"text-align: justify;\"><span style=\"text-decoration: underline;\">Sinopsis<\/span><\/p>\n<p style=\"text-align: justify;\">Desde ni\u00f1o, a Prohaska le fascinan las im\u00e1genes. A ellas dedicar\u00e1 su vida, como cineasta, fot\u00f3grafo y pintor. Pero Prohaska es un artista muy singular, obsesionado con la desaparici\u00f3n y la invisibilidad, un hombre parad\u00f3jico del que no se conserva una sola imagen, pero que sin embargo parece haberlo visto todo.<\/p>\n<p style=\"text-align: justify;\">La actitud de este artista multidisciplinar ante su obra plantea dos preguntas inc\u00f3modas: la primera, si se puede vivir sin ideolog\u00eda; la segunda, si se puede mirar con impunidad. Esta novela propone un travelling vertiginoso, en el tiempo y en el espacio, que recorre no s\u00f3lo la entra\u00f1a del feroz siglo veinte, cuya crueldad Prohaska se obstina en retratar, sino el mapa completo de la verg\u00fcenza humana.<\/p>\n<p style=\"text-align: justify;\"><em>Medusa<\/em>\u00a0prolonga as\u00ed el asunto central del proyecto narrativo de Ricardo Men\u00e9ndez Salm\u00f3n: preguntarse por nuestra responsabilidad ante las hecatombes de la Historia y desentra\u00f1ar qu\u00e9 poder (o qu\u00e9 condena) posee el arte para enfrentarse a esos abismos. Si <em>La ofensa<\/em> era la historia de un hombre que decide dejar de mirar, <em>Medusa<\/em> es la historia de un hombre que se propone hacerlo hasta el final; si\u00a0<em>La luz es m\u00e1s antigua que el amor<\/em>\u00a0nos hablaba del aspecto consolador del arte,\u00a0<em>Medusa<\/em>\u00a0nos habla del car\u00e1cter ambiguo, problem\u00e1tico y a menudo perverso de la experiencia est\u00e9tica.<\/p>\n<p style=\"text-align: justify;\"><span style=\"text-decoration: underline;\">El autor<\/span><\/p>\n<p style=\"text-align: justify;\">Nacido en Gij\u00f3n, en 1971, es licenciado en Filosof\u00eda por la Universidad de Oviedo. Escribe en los diarios\u00a0<em>ABC<\/em>,\u00a0<em>El Pa\u00eds<\/em>\u00a0y<em>La Nueva Espa\u00f1a<\/em>, y en las revistas\u00a0<em>El Mercurio<\/em>\u00a0y<em>\u00a0Tiempo<\/em>. Autor de un singular libro de viajes,\u00a0<em>Asturias para Vera<\/em>\u00a0(2010), ha publicado los libros de relatos\u00a0<em>Los caballos azules<\/em>\u00a0(2005) y\u00a0<em>Gritar<\/em>\u00a0(2007), y las novelas\u00a0<em>La filosof\u00eda en invierno<\/em>\u00a0(1999 y 2007),\u00a0<em>Pan\u00f3ptico<\/em>\u00a0(2001),\u00a0<em>Los arrebatados<\/em>\u00a0(2003),\u00a0<em>La noche feroz<\/em>\u00a0(2006; Seix Barral, 2011), la denominada\u00a0<em>Trilog\u00eda del mal<\/em>\u00a0\u2014que incluye las novelas\u00a0<em>La ofensa<\/em>\u00a0(Seix Barral, 2007),\u00a0<em>Derrumbe<\/em>\u00a0(Seix Barral, 2008) y\u00a0<em>El corrector<\/em>\u00a0(Seix Barral, 2009)\u2014 y\u00a0<em>La luz es m\u00e1s antigua que el amor<\/em>\u00a0(Seix Barral, 2010). Saludada con grandes parabienes por la cr\u00edtica, su obra lo ha convertido en uno de los escritores m\u00e1s prestigiosos en el panorama de la narrativa contempor\u00e1nea espa\u00f1ola. Traducida al catal\u00e1n, franc\u00e9s, italiano, neerland\u00e9s y portugu\u00e9s, su obra ha recibido premios como el de la Cr\u00edtica de Asturias, el de la Cr\u00edtica de la Feria del Libro de Bilbao, el Casino de Mieres de Novela, el Qwerty de Barcelona Televisi\u00f3n, el Juan Rulfo de Relato, el Llanes de Viajes y el Premio C\u00e1lamo \u00abOtra mirada\u00bb.<\/p>\n","protected":false},"excerpt":{"rendered":"<p>Medusa, de Ricardo Men\u00e9ndez Salm\u00f3n Una novela que tiene como principal objetivo plantearnos cu\u00e1l es nuestro sitio en la historia y qu\u00e9 responsabilidad tenemos para con ella. Una muestra del poder del arte en las grandes hecatombes de la historia. Una visi\u00f3n \u00fanica del car\u00e1cter ambiguo y del poder evocador de los sentidos. Calendario\u00a0 7 [&hellip;]<\/p>\n","protected":false},"author":73,"featured_media":0,"parent":2423,"menu_order":1,"comment_status":"open","ping_status":"open","template":"","meta":{"_bbp_topic_count":0,"_bbp_reply_count":0,"_bbp_total_topic_count":0,"_bbp_total_reply_count":0,"_bbp_voice_count":0,"_bbp_anonymous_reply_count":0,"_bbp_topic_count_hidden":0,"_bbp_reply_count_hidden":0,"_bbp_forum_subforum_count":0,"_monsterinsights_skip_tracking":false,"_monsterinsights_sitenote_active":false,"_monsterinsights_sitenote_note":"","_monsterinsights_sitenote_category":0,"footnotes":""},"class_list":["post-93","page","type-page","status-publish","hentry"],"yoast_head":"<!-- This site is optimized with the Yoast SEO plugin v25.8 - https:\/\/yoast.com\/wordpress\/plugins\/seo\/ -->\n<title>Lectura 1: Medusa - tULEctura<\/title>\n<meta name=\"robots\" content=\"index, follow, max-snippet:-1, max-image-preview:large, max-video-preview:-1\" \/>\n<link rel=\"canonical\" href=\"https:\/\/bibliotecas.unileon.es\/tULEctura\/pagina-ejemplo\/curso-2013-2014\/lectura-1-medusa\/\" \/>\n<meta property=\"og:locale\" content=\"es_ES\" \/>\n<meta property=\"og:type\" content=\"article\" \/>\n<meta property=\"og:title\" content=\"Lectura 1: Medusa - tULEctura\" \/>\n<meta property=\"og:description\" content=\"Medusa, de Ricardo Men\u00e9ndez Salm\u00f3n Una novela que tiene como principal objetivo plantearnos cu\u00e1l es nuestro sitio en la historia y qu\u00e9 responsabilidad tenemos para con ella. Una muestra del poder del arte en las grandes hecatombes de la historia. Una visi\u00f3n \u00fanica del car\u00e1cter ambiguo y del poder evocador de los sentidos. Calendario\u00a0 7 [&hellip;]\" \/>\n<meta property=\"og:url\" content=\"https:\/\/bibliotecas.unileon.es\/tULEctura\/pagina-ejemplo\/curso-2013-2014\/lectura-1-medusa\/\" \/>\n<meta property=\"og:site_name\" content=\"tULEctura\" \/>\n<meta property=\"article:publisher\" content=\"https:\/\/www.facebook.com\/tulectura.unileon\/\" \/>\n<meta property=\"article:modified_time\" content=\"2014-07-21T08:23:29+00:00\" \/>\n<meta property=\"og:image\" content=\"https:\/\/bibliotecas.unileon.es\/tULEctura\/files\/2013\/11\/medusa.jpg\" \/>\n\t<meta property=\"og:image:width\" content=\"221\" \/>\n\t<meta property=\"og:image:height\" content=\"228\" \/>\n\t<meta property=\"og:image:type\" content=\"image\/jpeg\" \/>\n<meta name=\"twitter:card\" content=\"summary_large_image\" \/>\n<meta name=\"twitter:site\" content=\"@tULEctura_ULE\" \/>\n<meta name=\"twitter:label1\" content=\"Tiempo de lectura\" \/>\n\t<meta name=\"twitter:data1\" content=\"3 minutos\" \/>\n<script type=\"application\/ld+json\" class=\"yoast-schema-graph\">{\"@context\":\"https:\/\/schema.org\",\"@graph\":[{\"@type\":\"WebPage\",\"@id\":\"https:\/\/bibliotecas.unileon.es\/tULEctura\/pagina-ejemplo\/curso-2013-2014\/lectura-1-medusa\/\",\"url\":\"https:\/\/bibliotecas.unileon.es\/tULEctura\/pagina-ejemplo\/curso-2013-2014\/lectura-1-medusa\/\",\"name\":\"Lectura 1: Medusa - tULEctura\",\"isPartOf\":{\"@id\":\"https:\/\/bibliotecas.unileon.es\/tULEctura\/#website\"},\"primaryImageOfPage\":{\"@id\":\"https:\/\/bibliotecas.unileon.es\/tULEctura\/pagina-ejemplo\/curso-2013-2014\/lectura-1-medusa\/#primaryimage\"},\"image\":{\"@id\":\"https:\/\/bibliotecas.unileon.es\/tULEctura\/pagina-ejemplo\/curso-2013-2014\/lectura-1-medusa\/#primaryimage\"},\"thumbnailUrl\":\"http:\/\/bibliotecas.unileon.es\/tULEctura\/files\/2013\/11\/medusa.jpg\",\"datePublished\":\"2013-10-13T19:15:33+00:00\",\"dateModified\":\"2014-07-21T08:23:29+00:00\",\"breadcrumb\":{\"@id\":\"https:\/\/bibliotecas.unileon.es\/tULEctura\/pagina-ejemplo\/curso-2013-2014\/lectura-1-medusa\/#breadcrumb\"},\"inLanguage\":\"es\",\"potentialAction\":[{\"@type\":\"ReadAction\",\"target\":[\"https:\/\/bibliotecas.unileon.es\/tULEctura\/pagina-ejemplo\/curso-2013-2014\/lectura-1-medusa\/\"]}]},{\"@type\":\"ImageObject\",\"inLanguage\":\"es\",\"@id\":\"https:\/\/bibliotecas.unileon.es\/tULEctura\/pagina-ejemplo\/curso-2013-2014\/lectura-1-medusa\/#primaryimage\",\"url\":\"http:\/\/bibliotecas.unileon.es\/tULEctura\/files\/2013\/11\/medusa.jpg\",\"contentUrl\":\"http:\/\/bibliotecas.unileon.es\/tULEctura\/files\/2013\/11\/medusa.jpg\"},{\"@type\":\"BreadcrumbList\",\"@id\":\"https:\/\/bibliotecas.unileon.es\/tULEctura\/pagina-ejemplo\/curso-2013-2014\/lectura-1-medusa\/#breadcrumb\",\"itemListElement\":[{\"@type\":\"ListItem\",\"position\":1,\"name\":\"Home\",\"item\":\"https:\/\/bibliotecas.unileon.es\/tULEctura\/\"},{\"@type\":\"ListItem\",\"position\":2,\"name\":\"Club de Lectura\",\"item\":\"https:\/\/bibliotecas.unileon.es\/tULEctura\/pagina-ejemplo\/\"},{\"@type\":\"ListItem\",\"position\":3,\"name\":\"Curso 2013-2014\",\"item\":\"https:\/\/bibliotecas.unileon.es\/tULEctura\/pagina-ejemplo\/curso-2013-2014\/\"},{\"@type\":\"ListItem\",\"position\":4,\"name\":\"Lectura 1: Medusa\"}]},{\"@type\":\"WebSite\",\"@id\":\"https:\/\/bibliotecas.unileon.es\/tULEctura\/#website\",\"url\":\"https:\/\/bibliotecas.unileon.es\/tULEctura\/\",\"name\":\"tULEctura\",\"description\":\"Espacio de la Universidad de Le\u00f3n dedicado a la lectura\",\"publisher\":{\"@id\":\"https:\/\/bibliotecas.unileon.es\/tULEctura\/#organization\"},\"potentialAction\":[{\"@type\":\"SearchAction\",\"target\":{\"@type\":\"EntryPoint\",\"urlTemplate\":\"https:\/\/bibliotecas.unileon.es\/tULEctura\/?s={search_term_string}\"},\"query-input\":{\"@type\":\"PropertyValueSpecification\",\"valueRequired\":true,\"valueName\":\"search_term_string\"}}],\"inLanguage\":\"es\"},{\"@type\":\"Organization\",\"@id\":\"https:\/\/bibliotecas.unileon.es\/tULEctura\/#organization\",\"name\":\"Universidad de Le\u00f3n\",\"url\":\"https:\/\/bibliotecas.unileon.es\/tULEctura\/\",\"logo\":{\"@type\":\"ImageObject\",\"inLanguage\":\"es\",\"@id\":\"https:\/\/bibliotecas.unileon.es\/tULEctura\/#\/schema\/logo\/image\/\",\"url\":\"https:\/\/bibliotecas.unileon.es\/tULEctura\/files\/2018\/08\/TULECTURA_LOGO1.png\",\"contentUrl\":\"https:\/\/bibliotecas.unileon.es\/tULEctura\/files\/2018\/08\/TULECTURA_LOGO1.png\",\"width\":\"960\",\"height\":\"258\",\"caption\":\"Universidad de Le\u00f3n\"},\"image\":{\"@id\":\"https:\/\/bibliotecas.unileon.es\/tULEctura\/#\/schema\/logo\/image\/\"},\"sameAs\":[\"https:\/\/www.facebook.com\/tulectura.unileon\/\",\"https:\/\/x.com\/tULEctura_ULE\",\"https:\/\/www.instagram.com\/tulectura.unileon\/\",\"https:\/\/www.pinterest.es\/tulectura\/\",\"https:\/\/www.youtube.com\/channel\/UCoWaDD39lVlAQcOchwlTPVw\"]}]}<\/script>\n<!-- \/ Yoast SEO plugin. -->","yoast_head_json":{"title":"Lectura 1: Medusa - tULEctura","robots":{"index":"index","follow":"follow","max-snippet":"max-snippet:-1","max-image-preview":"max-image-preview:large","max-video-preview":"max-video-preview:-1"},"canonical":"https:\/\/bibliotecas.unileon.es\/tULEctura\/pagina-ejemplo\/curso-2013-2014\/lectura-1-medusa\/","og_locale":"es_ES","og_type":"article","og_title":"Lectura 1: Medusa - tULEctura","og_description":"Medusa, de Ricardo Men\u00e9ndez Salm\u00f3n Una novela que tiene como principal objetivo plantearnos cu\u00e1l es nuestro sitio en la historia y qu\u00e9 responsabilidad tenemos para con ella. Una muestra del poder del arte en las grandes hecatombes de la historia. Una visi\u00f3n \u00fanica del car\u00e1cter ambiguo y del poder evocador de los sentidos. Calendario\u00a0 7 [&hellip;]","og_url":"https:\/\/bibliotecas.unileon.es\/tULEctura\/pagina-ejemplo\/curso-2013-2014\/lectura-1-medusa\/","og_site_name":"tULEctura","article_publisher":"https:\/\/www.facebook.com\/tulectura.unileon\/","article_modified_time":"2014-07-21T08:23:29+00:00","og_image":[{"width":221,"height":228,"url":"https:\/\/bibliotecas.unileon.es\/tULEctura\/files\/2013\/11\/medusa.jpg","type":"image\/jpeg"}],"twitter_card":"summary_large_image","twitter_site":"@tULEctura_ULE","twitter_misc":{"Tiempo de lectura":"3 minutos"},"schema":{"@context":"https:\/\/schema.org","@graph":[{"@type":"WebPage","@id":"https:\/\/bibliotecas.unileon.es\/tULEctura\/pagina-ejemplo\/curso-2013-2014\/lectura-1-medusa\/","url":"https:\/\/bibliotecas.unileon.es\/tULEctura\/pagina-ejemplo\/curso-2013-2014\/lectura-1-medusa\/","name":"Lectura 1: Medusa - tULEctura","isPartOf":{"@id":"https:\/\/bibliotecas.unileon.es\/tULEctura\/#website"},"primaryImageOfPage":{"@id":"https:\/\/bibliotecas.unileon.es\/tULEctura\/pagina-ejemplo\/curso-2013-2014\/lectura-1-medusa\/#primaryimage"},"image":{"@id":"https:\/\/bibliotecas.unileon.es\/tULEctura\/pagina-ejemplo\/curso-2013-2014\/lectura-1-medusa\/#primaryimage"},"thumbnailUrl":"http:\/\/bibliotecas.unileon.es\/tULEctura\/files\/2013\/11\/medusa.jpg","datePublished":"2013-10-13T19:15:33+00:00","dateModified":"2014-07-21T08:23:29+00:00","breadcrumb":{"@id":"https:\/\/bibliotecas.unileon.es\/tULEctura\/pagina-ejemplo\/curso-2013-2014\/lectura-1-medusa\/#breadcrumb"},"inLanguage":"es","potentialAction":[{"@type":"ReadAction","target":["https:\/\/bibliotecas.unileon.es\/tULEctura\/pagina-ejemplo\/curso-2013-2014\/lectura-1-medusa\/"]}]},{"@type":"ImageObject","inLanguage":"es","@id":"https:\/\/bibliotecas.unileon.es\/tULEctura\/pagina-ejemplo\/curso-2013-2014\/lectura-1-medusa\/#primaryimage","url":"http:\/\/bibliotecas.unileon.es\/tULEctura\/files\/2013\/11\/medusa.jpg","contentUrl":"http:\/\/bibliotecas.unileon.es\/tULEctura\/files\/2013\/11\/medusa.jpg"},{"@type":"BreadcrumbList","@id":"https:\/\/bibliotecas.unileon.es\/tULEctura\/pagina-ejemplo\/curso-2013-2014\/lectura-1-medusa\/#breadcrumb","itemListElement":[{"@type":"ListItem","position":1,"name":"Home","item":"https:\/\/bibliotecas.unileon.es\/tULEctura\/"},{"@type":"ListItem","position":2,"name":"Club de Lectura","item":"https:\/\/bibliotecas.unileon.es\/tULEctura\/pagina-ejemplo\/"},{"@type":"ListItem","position":3,"name":"Curso 2013-2014","item":"https:\/\/bibliotecas.unileon.es\/tULEctura\/pagina-ejemplo\/curso-2013-2014\/"},{"@type":"ListItem","position":4,"name":"Lectura 1: Medusa"}]},{"@type":"WebSite","@id":"https:\/\/bibliotecas.unileon.es\/tULEctura\/#website","url":"https:\/\/bibliotecas.unileon.es\/tULEctura\/","name":"tULEctura","description":"Espacio de la Universidad de Le\u00f3n dedicado a la lectura","publisher":{"@id":"https:\/\/bibliotecas.unileon.es\/tULEctura\/#organization"},"potentialAction":[{"@type":"SearchAction","target":{"@type":"EntryPoint","urlTemplate":"https:\/\/bibliotecas.unileon.es\/tULEctura\/?s={search_term_string}"},"query-input":{"@type":"PropertyValueSpecification","valueRequired":true,"valueName":"search_term_string"}}],"inLanguage":"es"},{"@type":"Organization","@id":"https:\/\/bibliotecas.unileon.es\/tULEctura\/#organization","name":"Universidad de Le\u00f3n","url":"https:\/\/bibliotecas.unileon.es\/tULEctura\/","logo":{"@type":"ImageObject","inLanguage":"es","@id":"https:\/\/bibliotecas.unileon.es\/tULEctura\/#\/schema\/logo\/image\/","url":"https:\/\/bibliotecas.unileon.es\/tULEctura\/files\/2018\/08\/TULECTURA_LOGO1.png","contentUrl":"https:\/\/bibliotecas.unileon.es\/tULEctura\/files\/2018\/08\/TULECTURA_LOGO1.png","width":"960","height":"258","caption":"Universidad de Le\u00f3n"},"image":{"@id":"https:\/\/bibliotecas.unileon.es\/tULEctura\/#\/schema\/logo\/image\/"},"sameAs":["https:\/\/www.facebook.com\/tulectura.unileon\/","https:\/\/x.com\/tULEctura_ULE","https:\/\/www.instagram.com\/tulectura.unileon\/","https:\/\/www.pinterest.es\/tulectura\/","https:\/\/www.youtube.com\/channel\/UCoWaDD39lVlAQcOchwlTPVw"]}]}},"_links":{"self":[{"href":"https:\/\/bibliotecas.unileon.es\/tULEctura\/wp-json\/wp\/v2\/pages\/93","targetHints":{"allow":["GET"]}}],"collection":[{"href":"https:\/\/bibliotecas.unileon.es\/tULEctura\/wp-json\/wp\/v2\/pages"}],"about":[{"href":"https:\/\/bibliotecas.unileon.es\/tULEctura\/wp-json\/wp\/v2\/types\/page"}],"author":[{"embeddable":true,"href":"https:\/\/bibliotecas.unileon.es\/tULEctura\/wp-json\/wp\/v2\/users\/73"}],"replies":[{"embeddable":true,"href":"https:\/\/bibliotecas.unileon.es\/tULEctura\/wp-json\/wp\/v2\/comments?post=93"}],"version-history":[{"count":0,"href":"https:\/\/bibliotecas.unileon.es\/tULEctura\/wp-json\/wp\/v2\/pages\/93\/revisions"}],"up":[{"embeddable":true,"href":"https:\/\/bibliotecas.unileon.es\/tULEctura\/wp-json\/wp\/v2\/pages\/2423"}],"wp:attachment":[{"href":"https:\/\/bibliotecas.unileon.es\/tULEctura\/wp-json\/wp\/v2\/media?parent=93"}],"curies":[{"name":"wp","href":"https:\/\/api.w.org\/{rel}","templated":true}]}}