{"id":97,"date":"2013-10-13T21:51:20","date_gmt":"2013-10-13T19:51:20","guid":{"rendered":"http:\/\/bibliotecas.unileon.es\/tULElectura\/?page_id=97"},"modified":"2014-07-21T10:24:10","modified_gmt":"2014-07-21T08:24:10","slug":"lectura-2","status":"publish","type":"page","link":"https:\/\/bibliotecas.unileon.es\/tULEctura\/pagina-ejemplo\/curso-2013-2014\/lectura-2\/","title":{"rendered":"Lectura 2: Verano"},"content":{"rendered":"<p><span style=\"line-height: 1.714285714; font-size: 1rem;\"><a href=\"http:\/\/catoute.unileon.es\/record=b1769184\" target=\"_blank\"><strong>Verano<\/strong><\/a>, de <\/span><a style=\"line-height: 1.714285714; font-size: 1rem;\" href=\"http:\/\/es.wikipedia.org\/wiki\/J._M._Coetzee\" target=\"_blank\">John Maxwell Coetzee<\/a><\/p>\n<p style=\"text-align: justify;\">Tercera y \u00faltima parte de las memorias noveladas de J.M.Coetzee (que se completa con\u00a0<i>Infancia<\/i>\u00a0y\u00a0<i>Juventud)<\/i>.<\/p>\n<p style=\"text-align: justify;\"><a href=\"http:\/\/bibliotecas.unileon.es\/tULEctura\/files\/2013\/10\/verano-coetzee-e1382975047886.jpg\"><img loading=\"lazy\" decoding=\"async\" class=\"alignright size-medium wp-image-234\" src=\"http:\/\/bibliotecas.unileon.es\/tULEctura\/files\/2013\/10\/verano-coetzee-174x300.jpg\" alt=\"verano coetzee\" width=\"174\" height=\"300\" \/><\/a><\/p>\n<p style=\"text-align: justify;\"><span style=\"text-decoration: underline;\">Calendario<\/span><\/p>\n<ul>\n<li>12 de Diciembre de 2013: Coloquio participativo de gu\u00eda a la lectura.<\/li>\n<li><a href=\"http:\/\/bibliotecas.unileon.es\/tULEctura\/2014\/01\/23\/verano2\/\" target=\"_blank\">23 de Enero de 2014: Coloquio participativo de los socios.<\/a><\/li>\n<\/ul>\n<p><span style=\"text-decoration: underline;\">Lugar \u00a0y horario<\/span><\/p>\n<p style=\"text-align: justify;\">Los encuentros de esta \u00a0lectura tendr\u00e1n lugar en la sala de conferencias de la Biblioteca General San Isidoro a las \u00a019:00 horas.\u00a0<strong>Se ruega puntualidad<\/strong>.<\/p>\n<p style=\"text-align: justify;\"><span style=\"text-decoration: underline;\">Sinopsis<\/span><\/p>\n<p style=\"text-align: justify;\">Un joven bi\u00f3grafo ingl\u00e9s est\u00e1 trabajando en un libro sobre el escritor, John Coetzee. Planea centrarse en los a\u00f1os de su ida que van de 1972 a 1977, en la \u00e9poca en que un Coeztee de treinta a\u00f1os comparte una casita arruinada en las afueras de Ciudad del Cabo con su padre viudo. Seg\u00fan el bi\u00f3grafo, es el periodo en el que Coetzee comenzaba a consolidarse como escritor. Sin conocerlo personalmente, se embarca en una serie de entrevistas con personas que fueron importantes en su vida: una mujer casada con quien tiene una aventura; Margot, su prima favorita; una bailarina brasile\u00f1a, madre de una de sus alumnas de ingl\u00e9s; antiguos amigos y colegas. De sus testimonios emerge el retrato de un joven Coetzee algo torpe, rodeado de libros y con poca facilidad para abrirse a los dem\u00e1s. Dentro de su propia familia es considerado un extra\u00f1o, alguien que intent\u00f3 huir de la tribu pero que ahora ha vuelto escarmentado. Su insistencia en desempe\u00f1ar trabajos manuales (m\u00e1s propios de los negros), su barba y pelo largos y los rumores que dicen que escribe poes\u00eda no suscitan m\u00e1s que sospechas en la Sud\u00e1frica de la \u00e9poca. Conmovedor y a veces divertido, <em>Summertime<\/em> nos muestra a un gran escritor en ciernes.<\/p>\n<p style=\"text-align: justify;\"><strong><a style=\"line-height: 1.714285714; font-size: 1rem;\" href=\"http:\/\/www.bic-media.com\/dmrs\/widget.do?lang=es&amp;layout=singlepage&amp;buyButton=yes&amp;clickTeaser=yes&amp;arrowTeaser=yes&amp;isbn=9788439722397&amp;width=200&amp;height=375&amp;pageHost=www.megustaleer.com&amp;LocalHost=http:&amp;jumpTo=book&amp;configUrl=http:\/\/www.bic-media.com\/dmrs\/widget\/&amp;startingPage=1&amp;searchStr=&amp;matchesStr=&amp;&amp;myAdress=http%3A\/\/www.megustaleer.com\/ficha\/GM22397\/verano&amp;widgetSource=http%3A\/\/www.megustaleer.com\/ficha\/GM22397\/verano\" target=\"_blank\">Puedes empezar a leer<\/a><\/strong><\/p>\n<p style=\"text-align: justify;\"><span style=\"text-decoration: underline;\">El autor<\/span><\/p>\n<p style=\"text-align: justify;\">J. M. Coetzee naci\u00f3 en 1940 en Ciudad del Cabo y se cri\u00f3 en Sud\u00e1frica y Estados Unidos. Es profesor de literatura en la Universidad de Ciudad del Cabo, traductor, ling\u00fcista, cr\u00edtico literario y, sin duda, uno de los escritores m\u00e1s importantes que ha dado Sud\u00e1frica en los \u00faltimos tiempos, y de los m\u00e1s galardonados. Premio Nobel de Literatura en 2003, en 1974 public\u00f3 su primera novela,\u00a0<i>Tierras de poniente<\/i>\u00a0(Literatura Mondadori, 2009). Le siguieron, entre otras,\u00a0<i>En medio de ninguna parte\u00a0<\/i>(2003), con la que gan\u00f3 el CNA, el primer premio literario de las letras sudafricanas;\u00a0<i>Esperando a los b\u00e1rbaros<\/i>\u00a0(2003), tambi\u00e9n premiada con el CNA;\u00a0<i>Vida y \u00e9poca de Michael K.<\/i>\u00a0(2006), que le report\u00f3 su primer Booker y el Prix \u00c9tranger Femina;\u00a0<i>Desgracia<\/i>\u00a0(2000), que le vali\u00f3 un segundo Booker, el premio m\u00e1s prestigioso de la literatura en lengua inglesa, y las memorias noveladas\u00a0<i>Infancia\u00a0<\/i>(2001),\u00a0<i>Juventud\u00a0<\/i>(2002) y\u00a0<i>Verano<\/i>\u00a0(2010), reunidas en un solo volumen en\u00a0<i>Escenas de una vida de provincias<\/i>\u00a0(2013). Asimismo, le han sido concedidos el premio Jerusalem y el Irish Times International Fiction. En Espa\u00f1a ha sido galardonado con los premios Llibreter 2003 y Reino de Redonda, creado por el escritor Javier Mar\u00edas.\u00a0<i>La\u00a0<\/i><i>infancia<\/i><i>\u00a0de\u00a0<\/i><i>Jes\u00fas<\/i>\u00a0es su nueva novela.<\/p>\n","protected":false},"excerpt":{"rendered":"<p>Verano, de John Maxwell Coetzee Tercera y \u00faltima parte de las memorias noveladas de J.M.Coetzee (que se completa con\u00a0Infancia\u00a0y\u00a0Juventud). Calendario 12 de Diciembre de 2013: Coloquio participativo de gu\u00eda a la lectura. 23 de Enero de 2014: Coloquio participativo de los socios. Lugar \u00a0y horario Los encuentros de esta \u00a0lectura tendr\u00e1n lugar en la sala [&hellip;]<\/p>\n","protected":false},"author":73,"featured_media":0,"parent":2423,"menu_order":2,"comment_status":"open","ping_status":"open","template":"","meta":{"_bbp_topic_count":0,"_bbp_reply_count":0,"_bbp_total_topic_count":0,"_bbp_total_reply_count":0,"_bbp_voice_count":0,"_bbp_anonymous_reply_count":0,"_bbp_topic_count_hidden":0,"_bbp_reply_count_hidden":0,"_bbp_forum_subforum_count":0,"_monsterinsights_skip_tracking":false,"_monsterinsights_sitenote_active":false,"_monsterinsights_sitenote_note":"","_monsterinsights_sitenote_category":0,"footnotes":""},"class_list":["post-97","page","type-page","status-publish","hentry"],"yoast_head":"<!-- This site is optimized with the Yoast SEO plugin v25.8 - https:\/\/yoast.com\/wordpress\/plugins\/seo\/ -->\n<title>Lectura 2: Verano - tULEctura<\/title>\n<meta name=\"robots\" content=\"index, follow, max-snippet:-1, max-image-preview:large, max-video-preview:-1\" \/>\n<link rel=\"canonical\" href=\"https:\/\/bibliotecas.unileon.es\/tULEctura\/pagina-ejemplo\/curso-2013-2014\/lectura-2\/\" \/>\n<meta property=\"og:locale\" content=\"es_ES\" \/>\n<meta property=\"og:type\" content=\"article\" \/>\n<meta property=\"og:title\" content=\"Lectura 2: Verano - tULEctura\" \/>\n<meta property=\"og:description\" content=\"Verano, de John Maxwell Coetzee Tercera y \u00faltima parte de las memorias noveladas de J.M.Coetzee (que se completa con\u00a0Infancia\u00a0y\u00a0Juventud). Calendario 12 de Diciembre de 2013: Coloquio participativo de gu\u00eda a la lectura. 23 de Enero de 2014: Coloquio participativo de los socios. Lugar \u00a0y horario Los encuentros de esta \u00a0lectura tendr\u00e1n lugar en la sala [&hellip;]\" \/>\n<meta property=\"og:url\" content=\"https:\/\/bibliotecas.unileon.es\/tULEctura\/pagina-ejemplo\/curso-2013-2014\/lectura-2\/\" \/>\n<meta property=\"og:site_name\" content=\"tULEctura\" \/>\n<meta property=\"article:publisher\" content=\"https:\/\/www.facebook.com\/tulectura.unileon\/\" \/>\n<meta property=\"article:modified_time\" content=\"2014-07-21T08:24:10+00:00\" \/>\n<meta property=\"og:image\" content=\"https:\/\/bibliotecas.unileon.es\/tULEctura\/files\/2013\/10\/verano-coetzee-e1382975047886.jpg\" \/>\n\t<meta property=\"og:image:width\" content=\"300\" \/>\n\t<meta property=\"og:image:height\" content=\"516\" \/>\n\t<meta property=\"og:image:type\" content=\"image\/jpeg\" \/>\n<meta name=\"twitter:card\" content=\"summary_large_image\" \/>\n<meta name=\"twitter:site\" content=\"@tULEctura_ULE\" \/>\n<meta name=\"twitter:label1\" content=\"Tiempo de lectura\" \/>\n\t<meta name=\"twitter:data1\" content=\"3 minutos\" \/>\n<script type=\"application\/ld+json\" class=\"yoast-schema-graph\">{\"@context\":\"https:\/\/schema.org\",\"@graph\":[{\"@type\":\"WebPage\",\"@id\":\"https:\/\/bibliotecas.unileon.es\/tULEctura\/pagina-ejemplo\/curso-2013-2014\/lectura-2\/\",\"url\":\"https:\/\/bibliotecas.unileon.es\/tULEctura\/pagina-ejemplo\/curso-2013-2014\/lectura-2\/\",\"name\":\"Lectura 2: Verano - tULEctura\",\"isPartOf\":{\"@id\":\"https:\/\/bibliotecas.unileon.es\/tULEctura\/#website\"},\"primaryImageOfPage\":{\"@id\":\"https:\/\/bibliotecas.unileon.es\/tULEctura\/pagina-ejemplo\/curso-2013-2014\/lectura-2\/#primaryimage\"},\"image\":{\"@id\":\"https:\/\/bibliotecas.unileon.es\/tULEctura\/pagina-ejemplo\/curso-2013-2014\/lectura-2\/#primaryimage\"},\"thumbnailUrl\":\"http:\/\/bibliotecas.unileon.es\/tULEctura\/files\/2013\/10\/verano-coetzee-174x300.jpg\",\"datePublished\":\"2013-10-13T19:51:20+00:00\",\"dateModified\":\"2014-07-21T08:24:10+00:00\",\"breadcrumb\":{\"@id\":\"https:\/\/bibliotecas.unileon.es\/tULEctura\/pagina-ejemplo\/curso-2013-2014\/lectura-2\/#breadcrumb\"},\"inLanguage\":\"es\",\"potentialAction\":[{\"@type\":\"ReadAction\",\"target\":[\"https:\/\/bibliotecas.unileon.es\/tULEctura\/pagina-ejemplo\/curso-2013-2014\/lectura-2\/\"]}]},{\"@type\":\"ImageObject\",\"inLanguage\":\"es\",\"@id\":\"https:\/\/bibliotecas.unileon.es\/tULEctura\/pagina-ejemplo\/curso-2013-2014\/lectura-2\/#primaryimage\",\"url\":\"https:\/\/bibliotecas.unileon.es\/tULEctura\/files\/2013\/10\/verano-coetzee-e1382975047886.jpg\",\"contentUrl\":\"https:\/\/bibliotecas.unileon.es\/tULEctura\/files\/2013\/10\/verano-coetzee-e1382975047886.jpg\",\"width\":300,\"height\":516},{\"@type\":\"BreadcrumbList\",\"@id\":\"https:\/\/bibliotecas.unileon.es\/tULEctura\/pagina-ejemplo\/curso-2013-2014\/lectura-2\/#breadcrumb\",\"itemListElement\":[{\"@type\":\"ListItem\",\"position\":1,\"name\":\"Home\",\"item\":\"https:\/\/bibliotecas.unileon.es\/tULEctura\/\"},{\"@type\":\"ListItem\",\"position\":2,\"name\":\"Club de Lectura\",\"item\":\"https:\/\/bibliotecas.unileon.es\/tULEctura\/pagina-ejemplo\/\"},{\"@type\":\"ListItem\",\"position\":3,\"name\":\"Curso 2013-2014\",\"item\":\"https:\/\/bibliotecas.unileon.es\/tULEctura\/pagina-ejemplo\/curso-2013-2014\/\"},{\"@type\":\"ListItem\",\"position\":4,\"name\":\"Lectura 2: Verano\"}]},{\"@type\":\"WebSite\",\"@id\":\"https:\/\/bibliotecas.unileon.es\/tULEctura\/#website\",\"url\":\"https:\/\/bibliotecas.unileon.es\/tULEctura\/\",\"name\":\"tULEctura\",\"description\":\"Espacio de la Universidad de Le\u00f3n dedicado a la lectura\",\"publisher\":{\"@id\":\"https:\/\/bibliotecas.unileon.es\/tULEctura\/#organization\"},\"potentialAction\":[{\"@type\":\"SearchAction\",\"target\":{\"@type\":\"EntryPoint\",\"urlTemplate\":\"https:\/\/bibliotecas.unileon.es\/tULEctura\/?s={search_term_string}\"},\"query-input\":{\"@type\":\"PropertyValueSpecification\",\"valueRequired\":true,\"valueName\":\"search_term_string\"}}],\"inLanguage\":\"es\"},{\"@type\":\"Organization\",\"@id\":\"https:\/\/bibliotecas.unileon.es\/tULEctura\/#organization\",\"name\":\"Universidad de Le\u00f3n\",\"url\":\"https:\/\/bibliotecas.unileon.es\/tULEctura\/\",\"logo\":{\"@type\":\"ImageObject\",\"inLanguage\":\"es\",\"@id\":\"https:\/\/bibliotecas.unileon.es\/tULEctura\/#\/schema\/logo\/image\/\",\"url\":\"https:\/\/bibliotecas.unileon.es\/tULEctura\/files\/2018\/08\/TULECTURA_LOGO1.png\",\"contentUrl\":\"https:\/\/bibliotecas.unileon.es\/tULEctura\/files\/2018\/08\/TULECTURA_LOGO1.png\",\"width\":\"960\",\"height\":\"258\",\"caption\":\"Universidad de Le\u00f3n\"},\"image\":{\"@id\":\"https:\/\/bibliotecas.unileon.es\/tULEctura\/#\/schema\/logo\/image\/\"},\"sameAs\":[\"https:\/\/www.facebook.com\/tulectura.unileon\/\",\"https:\/\/x.com\/tULEctura_ULE\",\"https:\/\/www.instagram.com\/tulectura.unileon\/\",\"https:\/\/www.pinterest.es\/tulectura\/\",\"https:\/\/www.youtube.com\/channel\/UCoWaDD39lVlAQcOchwlTPVw\"]}]}<\/script>\n<!-- \/ Yoast SEO plugin. -->","yoast_head_json":{"title":"Lectura 2: Verano - tULEctura","robots":{"index":"index","follow":"follow","max-snippet":"max-snippet:-1","max-image-preview":"max-image-preview:large","max-video-preview":"max-video-preview:-1"},"canonical":"https:\/\/bibliotecas.unileon.es\/tULEctura\/pagina-ejemplo\/curso-2013-2014\/lectura-2\/","og_locale":"es_ES","og_type":"article","og_title":"Lectura 2: Verano - tULEctura","og_description":"Verano, de John Maxwell Coetzee Tercera y \u00faltima parte de las memorias noveladas de J.M.Coetzee (que se completa con\u00a0Infancia\u00a0y\u00a0Juventud). Calendario 12 de Diciembre de 2013: Coloquio participativo de gu\u00eda a la lectura. 23 de Enero de 2014: Coloquio participativo de los socios. Lugar \u00a0y horario Los encuentros de esta \u00a0lectura tendr\u00e1n lugar en la sala [&hellip;]","og_url":"https:\/\/bibliotecas.unileon.es\/tULEctura\/pagina-ejemplo\/curso-2013-2014\/lectura-2\/","og_site_name":"tULEctura","article_publisher":"https:\/\/www.facebook.com\/tulectura.unileon\/","article_modified_time":"2014-07-21T08:24:10+00:00","og_image":[{"width":300,"height":516,"url":"https:\/\/bibliotecas.unileon.es\/tULEctura\/files\/2013\/10\/verano-coetzee-e1382975047886.jpg","type":"image\/jpeg"}],"twitter_card":"summary_large_image","twitter_site":"@tULEctura_ULE","twitter_misc":{"Tiempo de lectura":"3 minutos"},"schema":{"@context":"https:\/\/schema.org","@graph":[{"@type":"WebPage","@id":"https:\/\/bibliotecas.unileon.es\/tULEctura\/pagina-ejemplo\/curso-2013-2014\/lectura-2\/","url":"https:\/\/bibliotecas.unileon.es\/tULEctura\/pagina-ejemplo\/curso-2013-2014\/lectura-2\/","name":"Lectura 2: Verano - tULEctura","isPartOf":{"@id":"https:\/\/bibliotecas.unileon.es\/tULEctura\/#website"},"primaryImageOfPage":{"@id":"https:\/\/bibliotecas.unileon.es\/tULEctura\/pagina-ejemplo\/curso-2013-2014\/lectura-2\/#primaryimage"},"image":{"@id":"https:\/\/bibliotecas.unileon.es\/tULEctura\/pagina-ejemplo\/curso-2013-2014\/lectura-2\/#primaryimage"},"thumbnailUrl":"http:\/\/bibliotecas.unileon.es\/tULEctura\/files\/2013\/10\/verano-coetzee-174x300.jpg","datePublished":"2013-10-13T19:51:20+00:00","dateModified":"2014-07-21T08:24:10+00:00","breadcrumb":{"@id":"https:\/\/bibliotecas.unileon.es\/tULEctura\/pagina-ejemplo\/curso-2013-2014\/lectura-2\/#breadcrumb"},"inLanguage":"es","potentialAction":[{"@type":"ReadAction","target":["https:\/\/bibliotecas.unileon.es\/tULEctura\/pagina-ejemplo\/curso-2013-2014\/lectura-2\/"]}]},{"@type":"ImageObject","inLanguage":"es","@id":"https:\/\/bibliotecas.unileon.es\/tULEctura\/pagina-ejemplo\/curso-2013-2014\/lectura-2\/#primaryimage","url":"https:\/\/bibliotecas.unileon.es\/tULEctura\/files\/2013\/10\/verano-coetzee-e1382975047886.jpg","contentUrl":"https:\/\/bibliotecas.unileon.es\/tULEctura\/files\/2013\/10\/verano-coetzee-e1382975047886.jpg","width":300,"height":516},{"@type":"BreadcrumbList","@id":"https:\/\/bibliotecas.unileon.es\/tULEctura\/pagina-ejemplo\/curso-2013-2014\/lectura-2\/#breadcrumb","itemListElement":[{"@type":"ListItem","position":1,"name":"Home","item":"https:\/\/bibliotecas.unileon.es\/tULEctura\/"},{"@type":"ListItem","position":2,"name":"Club de Lectura","item":"https:\/\/bibliotecas.unileon.es\/tULEctura\/pagina-ejemplo\/"},{"@type":"ListItem","position":3,"name":"Curso 2013-2014","item":"https:\/\/bibliotecas.unileon.es\/tULEctura\/pagina-ejemplo\/curso-2013-2014\/"},{"@type":"ListItem","position":4,"name":"Lectura 2: Verano"}]},{"@type":"WebSite","@id":"https:\/\/bibliotecas.unileon.es\/tULEctura\/#website","url":"https:\/\/bibliotecas.unileon.es\/tULEctura\/","name":"tULEctura","description":"Espacio de la Universidad de Le\u00f3n dedicado a la lectura","publisher":{"@id":"https:\/\/bibliotecas.unileon.es\/tULEctura\/#organization"},"potentialAction":[{"@type":"SearchAction","target":{"@type":"EntryPoint","urlTemplate":"https:\/\/bibliotecas.unileon.es\/tULEctura\/?s={search_term_string}"},"query-input":{"@type":"PropertyValueSpecification","valueRequired":true,"valueName":"search_term_string"}}],"inLanguage":"es"},{"@type":"Organization","@id":"https:\/\/bibliotecas.unileon.es\/tULEctura\/#organization","name":"Universidad de Le\u00f3n","url":"https:\/\/bibliotecas.unileon.es\/tULEctura\/","logo":{"@type":"ImageObject","inLanguage":"es","@id":"https:\/\/bibliotecas.unileon.es\/tULEctura\/#\/schema\/logo\/image\/","url":"https:\/\/bibliotecas.unileon.es\/tULEctura\/files\/2018\/08\/TULECTURA_LOGO1.png","contentUrl":"https:\/\/bibliotecas.unileon.es\/tULEctura\/files\/2018\/08\/TULECTURA_LOGO1.png","width":"960","height":"258","caption":"Universidad de Le\u00f3n"},"image":{"@id":"https:\/\/bibliotecas.unileon.es\/tULEctura\/#\/schema\/logo\/image\/"},"sameAs":["https:\/\/www.facebook.com\/tulectura.unileon\/","https:\/\/x.com\/tULEctura_ULE","https:\/\/www.instagram.com\/tulectura.unileon\/","https:\/\/www.pinterest.es\/tulectura\/","https:\/\/www.youtube.com\/channel\/UCoWaDD39lVlAQcOchwlTPVw"]}]}},"_links":{"self":[{"href":"https:\/\/bibliotecas.unileon.es\/tULEctura\/wp-json\/wp\/v2\/pages\/97","targetHints":{"allow":["GET"]}}],"collection":[{"href":"https:\/\/bibliotecas.unileon.es\/tULEctura\/wp-json\/wp\/v2\/pages"}],"about":[{"href":"https:\/\/bibliotecas.unileon.es\/tULEctura\/wp-json\/wp\/v2\/types\/page"}],"author":[{"embeddable":true,"href":"https:\/\/bibliotecas.unileon.es\/tULEctura\/wp-json\/wp\/v2\/users\/73"}],"replies":[{"embeddable":true,"href":"https:\/\/bibliotecas.unileon.es\/tULEctura\/wp-json\/wp\/v2\/comments?post=97"}],"version-history":[{"count":0,"href":"https:\/\/bibliotecas.unileon.es\/tULEctura\/wp-json\/wp\/v2\/pages\/97\/revisions"}],"up":[{"embeddable":true,"href":"https:\/\/bibliotecas.unileon.es\/tULEctura\/wp-json\/wp\/v2\/pages\/2423"}],"wp:attachment":[{"href":"https:\/\/bibliotecas.unileon.es\/tULEctura\/wp-json\/wp\/v2\/media?parent=97"}],"curies":[{"name":"wp","href":"https:\/\/api.w.org\/{rel}","templated":true}]}}