{"id":10,"date":"2012-10-25T09:03:59","date_gmt":"2012-10-25T07:03:59","guid":{"rendered":"http:\/\/bibliotecas.unileon.es\/veterinaria\/?page_id=10"},"modified":"2019-03-26T15:18:54","modified_gmt":"2019-03-26T13:18:54","slug":"la-biblioteca-en-cifras","status":"publish","type":"page","link":"https:\/\/bibliotecas.unileon.es\/veterinaria\/la-biblioteca-en-cifras\/","title":{"rendered":"La Biblioteca en cifras"},"content":{"rendered":"<p>La Biblioteca de Veterinaria est\u00e1 en la planta de acceso de la Facultad (Puerta n\u00ba 52)<\/p>\n<p style=\"text-align: center;\">\u00a0Datos correspondientes al a\u00f1o 2018<\/p>\n<table border=\"1\" cellspacing=\"0\" cellpadding=\"0\">\n<tbody>\n<tr>\n<td style=\"width: 288px; border-color: #2b6321; text-align: center; vertical-align: middle;\" valign=\"top\" width=\"288\">SUPERFICIE<\/td>\n<td style=\"width: 288px; border-color: #2b6321; vertical-align: middle; text-align: left;\" valign=\"top\" width=\"288\">\n<ul>\n<li>728 m2<\/li>\n<\/ul>\n<\/td>\n<\/tr>\n<tr>\n<td style=\"width: 288px; border-color: #2b6321; text-align: center; vertical-align: middle;\" valign=\"top\" width=\"288\">INSTALACIONES<\/td>\n<td style=\"width: 288px; border-color: #2b6321; vertical-align: middle; text-align: left;\" valign=\"top\" width=\"288\">\n<ul>\n<li>Dos salas de lectura<\/li>\n<li>Hemeroteca<\/li>\n<li>Sala de libre acceso<\/li>\n<li>Dep\u00f3sito de revistas<\/li>\n<li>Dep\u00f3sito para fondo antiguo<\/li>\n<li>Despacho<\/li>\n<\/ul>\n<\/td>\n<\/tr>\n<tr>\n<td style=\"width: 288px; border-color: #2b6321; text-align: center; vertical-align: middle;\" valign=\"top\" width=\"288\">ESTANTER\u00cdAS (m. lineales)<\/td>\n<td style=\"width: 288px; border-color: #2b6321; vertical-align: middle; text-align: left;\" valign=\"top\" width=\"288\">\n<ul>\n<li>Libre acceso: 384<\/li>\n<li>Dep\u00f3sito: 1.288<\/li>\n<li>Total: 1.672<\/li>\n<\/ul>\n<\/td>\n<\/tr>\n<tr>\n<td style=\"width: 288px; border-color: #2b6321; text-align: center; vertical-align: middle;\" valign=\"top\" width=\"288\">PUESTOS DE LECTURA<\/td>\n<td style=\"width: 288px; border-color: #2b6321; vertical-align: middle; text-align: left;\" valign=\"top\" width=\"288\">\n<ul>\n<li>Planta baja: 108<\/li>\n<li>Planta primera: 96<\/li>\n<li>Total: 204<\/li>\n<\/ul>\n<\/td>\n<\/tr>\n<tr>\n<td style=\"width: 288px; border-color: #2b6321; text-align: center; vertical-align: middle;\" valign=\"top\" width=\"288\">EQUIPAMIENTO INFORM\u00c1TICO<\/td>\n<td style=\"width: 288px; border-color: #2b6321; vertical-align: middle; text-align: left;\" valign=\"top\" width=\"288\">\n<ul>\n<li>4 ordenadores para consulta<\/li>\n<li>10 port\u00e1tiles para pr\u00e9stamo<\/li>\n<li>3 ordenadores para el personal<\/li>\n<\/ul>\n<\/td>\n<\/tr>\n<tr>\n<td style=\"width: 288px; border-color: #2b6321; text-align: center; vertical-align: middle;\" valign=\"top\" width=\"288\">COLECCI\u00d3N DE LA BIBLIOTECA (excluidos los fondos ubicados en Departamentos)<\/td>\n<td style=\"width: 288px; border-color: #2b6321; vertical-align: middle; text-align: left;\" valign=\"top\" width=\"288\">\n<ul>\n<li><span style=\"line-height: 16px;\">5.509 libros en libre acceso<\/span><\/li>\n<li>14.456 libros en dep\u00f3sito<\/li>\n<li>2.456 fondo antiguo<\/li>\n<li>6.448 tesis<\/li>\n<li>2.137 t\u00edtulos de revista<\/li>\n<li>313 AVAFES<\/li>\n<\/ul>\n<\/td>\n<\/tr>\n<\/tbody>\n<\/table>\n","protected":false},"excerpt":{"rendered":"<p>La Biblioteca de Veterinaria est\u00e1 en la planta de acceso de la Facultad (Puerta n\u00ba 52) \u00a0Datos correspondientes al a\u00f1o 2018 SUPERFICIE 728 m2 INSTALACIONES Dos salas de lectura Hemeroteca Sala de libre acceso Dep\u00f3sito de revistas Dep\u00f3sito para fondo &hellip; <a href=\"https:\/\/bibliotecas.unileon.es\/veterinaria\/la-biblioteca-en-cifras\/\">Sigue leyendo <span class=\"meta-nav\">&rarr;<\/span><\/a><\/p>\n","protected":false},"author":3,"featured_media":0,"parent":0,"menu_order":0,"comment_status":"closed","ping_status":"closed","template":"","meta":{"_bbp_topic_count":0,"_bbp_reply_count":0,"_bbp_total_topic_count":0,"_bbp_total_reply_count":0,"_bbp_voice_count":0,"_bbp_anonymous_reply_count":0,"_bbp_topic_count_hidden":0,"_bbp_reply_count_hidden":0,"_bbp_forum_subforum_count":0,"_monsterinsights_skip_tracking":false,"_monsterinsights_sitenote_active":false,"_monsterinsights_sitenote_note":"","_monsterinsights_sitenote_category":0,"footnotes":""},"class_list":["post-10","page","type-page","status-publish","hentry"],"_links":{"self":[{"href":"https:\/\/bibliotecas.unileon.es\/veterinaria\/wp-json\/wp\/v2\/pages\/10","targetHints":{"allow":["GET"]}}],"collection":[{"href":"https:\/\/bibliotecas.unileon.es\/veterinaria\/wp-json\/wp\/v2\/pages"}],"about":[{"href":"https:\/\/bibliotecas.unileon.es\/veterinaria\/wp-json\/wp\/v2\/types\/page"}],"author":[{"embeddable":true,"href":"https:\/\/bibliotecas.unileon.es\/veterinaria\/wp-json\/wp\/v2\/users\/3"}],"replies":[{"embeddable":true,"href":"https:\/\/bibliotecas.unileon.es\/veterinaria\/wp-json\/wp\/v2\/comments?post=10"}],"version-history":[{"count":20,"href":"https:\/\/bibliotecas.unileon.es\/veterinaria\/wp-json\/wp\/v2\/pages\/10\/revisions"}],"predecessor-version":[{"id":1481,"href":"https:\/\/bibliotecas.unileon.es\/veterinaria\/wp-json\/wp\/v2\/pages\/10\/revisions\/1481"}],"wp:attachment":[{"href":"https:\/\/bibliotecas.unileon.es\/veterinaria\/wp-json\/wp\/v2\/media?parent=10"}],"curies":[{"name":"wp","href":"https:\/\/api.w.org\/{rel}","templated":true}]}}