{"id":188,"date":"2013-04-30T12:12:54","date_gmt":"2013-04-30T10:12:54","guid":{"rendered":"http:\/\/bibliotecas.unileon.es\/veterinaria\/?page_id=188"},"modified":"2020-05-12T11:40:22","modified_gmt":"2020-05-12T09:40:22","slug":"otras-instituciones","status":"publish","type":"page","link":"https:\/\/bibliotecas.unileon.es\/veterinaria\/otras-instituciones\/","title":{"rendered":"Webs institucionales"},"content":{"rendered":"<ul>\n<li><span style=\"color: #000080;\"><a style=\"color: #000080;\" title=\"Ministerio de Agricultura\" href=\"https:\/\/www.mapama.gob.es\/es\/\" target=\"_blank\" rel=\"noopener noreferrer\">Ministerio de Agricultura, Pesca y Alimentaci\u00f3n &#8211; Ministerio para la Transici\u00f3n Ecol\u00f3gica<\/a>.<\/span><\/li>\n<li><span style=\"color: #000080;\"><a style=\"color: #000080;\" href=\"https:\/\/estilosdevidasaludable.sanidad.gob.es\/alimentacionSaludable\/home.htm\" target=\"_blank\" rel=\"noopener noreferrer\">Ministerio de Sanidad. Estilos de Vida Saludable.<\/a><\/span><\/li>\n<li><span style=\"color: #000080;\"><a style=\"color: #000080;\" href=\"https:\/\/agriculturaganaderia.jcyl.es\/web\/es\/agricultura-ganaderia.html\" target=\"_blank\" rel=\"noopener noreferrer\">Junta de Castilla y Le\u00f3n. Consejer\u00eda de Agricultura y Ganaderia.<\/a><\/span><\/li>\n<li><span style=\"color: #000080;\"><a style=\"color: #000080;\" href=\"https:\/\/www.saludcastillayleon.es\/es\/seguridadalimentaria\" target=\"_blank\" rel=\"noopener noreferrer\">Junta de Castilla y Le\u00f3n. Seguridad Alimentaria.<\/a><\/span><\/li>\n<\/ul>\n<p><span style=\"color: #000080;\">CIENCIA Y TECNOLOG\u00cdA DE LOS ALIMENTOS<\/span><\/p>\n<ul>\n<li><span style=\"color: #000080;\"><a style=\"color: #000080;\" title=\"AESAN\" href=\"http:\/\/www.aecosan.msssi.gob.es\/AECOSAN\/web\/home\/aecosan_inicio.htm\" target=\"_blank\" rel=\"noopener noreferrer\">Agencia Espa\u00f1ola de Seguridad Alimentaria y Nutrici\u00f3n (AESAN).<\/a><\/span><\/li>\n<li><span style=\"color: #000080;\"><a style=\"color: #000080;\" href=\"https:\/\/www.seen.es\/inicio.aspx#\" target=\"_blank\" rel=\"noopener noreferrer\">Sociedad Espa\u00f1ola de Endocrinolog\u00eda y Nutrici\u00f3n (SEEN).<\/a><\/span><\/li>\n<li><span style=\"color: #000080;\"><a style=\"color: #000080;\" title=\"Biblioteca\" href=\"http:\/\/www.inia.es\/inia\/\" target=\"_blank\" rel=\"noopener noreferrer\">Instituto Nacional de Investigaci\u00f3n y Tecnolog\u00eda Agraria y Alimentaria (INIA).<\/a><\/span><\/li>\n<li><span style=\"color: #000080;\"><a style=\"color: #000080;\" title=\"Biblioteca\" href=\"http:\/\/www.azti.es\/\" target=\"_blank\" rel=\"noopener noreferrer\">Instituto Tecnol\u00f3gico, Pesquero y Alimentario (AZTI)<\/a>.<\/span><\/li>\n<li><span style=\"color: #000080;\"><a style=\"color: #000080;\" title=\"Biblioteca\" href=\"https:\/\/www.iata.csic.es\/es\" target=\"_blank\" rel=\"noopener noreferrer\">Instituto de Agroqu\u00edmica y Tecnolog\u00eda de Alimentos (IATA)<\/a><\/span><\/li>\n<li><span style=\"color: #000080;\"><a style=\"color: #000080;\" href=\"http:\/\/www.cial.uam-csic.es\/\" target=\"_blank\" rel=\"noopener noreferrer\">Instituto de Investigaci\u00f3n en Ciencias de la Alimentaci\u00f3n (CIAL)<\/a><\/span><\/li>\n<li><span style=\"color: #000080;\"><a style=\"color: #000080;\" title=\"Biblioteca\" href=\"http:\/\/www.iim.csic.es\/\" target=\"_blank\" rel=\"noopener noreferrer\">Instituto de Investigaciones Marinas de Vigo.<\/a><\/span><\/li>\n<li><span style=\"color: #000080;\"><a style=\"color: #000080;\" title=\"Biblioteca\" href=\"http:\/\/www.ig.csic.es\/\" target=\"_blank\" rel=\"noopener noreferrer\">Instituto de la Grasa (IG)<\/a><\/span><\/li>\n<li><span style=\"color: #000080;\"><a style=\"color: #000080;\" title=\"Biblioteca\" href=\"https:\/\/www.ictan.csic.es\/ictan\/\" target=\"_blank\" rel=\"noopener noreferrer\">Instituto de Ciencia y Tecnolog\u00eda de Alimentos y Nutrici\u00f3n (ICTAN)<\/a><\/span><\/li>\n<li><span style=\"color: #000080;\"><a style=\"color: #000080;\" title=\"Biblioteca\" href=\"https:\/\/www.anice.es\/industrias\" target=\"_blank\" rel=\"noopener noreferrer\">Asociaci\u00f3n Nacional de Industrias de la Carne de Espa\u00f1a (ANICE)<\/a><\/span><\/li>\n<li><span style=\"color: #000080;\"><a style=\"color: #000080;\" title=\"Biblioteca\" href=\"http:\/\/www.fiab.es\/\" target=\"_blank\" rel=\"noopener noreferrer\">Federaci\u00f3n Espa\u00f1ola de Industrias de Alimentos y Bebidas (FIAB)<\/a><\/span><\/li>\n<li><span style=\"color: #000080;\"><a style=\"color: #000080;\" href=\"http:\/\/www.efsa.europa.eu\/\" target=\"_blank\" rel=\"noopener noreferrer\">European Food Safety Authority (EFSA)<\/a><\/span><\/li>\n<li><span style=\"color: #000080;\"><a style=\"color: #000080;\" title=\"Biblioteca\" href=\"http:\/\/www.nutrition.org\/\" target=\"_blank\" rel=\"noopener noreferrer\">American Society for Nutrition(ASN)<\/a><\/span><\/li>\n<li><span style=\"color: #000080;\"><a style=\"color: #000080;\" href=\"https:\/\/www.usa.gov\/federal-agencies\/center-for-food-safety-and-applied-nutrition\" target=\"_blank\" rel=\"noopener noreferrer\">Center for Food Safety and Applied Nutrition.<\/a><\/span><\/li>\n<li><span style=\"color: #000080;\"><a style=\"color: #000080;\" title=\"Biblioteca\" href=\"http:\/\/www.effost.org\/\" target=\"_blank\" rel=\"noopener noreferrer\">European Federation of Food Science and Technology (EFFOST).<\/a><\/span><\/li>\n<li><span style=\"color: #000080;\"><a style=\"color: #000080;\" title=\"Biblioteca\" href=\"http:\/\/www.iuns.org\/\" target=\"_blank\" rel=\"noopener noreferrer\">Internacional Union of Nutritional Sciences (IUNS).<\/a><\/span><\/li>\n<li><span style=\"color: #000080;\"><a style=\"color: #000080;\" title=\"Biblioteca\" href=\"http:\/\/www.ifst.org\/\" target=\"_blank\" rel=\"noopener noreferrer\">Institute of Food Science and Technology (IFST).<\/a><\/span><\/li>\n<li><span style=\"color: #000080;\"><a style=\"color: #000080;\" title=\"Bibloteca\" href=\"https:\/\/www.nal.usda.gov\/fnic\" target=\"_blank\" rel=\"noopener noreferrer\">Food and Nutrition Information Center (FNIC)<\/a><\/span><\/li>\n<li><span style=\"color: #000080;\"><a style=\"color: #000080;\" href=\"https:\/\/spanish.foodinsight.org\/\" target=\"_blank\" rel=\"noopener noreferrer\">International Food Information Council Foundation (IFIC Foundation).<\/a><\/span><\/li>\n<li><span style=\"color: #000080;\"><a style=\"color: #000080;\" title=\"FAO\" href=\"http:\/\/www.fao.org\/home\/es\/\" target=\"_blank\" rel=\"noopener noreferrer\">Organizaci\u00f3n de las Naciones Unidos para la Alimentaci\u00f3n y la Agricultura (FAO).<\/a><\/span><\/li>\n<li><span style=\"color: #000080;\"><a style=\"color: #000080;\" title=\"Agricultural and Rural Development\" href=\"https:\/\/ec.europa.eu\/info\/food-farming-fisheries_es\" target=\"_blank\" rel=\"noopener noreferrer\">Comisi\u00f3n Europea. Alimentos, Agricultura, Pesca.<\/a><\/span><\/li>\n<\/ul>\n<p><span style=\"color: #000080;\">VETERINARIA<\/span><\/p>\n<ul>\n<li><span style=\"color: #000080;\"><a style=\"color: #000080;\" href=\"http:\/\/www.aemps.gob.es\/\" target=\"_blank\" rel=\"noopener noreferrer\">Agencia Espa\u00f1ola de Medicamentos y Productos sanitarios<\/a><\/span><\/li>\n<li><span style=\"color: #000080;\"><a style=\"color: #000080;\" href=\"https:\/\/www.avepa.org\/\" target=\"_blank\" rel=\"noopener noreferrer\">AVEPA<\/a>: Asociaci\u00f3n de Veterinarios Espa\u00f1oles Especialistas en Peque\u00f1os animales.<\/span><\/li>\n<li><span style=\"color: #000080;\"><a style=\"color: #000080;\" href=\"http:\/\/www.anembe.com\/\" target=\"_blank\" rel=\"noopener noreferrer\">ANEMBE<\/a>: Asociaci\u00f3n Nacional de Especialistas en Medicina Bovina de Espa\u00f1a.<\/span><\/li>\n<li><span style=\"color: #000080;\"><a style=\"color: #000080;\" title=\"Biblioteca\" href=\"http:\/\/www.amvac.es\/\" target=\"_blank\" rel=\"noopener noreferrer\">Asociaci\u00f3n Madrile\u00f1a de Veterinarios de Animales de Compa\u00f1\u00eda<\/a><\/span><\/li>\n<li><span style=\"color: #000080;\"><a style=\"color: #000080;\" title=\"Biblioteca\" href=\"https:\/\/avafesleon.wordpress.com\/\" target=\"_blank\" rel=\"noopener noreferrer\">AVAFES<\/a>: Asociaci\u00f3n Veterinaria para la Atenci\u00f3n de la Fauna Ex\u00f3tica y Salvaje.<\/span><\/li>\n<li><span style=\"color: #000080;\"><a style=\"color: #000080;\" title=\"Biblioteca\" href=\"http:\/\/www.bsava.com\/\" target=\"_blank\" rel=\"noopener noreferrer\">BSAVA<\/a>: British Small Animals Veterinary Association<\/span><\/li>\n<li><span style=\"color: #000080;\"><a style=\"color: #000080;\" title=\"Biblioteca\" href=\"https:\/\/www.fda.gov\/AboutFDA\/CentersOffices\/OfficeofFoods\/CVM\/default.htm\" target=\"_blank\" rel=\"noopener noreferrer\">Center for Veterinary Medicine<\/a>: U.S. Food and Drug Administration.<\/span><\/li>\n<li><span style=\"color: #000080;\"><a style=\"color: #000080;\" title=\"Biblioteca\" href=\"http:\/\/wwwsp.inia.es\/Investigacion\/centros\/cisa\/Paginas\/Cisa.aspx\" target=\"_blank\" rel=\"noopener noreferrer\">CISA<\/a>: Centro de Investigaci\u00f3n en Sanidad Animal.<\/span><\/li>\n<li><span style=\"color: #000080;\"><a style=\"color: #000080;\" href=\"http:\/\/www.colvet.es\/\" target=\"_blank\" rel=\"noopener noreferrer\">ORGANIZACI\u00d3N COLEGIAL VETERINARIA ESPA\u00d1OLA<\/a><\/span><\/li>\n<li><span style=\"color: #000080;\"><a style=\"color: #000080;\" title=\"Colegio Oficial de Veterinarios de Le\u00f3n\" href=\"http:\/\/www.colvetleon.es\/\" target=\"_blank\" rel=\"noopener noreferrer\">COLVETLeon.es<\/a>: Colegio Oficial de Veterinarios de Le\u00f3n<\/span><\/li>\n<li><span style=\"color: #000080;\"><a style=\"color: #000080;\" title=\"Biblioteca\" href=\"http:\/\/www.cresa.es\/cresa3\/default.asp\" target=\"_blank\" rel=\"noopener noreferrer\">CRESA<\/a>: Centre de Recerca en Sanitat Animal.<\/span><\/li>\n<li><span style=\"color: #000080;\"><a style=\"color: #000080;\" title=\"Biblioteca\" href=\"http:\/\/www.fao.org\/ag\/againfo\/home\/es\/home.html\" target=\"_blank\" rel=\"noopener noreferrer\">FAO. Direcci\u00f3n de Producci\u00f3n y Sanidad Animal<\/a><\/span><\/li>\n<li><span style=\"color: #000080;\"><a style=\"color: #000080;\" href=\"http:\/\/www.fecava.org\/\" target=\"_blank\" rel=\"noopener noreferrer\">FECAVA<\/a>: Federation of European Companion Animal Veterinary Associations<\/span><\/li>\n<li><span style=\"color: #000080;\"><a style=\"color: #000080;\" title=\"Biblioteca\" href=\"http:\/\/www.fve.org\/\" target=\"_blank\" rel=\"noopener noreferrer\">Federation of Veterinarians of Europe.<\/a><\/span><\/li>\n<li><span style=\"color: #000080;\"><a style=\"color: #000080;\" href=\"http:\/\/www.fundacionfedna.org\/\" target=\"_blank\" rel=\"noopener noreferrer\">FEDNA<\/a>: Fundaci\u00f3n Espa\u00f1ola para el Desarrollo de la Nutrici\u00f3n Animal.<\/span><\/li>\n<li><a href=\"https:\/\/www.who.int\/es\/\" target=\"_blank\" rel=\"noopener noreferrer\">Organizaci\u00f3n Mundial de la Salud.<\/a><\/li>\n<li><span style=\"color: #000080;\"><a style=\"color: #000080;\" title=\"Biblioteca\" href=\"http:\/\/www.oie.int\/esp\/es_index.htm\" target=\"_blank\" rel=\"noopener noreferrer\">Organizaci\u00f3n Mundial de Sanidad Animal.<\/a><\/span><\/li>\n<li><span style=\"color: #000080;\"><a style=\"color: #000080;\" title=\"Biblioteca\" href=\"http:\/\/www.racve.es\/\" target=\"_blank\" rel=\"noopener noreferrer\">Real Academia de Ciencias Veterinarias<\/a><\/span><\/li>\n<li><span style=\"color: #000080;\"><a style=\"color: #000080;\" href=\"https:\/\/secal.es\/\" target=\"_blank\" rel=\"noopener noreferrer\">SECAL. Sociedad Espa\u00f1ola para las Ciencias del Animal de Laboratorio.<\/a><\/span><\/li>\n<li><span style=\"color: #000080;\"><a style=\"color: #000080;\" title=\"Biblioteca\" href=\"http:\/\/seoc.eu\/es\/\" target=\"_blank\" rel=\"noopener noreferrer\">SEOC<\/a>: Sociedad Espa\u00f1ola de Ovinotecnia y Caprinotecnia.<\/span><\/li>\n<li><span style=\"color: #000080;\"><a style=\"color: #000080;\" href=\"https:\/\/sites.google.com\/site\/siveleon\/\" target=\"_blank\" rel=\"noopener noreferrer\">SIVELE<\/a>: Sindicato de Veterinarios de Le\u00f3n.<\/span><\/li>\n<li><span style=\"color: #000080;\"><a style=\"color: #000080;\" title=\"Biblioteca\" href=\"http:\/\/www.aphis.usda.gov\/\" target=\"_blank\" rel=\"noopener noreferrer\">USDA-APHIS<\/a>. Animal and Plant Health Inspection Service (EEUU)<\/span><\/li>\n<li><span style=\"color: #000080;\"><a style=\"color: #000080;\" title=\"Biblioteca\" href=\"http:\/\/www.worldvet.org\/\" target=\"_blank\" rel=\"noopener noreferrer\">World Veterinary Association<\/a><\/span><\/li>\n<\/ul>\n","protected":false},"excerpt":{"rendered":"<p>Ministerio de Agricultura, Pesca y Alimentaci\u00f3n &#8211; Ministerio para la Transici\u00f3n Ecol\u00f3gica. Ministerio de Sanidad. Estilos de Vida Saludable. Junta de Castilla y Le\u00f3n. Consejer\u00eda de Agricultura y Ganaderia. Junta de Castilla y Le\u00f3n. Seguridad Alimentaria. CIENCIA Y TECNOLOG\u00cdA DE &hellip; <a href=\"https:\/\/bibliotecas.unileon.es\/veterinaria\/otras-instituciones\/\">Sigue leyendo <span class=\"meta-nav\">&rarr;<\/span><\/a><\/p>\n","protected":false},"author":66,"featured_media":0,"parent":0,"menu_order":0,"comment_status":"open","ping_status":"open","template":"","meta":{"_bbp_topic_count":0,"_bbp_reply_count":0,"_bbp_total_topic_count":0,"_bbp_total_reply_count":0,"_bbp_voice_count":0,"_bbp_anonymous_reply_count":0,"_bbp_topic_count_hidden":0,"_bbp_reply_count_hidden":0,"_bbp_forum_subforum_count":0,"_monsterinsights_skip_tracking":false,"_monsterinsights_sitenote_active":false,"_monsterinsights_sitenote_note":"","_monsterinsights_sitenote_category":0,"footnotes":""},"class_list":["post-188","page","type-page","status-publish","hentry"],"_links":{"self":[{"href":"https:\/\/bibliotecas.unileon.es\/veterinaria\/wp-json\/wp\/v2\/pages\/188","targetHints":{"allow":["GET"]}}],"collection":[{"href":"https:\/\/bibliotecas.unileon.es\/veterinaria\/wp-json\/wp\/v2\/pages"}],"about":[{"href":"https:\/\/bibliotecas.unileon.es\/veterinaria\/wp-json\/wp\/v2\/types\/page"}],"author":[{"embeddable":true,"href":"https:\/\/bibliotecas.unileon.es\/veterinaria\/wp-json\/wp\/v2\/users\/66"}],"replies":[{"embeddable":true,"href":"https:\/\/bibliotecas.unileon.es\/veterinaria\/wp-json\/wp\/v2\/comments?post=188"}],"version-history":[{"count":20,"href":"https:\/\/bibliotecas.unileon.es\/veterinaria\/wp-json\/wp\/v2\/pages\/188\/revisions"}],"predecessor-version":[{"id":1639,"href":"https:\/\/bibliotecas.unileon.es\/veterinaria\/wp-json\/wp\/v2\/pages\/188\/revisions\/1639"}],"wp:attachment":[{"href":"https:\/\/bibliotecas.unileon.es\/veterinaria\/wp-json\/wp\/v2\/media?parent=188"}],"curies":[{"name":"wp","href":"https:\/\/api.w.org\/{rel}","templated":true}]}}