{"id":193,"date":"2013-04-30T11:59:20","date_gmt":"2013-04-30T09:59:20","guid":{"rendered":"http:\/\/bibliotecas.unileon.es\/veterinaria\/?page_id=193"},"modified":"2021-01-28T20:55:29","modified_gmt":"2021-01-28T18:55:29","slug":"tecnologia-de-alimentos","status":"publish","type":"page","link":"https:\/\/bibliotecas.unileon.es\/veterinaria\/tecnologia-de-alimentos\/","title":{"rendered":"Tecnolog\u00eda de Alimentos"},"content":{"rendered":"<p><span style=\"color: #000000;\"><strong><br \/>\n<span style=\"color: #333399;\">OBRAS DE REFERENCIA<\/span><\/strong><\/span><\/p>\n<p><span style=\"color: #333399;\"><strong>&#8212; Directorios<\/strong><\/span><\/p>\n<ul>\n<li><span style=\"color: #333399;\"><a style=\"color: #333399;\" title=\"Biblioteca\" href=\"https:\/\/www.directorio-de-alimentacion.com\/\" target=\"_blank\" rel=\"noopener noreferrer\">Directorio de Alimentaci\u00f3n<\/a><\/span><\/li>\n<li><span style=\"color: #333399;\"><a style=\"color: #333399;\" title=\"Biblioteca\" href=\"http:\/\/milksci.unizar.es\/\" target=\"_blank\" rel=\"noopener noreferrer\">Milk Science.<\/a><\/span><\/li>\n<\/ul>\n<p><span style=\"color: #333399;\"><strong>&#8212; Diccionarios y glosarios<\/strong><\/span><\/p>\n<ul>\n<li><span style=\"color: #333399;\"><a style=\"color: #333399;\" title=\"Biblioteca\" href=\"https:\/\/www.tecnoalimen.com\/glosario\" target=\"_blank\" rel=\"noopener noreferrer\">Glosario de la Industria de Alimentos<\/a><\/span><\/li>\n<li><span style=\"color: #333399;\"><a style=\"color: #333399;\" title=\"Biblioteca\" href=\"http:\/\/www.nutritiondata.com\/help\/glossary\" target=\"_blank\" rel=\"noopener noreferrer\">Nutritiondata. Glossary<\/a><\/span><\/li>\n<li><span style=\"color: #333399;\"><a style=\"color: #333399;\" title=\"Bibloteca\" href=\"http:\/\/indealbruselas.googlepages.com\/glosalim\" target=\"_blank\" rel=\"noopener noreferrer\">Glosalim<\/a>: Glosario sobre derecho alimentario de la Uni\u00f3n Europea.<\/span><\/li>\n<li><span style=\"color: #333399;\"><a style=\"color: #333399;\" title=\"Biblioteca\" href=\"https:\/\/www.sanitarium.co.nz\/health-nutrition\/nutrition\/nutrition-dictionary\" target=\"_blank\" rel=\"noopener noreferrer\">Nutrition Dictionary.<\/a><\/span><\/li>\n<\/ul>\n<p><span style=\"color: #333399;\"><strong>&#8212; Enciclopedias<\/strong><\/span><\/p>\n<ul>\n<li><span style=\"line-height: 16px; color: #333399;\"><a style=\"color: #333399;\" href=\"http:\/\/www.nlm.nih.gov\/medlineplus\/spanish\/encyclopedia.html\" target=\"_blank\" rel=\"noopener noreferrer\">The A.D.A.M. Medical Encyclopedia<\/a>. Enciclopedia ilustrada de salud en espa\u00f1ol.<br \/>\n<\/span><\/li>\n<li><span style=\"color: #333399;\"><a style=\"color: #333399;\" href=\"https:\/\/www.alimentosdespana.es\/es\/estrategia-alimentos-espana\/gastronomia\/bloc\/default.aspx\" target=\"_blank\" rel=\"noopener noreferrer\">Enciclopedia de los Alimentos.<\/a><\/span><\/li>\n<\/ul>\n<p><span style=\"color: #333399;\"><strong>BASES DE DATOS<\/strong><\/span><\/p>\n<ul>\n<li><span style=\"color: #333399;\"><a style=\"color: #333399;\" href=\"http:\/\/www.cect.org\/\" target=\"_blank\" rel=\"noopener noreferrer\">Cat\u00e1logo de Bacterias, Hongos y Levaduras<\/a> (CECT, Colecci\u00f3n espa\u00f1ola de Cultivos Tipo).<\/span><\/li>\n<li><span style=\"color: #333399;\"><a style=\"color: #333399;\" title=\"Biblioteca\" href=\"http:\/\/faolex.fao.org\/faolex_spa\/index.htm\" target=\"_blank\" rel=\"noopener noreferrer\">FAOLEX<\/a>: Base de datos de la FAO sobre legislaci\u00f3n alimentaria y agr\u00edcola.<\/span><\/li>\n<li><span style=\"color: #333399;\"><a style=\"color: #333399;\" title=\"Biblioteca\" href=\"https:\/\/catoute.unileon.es\/discovery\/fulldisplay?docid=alma991003656549705772&amp;context=L&amp;vid=34BUC_ULE:VU1&amp;lang=es&amp;search_scope=MyInst_and_CI&amp;adaptor=Local%20Search%20Engine&amp;tab=Everything&amp;query=any,contains,FSTA&amp;offset=0\" target=\"_blank\" rel=\"noopener noreferrer\">FSTA<\/a>: Food Science and Technology Abstracts<\/span><\/li>\n<li><span style=\"color: #333399;\"><a style=\"color: #333399;\" href=\"http:\/\/www.fao.org\/food\/food-safety-quality\/scientific-advice\/jecfa\/es\/\" target=\"_blank\" rel=\"noopener noreferrer\">JEFCA<\/a>: Base de datos sobre Aditivos Alimentarios (FAO).<\/span><\/li>\n<li><span style=\"color: #333399;\"><a style=\"color: #333399;\" href=\"https:\/\/www.nal.usda.gov\/fnic\/food-composition\" target=\"_blank\" rel=\"noopener noreferrer\">USDA Food Composition.<\/a><\/span><\/li>\n<\/ul>\n<p><span style=\"color: #333399;\"><strong>RECURSOS WEB EN ABIERTO<\/strong><\/span><\/p>\n<p><span style=\"color: #333399;\"><strong>&#8212; Revistas tem\u00e1ticas Open Access<\/strong><\/span><\/p>\n<ul>\n<li><span style=\"color: #333399;\"><a style=\"color: #333399;\" title=\"Biblioteca\" href=\"http:\/\/www.acenologia.com\/\" target=\"_blank\" rel=\"noopener noreferrer\">ACENOLOG\u00cdA. Revista de Enolog\u00eda Cient\u00edfica y Profesional<\/a><\/span><\/li>\n<li><span style=\"color: #333399;\"><a style=\"color: #333399;\" title=\"Biblioteca\" href=\"https:\/\/www.analesdenutricion.org.ve\/\" target=\"_blank\" rel=\"noopener noreferrer\">Anales Venezolanos de Nutrici\u00f3n.<\/a><\/span><\/li>\n<li><span style=\"color: #333399;\"><a style=\"color: #333399;\" title=\"Biblioteca\" href=\"https:\/\/www.alanrevista.org\/\" target=\"_blank\" rel=\"noopener noreferrer\">Archivos Latinoamericanos de Nutrici\u00f3n.<\/a><\/span><\/li>\n<li><span style=\"color: #333399;\"><a style=\"color: #333399;\" title=\"Biblioteca\" href=\"http:\/\/www.ift.org\/knowledge-center\/read-ift-publications\/comprehensive-reviews-in-food-science-and-food-safety.aspx\" target=\"_blank\" rel=\"noopener noreferrer\">Comprehensive Reviews in Food Science &amp; Food Safety.<\/a><\/span><\/li>\n<li><span style=\"color: #333399;\"><a style=\"color: #333399;\" title=\"Biblioteca\" href=\"http:\/\/www.fao.org\/waicent\/faoinfo\/economic\/giews\/english\/fo\/index.htm\" target=\"_blank\" rel=\"noopener noreferrer\">Food Outlook.<\/a>\u00a0Global Information and Early Warning System.<\/span><\/li>\n<li><span style=\"color: #333399;\"><a style=\"color: #333399;\" title=\"Biblioteca\" href=\"https:\/\/www.scielo.br\/scielo.php?script=sci_issues&amp;pid=0101-2061&amp;lng=es&amp;nrm=iso\" target=\"_blank\" rel=\"noopener noreferrer\">Food Science and Technology.<\/a><\/span><\/li>\n<li><span style=\"color: #333399;\"><a style=\"color: #333399;\" title=\"Biblioteca\" href=\"http:\/\/www.ift.org\/knowledge-center\/read-ift-publications\/journal-of-food-science-education.aspx\" target=\"_blank\" rel=\"noopener noreferrer\">Journal of Food Science Education.<\/a><\/span><\/li>\n<li><span style=\"color: #333399;\"><a style=\"color: #333399;\" title=\"Biblioteca\" href=\"http:\/\/www.pubmedcentral.nih.gov\/tocrender.fcgi?action=archive&amp;journal=128\" target=\"_blank\" rel=\"noopener noreferrer\">Nutrition Journal.<\/a><\/span><\/li>\n<li><span style=\"color: #333399;\"><a style=\"color: #333399;\" title=\"Biblioteca\" href=\"http:\/\/www.scielo.cl\/scielo.php?script=sci_serial&amp;pid=0717-7518&amp;lng=es&amp;nrm=iso\" target=\"_blank\" rel=\"noopener noreferrer\">Revista Chilena de Nutrici\u00f3n.<\/a><\/span><\/li>\n<li><span style=\"color: #333399;\"><a style=\"color: #333399;\" title=\"Biblioteca\" href=\"http:\/\/www.scielo.br\/scielo.php?script=sci_issues&amp;pid=1415-5273&amp;lng=en&amp;nrm=iso\" target=\"_blank\" rel=\"noopener noreferrer\">Revista de Nutri\u00e7ao &#8211; Brazilian Journal of Nutition.<\/a><\/span><\/li>\n<li><span style=\"color: #333399;\"><a style=\"color: #333399;\" href=\"http:\/\/www.fao.org\/publications\/sofi\/en\/\" target=\"_blank\" rel=\"noopener noreferrer\">The State of Food Security and Nutrition in the World.<\/a><\/span><\/li>\n<\/ul>\n<p><span style=\"color: #333399;\"><strong>PORTALES TEM\u00c1TICOS<\/strong><\/span><\/p>\n<ul>\n<li><span style=\"color: #333399;\"><a style=\"color: #333399;\" href=\"https:\/\/www.eatright.org\/\" target=\"_blank\" rel=\"noopener noreferrer\">Academy of Nutrition and Dietetics.<\/a><\/span><\/li>\n<li><span style=\"color: #333399;\"><a style=\"color: #333399;\" href=\"https:\/\/www.adsa.org\/\" target=\"_blank\" rel=\"noopener noreferrer\">ADSA. American Dairy Science Association.<\/a><\/span><\/li>\n<li><span style=\"color: #333399;\"><a style=\"color: #333399;\" href=\"https:\/\/www.aedn.es\/\" target=\"_blank\" rel=\"noopener noreferrer\">AEDN. Asociaci\u00f3n Espa\u00f1ola de Dietistas y Nutricionistas.<\/a><\/span><\/li>\n<li><span style=\"color: #333399;\"><a style=\"color: #333399;\" href=\"http:\/\/www.aecosan.msssi.gob.es\/AECOSAN\/web\/home\/aecosan_inicio.htm\" target=\"_blank\" rel=\"noopener noreferrer\">AESAN. Agencia Espa\u00f1ola de Seguridad Alimentaria y Nutrici\u00f3n.<\/a><\/span><\/li>\n<li><span style=\"color: #333399;\"><a style=\"color: #333399;\" href=\"https:\/\/www.ainia.es\/ainia\/sobre-ainia\/quienes-somos-ainia-tecnologico\/\" target=\"_blank\" rel=\"noopener noreferrer\">AINIA. Instituto Tecnol\u00f3gico Alimentario.<\/a><\/span><\/li>\n<li><span style=\"color: #333399;\"><a style=\"color: #333399;\" title=\"Biblioteca\" href=\"http:\/\/www.alimentatec.com\/\" target=\"_blank\" rel=\"noopener noreferrer\">Alimentatec. Portal de tecnolog\u00edas alimentarias.<\/a><\/span><\/li>\n<li><a href=\"https:\/\/www.alimentosdespana.es\/es\/\" target=\"_blank\" rel=\"noopener\">Alimentos de Espa\u00f1a<\/a><\/li>\n<li><span style=\"color: #333399;\"><a style=\"color: #333399;\" href=\"http:\/\/www.fao.org\/fao-who-codexalimentarius\/home\/es\/\" target=\"_blank\" rel=\"noopener noreferrer\">Codex Alimentarius.<\/a><\/span><\/li>\n<li><span style=\"color: #333399;\"><a style=\"color: #333399;\" href=\"https:\/\/www.eufic.org\/es\/\" target=\"_blank\" rel=\"noopener noreferrer\">EUFIC. European Food Information Council.<\/a><\/span><\/li>\n<li><span style=\"color: #333399;\"><a style=\"color: #333399;\" href=\"http:\/\/www.fao.org\/economic\/esa\/es\/#.UuD_KdK0o_4\" target=\"_blank\" rel=\"noopener noreferrer\">FAO. Agricultural Development Economics<\/a>.<\/span><\/li>\n<li><span style=\"color: #333399;\"><a style=\"color: #333399;\" href=\"https:\/\/www.fda.gov\/\" target=\"_blank\" rel=\"noopener noreferrer\">Food and Drug Administration.<\/a><\/span><\/li>\n<li><span style=\"color: #333399;\"><a style=\"color: #333399;\" href=\"http:\/\/www.forointeralimentario.org\/v_portal\/apartados\/apartado.asp\" target=\"_blank\" rel=\"noopener noreferrer\">Foro Interalimentario.<\/a><\/span><\/li>\n<li><span style=\"color: #333399;\"><a style=\"color: #333399;\" href=\"https:\/\/dietamediterranea.com\/\" target=\"_blank\" rel=\"noopener noreferrer\">Fundaci\u00f3n Dieta Mediterr\u00e1nea.<\/a><\/span><\/li>\n<li><span style=\"color: #333399;\"><a style=\"color: #333399;\" href=\"http:\/\/fiab.es\/\" target=\"_blank\" rel=\"noopener noreferrer\">FIAB. Federaci\u00f3n Espa\u00f1ola de Industrias de la Alimentaci\u00f3n y Bebidas.<\/a><\/span><\/li>\n<li><span style=\"color: #333399;\"><a style=\"color: #333399;\" href=\"https:\/\/www.nal.usda.gov\/fnic\" target=\"_blank\" rel=\"noopener noreferrer\">Food and Nutrition Information Center.<\/a><\/span><\/li>\n<li><span style=\"color: #333399;\"><a style=\"color: #333399;\" href=\"https:\/\/www.nal.usda.gov\/main\/\" target=\"_blank\" rel=\"noopener noreferrer\">Food Safety Information Center. National Agricultural Library.<\/a><\/span><\/li>\n<li><span style=\"color: #333399;\"><a style=\"color: #333399;\" href=\"http:\/\/www.foodprotection.org\/\" target=\"_blank\" rel=\"noopener noreferrer\">IAFP. International Association for Food Protection.<\/a><\/span><\/li>\n<li><span style=\"color: #333399;\"><a style=\"color: #333399;\" href=\"http:\/\/icafood.eu\/\" target=\"_blank\" rel=\"noopener noreferrer\">ICAF. International Commision on the Anthropology of Food and Nutrition.<\/a><\/span><\/li>\n<li><span style=\"color: #333399;\"><a style=\"color: #333399;\" href=\"https:\/\/www.ift.org\/\" target=\"_blank\" rel=\"noopener noreferrer\">IFT. Institute of Food Technologists.<\/a><\/span><\/li>\n<li><span style=\"color: #333399;\"><a style=\"color: #333399;\" href=\"http:\/\/www.inia.es\/IniaPortal\/verPresentacion.action\" target=\"_blank\" rel=\"noopener noreferrer\">INIA. Instituto Nacional de Investigaci\u00f3n y Tecnolog\u00eda Agraria y Alimentaria.<\/a><\/span><\/li>\n<li><span style=\"color: #333399;\"><a style=\"color: #333399;\" href=\"http:\/\/www.empresa.nestle.es\/es\/cvc\" target=\"_blank\" rel=\"noopener noreferrer\">Nestl\u00e9. Creaci\u00f3n de valor compartido<\/a><\/span><\/li>\n<li><span style=\"color: #333399;\"><a style=\"color: #333399;\" title=\"Biblioteca\" href=\"https:\/\/www.saludcastillayleon.es\/profesionales\/es\/seguridad-alimentaria\" target=\"_blank\" rel=\"noopener noreferrer\">Seguridad Alimentaria. Junta de Castilla y Le\u00f3n.<\/a><\/span><\/li>\n<li><span style=\"color: #333399;\"><a style=\"color: #333399;\" href=\"https:\/\/www.mscbs.gob.es\/servCiudadanos\/consumo\/home.htm\" target=\"_blank\" rel=\"noopener noreferrer\">Servicios de informaci\u00f3n sobre consumo.<\/a><\/span><\/li>\n<li><span style=\"color: #333399;\"><a style=\"color: #333399;\" href=\"https:\/\/quadram.ac.uk\/\" target=\"_blank\" rel=\"noopener noreferrer\">Quadram Institute Bioscience.<\/a><\/span><\/li>\n<li><span style=\"color: #333399;\"><a style=\"color: #333399;\" title=\"Biblioteca\" href=\"http:\/\/www.who.int\/nutrition\/en\/\" target=\"_blank\" rel=\"noopener noreferrer\">Who Nutrition and Food Safety<\/a><\/span><\/li>\n<\/ul>\n<p><span style=\"color: #333399;\"><strong>LISTAS DE DISTRIBUCI\u00d3N<\/strong><\/span><\/p>\n<ul>\n<li><span style=\"color: #333399;\"><a style=\"color: #333399;\" title=\"Biblioteca\" href=\"http:\/\/www.rediris.es\/list\/info\/cytali.html\" target=\"_blank\" rel=\"noopener noreferrer\">CYTALI<\/a>: Ciencia y tecnolog\u00eda de Alimentos.<\/span><\/li>\n<li><span style=\"color: #333399;\"><a style=\"color: #333399;\" title=\"Biblioteca\" href=\"http:\/\/www.rediris.es\/list\/info\/panaligon.html\" target=\"_blank\" rel=\"noopener noreferrer\">Panaligon<\/a>: Profesionales relacionados con la alimentaci\u00f3n.<\/span><\/li>\n<li><span style=\"color: #333399;\"><a style=\"color: #333399;\" title=\"Biblioteca\" href=\"http:\/\/www.rediris.es\/list\/info\/tecnolac.html\" target=\"_blank\" rel=\"noopener noreferrer\">Tecnolac<\/a>: Tecnolog\u00eda de la leche y productos l\u00e1cteos.<\/span><\/li>\n<li><span style=\"color: #333399;\"><a style=\"color: #333399;\" title=\"Biblioteca\" href=\"http:\/\/www.rediris.es\/list\/info\/toxicol.html\" target=\"_blank\" rel=\"noopener noreferrer\">TOXICOL<\/a>: Foro multidisciplinar sobre Toxicolog\u00eda.<\/span><\/li>\n<\/ul>\n<p>Fecha de actualizaci\u00f3n: Enero de 2021.<\/p>\n","protected":false},"excerpt":{"rendered":"<p>OBRAS DE REFERENCIA &#8212; Directorios Directorio de Alimentaci\u00f3n Milk Science. &#8212; Diccionarios y glosarios Glosario de la Industria de Alimentos Nutritiondata. Glossary Glosalim: Glosario sobre derecho alimentario de la Uni\u00f3n Europea. Nutrition Dictionary. &#8212; Enciclopedias The A.D.A.M. Medical Encyclopedia. Enciclopedia &hellip; <a href=\"https:\/\/bibliotecas.unileon.es\/veterinaria\/tecnologia-de-alimentos\/\">Sigue leyendo <span class=\"meta-nav\">&rarr;<\/span><\/a><\/p>\n","protected":false},"author":66,"featured_media":0,"parent":0,"menu_order":0,"comment_status":"open","ping_status":"open","template":"","meta":{"_bbp_topic_count":0,"_bbp_reply_count":0,"_bbp_total_topic_count":0,"_bbp_total_reply_count":0,"_bbp_voice_count":0,"_bbp_anonymous_reply_count":0,"_bbp_topic_count_hidden":0,"_bbp_reply_count_hidden":0,"_bbp_forum_subforum_count":0,"_monsterinsights_skip_tracking":false,"_monsterinsights_sitenote_active":false,"_monsterinsights_sitenote_note":"","_monsterinsights_sitenote_category":0,"footnotes":""},"class_list":["post-193","page","type-page","status-publish","hentry"],"_links":{"self":[{"href":"https:\/\/bibliotecas.unileon.es\/veterinaria\/wp-json\/wp\/v2\/pages\/193","targetHints":{"allow":["GET"]}}],"collection":[{"href":"https:\/\/bibliotecas.unileon.es\/veterinaria\/wp-json\/wp\/v2\/pages"}],"about":[{"href":"https:\/\/bibliotecas.unileon.es\/veterinaria\/wp-json\/wp\/v2\/types\/page"}],"author":[{"embeddable":true,"href":"https:\/\/bibliotecas.unileon.es\/veterinaria\/wp-json\/wp\/v2\/users\/66"}],"replies":[{"embeddable":true,"href":"https:\/\/bibliotecas.unileon.es\/veterinaria\/wp-json\/wp\/v2\/comments?post=193"}],"version-history":[{"count":20,"href":"https:\/\/bibliotecas.unileon.es\/veterinaria\/wp-json\/wp\/v2\/pages\/193\/revisions"}],"predecessor-version":[{"id":1692,"href":"https:\/\/bibliotecas.unileon.es\/veterinaria\/wp-json\/wp\/v2\/pages\/193\/revisions\/1692"}],"wp:attachment":[{"href":"https:\/\/bibliotecas.unileon.es\/veterinaria\/wp-json\/wp\/v2\/media?parent=193"}],"curies":[{"name":"wp","href":"https:\/\/api.w.org\/{rel}","templated":true}]}}