{"id":353,"date":"2013-09-09T09:16:20","date_gmt":"2013-09-09T07:16:20","guid":{"rendered":"http:\/\/bibliotecas.unileon.es\/veterinaria\/?page_id=353"},"modified":"2020-01-14T12:49:39","modified_gmt":"2020-01-14T10:49:39","slug":"normas-e-instrucciones-para-imprimir","status":"publish","type":"page","link":"https:\/\/bibliotecas.unileon.es\/veterinaria\/normas-e-instrucciones-para-imprimir\/","title":{"rendered":"Normas e instrucciones para imprimir"},"content":{"rendered":"<p>Las <strong>normas e instrucciones<\/strong> que aparecen a continuaci\u00f3n, se encuentran tambi\u00e9n en el mostrador de Informaci\u00f3n. Sin embargo, pueden descargarse e imprimirse si as\u00ed se desea.<\/p>\n<p><a href=\"http:\/\/bibliotecas.unileon.es\/veterinaria\/files\/2013\/09\/Gu\u00eda-general-de-la-Biblioteca-2013.pdf\" class=\"mtli_attachment mtli_pdf\">Gu\u00eda general de la Biblioteca<\/a>, con\u00a0informaci\u00f3n sobre instalaciones, colecciones y servicios.<\/p>\n<p><a href=\"http:\/\/bibliotecas.unileon.es\/veterinaria\/files\/2013\/09\/guia-recursos-electr\u00f3nicos-VETER.pdf\" class=\"mtli_attachment mtli_pdf\">Guia de recursos electr\u00f3nicos<\/a>,\u00a0con informaci\u00f3n sobre revistas electr\u00f3nicas y bases de datos suscritas por la Biblioteca Universitaria, de inter\u00e9s para la veterinaria y la tecnolog\u00eda de alimentos.<a href=\"http:\/\/bibliotecas.unileon.es\/veterinaria\/files\/2013\/09\/nuevo-triptico-alumnos-2013.pdf\" class=\"mtli_attachment mtli_pdf\"><br \/>\n<\/a><\/p>\n<p>&nbsp;<\/p>\n","protected":false},"excerpt":{"rendered":"<p>Las normas e instrucciones que aparecen a continuaci\u00f3n, se encuentran tambi\u00e9n en el mostrador de Informaci\u00f3n. Sin embargo, pueden descargarse e imprimirse si as\u00ed se desea. Gu\u00eda general de la Biblioteca, con\u00a0informaci\u00f3n sobre instalaciones, colecciones y servicios. Guia de recursos &hellip; <a href=\"https:\/\/bibliotecas.unileon.es\/veterinaria\/normas-e-instrucciones-para-imprimir\/\">Sigue leyendo <span class=\"meta-nav\">&rarr;<\/span><\/a><\/p>\n","protected":false},"author":69,"featured_media":0,"parent":0,"menu_order":0,"comment_status":"open","ping_status":"open","template":"","meta":{"_bbp_topic_count":0,"_bbp_reply_count":0,"_bbp_total_topic_count":0,"_bbp_total_reply_count":0,"_bbp_voice_count":0,"_bbp_anonymous_reply_count":0,"_bbp_topic_count_hidden":0,"_bbp_reply_count_hidden":0,"_bbp_forum_subforum_count":0,"_monsterinsights_skip_tracking":false,"_monsterinsights_sitenote_active":false,"_monsterinsights_sitenote_note":"","_monsterinsights_sitenote_category":0,"footnotes":""},"class_list":["post-353","page","type-page","status-publish","hentry"],"_links":{"self":[{"href":"https:\/\/bibliotecas.unileon.es\/veterinaria\/wp-json\/wp\/v2\/pages\/353","targetHints":{"allow":["GET"]}}],"collection":[{"href":"https:\/\/bibliotecas.unileon.es\/veterinaria\/wp-json\/wp\/v2\/pages"}],"about":[{"href":"https:\/\/bibliotecas.unileon.es\/veterinaria\/wp-json\/wp\/v2\/types\/page"}],"author":[{"embeddable":true,"href":"https:\/\/bibliotecas.unileon.es\/veterinaria\/wp-json\/wp\/v2\/users\/69"}],"replies":[{"embeddable":true,"href":"https:\/\/bibliotecas.unileon.es\/veterinaria\/wp-json\/wp\/v2\/comments?post=353"}],"version-history":[{"count":9,"href":"https:\/\/bibliotecas.unileon.es\/veterinaria\/wp-json\/wp\/v2\/pages\/353\/revisions"}],"predecessor-version":[{"id":1522,"href":"https:\/\/bibliotecas.unileon.es\/veterinaria\/wp-json\/wp\/v2\/pages\/353\/revisions\/1522"}],"wp:attachment":[{"href":"https:\/\/bibliotecas.unileon.es\/veterinaria\/wp-json\/wp\/v2\/media?parent=353"}],"curies":[{"name":"wp","href":"https:\/\/api.w.org\/{rel}","templated":true}]}}